{"id":285518,"date":"2025-10-09T17:17:28","date_gmt":"2025-10-09T17:17:28","guid":{"rendered":"https:\/\/fashiongold.lt\/papuosalas\/klassikaline-abielusormus-ilma-teemandita-luksus\/"},"modified":"2025-10-09T17:17:28","modified_gmt":"2025-10-09T17:17:28","slug":"klassikaline-abielusormus-ilma-teemandita-luksus","status":"publish","type":"product","link":"https:\/\/fashiongold.lt\/et\/papuosalas\/klassikaline-abielusormus-ilma-teemandita-luksus\/","title":{"rendered":"Klassikaline abielus\u00f5rmus ilma teemandita \u2013 Luksus"},"content":{"rendered":"<p>\u201eGerstner\u201c, 150-aastase kogemusega Saksa abielus\u00f5rmuste tootja, pakub k\u00f5rgeima kvaliteediga s\u00f5rmuseid. V\u00f5rratu iluga abielus\u00f5rmused on eksklusiivse stiiliga, kvaliteetsed ja mugavustsooniga. Suurep\u00e4rane valik, mis peegeldab teie armastuslugu. Nende tehnoloogia on eriline \u2013 abielus\u00f5rmused on valmistatud karastatud kullast, mis on vastupidav mikrom\u00f5radele, ei sisalda niklit ja kriimustub v\u00e4hem. S\u00f5rmust saab valmistada eritellimusel: punasest, kollasest ja valgest kullast, lisatasu eest erineva laiusega v\u00f5i teemantidega.<\/p>\n<p>\u2022 S\u00f5rmuse kuld: 14 K (proov 585), saame valmistada ka 10K (proov 375), 18K (proov 750), Pt600, Pt950 <\/p>\n<p>\u2022 S\u00f5rmuse v\u00e4rvus: valida saab valge, kollase ja punase kulla vahel v\u00f5i muud v\u00e4rvi servadega. <\/p>\n<p>\u2022 S\u00f5rmustepaari kaal (s\u00f5ltub suurusest ja proovist): vastavalt faktilisele kaalule <\/p>\n<p>\u2022 S\u00f5rmuse m\u00f5\u00f5tmed: laius 4,5 mm, k\u00f5rgus 2,5 mm (muudetav) <\/p>\n<p>\u2022 S\u00f5rmuse mugavustsoon: olemas <\/p>\n<p>\u2022 Teemandi t\u00fc\u00fcp: puudub (muudetav) <\/p>\n<p>\u2022 Teemandi kuju: puudub (muudetav) <\/p>\n<p>\u2022 Teemandi omadused: puuduvad (muudetav) <\/p>\n<p>\u2022 Sertifikaat: Leedu Proovikoda (LPR) ja Gerstneri ettev\u00f5tte sertifikaadid <\/p>\n<p>\u2022 Graveerimine tasuta <\/p>\n<p>\u2022 \u00dchekordne tasuta s\u00f5rmuse suuruse muutmise garantii <\/p>\n<p>\u2022 Valmistamis- ja tarneaeg alates 14 t\u00f6\u00f6p\u00e4evast, kiirtellimusena 3 t\u00f6\u00f6p\u00e4evaga <\/p>\n<p><strong>Kas teil on oma kulda? V\u00f5tke meiega \u00fchendust, arvutame hinna \u00fcmber \u2013 maksate vaid s\u00f5rmuste valmistamise eest.<\/strong><\/p>\n","protected":false},"excerpt":{"rendered":"<p>Klassikaline 4,5 mm kullast abielus\u00f5rmus, k\u00e4sit\u00f6\u00f6. Ideaalne valik neile, kes hindavad k\u00f5rget kvaliteeti ja mugavust. Valmistatud Saksamaal ettev\u00f5ttes Gerstner, j\u00e4rgides k\u00f5rgeimaid standardeid. S\u00f5rmuse kuju on nii v\u00e4ljast kui seest tugevalt \u00fcmar, minimaalse mugavustsooniga, pakkudes maksimaalset mugavust igap\u00e4evaseks kandmiseks.<\/p>\n","protected":false},"featured_media":45220,"template":"","meta":{"site-sidebar-layout":"","site-content-layout":"","ast-site-content-layout":"","site-content-style":"","site-sidebar-style":"","ast-global-header-display":"","ast-banner-title-visibility":"","ast-main-header-display":"","ast-hfb-above-header-display":"","ast-hfb-below-header-display":"","ast-hfb-mobile-header-display":"","site-post-title":"","ast-breadcrumbs-content":"","ast-featured-img":"","footer-sml-layout":"","ast-disable-related-posts":"","theme-transparent-header-meta":"","adv-header-id-meta":"","stick-header-meta":"","header-above-stick-meta":"","header-main-stick-meta":"","header-below-stick-meta":"","astra-migrate-meta-layouts":"default","ast-page-background-enabled":"default","ast-page-background-meta":{"desktop":{"background-color":"var(--ast-global-color-4)","background-image":"","background-repeat":"repeat","background-position":"center center","background-size":"auto","background-attachment":"scroll","background-type":"","background-media":"","overlay-type":"","overlay-color":"","overlay-opacity":"","overlay-gradient":""},"tablet":{"background-color":"","background-image":"","background-repeat":"repeat","background-position":"center center","background-size":"auto","background-attachment":"scroll","background-type":"","background-media":"","overlay-type":"","overlay-color":"","overlay-opacity":"","overlay-gradient":""},"mobile":{"background-color":"","background-image":"","background-repeat":"repeat","background-position":"center center","background-size":"auto","background-attachment":"scroll","background-type":"","background-media":"","overlay-type":"","overlay-color":"","overlay-opacity":"","overlay-gradient":""}},"ast-content-background-meta":{"desktop":{"background-color":"var(--ast-global-color-5)","background-image":"","background-repeat":"repeat","background-position":"center center","background-size":"auto","background-attachment":"scroll","background-type":"","background-media":"","overlay-type":"","overlay-color":"","overlay-opacity":"","overlay-gradient":""},"tablet":{"background-color":"var(--ast-global-color-5)","background-image":"","background-repeat":"repeat","background-position":"center center","background-size":"auto","background-attachment":"scroll","background-type":"","background-media":"","overlay-type":"","overlay-color":"","overlay-opacity":"","overlay-gradient":""},"mobile":{"background-color":"var(--ast-global-color-5)","background-image":"","background-repeat":"repeat","background-position":"center center","background-size":"auto","background-attachment":"scroll","background-type":"","background-media":"","overlay-type":"","overlay-color":"","overlay-opacity":"","overlay-gradient":""}}},"product_brand":[],"product_cat":[3594,3593,3838,3768,3807],"product_tag":[],"class_list":{"0":"post-285518","1":"product","2":"type-product","3":"status-publish","4":"has-post-thumbnail","6":"product_cat-abielusormused","7":"product_cat-klassikalised-abielusormused","8":"product_cat-kollasest-kullast-abielusormused","9":"product_cat-meeste-abielusormused","10":"product_cat-saksa-abielusormused-gerstner","11":"desktop-align-center","12":"tablet-align-left","13":"mobile-align-left","14":"ast-product-gallery-layout-horizontal-slider","15":"ast-product-gallery-with-no-image","16":"ast-product-single-variable","17":"ast-product-tabs-layout-accordion","18":"ast-qv-on-image","20":"first","21":"instock","22":"taxable","23":"shipping-taxable","24":"purchasable","25":"product-type-variable"},"yoast_head":"<!-- This site is optimized with the Yoast SEO plugin v26.6 - https:\/\/yoast.com\/wordpress\/plugins\/seo\/ -->\n<title>Klassikaline abielus\u00f5rmus ilma teemandita - Luksus I FashionGold.lt<\/title>\n<meta name=\"description\" content=\"Klassikaline 4,5 mm kullast abielus\u00f5rmus, k\u00e4sit\u00f6\u00f6. Valmistatud Saksamaal Gerstneri ettev\u00f5ttes, j\u00e4rgides k\u00f5rgeimaid standardeid. Tasuta tarne.\" \/>\n<meta name=\"robots\" content=\"index, follow, max-snippet:-1, max-image-preview:large, max-video-preview:-1\" \/>\n<link rel=\"canonical\" href=\"https:\/\/fashiongold.lt\/et\/papuosalas\/klassikaline-abielusormus-ilma-teemandita-luksus\/\" \/>\n<meta property=\"og:locale\" content=\"et_EE\" \/>\n<meta property=\"og:type\" content=\"article\" \/>\n<meta property=\"og:title\" content=\"Klassikaline abielus\u00f5rmus ilma teemandita - Luksus I FashionGold.lt\" \/>\n<meta property=\"og:description\" content=\"Klassikaline 4,5 mm kullast abielus\u00f5rmus, k\u00e4sit\u00f6\u00f6. Valmistatud Saksamaal Gerstneri ettev\u00f5ttes, j\u00e4rgides k\u00f5rgeimaid standardeid. Tasuta tarne.\" \/>\n<meta property=\"og:url\" content=\"https:\/\/fashiongold.lt\/et\/papuosalas\/klassikaline-abielusormus-ilma-teemandita-luksus\/\" \/>\n<meta property=\"og:site_name\" content=\"FashionGold.lt\" \/>\n<meta property=\"og:image\" content=\"https:\/\/fashiongold.lt\/wp-content\/uploads\/2025\/10\/579-20e-Klasikinis-vestuvinis-ziedas-be-deimanto-Prabanga.webp\" \/>\n\t<meta property=\"og:image:width\" content=\"800\" \/>\n\t<meta property=\"og:image:height\" content=\"760\" \/>\n\t<meta property=\"og:image:type\" content=\"image\/jpeg\" \/>\n<meta name=\"twitter:card\" content=\"summary_large_image\" \/>\n<meta name=\"twitter:label1\" content=\"Est. reading time\" \/>\n\t<meta name=\"twitter:data1\" content=\"1 minut\" \/>\n<script type=\"application\/ld+json\" class=\"yoast-schema-graph\">{\"@context\":\"https:\/\/schema.org\",\"@graph\":[{\"@type\":\"WebPage\",\"@id\":\"https:\/\/fashiongold.lt\/et\/papuosalas\/klassikaline-abielusormus-ilma-teemandita-luksus\/\",\"url\":\"https:\/\/fashiongold.lt\/et\/papuosalas\/klassikaline-abielusormus-ilma-teemandita-luksus\/\",\"name\":\"Klassikaline abielus\u00f5rmus ilma teemandita - Luksus I FashionGold.lt\",\"isPartOf\":{\"@id\":\"https:\/\/fashiongold.lt\/et\/#website\"},\"primaryImageOfPage\":{\"@id\":\"https:\/\/fashiongold.lt\/et\/papuosalas\/klassikaline-abielusormus-ilma-teemandita-luksus\/#primaryimage\"},\"image\":{\"@id\":\"https:\/\/fashiongold.lt\/et\/papuosalas\/klassikaline-abielusormus-ilma-teemandita-luksus\/#primaryimage\"},\"thumbnailUrl\":\"https:\/\/fashiongold.lt\/wp-content\/uploads\/2025\/10\/579-20e-Klasikinis-vestuvinis-ziedas-be-deimanto-Prabanga.jpg\",\"datePublished\":\"2025-10-09T17:17:28+00:00\",\"description\":\"Klassikaline 4,5 mm kullast abielus\u00f5rmus, k\u00e4sit\u00f6\u00f6. Valmistatud Saksamaal Gerstneri ettev\u00f5ttes, j\u00e4rgides k\u00f5rgeimaid standardeid. Tasuta tarne.\",\"breadcrumb\":{\"@id\":\"https:\/\/fashiongold.lt\/et\/papuosalas\/klassikaline-abielusormus-ilma-teemandita-luksus\/#breadcrumb\"},\"inLanguage\":\"et\",\"potentialAction\":[{\"@type\":\"ReadAction\",\"target\":[\"https:\/\/fashiongold.lt\/et\/papuosalas\/klassikaline-abielusormus-ilma-teemandita-luksus\/\"]}]},{\"@type\":\"ImageObject\",\"inLanguage\":\"et\",\"@id\":\"https:\/\/fashiongold.lt\/et\/papuosalas\/klassikaline-abielusormus-ilma-teemandita-luksus\/#primaryimage\",\"url\":\"https:\/\/fashiongold.lt\/wp-content\/uploads\/2025\/10\/579-20e-Klasikinis-vestuvinis-ziedas-be-deimanto-Prabanga.jpg\",\"contentUrl\":\"https:\/\/fashiongold.lt\/wp-content\/uploads\/2025\/10\/579-20e-Klasikinis-vestuvinis-ziedas-be-deimanto-Prabanga.jpg\",\"width\":800,\"height\":760},{\"@type\":\"BreadcrumbList\",\"@id\":\"https:\/\/fashiongold.lt\/et\/papuosalas\/klassikaline-abielusormus-ilma-teemandita-luksus\/#breadcrumb\",\"itemListElement\":[{\"@type\":\"ListItem\",\"position\":1,\"name\":\"Home\",\"item\":\"https:\/\/fashiongold.lt\/et\/\"},{\"@type\":\"ListItem\",\"position\":2,\"name\":\"Teemantide pood Fashiongold.lt\",\"item\":\"https:\/\/fashiongold.lt\/shop-2\/\"},{\"@type\":\"ListItem\",\"position\":3,\"name\":\"Klassikaline abielus\u00f5rmus ilma teemandita \u2013 Luksus\"}]},{\"@type\":\"WebSite\",\"@id\":\"https:\/\/fashiongold.lt\/et\/#website\",\"url\":\"https:\/\/fashiongold.lt\/et\/\",\"name\":\"Fashion Gold\",\"description\":\"Juvelyrikos namai\",\"publisher\":{\"@id\":\"https:\/\/fashiongold.lt\/et\/#organization\"},\"potentialAction\":[{\"@type\":\"SearchAction\",\"target\":{\"@type\":\"EntryPoint\",\"urlTemplate\":\"https:\/\/fashiongold.lt\/et\/?s={search_term_string}\"},\"query-input\":{\"@type\":\"PropertyValueSpecification\",\"valueRequired\":true,\"valueName\":\"search_term_string\"}}],\"inLanguage\":\"et\"},{\"@type\":\"Organization\",\"@id\":\"https:\/\/fashiongold.lt\/et\/#organization\",\"name\":\"Topdiamonds Online\",\"url\":\"https:\/\/fashiongold.lt\/et\/\",\"logo\":{\"@type\":\"ImageObject\",\"inLanguage\":\"et\",\"@id\":\"https:\/\/fashiongold.lt\/et\/#\/schema\/logo\/image\/\",\"url\":\"https:\/\/fashiongold.lt\/wp-content\/uploads\/2025\/04\/cropped-fashion_gold_logotipas2-scaled-1.png\",\"contentUrl\":\"https:\/\/fashiongold.lt\/wp-content\/uploads\/2025\/04\/cropped-fashion_gold_logotipas2-scaled-1.png\",\"width\":2559,\"height\":421,\"caption\":\"Topdiamonds Online\"},\"image\":{\"@id\":\"https:\/\/fashiongold.lt\/et\/#\/schema\/logo\/image\/\"}}]}<\/script>\n<!-- \/ Yoast SEO plugin. -->","yoast_head_json":{"title":"Klassikaline abielus\u00f5rmus ilma teemandita - Luksus I FashionGold.lt","description":"Klassikaline 4,5 mm kullast abielus\u00f5rmus, k\u00e4sit\u00f6\u00f6. Valmistatud Saksamaal Gerstneri ettev\u00f5ttes, j\u00e4rgides k\u00f5rgeimaid standardeid. Tasuta tarne.","robots":{"index":"index","follow":"follow","max-snippet":"max-snippet:-1","max-image-preview":"max-image-preview:large","max-video-preview":"max-video-preview:-1"},"canonical":"https:\/\/fashiongold.lt\/et\/papuosalas\/klassikaline-abielusormus-ilma-teemandita-luksus\/","og_locale":"et_EE","og_type":"article","og_title":"Klassikaline abielus\u00f5rmus ilma teemandita - Luksus I FashionGold.lt","og_description":"Klassikaline 4,5 mm kullast abielus\u00f5rmus, k\u00e4sit\u00f6\u00f6. Valmistatud Saksamaal Gerstneri ettev\u00f5ttes, j\u00e4rgides k\u00f5rgeimaid standardeid. Tasuta tarne.","og_url":"https:\/\/fashiongold.lt\/et\/papuosalas\/klassikaline-abielusormus-ilma-teemandita-luksus\/","og_site_name":"FashionGold.lt","og_image":[{"width":800,"height":760,"url":"https:\/\/fashiongold.lt\/wp-content\/uploads\/2025\/10\/579-20e-Klasikinis-vestuvinis-ziedas-be-deimanto-Prabanga.webp","type":"image\/jpeg"}],"twitter_card":"summary_large_image","twitter_misc":{"Est. reading time":"1 minut"},"schema":{"@context":"https:\/\/schema.org","@graph":[{"@type":"WebPage","@id":"https:\/\/fashiongold.lt\/et\/papuosalas\/klassikaline-abielusormus-ilma-teemandita-luksus\/","url":"https:\/\/fashiongold.lt\/et\/papuosalas\/klassikaline-abielusormus-ilma-teemandita-luksus\/","name":"Klassikaline abielus\u00f5rmus ilma teemandita - Luksus I FashionGold.lt","isPartOf":{"@id":"https:\/\/fashiongold.lt\/et\/#website"},"primaryImageOfPage":{"@id":"https:\/\/fashiongold.lt\/et\/papuosalas\/klassikaline-abielusormus-ilma-teemandita-luksus\/#primaryimage"},"image":{"@id":"https:\/\/fashiongold.lt\/et\/papuosalas\/klassikaline-abielusormus-ilma-teemandita-luksus\/#primaryimage"},"thumbnailUrl":"https:\/\/fashiongold.lt\/wp-content\/uploads\/2025\/10\/579-20e-Klasikinis-vestuvinis-ziedas-be-deimanto-Prabanga.jpg","datePublished":"2025-10-09T17:17:28+00:00","description":"Klassikaline 4,5 mm kullast abielus\u00f5rmus, k\u00e4sit\u00f6\u00f6. Valmistatud Saksamaal Gerstneri ettev\u00f5ttes, j\u00e4rgides k\u00f5rgeimaid standardeid. Tasuta tarne.","breadcrumb":{"@id":"https:\/\/fashiongold.lt\/et\/papuosalas\/klassikaline-abielusormus-ilma-teemandita-luksus\/#breadcrumb"},"inLanguage":"et","potentialAction":[{"@type":"ReadAction","target":["https:\/\/fashiongold.lt\/et\/papuosalas\/klassikaline-abielusormus-ilma-teemandita-luksus\/"]}]},{"@type":"ImageObject","inLanguage":"et","@id":"https:\/\/fashiongold.lt\/et\/papuosalas\/klassikaline-abielusormus-ilma-teemandita-luksus\/#primaryimage","url":"https:\/\/fashiongold.lt\/wp-content\/uploads\/2025\/10\/579-20e-Klasikinis-vestuvinis-ziedas-be-deimanto-Prabanga.jpg","contentUrl":"https:\/\/fashiongold.lt\/wp-content\/uploads\/2025\/10\/579-20e-Klasikinis-vestuvinis-ziedas-be-deimanto-Prabanga.jpg","width":800,"height":760},{"@type":"BreadcrumbList","@id":"https:\/\/fashiongold.lt\/et\/papuosalas\/klassikaline-abielusormus-ilma-teemandita-luksus\/#breadcrumb","itemListElement":[{"@type":"ListItem","position":1,"name":"Home","item":"https:\/\/fashiongold.lt\/et\/"},{"@type":"ListItem","position":2,"name":"Teemantide pood Fashiongold.lt","item":"https:\/\/fashiongold.lt\/shop-2\/"},{"@type":"ListItem","position":3,"name":"Klassikaline abielus\u00f5rmus ilma teemandita \u2013 Luksus"}]},{"@type":"WebSite","@id":"https:\/\/fashiongold.lt\/et\/#website","url":"https:\/\/fashiongold.lt\/et\/","name":"Fashion Gold","description":"Juvelyrikos namai","publisher":{"@id":"https:\/\/fashiongold.lt\/et\/#organization"},"potentialAction":[{"@type":"SearchAction","target":{"@type":"EntryPoint","urlTemplate":"https:\/\/fashiongold.lt\/et\/?s={search_term_string}"},"query-input":{"@type":"PropertyValueSpecification","valueRequired":true,"valueName":"search_term_string"}}],"inLanguage":"et"},{"@type":"Organization","@id":"https:\/\/fashiongold.lt\/et\/#organization","name":"Topdiamonds Online","url":"https:\/\/fashiongold.lt\/et\/","logo":{"@type":"ImageObject","inLanguage":"et","@id":"https:\/\/fashiongold.lt\/et\/#\/schema\/logo\/image\/","url":"https:\/\/fashiongold.lt\/wp-content\/uploads\/2025\/04\/cropped-fashion_gold_logotipas2-scaled-1.png","contentUrl":"https:\/\/fashiongold.lt\/wp-content\/uploads\/2025\/04\/cropped-fashion_gold_logotipas2-scaled-1.png","width":2559,"height":421,"caption":"Topdiamonds Online"},"image":{"@id":"https:\/\/fashiongold.lt\/et\/#\/schema\/logo\/image\/"}}]}},"_links":{"self":[{"href":"https:\/\/fashiongold.lt\/et\/wp-json\/wp\/v2\/product\/285518","targetHints":{"allow":["GET"]}}],"collection":[{"href":"https:\/\/fashiongold.lt\/et\/wp-json\/wp\/v2\/product"}],"about":[{"href":"https:\/\/fashiongold.lt\/et\/wp-json\/wp\/v2\/types\/product"}],"version-history":[{"count":0,"href":"https:\/\/fashiongold.lt\/et\/wp-json\/wp\/v2\/product\/285518\/revisions"}],"wp:featuredmedia":[{"embeddable":true,"href":"https:\/\/fashiongold.lt\/et\/wp-json\/wp\/v2\/media\/45220"}],"wp:attachment":[{"href":"https:\/\/fashiongold.lt\/et\/wp-json\/wp\/v2\/media?parent=285518"}],"wp:term":[{"taxonomy":"product_brand","embeddable":true,"href":"https:\/\/fashiongold.lt\/et\/wp-json\/wp\/v2\/product_brand?post=285518"},{"taxonomy":"product_cat","embeddable":true,"href":"https:\/\/fashiongold.lt\/et\/wp-json\/wp\/v2\/product_cat?post=285518"},{"taxonomy":"product_tag","embeddable":true,"href":"https:\/\/fashiongold.lt\/et\/wp-json\/wp\/v2\/product_tag?post=285518"}],"curies":[{"name":"wp","href":"https:\/\/api.w.org\/{rel}","templated":true}]}}