{"id":285776,"date":"2025-10-09T17:08:10","date_gmt":"2025-10-09T17:08:10","guid":{"rendered":"https:\/\/fashiongold.lt\/papuosalas\/teemantsara-klassikalised-valge-kulla-korvarongad-teemantidega-050-ct\/"},"modified":"2025-10-09T17:08:10","modified_gmt":"2025-10-09T17:08:10","slug":"teemantsara-klassikalised-valge-kulla-korvarongad-teemantidega-050-ct","status":"publish","type":"product","link":"https:\/\/fashiongold.lt\/et\/papuosalas\/teemantsara-klassikalised-valge-kulla-korvarongad-teemantidega-050-ct\/","title":{"rendered":"Teemants\u00e4ra \u2013 Klassikalised valge kulla k\u00f5rvar\u00f5ngad teemantidega (0,50 ct)"},"content":{"rendered":"<p>Klassikalised valgest kullast k\u00f5rvar\u00f5ngad teemantidega. Valgest kullast kroon on kaunilt \u00fcmbritsetud valge kullaga, mis r\u00f5hutab teemantide ilu. Need klassikalises stiilis k\u00f5rvar\u00f5ngad muudavad iga hetke s\u00e4ravaks. Suurep\u00e4rane kingiidee s\u00fcnnip\u00e4evaks, j\u00f5uludeks, pulmadeks, ristimiseks ja muudeks erilisteks s\u00fcndmusteks.<\/p>\n<p>Valgest kullast k\u00f5rvar\u00f5ngad ehtsate briljantidega.<\/p>\n<p>Valmistatud 750 prooviga kullast.<\/p>\n<p>K\u00f5rgeima kvaliteediga briljantide kogukaal on 0,50 ct (v\u00e4rvus RW-W, puhtus VS).<\/p>\n<p><span>Kaal: 2,19 g<\/span><\/p>\n<p><span>Vastavalt tellimusele saame valmistada ka muud v\u00e4rvi kullast v\u00f5i teise suurusega teemantidega.\u00a0<\/span><\/p>\n","protected":false},"excerpt":{"rendered":"<p>Klassikalised valgest kullast teemantk\u00f5rvar\u00f5ngad, mida \u00fcmbritseb valgest kullast kroon. R\u00f5hutavad igat hetke. Suurep\u00e4rane kingitus s\u00fcnnip\u00e4evaks, j\u00f5uludeks, pulmadeks ja erilisteks s\u00fcndmusteks.<\/p>\n","protected":false},"featured_media":43537,"template":"","meta":{"site-sidebar-layout":"","site-content-layout":"","ast-site-content-layout":"","site-content-style":"","site-sidebar-style":"","ast-global-header-display":"","ast-banner-title-visibility":"","ast-main-header-display":"","ast-hfb-above-header-display":"","ast-hfb-below-header-display":"","ast-hfb-mobile-header-display":"","site-post-title":"","ast-breadcrumbs-content":"","ast-featured-img":"","footer-sml-layout":"","ast-disable-related-posts":"","theme-transparent-header-meta":"","adv-header-id-meta":"","stick-header-meta":"","header-above-stick-meta":"","header-main-stick-meta":"","header-below-stick-meta":"","astra-migrate-meta-layouts":"default","ast-page-background-enabled":"default","ast-page-background-meta":{"desktop":{"background-color":"var(--ast-global-color-4)","background-image":"","background-repeat":"repeat","background-position":"center center","background-size":"auto","background-attachment":"scroll","background-type":"","background-media":"","overlay-type":"","overlay-color":"","overlay-opacity":"","overlay-gradient":""},"tablet":{"background-color":"","background-image":"","background-repeat":"repeat","background-position":"center center","background-size":"auto","background-attachment":"scroll","background-type":"","background-media":"","overlay-type":"","overlay-color":"","overlay-opacity":"","overlay-gradient":""},"mobile":{"background-color":"","background-image":"","background-repeat":"repeat","background-position":"center center","background-size":"auto","background-attachment":"scroll","background-type":"","background-media":"","overlay-type":"","overlay-color":"","overlay-opacity":"","overlay-gradient":""}},"ast-content-background-meta":{"desktop":{"background-color":"var(--ast-global-color-5)","background-image":"","background-repeat":"repeat","background-position":"center center","background-size":"auto","background-attachment":"scroll","background-type":"","background-media":"","overlay-type":"","overlay-color":"","overlay-opacity":"","overlay-gradient":""},"tablet":{"background-color":"var(--ast-global-color-5)","background-image":"","background-repeat":"repeat","background-position":"center center","background-size":"auto","background-attachment":"scroll","background-type":"","background-media":"","overlay-type":"","overlay-color":"","overlay-opacity":"","overlay-gradient":""},"mobile":{"background-color":"var(--ast-global-color-5)","background-image":"","background-repeat":"repeat","background-position":"center center","background-size":"auto","background-attachment":"scroll","background-type":"","background-media":"","overlay-type":"","overlay-color":"","overlay-opacity":"","overlay-gradient":""}}},"product_brand":[],"product_cat":[3058,2830,2826,2829,2823,2828,2822,2824,3392,2821,3539,2969,3391,2845,2966,2827],"product_tag":[],"class_list":{"0":"post-285776","1":"product","2":"type-product","3":"status-publish","4":"has-post-thumbnail","6":"product_cat-ehted","7":"product_cat-emadepaeva-kingitused","8":"product_cat-joulukingid","9":"product_cat-kingitused-erilisteks-puhkudeks","10":"product_cat-kingitused-lapse-sunni-puhul","11":"product_cat-kingitused-lopetamise-puhul","12":"product_cat-kingitused-naistele","13":"product_cat-kingitused-pulma-aastapaeva-puhul","14":"product_cat-kingitused-pulmade-puhul","15":"product_cat-kingitused-sunnipaevaks","16":"product_cat-korvarongad-tudrukutele-laste-korvarongad","17":"product_cat-naelkorvarongad","18":"product_cat-ristimiskingitused","19":"product_cat-sobrapaeva-kingitused","20":"product_cat-teemantidega-korvarongad","21":"product_cat-valgest-kullast-ehted","22":"desktop-align-center","23":"tablet-align-left","24":"mobile-align-left","25":"ast-product-gallery-layout-horizontal-slider","26":"ast-product-gallery-with-no-image","27":"ast-product-tabs-layout-accordion","28":"ast-qv-on-image","30":"first","31":"instock","32":"taxable","33":"shipping-taxable","34":"purchasable","35":"product-type-simple"},"yoast_head":"<!-- This site is optimized with the Yoast SEO plugin v26.6 - https:\/\/yoast.com\/wordpress\/plugins\/seo\/ -->\n<title>Teemants\u00e4ra \u2013 Klassikalised valge kulla k\u00f5rvar\u00f5ngad teemantidega (0,50 ct) - FashionGold.lt<\/title>\n<meta name=\"robots\" content=\"index, follow, max-snippet:-1, max-image-preview:large, max-video-preview:-1\" \/>\n<link rel=\"canonical\" href=\"https:\/\/fashiongold.lt\/et\/papuosalas\/teemantsara-klassikalised-valge-kulla-korvarongad-teemantidega-050-ct\/\" \/>\n<meta property=\"og:locale\" content=\"et_EE\" \/>\n<meta property=\"og:type\" content=\"article\" \/>\n<meta property=\"og:title\" content=\"Teemants\u00e4ra \u2013 Klassikalised valge kulla k\u00f5rvar\u00f5ngad teemantidega (0,50 ct) - FashionGold.lt\" \/>\n<meta property=\"og:description\" content=\"Klassikalised valgest kullast teemantk\u00f5rvar\u00f5ngad, mida \u00fcmbritseb valgest kullast kroon. R\u00f5hutavad igat hetke. Suurep\u00e4rane kingitus s\u00fcnnip\u00e4evaks, j\u00f5uludeks, pulmadeks ja erilisteks s\u00fcndmusteks.\" \/>\n<meta property=\"og:url\" content=\"https:\/\/fashiongold.lt\/et\/papuosalas\/teemantsara-klassikalised-valge-kulla-korvarongad-teemantidega-050-ct\/\" \/>\n<meta property=\"og:site_name\" content=\"FashionGold.lt\" \/>\n<meta property=\"og:image\" content=\"https:\/\/fashiongold.lt\/wp-content\/uploads\/2025\/10\/431-fbe-AUSKARAI-DEIMANTINE-SAULE.webp\" \/>\n\t<meta property=\"og:image:width\" content=\"520\" \/>\n\t<meta property=\"og:image:height\" content=\"541\" \/>\n\t<meta property=\"og:image:type\" content=\"image\/jpeg\" \/>\n<meta name=\"twitter:card\" content=\"summary_large_image\" \/>\n<script type=\"application\/ld+json\" class=\"yoast-schema-graph\">{\"@context\":\"https:\/\/schema.org\",\"@graph\":[{\"@type\":\"WebPage\",\"@id\":\"https:\/\/fashiongold.lt\/et\/papuosalas\/teemantsara-klassikalised-valge-kulla-korvarongad-teemantidega-050-ct\/\",\"url\":\"https:\/\/fashiongold.lt\/et\/papuosalas\/teemantsara-klassikalised-valge-kulla-korvarongad-teemantidega-050-ct\/\",\"name\":\"Teemants\u00e4ra \u2013 Klassikalised valge kulla k\u00f5rvar\u00f5ngad teemantidega (0,50 ct) - FashionGold.lt\",\"isPartOf\":{\"@id\":\"https:\/\/fashiongold.lt\/et\/#website\"},\"primaryImageOfPage\":{\"@id\":\"https:\/\/fashiongold.lt\/et\/papuosalas\/teemantsara-klassikalised-valge-kulla-korvarongad-teemantidega-050-ct\/#primaryimage\"},\"image\":{\"@id\":\"https:\/\/fashiongold.lt\/et\/papuosalas\/teemantsara-klassikalised-valge-kulla-korvarongad-teemantidega-050-ct\/#primaryimage\"},\"thumbnailUrl\":\"https:\/\/fashiongold.lt\/wp-content\/uploads\/2025\/10\/431-fbe-AUSKARAI-DEIMANTINE-SAULE.jpg\",\"datePublished\":\"2025-10-09T17:08:10+00:00\",\"breadcrumb\":{\"@id\":\"https:\/\/fashiongold.lt\/et\/papuosalas\/teemantsara-klassikalised-valge-kulla-korvarongad-teemantidega-050-ct\/#breadcrumb\"},\"inLanguage\":\"et\",\"potentialAction\":[{\"@type\":\"ReadAction\",\"target\":[\"https:\/\/fashiongold.lt\/et\/papuosalas\/teemantsara-klassikalised-valge-kulla-korvarongad-teemantidega-050-ct\/\"]}]},{\"@type\":\"ImageObject\",\"inLanguage\":\"et\",\"@id\":\"https:\/\/fashiongold.lt\/et\/papuosalas\/teemantsara-klassikalised-valge-kulla-korvarongad-teemantidega-050-ct\/#primaryimage\",\"url\":\"https:\/\/fashiongold.lt\/wp-content\/uploads\/2025\/10\/431-fbe-AUSKARAI-DEIMANTINE-SAULE.jpg\",\"contentUrl\":\"https:\/\/fashiongold.lt\/wp-content\/uploads\/2025\/10\/431-fbe-AUSKARAI-DEIMANTINE-SAULE.jpg\",\"width\":520,\"height\":541},{\"@type\":\"BreadcrumbList\",\"@id\":\"https:\/\/fashiongold.lt\/et\/papuosalas\/teemantsara-klassikalised-valge-kulla-korvarongad-teemantidega-050-ct\/#breadcrumb\",\"itemListElement\":[{\"@type\":\"ListItem\",\"position\":1,\"name\":\"Home\",\"item\":\"https:\/\/fashiongold.lt\/et\/\"},{\"@type\":\"ListItem\",\"position\":2,\"name\":\"Teemantide pood Fashiongold.lt\",\"item\":\"https:\/\/fashiongold.lt\/shop-2\/\"},{\"@type\":\"ListItem\",\"position\":3,\"name\":\"Teemants\u00e4ra \u2013 Klassikalised valge kulla k\u00f5rvar\u00f5ngad teemantidega (0,50 ct)\"}]},{\"@type\":\"WebSite\",\"@id\":\"https:\/\/fashiongold.lt\/et\/#website\",\"url\":\"https:\/\/fashiongold.lt\/et\/\",\"name\":\"Fashion Gold\",\"description\":\"Juvelyrikos namai\",\"publisher\":{\"@id\":\"https:\/\/fashiongold.lt\/et\/#organization\"},\"potentialAction\":[{\"@type\":\"SearchAction\",\"target\":{\"@type\":\"EntryPoint\",\"urlTemplate\":\"https:\/\/fashiongold.lt\/et\/?s={search_term_string}\"},\"query-input\":{\"@type\":\"PropertyValueSpecification\",\"valueRequired\":true,\"valueName\":\"search_term_string\"}}],\"inLanguage\":\"et\"},{\"@type\":\"Organization\",\"@id\":\"https:\/\/fashiongold.lt\/et\/#organization\",\"name\":\"Topdiamonds Online\",\"url\":\"https:\/\/fashiongold.lt\/et\/\",\"logo\":{\"@type\":\"ImageObject\",\"inLanguage\":\"et\",\"@id\":\"https:\/\/fashiongold.lt\/et\/#\/schema\/logo\/image\/\",\"url\":\"https:\/\/fashiongold.lt\/wp-content\/uploads\/2025\/04\/cropped-fashion_gold_logotipas2-scaled-1.png\",\"contentUrl\":\"https:\/\/fashiongold.lt\/wp-content\/uploads\/2025\/04\/cropped-fashion_gold_logotipas2-scaled-1.png\",\"width\":2559,\"height\":421,\"caption\":\"Topdiamonds Online\"},\"image\":{\"@id\":\"https:\/\/fashiongold.lt\/et\/#\/schema\/logo\/image\/\"}}]}<\/script>\n<!-- \/ Yoast SEO plugin. -->","yoast_head_json":{"title":"Teemants\u00e4ra \u2013 Klassikalised valge kulla k\u00f5rvar\u00f5ngad teemantidega (0,50 ct) - FashionGold.lt","robots":{"index":"index","follow":"follow","max-snippet":"max-snippet:-1","max-image-preview":"max-image-preview:large","max-video-preview":"max-video-preview:-1"},"canonical":"https:\/\/fashiongold.lt\/et\/papuosalas\/teemantsara-klassikalised-valge-kulla-korvarongad-teemantidega-050-ct\/","og_locale":"et_EE","og_type":"article","og_title":"Teemants\u00e4ra \u2013 Klassikalised valge kulla k\u00f5rvar\u00f5ngad teemantidega (0,50 ct) - FashionGold.lt","og_description":"Klassikalised valgest kullast teemantk\u00f5rvar\u00f5ngad, mida \u00fcmbritseb valgest kullast kroon. R\u00f5hutavad igat hetke. Suurep\u00e4rane kingitus s\u00fcnnip\u00e4evaks, j\u00f5uludeks, pulmadeks ja erilisteks s\u00fcndmusteks.","og_url":"https:\/\/fashiongold.lt\/et\/papuosalas\/teemantsara-klassikalised-valge-kulla-korvarongad-teemantidega-050-ct\/","og_site_name":"FashionGold.lt","og_image":[{"width":520,"height":541,"url":"https:\/\/fashiongold.lt\/wp-content\/uploads\/2025\/10\/431-fbe-AUSKARAI-DEIMANTINE-SAULE.webp","type":"image\/jpeg"}],"twitter_card":"summary_large_image","schema":{"@context":"https:\/\/schema.org","@graph":[{"@type":"WebPage","@id":"https:\/\/fashiongold.lt\/et\/papuosalas\/teemantsara-klassikalised-valge-kulla-korvarongad-teemantidega-050-ct\/","url":"https:\/\/fashiongold.lt\/et\/papuosalas\/teemantsara-klassikalised-valge-kulla-korvarongad-teemantidega-050-ct\/","name":"Teemants\u00e4ra \u2013 Klassikalised valge kulla k\u00f5rvar\u00f5ngad teemantidega (0,50 ct) - FashionGold.lt","isPartOf":{"@id":"https:\/\/fashiongold.lt\/et\/#website"},"primaryImageOfPage":{"@id":"https:\/\/fashiongold.lt\/et\/papuosalas\/teemantsara-klassikalised-valge-kulla-korvarongad-teemantidega-050-ct\/#primaryimage"},"image":{"@id":"https:\/\/fashiongold.lt\/et\/papuosalas\/teemantsara-klassikalised-valge-kulla-korvarongad-teemantidega-050-ct\/#primaryimage"},"thumbnailUrl":"https:\/\/fashiongold.lt\/wp-content\/uploads\/2025\/10\/431-fbe-AUSKARAI-DEIMANTINE-SAULE.jpg","datePublished":"2025-10-09T17:08:10+00:00","breadcrumb":{"@id":"https:\/\/fashiongold.lt\/et\/papuosalas\/teemantsara-klassikalised-valge-kulla-korvarongad-teemantidega-050-ct\/#breadcrumb"},"inLanguage":"et","potentialAction":[{"@type":"ReadAction","target":["https:\/\/fashiongold.lt\/et\/papuosalas\/teemantsara-klassikalised-valge-kulla-korvarongad-teemantidega-050-ct\/"]}]},{"@type":"ImageObject","inLanguage":"et","@id":"https:\/\/fashiongold.lt\/et\/papuosalas\/teemantsara-klassikalised-valge-kulla-korvarongad-teemantidega-050-ct\/#primaryimage","url":"https:\/\/fashiongold.lt\/wp-content\/uploads\/2025\/10\/431-fbe-AUSKARAI-DEIMANTINE-SAULE.jpg","contentUrl":"https:\/\/fashiongold.lt\/wp-content\/uploads\/2025\/10\/431-fbe-AUSKARAI-DEIMANTINE-SAULE.jpg","width":520,"height":541},{"@type":"BreadcrumbList","@id":"https:\/\/fashiongold.lt\/et\/papuosalas\/teemantsara-klassikalised-valge-kulla-korvarongad-teemantidega-050-ct\/#breadcrumb","itemListElement":[{"@type":"ListItem","position":1,"name":"Home","item":"https:\/\/fashiongold.lt\/et\/"},{"@type":"ListItem","position":2,"name":"Teemantide pood Fashiongold.lt","item":"https:\/\/fashiongold.lt\/shop-2\/"},{"@type":"ListItem","position":3,"name":"Teemants\u00e4ra \u2013 Klassikalised valge kulla k\u00f5rvar\u00f5ngad teemantidega (0,50 ct)"}]},{"@type":"WebSite","@id":"https:\/\/fashiongold.lt\/et\/#website","url":"https:\/\/fashiongold.lt\/et\/","name":"Fashion Gold","description":"Juvelyrikos namai","publisher":{"@id":"https:\/\/fashiongold.lt\/et\/#organization"},"potentialAction":[{"@type":"SearchAction","target":{"@type":"EntryPoint","urlTemplate":"https:\/\/fashiongold.lt\/et\/?s={search_term_string}"},"query-input":{"@type":"PropertyValueSpecification","valueRequired":true,"valueName":"search_term_string"}}],"inLanguage":"et"},{"@type":"Organization","@id":"https:\/\/fashiongold.lt\/et\/#organization","name":"Topdiamonds Online","url":"https:\/\/fashiongold.lt\/et\/","logo":{"@type":"ImageObject","inLanguage":"et","@id":"https:\/\/fashiongold.lt\/et\/#\/schema\/logo\/image\/","url":"https:\/\/fashiongold.lt\/wp-content\/uploads\/2025\/04\/cropped-fashion_gold_logotipas2-scaled-1.png","contentUrl":"https:\/\/fashiongold.lt\/wp-content\/uploads\/2025\/04\/cropped-fashion_gold_logotipas2-scaled-1.png","width":2559,"height":421,"caption":"Topdiamonds Online"},"image":{"@id":"https:\/\/fashiongold.lt\/et\/#\/schema\/logo\/image\/"}}]}},"_links":{"self":[{"href":"https:\/\/fashiongold.lt\/et\/wp-json\/wp\/v2\/product\/285776","targetHints":{"allow":["GET"]}}],"collection":[{"href":"https:\/\/fashiongold.lt\/et\/wp-json\/wp\/v2\/product"}],"about":[{"href":"https:\/\/fashiongold.lt\/et\/wp-json\/wp\/v2\/types\/product"}],"version-history":[{"count":0,"href":"https:\/\/fashiongold.lt\/et\/wp-json\/wp\/v2\/product\/285776\/revisions"}],"wp:featuredmedia":[{"embeddable":true,"href":"https:\/\/fashiongold.lt\/et\/wp-json\/wp\/v2\/media\/43537"}],"wp:attachment":[{"href":"https:\/\/fashiongold.lt\/et\/wp-json\/wp\/v2\/media?parent=285776"}],"wp:term":[{"taxonomy":"product_brand","embeddable":true,"href":"https:\/\/fashiongold.lt\/et\/wp-json\/wp\/v2\/product_brand?post=285776"},{"taxonomy":"product_cat","embeddable":true,"href":"https:\/\/fashiongold.lt\/et\/wp-json\/wp\/v2\/product_cat?post=285776"},{"taxonomy":"product_tag","embeddable":true,"href":"https:\/\/fashiongold.lt\/et\/wp-json\/wp\/v2\/product_tag?post=285776"}],"curies":[{"name":"wp","href":"https:\/\/api.w.org\/{rel}","templated":true}]}}