{"id":286140,"date":"2025-10-09T16:43:46","date_gmt":"2025-10-09T16:43:46","guid":{"rendered":"https:\/\/fashiongold.lt\/papuosalas\/35-mm-abielusormus-klassika-mugavustsooniga\/"},"modified":"2025-10-09T16:43:46","modified_gmt":"2025-10-09T16:43:46","slug":"35-mm-abielusormus-klassika-mugavustsooniga","status":"publish","type":"product","link":"https:\/\/fashiongold.lt\/et\/papuosalas\/35-mm-abielusormus-klassika-mugavustsooniga\/","title":{"rendered":"3,5 mm abielus\u00f5rmus Klassika mugavustsooniga"},"content":{"rendered":"<p><i>Kordumatu iluga eksklusiivse stiili ja k\u00f5rge kvaliteediga mugavustsooniga abielus\u00f5rmused. Suurep\u00e4rane valik, mis peegeldab teie armastuslugu. S\u00f5rmuseid saab valmistada eritellimusel: punasest, kollasest ja valgest kullast, lisatasu eest teist v\u00e4rvi kulla \u00e4\u00e4rtega, erineva laiusega v\u00f5i teemantidega. Salongis on olemas punasest ja valgest kullast tooted, mida saame kohe v\u00e4lja saata.<\/i><\/p>\n<p><i>\u2022 S\u00f5rmuse kuld: 14 K (proov 585), saame valmistada ka 10K (proov 375), 18K (proov 750)\u00a0 \u00a0 \u00a0 \u00a0<\/i><\/p>\n<p><i>\u2022 S\u00f5rmuse v\u00e4rv: valida saab valge, kollase, punase kulla v\u00f5i teist v\u00e4rvi \u00e4\u00e4rtega variandi vahel.\u00a0 \u00a0 \u00a0 \u00a0 \u00a0<\/i><\/p>\n<p><i>\u2022 S\u00f5rmusepaari kaal (s\u00f5ltub suurusest ja proovist): umbes 2,50 &#8211; 3,90 g\u00a0 \u00a0 \u00a0 \u00a0 \u00a0<\/i><\/p>\n<p><i>\u2022 S\u00f5rmuse m\u00f5\u00f5tmed: laius 3,5 mm (muudetav)\u00a0 \u00a0 \u00a0<\/i><\/p>\n<p><i>\u2022 S\u00f5rmuse mugavustsoon: olemas\u00a0 \u00a0<\/i><i>\u00a0 \u00a0 \u00a0 \u00a0<\/i><\/p>\n<p><i>\u2022 Teemandi kuju: puudub (muudetav). <\/i><i>20-eurose lisatasu eest saame lisada s\u00e4rava ehtsa briljandi (0,015 ct, v\u00e4rvus W (G-H), puhtus SI) \u00a0 \u00a0<\/i><i>\u00a0 \u00a0 \u00a0<\/i><\/p>\n<p><i>\u2022 Sertifikaat: Leedu Proovikoda (LPR)\u00a0 \u00a0 \u00a0 \u00a0 <\/i><\/p>\n<p><i>\u2022 Graveerimine tasuta\u00a0 <\/i><\/p>\n<p><i>\u2022 \u00dchekordne tasuta s\u00f5rmuse suuruse muutmise garantii\u00a0 <\/i><\/p>\n<p><strong><i>Valmistamis- ja tarneaeg alates 14 t\u00f6\u00f6p\u00e4evast, kiirtellimusel 3 t\u00f6\u00f6p\u00e4eva jooksul.\u00a0 Kas teil on oma kulda? V\u00f5tke \u00fchendust, arvutame hinna \u00fcmber \u2013 maksate ainult s\u00f5rmuste valmistamise eest.<\/i><\/strong><\/p>\n<p><em><em><\/em><\/em><\/p>\n<p><em><em><\/em><\/em><\/p>\n","protected":false},"excerpt":{"rendered":"<p>Traditsiooniline klassikaline s\u00f5rmus on subtilne s\u00fcmbol, mis peegeldab suurep\u00e4raselt lihtsust ja traditsioone. See s\u00f5rmus ei kaunista mitte ainult teie s\u00f5rme, vaid kannab endas ka ajaloolist v\u00e4\u00e4rtust, meenutades teie vanemaid ja vanavanemaid. See on suurep\u00e4rane valik neile, kes hindavad minimalistlikku stiili ja soovivad kanda s\u00fcmbolit, mis saadab neid l\u00e4bi elu.<\/p>\n","protected":false},"featured_media":40910,"template":"","meta":{"site-sidebar-layout":"","site-content-layout":"","ast-site-content-layout":"","site-content-style":"","site-sidebar-style":"","ast-global-header-display":"","ast-banner-title-visibility":"","ast-main-header-display":"","ast-hfb-above-header-display":"","ast-hfb-below-header-display":"","ast-hfb-mobile-header-display":"","site-post-title":"","ast-breadcrumbs-content":"","ast-featured-img":"","footer-sml-layout":"","ast-disable-related-posts":"","theme-transparent-header-meta":"","adv-header-id-meta":"","stick-header-meta":"","header-above-stick-meta":"","header-main-stick-meta":"","header-below-stick-meta":"","astra-migrate-meta-layouts":"default","ast-page-background-enabled":"default","ast-page-background-meta":{"desktop":{"background-color":"var(--ast-global-color-4)","background-image":"","background-repeat":"repeat","background-position":"center center","background-size":"auto","background-attachment":"scroll","background-type":"","background-media":"","overlay-type":"","overlay-color":"","overlay-opacity":"","overlay-gradient":""},"tablet":{"background-color":"","background-image":"","background-repeat":"repeat","background-position":"center center","background-size":"auto","background-attachment":"scroll","background-type":"","background-media":"","overlay-type":"","overlay-color":"","overlay-opacity":"","overlay-gradient":""},"mobile":{"background-color":"","background-image":"","background-repeat":"repeat","background-position":"center center","background-size":"auto","background-attachment":"scroll","background-type":"","background-media":"","overlay-type":"","overlay-color":"","overlay-opacity":"","overlay-gradient":""}},"ast-content-background-meta":{"desktop":{"background-color":"var(--ast-global-color-5)","background-image":"","background-repeat":"repeat","background-position":"center center","background-size":"auto","background-attachment":"scroll","background-type":"","background-media":"","overlay-type":"","overlay-color":"","overlay-opacity":"","overlay-gradient":""},"tablet":{"background-color":"var(--ast-global-color-5)","background-image":"","background-repeat":"repeat","background-position":"center center","background-size":"auto","background-attachment":"scroll","background-type":"","background-media":"","overlay-type":"","overlay-color":"","overlay-opacity":"","overlay-gradient":""},"mobile":{"background-color":"var(--ast-global-color-5)","background-image":"","background-repeat":"repeat","background-position":"center center","background-size":"auto","background-attachment":"scroll","background-type":"","background-media":"","overlay-type":"","overlay-color":"","overlay-opacity":"","overlay-gradient":""}}},"product_brand":[],"product_cat":[3594,3593,3838,3828,3567,3943,3574,3592],"product_tag":[],"class_list":{"0":"post-286140","1":"product","2":"type-product","3":"status-publish","4":"has-post-thumbnail","6":"product_cat-abielusormused","7":"product_cat-klassikalised-abielusormused","8":"product_cat-kollasest-kullast-abielusormused","9":"product_cat-minimalistlikud-abielusormused","10":"product_cat-naiste-abielusormused","11":"product_cat-punasest-kullast-abielusormused","12":"product_cat-soodusmuuk","13":"product_cat-valgest-kullast-abielusormused","14":"desktop-align-center","15":"tablet-align-left","16":"mobile-align-left","17":"ast-product-gallery-layout-horizontal-slider","18":"ast-product-gallery-with-no-image","19":"ast-product-single-variable","20":"ast-product-tabs-layout-accordion","21":"ast-qv-on-image","23":"first","24":"instock","25":"taxable","26":"shipping-taxable","27":"purchasable","28":"product-type-variable"},"yoast_head":"<!-- This site is optimized with the Yoast SEO plugin v26.6 - https:\/\/yoast.com\/wordpress\/plugins\/seo\/ -->\n<title>3,5 mm abielus\u00f5rmus KLASIKA mugavustsooniga I Fashiongold.lt<\/title>\n<meta name=\"description\" content=\"Klassikaline s\u00f5rmus sobib ideaalselt neile, kes armastavad lihtsust, minimalismi ja traditsioone \u2013 see on selline s\u00f5rmus, nagu kandsid teie vanemad v\u00f5i vanavanemad. Tasuta tarne.\" \/>\n<meta name=\"robots\" content=\"index, follow, max-snippet:-1, max-image-preview:large, max-video-preview:-1\" \/>\n<link rel=\"canonical\" href=\"https:\/\/fashiongold.lt\/et\/papuosalas\/35-mm-abielusormus-klassika-mugavustsooniga\/\" \/>\n<meta property=\"og:locale\" content=\"et_EE\" \/>\n<meta property=\"og:type\" content=\"article\" \/>\n<meta property=\"og:title\" content=\"3,5 mm abielus\u00f5rmus KLASIKA mugavustsooniga I Fashiongold.lt\" \/>\n<meta property=\"og:description\" content=\"Klassikaline s\u00f5rmus sobib ideaalselt neile, kes armastavad lihtsust, minimalismi ja traditsioone \u2013 see on selline s\u00f5rmus, nagu kandsid teie vanemad v\u00f5i vanavanemad. Tasuta tarne.\" \/>\n<meta property=\"og:url\" content=\"https:\/\/fashiongold.lt\/et\/papuosalas\/35-mm-abielusormus-klassika-mugavustsooniga\/\" \/>\n<meta property=\"og:site_name\" content=\"FashionGold.lt\" \/>\n<meta property=\"og:image\" content=\"https:\/\/fashiongold.lt\/wp-content\/uploads\/2025\/10\/1884-192-VESTUVINIS-ZIEDAS-KLASIKA-35-mm-balto-raudono-geltono-aukso.webp\" \/>\n\t<meta property=\"og:image:width\" content=\"600\" \/>\n\t<meta property=\"og:image:height\" content=\"431\" \/>\n\t<meta property=\"og:image:type\" content=\"image\/jpeg\" \/>\n<meta name=\"twitter:card\" content=\"summary_large_image\" \/>\n<meta name=\"twitter:label1\" content=\"Est. reading time\" \/>\n\t<meta name=\"twitter:data1\" content=\"1 minut\" \/>\n<script type=\"application\/ld+json\" class=\"yoast-schema-graph\">{\"@context\":\"https:\/\/schema.org\",\"@graph\":[{\"@type\":\"WebPage\",\"@id\":\"https:\/\/fashiongold.lt\/et\/papuosalas\/35-mm-abielusormus-klassika-mugavustsooniga\/\",\"url\":\"https:\/\/fashiongold.lt\/et\/papuosalas\/35-mm-abielusormus-klassika-mugavustsooniga\/\",\"name\":\"3,5 mm abielus\u00f5rmus KLASIKA mugavustsooniga I Fashiongold.lt\",\"isPartOf\":{\"@id\":\"https:\/\/fashiongold.lt\/et\/#website\"},\"primaryImageOfPage\":{\"@id\":\"https:\/\/fashiongold.lt\/et\/papuosalas\/35-mm-abielusormus-klassika-mugavustsooniga\/#primaryimage\"},\"image\":{\"@id\":\"https:\/\/fashiongold.lt\/et\/papuosalas\/35-mm-abielusormus-klassika-mugavustsooniga\/#primaryimage\"},\"thumbnailUrl\":\"https:\/\/fashiongold.lt\/wp-content\/uploads\/2025\/10\/1884-192-VESTUVINIS-ZIEDAS-KLASIKA-35-mm-balto-raudono-geltono-aukso.jpg\",\"datePublished\":\"2025-10-09T16:43:46+00:00\",\"description\":\"Klassikaline s\u00f5rmus sobib ideaalselt neile, kes armastavad lihtsust, minimalismi ja traditsioone \u2013 see on selline s\u00f5rmus, nagu kandsid teie vanemad v\u00f5i vanavanemad. Tasuta tarne.\",\"breadcrumb\":{\"@id\":\"https:\/\/fashiongold.lt\/et\/papuosalas\/35-mm-abielusormus-klassika-mugavustsooniga\/#breadcrumb\"},\"inLanguage\":\"et\",\"potentialAction\":[{\"@type\":\"ReadAction\",\"target\":[\"https:\/\/fashiongold.lt\/et\/papuosalas\/35-mm-abielusormus-klassika-mugavustsooniga\/\"]}]},{\"@type\":\"ImageObject\",\"inLanguage\":\"et\",\"@id\":\"https:\/\/fashiongold.lt\/et\/papuosalas\/35-mm-abielusormus-klassika-mugavustsooniga\/#primaryimage\",\"url\":\"https:\/\/fashiongold.lt\/wp-content\/uploads\/2025\/10\/1884-192-VESTUVINIS-ZIEDAS-KLASIKA-35-mm-balto-raudono-geltono-aukso.jpg\",\"contentUrl\":\"https:\/\/fashiongold.lt\/wp-content\/uploads\/2025\/10\/1884-192-VESTUVINIS-ZIEDAS-KLASIKA-35-mm-balto-raudono-geltono-aukso.jpg\",\"width\":600,\"height\":431},{\"@type\":\"BreadcrumbList\",\"@id\":\"https:\/\/fashiongold.lt\/et\/papuosalas\/35-mm-abielusormus-klassika-mugavustsooniga\/#breadcrumb\",\"itemListElement\":[{\"@type\":\"ListItem\",\"position\":1,\"name\":\"Home\",\"item\":\"https:\/\/fashiongold.lt\/et\/\"},{\"@type\":\"ListItem\",\"position\":2,\"name\":\"Teemantide pood Fashiongold.lt\",\"item\":\"https:\/\/fashiongold.lt\/shop-2\/\"},{\"@type\":\"ListItem\",\"position\":3,\"name\":\"3,5 mm abielus\u00f5rmus Klassika mugavustsooniga\"}]},{\"@type\":\"WebSite\",\"@id\":\"https:\/\/fashiongold.lt\/et\/#website\",\"url\":\"https:\/\/fashiongold.lt\/et\/\",\"name\":\"Fashion Gold\",\"description\":\"Juvelyrikos namai\",\"publisher\":{\"@id\":\"https:\/\/fashiongold.lt\/et\/#organization\"},\"potentialAction\":[{\"@type\":\"SearchAction\",\"target\":{\"@type\":\"EntryPoint\",\"urlTemplate\":\"https:\/\/fashiongold.lt\/et\/?s={search_term_string}\"},\"query-input\":{\"@type\":\"PropertyValueSpecification\",\"valueRequired\":true,\"valueName\":\"search_term_string\"}}],\"inLanguage\":\"et\"},{\"@type\":\"Organization\",\"@id\":\"https:\/\/fashiongold.lt\/et\/#organization\",\"name\":\"Topdiamonds Online\",\"url\":\"https:\/\/fashiongold.lt\/et\/\",\"logo\":{\"@type\":\"ImageObject\",\"inLanguage\":\"et\",\"@id\":\"https:\/\/fashiongold.lt\/et\/#\/schema\/logo\/image\/\",\"url\":\"https:\/\/fashiongold.lt\/wp-content\/uploads\/2025\/04\/cropped-fashion_gold_logotipas2-scaled-1.png\",\"contentUrl\":\"https:\/\/fashiongold.lt\/wp-content\/uploads\/2025\/04\/cropped-fashion_gold_logotipas2-scaled-1.png\",\"width\":2559,\"height\":421,\"caption\":\"Topdiamonds Online\"},\"image\":{\"@id\":\"https:\/\/fashiongold.lt\/et\/#\/schema\/logo\/image\/\"}}]}<\/script>\n<!-- \/ Yoast SEO plugin. -->","yoast_head_json":{"title":"3,5 mm abielus\u00f5rmus KLASIKA mugavustsooniga I Fashiongold.lt","description":"Klassikaline s\u00f5rmus sobib ideaalselt neile, kes armastavad lihtsust, minimalismi ja traditsioone \u2013 see on selline s\u00f5rmus, nagu kandsid teie vanemad v\u00f5i vanavanemad. Tasuta tarne.","robots":{"index":"index","follow":"follow","max-snippet":"max-snippet:-1","max-image-preview":"max-image-preview:large","max-video-preview":"max-video-preview:-1"},"canonical":"https:\/\/fashiongold.lt\/et\/papuosalas\/35-mm-abielusormus-klassika-mugavustsooniga\/","og_locale":"et_EE","og_type":"article","og_title":"3,5 mm abielus\u00f5rmus KLASIKA mugavustsooniga I Fashiongold.lt","og_description":"Klassikaline s\u00f5rmus sobib ideaalselt neile, kes armastavad lihtsust, minimalismi ja traditsioone \u2013 see on selline s\u00f5rmus, nagu kandsid teie vanemad v\u00f5i vanavanemad. Tasuta tarne.","og_url":"https:\/\/fashiongold.lt\/et\/papuosalas\/35-mm-abielusormus-klassika-mugavustsooniga\/","og_site_name":"FashionGold.lt","og_image":[{"width":600,"height":431,"url":"https:\/\/fashiongold.lt\/wp-content\/uploads\/2025\/10\/1884-192-VESTUVINIS-ZIEDAS-KLASIKA-35-mm-balto-raudono-geltono-aukso.webp","type":"image\/jpeg"}],"twitter_card":"summary_large_image","twitter_misc":{"Est. reading time":"1 minut"},"schema":{"@context":"https:\/\/schema.org","@graph":[{"@type":"WebPage","@id":"https:\/\/fashiongold.lt\/et\/papuosalas\/35-mm-abielusormus-klassika-mugavustsooniga\/","url":"https:\/\/fashiongold.lt\/et\/papuosalas\/35-mm-abielusormus-klassika-mugavustsooniga\/","name":"3,5 mm abielus\u00f5rmus KLASIKA mugavustsooniga I Fashiongold.lt","isPartOf":{"@id":"https:\/\/fashiongold.lt\/et\/#website"},"primaryImageOfPage":{"@id":"https:\/\/fashiongold.lt\/et\/papuosalas\/35-mm-abielusormus-klassika-mugavustsooniga\/#primaryimage"},"image":{"@id":"https:\/\/fashiongold.lt\/et\/papuosalas\/35-mm-abielusormus-klassika-mugavustsooniga\/#primaryimage"},"thumbnailUrl":"https:\/\/fashiongold.lt\/wp-content\/uploads\/2025\/10\/1884-192-VESTUVINIS-ZIEDAS-KLASIKA-35-mm-balto-raudono-geltono-aukso.jpg","datePublished":"2025-10-09T16:43:46+00:00","description":"Klassikaline s\u00f5rmus sobib ideaalselt neile, kes armastavad lihtsust, minimalismi ja traditsioone \u2013 see on selline s\u00f5rmus, nagu kandsid teie vanemad v\u00f5i vanavanemad. Tasuta tarne.","breadcrumb":{"@id":"https:\/\/fashiongold.lt\/et\/papuosalas\/35-mm-abielusormus-klassika-mugavustsooniga\/#breadcrumb"},"inLanguage":"et","potentialAction":[{"@type":"ReadAction","target":["https:\/\/fashiongold.lt\/et\/papuosalas\/35-mm-abielusormus-klassika-mugavustsooniga\/"]}]},{"@type":"ImageObject","inLanguage":"et","@id":"https:\/\/fashiongold.lt\/et\/papuosalas\/35-mm-abielusormus-klassika-mugavustsooniga\/#primaryimage","url":"https:\/\/fashiongold.lt\/wp-content\/uploads\/2025\/10\/1884-192-VESTUVINIS-ZIEDAS-KLASIKA-35-mm-balto-raudono-geltono-aukso.jpg","contentUrl":"https:\/\/fashiongold.lt\/wp-content\/uploads\/2025\/10\/1884-192-VESTUVINIS-ZIEDAS-KLASIKA-35-mm-balto-raudono-geltono-aukso.jpg","width":600,"height":431},{"@type":"BreadcrumbList","@id":"https:\/\/fashiongold.lt\/et\/papuosalas\/35-mm-abielusormus-klassika-mugavustsooniga\/#breadcrumb","itemListElement":[{"@type":"ListItem","position":1,"name":"Home","item":"https:\/\/fashiongold.lt\/et\/"},{"@type":"ListItem","position":2,"name":"Teemantide pood Fashiongold.lt","item":"https:\/\/fashiongold.lt\/shop-2\/"},{"@type":"ListItem","position":3,"name":"3,5 mm abielus\u00f5rmus Klassika mugavustsooniga"}]},{"@type":"WebSite","@id":"https:\/\/fashiongold.lt\/et\/#website","url":"https:\/\/fashiongold.lt\/et\/","name":"Fashion Gold","description":"Juvelyrikos namai","publisher":{"@id":"https:\/\/fashiongold.lt\/et\/#organization"},"potentialAction":[{"@type":"SearchAction","target":{"@type":"EntryPoint","urlTemplate":"https:\/\/fashiongold.lt\/et\/?s={search_term_string}"},"query-input":{"@type":"PropertyValueSpecification","valueRequired":true,"valueName":"search_term_string"}}],"inLanguage":"et"},{"@type":"Organization","@id":"https:\/\/fashiongold.lt\/et\/#organization","name":"Topdiamonds Online","url":"https:\/\/fashiongold.lt\/et\/","logo":{"@type":"ImageObject","inLanguage":"et","@id":"https:\/\/fashiongold.lt\/et\/#\/schema\/logo\/image\/","url":"https:\/\/fashiongold.lt\/wp-content\/uploads\/2025\/04\/cropped-fashion_gold_logotipas2-scaled-1.png","contentUrl":"https:\/\/fashiongold.lt\/wp-content\/uploads\/2025\/04\/cropped-fashion_gold_logotipas2-scaled-1.png","width":2559,"height":421,"caption":"Topdiamonds Online"},"image":{"@id":"https:\/\/fashiongold.lt\/et\/#\/schema\/logo\/image\/"}}]}},"_links":{"self":[{"href":"https:\/\/fashiongold.lt\/et\/wp-json\/wp\/v2\/product\/286140","targetHints":{"allow":["GET"]}}],"collection":[{"href":"https:\/\/fashiongold.lt\/et\/wp-json\/wp\/v2\/product"}],"about":[{"href":"https:\/\/fashiongold.lt\/et\/wp-json\/wp\/v2\/types\/product"}],"version-history":[{"count":0,"href":"https:\/\/fashiongold.lt\/et\/wp-json\/wp\/v2\/product\/286140\/revisions"}],"wp:featuredmedia":[{"embeddable":true,"href":"https:\/\/fashiongold.lt\/et\/wp-json\/wp\/v2\/media\/40910"}],"wp:attachment":[{"href":"https:\/\/fashiongold.lt\/et\/wp-json\/wp\/v2\/media?parent=286140"}],"wp:term":[{"taxonomy":"product_brand","embeddable":true,"href":"https:\/\/fashiongold.lt\/et\/wp-json\/wp\/v2\/product_brand?post=286140"},{"taxonomy":"product_cat","embeddable":true,"href":"https:\/\/fashiongold.lt\/et\/wp-json\/wp\/v2\/product_cat?post=286140"},{"taxonomy":"product_tag","embeddable":true,"href":"https:\/\/fashiongold.lt\/et\/wp-json\/wp\/v2\/product_tag?post=286140"}],"curies":[{"name":"wp","href":"https:\/\/api.w.org\/{rel}","templated":true}]}}