{"id":286145,"date":"2025-10-09T16:43:45","date_gmt":"2025-10-09T16:43:45","guid":{"rendered":"https:\/\/fashiongold.lt\/papuosalas\/35-mm-abielusormus-klassika-ilma-mugavustsoonita\/"},"modified":"2025-10-09T16:43:45","modified_gmt":"2025-10-09T16:43:45","slug":"35-mm-abielusormus-klassika-ilma-mugavustsoonita","status":"publish","type":"product","link":"https:\/\/fashiongold.lt\/et\/papuosalas\/35-mm-abielusormus-klassika-ilma-mugavustsoonita\/","title":{"rendered":"3,5 mm abielus\u00f5rmus KLASSIKA ilma mugavustsoonita"},"content":{"rendered":"<p><i>Kordumatu iluga pulmas\u00f5rmused on eksklusiivse stiiliga, k\u00f5rge kvaliteediga ja mugavustsooniga. Suurep\u00e4rane valik, mis peegeldab teie armastuslugu. S\u00f5rmuseid saab valmistada tellimust\u00f6\u00f6na: punasest, kollasest ja valgest kullast, lisatasu eest teist v\u00e4rvi kullast servadega, erineva laiusega v\u00f5i teemantidega. Meil on salongis olemas punasest ja valgest kullast n\u00e4idised ja saame need kohe teele saata.<\/i><\/p>\n<p><i>\u2022 S\u00f5rmuse kuld: 14 K (proov 585), saame valmistada ka 10K (proov 375), 18K (proov 750)\u00a0 \u00a0 \u00a0 \u00a0<\/i><\/p>\n<p><i>\u2022 S\u00f5rmuse v\u00e4rv: valida saab valge, kollase, punase kulla vahel v\u00f5i teist v\u00e4rvi servadega.\u00a0 \u00a0 \u00a0 \u00a0 \u00a0<\/i><\/p>\n<p><i>\u2022 S\u00f5rmusepaari kaal (s\u00f5ltub suurusest ja proovist): umbes 2,00 &#8211; 3,50 g\u00a0 \u00a0 \u00a0 \u00a0 \u00a0<\/i><\/p>\n<p><i>\u2022 S\u00f5rmuse m\u00f5\u00f5tmed: laius 3,5 mm (muudetav)\u00a0 \u00a0 \u00a0<\/i><\/p>\n<p><i>\u2022 S\u00f5rmuse mugavustsoon: olemas\u00a0 \u00a0<\/i><i>\u00a0 \u00a0 \u00a0 \u00a0<\/i><\/p>\n<p><i>\u2022 Teemandi kuju: puudub (muudetav).\u00a0<\/i><i>Lisatasu eest 20 Eur saame lisada s\u00e4rava ehtsa briljandi (0,015 ct, v\u00e4rv W (G-H), puhtus SI) \u00a0 \u00a0<\/i><i>\u00a0 \u00a0 \u00a0<\/i><\/p>\n<p><i>\u2022 Sertifikaat: Leedu Proovikoda (LPR)\u00a0 \u00a0 \u00a0 \u00a0<\/i><\/p>\n<p><i>\u2022 Graveerimine tasuta\u00a0<\/i><\/p>\n<p><i>\u2022 \u00dchekordne tasuta s\u00f5rmuse suuruse muutmise garantii\u00a0<\/i><\/p>\n<p><strong><i>Valmistamis- ja tarneaeg alates 14 t\u00f6\u00f6p\u00e4evast, kiirtellimusena 3 t\u00f6\u00f6p\u00e4eva jooksul. Kas teil on oma kulda? V\u00f5tke \u00fchendust, arvutame hinna \u00fcmber \u2013 maksate vaid s\u00f5rmuste valmistamise eest.<\/i><\/strong><\/p>\n<p><strong><i>\u00a0<\/i><\/strong><\/p>\n","protected":false},"excerpt":{"rendered":"<p>Klassikaline s\u00f5rmus on t\u00e4iuslik valik neile, kes armastavad lihtsust, minimalismi ning hindavad traditsioone. See s\u00f5rmus ei peegelda mitte ainult teie stiili, vaid \u00e4ratab ka m\u00e4lestusi teie vanematest v\u00f5i vanavanematest. See on suurep\u00e4rane s\u00fcmbol, mis saadab teid teie eluteel. Minimalistliku disainiga s\u00f5rmus \u00fchendab elegantsi ja sooja sentimentaalsuse, muutes selle t\u00e4iuslikuks aktsendiks teie igap\u00e4evasele stiilile.<\/p>\n","protected":false},"featured_media":40897,"template":"","meta":{"site-sidebar-layout":"","site-content-layout":"","ast-site-content-layout":"","site-content-style":"","site-sidebar-style":"","ast-global-header-display":"","ast-banner-title-visibility":"","ast-main-header-display":"","ast-hfb-above-header-display":"","ast-hfb-below-header-display":"","ast-hfb-mobile-header-display":"","site-post-title":"","ast-breadcrumbs-content":"","ast-featured-img":"","footer-sml-layout":"","ast-disable-related-posts":"","theme-transparent-header-meta":"","adv-header-id-meta":"","stick-header-meta":"","header-above-stick-meta":"","header-main-stick-meta":"","header-below-stick-meta":"","astra-migrate-meta-layouts":"default","ast-page-background-enabled":"default","ast-page-background-meta":{"desktop":{"background-color":"var(--ast-global-color-4)","background-image":"","background-repeat":"repeat","background-position":"center center","background-size":"auto","background-attachment":"scroll","background-type":"","background-media":"","overlay-type":"","overlay-color":"","overlay-opacity":"","overlay-gradient":""},"tablet":{"background-color":"","background-image":"","background-repeat":"repeat","background-position":"center center","background-size":"auto","background-attachment":"scroll","background-type":"","background-media":"","overlay-type":"","overlay-color":"","overlay-opacity":"","overlay-gradient":""},"mobile":{"background-color":"","background-image":"","background-repeat":"repeat","background-position":"center center","background-size":"auto","background-attachment":"scroll","background-type":"","background-media":"","overlay-type":"","overlay-color":"","overlay-opacity":"","overlay-gradient":""}},"ast-content-background-meta":{"desktop":{"background-color":"var(--ast-global-color-5)","background-image":"","background-repeat":"repeat","background-position":"center center","background-size":"auto","background-attachment":"scroll","background-type":"","background-media":"","overlay-type":"","overlay-color":"","overlay-opacity":"","overlay-gradient":""},"tablet":{"background-color":"var(--ast-global-color-5)","background-image":"","background-repeat":"repeat","background-position":"center center","background-size":"auto","background-attachment":"scroll","background-type":"","background-media":"","overlay-type":"","overlay-color":"","overlay-opacity":"","overlay-gradient":""},"mobile":{"background-color":"var(--ast-global-color-5)","background-image":"","background-repeat":"repeat","background-position":"center center","background-size":"auto","background-attachment":"scroll","background-type":"","background-media":"","overlay-type":"","overlay-color":"","overlay-opacity":"","overlay-gradient":""}}},"product_brand":[],"product_cat":[3594,3593,3838,3828,3567,3943,3592],"product_tag":[],"class_list":{"0":"post-286145","1":"product","2":"type-product","3":"status-publish","4":"has-post-thumbnail","6":"product_cat-abielusormused","7":"product_cat-klassikalised-abielusormused","8":"product_cat-kollasest-kullast-abielusormused","9":"product_cat-minimalistlikud-abielusormused","10":"product_cat-naiste-abielusormused","11":"product_cat-punasest-kullast-abielusormused","12":"product_cat-valgest-kullast-abielusormused","13":"desktop-align-center","14":"tablet-align-left","15":"mobile-align-left","16":"ast-product-gallery-layout-horizontal-slider","17":"ast-product-gallery-with-no-image","18":"ast-product-single-variable","19":"ast-product-tabs-layout-accordion","20":"ast-qv-on-image","22":"first","23":"instock","24":"taxable","25":"shipping-taxable","26":"purchasable","27":"product-type-variable"},"yoast_head":"<!-- This site is optimized with the Yoast SEO plugin v26.6 - https:\/\/yoast.com\/wordpress\/plugins\/seo\/ -->\n<title>3,5 mm abielus\u00f5rmus KLASSIKA I Fashiongold.lt<\/title>\n<meta name=\"description\" content=\"Klassikaline s\u00f5rmus on t\u00e4iuslik valik minimalismi armastajatele ja traditsioonide hoidjatele. See s\u00f5rmus peegeldab m\u00e4lestusi teie vanematest v\u00f5i vanavanematest.\" \/>\n<meta name=\"robots\" content=\"index, follow, max-snippet:-1, max-image-preview:large, max-video-preview:-1\" \/>\n<link rel=\"canonical\" href=\"https:\/\/fashiongold.lt\/et\/papuosalas\/35-mm-abielusormus-klassika-ilma-mugavustsoonita\/\" \/>\n<meta property=\"og:locale\" content=\"et_EE\" \/>\n<meta property=\"og:type\" content=\"article\" \/>\n<meta property=\"og:title\" content=\"3,5 mm abielus\u00f5rmus KLASSIKA I Fashiongold.lt\" \/>\n<meta property=\"og:description\" content=\"Klassikaline s\u00f5rmus on t\u00e4iuslik valik minimalismi armastajatele ja traditsioonide hoidjatele. See s\u00f5rmus peegeldab m\u00e4lestusi teie vanematest v\u00f5i vanavanematest.\" \/>\n<meta property=\"og:url\" content=\"https:\/\/fashiongold.lt\/et\/papuosalas\/35-mm-abielusormus-klassika-ilma-mugavustsoonita\/\" \/>\n<meta property=\"og:site_name\" content=\"FashionGold.lt\" \/>\n<meta property=\"og:image\" content=\"https:\/\/fashiongold.lt\/wp-content\/uploads\/2025\/10\/1881-37e-35-mm-vestuvinis-ziedas-KLASIKA-raudono-aukso.webp\" \/>\n\t<meta property=\"og:image:width\" content=\"687\" \/>\n\t<meta property=\"og:image:height\" content=\"519\" \/>\n\t<meta property=\"og:image:type\" content=\"image\/jpeg\" \/>\n<meta name=\"twitter:card\" content=\"summary_large_image\" \/>\n<meta name=\"twitter:label1\" content=\"Est. reading time\" \/>\n\t<meta name=\"twitter:data1\" content=\"1 minut\" \/>\n<script type=\"application\/ld+json\" class=\"yoast-schema-graph\">{\"@context\":\"https:\/\/schema.org\",\"@graph\":[{\"@type\":\"WebPage\",\"@id\":\"https:\/\/fashiongold.lt\/et\/papuosalas\/35-mm-abielusormus-klassika-ilma-mugavustsoonita\/\",\"url\":\"https:\/\/fashiongold.lt\/et\/papuosalas\/35-mm-abielusormus-klassika-ilma-mugavustsoonita\/\",\"name\":\"3,5 mm abielus\u00f5rmus KLASSIKA I Fashiongold.lt\",\"isPartOf\":{\"@id\":\"https:\/\/fashiongold.lt\/et\/#website\"},\"primaryImageOfPage\":{\"@id\":\"https:\/\/fashiongold.lt\/et\/papuosalas\/35-mm-abielusormus-klassika-ilma-mugavustsoonita\/#primaryimage\"},\"image\":{\"@id\":\"https:\/\/fashiongold.lt\/et\/papuosalas\/35-mm-abielusormus-klassika-ilma-mugavustsoonita\/#primaryimage\"},\"thumbnailUrl\":\"https:\/\/fashiongold.lt\/wp-content\/uploads\/2025\/10\/1881-37e-35-mm-vestuvinis-ziedas-KLASIKA-raudono-aukso.jpg\",\"datePublished\":\"2025-10-09T16:43:45+00:00\",\"description\":\"Klassikaline s\u00f5rmus on t\u00e4iuslik valik minimalismi armastajatele ja traditsioonide hoidjatele. See s\u00f5rmus peegeldab m\u00e4lestusi teie vanematest v\u00f5i vanavanematest.\",\"breadcrumb\":{\"@id\":\"https:\/\/fashiongold.lt\/et\/papuosalas\/35-mm-abielusormus-klassika-ilma-mugavustsoonita\/#breadcrumb\"},\"inLanguage\":\"et\",\"potentialAction\":[{\"@type\":\"ReadAction\",\"target\":[\"https:\/\/fashiongold.lt\/et\/papuosalas\/35-mm-abielusormus-klassika-ilma-mugavustsoonita\/\"]}]},{\"@type\":\"ImageObject\",\"inLanguage\":\"et\",\"@id\":\"https:\/\/fashiongold.lt\/et\/papuosalas\/35-mm-abielusormus-klassika-ilma-mugavustsoonita\/#primaryimage\",\"url\":\"https:\/\/fashiongold.lt\/wp-content\/uploads\/2025\/10\/1881-37e-35-mm-vestuvinis-ziedas-KLASIKA-raudono-aukso.jpg\",\"contentUrl\":\"https:\/\/fashiongold.lt\/wp-content\/uploads\/2025\/10\/1881-37e-35-mm-vestuvinis-ziedas-KLASIKA-raudono-aukso.jpg\",\"width\":687,\"height\":519},{\"@type\":\"BreadcrumbList\",\"@id\":\"https:\/\/fashiongold.lt\/et\/papuosalas\/35-mm-abielusormus-klassika-ilma-mugavustsoonita\/#breadcrumb\",\"itemListElement\":[{\"@type\":\"ListItem\",\"position\":1,\"name\":\"Home\",\"item\":\"https:\/\/fashiongold.lt\/et\/\"},{\"@type\":\"ListItem\",\"position\":2,\"name\":\"Teemantide pood Fashiongold.lt\",\"item\":\"https:\/\/fashiongold.lt\/shop-2\/\"},{\"@type\":\"ListItem\",\"position\":3,\"name\":\"3,5 mm abielus\u00f5rmus KLASSIKA ilma mugavustsoonita\"}]},{\"@type\":\"WebSite\",\"@id\":\"https:\/\/fashiongold.lt\/et\/#website\",\"url\":\"https:\/\/fashiongold.lt\/et\/\",\"name\":\"Fashion Gold\",\"description\":\"Juvelyrikos namai\",\"publisher\":{\"@id\":\"https:\/\/fashiongold.lt\/et\/#organization\"},\"potentialAction\":[{\"@type\":\"SearchAction\",\"target\":{\"@type\":\"EntryPoint\",\"urlTemplate\":\"https:\/\/fashiongold.lt\/et\/?s={search_term_string}\"},\"query-input\":{\"@type\":\"PropertyValueSpecification\",\"valueRequired\":true,\"valueName\":\"search_term_string\"}}],\"inLanguage\":\"et\"},{\"@type\":\"Organization\",\"@id\":\"https:\/\/fashiongold.lt\/et\/#organization\",\"name\":\"Topdiamonds Online\",\"url\":\"https:\/\/fashiongold.lt\/et\/\",\"logo\":{\"@type\":\"ImageObject\",\"inLanguage\":\"et\",\"@id\":\"https:\/\/fashiongold.lt\/et\/#\/schema\/logo\/image\/\",\"url\":\"https:\/\/fashiongold.lt\/wp-content\/uploads\/2025\/04\/cropped-fashion_gold_logotipas2-scaled-1.png\",\"contentUrl\":\"https:\/\/fashiongold.lt\/wp-content\/uploads\/2025\/04\/cropped-fashion_gold_logotipas2-scaled-1.png\",\"width\":2559,\"height\":421,\"caption\":\"Topdiamonds Online\"},\"image\":{\"@id\":\"https:\/\/fashiongold.lt\/et\/#\/schema\/logo\/image\/\"}}]}<\/script>\n<!-- \/ Yoast SEO plugin. -->","yoast_head_json":{"title":"3,5 mm abielus\u00f5rmus KLASSIKA I Fashiongold.lt","description":"Klassikaline s\u00f5rmus on t\u00e4iuslik valik minimalismi armastajatele ja traditsioonide hoidjatele. See s\u00f5rmus peegeldab m\u00e4lestusi teie vanematest v\u00f5i vanavanematest.","robots":{"index":"index","follow":"follow","max-snippet":"max-snippet:-1","max-image-preview":"max-image-preview:large","max-video-preview":"max-video-preview:-1"},"canonical":"https:\/\/fashiongold.lt\/et\/papuosalas\/35-mm-abielusormus-klassika-ilma-mugavustsoonita\/","og_locale":"et_EE","og_type":"article","og_title":"3,5 mm abielus\u00f5rmus KLASSIKA I Fashiongold.lt","og_description":"Klassikaline s\u00f5rmus on t\u00e4iuslik valik minimalismi armastajatele ja traditsioonide hoidjatele. See s\u00f5rmus peegeldab m\u00e4lestusi teie vanematest v\u00f5i vanavanematest.","og_url":"https:\/\/fashiongold.lt\/et\/papuosalas\/35-mm-abielusormus-klassika-ilma-mugavustsoonita\/","og_site_name":"FashionGold.lt","og_image":[{"width":687,"height":519,"url":"https:\/\/fashiongold.lt\/wp-content\/uploads\/2025\/10\/1881-37e-35-mm-vestuvinis-ziedas-KLASIKA-raudono-aukso.webp","type":"image\/jpeg"}],"twitter_card":"summary_large_image","twitter_misc":{"Est. reading time":"1 minut"},"schema":{"@context":"https:\/\/schema.org","@graph":[{"@type":"WebPage","@id":"https:\/\/fashiongold.lt\/et\/papuosalas\/35-mm-abielusormus-klassika-ilma-mugavustsoonita\/","url":"https:\/\/fashiongold.lt\/et\/papuosalas\/35-mm-abielusormus-klassika-ilma-mugavustsoonita\/","name":"3,5 mm abielus\u00f5rmus KLASSIKA I Fashiongold.lt","isPartOf":{"@id":"https:\/\/fashiongold.lt\/et\/#website"},"primaryImageOfPage":{"@id":"https:\/\/fashiongold.lt\/et\/papuosalas\/35-mm-abielusormus-klassika-ilma-mugavustsoonita\/#primaryimage"},"image":{"@id":"https:\/\/fashiongold.lt\/et\/papuosalas\/35-mm-abielusormus-klassika-ilma-mugavustsoonita\/#primaryimage"},"thumbnailUrl":"https:\/\/fashiongold.lt\/wp-content\/uploads\/2025\/10\/1881-37e-35-mm-vestuvinis-ziedas-KLASIKA-raudono-aukso.jpg","datePublished":"2025-10-09T16:43:45+00:00","description":"Klassikaline s\u00f5rmus on t\u00e4iuslik valik minimalismi armastajatele ja traditsioonide hoidjatele. See s\u00f5rmus peegeldab m\u00e4lestusi teie vanematest v\u00f5i vanavanematest.","breadcrumb":{"@id":"https:\/\/fashiongold.lt\/et\/papuosalas\/35-mm-abielusormus-klassika-ilma-mugavustsoonita\/#breadcrumb"},"inLanguage":"et","potentialAction":[{"@type":"ReadAction","target":["https:\/\/fashiongold.lt\/et\/papuosalas\/35-mm-abielusormus-klassika-ilma-mugavustsoonita\/"]}]},{"@type":"ImageObject","inLanguage":"et","@id":"https:\/\/fashiongold.lt\/et\/papuosalas\/35-mm-abielusormus-klassika-ilma-mugavustsoonita\/#primaryimage","url":"https:\/\/fashiongold.lt\/wp-content\/uploads\/2025\/10\/1881-37e-35-mm-vestuvinis-ziedas-KLASIKA-raudono-aukso.jpg","contentUrl":"https:\/\/fashiongold.lt\/wp-content\/uploads\/2025\/10\/1881-37e-35-mm-vestuvinis-ziedas-KLASIKA-raudono-aukso.jpg","width":687,"height":519},{"@type":"BreadcrumbList","@id":"https:\/\/fashiongold.lt\/et\/papuosalas\/35-mm-abielusormus-klassika-ilma-mugavustsoonita\/#breadcrumb","itemListElement":[{"@type":"ListItem","position":1,"name":"Home","item":"https:\/\/fashiongold.lt\/et\/"},{"@type":"ListItem","position":2,"name":"Teemantide pood Fashiongold.lt","item":"https:\/\/fashiongold.lt\/shop-2\/"},{"@type":"ListItem","position":3,"name":"3,5 mm abielus\u00f5rmus KLASSIKA ilma mugavustsoonita"}]},{"@type":"WebSite","@id":"https:\/\/fashiongold.lt\/et\/#website","url":"https:\/\/fashiongold.lt\/et\/","name":"Fashion Gold","description":"Juvelyrikos namai","publisher":{"@id":"https:\/\/fashiongold.lt\/et\/#organization"},"potentialAction":[{"@type":"SearchAction","target":{"@type":"EntryPoint","urlTemplate":"https:\/\/fashiongold.lt\/et\/?s={search_term_string}"},"query-input":{"@type":"PropertyValueSpecification","valueRequired":true,"valueName":"search_term_string"}}],"inLanguage":"et"},{"@type":"Organization","@id":"https:\/\/fashiongold.lt\/et\/#organization","name":"Topdiamonds Online","url":"https:\/\/fashiongold.lt\/et\/","logo":{"@type":"ImageObject","inLanguage":"et","@id":"https:\/\/fashiongold.lt\/et\/#\/schema\/logo\/image\/","url":"https:\/\/fashiongold.lt\/wp-content\/uploads\/2025\/04\/cropped-fashion_gold_logotipas2-scaled-1.png","contentUrl":"https:\/\/fashiongold.lt\/wp-content\/uploads\/2025\/04\/cropped-fashion_gold_logotipas2-scaled-1.png","width":2559,"height":421,"caption":"Topdiamonds Online"},"image":{"@id":"https:\/\/fashiongold.lt\/et\/#\/schema\/logo\/image\/"}}]}},"_links":{"self":[{"href":"https:\/\/fashiongold.lt\/et\/wp-json\/wp\/v2\/product\/286145","targetHints":{"allow":["GET"]}}],"collection":[{"href":"https:\/\/fashiongold.lt\/et\/wp-json\/wp\/v2\/product"}],"about":[{"href":"https:\/\/fashiongold.lt\/et\/wp-json\/wp\/v2\/types\/product"}],"version-history":[{"count":0,"href":"https:\/\/fashiongold.lt\/et\/wp-json\/wp\/v2\/product\/286145\/revisions"}],"wp:featuredmedia":[{"embeddable":true,"href":"https:\/\/fashiongold.lt\/et\/wp-json\/wp\/v2\/media\/40897"}],"wp:attachment":[{"href":"https:\/\/fashiongold.lt\/et\/wp-json\/wp\/v2\/media?parent=286145"}],"wp:term":[{"taxonomy":"product_brand","embeddable":true,"href":"https:\/\/fashiongold.lt\/et\/wp-json\/wp\/v2\/product_brand?post=286145"},{"taxonomy":"product_cat","embeddable":true,"href":"https:\/\/fashiongold.lt\/et\/wp-json\/wp\/v2\/product_cat?post=286145"},{"taxonomy":"product_tag","embeddable":true,"href":"https:\/\/fashiongold.lt\/et\/wp-json\/wp\/v2\/product_tag?post=286145"}],"curies":[{"name":"wp","href":"https:\/\/api.w.org\/{rel}","templated":true}]}}