{"id":286150,"date":"2025-10-09T16:43:22","date_gmt":"2025-10-09T16:43:22","guid":{"rendered":"https:\/\/fashiongold.lt\/papuosalas\/abielusormus-klasika-5-mm-valgest-kollasest-ja-punasest-kullast\/"},"modified":"2025-10-09T16:43:22","modified_gmt":"2025-10-09T16:43:22","slug":"abielusormus-klasika-5-mm-valgest-kollasest-ja-punasest-kullast","status":"publish","type":"product","link":"https:\/\/fashiongold.lt\/et\/papuosalas\/abielusormus-klasika-5-mm-valgest-kollasest-ja-punasest-kullast\/","title":{"rendered":"ABIELUS\u00d5RMUS \u201eKLASIKA\u201c 5 mm valgest, kollasest ja punasest kullast"},"content":{"rendered":"<p>Abielus\u00f5rmus kollektsioonist \u201eKlasika\u201c. See on klassikaline sile kulds\u00f5rmus valitud kulla v\u00e4rvi.<\/p>\n<p>Laius &#8211; 5 mm.<\/p>\n<p>Mugavustsooniga.<\/p>\n<p>Kaal s\u00f5ltub suurusest vahemikus 4,00 g kuni 6,00 g.<\/p>\n<p>T\u00e4iendava 20-eurose tasu eest saame lisada s\u00e4tendava ehtsa briljandi (0,015 ct, v\u00e4rvus W (G-H), puhtus SI)<\/p>\n<p>Meil on salongis k\u00f5ik suurused olemas, seega saadame v\u00e4lja viivitamatult.<\/p>\n<p>Hind kehtib internetist ostes<\/p>\n","protected":false},"excerpt":{"rendered":"<p>Klassikaline sile abielus\u00f5rmus valitud v\u00e4rvi kullast.<\/p>\n","protected":false},"featured_media":40832,"template":"","meta":{"site-sidebar-layout":"","site-content-layout":"","ast-site-content-layout":"","site-content-style":"","site-sidebar-style":"","ast-global-header-display":"","ast-banner-title-visibility":"","ast-main-header-display":"","ast-hfb-above-header-display":"","ast-hfb-below-header-display":"","ast-hfb-mobile-header-display":"","site-post-title":"","ast-breadcrumbs-content":"","ast-featured-img":"","footer-sml-layout":"","ast-disable-related-posts":"","theme-transparent-header-meta":"","adv-header-id-meta":"","stick-header-meta":"","header-above-stick-meta":"","header-main-stick-meta":"","header-below-stick-meta":"","astra-migrate-meta-layouts":"default","ast-page-background-enabled":"default","ast-page-background-meta":{"desktop":{"background-color":"var(--ast-global-color-4)","background-image":"","background-repeat":"repeat","background-position":"center center","background-size":"auto","background-attachment":"scroll","background-type":"","background-media":"","overlay-type":"","overlay-color":"","overlay-opacity":"","overlay-gradient":""},"tablet":{"background-color":"","background-image":"","background-repeat":"repeat","background-position":"center center","background-size":"auto","background-attachment":"scroll","background-type":"","background-media":"","overlay-type":"","overlay-color":"","overlay-opacity":"","overlay-gradient":""},"mobile":{"background-color":"","background-image":"","background-repeat":"repeat","background-position":"center center","background-size":"auto","background-attachment":"scroll","background-type":"","background-media":"","overlay-type":"","overlay-color":"","overlay-opacity":"","overlay-gradient":""}},"ast-content-background-meta":{"desktop":{"background-color":"var(--ast-global-color-5)","background-image":"","background-repeat":"repeat","background-position":"center center","background-size":"auto","background-attachment":"scroll","background-type":"","background-media":"","overlay-type":"","overlay-color":"","overlay-opacity":"","overlay-gradient":""},"tablet":{"background-color":"var(--ast-global-color-5)","background-image":"","background-repeat":"repeat","background-position":"center center","background-size":"auto","background-attachment":"scroll","background-type":"","background-media":"","overlay-type":"","overlay-color":"","overlay-opacity":"","overlay-gradient":""},"mobile":{"background-color":"var(--ast-global-color-5)","background-image":"","background-repeat":"repeat","background-position":"center center","background-size":"auto","background-attachment":"scroll","background-type":"","background-media":"","overlay-type":"","overlay-color":"","overlay-opacity":"","overlay-gradient":""}}},"product_brand":[],"product_cat":[3594,3593,3567,3574,3592],"product_tag":[],"class_list":{"0":"post-286150","1":"product","2":"type-product","3":"status-publish","4":"has-post-thumbnail","6":"product_cat-abielusormused","7":"product_cat-klassikalised-abielusormused","8":"product_cat-naiste-abielusormused","9":"product_cat-soodusmuuk","10":"product_cat-valgest-kullast-abielusormused","11":"desktop-align-center","12":"tablet-align-left","13":"mobile-align-left","14":"ast-product-gallery-layout-horizontal-slider","15":"ast-product-gallery-with-no-image","16":"ast-product-single-variable","17":"ast-product-tabs-layout-accordion","18":"ast-qv-on-image","20":"first","21":"instock","22":"taxable","23":"shipping-taxable","24":"purchasable","25":"product-type-variable"},"yoast_head":"<!-- This site is optimized with the Yoast SEO plugin v26.6 - https:\/\/yoast.com\/wordpress\/plugins\/seo\/ -->\n<title>Klassikaline punasest kullast abielus\u00f5rmus<\/title>\n<meta name=\"robots\" content=\"index, follow, max-snippet:-1, max-image-preview:large, max-video-preview:-1\" \/>\n<link rel=\"canonical\" href=\"https:\/\/fashiongold.lt\/et\/papuosalas\/abielusormus-klasika-5-mm-valgest-kollasest-ja-punasest-kullast\/\" \/>\n<meta property=\"og:locale\" content=\"et_EE\" \/>\n<meta property=\"og:type\" content=\"article\" \/>\n<meta property=\"og:title\" content=\"Klassikaline punasest kullast abielus\u00f5rmus\" \/>\n<meta property=\"og:description\" content=\"Klassikaline sile abielus\u00f5rmus valitud v\u00e4rvi kullast.\" \/>\n<meta property=\"og:url\" content=\"https:\/\/fashiongold.lt\/et\/papuosalas\/abielusormus-klasika-5-mm-valgest-kollasest-ja-punasest-kullast\/\" \/>\n<meta property=\"og:site_name\" content=\"FashionGold.lt\" \/>\n<meta property=\"og:image\" content=\"https:\/\/fashiongold.lt\/wp-content\/uploads\/2025\/10\/1885-cb8-VESTUVINIS-ZIEDAS-KLASIKA-2020-5-mm-balto-geltono-ir-raudono-aukso.webp\" \/>\n\t<meta property=\"og:image:width\" content=\"670\" \/>\n\t<meta property=\"og:image:height\" content=\"533\" \/>\n\t<meta property=\"og:image:type\" content=\"image\/jpeg\" \/>\n<meta name=\"twitter:card\" content=\"summary_large_image\" \/>\n<script type=\"application\/ld+json\" class=\"yoast-schema-graph\">{\"@context\":\"https:\/\/schema.org\",\"@graph\":[{\"@type\":\"WebPage\",\"@id\":\"https:\/\/fashiongold.lt\/et\/papuosalas\/abielusormus-klasika-5-mm-valgest-kollasest-ja-punasest-kullast\/\",\"url\":\"https:\/\/fashiongold.lt\/et\/papuosalas\/abielusormus-klasika-5-mm-valgest-kollasest-ja-punasest-kullast\/\",\"name\":\"Klassikaline punasest kullast abielus\u00f5rmus\",\"isPartOf\":{\"@id\":\"https:\/\/fashiongold.lt\/et\/#website\"},\"primaryImageOfPage\":{\"@id\":\"https:\/\/fashiongold.lt\/et\/papuosalas\/abielusormus-klasika-5-mm-valgest-kollasest-ja-punasest-kullast\/#primaryimage\"},\"image\":{\"@id\":\"https:\/\/fashiongold.lt\/et\/papuosalas\/abielusormus-klasika-5-mm-valgest-kollasest-ja-punasest-kullast\/#primaryimage\"},\"thumbnailUrl\":\"https:\/\/fashiongold.lt\/wp-content\/uploads\/2025\/10\/1885-cb8-VESTUVINIS-ZIEDAS-KLASIKA-2020-5-mm-balto-geltono-ir-raudono-aukso.jpg\",\"datePublished\":\"2025-10-09T16:43:22+00:00\",\"breadcrumb\":{\"@id\":\"https:\/\/fashiongold.lt\/et\/papuosalas\/abielusormus-klasika-5-mm-valgest-kollasest-ja-punasest-kullast\/#breadcrumb\"},\"inLanguage\":\"et\",\"potentialAction\":[{\"@type\":\"ReadAction\",\"target\":[\"https:\/\/fashiongold.lt\/et\/papuosalas\/abielusormus-klasika-5-mm-valgest-kollasest-ja-punasest-kullast\/\"]}]},{\"@type\":\"ImageObject\",\"inLanguage\":\"et\",\"@id\":\"https:\/\/fashiongold.lt\/et\/papuosalas\/abielusormus-klasika-5-mm-valgest-kollasest-ja-punasest-kullast\/#primaryimage\",\"url\":\"https:\/\/fashiongold.lt\/wp-content\/uploads\/2025\/10\/1885-cb8-VESTUVINIS-ZIEDAS-KLASIKA-2020-5-mm-balto-geltono-ir-raudono-aukso.jpg\",\"contentUrl\":\"https:\/\/fashiongold.lt\/wp-content\/uploads\/2025\/10\/1885-cb8-VESTUVINIS-ZIEDAS-KLASIKA-2020-5-mm-balto-geltono-ir-raudono-aukso.jpg\",\"width\":670,\"height\":533},{\"@type\":\"BreadcrumbList\",\"@id\":\"https:\/\/fashiongold.lt\/et\/papuosalas\/abielusormus-klasika-5-mm-valgest-kollasest-ja-punasest-kullast\/#breadcrumb\",\"itemListElement\":[{\"@type\":\"ListItem\",\"position\":1,\"name\":\"Home\",\"item\":\"https:\/\/fashiongold.lt\/et\/\"},{\"@type\":\"ListItem\",\"position\":2,\"name\":\"Teemantide pood Fashiongold.lt\",\"item\":\"https:\/\/fashiongold.lt\/shop-2\/\"},{\"@type\":\"ListItem\",\"position\":3,\"name\":\"ABIELUS\u00d5RMUS \u201eKLASIKA\u201c 5 mm valgest, kollasest ja punasest kullast\"}]},{\"@type\":\"WebSite\",\"@id\":\"https:\/\/fashiongold.lt\/et\/#website\",\"url\":\"https:\/\/fashiongold.lt\/et\/\",\"name\":\"Fashion Gold\",\"description\":\"Juvelyrikos namai\",\"publisher\":{\"@id\":\"https:\/\/fashiongold.lt\/et\/#organization\"},\"potentialAction\":[{\"@type\":\"SearchAction\",\"target\":{\"@type\":\"EntryPoint\",\"urlTemplate\":\"https:\/\/fashiongold.lt\/et\/?s={search_term_string}\"},\"query-input\":{\"@type\":\"PropertyValueSpecification\",\"valueRequired\":true,\"valueName\":\"search_term_string\"}}],\"inLanguage\":\"et\"},{\"@type\":\"Organization\",\"@id\":\"https:\/\/fashiongold.lt\/et\/#organization\",\"name\":\"Topdiamonds Online\",\"url\":\"https:\/\/fashiongold.lt\/et\/\",\"logo\":{\"@type\":\"ImageObject\",\"inLanguage\":\"et\",\"@id\":\"https:\/\/fashiongold.lt\/et\/#\/schema\/logo\/image\/\",\"url\":\"https:\/\/fashiongold.lt\/wp-content\/uploads\/2025\/04\/cropped-fashion_gold_logotipas2-scaled-1.png\",\"contentUrl\":\"https:\/\/fashiongold.lt\/wp-content\/uploads\/2025\/04\/cropped-fashion_gold_logotipas2-scaled-1.png\",\"width\":2559,\"height\":421,\"caption\":\"Topdiamonds Online\"},\"image\":{\"@id\":\"https:\/\/fashiongold.lt\/et\/#\/schema\/logo\/image\/\"}}]}<\/script>\n<!-- \/ Yoast SEO plugin. -->","yoast_head_json":{"title":"Klassikaline punasest kullast abielus\u00f5rmus","robots":{"index":"index","follow":"follow","max-snippet":"max-snippet:-1","max-image-preview":"max-image-preview:large","max-video-preview":"max-video-preview:-1"},"canonical":"https:\/\/fashiongold.lt\/et\/papuosalas\/abielusormus-klasika-5-mm-valgest-kollasest-ja-punasest-kullast\/","og_locale":"et_EE","og_type":"article","og_title":"Klassikaline punasest kullast abielus\u00f5rmus","og_description":"Klassikaline sile abielus\u00f5rmus valitud v\u00e4rvi kullast.","og_url":"https:\/\/fashiongold.lt\/et\/papuosalas\/abielusormus-klasika-5-mm-valgest-kollasest-ja-punasest-kullast\/","og_site_name":"FashionGold.lt","og_image":[{"width":670,"height":533,"url":"https:\/\/fashiongold.lt\/wp-content\/uploads\/2025\/10\/1885-cb8-VESTUVINIS-ZIEDAS-KLASIKA-2020-5-mm-balto-geltono-ir-raudono-aukso.webp","type":"image\/jpeg"}],"twitter_card":"summary_large_image","schema":{"@context":"https:\/\/schema.org","@graph":[{"@type":"WebPage","@id":"https:\/\/fashiongold.lt\/et\/papuosalas\/abielusormus-klasika-5-mm-valgest-kollasest-ja-punasest-kullast\/","url":"https:\/\/fashiongold.lt\/et\/papuosalas\/abielusormus-klasika-5-mm-valgest-kollasest-ja-punasest-kullast\/","name":"Klassikaline punasest kullast abielus\u00f5rmus","isPartOf":{"@id":"https:\/\/fashiongold.lt\/et\/#website"},"primaryImageOfPage":{"@id":"https:\/\/fashiongold.lt\/et\/papuosalas\/abielusormus-klasika-5-mm-valgest-kollasest-ja-punasest-kullast\/#primaryimage"},"image":{"@id":"https:\/\/fashiongold.lt\/et\/papuosalas\/abielusormus-klasika-5-mm-valgest-kollasest-ja-punasest-kullast\/#primaryimage"},"thumbnailUrl":"https:\/\/fashiongold.lt\/wp-content\/uploads\/2025\/10\/1885-cb8-VESTUVINIS-ZIEDAS-KLASIKA-2020-5-mm-balto-geltono-ir-raudono-aukso.jpg","datePublished":"2025-10-09T16:43:22+00:00","breadcrumb":{"@id":"https:\/\/fashiongold.lt\/et\/papuosalas\/abielusormus-klasika-5-mm-valgest-kollasest-ja-punasest-kullast\/#breadcrumb"},"inLanguage":"et","potentialAction":[{"@type":"ReadAction","target":["https:\/\/fashiongold.lt\/et\/papuosalas\/abielusormus-klasika-5-mm-valgest-kollasest-ja-punasest-kullast\/"]}]},{"@type":"ImageObject","inLanguage":"et","@id":"https:\/\/fashiongold.lt\/et\/papuosalas\/abielusormus-klasika-5-mm-valgest-kollasest-ja-punasest-kullast\/#primaryimage","url":"https:\/\/fashiongold.lt\/wp-content\/uploads\/2025\/10\/1885-cb8-VESTUVINIS-ZIEDAS-KLASIKA-2020-5-mm-balto-geltono-ir-raudono-aukso.jpg","contentUrl":"https:\/\/fashiongold.lt\/wp-content\/uploads\/2025\/10\/1885-cb8-VESTUVINIS-ZIEDAS-KLASIKA-2020-5-mm-balto-geltono-ir-raudono-aukso.jpg","width":670,"height":533},{"@type":"BreadcrumbList","@id":"https:\/\/fashiongold.lt\/et\/papuosalas\/abielusormus-klasika-5-mm-valgest-kollasest-ja-punasest-kullast\/#breadcrumb","itemListElement":[{"@type":"ListItem","position":1,"name":"Home","item":"https:\/\/fashiongold.lt\/et\/"},{"@type":"ListItem","position":2,"name":"Teemantide pood Fashiongold.lt","item":"https:\/\/fashiongold.lt\/shop-2\/"},{"@type":"ListItem","position":3,"name":"ABIELUS\u00d5RMUS \u201eKLASIKA\u201c 5 mm valgest, kollasest ja punasest kullast"}]},{"@type":"WebSite","@id":"https:\/\/fashiongold.lt\/et\/#website","url":"https:\/\/fashiongold.lt\/et\/","name":"Fashion Gold","description":"Juvelyrikos namai","publisher":{"@id":"https:\/\/fashiongold.lt\/et\/#organization"},"potentialAction":[{"@type":"SearchAction","target":{"@type":"EntryPoint","urlTemplate":"https:\/\/fashiongold.lt\/et\/?s={search_term_string}"},"query-input":{"@type":"PropertyValueSpecification","valueRequired":true,"valueName":"search_term_string"}}],"inLanguage":"et"},{"@type":"Organization","@id":"https:\/\/fashiongold.lt\/et\/#organization","name":"Topdiamonds Online","url":"https:\/\/fashiongold.lt\/et\/","logo":{"@type":"ImageObject","inLanguage":"et","@id":"https:\/\/fashiongold.lt\/et\/#\/schema\/logo\/image\/","url":"https:\/\/fashiongold.lt\/wp-content\/uploads\/2025\/04\/cropped-fashion_gold_logotipas2-scaled-1.png","contentUrl":"https:\/\/fashiongold.lt\/wp-content\/uploads\/2025\/04\/cropped-fashion_gold_logotipas2-scaled-1.png","width":2559,"height":421,"caption":"Topdiamonds Online"},"image":{"@id":"https:\/\/fashiongold.lt\/et\/#\/schema\/logo\/image\/"}}]}},"_links":{"self":[{"href":"https:\/\/fashiongold.lt\/et\/wp-json\/wp\/v2\/product\/286150","targetHints":{"allow":["GET"]}}],"collection":[{"href":"https:\/\/fashiongold.lt\/et\/wp-json\/wp\/v2\/product"}],"about":[{"href":"https:\/\/fashiongold.lt\/et\/wp-json\/wp\/v2\/types\/product"}],"version-history":[{"count":0,"href":"https:\/\/fashiongold.lt\/et\/wp-json\/wp\/v2\/product\/286150\/revisions"}],"wp:featuredmedia":[{"embeddable":true,"href":"https:\/\/fashiongold.lt\/et\/wp-json\/wp\/v2\/media\/40832"}],"wp:attachment":[{"href":"https:\/\/fashiongold.lt\/et\/wp-json\/wp\/v2\/media?parent=286150"}],"wp:term":[{"taxonomy":"product_brand","embeddable":true,"href":"https:\/\/fashiongold.lt\/et\/wp-json\/wp\/v2\/product_brand?post=286150"},{"taxonomy":"product_cat","embeddable":true,"href":"https:\/\/fashiongold.lt\/et\/wp-json\/wp\/v2\/product_cat?post=286150"},{"taxonomy":"product_tag","embeddable":true,"href":"https:\/\/fashiongold.lt\/et\/wp-json\/wp\/v2\/product_tag?post=286150"}],"curies":[{"name":"wp","href":"https:\/\/api.w.org\/{rel}","templated":true}]}}