{"id":286275,"date":"2025-10-09T16:39:47","date_gmt":"2025-10-09T16:39:47","guid":{"rendered":"https:\/\/fashiongold.lt\/papuosalas\/armastuse-suntees-klassikaline-valgest-ja-punasest-kullast-abielusormus\/"},"modified":"2025-10-09T16:39:47","modified_gmt":"2025-10-09T16:39:47","slug":"armastuse-suntees-klassikaline-valgest-ja-punasest-kullast-abielusormus","status":"publish","type":"product","link":"https:\/\/fashiongold.lt\/et\/papuosalas\/armastuse-suntees-klassikaline-valgest-ja-punasest-kullast-abielusormus\/","title":{"rendered":"Armastuse s\u00fcntees \u2013 klassikaline valgest ja punasest kullast abielus\u00f5rmus"},"content":{"rendered":"<p>Valge ja punane \u2013 kaks erinevat kontrastset kullav\u00e4rvi, mis sobivad omavahel suurep\u00e4raselt kokku. Nii sobib kokku ka harmooniline paar \u2013 kontrastne, kuid leidnud omavahel t\u00e4iusliku s\u00fcnteesi. Selle abielus\u00f5rmuse saab valmistada teie kullast.\u00a0<\/p>\n<p>Valmistatud Leedus \u2013 k\u00e4sit\u00f6\u00f6. S\u00f5rmust saab valmistada tellimust\u00f6\u00f6na: punasest, kollasest v\u00f5i valgest kullast.\u00a0<\/p>\n<p>\u2022 S\u00f5rmuse kuld: 14K (proov 585), saame valmistada ka 18K (proov 750) kullast\u00a0\u00a0<\/p>\n<p>\u2022 S\u00f5rmuse v\u00e4rv: valge ja punane kuld\u00a0 \u00a0<\/p>\n<p>\u2022 S\u00f5rmuse kaal (s\u00f5ltub suurusest): umbes 6 g\u00a0 \u00a0<\/p>\n<p>\u2022 S\u00f5rmuse m\u00f5\u00f5dud: laius 5 mm (saab muuta)<\/p>\n<p>\u2022 Sertifikaat: Leedu proovikoda (LPR)\u00a0<\/p>\n<p>\u2022 Valmistamise ja tarne t\u00e4htaeg on 14 t\u00f6\u00f6p\u00e4eva<\/p>\n","protected":false},"excerpt":{"rendered":"<p>Kontrastsete v\u00e4rvide harmoonia \u2013 klassikalise disainiga abielus\u00f5rmus. Valge ja punane kuld sulanduvad delikaatselt \u00fchte. Eriline valik, mis saadab teid kogu elu.<\/p>\n","protected":false},"featured_media":40141,"template":"","meta":{"site-sidebar-layout":"","site-content-layout":"","ast-site-content-layout":"","site-content-style":"","site-sidebar-style":"","ast-global-header-display":"","ast-banner-title-visibility":"","ast-main-header-display":"","ast-hfb-above-header-display":"","ast-hfb-below-header-display":"","ast-hfb-mobile-header-display":"","site-post-title":"","ast-breadcrumbs-content":"","ast-featured-img":"","footer-sml-layout":"","ast-disable-related-posts":"","theme-transparent-header-meta":"","adv-header-id-meta":"","stick-header-meta":"","header-above-stick-meta":"","header-main-stick-meta":"","header-below-stick-meta":"","astra-migrate-meta-layouts":"default","ast-page-background-enabled":"default","ast-page-background-meta":{"desktop":{"background-color":"var(--ast-global-color-4)","background-image":"","background-repeat":"repeat","background-position":"center center","background-size":"auto","background-attachment":"scroll","background-type":"","background-media":"","overlay-type":"","overlay-color":"","overlay-opacity":"","overlay-gradient":""},"tablet":{"background-color":"","background-image":"","background-repeat":"repeat","background-position":"center center","background-size":"auto","background-attachment":"scroll","background-type":"","background-media":"","overlay-type":"","overlay-color":"","overlay-opacity":"","overlay-gradient":""},"mobile":{"background-color":"","background-image":"","background-repeat":"repeat","background-position":"center center","background-size":"auto","background-attachment":"scroll","background-type":"","background-media":"","overlay-type":"","overlay-color":"","overlay-opacity":"","overlay-gradient":""}},"ast-content-background-meta":{"desktop":{"background-color":"var(--ast-global-color-5)","background-image":"","background-repeat":"repeat","background-position":"center center","background-size":"auto","background-attachment":"scroll","background-type":"","background-media":"","overlay-type":"","overlay-color":"","overlay-opacity":"","overlay-gradient":""},"tablet":{"background-color":"var(--ast-global-color-5)","background-image":"","background-repeat":"repeat","background-position":"center center","background-size":"auto","background-attachment":"scroll","background-type":"","background-media":"","overlay-type":"","overlay-color":"","overlay-opacity":"","overlay-gradient":""},"mobile":{"background-color":"var(--ast-global-color-5)","background-image":"","background-repeat":"repeat","background-position":"center center","background-size":"auto","background-attachment":"scroll","background-type":"","background-media":"","overlay-type":"","overlay-color":"","overlay-opacity":"","overlay-gradient":""}}},"product_brand":[],"product_cat":[3594,3593,3768,3597],"product_tag":[],"class_list":{"0":"post-286275","1":"product","2":"type-product","3":"status-publish","4":"has-post-thumbnail","6":"product_cat-abielusormused","7":"product_cat-klassikalised-abielusormused","8":"product_cat-meeste-abielusormused","9":"product_cat-modernsed-pulmasormused","10":"desktop-align-center","11":"tablet-align-left","12":"mobile-align-left","13":"ast-product-gallery-layout-horizontal-slider","14":"ast-product-gallery-with-no-image","15":"ast-product-tabs-layout-accordion","16":"ast-qv-on-image","18":"first","19":"instock","20":"taxable","21":"shipping-taxable","22":"purchasable","23":"product-type-simple"},"yoast_head":"<!-- This site is optimized with the Yoast SEO plugin v26.6 - https:\/\/yoast.com\/wordpress\/plugins\/seo\/ -->\n<title>Klassikalise disainiga valgest ja punasest kullast abielus\u00f5rmus<\/title>\n<meta name=\"description\" content=\"K\u00e4sit\u00f6\u00f6na valminud valget ja punast v\u00e4rvi klassikaline abielus\u00f5rmus. Eriline valik, mis saadab teid kogu elu. Valmistatud armastusega Leedus.\" \/>\n<meta name=\"robots\" content=\"index, follow, max-snippet:-1, max-image-preview:large, max-video-preview:-1\" \/>\n<link rel=\"canonical\" href=\"https:\/\/fashiongold.lt\/et\/papuosalas\/armastuse-suntees-klassikaline-valgest-ja-punasest-kullast-abielusormus\/\" \/>\n<meta property=\"og:locale\" content=\"et_EE\" \/>\n<meta property=\"og:type\" content=\"article\" \/>\n<meta property=\"og:title\" content=\"Klassikalise disainiga valgest ja punasest kullast abielus\u00f5rmus\" \/>\n<meta property=\"og:description\" content=\"K\u00e4sit\u00f6\u00f6na valminud valget ja punast v\u00e4rvi klassikaline abielus\u00f5rmus. Eriline valik, mis saadab teid kogu elu. Valmistatud armastusega Leedus.\" \/>\n<meta property=\"og:url\" content=\"https:\/\/fashiongold.lt\/et\/papuosalas\/armastuse-suntees-klassikaline-valgest-ja-punasest-kullast-abielusormus\/\" \/>\n<meta property=\"og:site_name\" content=\"FashionGold.lt\" \/>\n<meta property=\"og:image\" content=\"https:\/\/fashiongold.lt\/wp-content\/uploads\/2025\/10\/87-078-VESTUVINIS-ZIEDAS-MEILES-SINTEZE.webp\" \/>\n\t<meta property=\"og:image:width\" content=\"444\" \/>\n\t<meta property=\"og:image:height\" content=\"438\" \/>\n\t<meta property=\"og:image:type\" content=\"image\/png\" \/>\n<meta name=\"twitter:card\" content=\"summary_large_image\" \/>\n<script type=\"application\/ld+json\" class=\"yoast-schema-graph\">{\"@context\":\"https:\/\/schema.org\",\"@graph\":[{\"@type\":\"WebPage\",\"@id\":\"https:\/\/fashiongold.lt\/et\/papuosalas\/armastuse-suntees-klassikaline-valgest-ja-punasest-kullast-abielusormus\/\",\"url\":\"https:\/\/fashiongold.lt\/et\/papuosalas\/armastuse-suntees-klassikaline-valgest-ja-punasest-kullast-abielusormus\/\",\"name\":\"Klassikalise disainiga valgest ja punasest kullast abielus\u00f5rmus\",\"isPartOf\":{\"@id\":\"https:\/\/fashiongold.lt\/et\/#website\"},\"primaryImageOfPage\":{\"@id\":\"https:\/\/fashiongold.lt\/et\/papuosalas\/armastuse-suntees-klassikaline-valgest-ja-punasest-kullast-abielusormus\/#primaryimage\"},\"image\":{\"@id\":\"https:\/\/fashiongold.lt\/et\/papuosalas\/armastuse-suntees-klassikaline-valgest-ja-punasest-kullast-abielusormus\/#primaryimage\"},\"thumbnailUrl\":\"https:\/\/fashiongold.lt\/wp-content\/uploads\/2025\/10\/87-078-VESTUVINIS-ZIEDAS-MEILES-SINTEZE.png\",\"datePublished\":\"2025-10-09T16:39:47+00:00\",\"description\":\"K\u00e4sit\u00f6\u00f6na valminud valget ja punast v\u00e4rvi klassikaline abielus\u00f5rmus. Eriline valik, mis saadab teid kogu elu. Valmistatud armastusega Leedus.\",\"breadcrumb\":{\"@id\":\"https:\/\/fashiongold.lt\/et\/papuosalas\/armastuse-suntees-klassikaline-valgest-ja-punasest-kullast-abielusormus\/#breadcrumb\"},\"inLanguage\":\"et\",\"potentialAction\":[{\"@type\":\"ReadAction\",\"target\":[\"https:\/\/fashiongold.lt\/et\/papuosalas\/armastuse-suntees-klassikaline-valgest-ja-punasest-kullast-abielusormus\/\"]}]},{\"@type\":\"ImageObject\",\"inLanguage\":\"et\",\"@id\":\"https:\/\/fashiongold.lt\/et\/papuosalas\/armastuse-suntees-klassikaline-valgest-ja-punasest-kullast-abielusormus\/#primaryimage\",\"url\":\"https:\/\/fashiongold.lt\/wp-content\/uploads\/2025\/10\/87-078-VESTUVINIS-ZIEDAS-MEILES-SINTEZE.png\",\"contentUrl\":\"https:\/\/fashiongold.lt\/wp-content\/uploads\/2025\/10\/87-078-VESTUVINIS-ZIEDAS-MEILES-SINTEZE.png\",\"width\":444,\"height\":438},{\"@type\":\"BreadcrumbList\",\"@id\":\"https:\/\/fashiongold.lt\/et\/papuosalas\/armastuse-suntees-klassikaline-valgest-ja-punasest-kullast-abielusormus\/#breadcrumb\",\"itemListElement\":[{\"@type\":\"ListItem\",\"position\":1,\"name\":\"Home\",\"item\":\"https:\/\/fashiongold.lt\/et\/\"},{\"@type\":\"ListItem\",\"position\":2,\"name\":\"Teemantide pood Fashiongold.lt\",\"item\":\"https:\/\/fashiongold.lt\/shop-2\/\"},{\"@type\":\"ListItem\",\"position\":3,\"name\":\"Armastuse s\u00fcntees \u2013 klassikaline valgest ja punasest kullast abielus\u00f5rmus\"}]},{\"@type\":\"WebSite\",\"@id\":\"https:\/\/fashiongold.lt\/et\/#website\",\"url\":\"https:\/\/fashiongold.lt\/et\/\",\"name\":\"Fashion Gold\",\"description\":\"Juvelyrikos namai\",\"publisher\":{\"@id\":\"https:\/\/fashiongold.lt\/et\/#organization\"},\"potentialAction\":[{\"@type\":\"SearchAction\",\"target\":{\"@type\":\"EntryPoint\",\"urlTemplate\":\"https:\/\/fashiongold.lt\/et\/?s={search_term_string}\"},\"query-input\":{\"@type\":\"PropertyValueSpecification\",\"valueRequired\":true,\"valueName\":\"search_term_string\"}}],\"inLanguage\":\"et\"},{\"@type\":\"Organization\",\"@id\":\"https:\/\/fashiongold.lt\/et\/#organization\",\"name\":\"Topdiamonds Online\",\"url\":\"https:\/\/fashiongold.lt\/et\/\",\"logo\":{\"@type\":\"ImageObject\",\"inLanguage\":\"et\",\"@id\":\"https:\/\/fashiongold.lt\/et\/#\/schema\/logo\/image\/\",\"url\":\"https:\/\/fashiongold.lt\/wp-content\/uploads\/2025\/04\/cropped-fashion_gold_logotipas2-scaled-1.png\",\"contentUrl\":\"https:\/\/fashiongold.lt\/wp-content\/uploads\/2025\/04\/cropped-fashion_gold_logotipas2-scaled-1.png\",\"width\":2559,\"height\":421,\"caption\":\"Topdiamonds Online\"},\"image\":{\"@id\":\"https:\/\/fashiongold.lt\/et\/#\/schema\/logo\/image\/\"}}]}<\/script>\n<!-- \/ Yoast SEO plugin. -->","yoast_head_json":{"title":"Klassikalise disainiga valgest ja punasest kullast abielus\u00f5rmus","description":"K\u00e4sit\u00f6\u00f6na valminud valget ja punast v\u00e4rvi klassikaline abielus\u00f5rmus. Eriline valik, mis saadab teid kogu elu. Valmistatud armastusega Leedus.","robots":{"index":"index","follow":"follow","max-snippet":"max-snippet:-1","max-image-preview":"max-image-preview:large","max-video-preview":"max-video-preview:-1"},"canonical":"https:\/\/fashiongold.lt\/et\/papuosalas\/armastuse-suntees-klassikaline-valgest-ja-punasest-kullast-abielusormus\/","og_locale":"et_EE","og_type":"article","og_title":"Klassikalise disainiga valgest ja punasest kullast abielus\u00f5rmus","og_description":"K\u00e4sit\u00f6\u00f6na valminud valget ja punast v\u00e4rvi klassikaline abielus\u00f5rmus. Eriline valik, mis saadab teid kogu elu. Valmistatud armastusega Leedus.","og_url":"https:\/\/fashiongold.lt\/et\/papuosalas\/armastuse-suntees-klassikaline-valgest-ja-punasest-kullast-abielusormus\/","og_site_name":"FashionGold.lt","og_image":[{"width":444,"height":438,"url":"https:\/\/fashiongold.lt\/wp-content\/uploads\/2025\/10\/87-078-VESTUVINIS-ZIEDAS-MEILES-SINTEZE.webp","type":"image\/png"}],"twitter_card":"summary_large_image","schema":{"@context":"https:\/\/schema.org","@graph":[{"@type":"WebPage","@id":"https:\/\/fashiongold.lt\/et\/papuosalas\/armastuse-suntees-klassikaline-valgest-ja-punasest-kullast-abielusormus\/","url":"https:\/\/fashiongold.lt\/et\/papuosalas\/armastuse-suntees-klassikaline-valgest-ja-punasest-kullast-abielusormus\/","name":"Klassikalise disainiga valgest ja punasest kullast abielus\u00f5rmus","isPartOf":{"@id":"https:\/\/fashiongold.lt\/et\/#website"},"primaryImageOfPage":{"@id":"https:\/\/fashiongold.lt\/et\/papuosalas\/armastuse-suntees-klassikaline-valgest-ja-punasest-kullast-abielusormus\/#primaryimage"},"image":{"@id":"https:\/\/fashiongold.lt\/et\/papuosalas\/armastuse-suntees-klassikaline-valgest-ja-punasest-kullast-abielusormus\/#primaryimage"},"thumbnailUrl":"https:\/\/fashiongold.lt\/wp-content\/uploads\/2025\/10\/87-078-VESTUVINIS-ZIEDAS-MEILES-SINTEZE.png","datePublished":"2025-10-09T16:39:47+00:00","description":"K\u00e4sit\u00f6\u00f6na valminud valget ja punast v\u00e4rvi klassikaline abielus\u00f5rmus. Eriline valik, mis saadab teid kogu elu. Valmistatud armastusega Leedus.","breadcrumb":{"@id":"https:\/\/fashiongold.lt\/et\/papuosalas\/armastuse-suntees-klassikaline-valgest-ja-punasest-kullast-abielusormus\/#breadcrumb"},"inLanguage":"et","potentialAction":[{"@type":"ReadAction","target":["https:\/\/fashiongold.lt\/et\/papuosalas\/armastuse-suntees-klassikaline-valgest-ja-punasest-kullast-abielusormus\/"]}]},{"@type":"ImageObject","inLanguage":"et","@id":"https:\/\/fashiongold.lt\/et\/papuosalas\/armastuse-suntees-klassikaline-valgest-ja-punasest-kullast-abielusormus\/#primaryimage","url":"https:\/\/fashiongold.lt\/wp-content\/uploads\/2025\/10\/87-078-VESTUVINIS-ZIEDAS-MEILES-SINTEZE.png","contentUrl":"https:\/\/fashiongold.lt\/wp-content\/uploads\/2025\/10\/87-078-VESTUVINIS-ZIEDAS-MEILES-SINTEZE.png","width":444,"height":438},{"@type":"BreadcrumbList","@id":"https:\/\/fashiongold.lt\/et\/papuosalas\/armastuse-suntees-klassikaline-valgest-ja-punasest-kullast-abielusormus\/#breadcrumb","itemListElement":[{"@type":"ListItem","position":1,"name":"Home","item":"https:\/\/fashiongold.lt\/et\/"},{"@type":"ListItem","position":2,"name":"Teemantide pood Fashiongold.lt","item":"https:\/\/fashiongold.lt\/shop-2\/"},{"@type":"ListItem","position":3,"name":"Armastuse s\u00fcntees \u2013 klassikaline valgest ja punasest kullast abielus\u00f5rmus"}]},{"@type":"WebSite","@id":"https:\/\/fashiongold.lt\/et\/#website","url":"https:\/\/fashiongold.lt\/et\/","name":"Fashion Gold","description":"Juvelyrikos namai","publisher":{"@id":"https:\/\/fashiongold.lt\/et\/#organization"},"potentialAction":[{"@type":"SearchAction","target":{"@type":"EntryPoint","urlTemplate":"https:\/\/fashiongold.lt\/et\/?s={search_term_string}"},"query-input":{"@type":"PropertyValueSpecification","valueRequired":true,"valueName":"search_term_string"}}],"inLanguage":"et"},{"@type":"Organization","@id":"https:\/\/fashiongold.lt\/et\/#organization","name":"Topdiamonds Online","url":"https:\/\/fashiongold.lt\/et\/","logo":{"@type":"ImageObject","inLanguage":"et","@id":"https:\/\/fashiongold.lt\/et\/#\/schema\/logo\/image\/","url":"https:\/\/fashiongold.lt\/wp-content\/uploads\/2025\/04\/cropped-fashion_gold_logotipas2-scaled-1.png","contentUrl":"https:\/\/fashiongold.lt\/wp-content\/uploads\/2025\/04\/cropped-fashion_gold_logotipas2-scaled-1.png","width":2559,"height":421,"caption":"Topdiamonds Online"},"image":{"@id":"https:\/\/fashiongold.lt\/et\/#\/schema\/logo\/image\/"}}]}},"_links":{"self":[{"href":"https:\/\/fashiongold.lt\/et\/wp-json\/wp\/v2\/product\/286275","targetHints":{"allow":["GET"]}}],"collection":[{"href":"https:\/\/fashiongold.lt\/et\/wp-json\/wp\/v2\/product"}],"about":[{"href":"https:\/\/fashiongold.lt\/et\/wp-json\/wp\/v2\/types\/product"}],"version-history":[{"count":0,"href":"https:\/\/fashiongold.lt\/et\/wp-json\/wp\/v2\/product\/286275\/revisions"}],"wp:featuredmedia":[{"embeddable":true,"href":"https:\/\/fashiongold.lt\/et\/wp-json\/wp\/v2\/media\/40141"}],"wp:attachment":[{"href":"https:\/\/fashiongold.lt\/et\/wp-json\/wp\/v2\/media?parent=286275"}],"wp:term":[{"taxonomy":"product_brand","embeddable":true,"href":"https:\/\/fashiongold.lt\/et\/wp-json\/wp\/v2\/product_brand?post=286275"},{"taxonomy":"product_cat","embeddable":true,"href":"https:\/\/fashiongold.lt\/et\/wp-json\/wp\/v2\/product_cat?post=286275"},{"taxonomy":"product_tag","embeddable":true,"href":"https:\/\/fashiongold.lt\/et\/wp-json\/wp\/v2\/product_tag?post=286275"}],"curies":[{"name":"wp","href":"https:\/\/api.w.org\/{rel}","templated":true}]}}