{"id":286476,"date":"2025-10-09T16:37:44","date_gmt":"2025-10-09T16:37:44","guid":{"rendered":"https:\/\/fashiongold.lt\/papuosalas\/abielusormus-kuldsed-teemandid\/"},"modified":"2025-10-09T16:37:44","modified_gmt":"2025-10-09T16:37:44","slug":"abielusormus-kuldsed-teemandid","status":"publish","type":"product","link":"https:\/\/fashiongold.lt\/et\/papuosalas\/abielusormus-kuldsed-teemandid\/","title":{"rendered":"ABIELUS\u00d5RMUS \u201eKULDSED TEEMANDID\u201c"},"content":{"rendered":"<p>Suurep\u00e4rane n\u00e4ide sellest, kuidas kollasest kullast raamidesse asetatud kvaliteetsed teemandid s\u00e4ravad kuldse v\u00e4rviga. S\u00f5rmuse laius 2,2 mm. Teemantide kogus v\u00f5ib olla v\u00e4ga erinev: 1 BRLT. 0,005 CT | 11 BRLT. 0,055 CT | 13 BRLT. 0,065 CT | 15 BRLT. 0,075 CT | 16 BRLT. 0,08 CT | 3 BRLT. 0,015 CT | 30 BRLT. 0,15 CT | 43 BRLT. 0,215 CT | 44 BRLT. 0,22 CT | 45 BRLT. 0,225 CT | 46 BRLT. 0,23 CT | 47 BRLT. 0,235 CT | 48 BRLT. 0,24 CT | 49 BRLT. 0,245 CT | 5 BRLT. 0,025 CT | 50 BRLT. 0,25 CT | 51 BRLT. 0,255 CT | 52 BRLT. 0,26 CT | 53 BRLT. 0,265 CT | 54 BRLT. 0,27 CT | 7 BRLT. 0,035 CT | 9 BRLT. 0,045 CT<\/p>\n<p>Valmistame ja tarnime 10 t\u00f6\u00f6p\u00e4eva jooksul<\/p>\n","protected":false},"excerpt":{"rendered":"<p>Teemantitega s\u00f5rmus on loodud Saksa ettev\u00f5tte \u201eGerstner\u201c juveliiride poolt.<\/p>\n","protected":false},"featured_media":39605,"template":"","meta":{"site-sidebar-layout":"","site-content-layout":"","ast-site-content-layout":"","site-content-style":"","site-sidebar-style":"","ast-global-header-display":"","ast-banner-title-visibility":"","ast-main-header-display":"","ast-hfb-above-header-display":"","ast-hfb-below-header-display":"","ast-hfb-mobile-header-display":"","site-post-title":"","ast-breadcrumbs-content":"","ast-featured-img":"","footer-sml-layout":"","ast-disable-related-posts":"","theme-transparent-header-meta":"","adv-header-id-meta":"","stick-header-meta":"","header-above-stick-meta":"","header-main-stick-meta":"","header-below-stick-meta":"","astra-migrate-meta-layouts":"default","ast-page-background-enabled":"default","ast-page-background-meta":{"desktop":{"background-color":"var(--ast-global-color-4)","background-image":"","background-repeat":"repeat","background-position":"center center","background-size":"auto","background-attachment":"scroll","background-type":"","background-media":"","overlay-type":"","overlay-color":"","overlay-opacity":"","overlay-gradient":""},"tablet":{"background-color":"","background-image":"","background-repeat":"repeat","background-position":"center center","background-size":"auto","background-attachment":"scroll","background-type":"","background-media":"","overlay-type":"","overlay-color":"","overlay-opacity":"","overlay-gradient":""},"mobile":{"background-color":"","background-image":"","background-repeat":"repeat","background-position":"center center","background-size":"auto","background-attachment":"scroll","background-type":"","background-media":"","overlay-type":"","overlay-color":"","overlay-opacity":"","overlay-gradient":""}},"ast-content-background-meta":{"desktop":{"background-color":"var(--ast-global-color-5)","background-image":"","background-repeat":"repeat","background-position":"center center","background-size":"auto","background-attachment":"scroll","background-type":"","background-media":"","overlay-type":"","overlay-color":"","overlay-opacity":"","overlay-gradient":""},"tablet":{"background-color":"var(--ast-global-color-5)","background-image":"","background-repeat":"repeat","background-position":"center center","background-size":"auto","background-attachment":"scroll","background-type":"","background-media":"","overlay-type":"","overlay-color":"","overlay-opacity":"","overlay-gradient":""},"mobile":{"background-color":"var(--ast-global-color-5)","background-image":"","background-repeat":"repeat","background-position":"center center","background-size":"auto","background-attachment":"scroll","background-type":"","background-media":"","overlay-type":"","overlay-color":"","overlay-opacity":"","overlay-gradient":""}}},"product_brand":[],"product_cat":[3594,3806,3058,2830,2826,2829,2823,2828,2825,2822,2824,3392,2821,3593,3838,2831,3425,2836,3768,3828,3605,3597,3567,3391,2845,3684,2833,2834,3466],"product_tag":[],"class_list":{"0":"post-286476","1":"product","2":"type-product","3":"status-publish","4":"has-post-thumbnail","6":"product_cat-abielusormused","7":"product_cat-abielusormused-briljantidega","8":"product_cat-ehted","9":"product_cat-emadepaeva-kingitused","10":"product_cat-joulukingid","11":"product_cat-kingitused-erilisteks-puhkudeks","12":"product_cat-kingitused-lapse-sunni-puhul","13":"product_cat-kingitused-lopetamise-puhul","14":"product_cat-kingitused-meestele","15":"product_cat-kingitused-naistele","16":"product_cat-kingitused-pulma-aastapaeva-puhul","17":"product_cat-kingitused-pulmade-puhul","18":"product_cat-kingitused-sunnipaevaks","19":"product_cat-klassikalised-abielusormused","20":"product_cat-kollasest-kullast-abielusormused","21":"product_cat-kollasest-kullast-ehted","22":"product_cat-kollasest-kullast-kihlasormused","23":"product_cat-kollasest-kullast-teemantsormused","24":"product_cat-meeste-abielusormused","25":"product_cat-minimalistlikud-abielusormused","26":"product_cat-minimalistlikud-kihlasormused","27":"product_cat-modernsed-pulmasormused","28":"product_cat-naiste-abielusormused","29":"product_cat-ristimiskingitused","30":"product_cat-sobrapaeva-kingitused","31":"product_cat-teemantriba-briljantidega","32":"product_cat-teemantribad","33":"product_cat-teemantribad-pooles-ulatuses","34":"product_cat-teemantsormused","35":"desktop-align-center","36":"tablet-align-left","37":"mobile-align-left","38":"ast-product-gallery-layout-horizontal-slider","39":"ast-product-gallery-with-no-image","40":"ast-product-single-variable","41":"ast-product-tabs-layout-accordion","42":"ast-qv-on-image","44":"first","45":"instock","46":"taxable","47":"shipping-taxable","48":"purchasable","49":"product-type-variable"},"yoast_head":"<!-- This site is optimized with the Yoast SEO plugin v26.6 - https:\/\/yoast.com\/wordpress\/plugins\/seo\/ -->\n<title>ABIELUS\u00d5RMUS \u201eKULDSED TEEMANDID\u201c - FashionGold.lt<\/title>\n<meta name=\"robots\" content=\"index, follow, max-snippet:-1, max-image-preview:large, max-video-preview:-1\" \/>\n<link rel=\"canonical\" href=\"https:\/\/fashiongold.lt\/et\/papuosalas\/abielusormus-kuldsed-teemandid\/\" \/>\n<meta property=\"og:locale\" content=\"et_EE\" \/>\n<meta property=\"og:type\" content=\"article\" \/>\n<meta property=\"og:title\" content=\"ABIELUS\u00d5RMUS \u201eKULDSED TEEMANDID\u201c - FashionGold.lt\" \/>\n<meta property=\"og:description\" content=\"Teemantitega s\u00f5rmus on loodud Saksa ettev\u00f5tte \u201eGerstner\u201c juveliiride poolt.\" \/>\n<meta property=\"og:url\" content=\"https:\/\/fashiongold.lt\/et\/papuosalas\/abielusormus-kuldsed-teemandid\/\" \/>\n<meta property=\"og:site_name\" content=\"FashionGold.lt\" \/>\n<meta property=\"og:image\" content=\"https:\/\/fashiongold.lt\/wp-content\/uploads\/2025\/10\/10234-8c0-deimantine-juostele-is-geltono-aukso.webp\" \/>\n\t<meta property=\"og:image:width\" content=\"1000\" \/>\n\t<meta property=\"og:image:height\" content=\"1000\" \/>\n\t<meta property=\"og:image:type\" content=\"image\/png\" \/>\n<meta name=\"twitter:card\" content=\"summary_large_image\" \/>\n<script type=\"application\/ld+json\" class=\"yoast-schema-graph\">{\"@context\":\"https:\/\/schema.org\",\"@graph\":[{\"@type\":\"WebPage\",\"@id\":\"https:\/\/fashiongold.lt\/et\/papuosalas\/abielusormus-kuldsed-teemandid\/\",\"url\":\"https:\/\/fashiongold.lt\/et\/papuosalas\/abielusormus-kuldsed-teemandid\/\",\"name\":\"ABIELUS\u00d5RMUS \u201eKULDSED TEEMANDID\u201c - FashionGold.lt\",\"isPartOf\":{\"@id\":\"https:\/\/fashiongold.lt\/et\/#website\"},\"primaryImageOfPage\":{\"@id\":\"https:\/\/fashiongold.lt\/et\/papuosalas\/abielusormus-kuldsed-teemandid\/#primaryimage\"},\"image\":{\"@id\":\"https:\/\/fashiongold.lt\/et\/papuosalas\/abielusormus-kuldsed-teemandid\/#primaryimage\"},\"thumbnailUrl\":\"https:\/\/fashiongold.lt\/wp-content\/uploads\/2025\/10\/10234-8c0-deimantine-juostele-is-geltono-aukso.png\",\"datePublished\":\"2025-10-09T16:37:44+00:00\",\"breadcrumb\":{\"@id\":\"https:\/\/fashiongold.lt\/et\/papuosalas\/abielusormus-kuldsed-teemandid\/#breadcrumb\"},\"inLanguage\":\"et\",\"potentialAction\":[{\"@type\":\"ReadAction\",\"target\":[\"https:\/\/fashiongold.lt\/et\/papuosalas\/abielusormus-kuldsed-teemandid\/\"]}]},{\"@type\":\"ImageObject\",\"inLanguage\":\"et\",\"@id\":\"https:\/\/fashiongold.lt\/et\/papuosalas\/abielusormus-kuldsed-teemandid\/#primaryimage\",\"url\":\"https:\/\/fashiongold.lt\/wp-content\/uploads\/2025\/10\/10234-8c0-deimantine-juostele-is-geltono-aukso.png\",\"contentUrl\":\"https:\/\/fashiongold.lt\/wp-content\/uploads\/2025\/10\/10234-8c0-deimantine-juostele-is-geltono-aukso.png\",\"width\":1000,\"height\":1000},{\"@type\":\"BreadcrumbList\",\"@id\":\"https:\/\/fashiongold.lt\/et\/papuosalas\/abielusormus-kuldsed-teemandid\/#breadcrumb\",\"itemListElement\":[{\"@type\":\"ListItem\",\"position\":1,\"name\":\"Home\",\"item\":\"https:\/\/fashiongold.lt\/et\/\"},{\"@type\":\"ListItem\",\"position\":2,\"name\":\"Teemantide pood Fashiongold.lt\",\"item\":\"https:\/\/fashiongold.lt\/shop-2\/\"},{\"@type\":\"ListItem\",\"position\":3,\"name\":\"ABIELUS\u00d5RMUS \u201eKULDSED TEEMANDID\u201c\"}]},{\"@type\":\"WebSite\",\"@id\":\"https:\/\/fashiongold.lt\/et\/#website\",\"url\":\"https:\/\/fashiongold.lt\/et\/\",\"name\":\"Fashion Gold\",\"description\":\"Juvelyrikos namai\",\"publisher\":{\"@id\":\"https:\/\/fashiongold.lt\/et\/#organization\"},\"potentialAction\":[{\"@type\":\"SearchAction\",\"target\":{\"@type\":\"EntryPoint\",\"urlTemplate\":\"https:\/\/fashiongold.lt\/et\/?s={search_term_string}\"},\"query-input\":{\"@type\":\"PropertyValueSpecification\",\"valueRequired\":true,\"valueName\":\"search_term_string\"}}],\"inLanguage\":\"et\"},{\"@type\":\"Organization\",\"@id\":\"https:\/\/fashiongold.lt\/et\/#organization\",\"name\":\"Topdiamonds Online\",\"url\":\"https:\/\/fashiongold.lt\/et\/\",\"logo\":{\"@type\":\"ImageObject\",\"inLanguage\":\"et\",\"@id\":\"https:\/\/fashiongold.lt\/et\/#\/schema\/logo\/image\/\",\"url\":\"https:\/\/fashiongold.lt\/wp-content\/uploads\/2025\/04\/cropped-fashion_gold_logotipas2-scaled-1.png\",\"contentUrl\":\"https:\/\/fashiongold.lt\/wp-content\/uploads\/2025\/04\/cropped-fashion_gold_logotipas2-scaled-1.png\",\"width\":2559,\"height\":421,\"caption\":\"Topdiamonds Online\"},\"image\":{\"@id\":\"https:\/\/fashiongold.lt\/et\/#\/schema\/logo\/image\/\"}}]}<\/script>\n<!-- \/ Yoast SEO plugin. -->","yoast_head_json":{"title":"ABIELUS\u00d5RMUS \u201eKULDSED TEEMANDID\u201c - FashionGold.lt","robots":{"index":"index","follow":"follow","max-snippet":"max-snippet:-1","max-image-preview":"max-image-preview:large","max-video-preview":"max-video-preview:-1"},"canonical":"https:\/\/fashiongold.lt\/et\/papuosalas\/abielusormus-kuldsed-teemandid\/","og_locale":"et_EE","og_type":"article","og_title":"ABIELUS\u00d5RMUS \u201eKULDSED TEEMANDID\u201c - FashionGold.lt","og_description":"Teemantitega s\u00f5rmus on loodud Saksa ettev\u00f5tte \u201eGerstner\u201c juveliiride poolt.","og_url":"https:\/\/fashiongold.lt\/et\/papuosalas\/abielusormus-kuldsed-teemandid\/","og_site_name":"FashionGold.lt","og_image":[{"width":1000,"height":1000,"url":"https:\/\/fashiongold.lt\/wp-content\/uploads\/2025\/10\/10234-8c0-deimantine-juostele-is-geltono-aukso.webp","type":"image\/png"}],"twitter_card":"summary_large_image","schema":{"@context":"https:\/\/schema.org","@graph":[{"@type":"WebPage","@id":"https:\/\/fashiongold.lt\/et\/papuosalas\/abielusormus-kuldsed-teemandid\/","url":"https:\/\/fashiongold.lt\/et\/papuosalas\/abielusormus-kuldsed-teemandid\/","name":"ABIELUS\u00d5RMUS \u201eKULDSED TEEMANDID\u201c - FashionGold.lt","isPartOf":{"@id":"https:\/\/fashiongold.lt\/et\/#website"},"primaryImageOfPage":{"@id":"https:\/\/fashiongold.lt\/et\/papuosalas\/abielusormus-kuldsed-teemandid\/#primaryimage"},"image":{"@id":"https:\/\/fashiongold.lt\/et\/papuosalas\/abielusormus-kuldsed-teemandid\/#primaryimage"},"thumbnailUrl":"https:\/\/fashiongold.lt\/wp-content\/uploads\/2025\/10\/10234-8c0-deimantine-juostele-is-geltono-aukso.png","datePublished":"2025-10-09T16:37:44+00:00","breadcrumb":{"@id":"https:\/\/fashiongold.lt\/et\/papuosalas\/abielusormus-kuldsed-teemandid\/#breadcrumb"},"inLanguage":"et","potentialAction":[{"@type":"ReadAction","target":["https:\/\/fashiongold.lt\/et\/papuosalas\/abielusormus-kuldsed-teemandid\/"]}]},{"@type":"ImageObject","inLanguage":"et","@id":"https:\/\/fashiongold.lt\/et\/papuosalas\/abielusormus-kuldsed-teemandid\/#primaryimage","url":"https:\/\/fashiongold.lt\/wp-content\/uploads\/2025\/10\/10234-8c0-deimantine-juostele-is-geltono-aukso.png","contentUrl":"https:\/\/fashiongold.lt\/wp-content\/uploads\/2025\/10\/10234-8c0-deimantine-juostele-is-geltono-aukso.png","width":1000,"height":1000},{"@type":"BreadcrumbList","@id":"https:\/\/fashiongold.lt\/et\/papuosalas\/abielusormus-kuldsed-teemandid\/#breadcrumb","itemListElement":[{"@type":"ListItem","position":1,"name":"Home","item":"https:\/\/fashiongold.lt\/et\/"},{"@type":"ListItem","position":2,"name":"Teemantide pood Fashiongold.lt","item":"https:\/\/fashiongold.lt\/shop-2\/"},{"@type":"ListItem","position":3,"name":"ABIELUS\u00d5RMUS \u201eKULDSED TEEMANDID\u201c"}]},{"@type":"WebSite","@id":"https:\/\/fashiongold.lt\/et\/#website","url":"https:\/\/fashiongold.lt\/et\/","name":"Fashion Gold","description":"Juvelyrikos namai","publisher":{"@id":"https:\/\/fashiongold.lt\/et\/#organization"},"potentialAction":[{"@type":"SearchAction","target":{"@type":"EntryPoint","urlTemplate":"https:\/\/fashiongold.lt\/et\/?s={search_term_string}"},"query-input":{"@type":"PropertyValueSpecification","valueRequired":true,"valueName":"search_term_string"}}],"inLanguage":"et"},{"@type":"Organization","@id":"https:\/\/fashiongold.lt\/et\/#organization","name":"Topdiamonds Online","url":"https:\/\/fashiongold.lt\/et\/","logo":{"@type":"ImageObject","inLanguage":"et","@id":"https:\/\/fashiongold.lt\/et\/#\/schema\/logo\/image\/","url":"https:\/\/fashiongold.lt\/wp-content\/uploads\/2025\/04\/cropped-fashion_gold_logotipas2-scaled-1.png","contentUrl":"https:\/\/fashiongold.lt\/wp-content\/uploads\/2025\/04\/cropped-fashion_gold_logotipas2-scaled-1.png","width":2559,"height":421,"caption":"Topdiamonds Online"},"image":{"@id":"https:\/\/fashiongold.lt\/et\/#\/schema\/logo\/image\/"}}]}},"_links":{"self":[{"href":"https:\/\/fashiongold.lt\/et\/wp-json\/wp\/v2\/product\/286476","targetHints":{"allow":["GET"]}}],"collection":[{"href":"https:\/\/fashiongold.lt\/et\/wp-json\/wp\/v2\/product"}],"about":[{"href":"https:\/\/fashiongold.lt\/et\/wp-json\/wp\/v2\/types\/product"}],"version-history":[{"count":0,"href":"https:\/\/fashiongold.lt\/et\/wp-json\/wp\/v2\/product\/286476\/revisions"}],"wp:featuredmedia":[{"embeddable":true,"href":"https:\/\/fashiongold.lt\/et\/wp-json\/wp\/v2\/media\/39605"}],"wp:attachment":[{"href":"https:\/\/fashiongold.lt\/et\/wp-json\/wp\/v2\/media?parent=286476"}],"wp:term":[{"taxonomy":"product_brand","embeddable":true,"href":"https:\/\/fashiongold.lt\/et\/wp-json\/wp\/v2\/product_brand?post=286476"},{"taxonomy":"product_cat","embeddable":true,"href":"https:\/\/fashiongold.lt\/et\/wp-json\/wp\/v2\/product_cat?post=286476"},{"taxonomy":"product_tag","embeddable":true,"href":"https:\/\/fashiongold.lt\/et\/wp-json\/wp\/v2\/product_tag?post=286476"}],"curies":[{"name":"wp","href":"https:\/\/api.w.org\/{rel}","templated":true}]}}