{"id":286676,"date":"2025-10-09T16:32:49","date_gmt":"2025-10-09T16:32:49","guid":{"rendered":"https:\/\/fashiongold.lt\/papuosalas\/teemantkorvarongad-halo-emerald-teemandid\/"},"modified":"2025-10-09T16:32:49","modified_gmt":"2025-10-09T16:32:49","slug":"teemantkorvarongad-halo-emerald-teemandid","status":"publish","type":"product","link":"https:\/\/fashiongold.lt\/et\/papuosalas\/teemantkorvarongad-halo-emerald-teemandid\/","title":{"rendered":"Teemantk\u00f5rvar\u00f5ngad &#8211; HALO EMERALD TEEMANDID"},"content":{"rendered":"<p>Need teemantidega k\u00f5rvar\u00f5ngad on s\u00e4rav tasakaal moodsa iseloomu ja ajatu klassika vahel. Ristk\u00fclikukujulised teemandid on tuntud oma puhta arhitektuuri poolest ning t\u00e4iendav Halo-raam annab peamisele <em>Emerald<\/em>-lihviga teemandile veelgi rohkem lummust ja s\u00e4ra. Need k\u00f5rvar\u00f5ngad on m\u00f5eldud neile, kes hindavad peent luksust ilma liigse eputamiseta.<br \/>\nValmistatud k\u00f5rgeimate juveelit\u00f6\u00f6stuse standardite kohaselt.<\/p>\n<p><span data-sheets-root=\"1\">\u2022 <a href=\"https:\/\/fashiongold.lt\/et\/patarimai-et\/teemantkorvarongad-taiuslikud-proportsioonid-kuidas-valida-ideaalsed\/\" target=\"_blank\" rel=\"noopener\"><strong>K\u00f5rvar\u00f5ngaste m\u00f5\u00f5tmed<\/strong><\/a>: pea laius u 6,5 x 4,5 mm (s\u00f5ltub karaadist)<br \/>\n\u2022 \u00dcldine <strong><a href=\"https:\/\/fashiongold.lt\/auskaru-aukso-svoris\/\" target=\"_blank\" rel=\"noopener\">kulla kaal<\/a><\/strong>: u 1,40 g (s\u00f5ltub suurusest)<\/span><\/p>\n<p><span data-sheets-root=\"1\">Kas teil on oma v\u00e4\u00e4riskivi v\u00f5i kulda? <a href=\"https:\/\/fashiongold.lt\/et\/kontaktid\/\" target=\"_blank\" rel=\"noopener\"><strong>V\u00f5tke meiega \u00fchendust<\/strong><\/a> \u2013 arvutame hinna \u00fcmber ja maksate ainult k\u00f5rvar\u00f5ngaste valmistamise eest.<br \/>\nAvastage lai valik teemantehteid, mis vastavad erinevatele maitsetele ja eelarvetele. Loo ja personaliseeri oma ehe koos <a href=\"https:\/\/fashiongold.lt\/et\/\" target=\"_blank\" rel=\"noopener\">FashionGold.lt<\/a>-ga.<br \/>\n<\/span><\/p>\n","protected":false},"excerpt":{"rendered":"<p>Need teemantidega k\u00f5rvar\u00f5ngad on s\u00e4rav tasakaal moodsa iseloomu ja ajatu klassika vahel. Ristk\u00fclikukujulised teemandid on tuntud oma puhta arhitektuuri poolest [&hellip;]<\/p>\n","protected":false},"featured_media":37749,"template":"","meta":{"site-sidebar-layout":"default","site-content-layout":"","ast-site-content-layout":"default","site-content-style":"default","site-sidebar-style":"default","ast-global-header-display":"","ast-banner-title-visibility":"","ast-main-header-display":"","ast-hfb-above-header-display":"","ast-hfb-below-header-display":"","ast-hfb-mobile-header-display":"","site-post-title":"","ast-breadcrumbs-content":"","ast-featured-img":"","footer-sml-layout":"","ast-disable-related-posts":"","theme-transparent-header-meta":"default","adv-header-id-meta":"","stick-header-meta":"","header-above-stick-meta":"","header-main-stick-meta":"","header-below-stick-meta":"","astra-migrate-meta-layouts":"default","ast-page-background-enabled":"default","ast-page-background-meta":{"desktop":{"background-color":"var(--ast-global-color-4)","background-image":"","background-repeat":"repeat","background-position":"center center","background-size":"auto","background-attachment":"scroll","background-type":"","background-media":"","overlay-type":"","overlay-color":"","overlay-opacity":"","overlay-gradient":""},"tablet":{"background-color":"","background-image":"","background-repeat":"repeat","background-position":"center center","background-size":"auto","background-attachment":"scroll","background-type":"","background-media":"","overlay-type":"","overlay-color":"","overlay-opacity":"","overlay-gradient":""},"mobile":{"background-color":"","background-image":"","background-repeat":"repeat","background-position":"center center","background-size":"auto","background-attachment":"scroll","background-type":"","background-media":"","overlay-type":"","overlay-color":"","overlay-opacity":"","overlay-gradient":""}},"ast-content-background-meta":{"desktop":{"background-color":"var(--ast-global-color-5)","background-image":"","background-repeat":"repeat","background-position":"center center","background-size":"auto","background-attachment":"scroll","background-type":"","background-media":"","overlay-type":"","overlay-color":"","overlay-opacity":"","overlay-gradient":""},"tablet":{"background-color":"var(--ast-global-color-5)","background-image":"","background-repeat":"repeat","background-position":"center center","background-size":"auto","background-attachment":"scroll","background-type":"","background-media":"","overlay-type":"","overlay-color":"","overlay-opacity":"","overlay-gradient":""},"mobile":{"background-color":"var(--ast-global-color-5)","background-image":"","background-repeat":"repeat","background-position":"center center","background-size":"auto","background-attachment":"scroll","background-type":"","background-media":"","overlay-type":"","overlay-color":"","overlay-opacity":"","overlay-gradient":""}}},"product_brand":[],"product_cat":[],"product_tag":[],"class_list":{"0":"post-286676","1":"product","2":"type-product","3":"status-publish","4":"has-post-thumbnail","6":"desktop-align-center","7":"tablet-align-left","8":"mobile-align-left","9":"ast-product-gallery-layout-horizontal-slider","10":"ast-product-single-variable","11":"ast-product-tabs-layout-accordion","12":"ast-qv-on-image","14":"first","15":"instock","16":"taxable","17":"shipping-taxable","18":"purchasable","19":"product-type-variable"},"yoast_head":"<!-- This site is optimized with the Yoast SEO plugin v26.6 - https:\/\/yoast.com\/wordpress\/plugins\/seo\/ -->\n<title>Teemandiga k\u00f5rvar\u00f5ngad - HALO EMERALD TEEMANDID<\/title>\n<meta name=\"description\" content=\"Silmapaistvad teemantk\u00f5rvar\u00f5ngad \u2013 moodne disain ristk\u00fclikukujuliste teemantide ja s\u00e4rava Halo-\u00e4\u00e4risega. Elegantsus igaks puhuks.\" \/>\n<meta name=\"robots\" content=\"index, follow, max-snippet:-1, max-image-preview:large, max-video-preview:-1\" \/>\n<link rel=\"canonical\" href=\"https:\/\/fashiongold.lt\/et\/papuosalas\/teemantkorvarongad-halo-emerald-teemandid\/\" \/>\n<meta property=\"og:locale\" content=\"et_EE\" \/>\n<meta property=\"og:type\" content=\"article\" \/>\n<meta property=\"og:title\" content=\"Teemandiga k\u00f5rvar\u00f5ngad - HALO EMERALD TEEMANDID\" \/>\n<meta property=\"og:description\" content=\"Silmapaistvad teemantk\u00f5rvar\u00f5ngad \u2013 moodne disain ristk\u00fclikukujuliste teemantide ja s\u00e4rava Halo-\u00e4\u00e4risega. Elegantsus igaks puhuks.\" \/>\n<meta property=\"og:url\" content=\"https:\/\/fashiongold.lt\/et\/papuosalas\/teemantkorvarongad-halo-emerald-teemandid\/\" \/>\n<meta property=\"og:site_name\" content=\"FashionGold.lt\" \/>\n<meta property=\"og:image\" content=\"https:\/\/fashiongold.lt\/wp-content\/uploads\/2025\/10\/Auskarai-su-deimantais-EMERALD-HALO-DEIMANTAI-2020-1.webp\" \/>\n\t<meta property=\"og:image:width\" content=\"800\" \/>\n\t<meta property=\"og:image:height\" content=\"800\" \/>\n\t<meta property=\"og:image:type\" content=\"image\/png\" \/>\n<meta name=\"twitter:card\" content=\"summary_large_image\" \/>\n<meta name=\"twitter:label1\" content=\"Est. reading time\" \/>\n\t<meta name=\"twitter:data1\" content=\"1 minut\" \/>\n<script type=\"application\/ld+json\" class=\"yoast-schema-graph\">{\"@context\":\"https:\/\/schema.org\",\"@graph\":[{\"@type\":\"WebPage\",\"@id\":\"https:\/\/fashiongold.lt\/et\/papuosalas\/teemantkorvarongad-halo-emerald-teemandid\/\",\"url\":\"https:\/\/fashiongold.lt\/et\/papuosalas\/teemantkorvarongad-halo-emerald-teemandid\/\",\"name\":\"Teemandiga k\u00f5rvar\u00f5ngad - HALO EMERALD TEEMANDID\",\"isPartOf\":{\"@id\":\"https:\/\/fashiongold.lt\/et\/#website\"},\"primaryImageOfPage\":{\"@id\":\"https:\/\/fashiongold.lt\/et\/papuosalas\/teemantkorvarongad-halo-emerald-teemandid\/#primaryimage\"},\"image\":{\"@id\":\"https:\/\/fashiongold.lt\/et\/papuosalas\/teemantkorvarongad-halo-emerald-teemandid\/#primaryimage\"},\"thumbnailUrl\":\"https:\/\/fashiongold.lt\/wp-content\/uploads\/2025\/10\/Auskarai-su-deimantais-EMERALD-HALO-DEIMANTAI-2020-1.png\",\"datePublished\":\"2025-10-09T16:32:49+00:00\",\"description\":\"Silmapaistvad teemantk\u00f5rvar\u00f5ngad \u2013 moodne disain ristk\u00fclikukujuliste teemantide ja s\u00e4rava Halo-\u00e4\u00e4risega. Elegantsus igaks puhuks.\",\"breadcrumb\":{\"@id\":\"https:\/\/fashiongold.lt\/et\/papuosalas\/teemantkorvarongad-halo-emerald-teemandid\/#breadcrumb\"},\"inLanguage\":\"et\",\"potentialAction\":[{\"@type\":\"ReadAction\",\"target\":[\"https:\/\/fashiongold.lt\/et\/papuosalas\/teemantkorvarongad-halo-emerald-teemandid\/\"]}]},{\"@type\":\"ImageObject\",\"inLanguage\":\"et\",\"@id\":\"https:\/\/fashiongold.lt\/et\/papuosalas\/teemantkorvarongad-halo-emerald-teemandid\/#primaryimage\",\"url\":\"https:\/\/fashiongold.lt\/wp-content\/uploads\/2025\/10\/Auskarai-su-deimantais-EMERALD-HALO-DEIMANTAI-2020-1.png\",\"contentUrl\":\"https:\/\/fashiongold.lt\/wp-content\/uploads\/2025\/10\/Auskarai-su-deimantais-EMERALD-HALO-DEIMANTAI-2020-1.png\",\"width\":800,\"height\":800},{\"@type\":\"BreadcrumbList\",\"@id\":\"https:\/\/fashiongold.lt\/et\/papuosalas\/teemantkorvarongad-halo-emerald-teemandid\/#breadcrumb\",\"itemListElement\":[{\"@type\":\"ListItem\",\"position\":1,\"name\":\"Home\",\"item\":\"https:\/\/fashiongold.lt\/et\/\"},{\"@type\":\"ListItem\",\"position\":2,\"name\":\"Teemantide pood Fashiongold.lt\",\"item\":\"https:\/\/fashiongold.lt\/shop-2\/\"},{\"@type\":\"ListItem\",\"position\":3,\"name\":\"Teemantk\u00f5rvar\u00f5ngad &#8211; HALO EMERALD TEEMANDID\"}]},{\"@type\":\"WebSite\",\"@id\":\"https:\/\/fashiongold.lt\/et\/#website\",\"url\":\"https:\/\/fashiongold.lt\/et\/\",\"name\":\"Fashion Gold\",\"description\":\"Juvelyrikos namai\",\"publisher\":{\"@id\":\"https:\/\/fashiongold.lt\/et\/#organization\"},\"potentialAction\":[{\"@type\":\"SearchAction\",\"target\":{\"@type\":\"EntryPoint\",\"urlTemplate\":\"https:\/\/fashiongold.lt\/et\/?s={search_term_string}\"},\"query-input\":{\"@type\":\"PropertyValueSpecification\",\"valueRequired\":true,\"valueName\":\"search_term_string\"}}],\"inLanguage\":\"et\"},{\"@type\":\"Organization\",\"@id\":\"https:\/\/fashiongold.lt\/et\/#organization\",\"name\":\"Topdiamonds Online\",\"url\":\"https:\/\/fashiongold.lt\/et\/\",\"logo\":{\"@type\":\"ImageObject\",\"inLanguage\":\"et\",\"@id\":\"https:\/\/fashiongold.lt\/et\/#\/schema\/logo\/image\/\",\"url\":\"https:\/\/fashiongold.lt\/wp-content\/uploads\/2025\/04\/cropped-fashion_gold_logotipas2-scaled-1.png\",\"contentUrl\":\"https:\/\/fashiongold.lt\/wp-content\/uploads\/2025\/04\/cropped-fashion_gold_logotipas2-scaled-1.png\",\"width\":2559,\"height\":421,\"caption\":\"Topdiamonds Online\"},\"image\":{\"@id\":\"https:\/\/fashiongold.lt\/et\/#\/schema\/logo\/image\/\"}}]}<\/script>\n<!-- \/ Yoast SEO plugin. -->","yoast_head_json":{"title":"Teemandiga k\u00f5rvar\u00f5ngad - HALO EMERALD TEEMANDID","description":"Silmapaistvad teemantk\u00f5rvar\u00f5ngad \u2013 moodne disain ristk\u00fclikukujuliste teemantide ja s\u00e4rava Halo-\u00e4\u00e4risega. Elegantsus igaks puhuks.","robots":{"index":"index","follow":"follow","max-snippet":"max-snippet:-1","max-image-preview":"max-image-preview:large","max-video-preview":"max-video-preview:-1"},"canonical":"https:\/\/fashiongold.lt\/et\/papuosalas\/teemantkorvarongad-halo-emerald-teemandid\/","og_locale":"et_EE","og_type":"article","og_title":"Teemandiga k\u00f5rvar\u00f5ngad - HALO EMERALD TEEMANDID","og_description":"Silmapaistvad teemantk\u00f5rvar\u00f5ngad \u2013 moodne disain ristk\u00fclikukujuliste teemantide ja s\u00e4rava Halo-\u00e4\u00e4risega. Elegantsus igaks puhuks.","og_url":"https:\/\/fashiongold.lt\/et\/papuosalas\/teemantkorvarongad-halo-emerald-teemandid\/","og_site_name":"FashionGold.lt","og_image":[{"width":800,"height":800,"url":"https:\/\/fashiongold.lt\/wp-content\/uploads\/2025\/10\/Auskarai-su-deimantais-EMERALD-HALO-DEIMANTAI-2020-1.webp","type":"image\/png"}],"twitter_card":"summary_large_image","twitter_misc":{"Est. reading time":"1 minut"},"schema":{"@context":"https:\/\/schema.org","@graph":[{"@type":"WebPage","@id":"https:\/\/fashiongold.lt\/et\/papuosalas\/teemantkorvarongad-halo-emerald-teemandid\/","url":"https:\/\/fashiongold.lt\/et\/papuosalas\/teemantkorvarongad-halo-emerald-teemandid\/","name":"Teemandiga k\u00f5rvar\u00f5ngad - HALO EMERALD TEEMANDID","isPartOf":{"@id":"https:\/\/fashiongold.lt\/et\/#website"},"primaryImageOfPage":{"@id":"https:\/\/fashiongold.lt\/et\/papuosalas\/teemantkorvarongad-halo-emerald-teemandid\/#primaryimage"},"image":{"@id":"https:\/\/fashiongold.lt\/et\/papuosalas\/teemantkorvarongad-halo-emerald-teemandid\/#primaryimage"},"thumbnailUrl":"https:\/\/fashiongold.lt\/wp-content\/uploads\/2025\/10\/Auskarai-su-deimantais-EMERALD-HALO-DEIMANTAI-2020-1.png","datePublished":"2025-10-09T16:32:49+00:00","description":"Silmapaistvad teemantk\u00f5rvar\u00f5ngad \u2013 moodne disain ristk\u00fclikukujuliste teemantide ja s\u00e4rava Halo-\u00e4\u00e4risega. Elegantsus igaks puhuks.","breadcrumb":{"@id":"https:\/\/fashiongold.lt\/et\/papuosalas\/teemantkorvarongad-halo-emerald-teemandid\/#breadcrumb"},"inLanguage":"et","potentialAction":[{"@type":"ReadAction","target":["https:\/\/fashiongold.lt\/et\/papuosalas\/teemantkorvarongad-halo-emerald-teemandid\/"]}]},{"@type":"ImageObject","inLanguage":"et","@id":"https:\/\/fashiongold.lt\/et\/papuosalas\/teemantkorvarongad-halo-emerald-teemandid\/#primaryimage","url":"https:\/\/fashiongold.lt\/wp-content\/uploads\/2025\/10\/Auskarai-su-deimantais-EMERALD-HALO-DEIMANTAI-2020-1.png","contentUrl":"https:\/\/fashiongold.lt\/wp-content\/uploads\/2025\/10\/Auskarai-su-deimantais-EMERALD-HALO-DEIMANTAI-2020-1.png","width":800,"height":800},{"@type":"BreadcrumbList","@id":"https:\/\/fashiongold.lt\/et\/papuosalas\/teemantkorvarongad-halo-emerald-teemandid\/#breadcrumb","itemListElement":[{"@type":"ListItem","position":1,"name":"Home","item":"https:\/\/fashiongold.lt\/et\/"},{"@type":"ListItem","position":2,"name":"Teemantide pood Fashiongold.lt","item":"https:\/\/fashiongold.lt\/shop-2\/"},{"@type":"ListItem","position":3,"name":"Teemantk\u00f5rvar\u00f5ngad &#8211; HALO EMERALD TEEMANDID"}]},{"@type":"WebSite","@id":"https:\/\/fashiongold.lt\/et\/#website","url":"https:\/\/fashiongold.lt\/et\/","name":"Fashion Gold","description":"Juvelyrikos namai","publisher":{"@id":"https:\/\/fashiongold.lt\/et\/#organization"},"potentialAction":[{"@type":"SearchAction","target":{"@type":"EntryPoint","urlTemplate":"https:\/\/fashiongold.lt\/et\/?s={search_term_string}"},"query-input":{"@type":"PropertyValueSpecification","valueRequired":true,"valueName":"search_term_string"}}],"inLanguage":"et"},{"@type":"Organization","@id":"https:\/\/fashiongold.lt\/et\/#organization","name":"Topdiamonds Online","url":"https:\/\/fashiongold.lt\/et\/","logo":{"@type":"ImageObject","inLanguage":"et","@id":"https:\/\/fashiongold.lt\/et\/#\/schema\/logo\/image\/","url":"https:\/\/fashiongold.lt\/wp-content\/uploads\/2025\/04\/cropped-fashion_gold_logotipas2-scaled-1.png","contentUrl":"https:\/\/fashiongold.lt\/wp-content\/uploads\/2025\/04\/cropped-fashion_gold_logotipas2-scaled-1.png","width":2559,"height":421,"caption":"Topdiamonds Online"},"image":{"@id":"https:\/\/fashiongold.lt\/et\/#\/schema\/logo\/image\/"}}]}},"_links":{"self":[{"href":"https:\/\/fashiongold.lt\/et\/wp-json\/wp\/v2\/product\/286676","targetHints":{"allow":["GET"]}}],"collection":[{"href":"https:\/\/fashiongold.lt\/et\/wp-json\/wp\/v2\/product"}],"about":[{"href":"https:\/\/fashiongold.lt\/et\/wp-json\/wp\/v2\/types\/product"}],"version-history":[{"count":0,"href":"https:\/\/fashiongold.lt\/et\/wp-json\/wp\/v2\/product\/286676\/revisions"}],"wp:featuredmedia":[{"embeddable":true,"href":"https:\/\/fashiongold.lt\/et\/wp-json\/wp\/v2\/media\/37749"}],"wp:attachment":[{"href":"https:\/\/fashiongold.lt\/et\/wp-json\/wp\/v2\/media?parent=286676"}],"wp:term":[{"taxonomy":"product_brand","embeddable":true,"href":"https:\/\/fashiongold.lt\/et\/wp-json\/wp\/v2\/product_brand?post=286676"},{"taxonomy":"product_cat","embeddable":true,"href":"https:\/\/fashiongold.lt\/et\/wp-json\/wp\/v2\/product_cat?post=286676"},{"taxonomy":"product_tag","embeddable":true,"href":"https:\/\/fashiongold.lt\/et\/wp-json\/wp\/v2\/product_tag?post=286676"}],"curies":[{"name":"wp","href":"https:\/\/api.w.org\/{rel}","templated":true}]}}