{"id":286711,"date":"2025-10-09T16:31:45","date_gmt":"2025-10-09T16:31:45","guid":{"rendered":"https:\/\/fashiongold.lt\/papuosalas\/sormuse-suuruse-mootja\/"},"modified":"2026-02-16T12:51:36","modified_gmt":"2026-02-16T12:51:36","slug":"sormuse-suuruse-mootja","status":"publish","type":"product","link":"https:\/\/fashiongold.lt\/et\/papuosalas\/sormuse-suuruse-mootja\/","title":{"rendered":"S\u00d5RMUSE SUURUSE M\u00d5\u00d5TJA"},"content":{"rendered":"<h2><strong>S\u00f5rmuse suuruse m\u00f5\u00f5tja \u2013 t\u00e4pne m\u00f5\u00f5tmine kodus<\/strong><\/h2>\n<p>See m\u00f5\u00f5tja v\u00f5imaldab kiiresti ja t\u00e4pselt m\u00f5\u00f5ta s\u00f5rme suurust kodustes tingimustes. Selgelt m\u00e4rgistatud skaala abil saate h\u00f5lpsasti m\u00e4\u00e4rata s\u00f5rmuse suuruse vastavalt rahvusvahelistele standarditele (US, UK, EU). See on eriti kasulik, kui plaanite osta s\u00f5rmust internetist v\u00f5i soovite \u00fcllatada l\u00e4hedast inimest, teadmata tema t\u00e4pset suurust.<br \/>\nS\u00f5rmuse suuruse m\u00e4\u00e4ramise komplekt on lihtne ja mugav kasutada ning sobib nii naistele kui ka meestele. Sellega saab m\u00f5\u00f5ta erinevaid suurusi, v\u00e4ga v\u00e4ikestest kuni suurenteni, seega on see kasulik k\u00f5igile. Selge ja kergesti loetav skaala ei j\u00e4ta kahtlusteks ruumi ning t\u00e4nu kergele ja kompaktsele disainile on m\u00f5\u00f5tjat mugav kodus hoida v\u00f5i endaga kaasas kanda.<\/p>\n<h2>Eelised:<\/h2>\n<p>&#8211; Aitab v\u00e4ltida vales suuruses s\u00f5rmuse tagastamist v\u00f5i \u00fcmbervahetamist.<br \/>\n&#8211; Suurep\u00e4rane t\u00f6\u00f6riist kihluseks v\u00f5i muuks oluliseks s\u00fcndmuseks valmistumisel.<br \/>\n&#8211; Ideaalne lisand oma ehtekollektsiooni v\u00f5i professionaalseks kasutamiseks.<\/p>\n<h2>Kasutusjuhend:<\/h2>\n<p>1. Asetage m\u00f5\u00f5tja valitud s\u00f5rmele.<br \/>\n2. Pingutage \u00f5rnalt, kuni m\u00f5\u00f5tja istub mugavalt \u00fcmber s\u00f5rme, kuid ei pigista.<br \/>\n3. Fikseerige asend ja vaadake suurust.<br \/>\n<strong>Oluline:<\/strong> t\u00e4pseima tulemuse saamiseks on soovitatav m\u00f5\u00f5ta \u00f5htul, mil s\u00f5rmed on loomulikult veidi paisunud.<\/p>\n<p>Avastage mugav ja usaldusv\u00e4\u00e4rne viis s\u00f5rmuse suuruse t\u00e4pseks m\u00e4\u00e4ramiseks \u2013 nii endale kui ka l\u00e4hedastele koos <a href=\"https:\/\/fashiongold.lt\/et\/\" target=\"_blank\" rel=\"noopener\">FashionGold.lt<\/a>-ga.<\/p>\n","protected":false},"excerpt":{"rendered":"<p>S\u00f5rmuse suuruse m\u00f5\u00f5tja \u2013 t\u00e4pne m\u00f5\u00f5tmine kodus See m\u00f5\u00f5tja v\u00f5imaldab kiiresti ja t\u00e4pselt m\u00f5\u00f5ta s\u00f5rme suurust kodustes tingimustes. Selgelt m\u00e4rgistatud [&hellip;]<\/p>\n","protected":false},"featured_media":38569,"template":"","meta":{"site-sidebar-layout":"default","site-content-layout":"","ast-site-content-layout":"default","site-content-style":"default","site-sidebar-style":"default","ast-global-header-display":"","ast-banner-title-visibility":"","ast-main-header-display":"","ast-hfb-above-header-display":"","ast-hfb-below-header-display":"","ast-hfb-mobile-header-display":"","site-post-title":"","ast-breadcrumbs-content":"","ast-featured-img":"","footer-sml-layout":"","ast-disable-related-posts":"","theme-transparent-header-meta":"default","adv-header-id-meta":"","stick-header-meta":"","header-above-stick-meta":"","header-main-stick-meta":"","header-below-stick-meta":"","astra-migrate-meta-layouts":"default","ast-page-background-enabled":"default","ast-page-background-meta":{"desktop":{"background-color":"var(--ast-global-color-4)","background-image":"","background-repeat":"repeat","background-position":"center center","background-size":"auto","background-attachment":"scroll","background-type":"","background-media":"","overlay-type":"","overlay-color":"","overlay-opacity":"","overlay-gradient":""},"tablet":{"background-color":"","background-image":"","background-repeat":"repeat","background-position":"center center","background-size":"auto","background-attachment":"scroll","background-type":"","background-media":"","overlay-type":"","overlay-color":"","overlay-opacity":"","overlay-gradient":""},"mobile":{"background-color":"","background-image":"","background-repeat":"repeat","background-position":"center center","background-size":"auto","background-attachment":"scroll","background-type":"","background-media":"","overlay-type":"","overlay-color":"","overlay-opacity":"","overlay-gradient":""}},"ast-content-background-meta":{"desktop":{"background-color":"var(--ast-global-color-5)","background-image":"","background-repeat":"repeat","background-position":"center center","background-size":"auto","background-attachment":"scroll","background-type":"","background-media":"","overlay-type":"","overlay-color":"","overlay-opacity":"","overlay-gradient":""},"tablet":{"background-color":"var(--ast-global-color-5)","background-image":"","background-repeat":"repeat","background-position":"center center","background-size":"auto","background-attachment":"scroll","background-type":"","background-media":"","overlay-type":"","overlay-color":"","overlay-opacity":"","overlay-gradient":""},"mobile":{"background-color":"var(--ast-global-color-5)","background-image":"","background-repeat":"repeat","background-position":"center center","background-size":"auto","background-attachment":"scroll","background-type":"","background-media":"","overlay-type":"","overlay-color":"","overlay-opacity":"","overlay-gradient":""}}},"product_brand":[],"product_cat":[3551],"product_tag":[],"class_list":{"0":"post-286711","1":"product","2":"type-product","3":"status-publish","4":"has-post-thumbnail","6":"product_cat-kategoriseerimata-et","7":"desktop-align-center","8":"tablet-align-left","9":"mobile-align-left","10":"ast-product-gallery-layout-horizontal-slider","11":"ast-product-tabs-layout-accordion","12":"ast-qv-on-image","14":"first","15":"instock","16":"taxable","17":"shipping-taxable","18":"purchasable","19":"product-type-simple"},"yoast_head":"<!-- This site is optimized with the Yoast SEO plugin v26.6 - https:\/\/yoast.com\/wordpress\/plugins\/seo\/ -->\n<title>S\u00f5rmuse suuruse m\u00f5\u00f5tja - suuruse m\u00e4\u00e4ramise komplekt<\/title>\n<meta name=\"description\" content=\"Lihtsusta oma s\u00f5rmuse suuruse m\u00f5\u00f5tmist kodus \u2013 saa t\u00e4psed andmed, v\u00e4ltides paberist improvisatsioone ja \u201esilma j\u00e4rgi\u201c hinnanguid.\" \/>\n<meta name=\"robots\" content=\"index, follow, max-snippet:-1, max-image-preview:large, max-video-preview:-1\" \/>\n<link rel=\"canonical\" href=\"https:\/\/fashiongold.lt\/et\/papuosalas\/sormuse-suuruse-mootja\/\" \/>\n<meta property=\"og:locale\" content=\"et_EE\" \/>\n<meta property=\"og:type\" content=\"article\" \/>\n<meta property=\"og:title\" content=\"S\u00f5rmuse suuruse m\u00f5\u00f5tja - suuruse m\u00e4\u00e4ramise komplekt\" \/>\n<meta property=\"og:description\" content=\"Lihtsusta oma s\u00f5rmuse suuruse m\u00f5\u00f5tmist kodus \u2013 saa t\u00e4psed andmed, v\u00e4ltides paberist improvisatsioone ja \u201esilma j\u00e4rgi\u201c hinnanguid.\" \/>\n<meta property=\"og:url\" content=\"https:\/\/fashiongold.lt\/et\/papuosalas\/sormuse-suuruse-mootja\/\" \/>\n<meta property=\"og:site_name\" content=\"FashionGold.lt\" \/>\n<meta property=\"article:modified_time\" content=\"2026-02-16T12:51:36+00:00\" \/>\n<meta property=\"og:image\" content=\"https:\/\/fashiongold.lt\/wp-content\/uploads\/2025\/10\/ziedo-dydzio-matuoklis.webp\" \/>\n\t<meta property=\"og:image:width\" content=\"800\" \/>\n\t<meta property=\"og:image:height\" content=\"800\" \/>\n\t<meta property=\"og:image:type\" content=\"image\/jpeg\" \/>\n<meta name=\"twitter:card\" content=\"summary_large_image\" \/>\n<meta name=\"twitter:label1\" content=\"Est. reading time\" \/>\n\t<meta name=\"twitter:data1\" content=\"1 minut\" \/>\n<script type=\"application\/ld+json\" class=\"yoast-schema-graph\">{\"@context\":\"https:\/\/schema.org\",\"@graph\":[{\"@type\":\"WebPage\",\"@id\":\"https:\/\/fashiongold.lt\/et\/papuosalas\/sormuse-suuruse-mootja\/\",\"url\":\"https:\/\/fashiongold.lt\/et\/papuosalas\/sormuse-suuruse-mootja\/\",\"name\":\"S\u00f5rmuse suuruse m\u00f5\u00f5tja - suuruse m\u00e4\u00e4ramise komplekt\",\"isPartOf\":{\"@id\":\"https:\/\/fashiongold.lt\/et\/#website\"},\"primaryImageOfPage\":{\"@id\":\"https:\/\/fashiongold.lt\/et\/papuosalas\/sormuse-suuruse-mootja\/#primaryimage\"},\"image\":{\"@id\":\"https:\/\/fashiongold.lt\/et\/papuosalas\/sormuse-suuruse-mootja\/#primaryimage\"},\"thumbnailUrl\":\"https:\/\/fashiongold.lt\/wp-content\/uploads\/2025\/10\/ziedo-dydzio-matuoklis.jpg\",\"datePublished\":\"2025-10-09T16:31:45+00:00\",\"dateModified\":\"2026-02-16T12:51:36+00:00\",\"description\":\"Lihtsusta oma s\u00f5rmuse suuruse m\u00f5\u00f5tmist kodus \u2013 saa t\u00e4psed andmed, v\u00e4ltides paberist improvisatsioone ja \u201esilma j\u00e4rgi\u201c hinnanguid.\",\"breadcrumb\":{\"@id\":\"https:\/\/fashiongold.lt\/et\/papuosalas\/sormuse-suuruse-mootja\/#breadcrumb\"},\"inLanguage\":\"et\",\"potentialAction\":[{\"@type\":\"ReadAction\",\"target\":[\"https:\/\/fashiongold.lt\/et\/papuosalas\/sormuse-suuruse-mootja\/\"]}]},{\"@type\":\"ImageObject\",\"inLanguage\":\"et\",\"@id\":\"https:\/\/fashiongold.lt\/et\/papuosalas\/sormuse-suuruse-mootja\/#primaryimage\",\"url\":\"https:\/\/fashiongold.lt\/wp-content\/uploads\/2025\/10\/ziedo-dydzio-matuoklis.jpg\",\"contentUrl\":\"https:\/\/fashiongold.lt\/wp-content\/uploads\/2025\/10\/ziedo-dydzio-matuoklis.jpg\",\"width\":800,\"height\":800},{\"@type\":\"BreadcrumbList\",\"@id\":\"https:\/\/fashiongold.lt\/et\/papuosalas\/sormuse-suuruse-mootja\/#breadcrumb\",\"itemListElement\":[{\"@type\":\"ListItem\",\"position\":1,\"name\":\"Home\",\"item\":\"https:\/\/fashiongold.lt\/et\/\"},{\"@type\":\"ListItem\",\"position\":2,\"name\":\"Teemantide pood Fashiongold.lt\",\"item\":\"https:\/\/fashiongold.lt\/shop-2\/\"},{\"@type\":\"ListItem\",\"position\":3,\"name\":\"S\u00d5RMUSE SUURUSE M\u00d5\u00d5TJA\"}]},{\"@type\":\"WebSite\",\"@id\":\"https:\/\/fashiongold.lt\/et\/#website\",\"url\":\"https:\/\/fashiongold.lt\/et\/\",\"name\":\"Fashion Gold\",\"description\":\"Juvelyrikos namai\",\"publisher\":{\"@id\":\"https:\/\/fashiongold.lt\/et\/#organization\"},\"potentialAction\":[{\"@type\":\"SearchAction\",\"target\":{\"@type\":\"EntryPoint\",\"urlTemplate\":\"https:\/\/fashiongold.lt\/et\/?s={search_term_string}\"},\"query-input\":{\"@type\":\"PropertyValueSpecification\",\"valueRequired\":true,\"valueName\":\"search_term_string\"}}],\"inLanguage\":\"et\"},{\"@type\":\"Organization\",\"@id\":\"https:\/\/fashiongold.lt\/et\/#organization\",\"name\":\"Topdiamonds Online\",\"url\":\"https:\/\/fashiongold.lt\/et\/\",\"logo\":{\"@type\":\"ImageObject\",\"inLanguage\":\"et\",\"@id\":\"https:\/\/fashiongold.lt\/et\/#\/schema\/logo\/image\/\",\"url\":\"https:\/\/fashiongold.lt\/wp-content\/uploads\/2025\/04\/cropped-fashion_gold_logotipas2-scaled-1.png\",\"contentUrl\":\"https:\/\/fashiongold.lt\/wp-content\/uploads\/2025\/04\/cropped-fashion_gold_logotipas2-scaled-1.png\",\"width\":2559,\"height\":421,\"caption\":\"Topdiamonds Online\"},\"image\":{\"@id\":\"https:\/\/fashiongold.lt\/et\/#\/schema\/logo\/image\/\"}}]}<\/script>\n<!-- \/ Yoast SEO plugin. -->","yoast_head_json":{"title":"S\u00f5rmuse suuruse m\u00f5\u00f5tja - suuruse m\u00e4\u00e4ramise komplekt","description":"Lihtsusta oma s\u00f5rmuse suuruse m\u00f5\u00f5tmist kodus \u2013 saa t\u00e4psed andmed, v\u00e4ltides paberist improvisatsioone ja \u201esilma j\u00e4rgi\u201c hinnanguid.","robots":{"index":"index","follow":"follow","max-snippet":"max-snippet:-1","max-image-preview":"max-image-preview:large","max-video-preview":"max-video-preview:-1"},"canonical":"https:\/\/fashiongold.lt\/et\/papuosalas\/sormuse-suuruse-mootja\/","og_locale":"et_EE","og_type":"article","og_title":"S\u00f5rmuse suuruse m\u00f5\u00f5tja - suuruse m\u00e4\u00e4ramise komplekt","og_description":"Lihtsusta oma s\u00f5rmuse suuruse m\u00f5\u00f5tmist kodus \u2013 saa t\u00e4psed andmed, v\u00e4ltides paberist improvisatsioone ja \u201esilma j\u00e4rgi\u201c hinnanguid.","og_url":"https:\/\/fashiongold.lt\/et\/papuosalas\/sormuse-suuruse-mootja\/","og_site_name":"FashionGold.lt","article_modified_time":"2026-02-16T12:51:36+00:00","og_image":[{"width":800,"height":800,"url":"https:\/\/fashiongold.lt\/wp-content\/uploads\/2025\/10\/ziedo-dydzio-matuoklis.webp","type":"image\/jpeg"}],"twitter_card":"summary_large_image","twitter_misc":{"Est. reading time":"1 minut"},"schema":{"@context":"https:\/\/schema.org","@graph":[{"@type":"WebPage","@id":"https:\/\/fashiongold.lt\/et\/papuosalas\/sormuse-suuruse-mootja\/","url":"https:\/\/fashiongold.lt\/et\/papuosalas\/sormuse-suuruse-mootja\/","name":"S\u00f5rmuse suuruse m\u00f5\u00f5tja - suuruse m\u00e4\u00e4ramise komplekt","isPartOf":{"@id":"https:\/\/fashiongold.lt\/et\/#website"},"primaryImageOfPage":{"@id":"https:\/\/fashiongold.lt\/et\/papuosalas\/sormuse-suuruse-mootja\/#primaryimage"},"image":{"@id":"https:\/\/fashiongold.lt\/et\/papuosalas\/sormuse-suuruse-mootja\/#primaryimage"},"thumbnailUrl":"https:\/\/fashiongold.lt\/wp-content\/uploads\/2025\/10\/ziedo-dydzio-matuoklis.jpg","datePublished":"2025-10-09T16:31:45+00:00","dateModified":"2026-02-16T12:51:36+00:00","description":"Lihtsusta oma s\u00f5rmuse suuruse m\u00f5\u00f5tmist kodus \u2013 saa t\u00e4psed andmed, v\u00e4ltides paberist improvisatsioone ja \u201esilma j\u00e4rgi\u201c hinnanguid.","breadcrumb":{"@id":"https:\/\/fashiongold.lt\/et\/papuosalas\/sormuse-suuruse-mootja\/#breadcrumb"},"inLanguage":"et","potentialAction":[{"@type":"ReadAction","target":["https:\/\/fashiongold.lt\/et\/papuosalas\/sormuse-suuruse-mootja\/"]}]},{"@type":"ImageObject","inLanguage":"et","@id":"https:\/\/fashiongold.lt\/et\/papuosalas\/sormuse-suuruse-mootja\/#primaryimage","url":"https:\/\/fashiongold.lt\/wp-content\/uploads\/2025\/10\/ziedo-dydzio-matuoklis.jpg","contentUrl":"https:\/\/fashiongold.lt\/wp-content\/uploads\/2025\/10\/ziedo-dydzio-matuoklis.jpg","width":800,"height":800},{"@type":"BreadcrumbList","@id":"https:\/\/fashiongold.lt\/et\/papuosalas\/sormuse-suuruse-mootja\/#breadcrumb","itemListElement":[{"@type":"ListItem","position":1,"name":"Home","item":"https:\/\/fashiongold.lt\/et\/"},{"@type":"ListItem","position":2,"name":"Teemantide pood Fashiongold.lt","item":"https:\/\/fashiongold.lt\/shop-2\/"},{"@type":"ListItem","position":3,"name":"S\u00d5RMUSE SUURUSE M\u00d5\u00d5TJA"}]},{"@type":"WebSite","@id":"https:\/\/fashiongold.lt\/et\/#website","url":"https:\/\/fashiongold.lt\/et\/","name":"Fashion Gold","description":"Juvelyrikos namai","publisher":{"@id":"https:\/\/fashiongold.lt\/et\/#organization"},"potentialAction":[{"@type":"SearchAction","target":{"@type":"EntryPoint","urlTemplate":"https:\/\/fashiongold.lt\/et\/?s={search_term_string}"},"query-input":{"@type":"PropertyValueSpecification","valueRequired":true,"valueName":"search_term_string"}}],"inLanguage":"et"},{"@type":"Organization","@id":"https:\/\/fashiongold.lt\/et\/#organization","name":"Topdiamonds Online","url":"https:\/\/fashiongold.lt\/et\/","logo":{"@type":"ImageObject","inLanguage":"et","@id":"https:\/\/fashiongold.lt\/et\/#\/schema\/logo\/image\/","url":"https:\/\/fashiongold.lt\/wp-content\/uploads\/2025\/04\/cropped-fashion_gold_logotipas2-scaled-1.png","contentUrl":"https:\/\/fashiongold.lt\/wp-content\/uploads\/2025\/04\/cropped-fashion_gold_logotipas2-scaled-1.png","width":2559,"height":421,"caption":"Topdiamonds Online"},"image":{"@id":"https:\/\/fashiongold.lt\/et\/#\/schema\/logo\/image\/"}}]}},"_links":{"self":[{"href":"https:\/\/fashiongold.lt\/et\/wp-json\/wp\/v2\/product\/286711","targetHints":{"allow":["GET"]}}],"collection":[{"href":"https:\/\/fashiongold.lt\/et\/wp-json\/wp\/v2\/product"}],"about":[{"href":"https:\/\/fashiongold.lt\/et\/wp-json\/wp\/v2\/types\/product"}],"version-history":[{"count":0,"href":"https:\/\/fashiongold.lt\/et\/wp-json\/wp\/v2\/product\/286711\/revisions"}],"wp:featuredmedia":[{"embeddable":true,"href":"https:\/\/fashiongold.lt\/et\/wp-json\/wp\/v2\/media\/38569"}],"wp:attachment":[{"href":"https:\/\/fashiongold.lt\/et\/wp-json\/wp\/v2\/media?parent=286711"}],"wp:term":[{"taxonomy":"product_brand","embeddable":true,"href":"https:\/\/fashiongold.lt\/et\/wp-json\/wp\/v2\/product_brand?post=286711"},{"taxonomy":"product_cat","embeddable":true,"href":"https:\/\/fashiongold.lt\/et\/wp-json\/wp\/v2\/product_cat?post=286711"},{"taxonomy":"product_tag","embeddable":true,"href":"https:\/\/fashiongold.lt\/et\/wp-json\/wp\/v2\/product_tag?post=286711"}],"curies":[{"name":"wp","href":"https:\/\/api.w.org\/{rel}","templated":true}]}}