{"id":286756,"date":"2025-10-09T16:29:32","date_gmt":"2025-10-09T16:29:32","guid":{"rendered":"https:\/\/fashiongold.lt\/papuosalas\/ehte-valmistamine-individuaalprojekti-jargi\/"},"modified":"2026-02-16T12:52:14","modified_gmt":"2026-02-16T12:52:14","slug":"ehte-valmistamine-individuaalprojekti-jargi","status":"publish","type":"product","link":"https:\/\/fashiongold.lt\/et\/papuosalas\/ehte-valmistamine-individuaalprojekti-jargi\/","title":{"rendered":"Ehte valmistamine individuaalprojekti j\u00e4rgi"},"content":{"rendered":"<div class=\"elementor-element elementor-element-10e2271 elementor-widget elementor-widget-woocommerce-product-short-description\" data-id=\"10e2271\" data-element_type=\"widget\" data-widget_type=\"woocommerce-product-short-description.default\">\n<div class=\"elementor-widget-container\">\n<div class=\"woocommerce-product-details__short-description\">\n<p><strong data-start=\"1692\" data-end=\"1715\">Mida saate tellida?<\/strong><\/p>\n<p>&#8211; S\u00f5rmust oma ideega<br \/>\n&#8211; S\u00fcmboolse t\u00e4hendusega ripatsit<br \/>\n&#8211; Teie stiiliga sobivaid k\u00f5rvar\u00f5ngaid<br \/>\n&#8211; Ketti, mida ei leidu kusagil mujal<br \/>\n&#8211; V\u00f5i isegi muuta vana ehte uueks<\/p>\n<\/div>\n<div class=\"woocommerce-product-details__short-description\">\n<p>&nbsp;<\/p>\n<p><strong style=\"font-size: 16px;\">K\u00f5ik hinnad on orienteeruvad. <\/strong><span style=\"font-size: 16px;\">Selle toote juures kuvatav hind on ilma materjalideta \u2013 t\u00e4pne hind m\u00e4\u00e4ratakse p\u00e4rast \u00fclevaatust v\u00f5i konsultatsiooni.<\/span><\/p>\n<\/div>\n<\/div>\n<\/div>\n<div class=\"elementor-element elementor-element-5fc13b1 elementor-widget elementor-widget-woocommerce-product-content\" data-id=\"5fc13b1\" data-element_type=\"widget\" data-widget_type=\"woocommerce-product-content.default\">\n<div class=\"elementor-widget-container\">\n<p>V\u00f5imalik on <strong>valmistamine kliendi olemasolevast kullast<\/strong> \u2013 tasuda tuleb vaid t\u00f6\u00f6 ja lisamaterjalide eest (nt teemandid, v\u00e4\u00e4riskivid).<\/p>\n<p><strong><br \/>\n<em>TOOTMISHINNA SEES ON:<\/em><\/strong><\/p>\n<p>\u2022 <strong><a href=\"https:\/\/fashiongold.lt\/et\/patarimai-et\/teemant-rubiin-safiir-smaragd-vaariskivide-sertifikaadid\/\" target=\"_blank\" rel=\"noopener\">Sertifikaadid<\/a><\/strong> (s\u00f5ltuvalt tellimusest):<\/p>\n<p>Laboris kasvatatud teemandid: IGI sertifikaat.<br \/>\nLooduslikud teemandid: GIA sertifikaat.<br \/>\nLeedu Proovikoda (LPR)<\/p>\n<p>\u2022 <a href=\"https:\/\/fashiongold.lt\/et\/patarimai-et\/kihlasormused-kas-sormust-saab-graveerida-detailid-mis-annavad-teie-kihlasormusele-individuaalsust\/\" target=\"_blank\" rel=\"noopener\"><strong>Tasuta graveerimine<\/strong><\/a><\/p>\n<p>\u2022 \u00dchekordne <strong>tasuta<\/strong> suuruse muutmise garantii<\/p>\n<p>\u2022 <a href=\"https:\/\/fashiongold.lt\/et\/tarne-ja-tagastamine\/\" target=\"_blank\" rel=\"noopener\"><strong>Tootmis- ja tarneaeg<\/strong><\/a>: 3\u20136 n\u00e4dalat.<\/p>\n<p>&nbsp;<\/p>\n<p><strong><em>TOOTMISHINNA SEES EI OLE:<\/em><\/strong><\/p>\n<p>\u2022 Ehtemetallid: 14K (proov 585), 18K (proov 750), 900 plaatina<\/p>\n<p>\u2022 Ehte suurus ja kaal: (s\u00f5ltub suurusest ja proovist)<\/p>\n<p>\u2022 V\u00e4rv: <strong><a href=\"https:\/\/fashiongold.lt\/et\/patarimai-et\/valgest-kullast-teemantidega-kihlasormused-naturaalne-kuld-voi-roodiumikiht-soe-alatoon-voi-jaine\/\" target=\"_blank\" rel=\"noopener\">roodiumiga katmine<\/a><\/strong><\/p>\n<p>\u2022 <strong><a href=\"https:\/\/fashiongold.lt\/et\/patarimai-et\/teemant-teised-teemandi-kujud\/\" target=\"_blank\" rel=\"noopener\">Teemantide kuju<\/a><\/strong>: puudub (saab muuta)<\/p>\n<p>\u2022 <strong><a href=\"https:\/\/fashiongold.lt\/deimantu-tipai-ir-charakteristikos\/\" target=\"_blank\" rel=\"noopener\">Teemantide t\u00fc\u00fcbid ja omadused<\/a><\/strong>: puudub (saab muuta)<\/p>\n<p>&nbsp;<\/p>\n<p data-start=\"242\" data-end=\"464\">Kas teil on kuldehteid, mida te pole kaua aega kandnud? Andke neile uus elu. Kui teie kuld on kallis perep\u00e4rand v\u00f5i m\u00e4lestusi t\u00e4is reliikvia, muudab meie juveliir selle austusega teie tellitud ehteks, mis on v\u00e4\u00e4rt uut lugu. Ehteid saab valmistada teie olemasolevast kullast v\u00f5i kasutada meie v\u00e4\u00e4rismetalle \u2013 teie olemasolev kogus arvestatakse kaalu j\u00e4rgi. <a href=\"https:\/\/fashiongold.lt\/et\/kontaktid\/\" target=\"_blank\" rel=\"noopener\"><strong>V\u00f5tke meiega \u00fchendust<\/strong><\/a> \u2013 kuulame teie soove ja arvutame hinna, maksate ainult valmistamise eest.<\/p>\n<\/div>\n<\/div>\n","protected":false},"excerpt":{"rendered":"<p data-start=\"478\" data-end=\"758\">On olemas ehteid, mida me valime. Ja on neid, mis luuakse meie lugudest, tunnetest ja isiklikest s\u00fcmbolitest. Ehte valmistamine individuaalprojekti j\u00e4rgi on teenus neile, kes ei otsi masstoodangut, vaid eksklusiivset teost, mis on m\u00f5eldud just neile v\u00f5i eriliseks kingituseks. See on \u00fchine protsess, kus teist saavad mitte ainult tellijad, vaid ka kaasautorid. V\u00f5ite kaasa v\u00f5tta idee, visandi, foto v\u00f5i kasv\u00f5i ainult s\u00f5nadega kirjeldatud visiooni. Juveliir aitab selle reaalsuseks muuta \u2013 vormis, v\u00e4rvis ja materjalides.<br \/>\nJuveliir t\u00f6\u00f6tab kulla, h\u00f5beda, plaatina, teemantide ja muude v\u00e4\u00e4riskivide kombinatsioonidega. Kasutada saab ka teie olemasolevat metalli, kui sellel on isiklik v\u00f5i perekondlik t\u00e4hendus. Nii luuakse mitte ainult ehe, vaid ka emotsionaalne v\u00e4\u00e4rtus, mida soovitakse edasi anda. Iga projekt on unikaalne. See v\u00f5ib olla minimalistlik v\u00f5i silmapaistev, kaasaegse aktsendiga v\u00f5i inspireeritud vanast juveelikunstist. Eesm\u00e4rk on, et ehe ei vastaks trendidele, vaid <strong data-start=\"1436\" data-end=\"1482\">teie isiksusele, loole ja soovile eristuda<\/strong>.<\/p>\n","protected":false},"featured_media":37781,"template":"","meta":{"site-sidebar-layout":"default","site-content-layout":"","ast-site-content-layout":"default","site-content-style":"default","site-sidebar-style":"default","ast-global-header-display":"","ast-banner-title-visibility":"","ast-main-header-display":"","ast-hfb-above-header-display":"","ast-hfb-below-header-display":"","ast-hfb-mobile-header-display":"","site-post-title":"","ast-breadcrumbs-content":"","ast-featured-img":"","footer-sml-layout":"","ast-disable-related-posts":"","theme-transparent-header-meta":"default","adv-header-id-meta":"","stick-header-meta":"","header-above-stick-meta":"","header-main-stick-meta":"","header-below-stick-meta":"","astra-migrate-meta-layouts":"default","ast-page-background-enabled":"default","ast-page-background-meta":{"desktop":{"background-color":"var(--ast-global-color-4)","background-image":"","background-repeat":"repeat","background-position":"center center","background-size":"auto","background-attachment":"scroll","background-type":"","background-media":"","overlay-type":"","overlay-color":"","overlay-opacity":"","overlay-gradient":""},"tablet":{"background-color":"","background-image":"","background-repeat":"repeat","background-position":"center center","background-size":"auto","background-attachment":"scroll","background-type":"","background-media":"","overlay-type":"","overlay-color":"","overlay-opacity":"","overlay-gradient":""},"mobile":{"background-color":"","background-image":"","background-repeat":"repeat","background-position":"center center","background-size":"auto","background-attachment":"scroll","background-type":"","background-media":"","overlay-type":"","overlay-color":"","overlay-opacity":"","overlay-gradient":""}},"ast-content-background-meta":{"desktop":{"background-color":"var(--ast-global-color-5)","background-image":"","background-repeat":"repeat","background-position":"center center","background-size":"auto","background-attachment":"scroll","background-type":"","background-media":"","overlay-type":"","overlay-color":"","overlay-opacity":"","overlay-gradient":""},"tablet":{"background-color":"var(--ast-global-color-5)","background-image":"","background-repeat":"repeat","background-position":"center center","background-size":"auto","background-attachment":"scroll","background-type":"","background-media":"","overlay-type":"","overlay-color":"","overlay-opacity":"","overlay-gradient":""},"mobile":{"background-color":"var(--ast-global-color-5)","background-image":"","background-repeat":"repeat","background-position":"center center","background-size":"auto","background-attachment":"scroll","background-type":"","background-media":"","overlay-type":"","overlay-color":"","overlay-opacity":"","overlay-gradient":""}}},"product_brand":[],"product_cat":[3551],"product_tag":[],"class_list":{"0":"post-286756","1":"product","2":"type-product","3":"status-publish","4":"has-post-thumbnail","6":"product_cat-kategoriseerimata-et","7":"desktop-align-center","8":"tablet-align-left","9":"mobile-align-left","10":"ast-product-gallery-layout-horizontal-slider","11":"ast-product-gallery-with-no-image","12":"ast-product-tabs-layout-accordion","13":"ast-qv-on-image","15":"first","16":"instock","17":"taxable","18":"shipping-taxable","19":"purchasable","20":"product-type-simple"},"yoast_head":"<!-- This site is optimized with the Yoast SEO plugin v26.6 - https:\/\/yoast.com\/wordpress\/plugins\/seo\/ -->\n<title>Juveelar - Ehte valmistamine individuaalprojekti j\u00e4rgi<\/title>\n<meta name=\"description\" content=\"Ehte valmistamine individuaalprojekti j\u00e4rgi \u2013 looge unikaalne ehteteos oma idee j\u00e4rgi. Isikup\u00e4rane, t\u00e4hendusrikas, erakordne meisterlikkus.\" \/>\n<meta name=\"robots\" content=\"index, follow, max-snippet:-1, max-image-preview:large, max-video-preview:-1\" \/>\n<link rel=\"canonical\" href=\"https:\/\/fashiongold.lt\/et\/papuosalas\/ehte-valmistamine-individuaalprojekti-jargi\/\" \/>\n<meta property=\"og:locale\" content=\"et_EE\" \/>\n<meta property=\"og:type\" content=\"article\" \/>\n<meta property=\"og:title\" content=\"Juveelar - Ehte valmistamine individuaalprojekti j\u00e4rgi\" \/>\n<meta property=\"og:description\" content=\"Ehte valmistamine individuaalprojekti j\u00e4rgi \u2013 looge unikaalne ehteteos oma idee j\u00e4rgi. Isikup\u00e4rane, t\u00e4hendusrikas, erakordne meisterlikkus.\" \/>\n<meta property=\"og:url\" content=\"https:\/\/fashiongold.lt\/et\/papuosalas\/ehte-valmistamine-individuaalprojekti-jargi\/\" \/>\n<meta property=\"og:site_name\" content=\"FashionGold.lt\" \/>\n<meta property=\"article:modified_time\" content=\"2026-02-16T12:52:14+00:00\" \/>\n<meta property=\"og:image\" content=\"https:\/\/fashiongold.lt\/wp-content\/uploads\/2025\/10\/Papuosalo-gamyba-pagal-individualu-projekta.webp\" \/>\n\t<meta property=\"og:image:width\" content=\"800\" \/>\n\t<meta property=\"og:image:height\" content=\"800\" \/>\n\t<meta property=\"og:image:type\" content=\"image\/png\" \/>\n<meta name=\"twitter:card\" content=\"summary_large_image\" \/>\n<meta name=\"twitter:label1\" content=\"Est. reading time\" \/>\n\t<meta name=\"twitter:data1\" content=\"1 minut\" \/>\n<script type=\"application\/ld+json\" class=\"yoast-schema-graph\">{\"@context\":\"https:\/\/schema.org\",\"@graph\":[{\"@type\":\"WebPage\",\"@id\":\"https:\/\/fashiongold.lt\/et\/papuosalas\/ehte-valmistamine-individuaalprojekti-jargi\/\",\"url\":\"https:\/\/fashiongold.lt\/et\/papuosalas\/ehte-valmistamine-individuaalprojekti-jargi\/\",\"name\":\"Juveelar - Ehte valmistamine individuaalprojekti j\u00e4rgi\",\"isPartOf\":{\"@id\":\"https:\/\/fashiongold.lt\/et\/#website\"},\"primaryImageOfPage\":{\"@id\":\"https:\/\/fashiongold.lt\/et\/papuosalas\/ehte-valmistamine-individuaalprojekti-jargi\/#primaryimage\"},\"image\":{\"@id\":\"https:\/\/fashiongold.lt\/et\/papuosalas\/ehte-valmistamine-individuaalprojekti-jargi\/#primaryimage\"},\"thumbnailUrl\":\"https:\/\/fashiongold.lt\/wp-content\/uploads\/2025\/10\/Papuosalo-gamyba-pagal-individualu-projekta.png\",\"datePublished\":\"2025-10-09T16:29:32+00:00\",\"dateModified\":\"2026-02-16T12:52:14+00:00\",\"description\":\"Ehte valmistamine individuaalprojekti j\u00e4rgi \u2013 looge unikaalne ehteteos oma idee j\u00e4rgi. Isikup\u00e4rane, t\u00e4hendusrikas, erakordne meisterlikkus.\",\"breadcrumb\":{\"@id\":\"https:\/\/fashiongold.lt\/et\/papuosalas\/ehte-valmistamine-individuaalprojekti-jargi\/#breadcrumb\"},\"inLanguage\":\"et\",\"potentialAction\":[{\"@type\":\"ReadAction\",\"target\":[\"https:\/\/fashiongold.lt\/et\/papuosalas\/ehte-valmistamine-individuaalprojekti-jargi\/\"]}]},{\"@type\":\"ImageObject\",\"inLanguage\":\"et\",\"@id\":\"https:\/\/fashiongold.lt\/et\/papuosalas\/ehte-valmistamine-individuaalprojekti-jargi\/#primaryimage\",\"url\":\"https:\/\/fashiongold.lt\/wp-content\/uploads\/2025\/10\/Papuosalo-gamyba-pagal-individualu-projekta.png\",\"contentUrl\":\"https:\/\/fashiongold.lt\/wp-content\/uploads\/2025\/10\/Papuosalo-gamyba-pagal-individualu-projekta.png\",\"width\":800,\"height\":800},{\"@type\":\"BreadcrumbList\",\"@id\":\"https:\/\/fashiongold.lt\/et\/papuosalas\/ehte-valmistamine-individuaalprojekti-jargi\/#breadcrumb\",\"itemListElement\":[{\"@type\":\"ListItem\",\"position\":1,\"name\":\"Home\",\"item\":\"https:\/\/fashiongold.lt\/et\/\"},{\"@type\":\"ListItem\",\"position\":2,\"name\":\"Teemantide pood Fashiongold.lt\",\"item\":\"https:\/\/fashiongold.lt\/shop-2\/\"},{\"@type\":\"ListItem\",\"position\":3,\"name\":\"Ehte valmistamine individuaalprojekti j\u00e4rgi\"}]},{\"@type\":\"WebSite\",\"@id\":\"https:\/\/fashiongold.lt\/et\/#website\",\"url\":\"https:\/\/fashiongold.lt\/et\/\",\"name\":\"Fashion Gold\",\"description\":\"Juvelyrikos namai\",\"publisher\":{\"@id\":\"https:\/\/fashiongold.lt\/et\/#organization\"},\"potentialAction\":[{\"@type\":\"SearchAction\",\"target\":{\"@type\":\"EntryPoint\",\"urlTemplate\":\"https:\/\/fashiongold.lt\/et\/?s={search_term_string}\"},\"query-input\":{\"@type\":\"PropertyValueSpecification\",\"valueRequired\":true,\"valueName\":\"search_term_string\"}}],\"inLanguage\":\"et\"},{\"@type\":\"Organization\",\"@id\":\"https:\/\/fashiongold.lt\/et\/#organization\",\"name\":\"Topdiamonds Online\",\"url\":\"https:\/\/fashiongold.lt\/et\/\",\"logo\":{\"@type\":\"ImageObject\",\"inLanguage\":\"et\",\"@id\":\"https:\/\/fashiongold.lt\/et\/#\/schema\/logo\/image\/\",\"url\":\"https:\/\/fashiongold.lt\/wp-content\/uploads\/2025\/04\/cropped-fashion_gold_logotipas2-scaled-1.png\",\"contentUrl\":\"https:\/\/fashiongold.lt\/wp-content\/uploads\/2025\/04\/cropped-fashion_gold_logotipas2-scaled-1.png\",\"width\":2559,\"height\":421,\"caption\":\"Topdiamonds Online\"},\"image\":{\"@id\":\"https:\/\/fashiongold.lt\/et\/#\/schema\/logo\/image\/\"}}]}<\/script>\n<!-- \/ Yoast SEO plugin. -->","yoast_head_json":{"title":"Juveelar - Ehte valmistamine individuaalprojekti j\u00e4rgi","description":"Ehte valmistamine individuaalprojekti j\u00e4rgi \u2013 looge unikaalne ehteteos oma idee j\u00e4rgi. Isikup\u00e4rane, t\u00e4hendusrikas, erakordne meisterlikkus.","robots":{"index":"index","follow":"follow","max-snippet":"max-snippet:-1","max-image-preview":"max-image-preview:large","max-video-preview":"max-video-preview:-1"},"canonical":"https:\/\/fashiongold.lt\/et\/papuosalas\/ehte-valmistamine-individuaalprojekti-jargi\/","og_locale":"et_EE","og_type":"article","og_title":"Juveelar - Ehte valmistamine individuaalprojekti j\u00e4rgi","og_description":"Ehte valmistamine individuaalprojekti j\u00e4rgi \u2013 looge unikaalne ehteteos oma idee j\u00e4rgi. Isikup\u00e4rane, t\u00e4hendusrikas, erakordne meisterlikkus.","og_url":"https:\/\/fashiongold.lt\/et\/papuosalas\/ehte-valmistamine-individuaalprojekti-jargi\/","og_site_name":"FashionGold.lt","article_modified_time":"2026-02-16T12:52:14+00:00","og_image":[{"width":800,"height":800,"url":"https:\/\/fashiongold.lt\/wp-content\/uploads\/2025\/10\/Papuosalo-gamyba-pagal-individualu-projekta.webp","type":"image\/png"}],"twitter_card":"summary_large_image","twitter_misc":{"Est. reading time":"1 minut"},"schema":{"@context":"https:\/\/schema.org","@graph":[{"@type":"WebPage","@id":"https:\/\/fashiongold.lt\/et\/papuosalas\/ehte-valmistamine-individuaalprojekti-jargi\/","url":"https:\/\/fashiongold.lt\/et\/papuosalas\/ehte-valmistamine-individuaalprojekti-jargi\/","name":"Juveelar - Ehte valmistamine individuaalprojekti j\u00e4rgi","isPartOf":{"@id":"https:\/\/fashiongold.lt\/et\/#website"},"primaryImageOfPage":{"@id":"https:\/\/fashiongold.lt\/et\/papuosalas\/ehte-valmistamine-individuaalprojekti-jargi\/#primaryimage"},"image":{"@id":"https:\/\/fashiongold.lt\/et\/papuosalas\/ehte-valmistamine-individuaalprojekti-jargi\/#primaryimage"},"thumbnailUrl":"https:\/\/fashiongold.lt\/wp-content\/uploads\/2025\/10\/Papuosalo-gamyba-pagal-individualu-projekta.png","datePublished":"2025-10-09T16:29:32+00:00","dateModified":"2026-02-16T12:52:14+00:00","description":"Ehte valmistamine individuaalprojekti j\u00e4rgi \u2013 looge unikaalne ehteteos oma idee j\u00e4rgi. Isikup\u00e4rane, t\u00e4hendusrikas, erakordne meisterlikkus.","breadcrumb":{"@id":"https:\/\/fashiongold.lt\/et\/papuosalas\/ehte-valmistamine-individuaalprojekti-jargi\/#breadcrumb"},"inLanguage":"et","potentialAction":[{"@type":"ReadAction","target":["https:\/\/fashiongold.lt\/et\/papuosalas\/ehte-valmistamine-individuaalprojekti-jargi\/"]}]},{"@type":"ImageObject","inLanguage":"et","@id":"https:\/\/fashiongold.lt\/et\/papuosalas\/ehte-valmistamine-individuaalprojekti-jargi\/#primaryimage","url":"https:\/\/fashiongold.lt\/wp-content\/uploads\/2025\/10\/Papuosalo-gamyba-pagal-individualu-projekta.png","contentUrl":"https:\/\/fashiongold.lt\/wp-content\/uploads\/2025\/10\/Papuosalo-gamyba-pagal-individualu-projekta.png","width":800,"height":800},{"@type":"BreadcrumbList","@id":"https:\/\/fashiongold.lt\/et\/papuosalas\/ehte-valmistamine-individuaalprojekti-jargi\/#breadcrumb","itemListElement":[{"@type":"ListItem","position":1,"name":"Home","item":"https:\/\/fashiongold.lt\/et\/"},{"@type":"ListItem","position":2,"name":"Teemantide pood Fashiongold.lt","item":"https:\/\/fashiongold.lt\/shop-2\/"},{"@type":"ListItem","position":3,"name":"Ehte valmistamine individuaalprojekti j\u00e4rgi"}]},{"@type":"WebSite","@id":"https:\/\/fashiongold.lt\/et\/#website","url":"https:\/\/fashiongold.lt\/et\/","name":"Fashion Gold","description":"Juvelyrikos namai","publisher":{"@id":"https:\/\/fashiongold.lt\/et\/#organization"},"potentialAction":[{"@type":"SearchAction","target":{"@type":"EntryPoint","urlTemplate":"https:\/\/fashiongold.lt\/et\/?s={search_term_string}"},"query-input":{"@type":"PropertyValueSpecification","valueRequired":true,"valueName":"search_term_string"}}],"inLanguage":"et"},{"@type":"Organization","@id":"https:\/\/fashiongold.lt\/et\/#organization","name":"Topdiamonds Online","url":"https:\/\/fashiongold.lt\/et\/","logo":{"@type":"ImageObject","inLanguage":"et","@id":"https:\/\/fashiongold.lt\/et\/#\/schema\/logo\/image\/","url":"https:\/\/fashiongold.lt\/wp-content\/uploads\/2025\/04\/cropped-fashion_gold_logotipas2-scaled-1.png","contentUrl":"https:\/\/fashiongold.lt\/wp-content\/uploads\/2025\/04\/cropped-fashion_gold_logotipas2-scaled-1.png","width":2559,"height":421,"caption":"Topdiamonds Online"},"image":{"@id":"https:\/\/fashiongold.lt\/et\/#\/schema\/logo\/image\/"}}]}},"_links":{"self":[{"href":"https:\/\/fashiongold.lt\/et\/wp-json\/wp\/v2\/product\/286756","targetHints":{"allow":["GET"]}}],"collection":[{"href":"https:\/\/fashiongold.lt\/et\/wp-json\/wp\/v2\/product"}],"about":[{"href":"https:\/\/fashiongold.lt\/et\/wp-json\/wp\/v2\/types\/product"}],"version-history":[{"count":0,"href":"https:\/\/fashiongold.lt\/et\/wp-json\/wp\/v2\/product\/286756\/revisions"}],"wp:featuredmedia":[{"embeddable":true,"href":"https:\/\/fashiongold.lt\/et\/wp-json\/wp\/v2\/media\/37781"}],"wp:attachment":[{"href":"https:\/\/fashiongold.lt\/et\/wp-json\/wp\/v2\/media?parent=286756"}],"wp:term":[{"taxonomy":"product_brand","embeddable":true,"href":"https:\/\/fashiongold.lt\/et\/wp-json\/wp\/v2\/product_brand?post=286756"},{"taxonomy":"product_cat","embeddable":true,"href":"https:\/\/fashiongold.lt\/et\/wp-json\/wp\/v2\/product_cat?post=286756"},{"taxonomy":"product_tag","embeddable":true,"href":"https:\/\/fashiongold.lt\/et\/wp-json\/wp\/v2\/product_tag?post=286756"}],"curies":[{"name":"wp","href":"https:\/\/api.w.org\/{rel}","templated":true}]}}