{"id":286766,"date":"2025-10-09T16:29:32","date_gmt":"2025-10-09T16:29:32","guid":{"rendered":"https:\/\/fashiongold.lt\/papuosalas\/abielusormuste-valmistamine\/"},"modified":"2026-02-16T12:52:16","modified_gmt":"2026-02-16T12:52:16","slug":"abielusormuste-valmistamine","status":"publish","type":"product","link":"https:\/\/fashiongold.lt\/et\/papuosalas\/abielusormuste-valmistamine\/","title":{"rendered":"Abielus\u00f5rmuste valmistamine"},"content":{"rendered":"<p><strong>K\u00f5ik hinnad on orienteeruvad. <\/strong>Selle toote juures kuvatav hind on ilma materjalideta \u2013 t\u00e4pne hind m\u00e4\u00e4ratakse p\u00e4rast \u00fclevaatust v\u00f5i konsultatsiooni.<br \/>\nV\u00f5imalik on\u00a0<strong>valmistamine kliendi kullast<\/strong> \u2013 tasuda tuleb vaid t\u00f6\u00f6 ja lisamaterjalide eest (nt teemandid, v\u00e4\u00e4riskivid).<\/p>\n<p><strong><br \/>\n<em>TOOTMISHINNA SEES ON:<\/em><\/strong><\/p>\n<p>&nbsp;<\/p>\n<p><span data-sheets-root=\"1\">\u2022 <a href=\"https:\/\/fashiongold.lt\/et\/patarimai-et\/kihla-ja-abielusormuste-kulla-varvus-valge-punane-voi-kollane-kuld\/\" target=\"_blank\" rel=\"noopener\"><strong>S\u00f5rmuste kulla v\u00e4rv<\/strong><\/a>: valge, punane, kollane<\/span><\/p>\n<p>\u2022 <a href=\"https:\/\/fashiongold.lt\/et\/patarimai-et\/kihlasormused-taiusliku-proportsiooni-saladus-miks-moned-teemantsormused-naevad-luksuslikumad-valja\/\" target=\"_blank\" rel=\"noopener\"><strong>S\u00f5rmuste m\u00f5\u00f5tmed<\/strong><\/a> (s\u00f5ltub teist)<\/p>\n<p>\u2022 <strong><a href=\"https:\/\/fashiongold.lt\/et\/patarimai-et\/sormuse-mugavustsoon-voi-sormuse-mugavus\/\" target=\"_blank\" rel=\"noopener\">S\u00f5rmuste mugavustsoon<\/a><\/strong>: olemas.<\/p>\n<p>\u2022 <strong><a href=\"https:\/\/fashiongold.lt\/et\/patarimai-et\/teemant-rubiin-safiir-smaragd-vaariskivide-sertifikaadid\/\" target=\"_blank\" rel=\"noopener\">Sertifikaadid<\/a><\/strong> (olenevalt tellimusest):<\/p>\n<p>Laboris kasvatatud teemant: IGI sertifikaat.<br \/>\nLooduslik teemant: GIA sertifikaat.<br \/>\nLeedu Proovikoda (LPR)<\/p>\n<p>\u2022\u00a0<a href=\"https:\/\/fashiongold.lt\/et\/patarimai-et\/kihlasormused-kas-sormust-saab-graveerida-detailid-mis-annavad-teie-kihlasormusele-individuaalsust\/\" target=\"_blank\" rel=\"noopener\"><strong>Graveerimine<\/strong><\/a>\u00a0tasuta<\/p>\n<p>\u2022 \u00dchekordne tasuta\u00a0<a href=\"https:\/\/fashiongold.lt\/et\/patarimai-et\/kihlasormused-tasuta-suuruse-muutmine-et-sormus-sobiks-ideaalselt\/\" target=\"_blank\" rel=\"noopener\"><strong>s\u00f5rmuste suuruse muutmise garantii<\/strong><\/a><\/p>\n<p>\u2022\u00a0<a href=\"https:\/\/fashiongold.lt\/et\/tarne-ja-tagastamine\/\" target=\"_blank\" rel=\"noopener\"><strong>Tootmis- ja tarnet\u00e4htaeg<\/strong><\/a>: 2-4 n\u00e4dalat.<\/p>\n<p>&nbsp;<\/p>\n<p><strong><em>TOOTMISHINNA SEES EI OLE:<\/em><\/strong><\/p>\n<p>&nbsp;<\/p>\n<p>\u2022 <a href=\"https:\/\/fashiongold.lt\/et\/patarimai-et\/milline-kulla-proov-on-parim-kuidas-valida-sobivaimat-kihla-voi-abielusormust\/\" target=\"_blank\" rel=\"noopener\"><strong>S\u00f5rmuse metallid<\/strong><\/a>: 14K (proov 585), 18K (proov 750), 900 plaatina<\/p>\n<p>\u2022\u00a0<a href=\"https:\/\/fashiongold.lt\/et\/patarimai-et\/teemantsormused-sormuse-kulla-kaal-ja-teemantide-kaal-karaatides-kuidas-valida-sobivat-soovitused-kuidas-moista-ja-hinnata\/\" target=\"_blank\" rel=\"noopener\"><strong>S\u00f5rmuste suurus ja kaal<\/strong><\/a>: (s\u00f5ltub suurusest ja proovist): umbes 8,00 &#8211; 13,00 g<\/p>\n<p>\u2022 S\u00f5rmuse v\u00e4rv: <strong><a href=\"https:\/\/fashiongold.lt\/et\/patarimai-et\/valgest-kullast-teemantidega-kihlasormused-naturaalne-kuld-voi-roodiumikiht-soe-alatoon-voi-jaine\/\" target=\"_blank\" rel=\"noopener\">roodiumiga katmine<\/a><\/strong><\/p>\n<p>\u2022 <strong><a href=\"https:\/\/fashiongold.lt\/et\/patarimai-et\/teemant-teised-teemandi-kujud\/\" target=\"_blank\" rel=\"noopener\">Teemandi kujud<\/a><\/strong>: puuduvad (v\u00f5imalik muuta)<\/p>\n<p>\u2022 <strong><a href=\"https:\/\/fashiongold.lt\/deimantu-tipai-ir-charakteristikos\/\" target=\"_blank\" rel=\"noopener\">Teemantide t\u00fc\u00fcbid ja omadused<\/a><\/strong>: puuduvad (v\u00f5imalik muuta)<\/p>\n<p>&nbsp;<\/p>\n<p data-start=\"242\" data-end=\"464\">Kas teil on kuldehteid, mida te pole juba ammu kandnud? Andke neile uus elu. Kui teie olemasolev kuld on v\u00e4\u00e4rtuslik perep\u00e4rand v\u00f5i m\u00e4lestustest tulvil reliikvia, muudab meie juveliir selle austusega teie abielus\u00f5rmusteks, mis on v\u00e4\u00e4rt uut lugu. Saame valmistada s\u00f5rmused teie olemasolevast kullast v\u00f5i kasutada meie v\u00e4\u00e4rismetalle \u2013 ning teie olemasolevat kogust arvestame kaalu alusel. <a href=\"https:\/\/fashiongold.lt\/et\/kontaktid\/\" target=\"_blank\" rel=\"noopener\"><strong>V\u00f5tke meiega \u00fchendust<\/strong><\/a> \u2013 kuulame \u00e4ra teie soovid ja arvutame v\u00e4lja hinna, tasute ainult s\u00f5rmuste valmistamise eest.<\/p>\n","protected":false},"excerpt":{"rendered":"<p>Avastage abielus\u00f5rmused, mis k\u00f5nelevad armastusest, l\u00e4hedusest ja igavesest sidemest. Iga meie juveliiri k\u00e4sit\u00f6\u00f6na valmiv s\u00f5rmus ei ole masstoodang, vaid individuaalne kunstiteos, mis on kohandatud teie visiooni j\u00e4rgi. Kaasaegne disain, hoolikalt valitud metallid ja mugavusprofiil \u2013 k\u00f5ik see on loodud selleks, et s\u00f5rmused ei peegeldaks ainult teie lugu, vaid oleksid ka igap\u00e4evaseks kandmiseks mugavad.<\/p>\n<p>Need s\u00f5rmused on valmistatud j\u00e4rgides <span data-sheets-root=\"1\">k\u00f5rgeimaid juveelitootmise standardeid, <\/span>vastavalt teie valikutele \u2013 alates metalli v\u00e4rvitoonist kuni pinna tekstuurini. See on enamat kui ehe \u2013 see on teie armastuse s\u00fcmbol, mis on loodud armastusega.<\/p>\n","protected":false},"featured_media":37767,"template":"","meta":{"site-sidebar-layout":"default","site-content-layout":"","ast-site-content-layout":"default","site-content-style":"default","site-sidebar-style":"default","ast-global-header-display":"","ast-banner-title-visibility":"","ast-main-header-display":"","ast-hfb-above-header-display":"","ast-hfb-below-header-display":"","ast-hfb-mobile-header-display":"","site-post-title":"","ast-breadcrumbs-content":"","ast-featured-img":"","footer-sml-layout":"","ast-disable-related-posts":"","theme-transparent-header-meta":"default","adv-header-id-meta":"","stick-header-meta":"","header-above-stick-meta":"","header-main-stick-meta":"","header-below-stick-meta":"","astra-migrate-meta-layouts":"default","ast-page-background-enabled":"default","ast-page-background-meta":{"desktop":{"background-color":"var(--ast-global-color-4)","background-image":"","background-repeat":"repeat","background-position":"center center","background-size":"auto","background-attachment":"scroll","background-type":"","background-media":"","overlay-type":"","overlay-color":"","overlay-opacity":"","overlay-gradient":""},"tablet":{"background-color":"","background-image":"","background-repeat":"repeat","background-position":"center center","background-size":"auto","background-attachment":"scroll","background-type":"","background-media":"","overlay-type":"","overlay-color":"","overlay-opacity":"","overlay-gradient":""},"mobile":{"background-color":"","background-image":"","background-repeat":"repeat","background-position":"center center","background-size":"auto","background-attachment":"scroll","background-type":"","background-media":"","overlay-type":"","overlay-color":"","overlay-opacity":"","overlay-gradient":""}},"ast-content-background-meta":{"desktop":{"background-color":"var(--ast-global-color-5)","background-image":"","background-repeat":"repeat","background-position":"center center","background-size":"auto","background-attachment":"scroll","background-type":"","background-media":"","overlay-type":"","overlay-color":"","overlay-opacity":"","overlay-gradient":""},"tablet":{"background-color":"var(--ast-global-color-5)","background-image":"","background-repeat":"repeat","background-position":"center center","background-size":"auto","background-attachment":"scroll","background-type":"","background-media":"","overlay-type":"","overlay-color":"","overlay-opacity":"","overlay-gradient":""},"mobile":{"background-color":"var(--ast-global-color-5)","background-image":"","background-repeat":"repeat","background-position":"center center","background-size":"auto","background-attachment":"scroll","background-type":"","background-media":"","overlay-type":"","overlay-color":"","overlay-opacity":"","overlay-gradient":""}}},"product_brand":[],"product_cat":[3551],"product_tag":[],"class_list":{"0":"post-286766","1":"product","2":"type-product","3":"status-publish","4":"has-post-thumbnail","6":"product_cat-kategoriseerimata-et","7":"desktop-align-center","8":"tablet-align-left","9":"mobile-align-left","10":"ast-product-gallery-layout-horizontal-slider","11":"ast-product-gallery-with-no-image","12":"ast-product-tabs-layout-accordion","13":"ast-qv-on-image","15":"first","16":"instock","17":"taxable","18":"shipping-taxable","19":"purchasable","20":"product-type-simple"},"yoast_head":"<!-- This site is optimized with the Yoast SEO plugin v26.6 - https:\/\/yoast.com\/wordpress\/plugins\/seo\/ -->\n<title>Juveliir - Abielus\u00f5rmuste valmistamine - FashionGold.lt<\/title>\n<meta name=\"description\" content=\"Valmistame abielus\u00f5rmused teie olemasolevast kullast \u2013 ehetest, mida te ei kanna, v\u00f5i perereliikviatest. Looge t\u00e4hendusrikas s\u00fcmbol, s\u00e4\u00e4stes samal ajal pulmadeks.\" \/>\n<meta name=\"robots\" content=\"index, follow, max-snippet:-1, max-image-preview:large, max-video-preview:-1\" \/>\n<link rel=\"canonical\" href=\"https:\/\/fashiongold.lt\/et\/papuosalas\/abielusormuste-valmistamine\/\" \/>\n<meta property=\"og:locale\" content=\"et_EE\" \/>\n<meta property=\"og:type\" content=\"article\" \/>\n<meta property=\"og:title\" content=\"Juveliir - Abielus\u00f5rmuste valmistamine - FashionGold.lt\" \/>\n<meta property=\"og:description\" content=\"Valmistame abielus\u00f5rmused teie olemasolevast kullast \u2013 ehetest, mida te ei kanna, v\u00f5i perereliikviatest. Looge t\u00e4hendusrikas s\u00fcmbol, s\u00e4\u00e4stes samal ajal pulmadeks.\" \/>\n<meta property=\"og:url\" content=\"https:\/\/fashiongold.lt\/et\/papuosalas\/abielusormuste-valmistamine\/\" \/>\n<meta property=\"og:site_name\" content=\"FashionGold.lt\" \/>\n<meta property=\"article:modified_time\" content=\"2026-02-16T12:52:16+00:00\" \/>\n<meta property=\"og:image\" content=\"https:\/\/fashiongold.lt\/wp-content\/uploads\/2025\/10\/vestuviniai-ziedai-juvelyras.webp\" \/>\n\t<meta property=\"og:image:width\" content=\"800\" \/>\n\t<meta property=\"og:image:height\" content=\"800\" \/>\n\t<meta property=\"og:image:type\" content=\"image\/png\" \/>\n<meta name=\"twitter:card\" content=\"summary_large_image\" \/>\n<meta name=\"twitter:label1\" content=\"Est. reading time\" \/>\n\t<meta name=\"twitter:data1\" content=\"1 minut\" \/>\n<script type=\"application\/ld+json\" class=\"yoast-schema-graph\">{\"@context\":\"https:\/\/schema.org\",\"@graph\":[{\"@type\":\"WebPage\",\"@id\":\"https:\/\/fashiongold.lt\/et\/papuosalas\/abielusormuste-valmistamine\/\",\"url\":\"https:\/\/fashiongold.lt\/et\/papuosalas\/abielusormuste-valmistamine\/\",\"name\":\"Juveliir - Abielus\u00f5rmuste valmistamine - FashionGold.lt\",\"isPartOf\":{\"@id\":\"https:\/\/fashiongold.lt\/et\/#website\"},\"primaryImageOfPage\":{\"@id\":\"https:\/\/fashiongold.lt\/et\/papuosalas\/abielusormuste-valmistamine\/#primaryimage\"},\"image\":{\"@id\":\"https:\/\/fashiongold.lt\/et\/papuosalas\/abielusormuste-valmistamine\/#primaryimage\"},\"thumbnailUrl\":\"https:\/\/fashiongold.lt\/wp-content\/uploads\/2025\/10\/vestuviniai-ziedai-juvelyras.png\",\"datePublished\":\"2025-10-09T16:29:32+00:00\",\"dateModified\":\"2026-02-16T12:52:16+00:00\",\"description\":\"Valmistame abielus\u00f5rmused teie olemasolevast kullast \u2013 ehetest, mida te ei kanna, v\u00f5i perereliikviatest. Looge t\u00e4hendusrikas s\u00fcmbol, s\u00e4\u00e4stes samal ajal pulmadeks.\",\"breadcrumb\":{\"@id\":\"https:\/\/fashiongold.lt\/et\/papuosalas\/abielusormuste-valmistamine\/#breadcrumb\"},\"inLanguage\":\"et\",\"potentialAction\":[{\"@type\":\"ReadAction\",\"target\":[\"https:\/\/fashiongold.lt\/et\/papuosalas\/abielusormuste-valmistamine\/\"]}]},{\"@type\":\"ImageObject\",\"inLanguage\":\"et\",\"@id\":\"https:\/\/fashiongold.lt\/et\/papuosalas\/abielusormuste-valmistamine\/#primaryimage\",\"url\":\"https:\/\/fashiongold.lt\/wp-content\/uploads\/2025\/10\/vestuviniai-ziedai-juvelyras.png\",\"contentUrl\":\"https:\/\/fashiongold.lt\/wp-content\/uploads\/2025\/10\/vestuviniai-ziedai-juvelyras.png\",\"width\":800,\"height\":800},{\"@type\":\"BreadcrumbList\",\"@id\":\"https:\/\/fashiongold.lt\/et\/papuosalas\/abielusormuste-valmistamine\/#breadcrumb\",\"itemListElement\":[{\"@type\":\"ListItem\",\"position\":1,\"name\":\"Home\",\"item\":\"https:\/\/fashiongold.lt\/et\/\"},{\"@type\":\"ListItem\",\"position\":2,\"name\":\"Teemantide pood Fashiongold.lt\",\"item\":\"https:\/\/fashiongold.lt\/shop-2\/\"},{\"@type\":\"ListItem\",\"position\":3,\"name\":\"Abielus\u00f5rmuste valmistamine\"}]},{\"@type\":\"WebSite\",\"@id\":\"https:\/\/fashiongold.lt\/et\/#website\",\"url\":\"https:\/\/fashiongold.lt\/et\/\",\"name\":\"Fashion Gold\",\"description\":\"Juvelyrikos namai\",\"publisher\":{\"@id\":\"https:\/\/fashiongold.lt\/et\/#organization\"},\"potentialAction\":[{\"@type\":\"SearchAction\",\"target\":{\"@type\":\"EntryPoint\",\"urlTemplate\":\"https:\/\/fashiongold.lt\/et\/?s={search_term_string}\"},\"query-input\":{\"@type\":\"PropertyValueSpecification\",\"valueRequired\":true,\"valueName\":\"search_term_string\"}}],\"inLanguage\":\"et\"},{\"@type\":\"Organization\",\"@id\":\"https:\/\/fashiongold.lt\/et\/#organization\",\"name\":\"Topdiamonds Online\",\"url\":\"https:\/\/fashiongold.lt\/et\/\",\"logo\":{\"@type\":\"ImageObject\",\"inLanguage\":\"et\",\"@id\":\"https:\/\/fashiongold.lt\/et\/#\/schema\/logo\/image\/\",\"url\":\"https:\/\/fashiongold.lt\/wp-content\/uploads\/2025\/04\/cropped-fashion_gold_logotipas2-scaled-1.png\",\"contentUrl\":\"https:\/\/fashiongold.lt\/wp-content\/uploads\/2025\/04\/cropped-fashion_gold_logotipas2-scaled-1.png\",\"width\":2559,\"height\":421,\"caption\":\"Topdiamonds Online\"},\"image\":{\"@id\":\"https:\/\/fashiongold.lt\/et\/#\/schema\/logo\/image\/\"}}]}<\/script>\n<!-- \/ Yoast SEO plugin. -->","yoast_head_json":{"title":"Juveliir - Abielus\u00f5rmuste valmistamine - FashionGold.lt","description":"Valmistame abielus\u00f5rmused teie olemasolevast kullast \u2013 ehetest, mida te ei kanna, v\u00f5i perereliikviatest. Looge t\u00e4hendusrikas s\u00fcmbol, s\u00e4\u00e4stes samal ajal pulmadeks.","robots":{"index":"index","follow":"follow","max-snippet":"max-snippet:-1","max-image-preview":"max-image-preview:large","max-video-preview":"max-video-preview:-1"},"canonical":"https:\/\/fashiongold.lt\/et\/papuosalas\/abielusormuste-valmistamine\/","og_locale":"et_EE","og_type":"article","og_title":"Juveliir - Abielus\u00f5rmuste valmistamine - FashionGold.lt","og_description":"Valmistame abielus\u00f5rmused teie olemasolevast kullast \u2013 ehetest, mida te ei kanna, v\u00f5i perereliikviatest. Looge t\u00e4hendusrikas s\u00fcmbol, s\u00e4\u00e4stes samal ajal pulmadeks.","og_url":"https:\/\/fashiongold.lt\/et\/papuosalas\/abielusormuste-valmistamine\/","og_site_name":"FashionGold.lt","article_modified_time":"2026-02-16T12:52:16+00:00","og_image":[{"width":800,"height":800,"url":"https:\/\/fashiongold.lt\/wp-content\/uploads\/2025\/10\/vestuviniai-ziedai-juvelyras.webp","type":"image\/png"}],"twitter_card":"summary_large_image","twitter_misc":{"Est. reading time":"1 minut"},"schema":{"@context":"https:\/\/schema.org","@graph":[{"@type":"WebPage","@id":"https:\/\/fashiongold.lt\/et\/papuosalas\/abielusormuste-valmistamine\/","url":"https:\/\/fashiongold.lt\/et\/papuosalas\/abielusormuste-valmistamine\/","name":"Juveliir - Abielus\u00f5rmuste valmistamine - FashionGold.lt","isPartOf":{"@id":"https:\/\/fashiongold.lt\/et\/#website"},"primaryImageOfPage":{"@id":"https:\/\/fashiongold.lt\/et\/papuosalas\/abielusormuste-valmistamine\/#primaryimage"},"image":{"@id":"https:\/\/fashiongold.lt\/et\/papuosalas\/abielusormuste-valmistamine\/#primaryimage"},"thumbnailUrl":"https:\/\/fashiongold.lt\/wp-content\/uploads\/2025\/10\/vestuviniai-ziedai-juvelyras.png","datePublished":"2025-10-09T16:29:32+00:00","dateModified":"2026-02-16T12:52:16+00:00","description":"Valmistame abielus\u00f5rmused teie olemasolevast kullast \u2013 ehetest, mida te ei kanna, v\u00f5i perereliikviatest. Looge t\u00e4hendusrikas s\u00fcmbol, s\u00e4\u00e4stes samal ajal pulmadeks.","breadcrumb":{"@id":"https:\/\/fashiongold.lt\/et\/papuosalas\/abielusormuste-valmistamine\/#breadcrumb"},"inLanguage":"et","potentialAction":[{"@type":"ReadAction","target":["https:\/\/fashiongold.lt\/et\/papuosalas\/abielusormuste-valmistamine\/"]}]},{"@type":"ImageObject","inLanguage":"et","@id":"https:\/\/fashiongold.lt\/et\/papuosalas\/abielusormuste-valmistamine\/#primaryimage","url":"https:\/\/fashiongold.lt\/wp-content\/uploads\/2025\/10\/vestuviniai-ziedai-juvelyras.png","contentUrl":"https:\/\/fashiongold.lt\/wp-content\/uploads\/2025\/10\/vestuviniai-ziedai-juvelyras.png","width":800,"height":800},{"@type":"BreadcrumbList","@id":"https:\/\/fashiongold.lt\/et\/papuosalas\/abielusormuste-valmistamine\/#breadcrumb","itemListElement":[{"@type":"ListItem","position":1,"name":"Home","item":"https:\/\/fashiongold.lt\/et\/"},{"@type":"ListItem","position":2,"name":"Teemantide pood Fashiongold.lt","item":"https:\/\/fashiongold.lt\/shop-2\/"},{"@type":"ListItem","position":3,"name":"Abielus\u00f5rmuste valmistamine"}]},{"@type":"WebSite","@id":"https:\/\/fashiongold.lt\/et\/#website","url":"https:\/\/fashiongold.lt\/et\/","name":"Fashion Gold","description":"Juvelyrikos namai","publisher":{"@id":"https:\/\/fashiongold.lt\/et\/#organization"},"potentialAction":[{"@type":"SearchAction","target":{"@type":"EntryPoint","urlTemplate":"https:\/\/fashiongold.lt\/et\/?s={search_term_string}"},"query-input":{"@type":"PropertyValueSpecification","valueRequired":true,"valueName":"search_term_string"}}],"inLanguage":"et"},{"@type":"Organization","@id":"https:\/\/fashiongold.lt\/et\/#organization","name":"Topdiamonds Online","url":"https:\/\/fashiongold.lt\/et\/","logo":{"@type":"ImageObject","inLanguage":"et","@id":"https:\/\/fashiongold.lt\/et\/#\/schema\/logo\/image\/","url":"https:\/\/fashiongold.lt\/wp-content\/uploads\/2025\/04\/cropped-fashion_gold_logotipas2-scaled-1.png","contentUrl":"https:\/\/fashiongold.lt\/wp-content\/uploads\/2025\/04\/cropped-fashion_gold_logotipas2-scaled-1.png","width":2559,"height":421,"caption":"Topdiamonds Online"},"image":{"@id":"https:\/\/fashiongold.lt\/et\/#\/schema\/logo\/image\/"}}]}},"_links":{"self":[{"href":"https:\/\/fashiongold.lt\/et\/wp-json\/wp\/v2\/product\/286766","targetHints":{"allow":["GET"]}}],"collection":[{"href":"https:\/\/fashiongold.lt\/et\/wp-json\/wp\/v2\/product"}],"about":[{"href":"https:\/\/fashiongold.lt\/et\/wp-json\/wp\/v2\/types\/product"}],"version-history":[{"count":0,"href":"https:\/\/fashiongold.lt\/et\/wp-json\/wp\/v2\/product\/286766\/revisions"}],"wp:featuredmedia":[{"embeddable":true,"href":"https:\/\/fashiongold.lt\/et\/wp-json\/wp\/v2\/media\/37767"}],"wp:attachment":[{"href":"https:\/\/fashiongold.lt\/et\/wp-json\/wp\/v2\/media?parent=286766"}],"wp:term":[{"taxonomy":"product_brand","embeddable":true,"href":"https:\/\/fashiongold.lt\/et\/wp-json\/wp\/v2\/product_brand?post=286766"},{"taxonomy":"product_cat","embeddable":true,"href":"https:\/\/fashiongold.lt\/et\/wp-json\/wp\/v2\/product_cat?post=286766"},{"taxonomy":"product_tag","embeddable":true,"href":"https:\/\/fashiongold.lt\/et\/wp-json\/wp\/v2\/product_tag?post=286766"}],"curies":[{"name":"wp","href":"https:\/\/api.w.org\/{rel}","templated":true}]}}