{"id":286786,"date":"2025-10-09T16:29:08","date_gmt":"2025-10-09T16:29:08","guid":{"rendered":"https:\/\/fashiongold.lt\/papuosalas\/kaelakett-teemantidega-round-teemandid-030-ct\/"},"modified":"2026-02-16T12:52:27","modified_gmt":"2026-02-16T12:52:27","slug":"kaelakett-teemantidega-round-teemandid-030-ct","status":"publish","type":"product","link":"https:\/\/fashiongold.lt\/et\/papuosalas\/kaelakett-teemantidega-round-teemandid-030-ct\/","title":{"rendered":"Kaelakett teemantidega &#8211; ROUND TEEMANDID (0,30 ct)"},"content":{"rendered":"<p><span data-sheets-root=\"1\">Valmistatud j\u00e4rgides k\u00f5rgeimaid juveelitootmise standardeid. Ketti saab valmistada tellimust\u00f6\u00f6na: lisatasu eest k\u00f5rgema kvaliteediga teemantidega.<\/span><\/p>\n<p><span data-sheets-root=\"1\"><br \/>\n\u2022 <a href=\"https:\/\/fashiongold.lt\/et\/patarimai-et\/kulla-proov-ketile-kuidas-valida-sobivaim\/\" target=\"_blank\" rel=\"noopener\"><strong>Keti metall<\/strong><\/a>: 14K (proov 585), 18K (proov 750), 900 plaatina<br \/>\n\u2022 <a href=\"https:\/\/fashiongold.lt\/et\/patarimai-et\/keti-kullavarv-millist-varvi-valida-valget-punast-voi-kollast-kulda\/\" target=\"_blank\" rel=\"noopener\"><strong>Keti kulla v\u00e4rv<\/strong><\/a>: valge, punane, kollane<br \/>\n\u2022 <a href=\"https:\/\/fashiongold.lt\/et\/patarimai-et\/teemantidega-kuldketid-pikkus-kuidas-valida-oigesti\/\" target=\"_blank\" rel=\"noopener\"><strong>Keti pikkus<\/strong><\/a>: 40-50 cm (reguleeritav)<br \/>\n\u2022 Kulla <a href=\"https:\/\/fashiongold.lt\/et\/patarimai-et\/kuldne-kett-teemantidega-tennis-kaelakee-luksus-ja-kvaliteet-kuldketi-kaal-pikkus-ja-varv\/\" target=\"_blank\" rel=\"noopener\"><strong>kogukaal<\/strong><\/a> (s\u00f5ltub suurusest): umbes 22 g<br \/>\n\u2022 <a href=\"https:\/\/fashiongold.lt\/deimantu-svoris\/\" target=\"_blank\" rel=\"noopener\"><strong>Teemantide kogukaal<\/strong><\/a>: 8.75 ct<br \/>\n\u2022 <a href=\"https:\/\/fashiongold.lt\/et\/patarimai-et\/teemant-teised-teemandi-kujud\/\" target=\"_blank\" rel=\"noopener\"><strong>Teemantide kuju<\/strong><\/a>: \u00dcmar lihv (<em>Round cut<\/em>)<br \/>\n\u2022 <a href=\"https:\/\/fashiongold.lt\/deimantu-tipai-ir-charakteristikos\/\" target=\"_blank\" rel=\"noopener\"><strong>Teemantide t\u00fc\u00fcbid ja omadused<\/strong><\/a> valikuliselt:<br \/>\nLaboris kasvatatud teemandid: umbes 0.055 ct &#8211; 0.0625 ct teemandid (v\u00e4rvus D-E, puhtus VVS) (saab muuta);<br \/>\nLooduslikud teemandid: umbes 0.055 ct &#8211; 0.0625 ct teemandid (v\u00e4rvus G-I, puhtus SI) (saab muuta);<br \/>\n\u2022 <a href=\"https:\/\/fashiongold.lt\/et\/tarne-ja-tagastamine\/\" target=\"_blank\" rel=\"noopener\"><strong>Valmistamise ja tarneaeg<\/strong><\/a>: umbes 14 t\u00f6\u00f6p\u00e4eva, kiirtellimusena 7 t\u00f6\u00f6p\u00e4eva jooksul.<br \/>\n\u2022 \u00dchekordne tasuta <a href=\"https:\/\/fashiongold.lt\/et\/patarimai-et\/teemantripats-tasuta-ketipikkuse-muutmine-fashiongold-lt-st-ostetutele\/\" target=\"_blank\" rel=\"noopener\"><strong>keti pikkuse muutmise garantii<\/strong><\/a><\/span><\/p>\n<p><span data-sheets-root=\"1\"><br \/>\nKas teil on oma v\u00e4\u00e4riskivid v\u00f5i kuld? Arvutame hinna \u00fcmber ja maksate ainult keti valmistamise eest. V\u00f5i soovite muuta teemantide omadusi vastavalt oma soovidele? <strong><a href=\"https:\/\/fashiongold.lt\/et\/kontaktid\/\" target=\"_blank\" rel=\"noopener\">V\u00f5tke \u00fchendust<\/a><\/strong>!<br \/>\nAvastage lai valik ehteid, mis vastavad erinevatele maitsetele, eelarvetele ja isikup\u00e4rastamisele koos <a href=\"https:\/\/fashiongold.lt\/et\/\" target=\"_blank\" rel=\"noopener\">FashionGold.lt<\/a>-ga.<\/span><\/p>\n","protected":false},"excerpt":{"rendered":"<p><span data-sheets-root=\"1\">See veatu teemantkee on erakordse disainiga meistriteos. Iga \u00fcmara lihviga (<em>Round cut<\/em>) teemant on peenelt asetatud s\u00fcmmeetrilisse kompositsiooni, mis s\u00e4rab \u00fchtlase valgusem\u00e4nguga algusest l\u00f5puni. Minimalistlik, kuid erakordselt s\u00e4rav disain sobib nii rafineeritud \u00f5htuks kui ka olulisteks eluhetkedeks, mil on vaja enamat kui lihtsalt ehet. See teemantkee k\u00f5neleb ajatust esteetikast, sisemisest j\u00f5ust ja t\u00e4iuslikust maitsest.<\/span><\/p>\n","protected":false},"featured_media":37531,"template":"","meta":{"site-sidebar-layout":"default","site-content-layout":"","ast-site-content-layout":"default","site-content-style":"default","site-sidebar-style":"default","ast-global-header-display":"","ast-banner-title-visibility":"","ast-main-header-display":"","ast-hfb-above-header-display":"","ast-hfb-below-header-display":"","ast-hfb-mobile-header-display":"","site-post-title":"","ast-breadcrumbs-content":"","ast-featured-img":"","footer-sml-layout":"","ast-disable-related-posts":"","theme-transparent-header-meta":"default","adv-header-id-meta":"","stick-header-meta":"","header-above-stick-meta":"","header-main-stick-meta":"","header-below-stick-meta":"","astra-migrate-meta-layouts":"default","ast-page-background-enabled":"default","ast-page-background-meta":{"desktop":{"background-color":"var(--ast-global-color-4)","background-image":"","background-repeat":"repeat","background-position":"center center","background-size":"auto","background-attachment":"scroll","background-type":"","background-media":"","overlay-type":"","overlay-color":"","overlay-opacity":"","overlay-gradient":""},"tablet":{"background-color":"","background-image":"","background-repeat":"repeat","background-position":"center center","background-size":"auto","background-attachment":"scroll","background-type":"","background-media":"","overlay-type":"","overlay-color":"","overlay-opacity":"","overlay-gradient":""},"mobile":{"background-color":"","background-image":"","background-repeat":"repeat","background-position":"center center","background-size":"auto","background-attachment":"scroll","background-type":"","background-media":"","overlay-type":"","overlay-color":"","overlay-opacity":"","overlay-gradient":""}},"ast-content-background-meta":{"desktop":{"background-color":"var(--ast-global-color-5)","background-image":"","background-repeat":"repeat","background-position":"center center","background-size":"auto","background-attachment":"scroll","background-type":"","background-media":"","overlay-type":"","overlay-color":"","overlay-opacity":"","overlay-gradient":""},"tablet":{"background-color":"var(--ast-global-color-5)","background-image":"","background-repeat":"repeat","background-position":"center center","background-size":"auto","background-attachment":"scroll","background-type":"","background-media":"","overlay-type":"","overlay-color":"","overlay-opacity":"","overlay-gradient":""},"mobile":{"background-color":"var(--ast-global-color-5)","background-image":"","background-repeat":"repeat","background-position":"center center","background-size":"auto","background-attachment":"scroll","background-type":"","background-media":"","overlay-type":"","overlay-color":"","overlay-opacity":"","overlay-gradient":""}}},"product_brand":[],"product_cat":[],"product_tag":[],"class_list":{"0":"post-286786","1":"product","2":"type-product","3":"status-publish","4":"has-post-thumbnail","6":"desktop-align-center","7":"tablet-align-left","8":"mobile-align-left","9":"ast-product-gallery-layout-horizontal-slider","10":"ast-product-single-variable","11":"ast-product-tabs-layout-accordion","12":"ast-qv-on-image","14":"first","15":"instock","16":"taxable","17":"shipping-taxable","18":"purchasable","19":"product-type-variable"},"yoast_head":"<!-- This site is optimized with the Yoast SEO plugin v26.6 - https:\/\/yoast.com\/wordpress\/plugins\/seo\/ -->\n<title>Kaelakee teemantidega - ROUND TEEMANDID (0.30 ct)<\/title>\n<meta name=\"description\" content=\"See klassikaline teemantidega kett on \u00fcmarate teemantide laitmatu s\u00e4ra teie rafineeritud v\u00e4limuse jaoks igal sammul.\" \/>\n<meta name=\"robots\" content=\"index, follow, max-snippet:-1, max-image-preview:large, max-video-preview:-1\" \/>\n<link rel=\"canonical\" href=\"https:\/\/fashiongold.lt\/et\/papuosalas\/kaelakett-teemantidega-round-teemandid-030-ct\/\" \/>\n<meta property=\"og:locale\" content=\"et_EE\" \/>\n<meta property=\"og:type\" content=\"article\" \/>\n<meta property=\"og:title\" content=\"Kaelakee teemantidega - ROUND TEEMANDID (0.30 ct)\" \/>\n<meta property=\"og:description\" content=\"See klassikaline teemantidega kett on \u00fcmarate teemantide laitmatu s\u00e4ra teie rafineeritud v\u00e4limuse jaoks igal sammul.\" \/>\n<meta property=\"og:url\" content=\"https:\/\/fashiongold.lt\/et\/papuosalas\/kaelakett-teemantidega-round-teemandid-030-ct\/\" \/>\n<meta property=\"og:site_name\" content=\"FashionGold.lt\" \/>\n<meta property=\"article:modified_time\" content=\"2026-02-16T12:52:27+00:00\" \/>\n<meta property=\"og:image\" content=\"https:\/\/fashiongold.lt\/wp-content\/uploads\/2025\/10\/Grandinele-su-deimantais-ROUND-DEIMANTAI-030-ct-2-1.webp\" \/>\n\t<meta property=\"og:image:width\" content=\"800\" \/>\n\t<meta property=\"og:image:height\" content=\"800\" \/>\n\t<meta property=\"og:image:type\" content=\"image\/png\" \/>\n<meta name=\"twitter:card\" content=\"summary_large_image\" \/>\n<meta name=\"twitter:label1\" content=\"Est. reading time\" \/>\n\t<meta name=\"twitter:data1\" content=\"1 minut\" \/>\n<script type=\"application\/ld+json\" class=\"yoast-schema-graph\">{\"@context\":\"https:\/\/schema.org\",\"@graph\":[{\"@type\":\"WebPage\",\"@id\":\"https:\/\/fashiongold.lt\/et\/papuosalas\/kaelakett-teemantidega-round-teemandid-030-ct\/\",\"url\":\"https:\/\/fashiongold.lt\/et\/papuosalas\/kaelakett-teemantidega-round-teemandid-030-ct\/\",\"name\":\"Kaelakee teemantidega - ROUND TEEMANDID (0.30 ct)\",\"isPartOf\":{\"@id\":\"https:\/\/fashiongold.lt\/et\/#website\"},\"primaryImageOfPage\":{\"@id\":\"https:\/\/fashiongold.lt\/et\/papuosalas\/kaelakett-teemantidega-round-teemandid-030-ct\/#primaryimage\"},\"image\":{\"@id\":\"https:\/\/fashiongold.lt\/et\/papuosalas\/kaelakett-teemantidega-round-teemandid-030-ct\/#primaryimage\"},\"thumbnailUrl\":\"https:\/\/fashiongold.lt\/wp-content\/uploads\/2025\/10\/Grandinele-su-deimantais-ROUND-DEIMANTAI-030-ct-2-1.png\",\"datePublished\":\"2025-10-09T16:29:08+00:00\",\"dateModified\":\"2026-02-16T12:52:27+00:00\",\"description\":\"See klassikaline teemantidega kett on \u00fcmarate teemantide laitmatu s\u00e4ra teie rafineeritud v\u00e4limuse jaoks igal sammul.\",\"breadcrumb\":{\"@id\":\"https:\/\/fashiongold.lt\/et\/papuosalas\/kaelakett-teemantidega-round-teemandid-030-ct\/#breadcrumb\"},\"inLanguage\":\"et\",\"potentialAction\":[{\"@type\":\"ReadAction\",\"target\":[\"https:\/\/fashiongold.lt\/et\/papuosalas\/kaelakett-teemantidega-round-teemandid-030-ct\/\"]}]},{\"@type\":\"ImageObject\",\"inLanguage\":\"et\",\"@id\":\"https:\/\/fashiongold.lt\/et\/papuosalas\/kaelakett-teemantidega-round-teemandid-030-ct\/#primaryimage\",\"url\":\"https:\/\/fashiongold.lt\/wp-content\/uploads\/2025\/10\/Grandinele-su-deimantais-ROUND-DEIMANTAI-030-ct-2-1.png\",\"contentUrl\":\"https:\/\/fashiongold.lt\/wp-content\/uploads\/2025\/10\/Grandinele-su-deimantais-ROUND-DEIMANTAI-030-ct-2-1.png\",\"width\":800,\"height\":800},{\"@type\":\"BreadcrumbList\",\"@id\":\"https:\/\/fashiongold.lt\/et\/papuosalas\/kaelakett-teemantidega-round-teemandid-030-ct\/#breadcrumb\",\"itemListElement\":[{\"@type\":\"ListItem\",\"position\":1,\"name\":\"Home\",\"item\":\"https:\/\/fashiongold.lt\/et\/\"},{\"@type\":\"ListItem\",\"position\":2,\"name\":\"Teemantide pood Fashiongold.lt\",\"item\":\"https:\/\/fashiongold.lt\/shop-2\/\"},{\"@type\":\"ListItem\",\"position\":3,\"name\":\"Kaelakett teemantidega &#8211; ROUND TEEMANDID (0,30 ct)\"}]},{\"@type\":\"WebSite\",\"@id\":\"https:\/\/fashiongold.lt\/et\/#website\",\"url\":\"https:\/\/fashiongold.lt\/et\/\",\"name\":\"Fashion Gold\",\"description\":\"Juvelyrikos namai\",\"publisher\":{\"@id\":\"https:\/\/fashiongold.lt\/et\/#organization\"},\"potentialAction\":[{\"@type\":\"SearchAction\",\"target\":{\"@type\":\"EntryPoint\",\"urlTemplate\":\"https:\/\/fashiongold.lt\/et\/?s={search_term_string}\"},\"query-input\":{\"@type\":\"PropertyValueSpecification\",\"valueRequired\":true,\"valueName\":\"search_term_string\"}}],\"inLanguage\":\"et\"},{\"@type\":\"Organization\",\"@id\":\"https:\/\/fashiongold.lt\/et\/#organization\",\"name\":\"Topdiamonds Online\",\"url\":\"https:\/\/fashiongold.lt\/et\/\",\"logo\":{\"@type\":\"ImageObject\",\"inLanguage\":\"et\",\"@id\":\"https:\/\/fashiongold.lt\/et\/#\/schema\/logo\/image\/\",\"url\":\"https:\/\/fashiongold.lt\/wp-content\/uploads\/2025\/04\/cropped-fashion_gold_logotipas2-scaled-1.png\",\"contentUrl\":\"https:\/\/fashiongold.lt\/wp-content\/uploads\/2025\/04\/cropped-fashion_gold_logotipas2-scaled-1.png\",\"width\":2559,\"height\":421,\"caption\":\"Topdiamonds Online\"},\"image\":{\"@id\":\"https:\/\/fashiongold.lt\/et\/#\/schema\/logo\/image\/\"}}]}<\/script>\n<!-- \/ Yoast SEO plugin. -->","yoast_head_json":{"title":"Kaelakee teemantidega - ROUND TEEMANDID (0.30 ct)","description":"See klassikaline teemantidega kett on \u00fcmarate teemantide laitmatu s\u00e4ra teie rafineeritud v\u00e4limuse jaoks igal sammul.","robots":{"index":"index","follow":"follow","max-snippet":"max-snippet:-1","max-image-preview":"max-image-preview:large","max-video-preview":"max-video-preview:-1"},"canonical":"https:\/\/fashiongold.lt\/et\/papuosalas\/kaelakett-teemantidega-round-teemandid-030-ct\/","og_locale":"et_EE","og_type":"article","og_title":"Kaelakee teemantidega - ROUND TEEMANDID (0.30 ct)","og_description":"See klassikaline teemantidega kett on \u00fcmarate teemantide laitmatu s\u00e4ra teie rafineeritud v\u00e4limuse jaoks igal sammul.","og_url":"https:\/\/fashiongold.lt\/et\/papuosalas\/kaelakett-teemantidega-round-teemandid-030-ct\/","og_site_name":"FashionGold.lt","article_modified_time":"2026-02-16T12:52:27+00:00","og_image":[{"width":800,"height":800,"url":"https:\/\/fashiongold.lt\/wp-content\/uploads\/2025\/10\/Grandinele-su-deimantais-ROUND-DEIMANTAI-030-ct-2-1.webp","type":"image\/png"}],"twitter_card":"summary_large_image","twitter_misc":{"Est. reading time":"1 minut"},"schema":{"@context":"https:\/\/schema.org","@graph":[{"@type":"WebPage","@id":"https:\/\/fashiongold.lt\/et\/papuosalas\/kaelakett-teemantidega-round-teemandid-030-ct\/","url":"https:\/\/fashiongold.lt\/et\/papuosalas\/kaelakett-teemantidega-round-teemandid-030-ct\/","name":"Kaelakee teemantidega - ROUND TEEMANDID (0.30 ct)","isPartOf":{"@id":"https:\/\/fashiongold.lt\/et\/#website"},"primaryImageOfPage":{"@id":"https:\/\/fashiongold.lt\/et\/papuosalas\/kaelakett-teemantidega-round-teemandid-030-ct\/#primaryimage"},"image":{"@id":"https:\/\/fashiongold.lt\/et\/papuosalas\/kaelakett-teemantidega-round-teemandid-030-ct\/#primaryimage"},"thumbnailUrl":"https:\/\/fashiongold.lt\/wp-content\/uploads\/2025\/10\/Grandinele-su-deimantais-ROUND-DEIMANTAI-030-ct-2-1.png","datePublished":"2025-10-09T16:29:08+00:00","dateModified":"2026-02-16T12:52:27+00:00","description":"See klassikaline teemantidega kett on \u00fcmarate teemantide laitmatu s\u00e4ra teie rafineeritud v\u00e4limuse jaoks igal sammul.","breadcrumb":{"@id":"https:\/\/fashiongold.lt\/et\/papuosalas\/kaelakett-teemantidega-round-teemandid-030-ct\/#breadcrumb"},"inLanguage":"et","potentialAction":[{"@type":"ReadAction","target":["https:\/\/fashiongold.lt\/et\/papuosalas\/kaelakett-teemantidega-round-teemandid-030-ct\/"]}]},{"@type":"ImageObject","inLanguage":"et","@id":"https:\/\/fashiongold.lt\/et\/papuosalas\/kaelakett-teemantidega-round-teemandid-030-ct\/#primaryimage","url":"https:\/\/fashiongold.lt\/wp-content\/uploads\/2025\/10\/Grandinele-su-deimantais-ROUND-DEIMANTAI-030-ct-2-1.png","contentUrl":"https:\/\/fashiongold.lt\/wp-content\/uploads\/2025\/10\/Grandinele-su-deimantais-ROUND-DEIMANTAI-030-ct-2-1.png","width":800,"height":800},{"@type":"BreadcrumbList","@id":"https:\/\/fashiongold.lt\/et\/papuosalas\/kaelakett-teemantidega-round-teemandid-030-ct\/#breadcrumb","itemListElement":[{"@type":"ListItem","position":1,"name":"Home","item":"https:\/\/fashiongold.lt\/et\/"},{"@type":"ListItem","position":2,"name":"Teemantide pood Fashiongold.lt","item":"https:\/\/fashiongold.lt\/shop-2\/"},{"@type":"ListItem","position":3,"name":"Kaelakett teemantidega &#8211; ROUND TEEMANDID (0,30 ct)"}]},{"@type":"WebSite","@id":"https:\/\/fashiongold.lt\/et\/#website","url":"https:\/\/fashiongold.lt\/et\/","name":"Fashion Gold","description":"Juvelyrikos namai","publisher":{"@id":"https:\/\/fashiongold.lt\/et\/#organization"},"potentialAction":[{"@type":"SearchAction","target":{"@type":"EntryPoint","urlTemplate":"https:\/\/fashiongold.lt\/et\/?s={search_term_string}"},"query-input":{"@type":"PropertyValueSpecification","valueRequired":true,"valueName":"search_term_string"}}],"inLanguage":"et"},{"@type":"Organization","@id":"https:\/\/fashiongold.lt\/et\/#organization","name":"Topdiamonds Online","url":"https:\/\/fashiongold.lt\/et\/","logo":{"@type":"ImageObject","inLanguage":"et","@id":"https:\/\/fashiongold.lt\/et\/#\/schema\/logo\/image\/","url":"https:\/\/fashiongold.lt\/wp-content\/uploads\/2025\/04\/cropped-fashion_gold_logotipas2-scaled-1.png","contentUrl":"https:\/\/fashiongold.lt\/wp-content\/uploads\/2025\/04\/cropped-fashion_gold_logotipas2-scaled-1.png","width":2559,"height":421,"caption":"Topdiamonds Online"},"image":{"@id":"https:\/\/fashiongold.lt\/et\/#\/schema\/logo\/image\/"}}]}},"_links":{"self":[{"href":"https:\/\/fashiongold.lt\/et\/wp-json\/wp\/v2\/product\/286786","targetHints":{"allow":["GET"]}}],"collection":[{"href":"https:\/\/fashiongold.lt\/et\/wp-json\/wp\/v2\/product"}],"about":[{"href":"https:\/\/fashiongold.lt\/et\/wp-json\/wp\/v2\/types\/product"}],"version-history":[{"count":0,"href":"https:\/\/fashiongold.lt\/et\/wp-json\/wp\/v2\/product\/286786\/revisions"}],"wp:featuredmedia":[{"embeddable":true,"href":"https:\/\/fashiongold.lt\/et\/wp-json\/wp\/v2\/media\/37531"}],"wp:attachment":[{"href":"https:\/\/fashiongold.lt\/et\/wp-json\/wp\/v2\/media?parent=286786"}],"wp:term":[{"taxonomy":"product_brand","embeddable":true,"href":"https:\/\/fashiongold.lt\/et\/wp-json\/wp\/v2\/product_brand?post=286786"},{"taxonomy":"product_cat","embeddable":true,"href":"https:\/\/fashiongold.lt\/et\/wp-json\/wp\/v2\/product_cat?post=286786"},{"taxonomy":"product_tag","embeddable":true,"href":"https:\/\/fashiongold.lt\/et\/wp-json\/wp\/v2\/product_tag?post=286786"}],"curies":[{"name":"wp","href":"https:\/\/api.w.org\/{rel}","templated":true}]}}