{"id":286901,"date":"2025-10-09T16:28:25","date_gmt":"2025-10-09T16:28:25","guid":{"rendered":"https:\/\/fashiongold.lt\/papuosalas\/kaevoru-teemantidega-pear-teemandid-8-99-ct\/"},"modified":"2026-02-16T12:54:06","modified_gmt":"2026-02-16T12:54:06","slug":"kaevoru-teemantidega-pear-teemandid-8-99-ct","status":"publish","type":"product","link":"https:\/\/fashiongold.lt\/et\/papuosalas\/kaevoru-teemantidega-pear-teemandid-8-99-ct\/","title":{"rendered":"K\u00e4ev\u00f5ru teemantidega &#8211; PEAR TEEMANDID (8.99 ct)"},"content":{"rendered":"<p><span data-sheets-root=\"1\"><em>Pear<\/em>-lihviga teemandid on tuntud oma v\u00f5ime poolest s\u00e4rada nii pehmes kui ka suunatud valguses, mist\u00f5ttu n\u00e4ib see k\u00e4ev\u00f5ru igas liigutuses elavana. Tugev lukk tagab mitte ainult turvalisuse, vaid ka tervikliku silueti, samas kui luksuslik disain sobib ideaalselt nii erilisteks puhkudeks kui ka igap\u00e4evaseks stiilielemendiks. See on ehe neile, kes soovivad silma paista mitte m\u00fcra, vaid vormi ja kvaliteediga.<br \/>\nPagaminta laikantis auk\u0161\u010diausi\u0173 juvelyrikos gamybos standart\u0173. K\u00e4ev\u00f5ru on v\u00f5imalik valmistada tellimust\u00f6\u00f6na: lisatasu eest k\u00f5rgema kvaliteediga teemantidega.<\/span><\/p>\n<p><span data-sheets-root=\"1\"><br \/>\n\u2022 <strong><a href=\"https:\/\/fashiongold.lt\/et\/patarimai-et\/kulla-proov-teemantidega-kaevorule-kuidas-valida-oige\/\" target=\"_blank\" rel=\"noopener\">K\u00e4ev\u00f5ru metallid<\/a><\/strong>: 14K (proov 585), 18K (proov 750), 900 plaatina<br \/>\n\u2022 <a href=\"https:\/\/fashiongold.lt\/et\/patarimai-et\/kaevorud-ja-kullavarv-millist-valida-valget-punast-voi-kollast-kulda\/\" target=\"_blank\" rel=\"noopener\"><strong>K\u00e4ev\u00f5ru kulla v\u00e4rv<\/strong><\/a>: valge, punane, kollane<br \/>\n\u2022 <strong><a href=\"https:\/\/fashiongold.lt\/et\/patarimai-et\/teemantkaevoru-kvaliteet-kaal-pikkus-proov-kulla-varvus\/\" target=\"_blank\" rel=\"noopener\">K\u00e4ev\u00f5ru kulla kaal<\/a><\/strong>: (s\u00f5ltub suurusest): umbes 8.19 g<br \/>\n\u2022 <a href=\"https:\/\/fashiongold.lt\/et\/patarimai-et\/teemantkaevoru-kuidas-valida-oige-pikkus\/\" target=\"_blank\" rel=\"noopener\"><strong>K\u00e4ev\u00f5ru pikkus<\/strong><\/a> valikuliselt: 17 cm, 18 cm, 19 cm, 20 cm, 21 cm, 22 cm<br \/>\n\u2022 <a href=\"https:\/\/fashiongold.lt\/et\/patarimai-et\/teemant-teised-teemandi-kujud\/\" target=\"_blank\" rel=\"noopener\"><strong>Teemantide kuju<\/strong><\/a>: Pirnikujuline (Pear cut), umbes 5 x 3 mm<br \/>\n\u2022 <strong><a href=\"https:\/\/fashiongold.lt\/et\/patarimai-et\/teemant-kuidas-hinnatakse-koige-vaartuslikuma-vaariskivi-luksust\/\" target=\"_blank\" rel=\"noopener\">Teemantide kaal ja omadused<\/a><\/strong> (muudetavad):<br \/>\nLaboris kasvatatud teemandid: umbes 0.18 ct (v\u00e4rvus D-E, puhtus VVS)<br \/>\nLooduslikud teemandid: umbes 0.18 ct (v\u00e4rvus G-I, puhtus SI)<br \/>\nTeemantide kogukaal: umbes 8.99 ct (s\u00f5ltub k\u00e4ev\u00f5ru pikkusest)<br \/>\n\u2022 <a href=\"https:\/\/fashiongold.lt\/et\/patarimai-et\/kihlasormused-kas-sormust-saab-graveerida-detailid-mis-annavad-teie-kihlasormusele-individuaalsust\/\" target=\"_blank\" rel=\"noopener\"><strong>Graveerimine<\/strong><\/a> tasuta<br \/>\n\u2022 \u00dchekordne tasuta <a href=\"https:\/\/fashiongold.lt\/et\/patarimai-et\/tasuta-kaevoru-pikkuse-muutmine-fashiongold-lt-st-ostetud-ehetele\/\" target=\"_blank\" rel=\"noopener\"><strong>k\u00e4ev\u00f5ru pikkuse muutmise garantii<\/strong><\/a><br \/>\n\u2022 <a href=\"https:\/\/fashiongold.lt\/et\/tarne-ja-tagastamine\/\" target=\"_blank\" rel=\"noopener\"><strong>Valmistamise ja tarne t\u00e4htaeg<\/strong><\/a>: alates 14 t\u00f6\u00f6p\u00e4evast, kiirtellimusena 7 t\u00f6\u00f6p\u00e4eva jooksul.<\/span><\/p>\n<p><span data-sheets-root=\"1\"><br \/>\nKas teil on oma v\u00e4\u00e4riskivi v\u00f5i kulda? Arvutame hinna \u00fcmber ja maksate ainult k\u00e4ev\u00f5ru valmistamise eest. V\u00f5i soovite muuta teemantide omadusi vastavalt oma soovidele? <strong><a href=\"https:\/\/fashiongold.lt\/et\/kontaktid\/\" target=\"_blank\" rel=\"noopener\">V\u00f5tke \u00fchendust<\/a><\/strong>!<br \/>\nAvastage lai valik ehteid, mis vastavad erinevatele maitsetele, eelarvetele ja isikup\u00e4rastamise soovidele lehel <a href=\"https:\/\/fashiongold.lt\/et\/\" target=\"_blank\" rel=\"noopener\">FashionGold.lt<\/a>.<\/span><\/p>\n","protected":false},"excerpt":{"rendered":"<p><span data-sheets-root=\"1\">See ilmekas teemantk\u00e4ev\u00f5ru paistab silma oma ainulaadse disainiga. K\u00e4ev\u00f5rus domineerivad pisarakujulised teemandid, mis on paigutatud t\u00e4pse r\u00fctmiga, et luua v\u00f5rratu valgusem\u00e4ng ja d\u00fcnaamika. Iga teemant on kui v\u00e4ike puhta ilu piisk, mis s\u00e4rab iga liigutusega. Tugev ja stiilne kinnis tagab turvalisuse ning lisab modernsust, mis kontrasteerub suurep\u00e4raselt klassikaliste vormidega. See k\u00e4ev\u00f5ru sobib ideaalselt nii \u00f5htuseks v\u00e4limuseks kui ka enesekindlust kiirgavaks p\u00e4evaks, sest see pole tavaline k\u00e4ev\u00f5ru \u2013 see on avaldus, et luksus ei pea olema tagasihoidlik.<\/span><\/p>\n","protected":false},"featured_media":37334,"template":"","meta":{"site-sidebar-layout":"default","site-content-layout":"","ast-site-content-layout":"default","site-content-style":"default","site-sidebar-style":"default","ast-global-header-display":"","ast-banner-title-visibility":"","ast-main-header-display":"","ast-hfb-above-header-display":"","ast-hfb-below-header-display":"","ast-hfb-mobile-header-display":"","site-post-title":"","ast-breadcrumbs-content":"","ast-featured-img":"","footer-sml-layout":"","ast-disable-related-posts":"","theme-transparent-header-meta":"default","adv-header-id-meta":"","stick-header-meta":"","header-above-stick-meta":"","header-main-stick-meta":"","header-below-stick-meta":"","astra-migrate-meta-layouts":"default","ast-page-background-enabled":"default","ast-page-background-meta":{"desktop":{"background-color":"var(--ast-global-color-4)","background-image":"","background-repeat":"repeat","background-position":"center center","background-size":"auto","background-attachment":"scroll","background-type":"","background-media":"","overlay-type":"","overlay-color":"","overlay-opacity":"","overlay-gradient":""},"tablet":{"background-color":"","background-image":"","background-repeat":"repeat","background-position":"center center","background-size":"auto","background-attachment":"scroll","background-type":"","background-media":"","overlay-type":"","overlay-color":"","overlay-opacity":"","overlay-gradient":""},"mobile":{"background-color":"","background-image":"","background-repeat":"repeat","background-position":"center center","background-size":"auto","background-attachment":"scroll","background-type":"","background-media":"","overlay-type":"","overlay-color":"","overlay-opacity":"","overlay-gradient":""}},"ast-content-background-meta":{"desktop":{"background-color":"var(--ast-global-color-5)","background-image":"","background-repeat":"repeat","background-position":"center center","background-size":"auto","background-attachment":"scroll","background-type":"","background-media":"","overlay-type":"","overlay-color":"","overlay-opacity":"","overlay-gradient":""},"tablet":{"background-color":"var(--ast-global-color-5)","background-image":"","background-repeat":"repeat","background-position":"center center","background-size":"auto","background-attachment":"scroll","background-type":"","background-media":"","overlay-type":"","overlay-color":"","overlay-opacity":"","overlay-gradient":""},"mobile":{"background-color":"var(--ast-global-color-5)","background-image":"","background-repeat":"repeat","background-position":"center center","background-size":"auto","background-attachment":"scroll","background-type":"","background-media":"","overlay-type":"","overlay-color":"","overlay-opacity":"","overlay-gradient":""}}},"product_brand":[],"product_cat":[],"product_tag":[],"class_list":{"0":"post-286901","1":"product","2":"type-product","3":"status-publish","4":"has-post-thumbnail","6":"desktop-align-center","7":"tablet-align-left","8":"mobile-align-left","9":"ast-product-gallery-layout-horizontal-slider","10":"ast-product-single-variable","11":"ast-product-tabs-layout-accordion","12":"ast-qv-on-image","14":"first","15":"instock","16":"taxable","17":"shipping-taxable","18":"purchasable","19":"product-type-variable"},"yoast_head":"<!-- This site is optimized with the Yoast SEO plugin v26.6 - https:\/\/yoast.com\/wordpress\/plugins\/seo\/ -->\n<title>K\u00e4ev\u00f5ru teemantidega - PEAR-TEEMANDID (8.99 ct)<\/title>\n<meta name=\"description\" content=\"Eksklusiivne teemantk\u00e4ev\u00f5ru \u2013 elegantsi ja rafineeritud stiili kombinatsioon. S\u00e4rage luksuses nende ristk\u00fclikukujuliste teemantidega.\" \/>\n<meta name=\"robots\" content=\"index, follow, max-snippet:-1, max-image-preview:large, max-video-preview:-1\" \/>\n<link rel=\"canonical\" href=\"https:\/\/fashiongold.lt\/et\/papuosalas\/kaevoru-teemantidega-pear-teemandid-8-99-ct\/\" \/>\n<meta property=\"og:locale\" content=\"et_EE\" \/>\n<meta property=\"og:type\" content=\"article\" \/>\n<meta property=\"og:title\" content=\"K\u00e4ev\u00f5ru teemantidega - PEAR-TEEMANDID (8.99 ct)\" \/>\n<meta property=\"og:description\" content=\"Eksklusiivne teemantk\u00e4ev\u00f5ru \u2013 elegantsi ja rafineeritud stiili kombinatsioon. S\u00e4rage luksuses nende ristk\u00fclikukujuliste teemantidega.\" \/>\n<meta property=\"og:url\" content=\"https:\/\/fashiongold.lt\/et\/papuosalas\/kaevoru-teemantidega-pear-teemandid-8-99-ct\/\" \/>\n<meta property=\"og:site_name\" content=\"FashionGold.lt\" \/>\n<meta property=\"article:modified_time\" content=\"2026-02-16T12:54:06+00:00\" \/>\n<meta property=\"og:image\" content=\"https:\/\/fashiongold.lt\/wp-content\/uploads\/2025\/10\/Apyranke-su-deimantais-PEAR-DEIMANTAI-3.webp\" \/>\n\t<meta property=\"og:image:width\" content=\"800\" \/>\n\t<meta property=\"og:image:height\" content=\"800\" \/>\n\t<meta property=\"og:image:type\" content=\"image\/png\" \/>\n<meta name=\"twitter:card\" content=\"summary_large_image\" \/>\n<meta name=\"twitter:label1\" content=\"Est. reading time\" \/>\n\t<meta name=\"twitter:data1\" content=\"1 minut\" \/>\n<script type=\"application\/ld+json\" class=\"yoast-schema-graph\">{\"@context\":\"https:\/\/schema.org\",\"@graph\":[{\"@type\":\"WebPage\",\"@id\":\"https:\/\/fashiongold.lt\/et\/papuosalas\/kaevoru-teemantidega-pear-teemandid-8-99-ct\/\",\"url\":\"https:\/\/fashiongold.lt\/et\/papuosalas\/kaevoru-teemantidega-pear-teemandid-8-99-ct\/\",\"name\":\"K\u00e4ev\u00f5ru teemantidega - PEAR-TEEMANDID (8.99 ct)\",\"isPartOf\":{\"@id\":\"https:\/\/fashiongold.lt\/et\/#website\"},\"primaryImageOfPage\":{\"@id\":\"https:\/\/fashiongold.lt\/et\/papuosalas\/kaevoru-teemantidega-pear-teemandid-8-99-ct\/#primaryimage\"},\"image\":{\"@id\":\"https:\/\/fashiongold.lt\/et\/papuosalas\/kaevoru-teemantidega-pear-teemandid-8-99-ct\/#primaryimage\"},\"thumbnailUrl\":\"https:\/\/fashiongold.lt\/wp-content\/uploads\/2025\/10\/Apyranke-su-deimantais-PEAR-DEIMANTAI-3.png\",\"datePublished\":\"2025-10-09T16:28:25+00:00\",\"dateModified\":\"2026-02-16T12:54:06+00:00\",\"description\":\"Eksklusiivne teemantk\u00e4ev\u00f5ru \u2013 elegantsi ja rafineeritud stiili kombinatsioon. S\u00e4rage luksuses nende ristk\u00fclikukujuliste teemantidega.\",\"breadcrumb\":{\"@id\":\"https:\/\/fashiongold.lt\/et\/papuosalas\/kaevoru-teemantidega-pear-teemandid-8-99-ct\/#breadcrumb\"},\"inLanguage\":\"et\",\"potentialAction\":[{\"@type\":\"ReadAction\",\"target\":[\"https:\/\/fashiongold.lt\/et\/papuosalas\/kaevoru-teemantidega-pear-teemandid-8-99-ct\/\"]}]},{\"@type\":\"ImageObject\",\"inLanguage\":\"et\",\"@id\":\"https:\/\/fashiongold.lt\/et\/papuosalas\/kaevoru-teemantidega-pear-teemandid-8-99-ct\/#primaryimage\",\"url\":\"https:\/\/fashiongold.lt\/wp-content\/uploads\/2025\/10\/Apyranke-su-deimantais-PEAR-DEIMANTAI-3.png\",\"contentUrl\":\"https:\/\/fashiongold.lt\/wp-content\/uploads\/2025\/10\/Apyranke-su-deimantais-PEAR-DEIMANTAI-3.png\",\"width\":800,\"height\":800},{\"@type\":\"BreadcrumbList\",\"@id\":\"https:\/\/fashiongold.lt\/et\/papuosalas\/kaevoru-teemantidega-pear-teemandid-8-99-ct\/#breadcrumb\",\"itemListElement\":[{\"@type\":\"ListItem\",\"position\":1,\"name\":\"Home\",\"item\":\"https:\/\/fashiongold.lt\/et\/\"},{\"@type\":\"ListItem\",\"position\":2,\"name\":\"Teemantide pood Fashiongold.lt\",\"item\":\"https:\/\/fashiongold.lt\/shop-2\/\"},{\"@type\":\"ListItem\",\"position\":3,\"name\":\"K\u00e4ev\u00f5ru teemantidega &#8211; PEAR TEEMANDID (8.99 ct)\"}]},{\"@type\":\"WebSite\",\"@id\":\"https:\/\/fashiongold.lt\/et\/#website\",\"url\":\"https:\/\/fashiongold.lt\/et\/\",\"name\":\"Fashion Gold\",\"description\":\"Juvelyrikos namai\",\"publisher\":{\"@id\":\"https:\/\/fashiongold.lt\/et\/#organization\"},\"potentialAction\":[{\"@type\":\"SearchAction\",\"target\":{\"@type\":\"EntryPoint\",\"urlTemplate\":\"https:\/\/fashiongold.lt\/et\/?s={search_term_string}\"},\"query-input\":{\"@type\":\"PropertyValueSpecification\",\"valueRequired\":true,\"valueName\":\"search_term_string\"}}],\"inLanguage\":\"et\"},{\"@type\":\"Organization\",\"@id\":\"https:\/\/fashiongold.lt\/et\/#organization\",\"name\":\"Topdiamonds Online\",\"url\":\"https:\/\/fashiongold.lt\/et\/\",\"logo\":{\"@type\":\"ImageObject\",\"inLanguage\":\"et\",\"@id\":\"https:\/\/fashiongold.lt\/et\/#\/schema\/logo\/image\/\",\"url\":\"https:\/\/fashiongold.lt\/wp-content\/uploads\/2025\/04\/cropped-fashion_gold_logotipas2-scaled-1.png\",\"contentUrl\":\"https:\/\/fashiongold.lt\/wp-content\/uploads\/2025\/04\/cropped-fashion_gold_logotipas2-scaled-1.png\",\"width\":2559,\"height\":421,\"caption\":\"Topdiamonds Online\"},\"image\":{\"@id\":\"https:\/\/fashiongold.lt\/et\/#\/schema\/logo\/image\/\"}}]}<\/script>\n<!-- \/ Yoast SEO plugin. -->","yoast_head_json":{"title":"K\u00e4ev\u00f5ru teemantidega - PEAR-TEEMANDID (8.99 ct)","description":"Eksklusiivne teemantk\u00e4ev\u00f5ru \u2013 elegantsi ja rafineeritud stiili kombinatsioon. S\u00e4rage luksuses nende ristk\u00fclikukujuliste teemantidega.","robots":{"index":"index","follow":"follow","max-snippet":"max-snippet:-1","max-image-preview":"max-image-preview:large","max-video-preview":"max-video-preview:-1"},"canonical":"https:\/\/fashiongold.lt\/et\/papuosalas\/kaevoru-teemantidega-pear-teemandid-8-99-ct\/","og_locale":"et_EE","og_type":"article","og_title":"K\u00e4ev\u00f5ru teemantidega - PEAR-TEEMANDID (8.99 ct)","og_description":"Eksklusiivne teemantk\u00e4ev\u00f5ru \u2013 elegantsi ja rafineeritud stiili kombinatsioon. S\u00e4rage luksuses nende ristk\u00fclikukujuliste teemantidega.","og_url":"https:\/\/fashiongold.lt\/et\/papuosalas\/kaevoru-teemantidega-pear-teemandid-8-99-ct\/","og_site_name":"FashionGold.lt","article_modified_time":"2026-02-16T12:54:06+00:00","og_image":[{"width":800,"height":800,"url":"https:\/\/fashiongold.lt\/wp-content\/uploads\/2025\/10\/Apyranke-su-deimantais-PEAR-DEIMANTAI-3.webp","type":"image\/png"}],"twitter_card":"summary_large_image","twitter_misc":{"Est. reading time":"1 minut"},"schema":{"@context":"https:\/\/schema.org","@graph":[{"@type":"WebPage","@id":"https:\/\/fashiongold.lt\/et\/papuosalas\/kaevoru-teemantidega-pear-teemandid-8-99-ct\/","url":"https:\/\/fashiongold.lt\/et\/papuosalas\/kaevoru-teemantidega-pear-teemandid-8-99-ct\/","name":"K\u00e4ev\u00f5ru teemantidega - PEAR-TEEMANDID (8.99 ct)","isPartOf":{"@id":"https:\/\/fashiongold.lt\/et\/#website"},"primaryImageOfPage":{"@id":"https:\/\/fashiongold.lt\/et\/papuosalas\/kaevoru-teemantidega-pear-teemandid-8-99-ct\/#primaryimage"},"image":{"@id":"https:\/\/fashiongold.lt\/et\/papuosalas\/kaevoru-teemantidega-pear-teemandid-8-99-ct\/#primaryimage"},"thumbnailUrl":"https:\/\/fashiongold.lt\/wp-content\/uploads\/2025\/10\/Apyranke-su-deimantais-PEAR-DEIMANTAI-3.png","datePublished":"2025-10-09T16:28:25+00:00","dateModified":"2026-02-16T12:54:06+00:00","description":"Eksklusiivne teemantk\u00e4ev\u00f5ru \u2013 elegantsi ja rafineeritud stiili kombinatsioon. S\u00e4rage luksuses nende ristk\u00fclikukujuliste teemantidega.","breadcrumb":{"@id":"https:\/\/fashiongold.lt\/et\/papuosalas\/kaevoru-teemantidega-pear-teemandid-8-99-ct\/#breadcrumb"},"inLanguage":"et","potentialAction":[{"@type":"ReadAction","target":["https:\/\/fashiongold.lt\/et\/papuosalas\/kaevoru-teemantidega-pear-teemandid-8-99-ct\/"]}]},{"@type":"ImageObject","inLanguage":"et","@id":"https:\/\/fashiongold.lt\/et\/papuosalas\/kaevoru-teemantidega-pear-teemandid-8-99-ct\/#primaryimage","url":"https:\/\/fashiongold.lt\/wp-content\/uploads\/2025\/10\/Apyranke-su-deimantais-PEAR-DEIMANTAI-3.png","contentUrl":"https:\/\/fashiongold.lt\/wp-content\/uploads\/2025\/10\/Apyranke-su-deimantais-PEAR-DEIMANTAI-3.png","width":800,"height":800},{"@type":"BreadcrumbList","@id":"https:\/\/fashiongold.lt\/et\/papuosalas\/kaevoru-teemantidega-pear-teemandid-8-99-ct\/#breadcrumb","itemListElement":[{"@type":"ListItem","position":1,"name":"Home","item":"https:\/\/fashiongold.lt\/et\/"},{"@type":"ListItem","position":2,"name":"Teemantide pood Fashiongold.lt","item":"https:\/\/fashiongold.lt\/shop-2\/"},{"@type":"ListItem","position":3,"name":"K\u00e4ev\u00f5ru teemantidega &#8211; PEAR TEEMANDID (8.99 ct)"}]},{"@type":"WebSite","@id":"https:\/\/fashiongold.lt\/et\/#website","url":"https:\/\/fashiongold.lt\/et\/","name":"Fashion Gold","description":"Juvelyrikos namai","publisher":{"@id":"https:\/\/fashiongold.lt\/et\/#organization"},"potentialAction":[{"@type":"SearchAction","target":{"@type":"EntryPoint","urlTemplate":"https:\/\/fashiongold.lt\/et\/?s={search_term_string}"},"query-input":{"@type":"PropertyValueSpecification","valueRequired":true,"valueName":"search_term_string"}}],"inLanguage":"et"},{"@type":"Organization","@id":"https:\/\/fashiongold.lt\/et\/#organization","name":"Topdiamonds Online","url":"https:\/\/fashiongold.lt\/et\/","logo":{"@type":"ImageObject","inLanguage":"et","@id":"https:\/\/fashiongold.lt\/et\/#\/schema\/logo\/image\/","url":"https:\/\/fashiongold.lt\/wp-content\/uploads\/2025\/04\/cropped-fashion_gold_logotipas2-scaled-1.png","contentUrl":"https:\/\/fashiongold.lt\/wp-content\/uploads\/2025\/04\/cropped-fashion_gold_logotipas2-scaled-1.png","width":2559,"height":421,"caption":"Topdiamonds Online"},"image":{"@id":"https:\/\/fashiongold.lt\/et\/#\/schema\/logo\/image\/"}}]}},"_links":{"self":[{"href":"https:\/\/fashiongold.lt\/et\/wp-json\/wp\/v2\/product\/286901","targetHints":{"allow":["GET"]}}],"collection":[{"href":"https:\/\/fashiongold.lt\/et\/wp-json\/wp\/v2\/product"}],"about":[{"href":"https:\/\/fashiongold.lt\/et\/wp-json\/wp\/v2\/types\/product"}],"version-history":[{"count":0,"href":"https:\/\/fashiongold.lt\/et\/wp-json\/wp\/v2\/product\/286901\/revisions"}],"wp:featuredmedia":[{"embeddable":true,"href":"https:\/\/fashiongold.lt\/et\/wp-json\/wp\/v2\/media\/37334"}],"wp:attachment":[{"href":"https:\/\/fashiongold.lt\/et\/wp-json\/wp\/v2\/media?parent=286901"}],"wp:term":[{"taxonomy":"product_brand","embeddable":true,"href":"https:\/\/fashiongold.lt\/et\/wp-json\/wp\/v2\/product_brand?post=286901"},{"taxonomy":"product_cat","embeddable":true,"href":"https:\/\/fashiongold.lt\/et\/wp-json\/wp\/v2\/product_cat?post=286901"},{"taxonomy":"product_tag","embeddable":true,"href":"https:\/\/fashiongold.lt\/et\/wp-json\/wp\/v2\/product_tag?post=286901"}],"curies":[{"name":"wp","href":"https:\/\/api.w.org\/{rel}","templated":true}]}}