{"id":286936,"date":"2025-10-09T16:26:16","date_gmt":"2025-10-09T16:26:16","guid":{"rendered":"https:\/\/fashiongold.lt\/papuosalas\/teemantkorvarongad-halo-round-teemandid-1-20-ct\/"},"modified":"2026-02-16T12:54:28","modified_gmt":"2026-02-16T12:54:28","slug":"teemantkorvarongad-halo-round-teemandid-1-20-ct","status":"publish","type":"product","link":"https:\/\/fashiongold.lt\/et\/papuosalas\/teemantkorvarongad-halo-round-teemandid-1-20-ct\/","title":{"rendered":"Teemantk\u00f5rvar\u00f5ngad &#8211; HALO ROUND TEEMANDID (1.20 ct)"},"content":{"rendered":"<p><span data-sheets-root=\"1\">M\u00e4nguliselt elegantsed ja igast k\u00fcljest s\u00e4ravad \u2013 need k\u00f5rvar\u00f5ngad r\u00f5hutavad delikaatselt stiili ja ajatut v\u00f5lu. Need s\u00e4ravad eredalt, kuid maitsekalt, olles suurep\u00e4rane valik neile, kes otsivad klassikat koos luksusliku aktsendi nootidega.<br \/>\nValmistatud k\u00f5rgeimate juveelitootmise standardite kohaselt. K\u00f5rvar\u00f5ngaid saab valmistada tellimust\u00f6\u00f6na: lisatasu eest k\u00f5rgema kvaliteediga teemantidega.<br \/>\n<\/span><\/p>\n<p>&nbsp;<\/p>\n<p>\u2022 <a href=\"https:\/\/fashiongold.lt\/et\/patarimai-et\/kulla-proov-korvarongastele-kuidas-valida-kvaliteetseid-ja-vastupidavaid-ehteid\/\" target=\"_blank\" rel=\"noopener\"><strong>K\u00f5rvar\u00f5ngaste metall<\/strong><\/a>: 14K (proov 585), 18K (proov 750), 900 plaatina<br \/>\n\u2022 <a href=\"https:\/\/fashiongold.lt\/et\/patarimai-et\/korvarongaste-kullavarv-valge-punane-ja-kollane-kuld-teemantidega\/\" target=\"_blank\" rel=\"noopener\"><strong>Kulla v\u00e4rv<\/strong><\/a>: valge, punane, kollane<br \/>\n\u2022 <a href=\"https:\/\/fashiongold.lt\/et\/patarimai-et\/teemantkorvarongad-taiuslikud-proportsioonid-kuidas-valida-ideaalsed\/\" target=\"_blank\" rel=\"noopener\"><strong>K\u00f5rvar\u00f5ngaste m\u00f5\u00f5tmed<\/strong><\/a>: krooni laius umbes 5 mm (muudetav)<br \/>\n\u2022 Kogu <a href=\"https:\/\/fashiongold.lt\/auskaru-aukso-svoris\/\" target=\"_blank\" rel=\"noopener\"><strong>kulla kaal<\/strong><\/a>: 2.00 g<br \/>\n\u2022 Kogu <a href=\"https:\/\/fashiongold.lt\/deimantu-svoris\/\" target=\"_blank\" rel=\"noopener\"><strong>teemantide kaal<\/strong><\/a>: 1.20 ct<br \/>\n\u2022 <a href=\"https:\/\/fashiongold.lt\/et\/patarimai-et\/teemant-teised-teemandi-kujud\/\" target=\"_blank\" rel=\"noopener\"><strong>Teemantide kuju<\/strong><\/a>: \u00dcmar kuju (<em>Round cut<\/em>)<br \/>\n\u2022 <a href=\"https:\/\/fashiongold.lt\/et\/patarimai-et\/teemant-looduslik-laboris-kasvatatud-voi-kunstlik-kuidas-teha-oige-valik\/\" target=\"_blank\" rel=\"noopener\"><strong>Teemantide t\u00fc\u00fcbid<\/strong><\/a>: Laboris kasvatatud teemandid v\u00f5i looduslikud teemandid<br \/>\n\u2022 <a href=\"https:\/\/fashiongold.lt\/et\/patarimai-et\/teemant-mida-peab-teadma-enne-ostmist\/\" target=\"_blank\" rel=\"noopener\"><strong>Teemandi kaal ja omadused<\/strong><\/a> (muudetav):<br \/>\nLaboris kasvatatud teemant: 1.20 ct teemant (v\u00e4rvus D-E, puhtus VVS), IGI sertifikaat<br \/>\nLooduslik teemant: 1.20 ct teemant (v\u00e4rvus G-I, puhtus SI), GIA sertifikaat<br \/>\nKeskmise teemandi \u00fcmber &#8211; umbes 0.20 ct teemandid<br \/>\n\u2022 <a href=\"https:\/\/fashiongold.lt\/et\/tarne-ja-tagastamine\/\" target=\"_blank\" rel=\"noopener\"><strong>Valmistamis- ja tarneaeg<\/strong><\/a>: umbes 14 t\u00f6\u00f6p\u00e4eva, kiirtellimusena 7 t\u00f6\u00f6p\u00e4eva jooksul<br \/>\n<strong>M\u00e4rkus<\/strong>: Halo stiilis k\u00f5rvar\u00f5ngaste ostmisel on lubatud kogu karaatide kaalu h\u00e4lve: 1.18 &#8211; 1.24 ct<\/p>\n<p>&nbsp;<\/p>\n<p>Kas teil on oma v\u00e4\u00e4riskivi v\u00f5i kuld? Arvutame hinna \u00fcmber ja maksate ainult k\u00f5rvar\u00f5ngaste valmistamise eest. V\u00f5i soovite muuta teemantide omadusi vastavalt oma soovidele? <a href=\"https:\/\/fashiongold.lt\/et\/kontaktid\/\" target=\"_blank\" rel=\"noopener\"><strong>V\u00f5tke \u00fchendust<\/strong><\/a>!<br \/>\nAvastage lai valik ehteid, mis vastavad erinevatele maitsetele, eelarvetele ja isikup\u00e4rastamistele koos <a href=\"https:\/\/fashiongold.lt\/et\/\" target=\"_blank\" rel=\"noopener\">FashionGold.lt<\/a>.<\/p>\n","protected":false},"excerpt":{"rendered":"<p><span data-sheets-root=\"1\">Need eksklusiivsed teemantk\u00f5rvar\u00f5ngad on elegantsi ja luksuse kombinatsioon, mis on loodud s\u00e4rama. Keskmine \u00fcmmargune (<em>Round cut<\/em>) teemant, mida \u00fcmbritsevad v\u00e4iksemad HALO-stiilis teemandid, n\u00e4ib veelgi suurem ja s\u00e4ravam, p\u00fc\u00fcdes pilke igast k\u00fcljest. Valmistatud kvaliteetsest kullast v\u00f5i plaatinast, sobivad need k\u00f5rvar\u00f5ngad suurep\u00e4raselt nii igap\u00e4evaseks kandmiseks kui ka erilisteks puhkudeks.<\/span><\/p>\n","protected":false},"featured_media":36699,"template":"","meta":{"site-sidebar-layout":"default","site-content-layout":"","ast-site-content-layout":"default","site-content-style":"default","site-sidebar-style":"default","ast-global-header-display":"","ast-banner-title-visibility":"","ast-main-header-display":"","ast-hfb-above-header-display":"","ast-hfb-below-header-display":"","ast-hfb-mobile-header-display":"","site-post-title":"","ast-breadcrumbs-content":"","ast-featured-img":"","footer-sml-layout":"","ast-disable-related-posts":"","theme-transparent-header-meta":"default","adv-header-id-meta":"","stick-header-meta":"","header-above-stick-meta":"","header-main-stick-meta":"","header-below-stick-meta":"","astra-migrate-meta-layouts":"default","ast-page-background-enabled":"default","ast-page-background-meta":{"desktop":{"background-color":"var(--ast-global-color-4)","background-image":"","background-repeat":"repeat","background-position":"center center","background-size":"auto","background-attachment":"scroll","background-type":"","background-media":"","overlay-type":"","overlay-color":"","overlay-opacity":"","overlay-gradient":""},"tablet":{"background-color":"","background-image":"","background-repeat":"repeat","background-position":"center center","background-size":"auto","background-attachment":"scroll","background-type":"","background-media":"","overlay-type":"","overlay-color":"","overlay-opacity":"","overlay-gradient":""},"mobile":{"background-color":"","background-image":"","background-repeat":"repeat","background-position":"center center","background-size":"auto","background-attachment":"scroll","background-type":"","background-media":"","overlay-type":"","overlay-color":"","overlay-opacity":"","overlay-gradient":""}},"ast-content-background-meta":{"desktop":{"background-color":"var(--ast-global-color-5)","background-image":"","background-repeat":"repeat","background-position":"center center","background-size":"auto","background-attachment":"scroll","background-type":"","background-media":"","overlay-type":"","overlay-color":"","overlay-opacity":"","overlay-gradient":""},"tablet":{"background-color":"var(--ast-global-color-5)","background-image":"","background-repeat":"repeat","background-position":"center center","background-size":"auto","background-attachment":"scroll","background-type":"","background-media":"","overlay-type":"","overlay-color":"","overlay-opacity":"","overlay-gradient":""},"mobile":{"background-color":"var(--ast-global-color-5)","background-image":"","background-repeat":"repeat","background-position":"center center","background-size":"auto","background-attachment":"scroll","background-type":"","background-media":"","overlay-type":"","overlay-color":"","overlay-opacity":"","overlay-gradient":""}}},"product_brand":[],"product_cat":[],"product_tag":[],"class_list":{"0":"post-286936","1":"product","2":"type-product","3":"status-publish","4":"has-post-thumbnail","6":"desktop-align-center","7":"tablet-align-left","8":"mobile-align-left","9":"ast-product-gallery-layout-horizontal-slider","10":"ast-product-single-variable","11":"ast-product-tabs-layout-accordion","12":"ast-qv-on-image","14":"first","15":"instock","16":"taxable","17":"shipping-taxable","18":"purchasable","19":"product-type-variable"},"yoast_head":"<!-- This site is optimized with the Yoast SEO plugin v26.6 - https:\/\/yoast.com\/wordpress\/plugins\/seo\/ -->\n<title>Teemantk\u00f5rvar\u00f5ngad - HALO ROUND TEEMANDID (1.20 ct)<\/title>\n<meta name=\"description\" content=\"Erilise disainiga teemantk\u00f5rvar\u00f5ngad \u2013 elegantsi ja luksuse kombinatsioon, mis sobib nii igap\u00e4evaseks kandmiseks kui ka erilisteks puhkudeks. S\u00e4ra stiilselt koos HALO-ga!\" \/>\n<meta name=\"robots\" content=\"index, follow, max-snippet:-1, max-image-preview:large, max-video-preview:-1\" \/>\n<link rel=\"canonical\" href=\"https:\/\/fashiongold.lt\/et\/papuosalas\/teemantkorvarongad-halo-round-teemandid-1-20-ct\/\" \/>\n<meta property=\"og:locale\" content=\"et_EE\" \/>\n<meta property=\"og:type\" content=\"article\" \/>\n<meta property=\"og:title\" content=\"Teemantk\u00f5rvar\u00f5ngad - HALO ROUND TEEMANDID (1.20 ct)\" \/>\n<meta property=\"og:description\" content=\"Erilise disainiga teemantk\u00f5rvar\u00f5ngad \u2013 elegantsi ja luksuse kombinatsioon, mis sobib nii igap\u00e4evaseks kandmiseks kui ka erilisteks puhkudeks. S\u00e4ra stiilselt koos HALO-ga!\" \/>\n<meta property=\"og:url\" content=\"https:\/\/fashiongold.lt\/et\/papuosalas\/teemantkorvarongad-halo-round-teemandid-1-20-ct\/\" \/>\n<meta property=\"og:site_name\" content=\"FashionGold.lt\" \/>\n<meta property=\"article:modified_time\" content=\"2026-02-16T12:54:28+00:00\" \/>\n<meta property=\"og:image\" content=\"https:\/\/fashiongold.lt\/wp-content\/uploads\/2025\/10\/TDO-1001-Auskarai-su-deimantais-HALO-ROUND-DEIMANTAI-1.webp\" \/>\n\t<meta property=\"og:image:width\" content=\"800\" \/>\n\t<meta property=\"og:image:height\" content=\"800\" \/>\n\t<meta property=\"og:image:type\" content=\"image\/png\" \/>\n<meta name=\"twitter:card\" content=\"summary_large_image\" \/>\n<meta name=\"twitter:label1\" content=\"Est. reading time\" \/>\n\t<meta name=\"twitter:data1\" content=\"1 minut\" \/>\n<script type=\"application\/ld+json\" class=\"yoast-schema-graph\">{\"@context\":\"https:\/\/schema.org\",\"@graph\":[{\"@type\":\"WebPage\",\"@id\":\"https:\/\/fashiongold.lt\/et\/papuosalas\/teemantkorvarongad-halo-round-teemandid-1-20-ct\/\",\"url\":\"https:\/\/fashiongold.lt\/et\/papuosalas\/teemantkorvarongad-halo-round-teemandid-1-20-ct\/\",\"name\":\"Teemantk\u00f5rvar\u00f5ngad - HALO ROUND TEEMANDID (1.20 ct)\",\"isPartOf\":{\"@id\":\"https:\/\/fashiongold.lt\/et\/#website\"},\"primaryImageOfPage\":{\"@id\":\"https:\/\/fashiongold.lt\/et\/papuosalas\/teemantkorvarongad-halo-round-teemandid-1-20-ct\/#primaryimage\"},\"image\":{\"@id\":\"https:\/\/fashiongold.lt\/et\/papuosalas\/teemantkorvarongad-halo-round-teemandid-1-20-ct\/#primaryimage\"},\"thumbnailUrl\":\"https:\/\/fashiongold.lt\/wp-content\/uploads\/2025\/10\/TDO-1001-Auskarai-su-deimantais-HALO-ROUND-DEIMANTAI-1.png\",\"datePublished\":\"2025-10-09T16:26:16+00:00\",\"dateModified\":\"2026-02-16T12:54:28+00:00\",\"description\":\"Erilise disainiga teemantk\u00f5rvar\u00f5ngad \u2013 elegantsi ja luksuse kombinatsioon, mis sobib nii igap\u00e4evaseks kandmiseks kui ka erilisteks puhkudeks. S\u00e4ra stiilselt koos HALO-ga!\",\"breadcrumb\":{\"@id\":\"https:\/\/fashiongold.lt\/et\/papuosalas\/teemantkorvarongad-halo-round-teemandid-1-20-ct\/#breadcrumb\"},\"inLanguage\":\"et\",\"potentialAction\":[{\"@type\":\"ReadAction\",\"target\":[\"https:\/\/fashiongold.lt\/et\/papuosalas\/teemantkorvarongad-halo-round-teemandid-1-20-ct\/\"]}]},{\"@type\":\"ImageObject\",\"inLanguage\":\"et\",\"@id\":\"https:\/\/fashiongold.lt\/et\/papuosalas\/teemantkorvarongad-halo-round-teemandid-1-20-ct\/#primaryimage\",\"url\":\"https:\/\/fashiongold.lt\/wp-content\/uploads\/2025\/10\/TDO-1001-Auskarai-su-deimantais-HALO-ROUND-DEIMANTAI-1.png\",\"contentUrl\":\"https:\/\/fashiongold.lt\/wp-content\/uploads\/2025\/10\/TDO-1001-Auskarai-su-deimantais-HALO-ROUND-DEIMANTAI-1.png\",\"width\":800,\"height\":800},{\"@type\":\"BreadcrumbList\",\"@id\":\"https:\/\/fashiongold.lt\/et\/papuosalas\/teemantkorvarongad-halo-round-teemandid-1-20-ct\/#breadcrumb\",\"itemListElement\":[{\"@type\":\"ListItem\",\"position\":1,\"name\":\"Home\",\"item\":\"https:\/\/fashiongold.lt\/et\/\"},{\"@type\":\"ListItem\",\"position\":2,\"name\":\"Teemantide pood Fashiongold.lt\",\"item\":\"https:\/\/fashiongold.lt\/shop-2\/\"},{\"@type\":\"ListItem\",\"position\":3,\"name\":\"Teemantk\u00f5rvar\u00f5ngad &#8211; HALO ROUND TEEMANDID (1.20 ct)\"}]},{\"@type\":\"WebSite\",\"@id\":\"https:\/\/fashiongold.lt\/et\/#website\",\"url\":\"https:\/\/fashiongold.lt\/et\/\",\"name\":\"Fashion Gold\",\"description\":\"Juvelyrikos namai\",\"publisher\":{\"@id\":\"https:\/\/fashiongold.lt\/et\/#organization\"},\"potentialAction\":[{\"@type\":\"SearchAction\",\"target\":{\"@type\":\"EntryPoint\",\"urlTemplate\":\"https:\/\/fashiongold.lt\/et\/?s={search_term_string}\"},\"query-input\":{\"@type\":\"PropertyValueSpecification\",\"valueRequired\":true,\"valueName\":\"search_term_string\"}}],\"inLanguage\":\"et\"},{\"@type\":\"Organization\",\"@id\":\"https:\/\/fashiongold.lt\/et\/#organization\",\"name\":\"Topdiamonds Online\",\"url\":\"https:\/\/fashiongold.lt\/et\/\",\"logo\":{\"@type\":\"ImageObject\",\"inLanguage\":\"et\",\"@id\":\"https:\/\/fashiongold.lt\/et\/#\/schema\/logo\/image\/\",\"url\":\"https:\/\/fashiongold.lt\/wp-content\/uploads\/2025\/04\/cropped-fashion_gold_logotipas2-scaled-1.png\",\"contentUrl\":\"https:\/\/fashiongold.lt\/wp-content\/uploads\/2025\/04\/cropped-fashion_gold_logotipas2-scaled-1.png\",\"width\":2559,\"height\":421,\"caption\":\"Topdiamonds Online\"},\"image\":{\"@id\":\"https:\/\/fashiongold.lt\/et\/#\/schema\/logo\/image\/\"}}]}<\/script>\n<!-- \/ Yoast SEO plugin. -->","yoast_head_json":{"title":"Teemantk\u00f5rvar\u00f5ngad - HALO ROUND TEEMANDID (1.20 ct)","description":"Erilise disainiga teemantk\u00f5rvar\u00f5ngad \u2013 elegantsi ja luksuse kombinatsioon, mis sobib nii igap\u00e4evaseks kandmiseks kui ka erilisteks puhkudeks. S\u00e4ra stiilselt koos HALO-ga!","robots":{"index":"index","follow":"follow","max-snippet":"max-snippet:-1","max-image-preview":"max-image-preview:large","max-video-preview":"max-video-preview:-1"},"canonical":"https:\/\/fashiongold.lt\/et\/papuosalas\/teemantkorvarongad-halo-round-teemandid-1-20-ct\/","og_locale":"et_EE","og_type":"article","og_title":"Teemantk\u00f5rvar\u00f5ngad - HALO ROUND TEEMANDID (1.20 ct)","og_description":"Erilise disainiga teemantk\u00f5rvar\u00f5ngad \u2013 elegantsi ja luksuse kombinatsioon, mis sobib nii igap\u00e4evaseks kandmiseks kui ka erilisteks puhkudeks. S\u00e4ra stiilselt koos HALO-ga!","og_url":"https:\/\/fashiongold.lt\/et\/papuosalas\/teemantkorvarongad-halo-round-teemandid-1-20-ct\/","og_site_name":"FashionGold.lt","article_modified_time":"2026-02-16T12:54:28+00:00","og_image":[{"width":800,"height":800,"url":"https:\/\/fashiongold.lt\/wp-content\/uploads\/2025\/10\/TDO-1001-Auskarai-su-deimantais-HALO-ROUND-DEIMANTAI-1.webp","type":"image\/png"}],"twitter_card":"summary_large_image","twitter_misc":{"Est. reading time":"1 minut"},"schema":{"@context":"https:\/\/schema.org","@graph":[{"@type":"WebPage","@id":"https:\/\/fashiongold.lt\/et\/papuosalas\/teemantkorvarongad-halo-round-teemandid-1-20-ct\/","url":"https:\/\/fashiongold.lt\/et\/papuosalas\/teemantkorvarongad-halo-round-teemandid-1-20-ct\/","name":"Teemantk\u00f5rvar\u00f5ngad - HALO ROUND TEEMANDID (1.20 ct)","isPartOf":{"@id":"https:\/\/fashiongold.lt\/et\/#website"},"primaryImageOfPage":{"@id":"https:\/\/fashiongold.lt\/et\/papuosalas\/teemantkorvarongad-halo-round-teemandid-1-20-ct\/#primaryimage"},"image":{"@id":"https:\/\/fashiongold.lt\/et\/papuosalas\/teemantkorvarongad-halo-round-teemandid-1-20-ct\/#primaryimage"},"thumbnailUrl":"https:\/\/fashiongold.lt\/wp-content\/uploads\/2025\/10\/TDO-1001-Auskarai-su-deimantais-HALO-ROUND-DEIMANTAI-1.png","datePublished":"2025-10-09T16:26:16+00:00","dateModified":"2026-02-16T12:54:28+00:00","description":"Erilise disainiga teemantk\u00f5rvar\u00f5ngad \u2013 elegantsi ja luksuse kombinatsioon, mis sobib nii igap\u00e4evaseks kandmiseks kui ka erilisteks puhkudeks. S\u00e4ra stiilselt koos HALO-ga!","breadcrumb":{"@id":"https:\/\/fashiongold.lt\/et\/papuosalas\/teemantkorvarongad-halo-round-teemandid-1-20-ct\/#breadcrumb"},"inLanguage":"et","potentialAction":[{"@type":"ReadAction","target":["https:\/\/fashiongold.lt\/et\/papuosalas\/teemantkorvarongad-halo-round-teemandid-1-20-ct\/"]}]},{"@type":"ImageObject","inLanguage":"et","@id":"https:\/\/fashiongold.lt\/et\/papuosalas\/teemantkorvarongad-halo-round-teemandid-1-20-ct\/#primaryimage","url":"https:\/\/fashiongold.lt\/wp-content\/uploads\/2025\/10\/TDO-1001-Auskarai-su-deimantais-HALO-ROUND-DEIMANTAI-1.png","contentUrl":"https:\/\/fashiongold.lt\/wp-content\/uploads\/2025\/10\/TDO-1001-Auskarai-su-deimantais-HALO-ROUND-DEIMANTAI-1.png","width":800,"height":800},{"@type":"BreadcrumbList","@id":"https:\/\/fashiongold.lt\/et\/papuosalas\/teemantkorvarongad-halo-round-teemandid-1-20-ct\/#breadcrumb","itemListElement":[{"@type":"ListItem","position":1,"name":"Home","item":"https:\/\/fashiongold.lt\/et\/"},{"@type":"ListItem","position":2,"name":"Teemantide pood Fashiongold.lt","item":"https:\/\/fashiongold.lt\/shop-2\/"},{"@type":"ListItem","position":3,"name":"Teemantk\u00f5rvar\u00f5ngad &#8211; HALO ROUND TEEMANDID (1.20 ct)"}]},{"@type":"WebSite","@id":"https:\/\/fashiongold.lt\/et\/#website","url":"https:\/\/fashiongold.lt\/et\/","name":"Fashion Gold","description":"Juvelyrikos namai","publisher":{"@id":"https:\/\/fashiongold.lt\/et\/#organization"},"potentialAction":[{"@type":"SearchAction","target":{"@type":"EntryPoint","urlTemplate":"https:\/\/fashiongold.lt\/et\/?s={search_term_string}"},"query-input":{"@type":"PropertyValueSpecification","valueRequired":true,"valueName":"search_term_string"}}],"inLanguage":"et"},{"@type":"Organization","@id":"https:\/\/fashiongold.lt\/et\/#organization","name":"Topdiamonds Online","url":"https:\/\/fashiongold.lt\/et\/","logo":{"@type":"ImageObject","inLanguage":"et","@id":"https:\/\/fashiongold.lt\/et\/#\/schema\/logo\/image\/","url":"https:\/\/fashiongold.lt\/wp-content\/uploads\/2025\/04\/cropped-fashion_gold_logotipas2-scaled-1.png","contentUrl":"https:\/\/fashiongold.lt\/wp-content\/uploads\/2025\/04\/cropped-fashion_gold_logotipas2-scaled-1.png","width":2559,"height":421,"caption":"Topdiamonds Online"},"image":{"@id":"https:\/\/fashiongold.lt\/et\/#\/schema\/logo\/image\/"}}]}},"_links":{"self":[{"href":"https:\/\/fashiongold.lt\/et\/wp-json\/wp\/v2\/product\/286936","targetHints":{"allow":["GET"]}}],"collection":[{"href":"https:\/\/fashiongold.lt\/et\/wp-json\/wp\/v2\/product"}],"about":[{"href":"https:\/\/fashiongold.lt\/et\/wp-json\/wp\/v2\/types\/product"}],"version-history":[{"count":0,"href":"https:\/\/fashiongold.lt\/et\/wp-json\/wp\/v2\/product\/286936\/revisions"}],"wp:featuredmedia":[{"embeddable":true,"href":"https:\/\/fashiongold.lt\/et\/wp-json\/wp\/v2\/media\/36699"}],"wp:attachment":[{"href":"https:\/\/fashiongold.lt\/et\/wp-json\/wp\/v2\/media?parent=286936"}],"wp:term":[{"taxonomy":"product_brand","embeddable":true,"href":"https:\/\/fashiongold.lt\/et\/wp-json\/wp\/v2\/product_brand?post=286936"},{"taxonomy":"product_cat","embeddable":true,"href":"https:\/\/fashiongold.lt\/et\/wp-json\/wp\/v2\/product_cat?post=286936"},{"taxonomy":"product_tag","embeddable":true,"href":"https:\/\/fashiongold.lt\/et\/wp-json\/wp\/v2\/product_tag?post=286936"}],"curies":[{"name":"wp","href":"https:\/\/api.w.org\/{rel}","templated":true}]}}