{"id":287508,"date":"2025-10-09T19:27:56","date_gmt":"2025-10-09T19:27:56","guid":{"rendered":"https:\/\/fashiongold.lt\/papuosalas\/sormus-1-ct-teemandiga-varv-f-puhtus-if\/"},"modified":"2025-10-09T19:27:56","modified_gmt":"2025-10-09T19:27:56","slug":"sormus-1-ct-teemandiga-varv-f-puhtus-if","status":"publish","type":"product","link":"https:\/\/fashiongold.lt\/et\/papuosalas\/sormus-1-ct-teemandiga-varv-f-puhtus-if\/","title":{"rendered":"S\u00f5rmus 1 ct teemandiga (v\u00e4rv F, puhtus IF)"},"content":{"rendered":"<p>\u201eFashion Gold\u201d juvelyrikos meistr\u0173 sukurtas \u017eiedas yra itin auk\u0161tos kokyb\u0117s, pa\u017eym\u0117tas Lietuvos prabavimo r\u016bm\u0173 sertifikatu u\u017e itin patraukli\u0105 kain\u0105. Tai papuo\u0161alas, kur\u012f galima perduoti i\u0161 kartos \u012f kart\u0105 kaip \u0161eimos relikvij\u0105, nes nei auksas, nei deimantai niekada nepraranda vert\u0117s. \u0160is auksinis \u017eiedas gali b\u016bti u\u017esakomas tiek salone, tiek internetu. Su \u0161iuo \u017eiedu galite pasipir\u0161ti, bet jis tinka ir kitomis progomis \u2013 nud\u017eiuginkite mylim\u0105 moter\u012f per Kal\u0117das, Valentino dien\u0105, gimtadien\u012f ar metini\u0173 progomis.<\/p>\n<p>Nepakartojamo gro\u017eio \u017eiedas, i\u0161skirtinio stiliaus, auk\u0161tos kokyb\u0117s, su komforto zona. \u017diedas gali b\u016bti pagamintas pagal u\u017esakym\u0105: i\u0161 raudono, geltono bei balto aukso.<\/p>\n<p>\u2022 \u017diedo auksas: 14 K (585 prabos), galime pagaminti i\u0161 10 K (375 prabos), 18 K (750 prabos)<\/p>\n<p>\u2022 \u017diedo spalva: galima pasirinkti balt\u0105, gelton\u0105 arba raudon\u0105 auks\u0105<\/p>\n<p>\u2022 \u017diedo svoris (priklauso nuo dyd\u017eio ir prabos): apie 3,00\u20135,00 g<\/p>\n<p>\u2022 \u017diedo matmenys: kar\u016bn\u0117l\u0117s plotis apie 6,5\u20137,0 mm (galima keisti)<\/p>\n<p>\u2022 \u017diedo komforto zona: yra<\/p>\n<p>\u2022 Deimanto tipas: nat\u016bralus deimantas (Natural diamonds)<\/p>\n<p>\u2022 Deimanto forma: apvalios formos (Round cut)<\/p>\n<p>\u2022 Deimanto charakteristika: 1,00 ct (spalva F (labai balta), \u0161varumas IF (pats geriausias), apdirbimas: i\u0161pjovimas Ex, simetrija Ex, poliravimas Ex) (galima keisti)<\/p>\n<p>\u2022 Sertifikatas: Lietuvos prabavimo r\u016bmai (LPR), papildomai GIA sertifikatas<\/p>\n<p>\u2022 Graviravimas nemokamai<\/p>\n<p>\u2022 Vienkartin\u0117 nemokama \u017eiedo dyd\u017eio keitimo garantija (pagal galimybes)<\/p>\n<p>\u2022 Gamybos ir pristatymo terminas nuo 14 darbo dien\u0173, skubos tvarka \u2013 per 3 d. d.<\/p>\n<p><strong>Turite savo aukso? Susisiekite, perskai\u010diuosime kain\u0105 \u2013 mok\u0117site tik u\u017e \u017eiedo gamyb\u0105.<\/strong><\/p>\n","protected":false},"excerpt":{"rendered":"<p>Elegantne kihlas\u00f5rmus 1,00 ct teemandiga, mille v\u00e4rvus on F ja puhtus IF. Kvaliteetne k\u00e4sit\u00f6\u00f6, eksklusiivne disain \u2013 igavene klassika, mis sobib suurep\u00e4raselt teie v\u00e4ljavalitule.<\/p>\n","protected":false},"featured_media":60808,"template":"","meta":{"site-sidebar-layout":"","site-content-layout":"","ast-site-content-layout":"","site-content-style":"","site-sidebar-style":"","ast-global-header-display":"","ast-banner-title-visibility":"","ast-main-header-display":"","ast-hfb-above-header-display":"","ast-hfb-below-header-display":"","ast-hfb-mobile-header-display":"","site-post-title":"","ast-breadcrumbs-content":"","ast-featured-img":"","footer-sml-layout":"","ast-disable-related-posts":"","theme-transparent-header-meta":"","adv-header-id-meta":"","stick-header-meta":"","header-above-stick-meta":"","header-main-stick-meta":"","header-below-stick-meta":"","astra-migrate-meta-layouts":"default","ast-page-background-enabled":"default","ast-page-background-meta":{"desktop":{"background-color":"var(--ast-global-color-4)","background-image":"","background-repeat":"repeat","background-position":"center center","background-size":"auto","background-attachment":"scroll","background-type":"","background-media":"","overlay-type":"","overlay-color":"","overlay-opacity":"","overlay-gradient":""},"tablet":{"background-color":"","background-image":"","background-repeat":"repeat","background-position":"center center","background-size":"auto","background-attachment":"scroll","background-type":"","background-media":"","overlay-type":"","overlay-color":"","overlay-opacity":"","overlay-gradient":""},"mobile":{"background-color":"","background-image":"","background-repeat":"repeat","background-position":"center center","background-size":"auto","background-attachment":"scroll","background-type":"","background-media":"","overlay-type":"","overlay-color":"","overlay-opacity":"","overlay-gradient":""}},"ast-content-background-meta":{"desktop":{"background-color":"var(--ast-global-color-5)","background-image":"","background-repeat":"repeat","background-position":"center center","background-size":"auto","background-attachment":"scroll","background-type":"","background-media":"","overlay-type":"","overlay-color":"","overlay-opacity":"","overlay-gradient":""},"tablet":{"background-color":"var(--ast-global-color-5)","background-image":"","background-repeat":"repeat","background-position":"center center","background-size":"auto","background-attachment":"scroll","background-type":"","background-media":"","overlay-type":"","overlay-color":"","overlay-opacity":"","overlay-gradient":""},"mobile":{"background-color":"var(--ast-global-color-5)","background-image":"","background-repeat":"repeat","background-position":"center center","background-size":"auto","background-attachment":"scroll","background-type":"","background-media":"","overlay-type":"","overlay-color":"","overlay-opacity":"","overlay-gradient":""}}},"product_brand":[],"product_cat":[3758,3058,2830,2826,3422,2829,2823,2828,2822,2824,3392,2821,3444,2845,3466,3445,2827,3424],"product_tag":[],"class_list":{"0":"post-287508","1":"product","2":"type-product","3":"status-publish","4":"has-post-thumbnail","6":"product_cat-1-karaadise-teemandiga-kihlasormused","7":"product_cat-ehted","8":"product_cat-emadepaeva-kingitused","9":"product_cat-joulukingid","10":"product_cat-kihlasormused","11":"product_cat-kingitused-erilisteks-puhkudeks","12":"product_cat-kingitused-lapse-sunni-puhul","13":"product_cat-kingitused-lopetamise-puhul","14":"product_cat-kingitused-naistele","15":"product_cat-kingitused-pulma-aastapaeva-puhul","16":"product_cat-kingitused-pulmade-puhul","17":"product_cat-kingitused-sunnipaevaks","18":"product_cat-klasikalised-kihlusesormused","19":"product_cat-sobrapaeva-kingitused","20":"product_cat-teemantsormused","21":"product_cat-top-kihlasormused","22":"product_cat-valgest-kullast-ehted","23":"product_cat-valgest-kullast-kihlasormused","24":"desktop-align-center","25":"tablet-align-left","26":"mobile-align-left","27":"ast-product-gallery-layout-horizontal-slider","28":"ast-product-gallery-with-no-image","29":"ast-product-single-variable","30":"ast-product-tabs-layout-accordion","31":"ast-qv-on-image","33":"first","34":"instock","35":"taxable","36":"shipping-taxable","37":"purchasable","38":"product-type-variable"},"yoast_head":"<!-- This site is optimized with the Yoast SEO plugin v26.6 - https:\/\/yoast.com\/wordpress\/plugins\/seo\/ -->\n<title>S\u00f5rmus 1 ct teemandiga (v\u00e4rv F, puhtus IF) I FashionGold.lt<\/title>\n<meta name=\"description\" content=\"Kihlas\u00f5rmus 1,00 ct teemandiga, mille v\u00e4rvus on F ja puhtus IF. Kvaliteetne k\u00e4sit\u00f6\u00f6 \u2013 igavene klassika, mis sobib suurep\u00e4raselt teie v\u00e4ljavalitule.\" \/>\n<meta name=\"robots\" content=\"index, follow, max-snippet:-1, max-image-preview:large, max-video-preview:-1\" \/>\n<link rel=\"canonical\" href=\"https:\/\/fashiongold.lt\/et\/papuosalas\/sormus-1-ct-teemandiga-varv-f-puhtus-if\/\" \/>\n<meta property=\"og:locale\" content=\"et_EE\" \/>\n<meta property=\"og:type\" content=\"article\" \/>\n<meta property=\"og:title\" content=\"S\u00f5rmus 1 ct teemandiga (v\u00e4rv F, puhtus IF) I FashionGold.lt\" \/>\n<meta property=\"og:description\" content=\"Kihlas\u00f5rmus 1,00 ct teemandiga, mille v\u00e4rvus on F ja puhtus IF. Kvaliteetne k\u00e4sit\u00f6\u00f6 \u2013 igavene klassika, mis sobib suurep\u00e4raselt teie v\u00e4ljavalitule.\" \/>\n<meta property=\"og:url\" content=\"https:\/\/fashiongold.lt\/et\/papuosalas\/sormus-1-ct-teemandiga-varv-f-puhtus-if\/\" \/>\n<meta property=\"og:site_name\" content=\"FashionGold.lt\" \/>\n<meta property=\"og:image\" content=\"https:\/\/fashiongold.lt\/wp-content\/uploads\/2025\/10\/2209-2f1-Ziedas-su-1-ct-deimantu-spalva-F-svarumas-IF.webp\" \/>\n\t<meta property=\"og:image:width\" content=\"2174\" \/>\n\t<meta property=\"og:image:height\" content=\"2169\" \/>\n\t<meta property=\"og:image:type\" content=\"image\/jpeg\" \/>\n<meta name=\"twitter:card\" content=\"summary_large_image\" \/>\n<meta name=\"twitter:label1\" content=\"Est. reading time\" \/>\n\t<meta name=\"twitter:data1\" content=\"1 minut\" \/>\n<script type=\"application\/ld+json\" class=\"yoast-schema-graph\">{\"@context\":\"https:\/\/schema.org\",\"@graph\":[{\"@type\":\"WebPage\",\"@id\":\"https:\/\/fashiongold.lt\/et\/papuosalas\/sormus-1-ct-teemandiga-varv-f-puhtus-if\/\",\"url\":\"https:\/\/fashiongold.lt\/et\/papuosalas\/sormus-1-ct-teemandiga-varv-f-puhtus-if\/\",\"name\":\"S\u00f5rmus 1 ct teemandiga (v\u00e4rv F, puhtus IF) I FashionGold.lt\",\"isPartOf\":{\"@id\":\"https:\/\/fashiongold.lt\/et\/#website\"},\"primaryImageOfPage\":{\"@id\":\"https:\/\/fashiongold.lt\/et\/papuosalas\/sormus-1-ct-teemandiga-varv-f-puhtus-if\/#primaryimage\"},\"image\":{\"@id\":\"https:\/\/fashiongold.lt\/et\/papuosalas\/sormus-1-ct-teemandiga-varv-f-puhtus-if\/#primaryimage\"},\"thumbnailUrl\":\"https:\/\/fashiongold.lt\/wp-content\/uploads\/2025\/10\/2209-2f1-Ziedas-su-1-ct-deimantu-spalva-F-svarumas-IF.jpg\",\"datePublished\":\"2025-10-09T19:27:56+00:00\",\"description\":\"Kihlas\u00f5rmus 1,00 ct teemandiga, mille v\u00e4rvus on F ja puhtus IF. Kvaliteetne k\u00e4sit\u00f6\u00f6 \u2013 igavene klassika, mis sobib suurep\u00e4raselt teie v\u00e4ljavalitule.\",\"breadcrumb\":{\"@id\":\"https:\/\/fashiongold.lt\/et\/papuosalas\/sormus-1-ct-teemandiga-varv-f-puhtus-if\/#breadcrumb\"},\"inLanguage\":\"et\",\"potentialAction\":[{\"@type\":\"ReadAction\",\"target\":[\"https:\/\/fashiongold.lt\/et\/papuosalas\/sormus-1-ct-teemandiga-varv-f-puhtus-if\/\"]}]},{\"@type\":\"ImageObject\",\"inLanguage\":\"et\",\"@id\":\"https:\/\/fashiongold.lt\/et\/papuosalas\/sormus-1-ct-teemandiga-varv-f-puhtus-if\/#primaryimage\",\"url\":\"https:\/\/fashiongold.lt\/wp-content\/uploads\/2025\/10\/2209-2f1-Ziedas-su-1-ct-deimantu-spalva-F-svarumas-IF.jpg\",\"contentUrl\":\"https:\/\/fashiongold.lt\/wp-content\/uploads\/2025\/10\/2209-2f1-Ziedas-su-1-ct-deimantu-spalva-F-svarumas-IF.jpg\",\"width\":2174,\"height\":2169},{\"@type\":\"BreadcrumbList\",\"@id\":\"https:\/\/fashiongold.lt\/et\/papuosalas\/sormus-1-ct-teemandiga-varv-f-puhtus-if\/#breadcrumb\",\"itemListElement\":[{\"@type\":\"ListItem\",\"position\":1,\"name\":\"Home\",\"item\":\"https:\/\/fashiongold.lt\/et\/\"},{\"@type\":\"ListItem\",\"position\":2,\"name\":\"Teemantide pood Fashiongold.lt\",\"item\":\"https:\/\/fashiongold.lt\/shop-2\/\"},{\"@type\":\"ListItem\",\"position\":3,\"name\":\"S\u00f5rmus 1 ct teemandiga (v\u00e4rv F, puhtus IF)\"}]},{\"@type\":\"WebSite\",\"@id\":\"https:\/\/fashiongold.lt\/et\/#website\",\"url\":\"https:\/\/fashiongold.lt\/et\/\",\"name\":\"Fashion Gold\",\"description\":\"Juvelyrikos namai\",\"publisher\":{\"@id\":\"https:\/\/fashiongold.lt\/et\/#organization\"},\"potentialAction\":[{\"@type\":\"SearchAction\",\"target\":{\"@type\":\"EntryPoint\",\"urlTemplate\":\"https:\/\/fashiongold.lt\/et\/?s={search_term_string}\"},\"query-input\":{\"@type\":\"PropertyValueSpecification\",\"valueRequired\":true,\"valueName\":\"search_term_string\"}}],\"inLanguage\":\"et\"},{\"@type\":\"Organization\",\"@id\":\"https:\/\/fashiongold.lt\/et\/#organization\",\"name\":\"Topdiamonds Online\",\"url\":\"https:\/\/fashiongold.lt\/et\/\",\"logo\":{\"@type\":\"ImageObject\",\"inLanguage\":\"et\",\"@id\":\"https:\/\/fashiongold.lt\/et\/#\/schema\/logo\/image\/\",\"url\":\"https:\/\/fashiongold.lt\/wp-content\/uploads\/2025\/04\/cropped-fashion_gold_logotipas2-scaled-1.png\",\"contentUrl\":\"https:\/\/fashiongold.lt\/wp-content\/uploads\/2025\/04\/cropped-fashion_gold_logotipas2-scaled-1.png\",\"width\":2559,\"height\":421,\"caption\":\"Topdiamonds Online\"},\"image\":{\"@id\":\"https:\/\/fashiongold.lt\/et\/#\/schema\/logo\/image\/\"}}]}<\/script>\n<!-- \/ Yoast SEO plugin. -->","yoast_head_json":{"title":"S\u00f5rmus 1 ct teemandiga (v\u00e4rv F, puhtus IF) I FashionGold.lt","description":"Kihlas\u00f5rmus 1,00 ct teemandiga, mille v\u00e4rvus on F ja puhtus IF. Kvaliteetne k\u00e4sit\u00f6\u00f6 \u2013 igavene klassika, mis sobib suurep\u00e4raselt teie v\u00e4ljavalitule.","robots":{"index":"index","follow":"follow","max-snippet":"max-snippet:-1","max-image-preview":"max-image-preview:large","max-video-preview":"max-video-preview:-1"},"canonical":"https:\/\/fashiongold.lt\/et\/papuosalas\/sormus-1-ct-teemandiga-varv-f-puhtus-if\/","og_locale":"et_EE","og_type":"article","og_title":"S\u00f5rmus 1 ct teemandiga (v\u00e4rv F, puhtus IF) I FashionGold.lt","og_description":"Kihlas\u00f5rmus 1,00 ct teemandiga, mille v\u00e4rvus on F ja puhtus IF. Kvaliteetne k\u00e4sit\u00f6\u00f6 \u2013 igavene klassika, mis sobib suurep\u00e4raselt teie v\u00e4ljavalitule.","og_url":"https:\/\/fashiongold.lt\/et\/papuosalas\/sormus-1-ct-teemandiga-varv-f-puhtus-if\/","og_site_name":"FashionGold.lt","og_image":[{"width":2174,"height":2169,"url":"https:\/\/fashiongold.lt\/wp-content\/uploads\/2025\/10\/2209-2f1-Ziedas-su-1-ct-deimantu-spalva-F-svarumas-IF.webp","type":"image\/jpeg"}],"twitter_card":"summary_large_image","twitter_misc":{"Est. reading time":"1 minut"},"schema":{"@context":"https:\/\/schema.org","@graph":[{"@type":"WebPage","@id":"https:\/\/fashiongold.lt\/et\/papuosalas\/sormus-1-ct-teemandiga-varv-f-puhtus-if\/","url":"https:\/\/fashiongold.lt\/et\/papuosalas\/sormus-1-ct-teemandiga-varv-f-puhtus-if\/","name":"S\u00f5rmus 1 ct teemandiga (v\u00e4rv F, puhtus IF) I FashionGold.lt","isPartOf":{"@id":"https:\/\/fashiongold.lt\/et\/#website"},"primaryImageOfPage":{"@id":"https:\/\/fashiongold.lt\/et\/papuosalas\/sormus-1-ct-teemandiga-varv-f-puhtus-if\/#primaryimage"},"image":{"@id":"https:\/\/fashiongold.lt\/et\/papuosalas\/sormus-1-ct-teemandiga-varv-f-puhtus-if\/#primaryimage"},"thumbnailUrl":"https:\/\/fashiongold.lt\/wp-content\/uploads\/2025\/10\/2209-2f1-Ziedas-su-1-ct-deimantu-spalva-F-svarumas-IF.jpg","datePublished":"2025-10-09T19:27:56+00:00","description":"Kihlas\u00f5rmus 1,00 ct teemandiga, mille v\u00e4rvus on F ja puhtus IF. Kvaliteetne k\u00e4sit\u00f6\u00f6 \u2013 igavene klassika, mis sobib suurep\u00e4raselt teie v\u00e4ljavalitule.","breadcrumb":{"@id":"https:\/\/fashiongold.lt\/et\/papuosalas\/sormus-1-ct-teemandiga-varv-f-puhtus-if\/#breadcrumb"},"inLanguage":"et","potentialAction":[{"@type":"ReadAction","target":["https:\/\/fashiongold.lt\/et\/papuosalas\/sormus-1-ct-teemandiga-varv-f-puhtus-if\/"]}]},{"@type":"ImageObject","inLanguage":"et","@id":"https:\/\/fashiongold.lt\/et\/papuosalas\/sormus-1-ct-teemandiga-varv-f-puhtus-if\/#primaryimage","url":"https:\/\/fashiongold.lt\/wp-content\/uploads\/2025\/10\/2209-2f1-Ziedas-su-1-ct-deimantu-spalva-F-svarumas-IF.jpg","contentUrl":"https:\/\/fashiongold.lt\/wp-content\/uploads\/2025\/10\/2209-2f1-Ziedas-su-1-ct-deimantu-spalva-F-svarumas-IF.jpg","width":2174,"height":2169},{"@type":"BreadcrumbList","@id":"https:\/\/fashiongold.lt\/et\/papuosalas\/sormus-1-ct-teemandiga-varv-f-puhtus-if\/#breadcrumb","itemListElement":[{"@type":"ListItem","position":1,"name":"Home","item":"https:\/\/fashiongold.lt\/et\/"},{"@type":"ListItem","position":2,"name":"Teemantide pood Fashiongold.lt","item":"https:\/\/fashiongold.lt\/shop-2\/"},{"@type":"ListItem","position":3,"name":"S\u00f5rmus 1 ct teemandiga (v\u00e4rv F, puhtus IF)"}]},{"@type":"WebSite","@id":"https:\/\/fashiongold.lt\/et\/#website","url":"https:\/\/fashiongold.lt\/et\/","name":"Fashion Gold","description":"Juvelyrikos namai","publisher":{"@id":"https:\/\/fashiongold.lt\/et\/#organization"},"potentialAction":[{"@type":"SearchAction","target":{"@type":"EntryPoint","urlTemplate":"https:\/\/fashiongold.lt\/et\/?s={search_term_string}"},"query-input":{"@type":"PropertyValueSpecification","valueRequired":true,"valueName":"search_term_string"}}],"inLanguage":"et"},{"@type":"Organization","@id":"https:\/\/fashiongold.lt\/et\/#organization","name":"Topdiamonds Online","url":"https:\/\/fashiongold.lt\/et\/","logo":{"@type":"ImageObject","inLanguage":"et","@id":"https:\/\/fashiongold.lt\/et\/#\/schema\/logo\/image\/","url":"https:\/\/fashiongold.lt\/wp-content\/uploads\/2025\/04\/cropped-fashion_gold_logotipas2-scaled-1.png","contentUrl":"https:\/\/fashiongold.lt\/wp-content\/uploads\/2025\/04\/cropped-fashion_gold_logotipas2-scaled-1.png","width":2559,"height":421,"caption":"Topdiamonds Online"},"image":{"@id":"https:\/\/fashiongold.lt\/et\/#\/schema\/logo\/image\/"}}]}},"_links":{"self":[{"href":"https:\/\/fashiongold.lt\/et\/wp-json\/wp\/v2\/product\/287508","targetHints":{"allow":["GET"]}}],"collection":[{"href":"https:\/\/fashiongold.lt\/et\/wp-json\/wp\/v2\/product"}],"about":[{"href":"https:\/\/fashiongold.lt\/et\/wp-json\/wp\/v2\/types\/product"}],"version-history":[{"count":0,"href":"https:\/\/fashiongold.lt\/et\/wp-json\/wp\/v2\/product\/287508\/revisions"}],"wp:featuredmedia":[{"embeddable":true,"href":"https:\/\/fashiongold.lt\/et\/wp-json\/wp\/v2\/media\/60808"}],"wp:attachment":[{"href":"https:\/\/fashiongold.lt\/et\/wp-json\/wp\/v2\/media?parent=287508"}],"wp:term":[{"taxonomy":"product_brand","embeddable":true,"href":"https:\/\/fashiongold.lt\/et\/wp-json\/wp\/v2\/product_brand?post=287508"},{"taxonomy":"product_cat","embeddable":true,"href":"https:\/\/fashiongold.lt\/et\/wp-json\/wp\/v2\/product_cat?post=287508"},{"taxonomy":"product_tag","embeddable":true,"href":"https:\/\/fashiongold.lt\/et\/wp-json\/wp\/v2\/product_tag?post=287508"}],"curies":[{"name":"wp","href":"https:\/\/api.w.org\/{rel}","templated":true}]}}