{"id":287568,"date":"2025-10-09T19:18:47","date_gmt":"2025-10-09T19:18:47","guid":{"rendered":"https:\/\/fashiongold.lt\/papuosalas\/briljandiga-kihlasormus-teemantriba\/"},"modified":"2025-10-09T19:18:47","modified_gmt":"2025-10-09T19:18:47","slug":"briljandiga-kihlasormus-teemantriba","status":"publish","type":"product","link":"https:\/\/fashiongold.lt\/et\/papuosalas\/briljandiga-kihlasormus-teemantriba\/","title":{"rendered":"Briljandiga kihlas\u00f5rmus \u201eTeemantriba\u201c"},"content":{"rendered":"<p><span>\u201eFashion Gold\u201d ehtemeistrite loodud s\u00f5rmus on erakordselt k\u00f5rge kvaliteediga, varustatud Leedu Proovikoja sertifikaadiga ning saadaval v\u00e4ga atraktiivse hinnaga. See on ehe, mida saab edasi anda p\u00f5lvest p\u00f5lve kui perekonnareliikviat, sest ei kuld ega ehtsad teemandid kaota kunagi oma v\u00e4\u00e4rtust. Seda kulds\u00f5rmust saab tellida nii salongist kui ka internetist. <\/span><\/p>\n<p>Selle s\u00f5rmusega saate teha abieluettepaneku, kuid see sobib ka muudeks puhkudeks \u2013 r\u00f5\u00f5mustage armastatud naist j\u00f5ulude, valentinip\u00e4eva, s\u00fcnnip\u00e4eva v\u00f5i aastap\u00e4eva puhul. See sobib kokku ka teiste s\u00f5rmustega.<\/p>\n<p>S\u00f5rmuse kaal &#8211; umbes 1,50 g<\/p>\n<p>Kulla v\u00e4rv &#8211; valge<\/p>\n<p>Kulla proov &#8211; 585<\/p>\n<p>Briljantide arv 25 tk, kogukaal 0,14 ct, v\u00e4rvus G, puhtus SI. <\/p>\n<p>Suurust 52 &#8211; 16,5 saab n\u00e4ha ja kohe osta \u201eFashion Gold&#8221; ehtemajas aadressil Pam\u0117nkalnio tn 5, Vilnius. Teised suurused valmistame 7-14 p\u00e4eva jooksul.<\/p>\n<p><span>P\u00e4rast ehte tellimist toimetame selle kohale 7-14 t\u00f6\u00f6p\u00e4eva jooksul. V\u00f5imalik on tasuta graveerimine. S\u00f5rmusega kaasneb Leedu Proovikoja sertifikaat.<\/span><\/p>\n<p><span>Kihlas\u00f5rmused on \u00fcks \u201eFashion Gold&#8221; tegevusvaldkondi. Salongist leiate ka abielus\u00f5rmuseid, ehteid naistele, meestele ja lastele erinevateks puhkudeks, m\u00fcnte ning kullakange.<\/span><\/p>\n<p><span>PAKUME KIHLAS\u00d5RMUSEID JA TEISI EHTEID TELLIMUST\u00d6\u00d6NA NING VASTAVALT TEIE INDIVIDUAALSETELE SOOVIDELE. V\u00d5TKE \u00dcHENDUST info@fashiongold.lt<\/span><\/p><\/p>\n","protected":false},"excerpt":{"rendered":"<p><span>Valgest kullast s\u00f5rmus ehtsate teemantidega \u00fcmber kogu s\u00f5rmuse, mida nimetatakse teemantribaks \u2013 paluge sellega oma kallima k\u00e4tt ja see ehe meenutab seda erilist hetke kogu elu, v\u00f5i r\u00f5\u00f5mustage teda sellega muudel puhkudel.<\/span><\/p>\n","protected":false},"featured_media":60175,"template":"","meta":{"site-sidebar-layout":"","site-content-layout":"","ast-site-content-layout":"","site-content-style":"","site-sidebar-style":"","ast-global-header-display":"","ast-banner-title-visibility":"","ast-main-header-display":"","ast-hfb-above-header-display":"","ast-hfb-below-header-display":"","ast-hfb-mobile-header-display":"","site-post-title":"","ast-breadcrumbs-content":"","ast-featured-img":"","footer-sml-layout":"","ast-disable-related-posts":"","theme-transparent-header-meta":"","adv-header-id-meta":"","stick-header-meta":"","header-above-stick-meta":"","header-main-stick-meta":"","header-below-stick-meta":"","astra-migrate-meta-layouts":"default","ast-page-background-enabled":"default","ast-page-background-meta":{"desktop":{"background-color":"var(--ast-global-color-4)","background-image":"","background-repeat":"repeat","background-position":"center center","background-size":"auto","background-attachment":"scroll","background-type":"","background-media":"","overlay-type":"","overlay-color":"","overlay-opacity":"","overlay-gradient":""},"tablet":{"background-color":"","background-image":"","background-repeat":"repeat","background-position":"center center","background-size":"auto","background-attachment":"scroll","background-type":"","background-media":"","overlay-type":"","overlay-color":"","overlay-opacity":"","overlay-gradient":""},"mobile":{"background-color":"","background-image":"","background-repeat":"repeat","background-position":"center center","background-size":"auto","background-attachment":"scroll","background-type":"","background-media":"","overlay-type":"","overlay-color":"","overlay-opacity":"","overlay-gradient":""}},"ast-content-background-meta":{"desktop":{"background-color":"var(--ast-global-color-5)","background-image":"","background-repeat":"repeat","background-position":"center center","background-size":"auto","background-attachment":"scroll","background-type":"","background-media":"","overlay-type":"","overlay-color":"","overlay-opacity":"","overlay-gradient":""},"tablet":{"background-color":"var(--ast-global-color-5)","background-image":"","background-repeat":"repeat","background-position":"center center","background-size":"auto","background-attachment":"scroll","background-type":"","background-media":"","overlay-type":"","overlay-color":"","overlay-opacity":"","overlay-gradient":""},"mobile":{"background-color":"var(--ast-global-color-5)","background-image":"","background-repeat":"repeat","background-position":"center center","background-size":"auto","background-attachment":"scroll","background-type":"","background-media":"","overlay-type":"","overlay-color":"","overlay-opacity":"","overlay-gradient":""}}},"product_brand":[],"product_cat":[3058,2830,2826,2829,2823,2828,2822,2824,3392,2821,3593,3597,3567,2845,3798,3684,2833,2834,3466,3592,2827],"product_tag":[],"class_list":{"0":"post-287568","1":"product","2":"type-product","3":"status-publish","4":"has-post-thumbnail","6":"product_cat-ehted","7":"product_cat-emadepaeva-kingitused","8":"product_cat-joulukingid","9":"product_cat-kingitused-erilisteks-puhkudeks","10":"product_cat-kingitused-lapse-sunni-puhul","11":"product_cat-kingitused-lopetamise-puhul","12":"product_cat-kingitused-naistele","13":"product_cat-kingitused-pulma-aastapaeva-puhul","14":"product_cat-kingitused-pulmade-puhul","15":"product_cat-kingitused-sunnipaevaks","16":"product_cat-klassikalised-abielusormused","17":"product_cat-modernsed-pulmasormused","18":"product_cat-naiste-abielusormused","19":"product_cat-sobrapaeva-kingitused","20":"product_cat-teemantlint-teemantidega","21":"product_cat-teemantriba-briljantidega","22":"product_cat-teemantribad","23":"product_cat-teemantribad-pooles-ulatuses","24":"product_cat-teemantsormused","25":"product_cat-valgest-kullast-abielusormused","26":"product_cat-valgest-kullast-ehted","27":"desktop-align-center","28":"tablet-align-left","29":"mobile-align-left","30":"ast-product-gallery-layout-horizontal-slider","31":"ast-product-gallery-with-no-image","32":"ast-product-single-variable","33":"ast-product-tabs-layout-accordion","34":"ast-qv-on-image","36":"first","37":"instock","38":"taxable","39":"shipping-taxable","40":"purchasable","41":"product-type-variable"},"yoast_head":"<!-- This site is optimized with the Yoast SEO plugin v26.6 - https:\/\/yoast.com\/wordpress\/plugins\/seo\/ -->\n<title>KOLLASEST kullast kihlas\u00f5rmus teemandi ja briljandiga<\/title>\n<meta name=\"description\" content=\"Kuldne s\u00f5rmus briljandiga\" \/>\n<meta name=\"robots\" content=\"index, follow, max-snippet:-1, max-image-preview:large, max-video-preview:-1\" \/>\n<link rel=\"canonical\" href=\"https:\/\/fashiongold.lt\/et\/papuosalas\/briljandiga-kihlasormus-teemantriba\/\" \/>\n<meta property=\"og:locale\" content=\"et_EE\" \/>\n<meta property=\"og:type\" content=\"article\" \/>\n<meta property=\"og:title\" content=\"KOLLASEST kullast kihlas\u00f5rmus teemandi ja briljandiga\" \/>\n<meta property=\"og:description\" content=\"Kuldne s\u00f5rmus briljandiga\" \/>\n<meta property=\"og:url\" content=\"https:\/\/fashiongold.lt\/et\/papuosalas\/briljandiga-kihlasormus-teemantriba\/\" \/>\n<meta property=\"og:site_name\" content=\"FashionGold.lt\" \/>\n<meta property=\"og:image\" content=\"https:\/\/fashiongold.lt\/wp-content\/uploads\/2025\/10\/2171-28a-Suzadetuviu-ziedas-su-briliantu-Deimantine-juostele.webp\" \/>\n\t<meta property=\"og:image:width\" content=\"552\" \/>\n\t<meta property=\"og:image:height\" content=\"527\" \/>\n\t<meta property=\"og:image:type\" content=\"image\/jpeg\" \/>\n<meta name=\"twitter:card\" content=\"summary_large_image\" \/>\n<meta name=\"twitter:label1\" content=\"Est. reading time\" \/>\n\t<meta name=\"twitter:data1\" content=\"1 minut\" \/>\n<script type=\"application\/ld+json\" class=\"yoast-schema-graph\">{\"@context\":\"https:\/\/schema.org\",\"@graph\":[{\"@type\":\"WebPage\",\"@id\":\"https:\/\/fashiongold.lt\/et\/papuosalas\/briljandiga-kihlasormus-teemantriba\/\",\"url\":\"https:\/\/fashiongold.lt\/et\/papuosalas\/briljandiga-kihlasormus-teemantriba\/\",\"name\":\"KOLLASEST kullast kihlas\u00f5rmus teemandi ja briljandiga\",\"isPartOf\":{\"@id\":\"https:\/\/fashiongold.lt\/et\/#website\"},\"primaryImageOfPage\":{\"@id\":\"https:\/\/fashiongold.lt\/et\/papuosalas\/briljandiga-kihlasormus-teemantriba\/#primaryimage\"},\"image\":{\"@id\":\"https:\/\/fashiongold.lt\/et\/papuosalas\/briljandiga-kihlasormus-teemantriba\/#primaryimage\"},\"thumbnailUrl\":\"https:\/\/fashiongold.lt\/wp-content\/uploads\/2025\/10\/2171-28a-Suzadetuviu-ziedas-su-briliantu-Deimantine-juostele.jpg\",\"datePublished\":\"2025-10-09T19:18:47+00:00\",\"description\":\"Kuldne s\u00f5rmus briljandiga\",\"breadcrumb\":{\"@id\":\"https:\/\/fashiongold.lt\/et\/papuosalas\/briljandiga-kihlasormus-teemantriba\/#breadcrumb\"},\"inLanguage\":\"et\",\"potentialAction\":[{\"@type\":\"ReadAction\",\"target\":[\"https:\/\/fashiongold.lt\/et\/papuosalas\/briljandiga-kihlasormus-teemantriba\/\"]}]},{\"@type\":\"ImageObject\",\"inLanguage\":\"et\",\"@id\":\"https:\/\/fashiongold.lt\/et\/papuosalas\/briljandiga-kihlasormus-teemantriba\/#primaryimage\",\"url\":\"https:\/\/fashiongold.lt\/wp-content\/uploads\/2025\/10\/2171-28a-Suzadetuviu-ziedas-su-briliantu-Deimantine-juostele.jpg\",\"contentUrl\":\"https:\/\/fashiongold.lt\/wp-content\/uploads\/2025\/10\/2171-28a-Suzadetuviu-ziedas-su-briliantu-Deimantine-juostele.jpg\",\"width\":552,\"height\":527},{\"@type\":\"BreadcrumbList\",\"@id\":\"https:\/\/fashiongold.lt\/et\/papuosalas\/briljandiga-kihlasormus-teemantriba\/#breadcrumb\",\"itemListElement\":[{\"@type\":\"ListItem\",\"position\":1,\"name\":\"Home\",\"item\":\"https:\/\/fashiongold.lt\/et\/\"},{\"@type\":\"ListItem\",\"position\":2,\"name\":\"Teemantide pood Fashiongold.lt\",\"item\":\"https:\/\/fashiongold.lt\/shop-2\/\"},{\"@type\":\"ListItem\",\"position\":3,\"name\":\"Briljandiga kihlas\u00f5rmus \u201eTeemantriba\u201c\"}]},{\"@type\":\"WebSite\",\"@id\":\"https:\/\/fashiongold.lt\/et\/#website\",\"url\":\"https:\/\/fashiongold.lt\/et\/\",\"name\":\"Fashion Gold\",\"description\":\"Juvelyrikos namai\",\"publisher\":{\"@id\":\"https:\/\/fashiongold.lt\/et\/#organization\"},\"potentialAction\":[{\"@type\":\"SearchAction\",\"target\":{\"@type\":\"EntryPoint\",\"urlTemplate\":\"https:\/\/fashiongold.lt\/et\/?s={search_term_string}\"},\"query-input\":{\"@type\":\"PropertyValueSpecification\",\"valueRequired\":true,\"valueName\":\"search_term_string\"}}],\"inLanguage\":\"et\"},{\"@type\":\"Organization\",\"@id\":\"https:\/\/fashiongold.lt\/et\/#organization\",\"name\":\"Topdiamonds Online\",\"url\":\"https:\/\/fashiongold.lt\/et\/\",\"logo\":{\"@type\":\"ImageObject\",\"inLanguage\":\"et\",\"@id\":\"https:\/\/fashiongold.lt\/et\/#\/schema\/logo\/image\/\",\"url\":\"https:\/\/fashiongold.lt\/wp-content\/uploads\/2025\/04\/cropped-fashion_gold_logotipas2-scaled-1.png\",\"contentUrl\":\"https:\/\/fashiongold.lt\/wp-content\/uploads\/2025\/04\/cropped-fashion_gold_logotipas2-scaled-1.png\",\"width\":2559,\"height\":421,\"caption\":\"Topdiamonds Online\"},\"image\":{\"@id\":\"https:\/\/fashiongold.lt\/et\/#\/schema\/logo\/image\/\"}}]}<\/script>\n<!-- \/ Yoast SEO plugin. -->","yoast_head_json":{"title":"KOLLASEST kullast kihlas\u00f5rmus teemandi ja briljandiga","description":"Kuldne s\u00f5rmus briljandiga","robots":{"index":"index","follow":"follow","max-snippet":"max-snippet:-1","max-image-preview":"max-image-preview:large","max-video-preview":"max-video-preview:-1"},"canonical":"https:\/\/fashiongold.lt\/et\/papuosalas\/briljandiga-kihlasormus-teemantriba\/","og_locale":"et_EE","og_type":"article","og_title":"KOLLASEST kullast kihlas\u00f5rmus teemandi ja briljandiga","og_description":"Kuldne s\u00f5rmus briljandiga","og_url":"https:\/\/fashiongold.lt\/et\/papuosalas\/briljandiga-kihlasormus-teemantriba\/","og_site_name":"FashionGold.lt","og_image":[{"width":552,"height":527,"url":"https:\/\/fashiongold.lt\/wp-content\/uploads\/2025\/10\/2171-28a-Suzadetuviu-ziedas-su-briliantu-Deimantine-juostele.webp","type":"image\/jpeg"}],"twitter_card":"summary_large_image","twitter_misc":{"Est. reading time":"1 minut"},"schema":{"@context":"https:\/\/schema.org","@graph":[{"@type":"WebPage","@id":"https:\/\/fashiongold.lt\/et\/papuosalas\/briljandiga-kihlasormus-teemantriba\/","url":"https:\/\/fashiongold.lt\/et\/papuosalas\/briljandiga-kihlasormus-teemantriba\/","name":"KOLLASEST kullast kihlas\u00f5rmus teemandi ja briljandiga","isPartOf":{"@id":"https:\/\/fashiongold.lt\/et\/#website"},"primaryImageOfPage":{"@id":"https:\/\/fashiongold.lt\/et\/papuosalas\/briljandiga-kihlasormus-teemantriba\/#primaryimage"},"image":{"@id":"https:\/\/fashiongold.lt\/et\/papuosalas\/briljandiga-kihlasormus-teemantriba\/#primaryimage"},"thumbnailUrl":"https:\/\/fashiongold.lt\/wp-content\/uploads\/2025\/10\/2171-28a-Suzadetuviu-ziedas-su-briliantu-Deimantine-juostele.jpg","datePublished":"2025-10-09T19:18:47+00:00","description":"Kuldne s\u00f5rmus briljandiga","breadcrumb":{"@id":"https:\/\/fashiongold.lt\/et\/papuosalas\/briljandiga-kihlasormus-teemantriba\/#breadcrumb"},"inLanguage":"et","potentialAction":[{"@type":"ReadAction","target":["https:\/\/fashiongold.lt\/et\/papuosalas\/briljandiga-kihlasormus-teemantriba\/"]}]},{"@type":"ImageObject","inLanguage":"et","@id":"https:\/\/fashiongold.lt\/et\/papuosalas\/briljandiga-kihlasormus-teemantriba\/#primaryimage","url":"https:\/\/fashiongold.lt\/wp-content\/uploads\/2025\/10\/2171-28a-Suzadetuviu-ziedas-su-briliantu-Deimantine-juostele.jpg","contentUrl":"https:\/\/fashiongold.lt\/wp-content\/uploads\/2025\/10\/2171-28a-Suzadetuviu-ziedas-su-briliantu-Deimantine-juostele.jpg","width":552,"height":527},{"@type":"BreadcrumbList","@id":"https:\/\/fashiongold.lt\/et\/papuosalas\/briljandiga-kihlasormus-teemantriba\/#breadcrumb","itemListElement":[{"@type":"ListItem","position":1,"name":"Home","item":"https:\/\/fashiongold.lt\/et\/"},{"@type":"ListItem","position":2,"name":"Teemantide pood Fashiongold.lt","item":"https:\/\/fashiongold.lt\/shop-2\/"},{"@type":"ListItem","position":3,"name":"Briljandiga kihlas\u00f5rmus \u201eTeemantriba\u201c"}]},{"@type":"WebSite","@id":"https:\/\/fashiongold.lt\/et\/#website","url":"https:\/\/fashiongold.lt\/et\/","name":"Fashion Gold","description":"Juvelyrikos namai","publisher":{"@id":"https:\/\/fashiongold.lt\/et\/#organization"},"potentialAction":[{"@type":"SearchAction","target":{"@type":"EntryPoint","urlTemplate":"https:\/\/fashiongold.lt\/et\/?s={search_term_string}"},"query-input":{"@type":"PropertyValueSpecification","valueRequired":true,"valueName":"search_term_string"}}],"inLanguage":"et"},{"@type":"Organization","@id":"https:\/\/fashiongold.lt\/et\/#organization","name":"Topdiamonds Online","url":"https:\/\/fashiongold.lt\/et\/","logo":{"@type":"ImageObject","inLanguage":"et","@id":"https:\/\/fashiongold.lt\/et\/#\/schema\/logo\/image\/","url":"https:\/\/fashiongold.lt\/wp-content\/uploads\/2025\/04\/cropped-fashion_gold_logotipas2-scaled-1.png","contentUrl":"https:\/\/fashiongold.lt\/wp-content\/uploads\/2025\/04\/cropped-fashion_gold_logotipas2-scaled-1.png","width":2559,"height":421,"caption":"Topdiamonds Online"},"image":{"@id":"https:\/\/fashiongold.lt\/et\/#\/schema\/logo\/image\/"}}]}},"_links":{"self":[{"href":"https:\/\/fashiongold.lt\/et\/wp-json\/wp\/v2\/product\/287568","targetHints":{"allow":["GET"]}}],"collection":[{"href":"https:\/\/fashiongold.lt\/et\/wp-json\/wp\/v2\/product"}],"about":[{"href":"https:\/\/fashiongold.lt\/et\/wp-json\/wp\/v2\/types\/product"}],"version-history":[{"count":0,"href":"https:\/\/fashiongold.lt\/et\/wp-json\/wp\/v2\/product\/287568\/revisions"}],"wp:featuredmedia":[{"embeddable":true,"href":"https:\/\/fashiongold.lt\/et\/wp-json\/wp\/v2\/media\/60175"}],"wp:attachment":[{"href":"https:\/\/fashiongold.lt\/et\/wp-json\/wp\/v2\/media?parent=287568"}],"wp:term":[{"taxonomy":"product_brand","embeddable":true,"href":"https:\/\/fashiongold.lt\/et\/wp-json\/wp\/v2\/product_brand?post=287568"},{"taxonomy":"product_cat","embeddable":true,"href":"https:\/\/fashiongold.lt\/et\/wp-json\/wp\/v2\/product_cat?post=287568"},{"taxonomy":"product_tag","embeddable":true,"href":"https:\/\/fashiongold.lt\/et\/wp-json\/wp\/v2\/product_tag?post=287568"}],"curies":[{"name":"wp","href":"https:\/\/api.w.org\/{rel}","templated":true}]}}