{"id":287693,"date":"2025-10-09T19:13:32","date_gmt":"2025-10-09T19:13:32","guid":{"rendered":"https:\/\/fashiongold.lt\/papuosalas\/eritellimus-abiellumissormused-sarunas-ja-nerija-045-ct-hind-on-kahe-sormuse-kohta\/"},"modified":"2025-10-09T19:13:32","modified_gmt":"2025-10-09T19:13:32","slug":"eritellimus-abiellumissormused-sarunas-ja-nerija-045-ct-hind-on-kahe-sormuse-kohta","status":"publish","type":"product","link":"https:\/\/fashiongold.lt\/et\/papuosalas\/eritellimus-abiellumissormused-sarunas-ja-nerija-045-ct-hind-on-kahe-sormuse-kohta\/","title":{"rendered":"ERITELLIMUS ABIELLUMISS\u00d5RMUSED \u2013 \u0160AR\u016aNAS JA NERIJA (0,45 ct) (HIND ON KAHE S\u00d5RMUSE KOHTA)"},"content":{"rendered":"<p>Laiad, stiilsed, massiivsed ja luksuslikud abielus\u00f5rmused \u2013 neid saate osta Vilniuses, salongis \u201eFashion Gold\u201c. S\u00f5rmuste disainilahendused \u00fchendavad valge ja kollase kulla \u00f5rna kontrasti, peent disaini ja erakordset reljeefi. Briljantidega naiste abielus\u00f5rmus on kaasaegse s\u00f5rmuse imeline aktsent. Valmistamisaeg on 14 t\u00f6\u00f6p\u00e4eva, kiirtellimusena saame valmistada 3 t\u00f6\u00f6p\u00e4evaga.\u00a0<\/p>\n","protected":false},"excerpt":{"rendered":"<p>Laiad, stiilsed, massiivsed ja luksuslikud abielus\u00f5rmused \u2013 neid saate osta Vilniusest, \u201eFashion Gold\u201c salongist. S\u00f5rmuste disainilahendused \u00fchendavad valge ja kollase kulla \u00f5rna kontrasti, peent disaini ja erakordset reljeefi. Naiste abielus\u00f5rmus 0,45 ct briljantidega on suurep\u00e4rane kaasaegse s\u00f5rmuse aktsent.<\/p>\n","protected":false},"featured_media":59599,"template":"","meta":{"site-sidebar-layout":"","site-content-layout":"","ast-site-content-layout":"","site-content-style":"","site-sidebar-style":"","ast-global-header-display":"","ast-banner-title-visibility":"","ast-main-header-display":"","ast-hfb-above-header-display":"","ast-hfb-below-header-display":"","ast-hfb-mobile-header-display":"","site-post-title":"","ast-breadcrumbs-content":"","ast-featured-img":"","footer-sml-layout":"","ast-disable-related-posts":"","theme-transparent-header-meta":"","adv-header-id-meta":"","stick-header-meta":"","header-above-stick-meta":"","header-main-stick-meta":"","header-below-stick-meta":"","astra-migrate-meta-layouts":"default","ast-page-background-enabled":"default","ast-page-background-meta":{"desktop":{"background-color":"var(--ast-global-color-4)","background-image":"","background-repeat":"repeat","background-position":"center center","background-size":"auto","background-attachment":"scroll","background-type":"","background-media":"","overlay-type":"","overlay-color":"","overlay-opacity":"","overlay-gradient":""},"tablet":{"background-color":"","background-image":"","background-repeat":"repeat","background-position":"center center","background-size":"auto","background-attachment":"scroll","background-type":"","background-media":"","overlay-type":"","overlay-color":"","overlay-opacity":"","overlay-gradient":""},"mobile":{"background-color":"","background-image":"","background-repeat":"repeat","background-position":"center center","background-size":"auto","background-attachment":"scroll","background-type":"","background-media":"","overlay-type":"","overlay-color":"","overlay-opacity":"","overlay-gradient":""}},"ast-content-background-meta":{"desktop":{"background-color":"var(--ast-global-color-5)","background-image":"","background-repeat":"repeat","background-position":"center center","background-size":"auto","background-attachment":"scroll","background-type":"","background-media":"","overlay-type":"","overlay-color":"","overlay-opacity":"","overlay-gradient":""},"tablet":{"background-color":"var(--ast-global-color-5)","background-image":"","background-repeat":"repeat","background-position":"center center","background-size":"auto","background-attachment":"scroll","background-type":"","background-media":"","overlay-type":"","overlay-color":"","overlay-opacity":"","overlay-gradient":""},"mobile":{"background-color":"var(--ast-global-color-5)","background-image":"","background-repeat":"repeat","background-position":"center center","background-size":"auto","background-attachment":"scroll","background-type":"","background-media":"","overlay-type":"","overlay-color":"","overlay-opacity":"","overlay-gradient":""}}},"product_brand":[],"product_cat":[3594,3595,3739,3597,4057],"product_tag":[],"class_list":{"0":"post-287693","1":"product","2":"type-product","3":"status-publish","4":"has-post-thumbnail","6":"product_cat-abielusormused","7":"product_cat-abielusormused-paaridele","8":"product_cat-eksklusiivsed-abielusormused-disainerite-loodud","9":"product_cat-modernsed-pulmasormused","10":"product_cat-tehtud-tood-abielusormused","11":"desktop-align-center","12":"tablet-align-left","13":"mobile-align-left","14":"ast-product-gallery-layout-horizontal-slider","15":"ast-product-gallery-with-no-image","16":"ast-product-tabs-layout-accordion","17":"ast-qv-on-image","19":"first","20":"instock","21":"taxable","22":"shipping-taxable","23":"purchasable","24":"product-type-simple"},"yoast_head":"<!-- This site is optimized with the Yoast SEO plugin v26.6 - https:\/\/yoast.com\/wordpress\/plugins\/seo\/ -->\n<title>Abielus\u00f5rmused eritellimusel I Fashion Gold<\/title>\n<meta name=\"description\" content=\"Abielus\u00f5rmuste valmistamine tellimust\u00f6\u00f6na. K\u00e4sit\u00f6\u00f6. Individuaalsed tellimused. K\u00f5rgeim kvaliteet. Valmistamise t\u00e4htaeg 14 t\u00f6\u00f6p\u00e4eva. Valmistatud Leedus. 30 aastat kogemust.\" \/>\n<meta name=\"robots\" content=\"index, follow, max-snippet:-1, max-image-preview:large, max-video-preview:-1\" \/>\n<link rel=\"canonical\" href=\"https:\/\/fashiongold.lt\/et\/papuosalas\/eritellimus-abiellumissormused-sarunas-ja-nerija-045-ct-hind-on-kahe-sormuse-kohta\/\" \/>\n<meta property=\"og:locale\" content=\"et_EE\" \/>\n<meta property=\"og:type\" content=\"article\" \/>\n<meta property=\"og:title\" content=\"Abielus\u00f5rmused eritellimusel I Fashion Gold\" \/>\n<meta property=\"og:description\" content=\"Abielus\u00f5rmuste valmistamine tellimust\u00f6\u00f6na. K\u00e4sit\u00f6\u00f6. Individuaalsed tellimused. K\u00f5rgeim kvaliteet. Valmistamise t\u00e4htaeg 14 t\u00f6\u00f6p\u00e4eva. Valmistatud Leedus. 30 aastat kogemust.\" \/>\n<meta property=\"og:url\" content=\"https:\/\/fashiongold.lt\/et\/papuosalas\/eritellimus-abiellumissormused-sarunas-ja-nerija-045-ct-hind-on-kahe-sormuse-kohta\/\" \/>\n<meta property=\"og:site_name\" content=\"FashionGold.lt\" \/>\n<meta property=\"og:image\" content=\"https:\/\/fashiongold.lt\/wp-content\/uploads\/2025\/10\/2098-31e-SARUNO-IR-NERIJOS-VESTUVINIAI-ZIEDAI.webp\" \/>\n\t<meta property=\"og:image:width\" content=\"2454\" \/>\n\t<meta property=\"og:image:height\" content=\"2454\" \/>\n\t<meta property=\"og:image:type\" content=\"image\/jpeg\" \/>\n<meta name=\"twitter:card\" content=\"summary_large_image\" \/>\n<script type=\"application\/ld+json\" class=\"yoast-schema-graph\">{\"@context\":\"https:\/\/schema.org\",\"@graph\":[{\"@type\":\"WebPage\",\"@id\":\"https:\/\/fashiongold.lt\/et\/papuosalas\/eritellimus-abiellumissormused-sarunas-ja-nerija-045-ct-hind-on-kahe-sormuse-kohta\/\",\"url\":\"https:\/\/fashiongold.lt\/et\/papuosalas\/eritellimus-abiellumissormused-sarunas-ja-nerija-045-ct-hind-on-kahe-sormuse-kohta\/\",\"name\":\"Abielus\u00f5rmused eritellimusel I Fashion Gold\",\"isPartOf\":{\"@id\":\"https:\/\/fashiongold.lt\/et\/#website\"},\"primaryImageOfPage\":{\"@id\":\"https:\/\/fashiongold.lt\/et\/papuosalas\/eritellimus-abiellumissormused-sarunas-ja-nerija-045-ct-hind-on-kahe-sormuse-kohta\/#primaryimage\"},\"image\":{\"@id\":\"https:\/\/fashiongold.lt\/et\/papuosalas\/eritellimus-abiellumissormused-sarunas-ja-nerija-045-ct-hind-on-kahe-sormuse-kohta\/#primaryimage\"},\"thumbnailUrl\":\"https:\/\/fashiongold.lt\/wp-content\/uploads\/2025\/10\/2098-31e-SARUNO-IR-NERIJOS-VESTUVINIAI-ZIEDAI.jpg\",\"datePublished\":\"2025-10-09T19:13:32+00:00\",\"description\":\"Abielus\u00f5rmuste valmistamine tellimust\u00f6\u00f6na. K\u00e4sit\u00f6\u00f6. Individuaalsed tellimused. K\u00f5rgeim kvaliteet. Valmistamise t\u00e4htaeg 14 t\u00f6\u00f6p\u00e4eva. Valmistatud Leedus. 30 aastat kogemust.\",\"breadcrumb\":{\"@id\":\"https:\/\/fashiongold.lt\/et\/papuosalas\/eritellimus-abiellumissormused-sarunas-ja-nerija-045-ct-hind-on-kahe-sormuse-kohta\/#breadcrumb\"},\"inLanguage\":\"et\",\"potentialAction\":[{\"@type\":\"ReadAction\",\"target\":[\"https:\/\/fashiongold.lt\/et\/papuosalas\/eritellimus-abiellumissormused-sarunas-ja-nerija-045-ct-hind-on-kahe-sormuse-kohta\/\"]}]},{\"@type\":\"ImageObject\",\"inLanguage\":\"et\",\"@id\":\"https:\/\/fashiongold.lt\/et\/papuosalas\/eritellimus-abiellumissormused-sarunas-ja-nerija-045-ct-hind-on-kahe-sormuse-kohta\/#primaryimage\",\"url\":\"https:\/\/fashiongold.lt\/wp-content\/uploads\/2025\/10\/2098-31e-SARUNO-IR-NERIJOS-VESTUVINIAI-ZIEDAI.jpg\",\"contentUrl\":\"https:\/\/fashiongold.lt\/wp-content\/uploads\/2025\/10\/2098-31e-SARUNO-IR-NERIJOS-VESTUVINIAI-ZIEDAI.jpg\",\"width\":2454,\"height\":2454},{\"@type\":\"BreadcrumbList\",\"@id\":\"https:\/\/fashiongold.lt\/et\/papuosalas\/eritellimus-abiellumissormused-sarunas-ja-nerija-045-ct-hind-on-kahe-sormuse-kohta\/#breadcrumb\",\"itemListElement\":[{\"@type\":\"ListItem\",\"position\":1,\"name\":\"Home\",\"item\":\"https:\/\/fashiongold.lt\/et\/\"},{\"@type\":\"ListItem\",\"position\":2,\"name\":\"Teemantide pood Fashiongold.lt\",\"item\":\"https:\/\/fashiongold.lt\/shop-2\/\"},{\"@type\":\"ListItem\",\"position\":3,\"name\":\"ERITELLIMUS ABIELLUMISS\u00d5RMUSED \u2013 \u0160AR\u016aNAS JA NERIJA (0,45 ct) (HIND ON KAHE S\u00d5RMUSE KOHTA)\"}]},{\"@type\":\"WebSite\",\"@id\":\"https:\/\/fashiongold.lt\/et\/#website\",\"url\":\"https:\/\/fashiongold.lt\/et\/\",\"name\":\"Fashion Gold\",\"description\":\"Juvelyrikos namai\",\"publisher\":{\"@id\":\"https:\/\/fashiongold.lt\/et\/#organization\"},\"potentialAction\":[{\"@type\":\"SearchAction\",\"target\":{\"@type\":\"EntryPoint\",\"urlTemplate\":\"https:\/\/fashiongold.lt\/et\/?s={search_term_string}\"},\"query-input\":{\"@type\":\"PropertyValueSpecification\",\"valueRequired\":true,\"valueName\":\"search_term_string\"}}],\"inLanguage\":\"et\"},{\"@type\":\"Organization\",\"@id\":\"https:\/\/fashiongold.lt\/et\/#organization\",\"name\":\"Topdiamonds Online\",\"url\":\"https:\/\/fashiongold.lt\/et\/\",\"logo\":{\"@type\":\"ImageObject\",\"inLanguage\":\"et\",\"@id\":\"https:\/\/fashiongold.lt\/et\/#\/schema\/logo\/image\/\",\"url\":\"https:\/\/fashiongold.lt\/wp-content\/uploads\/2025\/04\/cropped-fashion_gold_logotipas2-scaled-1.png\",\"contentUrl\":\"https:\/\/fashiongold.lt\/wp-content\/uploads\/2025\/04\/cropped-fashion_gold_logotipas2-scaled-1.png\",\"width\":2559,\"height\":421,\"caption\":\"Topdiamonds Online\"},\"image\":{\"@id\":\"https:\/\/fashiongold.lt\/et\/#\/schema\/logo\/image\/\"}}]}<\/script>\n<!-- \/ Yoast SEO plugin. -->","yoast_head_json":{"title":"Abielus\u00f5rmused eritellimusel I Fashion Gold","description":"Abielus\u00f5rmuste valmistamine tellimust\u00f6\u00f6na. K\u00e4sit\u00f6\u00f6. Individuaalsed tellimused. K\u00f5rgeim kvaliteet. Valmistamise t\u00e4htaeg 14 t\u00f6\u00f6p\u00e4eva. Valmistatud Leedus. 30 aastat kogemust.","robots":{"index":"index","follow":"follow","max-snippet":"max-snippet:-1","max-image-preview":"max-image-preview:large","max-video-preview":"max-video-preview:-1"},"canonical":"https:\/\/fashiongold.lt\/et\/papuosalas\/eritellimus-abiellumissormused-sarunas-ja-nerija-045-ct-hind-on-kahe-sormuse-kohta\/","og_locale":"et_EE","og_type":"article","og_title":"Abielus\u00f5rmused eritellimusel I Fashion Gold","og_description":"Abielus\u00f5rmuste valmistamine tellimust\u00f6\u00f6na. K\u00e4sit\u00f6\u00f6. Individuaalsed tellimused. K\u00f5rgeim kvaliteet. Valmistamise t\u00e4htaeg 14 t\u00f6\u00f6p\u00e4eva. Valmistatud Leedus. 30 aastat kogemust.","og_url":"https:\/\/fashiongold.lt\/et\/papuosalas\/eritellimus-abiellumissormused-sarunas-ja-nerija-045-ct-hind-on-kahe-sormuse-kohta\/","og_site_name":"FashionGold.lt","og_image":[{"width":2454,"height":2454,"url":"https:\/\/fashiongold.lt\/wp-content\/uploads\/2025\/10\/2098-31e-SARUNO-IR-NERIJOS-VESTUVINIAI-ZIEDAI.webp","type":"image\/jpeg"}],"twitter_card":"summary_large_image","schema":{"@context":"https:\/\/schema.org","@graph":[{"@type":"WebPage","@id":"https:\/\/fashiongold.lt\/et\/papuosalas\/eritellimus-abiellumissormused-sarunas-ja-nerija-045-ct-hind-on-kahe-sormuse-kohta\/","url":"https:\/\/fashiongold.lt\/et\/papuosalas\/eritellimus-abiellumissormused-sarunas-ja-nerija-045-ct-hind-on-kahe-sormuse-kohta\/","name":"Abielus\u00f5rmused eritellimusel I Fashion Gold","isPartOf":{"@id":"https:\/\/fashiongold.lt\/et\/#website"},"primaryImageOfPage":{"@id":"https:\/\/fashiongold.lt\/et\/papuosalas\/eritellimus-abiellumissormused-sarunas-ja-nerija-045-ct-hind-on-kahe-sormuse-kohta\/#primaryimage"},"image":{"@id":"https:\/\/fashiongold.lt\/et\/papuosalas\/eritellimus-abiellumissormused-sarunas-ja-nerija-045-ct-hind-on-kahe-sormuse-kohta\/#primaryimage"},"thumbnailUrl":"https:\/\/fashiongold.lt\/wp-content\/uploads\/2025\/10\/2098-31e-SARUNO-IR-NERIJOS-VESTUVINIAI-ZIEDAI.jpg","datePublished":"2025-10-09T19:13:32+00:00","description":"Abielus\u00f5rmuste valmistamine tellimust\u00f6\u00f6na. K\u00e4sit\u00f6\u00f6. Individuaalsed tellimused. K\u00f5rgeim kvaliteet. Valmistamise t\u00e4htaeg 14 t\u00f6\u00f6p\u00e4eva. Valmistatud Leedus. 30 aastat kogemust.","breadcrumb":{"@id":"https:\/\/fashiongold.lt\/et\/papuosalas\/eritellimus-abiellumissormused-sarunas-ja-nerija-045-ct-hind-on-kahe-sormuse-kohta\/#breadcrumb"},"inLanguage":"et","potentialAction":[{"@type":"ReadAction","target":["https:\/\/fashiongold.lt\/et\/papuosalas\/eritellimus-abiellumissormused-sarunas-ja-nerija-045-ct-hind-on-kahe-sormuse-kohta\/"]}]},{"@type":"ImageObject","inLanguage":"et","@id":"https:\/\/fashiongold.lt\/et\/papuosalas\/eritellimus-abiellumissormused-sarunas-ja-nerija-045-ct-hind-on-kahe-sormuse-kohta\/#primaryimage","url":"https:\/\/fashiongold.lt\/wp-content\/uploads\/2025\/10\/2098-31e-SARUNO-IR-NERIJOS-VESTUVINIAI-ZIEDAI.jpg","contentUrl":"https:\/\/fashiongold.lt\/wp-content\/uploads\/2025\/10\/2098-31e-SARUNO-IR-NERIJOS-VESTUVINIAI-ZIEDAI.jpg","width":2454,"height":2454},{"@type":"BreadcrumbList","@id":"https:\/\/fashiongold.lt\/et\/papuosalas\/eritellimus-abiellumissormused-sarunas-ja-nerija-045-ct-hind-on-kahe-sormuse-kohta\/#breadcrumb","itemListElement":[{"@type":"ListItem","position":1,"name":"Home","item":"https:\/\/fashiongold.lt\/et\/"},{"@type":"ListItem","position":2,"name":"Teemantide pood Fashiongold.lt","item":"https:\/\/fashiongold.lt\/shop-2\/"},{"@type":"ListItem","position":3,"name":"ERITELLIMUS ABIELLUMISS\u00d5RMUSED \u2013 \u0160AR\u016aNAS JA NERIJA (0,45 ct) (HIND ON KAHE S\u00d5RMUSE KOHTA)"}]},{"@type":"WebSite","@id":"https:\/\/fashiongold.lt\/et\/#website","url":"https:\/\/fashiongold.lt\/et\/","name":"Fashion Gold","description":"Juvelyrikos namai","publisher":{"@id":"https:\/\/fashiongold.lt\/et\/#organization"},"potentialAction":[{"@type":"SearchAction","target":{"@type":"EntryPoint","urlTemplate":"https:\/\/fashiongold.lt\/et\/?s={search_term_string}"},"query-input":{"@type":"PropertyValueSpecification","valueRequired":true,"valueName":"search_term_string"}}],"inLanguage":"et"},{"@type":"Organization","@id":"https:\/\/fashiongold.lt\/et\/#organization","name":"Topdiamonds Online","url":"https:\/\/fashiongold.lt\/et\/","logo":{"@type":"ImageObject","inLanguage":"et","@id":"https:\/\/fashiongold.lt\/et\/#\/schema\/logo\/image\/","url":"https:\/\/fashiongold.lt\/wp-content\/uploads\/2025\/04\/cropped-fashion_gold_logotipas2-scaled-1.png","contentUrl":"https:\/\/fashiongold.lt\/wp-content\/uploads\/2025\/04\/cropped-fashion_gold_logotipas2-scaled-1.png","width":2559,"height":421,"caption":"Topdiamonds Online"},"image":{"@id":"https:\/\/fashiongold.lt\/et\/#\/schema\/logo\/image\/"}}]}},"_links":{"self":[{"href":"https:\/\/fashiongold.lt\/et\/wp-json\/wp\/v2\/product\/287693","targetHints":{"allow":["GET"]}}],"collection":[{"href":"https:\/\/fashiongold.lt\/et\/wp-json\/wp\/v2\/product"}],"about":[{"href":"https:\/\/fashiongold.lt\/et\/wp-json\/wp\/v2\/types\/product"}],"version-history":[{"count":0,"href":"https:\/\/fashiongold.lt\/et\/wp-json\/wp\/v2\/product\/287693\/revisions"}],"wp:featuredmedia":[{"embeddable":true,"href":"https:\/\/fashiongold.lt\/et\/wp-json\/wp\/v2\/media\/59599"}],"wp:attachment":[{"href":"https:\/\/fashiongold.lt\/et\/wp-json\/wp\/v2\/media?parent=287693"}],"wp:term":[{"taxonomy":"product_brand","embeddable":true,"href":"https:\/\/fashiongold.lt\/et\/wp-json\/wp\/v2\/product_brand?post=287693"},{"taxonomy":"product_cat","embeddable":true,"href":"https:\/\/fashiongold.lt\/et\/wp-json\/wp\/v2\/product_cat?post=287693"},{"taxonomy":"product_tag","embeddable":true,"href":"https:\/\/fashiongold.lt\/et\/wp-json\/wp\/v2\/product_tag?post=287693"}],"curies":[{"name":"wp","href":"https:\/\/api.w.org\/{rel}","templated":true}]}}