{"id":287738,"date":"2025-10-09T19:13:07","date_gmt":"2025-10-09T19:13:07","guid":{"rendered":"https:\/\/fashiongold.lt\/papuosalas\/abielusormuste-individuaaltellimus-dovydas-ja-ilona-hind-on-margitud-kahe-sormuse-eest\/"},"modified":"2025-10-09T19:13:07","modified_gmt":"2025-10-09T19:13:07","slug":"abielusormuste-individuaaltellimus-dovydas-ja-ilona-hind-on-margitud-kahe-sormuse-eest","status":"publish","type":"product","link":"https:\/\/fashiongold.lt\/et\/papuosalas\/abielusormuste-individuaaltellimus-dovydas-ja-ilona-hind-on-margitud-kahe-sormuse-eest\/","title":{"rendered":"ABIELUS\u00d5RMUSTE INDIVIDUAALTELLIMUS \u2013 DOVYDAS JA ILONA (HIND ON M\u00c4RGITUD KAHE S\u00d5RMUSE EEST)"},"content":{"rendered":"<p>Kuldsed abielus\u00f5rmused. Valge kuld \u00f5hkab luksust, mida r\u00f5hutavad veelgi s\u00f5rmuste laius ja massiivsus. Ainulaadsust lisab s\u00f5rmej\u00e4lgi imiteeriv s\u00f5rmuste pind. Need abielus\u00f5rmused meeldivad neile, kes armastavad silmapaistvaid ja pilkup\u00fc\u00fcdvaid ehteid. Valmistamisaeg on 14 t\u00f6\u00f6p\u00e4eva, kiireloomulise tellimusena saame valmistada 3 t\u00f6\u00f6p\u00e4evaga. <\/p>\n","protected":false},"excerpt":{"rendered":"<p>Kuldsed abielus\u00f5rmused. Valge kuld \u00f5hkab luksust, mida r\u00f5hutavad veelgi s\u00f5rmuste laius ja massiivsus. Ainulaadsust lisab s\u00f5rmej\u00e4lgi imiteeriv s\u00f5rmuste pind. Need abielus\u00f5rmused meeldivad neile, kes armastavad silmapaistvaid ja pilkup\u00fc\u00fcdvaid ehteid.\u00a0<\/p>\n","protected":false},"featured_media":59484,"template":"","meta":{"site-sidebar-layout":"","site-content-layout":"","ast-site-content-layout":"","site-content-style":"","site-sidebar-style":"","ast-global-header-display":"","ast-banner-title-visibility":"","ast-main-header-display":"","ast-hfb-above-header-display":"","ast-hfb-below-header-display":"","ast-hfb-mobile-header-display":"","site-post-title":"","ast-breadcrumbs-content":"","ast-featured-img":"","footer-sml-layout":"","ast-disable-related-posts":"","theme-transparent-header-meta":"","adv-header-id-meta":"","stick-header-meta":"","header-above-stick-meta":"","header-main-stick-meta":"","header-below-stick-meta":"","astra-migrate-meta-layouts":"default","ast-page-background-enabled":"default","ast-page-background-meta":{"desktop":{"background-color":"var(--ast-global-color-4)","background-image":"","background-repeat":"repeat","background-position":"center center","background-size":"auto","background-attachment":"scroll","background-type":"","background-media":"","overlay-type":"","overlay-color":"","overlay-opacity":"","overlay-gradient":""},"tablet":{"background-color":"","background-image":"","background-repeat":"repeat","background-position":"center center","background-size":"auto","background-attachment":"scroll","background-type":"","background-media":"","overlay-type":"","overlay-color":"","overlay-opacity":"","overlay-gradient":""},"mobile":{"background-color":"","background-image":"","background-repeat":"repeat","background-position":"center center","background-size":"auto","background-attachment":"scroll","background-type":"","background-media":"","overlay-type":"","overlay-color":"","overlay-opacity":"","overlay-gradient":""}},"ast-content-background-meta":{"desktop":{"background-color":"var(--ast-global-color-5)","background-image":"","background-repeat":"repeat","background-position":"center center","background-size":"auto","background-attachment":"scroll","background-type":"","background-media":"","overlay-type":"","overlay-color":"","overlay-opacity":"","overlay-gradient":""},"tablet":{"background-color":"var(--ast-global-color-5)","background-image":"","background-repeat":"repeat","background-position":"center center","background-size":"auto","background-attachment":"scroll","background-type":"","background-media":"","overlay-type":"","overlay-color":"","overlay-opacity":"","overlay-gradient":""},"mobile":{"background-color":"var(--ast-global-color-5)","background-image":"","background-repeat":"repeat","background-position":"center center","background-size":"auto","background-attachment":"scroll","background-type":"","background-media":"","overlay-type":"","overlay-color":"","overlay-opacity":"","overlay-gradient":""}}},"product_brand":[],"product_cat":[3594,4057],"product_tag":[],"class_list":{"0":"post-287738","1":"product","2":"type-product","3":"status-publish","4":"has-post-thumbnail","6":"product_cat-abielusormused","7":"product_cat-tehtud-tood-abielusormused","8":"desktop-align-center","9":"tablet-align-left","10":"mobile-align-left","11":"ast-product-gallery-layout-horizontal-slider","12":"ast-product-gallery-with-no-image","13":"ast-product-tabs-layout-accordion","14":"ast-qv-on-image","16":"first","17":"instock","18":"taxable","19":"shipping-taxable","20":"purchasable","21":"product-type-simple"},"yoast_head":"<!-- This site is optimized with the Yoast SEO plugin v26.6 - https:\/\/yoast.com\/wordpress\/plugins\/seo\/ -->\n<title>Abielus\u00f5rmused s\u00f5rmej\u00e4lgedega I FashionGold dovydase-ja-ilona-abielusormused<\/title>\n<meta name=\"description\" content=\"Abielus\u00f5rmuste valmistamine vastavalt kliendi disainile. K\u00e4sit\u00f6\u00f6. K\u00f5rgeim kvaliteet. Valmistamise t\u00e4htaeg 14 t\u00f6\u00f6p\u00e4eva. \u00dchekordne tasuta s\u00f5rmuse vahetamise garantii.\" \/>\n<meta name=\"robots\" content=\"index, follow, max-snippet:-1, max-image-preview:large, max-video-preview:-1\" \/>\n<link rel=\"canonical\" href=\"https:\/\/fashiongold.lt\/et\/papuosalas\/abielusormuste-individuaaltellimus-dovydas-ja-ilona-hind-on-margitud-kahe-sormuse-eest\/\" \/>\n<meta property=\"og:locale\" content=\"et_EE\" \/>\n<meta property=\"og:type\" content=\"article\" \/>\n<meta property=\"og:title\" content=\"Abielus\u00f5rmused s\u00f5rmej\u00e4lgedega I FashionGold dovydase-ja-ilona-abielusormused\" \/>\n<meta property=\"og:description\" content=\"Abielus\u00f5rmuste valmistamine vastavalt kliendi disainile. K\u00e4sit\u00f6\u00f6. K\u00f5rgeim kvaliteet. Valmistamise t\u00e4htaeg 14 t\u00f6\u00f6p\u00e4eva. \u00dchekordne tasuta s\u00f5rmuse vahetamise garantii.\" \/>\n<meta property=\"og:url\" content=\"https:\/\/fashiongold.lt\/et\/papuosalas\/abielusormuste-individuaaltellimus-dovydas-ja-ilona-hind-on-margitud-kahe-sormuse-eest\/\" \/>\n<meta property=\"og:site_name\" content=\"FashionGold.lt\" \/>\n<meta property=\"og:image\" content=\"https:\/\/fashiongold.lt\/wp-content\/uploads\/2025\/10\/2082-3c8-DOVYDO-IR-ILONOS-VESTUVINIAI-ZIEDAI.webp\" \/>\n\t<meta property=\"og:image:width\" content=\"1010\" \/>\n\t<meta property=\"og:image:height\" content=\"1010\" \/>\n\t<meta property=\"og:image:type\" content=\"image\/jpeg\" \/>\n<meta name=\"twitter:card\" content=\"summary_large_image\" \/>\n<script type=\"application\/ld+json\" class=\"yoast-schema-graph\">{\"@context\":\"https:\/\/schema.org\",\"@graph\":[{\"@type\":\"WebPage\",\"@id\":\"https:\/\/fashiongold.lt\/et\/papuosalas\/abielusormuste-individuaaltellimus-dovydas-ja-ilona-hind-on-margitud-kahe-sormuse-eest\/\",\"url\":\"https:\/\/fashiongold.lt\/et\/papuosalas\/abielusormuste-individuaaltellimus-dovydas-ja-ilona-hind-on-margitud-kahe-sormuse-eest\/\",\"name\":\"Abielus\u00f5rmused s\u00f5rmej\u00e4lgedega I FashionGold dovydase-ja-ilona-abielusormused\",\"isPartOf\":{\"@id\":\"https:\/\/fashiongold.lt\/et\/#website\"},\"primaryImageOfPage\":{\"@id\":\"https:\/\/fashiongold.lt\/et\/papuosalas\/abielusormuste-individuaaltellimus-dovydas-ja-ilona-hind-on-margitud-kahe-sormuse-eest\/#primaryimage\"},\"image\":{\"@id\":\"https:\/\/fashiongold.lt\/et\/papuosalas\/abielusormuste-individuaaltellimus-dovydas-ja-ilona-hind-on-margitud-kahe-sormuse-eest\/#primaryimage\"},\"thumbnailUrl\":\"https:\/\/fashiongold.lt\/wp-content\/uploads\/2025\/10\/2082-3c8-DOVYDO-IR-ILONOS-VESTUVINIAI-ZIEDAI.jpg\",\"datePublished\":\"2025-10-09T19:13:07+00:00\",\"description\":\"Abielus\u00f5rmuste valmistamine vastavalt kliendi disainile. K\u00e4sit\u00f6\u00f6. K\u00f5rgeim kvaliteet. Valmistamise t\u00e4htaeg 14 t\u00f6\u00f6p\u00e4eva. \u00dchekordne tasuta s\u00f5rmuse vahetamise garantii.\",\"breadcrumb\":{\"@id\":\"https:\/\/fashiongold.lt\/et\/papuosalas\/abielusormuste-individuaaltellimus-dovydas-ja-ilona-hind-on-margitud-kahe-sormuse-eest\/#breadcrumb\"},\"inLanguage\":\"et\",\"potentialAction\":[{\"@type\":\"ReadAction\",\"target\":[\"https:\/\/fashiongold.lt\/et\/papuosalas\/abielusormuste-individuaaltellimus-dovydas-ja-ilona-hind-on-margitud-kahe-sormuse-eest\/\"]}]},{\"@type\":\"ImageObject\",\"inLanguage\":\"et\",\"@id\":\"https:\/\/fashiongold.lt\/et\/papuosalas\/abielusormuste-individuaaltellimus-dovydas-ja-ilona-hind-on-margitud-kahe-sormuse-eest\/#primaryimage\",\"url\":\"https:\/\/fashiongold.lt\/wp-content\/uploads\/2025\/10\/2082-3c8-DOVYDO-IR-ILONOS-VESTUVINIAI-ZIEDAI.jpg\",\"contentUrl\":\"https:\/\/fashiongold.lt\/wp-content\/uploads\/2025\/10\/2082-3c8-DOVYDO-IR-ILONOS-VESTUVINIAI-ZIEDAI.jpg\",\"width\":1010,\"height\":1010},{\"@type\":\"BreadcrumbList\",\"@id\":\"https:\/\/fashiongold.lt\/et\/papuosalas\/abielusormuste-individuaaltellimus-dovydas-ja-ilona-hind-on-margitud-kahe-sormuse-eest\/#breadcrumb\",\"itemListElement\":[{\"@type\":\"ListItem\",\"position\":1,\"name\":\"Home\",\"item\":\"https:\/\/fashiongold.lt\/et\/\"},{\"@type\":\"ListItem\",\"position\":2,\"name\":\"Teemantide pood Fashiongold.lt\",\"item\":\"https:\/\/fashiongold.lt\/shop-2\/\"},{\"@type\":\"ListItem\",\"position\":3,\"name\":\"ABIELUS\u00d5RMUSTE INDIVIDUAALTELLIMUS \u2013 DOVYDAS JA ILONA (HIND ON M\u00c4RGITUD KAHE S\u00d5RMUSE EEST)\"}]},{\"@type\":\"WebSite\",\"@id\":\"https:\/\/fashiongold.lt\/et\/#website\",\"url\":\"https:\/\/fashiongold.lt\/et\/\",\"name\":\"Fashion Gold\",\"description\":\"Juvelyrikos namai\",\"publisher\":{\"@id\":\"https:\/\/fashiongold.lt\/et\/#organization\"},\"potentialAction\":[{\"@type\":\"SearchAction\",\"target\":{\"@type\":\"EntryPoint\",\"urlTemplate\":\"https:\/\/fashiongold.lt\/et\/?s={search_term_string}\"},\"query-input\":{\"@type\":\"PropertyValueSpecification\",\"valueRequired\":true,\"valueName\":\"search_term_string\"}}],\"inLanguage\":\"et\"},{\"@type\":\"Organization\",\"@id\":\"https:\/\/fashiongold.lt\/et\/#organization\",\"name\":\"Topdiamonds Online\",\"url\":\"https:\/\/fashiongold.lt\/et\/\",\"logo\":{\"@type\":\"ImageObject\",\"inLanguage\":\"et\",\"@id\":\"https:\/\/fashiongold.lt\/et\/#\/schema\/logo\/image\/\",\"url\":\"https:\/\/fashiongold.lt\/wp-content\/uploads\/2025\/04\/cropped-fashion_gold_logotipas2-scaled-1.png\",\"contentUrl\":\"https:\/\/fashiongold.lt\/wp-content\/uploads\/2025\/04\/cropped-fashion_gold_logotipas2-scaled-1.png\",\"width\":2559,\"height\":421,\"caption\":\"Topdiamonds Online\"},\"image\":{\"@id\":\"https:\/\/fashiongold.lt\/et\/#\/schema\/logo\/image\/\"}}]}<\/script>\n<!-- \/ Yoast SEO plugin. -->","yoast_head_json":{"title":"Abielus\u00f5rmused s\u00f5rmej\u00e4lgedega I FashionGold dovydase-ja-ilona-abielusormused","description":"Abielus\u00f5rmuste valmistamine vastavalt kliendi disainile. K\u00e4sit\u00f6\u00f6. K\u00f5rgeim kvaliteet. Valmistamise t\u00e4htaeg 14 t\u00f6\u00f6p\u00e4eva. \u00dchekordne tasuta s\u00f5rmuse vahetamise garantii.","robots":{"index":"index","follow":"follow","max-snippet":"max-snippet:-1","max-image-preview":"max-image-preview:large","max-video-preview":"max-video-preview:-1"},"canonical":"https:\/\/fashiongold.lt\/et\/papuosalas\/abielusormuste-individuaaltellimus-dovydas-ja-ilona-hind-on-margitud-kahe-sormuse-eest\/","og_locale":"et_EE","og_type":"article","og_title":"Abielus\u00f5rmused s\u00f5rmej\u00e4lgedega I FashionGold dovydase-ja-ilona-abielusormused","og_description":"Abielus\u00f5rmuste valmistamine vastavalt kliendi disainile. K\u00e4sit\u00f6\u00f6. K\u00f5rgeim kvaliteet. Valmistamise t\u00e4htaeg 14 t\u00f6\u00f6p\u00e4eva. \u00dchekordne tasuta s\u00f5rmuse vahetamise garantii.","og_url":"https:\/\/fashiongold.lt\/et\/papuosalas\/abielusormuste-individuaaltellimus-dovydas-ja-ilona-hind-on-margitud-kahe-sormuse-eest\/","og_site_name":"FashionGold.lt","og_image":[{"width":1010,"height":1010,"url":"https:\/\/fashiongold.lt\/wp-content\/uploads\/2025\/10\/2082-3c8-DOVYDO-IR-ILONOS-VESTUVINIAI-ZIEDAI.webp","type":"image\/jpeg"}],"twitter_card":"summary_large_image","schema":{"@context":"https:\/\/schema.org","@graph":[{"@type":"WebPage","@id":"https:\/\/fashiongold.lt\/et\/papuosalas\/abielusormuste-individuaaltellimus-dovydas-ja-ilona-hind-on-margitud-kahe-sormuse-eest\/","url":"https:\/\/fashiongold.lt\/et\/papuosalas\/abielusormuste-individuaaltellimus-dovydas-ja-ilona-hind-on-margitud-kahe-sormuse-eest\/","name":"Abielus\u00f5rmused s\u00f5rmej\u00e4lgedega I FashionGold dovydase-ja-ilona-abielusormused","isPartOf":{"@id":"https:\/\/fashiongold.lt\/et\/#website"},"primaryImageOfPage":{"@id":"https:\/\/fashiongold.lt\/et\/papuosalas\/abielusormuste-individuaaltellimus-dovydas-ja-ilona-hind-on-margitud-kahe-sormuse-eest\/#primaryimage"},"image":{"@id":"https:\/\/fashiongold.lt\/et\/papuosalas\/abielusormuste-individuaaltellimus-dovydas-ja-ilona-hind-on-margitud-kahe-sormuse-eest\/#primaryimage"},"thumbnailUrl":"https:\/\/fashiongold.lt\/wp-content\/uploads\/2025\/10\/2082-3c8-DOVYDO-IR-ILONOS-VESTUVINIAI-ZIEDAI.jpg","datePublished":"2025-10-09T19:13:07+00:00","description":"Abielus\u00f5rmuste valmistamine vastavalt kliendi disainile. K\u00e4sit\u00f6\u00f6. K\u00f5rgeim kvaliteet. Valmistamise t\u00e4htaeg 14 t\u00f6\u00f6p\u00e4eva. \u00dchekordne tasuta s\u00f5rmuse vahetamise garantii.","breadcrumb":{"@id":"https:\/\/fashiongold.lt\/et\/papuosalas\/abielusormuste-individuaaltellimus-dovydas-ja-ilona-hind-on-margitud-kahe-sormuse-eest\/#breadcrumb"},"inLanguage":"et","potentialAction":[{"@type":"ReadAction","target":["https:\/\/fashiongold.lt\/et\/papuosalas\/abielusormuste-individuaaltellimus-dovydas-ja-ilona-hind-on-margitud-kahe-sormuse-eest\/"]}]},{"@type":"ImageObject","inLanguage":"et","@id":"https:\/\/fashiongold.lt\/et\/papuosalas\/abielusormuste-individuaaltellimus-dovydas-ja-ilona-hind-on-margitud-kahe-sormuse-eest\/#primaryimage","url":"https:\/\/fashiongold.lt\/wp-content\/uploads\/2025\/10\/2082-3c8-DOVYDO-IR-ILONOS-VESTUVINIAI-ZIEDAI.jpg","contentUrl":"https:\/\/fashiongold.lt\/wp-content\/uploads\/2025\/10\/2082-3c8-DOVYDO-IR-ILONOS-VESTUVINIAI-ZIEDAI.jpg","width":1010,"height":1010},{"@type":"BreadcrumbList","@id":"https:\/\/fashiongold.lt\/et\/papuosalas\/abielusormuste-individuaaltellimus-dovydas-ja-ilona-hind-on-margitud-kahe-sormuse-eest\/#breadcrumb","itemListElement":[{"@type":"ListItem","position":1,"name":"Home","item":"https:\/\/fashiongold.lt\/et\/"},{"@type":"ListItem","position":2,"name":"Teemantide pood Fashiongold.lt","item":"https:\/\/fashiongold.lt\/shop-2\/"},{"@type":"ListItem","position":3,"name":"ABIELUS\u00d5RMUSTE INDIVIDUAALTELLIMUS \u2013 DOVYDAS JA ILONA (HIND ON M\u00c4RGITUD KAHE S\u00d5RMUSE EEST)"}]},{"@type":"WebSite","@id":"https:\/\/fashiongold.lt\/et\/#website","url":"https:\/\/fashiongold.lt\/et\/","name":"Fashion Gold","description":"Juvelyrikos namai","publisher":{"@id":"https:\/\/fashiongold.lt\/et\/#organization"},"potentialAction":[{"@type":"SearchAction","target":{"@type":"EntryPoint","urlTemplate":"https:\/\/fashiongold.lt\/et\/?s={search_term_string}"},"query-input":{"@type":"PropertyValueSpecification","valueRequired":true,"valueName":"search_term_string"}}],"inLanguage":"et"},{"@type":"Organization","@id":"https:\/\/fashiongold.lt\/et\/#organization","name":"Topdiamonds Online","url":"https:\/\/fashiongold.lt\/et\/","logo":{"@type":"ImageObject","inLanguage":"et","@id":"https:\/\/fashiongold.lt\/et\/#\/schema\/logo\/image\/","url":"https:\/\/fashiongold.lt\/wp-content\/uploads\/2025\/04\/cropped-fashion_gold_logotipas2-scaled-1.png","contentUrl":"https:\/\/fashiongold.lt\/wp-content\/uploads\/2025\/04\/cropped-fashion_gold_logotipas2-scaled-1.png","width":2559,"height":421,"caption":"Topdiamonds Online"},"image":{"@id":"https:\/\/fashiongold.lt\/et\/#\/schema\/logo\/image\/"}}]}},"_links":{"self":[{"href":"https:\/\/fashiongold.lt\/et\/wp-json\/wp\/v2\/product\/287738","targetHints":{"allow":["GET"]}}],"collection":[{"href":"https:\/\/fashiongold.lt\/et\/wp-json\/wp\/v2\/product"}],"about":[{"href":"https:\/\/fashiongold.lt\/et\/wp-json\/wp\/v2\/types\/product"}],"version-history":[{"count":0,"href":"https:\/\/fashiongold.lt\/et\/wp-json\/wp\/v2\/product\/287738\/revisions"}],"wp:featuredmedia":[{"embeddable":true,"href":"https:\/\/fashiongold.lt\/et\/wp-json\/wp\/v2\/media\/59484"}],"wp:attachment":[{"href":"https:\/\/fashiongold.lt\/et\/wp-json\/wp\/v2\/media?parent=287738"}],"wp:term":[{"taxonomy":"product_brand","embeddable":true,"href":"https:\/\/fashiongold.lt\/et\/wp-json\/wp\/v2\/product_brand?post=287738"},{"taxonomy":"product_cat","embeddable":true,"href":"https:\/\/fashiongold.lt\/et\/wp-json\/wp\/v2\/product_cat?post=287738"},{"taxonomy":"product_tag","embeddable":true,"href":"https:\/\/fashiongold.lt\/et\/wp-json\/wp\/v2\/product_tag?post=287738"}],"curies":[{"name":"wp","href":"https:\/\/api.w.org\/{rel}","templated":true}]}}