{"id":287758,"date":"2025-10-09T19:12:17","date_gmt":"2025-10-09T19:12:17","guid":{"rendered":"https:\/\/fashiongold.lt\/papuosalas\/abielusormuste-eritellimus-martynas-ja-laima-023-ct-hind-on-margitud-kahe-sormuse-kohta\/"},"modified":"2025-10-09T19:12:17","modified_gmt":"2025-10-09T19:12:17","slug":"abielusormuste-eritellimus-martynas-ja-laima-023-ct-hind-on-margitud-kahe-sormuse-kohta","status":"publish","type":"product","link":"https:\/\/fashiongold.lt\/et\/papuosalas\/abielusormuste-eritellimus-martynas-ja-laima-023-ct-hind-on-margitud-kahe-sormuse-kohta\/","title":{"rendered":"ABIELUS\u00d5RMUSTE ERITELLIMUS \u2013 MARTYNAS JA LAIMA (0,23 ct) (HIND ON M\u00c4RGITUD KAHE S\u00d5RMUSE KOHTA)"},"content":{"rendered":"<p>Punasest kullast abielus\u00f5rmused, milles kohtuvad klassika ja luksus. Meeste klassikaline s\u00f5rmus l\u00e4igib imeliselt ja on kumera v\u00e4lispinnaga. Naiste abielus\u00f5rmus on v\u00e4iksemate m\u00f5\u00f5tmetega ja kaunistatud briljantidega. Selline klassika ja briljantide luksuslik kooslus meeldib k\u00f5igile noorpaaridele. Valmistamisaeg 14 t\u00f6\u00f6p\u00e4eva, kiirtellimusena saame valmistada 3 t\u00f6\u00f6p\u00e4evaga.<\/p>\n","protected":false},"excerpt":{"rendered":"<p>Punasest kullast abielus\u00f5rmused, milles kohtuvad klassika ja luksus. Meeste klassikaline s\u00f5rmus l\u00e4igib imeliselt ning sellel on v\u00e4ljapoole kumerduv pind. Naiste abielus\u00f5rmus on v\u00e4iksemate m\u00f5\u00f5tmetega ja briljantidega. See klassika ja briljantide luksuslik kombinatsioon meeldib k\u00f5igile noorpaaridele.<\/p>\n","protected":false},"featured_media":59407,"template":"","meta":{"site-sidebar-layout":"","site-content-layout":"","ast-site-content-layout":"","site-content-style":"","site-sidebar-style":"","ast-global-header-display":"","ast-banner-title-visibility":"","ast-main-header-display":"","ast-hfb-above-header-display":"","ast-hfb-below-header-display":"","ast-hfb-mobile-header-display":"","site-post-title":"","ast-breadcrumbs-content":"","ast-featured-img":"","footer-sml-layout":"","ast-disable-related-posts":"","theme-transparent-header-meta":"","adv-header-id-meta":"","stick-header-meta":"","header-above-stick-meta":"","header-main-stick-meta":"","header-below-stick-meta":"","astra-migrate-meta-layouts":"default","ast-page-background-enabled":"default","ast-page-background-meta":{"desktop":{"background-color":"var(--ast-global-color-4)","background-image":"","background-repeat":"repeat","background-position":"center center","background-size":"auto","background-attachment":"scroll","background-type":"","background-media":"","overlay-type":"","overlay-color":"","overlay-opacity":"","overlay-gradient":""},"tablet":{"background-color":"","background-image":"","background-repeat":"repeat","background-position":"center center","background-size":"auto","background-attachment":"scroll","background-type":"","background-media":"","overlay-type":"","overlay-color":"","overlay-opacity":"","overlay-gradient":""},"mobile":{"background-color":"","background-image":"","background-repeat":"repeat","background-position":"center center","background-size":"auto","background-attachment":"scroll","background-type":"","background-media":"","overlay-type":"","overlay-color":"","overlay-opacity":"","overlay-gradient":""}},"ast-content-background-meta":{"desktop":{"background-color":"var(--ast-global-color-5)","background-image":"","background-repeat":"repeat","background-position":"center center","background-size":"auto","background-attachment":"scroll","background-type":"","background-media":"","overlay-type":"","overlay-color":"","overlay-opacity":"","overlay-gradient":""},"tablet":{"background-color":"var(--ast-global-color-5)","background-image":"","background-repeat":"repeat","background-position":"center center","background-size":"auto","background-attachment":"scroll","background-type":"","background-media":"","overlay-type":"","overlay-color":"","overlay-opacity":"","overlay-gradient":""},"mobile":{"background-color":"var(--ast-global-color-5)","background-image":"","background-repeat":"repeat","background-position":"center center","background-size":"auto","background-attachment":"scroll","background-type":"","background-media":"","overlay-type":"","overlay-color":"","overlay-opacity":"","overlay-gradient":""}}},"product_brand":[],"product_cat":[3594,3595,3596,3593,4057],"product_tag":[],"class_list":{"0":"post-287758","1":"product","2":"type-product","3":"status-publish","4":"has-post-thumbnail","6":"product_cat-abielusormused","7":"product_cat-abielusormused-paaridele","8":"product_cat-abielusormused-teemantidega","9":"product_cat-klassikalised-abielusormused","10":"product_cat-tehtud-tood-abielusormused","11":"desktop-align-center","12":"tablet-align-left","13":"mobile-align-left","14":"ast-product-gallery-layout-horizontal-slider","15":"ast-product-gallery-with-no-image","16":"ast-product-tabs-layout-accordion","17":"ast-qv-on-image","19":"first","20":"instock","21":"taxable","22":"shipping-taxable","23":"purchasable","24":"product-type-simple"},"yoast_head":"<!-- This site is optimized with the Yoast SEO plugin v26.6 - https:\/\/yoast.com\/wordpress\/plugins\/seo\/ -->\n<title>Klassikalised punasest kullast abielus\u00f5rmused | FashionGold<\/title>\n<meta name=\"description\" content=\"Klassikalised, kaasaegsed, eksklusiivsed abielus\u00f5rmused. Eritellimusel valmistamine. K\u00e4sit\u00f6\u00f6. K\u00f5rgeim kvaliteet. Valmistamisaeg 14 t\u00f6\u00f6p\u00e4eva. Valmistatud Leedus.\" \/>\n<meta name=\"robots\" content=\"index, follow, max-snippet:-1, max-image-preview:large, max-video-preview:-1\" \/>\n<link rel=\"canonical\" href=\"https:\/\/fashiongold.lt\/et\/papuosalas\/abielusormuste-eritellimus-martynas-ja-laima-023-ct-hind-on-margitud-kahe-sormuse-kohta\/\" \/>\n<meta property=\"og:locale\" content=\"et_EE\" \/>\n<meta property=\"og:type\" content=\"article\" \/>\n<meta property=\"og:title\" content=\"Klassikalised punasest kullast abielus\u00f5rmused | FashionGold\" \/>\n<meta property=\"og:description\" content=\"Klassikalised, kaasaegsed, eksklusiivsed abielus\u00f5rmused. Eritellimusel valmistamine. K\u00e4sit\u00f6\u00f6. K\u00f5rgeim kvaliteet. Valmistamisaeg 14 t\u00f6\u00f6p\u00e4eva. Valmistatud Leedus.\" \/>\n<meta property=\"og:url\" content=\"https:\/\/fashiongold.lt\/et\/papuosalas\/abielusormuste-eritellimus-martynas-ja-laima-023-ct-hind-on-margitud-kahe-sormuse-kohta\/\" \/>\n<meta property=\"og:site_name\" content=\"FashionGold.lt\" \/>\n<meta property=\"og:image\" content=\"https:\/\/fashiongold.lt\/wp-content\/uploads\/2025\/10\/2073-6de-MARTYNO-IR-LAIMOS-VESTUVINIAI-ZIEDAI.webp\" \/>\n\t<meta property=\"og:image:width\" content=\"900\" \/>\n\t<meta property=\"og:image:height\" content=\"900\" \/>\n\t<meta property=\"og:image:type\" content=\"image\/jpeg\" \/>\n<meta name=\"twitter:card\" content=\"summary_large_image\" \/>\n<script type=\"application\/ld+json\" class=\"yoast-schema-graph\">{\"@context\":\"https:\/\/schema.org\",\"@graph\":[{\"@type\":\"WebPage\",\"@id\":\"https:\/\/fashiongold.lt\/et\/papuosalas\/abielusormuste-eritellimus-martynas-ja-laima-023-ct-hind-on-margitud-kahe-sormuse-kohta\/\",\"url\":\"https:\/\/fashiongold.lt\/et\/papuosalas\/abielusormuste-eritellimus-martynas-ja-laima-023-ct-hind-on-margitud-kahe-sormuse-kohta\/\",\"name\":\"Klassikalised punasest kullast abielus\u00f5rmused | FashionGold\",\"isPartOf\":{\"@id\":\"https:\/\/fashiongold.lt\/et\/#website\"},\"primaryImageOfPage\":{\"@id\":\"https:\/\/fashiongold.lt\/et\/papuosalas\/abielusormuste-eritellimus-martynas-ja-laima-023-ct-hind-on-margitud-kahe-sormuse-kohta\/#primaryimage\"},\"image\":{\"@id\":\"https:\/\/fashiongold.lt\/et\/papuosalas\/abielusormuste-eritellimus-martynas-ja-laima-023-ct-hind-on-margitud-kahe-sormuse-kohta\/#primaryimage\"},\"thumbnailUrl\":\"https:\/\/fashiongold.lt\/wp-content\/uploads\/2025\/10\/2073-6de-MARTYNO-IR-LAIMOS-VESTUVINIAI-ZIEDAI.jpg\",\"datePublished\":\"2025-10-09T19:12:17+00:00\",\"description\":\"Klassikalised, kaasaegsed, eksklusiivsed abielus\u00f5rmused. Eritellimusel valmistamine. K\u00e4sit\u00f6\u00f6. K\u00f5rgeim kvaliteet. Valmistamisaeg 14 t\u00f6\u00f6p\u00e4eva. Valmistatud Leedus.\",\"breadcrumb\":{\"@id\":\"https:\/\/fashiongold.lt\/et\/papuosalas\/abielusormuste-eritellimus-martynas-ja-laima-023-ct-hind-on-margitud-kahe-sormuse-kohta\/#breadcrumb\"},\"inLanguage\":\"et\",\"potentialAction\":[{\"@type\":\"ReadAction\",\"target\":[\"https:\/\/fashiongold.lt\/et\/papuosalas\/abielusormuste-eritellimus-martynas-ja-laima-023-ct-hind-on-margitud-kahe-sormuse-kohta\/\"]}]},{\"@type\":\"ImageObject\",\"inLanguage\":\"et\",\"@id\":\"https:\/\/fashiongold.lt\/et\/papuosalas\/abielusormuste-eritellimus-martynas-ja-laima-023-ct-hind-on-margitud-kahe-sormuse-kohta\/#primaryimage\",\"url\":\"https:\/\/fashiongold.lt\/wp-content\/uploads\/2025\/10\/2073-6de-MARTYNO-IR-LAIMOS-VESTUVINIAI-ZIEDAI.jpg\",\"contentUrl\":\"https:\/\/fashiongold.lt\/wp-content\/uploads\/2025\/10\/2073-6de-MARTYNO-IR-LAIMOS-VESTUVINIAI-ZIEDAI.jpg\",\"width\":900,\"height\":900},{\"@type\":\"BreadcrumbList\",\"@id\":\"https:\/\/fashiongold.lt\/et\/papuosalas\/abielusormuste-eritellimus-martynas-ja-laima-023-ct-hind-on-margitud-kahe-sormuse-kohta\/#breadcrumb\",\"itemListElement\":[{\"@type\":\"ListItem\",\"position\":1,\"name\":\"Home\",\"item\":\"https:\/\/fashiongold.lt\/et\/\"},{\"@type\":\"ListItem\",\"position\":2,\"name\":\"Teemantide pood Fashiongold.lt\",\"item\":\"https:\/\/fashiongold.lt\/shop-2\/\"},{\"@type\":\"ListItem\",\"position\":3,\"name\":\"ABIELUS\u00d5RMUSTE ERITELLIMUS \u2013 MARTYNAS JA LAIMA (0,23 ct) (HIND ON M\u00c4RGITUD KAHE S\u00d5RMUSE KOHTA)\"}]},{\"@type\":\"WebSite\",\"@id\":\"https:\/\/fashiongold.lt\/et\/#website\",\"url\":\"https:\/\/fashiongold.lt\/et\/\",\"name\":\"Fashion Gold\",\"description\":\"Juvelyrikos namai\",\"publisher\":{\"@id\":\"https:\/\/fashiongold.lt\/et\/#organization\"},\"potentialAction\":[{\"@type\":\"SearchAction\",\"target\":{\"@type\":\"EntryPoint\",\"urlTemplate\":\"https:\/\/fashiongold.lt\/et\/?s={search_term_string}\"},\"query-input\":{\"@type\":\"PropertyValueSpecification\",\"valueRequired\":true,\"valueName\":\"search_term_string\"}}],\"inLanguage\":\"et\"},{\"@type\":\"Organization\",\"@id\":\"https:\/\/fashiongold.lt\/et\/#organization\",\"name\":\"Topdiamonds Online\",\"url\":\"https:\/\/fashiongold.lt\/et\/\",\"logo\":{\"@type\":\"ImageObject\",\"inLanguage\":\"et\",\"@id\":\"https:\/\/fashiongold.lt\/et\/#\/schema\/logo\/image\/\",\"url\":\"https:\/\/fashiongold.lt\/wp-content\/uploads\/2025\/04\/cropped-fashion_gold_logotipas2-scaled-1.png\",\"contentUrl\":\"https:\/\/fashiongold.lt\/wp-content\/uploads\/2025\/04\/cropped-fashion_gold_logotipas2-scaled-1.png\",\"width\":2559,\"height\":421,\"caption\":\"Topdiamonds Online\"},\"image\":{\"@id\":\"https:\/\/fashiongold.lt\/et\/#\/schema\/logo\/image\/\"}}]}<\/script>\n<!-- \/ Yoast SEO plugin. -->","yoast_head_json":{"title":"Klassikalised punasest kullast abielus\u00f5rmused | FashionGold","description":"Klassikalised, kaasaegsed, eksklusiivsed abielus\u00f5rmused. Eritellimusel valmistamine. K\u00e4sit\u00f6\u00f6. K\u00f5rgeim kvaliteet. Valmistamisaeg 14 t\u00f6\u00f6p\u00e4eva. Valmistatud Leedus.","robots":{"index":"index","follow":"follow","max-snippet":"max-snippet:-1","max-image-preview":"max-image-preview:large","max-video-preview":"max-video-preview:-1"},"canonical":"https:\/\/fashiongold.lt\/et\/papuosalas\/abielusormuste-eritellimus-martynas-ja-laima-023-ct-hind-on-margitud-kahe-sormuse-kohta\/","og_locale":"et_EE","og_type":"article","og_title":"Klassikalised punasest kullast abielus\u00f5rmused | FashionGold","og_description":"Klassikalised, kaasaegsed, eksklusiivsed abielus\u00f5rmused. Eritellimusel valmistamine. K\u00e4sit\u00f6\u00f6. K\u00f5rgeim kvaliteet. Valmistamisaeg 14 t\u00f6\u00f6p\u00e4eva. Valmistatud Leedus.","og_url":"https:\/\/fashiongold.lt\/et\/papuosalas\/abielusormuste-eritellimus-martynas-ja-laima-023-ct-hind-on-margitud-kahe-sormuse-kohta\/","og_site_name":"FashionGold.lt","og_image":[{"width":900,"height":900,"url":"https:\/\/fashiongold.lt\/wp-content\/uploads\/2025\/10\/2073-6de-MARTYNO-IR-LAIMOS-VESTUVINIAI-ZIEDAI.webp","type":"image\/jpeg"}],"twitter_card":"summary_large_image","schema":{"@context":"https:\/\/schema.org","@graph":[{"@type":"WebPage","@id":"https:\/\/fashiongold.lt\/et\/papuosalas\/abielusormuste-eritellimus-martynas-ja-laima-023-ct-hind-on-margitud-kahe-sormuse-kohta\/","url":"https:\/\/fashiongold.lt\/et\/papuosalas\/abielusormuste-eritellimus-martynas-ja-laima-023-ct-hind-on-margitud-kahe-sormuse-kohta\/","name":"Klassikalised punasest kullast abielus\u00f5rmused | FashionGold","isPartOf":{"@id":"https:\/\/fashiongold.lt\/et\/#website"},"primaryImageOfPage":{"@id":"https:\/\/fashiongold.lt\/et\/papuosalas\/abielusormuste-eritellimus-martynas-ja-laima-023-ct-hind-on-margitud-kahe-sormuse-kohta\/#primaryimage"},"image":{"@id":"https:\/\/fashiongold.lt\/et\/papuosalas\/abielusormuste-eritellimus-martynas-ja-laima-023-ct-hind-on-margitud-kahe-sormuse-kohta\/#primaryimage"},"thumbnailUrl":"https:\/\/fashiongold.lt\/wp-content\/uploads\/2025\/10\/2073-6de-MARTYNO-IR-LAIMOS-VESTUVINIAI-ZIEDAI.jpg","datePublished":"2025-10-09T19:12:17+00:00","description":"Klassikalised, kaasaegsed, eksklusiivsed abielus\u00f5rmused. Eritellimusel valmistamine. K\u00e4sit\u00f6\u00f6. K\u00f5rgeim kvaliteet. Valmistamisaeg 14 t\u00f6\u00f6p\u00e4eva. Valmistatud Leedus.","breadcrumb":{"@id":"https:\/\/fashiongold.lt\/et\/papuosalas\/abielusormuste-eritellimus-martynas-ja-laima-023-ct-hind-on-margitud-kahe-sormuse-kohta\/#breadcrumb"},"inLanguage":"et","potentialAction":[{"@type":"ReadAction","target":["https:\/\/fashiongold.lt\/et\/papuosalas\/abielusormuste-eritellimus-martynas-ja-laima-023-ct-hind-on-margitud-kahe-sormuse-kohta\/"]}]},{"@type":"ImageObject","inLanguage":"et","@id":"https:\/\/fashiongold.lt\/et\/papuosalas\/abielusormuste-eritellimus-martynas-ja-laima-023-ct-hind-on-margitud-kahe-sormuse-kohta\/#primaryimage","url":"https:\/\/fashiongold.lt\/wp-content\/uploads\/2025\/10\/2073-6de-MARTYNO-IR-LAIMOS-VESTUVINIAI-ZIEDAI.jpg","contentUrl":"https:\/\/fashiongold.lt\/wp-content\/uploads\/2025\/10\/2073-6de-MARTYNO-IR-LAIMOS-VESTUVINIAI-ZIEDAI.jpg","width":900,"height":900},{"@type":"BreadcrumbList","@id":"https:\/\/fashiongold.lt\/et\/papuosalas\/abielusormuste-eritellimus-martynas-ja-laima-023-ct-hind-on-margitud-kahe-sormuse-kohta\/#breadcrumb","itemListElement":[{"@type":"ListItem","position":1,"name":"Home","item":"https:\/\/fashiongold.lt\/et\/"},{"@type":"ListItem","position":2,"name":"Teemantide pood Fashiongold.lt","item":"https:\/\/fashiongold.lt\/shop-2\/"},{"@type":"ListItem","position":3,"name":"ABIELUS\u00d5RMUSTE ERITELLIMUS \u2013 MARTYNAS JA LAIMA (0,23 ct) (HIND ON M\u00c4RGITUD KAHE S\u00d5RMUSE KOHTA)"}]},{"@type":"WebSite","@id":"https:\/\/fashiongold.lt\/et\/#website","url":"https:\/\/fashiongold.lt\/et\/","name":"Fashion Gold","description":"Juvelyrikos namai","publisher":{"@id":"https:\/\/fashiongold.lt\/et\/#organization"},"potentialAction":[{"@type":"SearchAction","target":{"@type":"EntryPoint","urlTemplate":"https:\/\/fashiongold.lt\/et\/?s={search_term_string}"},"query-input":{"@type":"PropertyValueSpecification","valueRequired":true,"valueName":"search_term_string"}}],"inLanguage":"et"},{"@type":"Organization","@id":"https:\/\/fashiongold.lt\/et\/#organization","name":"Topdiamonds Online","url":"https:\/\/fashiongold.lt\/et\/","logo":{"@type":"ImageObject","inLanguage":"et","@id":"https:\/\/fashiongold.lt\/et\/#\/schema\/logo\/image\/","url":"https:\/\/fashiongold.lt\/wp-content\/uploads\/2025\/04\/cropped-fashion_gold_logotipas2-scaled-1.png","contentUrl":"https:\/\/fashiongold.lt\/wp-content\/uploads\/2025\/04\/cropped-fashion_gold_logotipas2-scaled-1.png","width":2559,"height":421,"caption":"Topdiamonds Online"},"image":{"@id":"https:\/\/fashiongold.lt\/et\/#\/schema\/logo\/image\/"}}]}},"_links":{"self":[{"href":"https:\/\/fashiongold.lt\/et\/wp-json\/wp\/v2\/product\/287758","targetHints":{"allow":["GET"]}}],"collection":[{"href":"https:\/\/fashiongold.lt\/et\/wp-json\/wp\/v2\/product"}],"about":[{"href":"https:\/\/fashiongold.lt\/et\/wp-json\/wp\/v2\/types\/product"}],"version-history":[{"count":0,"href":"https:\/\/fashiongold.lt\/et\/wp-json\/wp\/v2\/product\/287758\/revisions"}],"wp:featuredmedia":[{"embeddable":true,"href":"https:\/\/fashiongold.lt\/et\/wp-json\/wp\/v2\/media\/59407"}],"wp:attachment":[{"href":"https:\/\/fashiongold.lt\/et\/wp-json\/wp\/v2\/media?parent=287758"}],"wp:term":[{"taxonomy":"product_brand","embeddable":true,"href":"https:\/\/fashiongold.lt\/et\/wp-json\/wp\/v2\/product_brand?post=287758"},{"taxonomy":"product_cat","embeddable":true,"href":"https:\/\/fashiongold.lt\/et\/wp-json\/wp\/v2\/product_cat?post=287758"},{"taxonomy":"product_tag","embeddable":true,"href":"https:\/\/fashiongold.lt\/et\/wp-json\/wp\/v2\/product_tag?post=287758"}],"curies":[{"name":"wp","href":"https:\/\/api.w.org\/{rel}","templated":true}]}}