{"id":287783,"date":"2025-10-09T19:12:17","date_gmt":"2025-10-09T19:12:17","guid":{"rendered":"https:\/\/fashiongold.lt\/papuosalas\/abielusormuste-eritellimus-marius-ja-simona-100-ct-hind-on-toodud-kahe-sormuse-eest\/"},"modified":"2025-10-09T19:12:17","modified_gmt":"2025-10-09T19:12:17","slug":"abielusormuste-eritellimus-marius-ja-simona-100-ct-hind-on-toodud-kahe-sormuse-eest","status":"publish","type":"product","link":"https:\/\/fashiongold.lt\/et\/papuosalas\/abielusormuste-eritellimus-marius-ja-simona-100-ct-hind-on-toodud-kahe-sormuse-eest\/","title":{"rendered":"ABIELUS\u00d5RMUSTE ERITELLIMUS \u2013 MARIUS JA SIMONA (1,00 ct) (HIND ON TOODUD KAHE S\u00d5RMUSE EEST)"},"content":{"rendered":"<p>Erakordsed, massiivsed kuldsed abielus\u00f5rmused. Nende laius, paksus ja massiivsus kiirgavad lihtsalt luksust ja soliidsust. L\u00e4ikiva ja eba\u00fchtlase pinna kontrast kaunistab meester\u00f5ngast ning briljandirida lisab elegantsi massiivsele naister\u00f5ngale. T\u00e4iuslik tandem neile, kes igatsevad t\u00e4helepanu k\u00f6itvaid abielus\u00f5rmuseid! Valmistamisaeg 14 t\u00f6\u00f6p\u00e4eva, kiirtellimusena saame valmistada 3 t\u00f6\u00f6p\u00e4evaga.\u00a0<\/p>\n","protected":false},"excerpt":{"rendered":"<p>Eksklusiivsed, massiivsed kuldsed abielus\u00f5rmused. Nende laius, paksus ja massiivsus kiirgavad lihtsalt luksust ja soliidsust. L\u00e4ikiva ja ebatasase pinna kontrast kaunistab meester\u00f5ngast, samas kui briljandirida (1,00 ct) lisab elegantsi massiivsele naister\u00f5ngale. Ideaalne tandem neile, kes soovivad t\u00e4helepanu k\u00f6itvaid abielus\u00f5rmuseid!<\/p>\n","protected":false},"featured_media":59335,"template":"","meta":{"site-sidebar-layout":"","site-content-layout":"","ast-site-content-layout":"","site-content-style":"","site-sidebar-style":"","ast-global-header-display":"","ast-banner-title-visibility":"","ast-main-header-display":"","ast-hfb-above-header-display":"","ast-hfb-below-header-display":"","ast-hfb-mobile-header-display":"","site-post-title":"","ast-breadcrumbs-content":"","ast-featured-img":"","footer-sml-layout":"","ast-disable-related-posts":"","theme-transparent-header-meta":"","adv-header-id-meta":"","stick-header-meta":"","header-above-stick-meta":"","header-main-stick-meta":"","header-below-stick-meta":"","astra-migrate-meta-layouts":"default","ast-page-background-enabled":"default","ast-page-background-meta":{"desktop":{"background-color":"var(--ast-global-color-4)","background-image":"","background-repeat":"repeat","background-position":"center center","background-size":"auto","background-attachment":"scroll","background-type":"","background-media":"","overlay-type":"","overlay-color":"","overlay-opacity":"","overlay-gradient":""},"tablet":{"background-color":"","background-image":"","background-repeat":"repeat","background-position":"center center","background-size":"auto","background-attachment":"scroll","background-type":"","background-media":"","overlay-type":"","overlay-color":"","overlay-opacity":"","overlay-gradient":""},"mobile":{"background-color":"","background-image":"","background-repeat":"repeat","background-position":"center center","background-size":"auto","background-attachment":"scroll","background-type":"","background-media":"","overlay-type":"","overlay-color":"","overlay-opacity":"","overlay-gradient":""}},"ast-content-background-meta":{"desktop":{"background-color":"var(--ast-global-color-5)","background-image":"","background-repeat":"repeat","background-position":"center center","background-size":"auto","background-attachment":"scroll","background-type":"","background-media":"","overlay-type":"","overlay-color":"","overlay-opacity":"","overlay-gradient":""},"tablet":{"background-color":"var(--ast-global-color-5)","background-image":"","background-repeat":"repeat","background-position":"center center","background-size":"auto","background-attachment":"scroll","background-type":"","background-media":"","overlay-type":"","overlay-color":"","overlay-opacity":"","overlay-gradient":""},"mobile":{"background-color":"var(--ast-global-color-5)","background-image":"","background-repeat":"repeat","background-position":"center center","background-size":"auto","background-attachment":"scroll","background-type":"","background-media":"","overlay-type":"","overlay-color":"","overlay-opacity":"","overlay-gradient":""}}},"product_brand":[],"product_cat":[3594,3595,3596,3597,4057],"product_tag":[],"class_list":{"0":"post-287783","1":"product","2":"type-product","3":"status-publish","4":"has-post-thumbnail","6":"product_cat-abielusormused","7":"product_cat-abielusormused-paaridele","8":"product_cat-abielusormused-teemantidega","9":"product_cat-modernsed-pulmasormused","10":"product_cat-tehtud-tood-abielusormused","11":"desktop-align-center","12":"tablet-align-left","13":"mobile-align-left","14":"ast-product-gallery-layout-horizontal-slider","15":"ast-product-gallery-with-no-image","16":"ast-product-tabs-layout-accordion","17":"ast-qv-on-image","19":"first","20":"instock","21":"taxable","22":"shipping-taxable","23":"purchasable","24":"product-type-simple"},"yoast_head":"<!-- This site is optimized with the Yoast SEO plugin v26.6 - https:\/\/yoast.com\/wordpress\/plugins\/seo\/ -->\n<title>Laiad faktuuri ja teemantidega abielus\u00f5rmused | FashionGold<\/title>\n<meta name=\"description\" content=\"Abielus\u00f5rmuste valmistamine kliendi kullast, kliendi disaini j\u00e4rgi. K\u00e4sit\u00f6\u00f6. K\u00f5rgeim kvaliteet. \u00dchekordne tasuta s\u00f5rmuse suuruse muutmise garantii.\" \/>\n<meta name=\"robots\" content=\"index, follow, max-snippet:-1, max-image-preview:large, max-video-preview:-1\" \/>\n<link rel=\"canonical\" href=\"https:\/\/fashiongold.lt\/et\/papuosalas\/abielusormuste-eritellimus-marius-ja-simona-100-ct-hind-on-toodud-kahe-sormuse-eest\/\" \/>\n<meta property=\"og:locale\" content=\"et_EE\" \/>\n<meta property=\"og:type\" content=\"article\" \/>\n<meta property=\"og:title\" content=\"Laiad faktuuri ja teemantidega abielus\u00f5rmused | FashionGold\" \/>\n<meta property=\"og:description\" content=\"Abielus\u00f5rmuste valmistamine kliendi kullast, kliendi disaini j\u00e4rgi. K\u00e4sit\u00f6\u00f6. K\u00f5rgeim kvaliteet. \u00dchekordne tasuta s\u00f5rmuse suuruse muutmise garantii.\" \/>\n<meta property=\"og:url\" content=\"https:\/\/fashiongold.lt\/et\/papuosalas\/abielusormuste-eritellimus-marius-ja-simona-100-ct-hind-on-toodud-kahe-sormuse-eest\/\" \/>\n<meta property=\"og:site_name\" content=\"FashionGold.lt\" \/>\n<meta property=\"og:image\" content=\"https:\/\/fashiongold.lt\/wp-content\/uploads\/2025\/10\/2063-3d1-MARIAUS-IR-SIMONOS-VESTUVINIAI-ZIEDAI.webp\" \/>\n\t<meta property=\"og:image:width\" content=\"2040\" \/>\n\t<meta property=\"og:image:height\" content=\"2040\" \/>\n\t<meta property=\"og:image:type\" content=\"image\/jpeg\" \/>\n<meta name=\"twitter:card\" content=\"summary_large_image\" \/>\n<script type=\"application\/ld+json\" class=\"yoast-schema-graph\">{\"@context\":\"https:\/\/schema.org\",\"@graph\":[{\"@type\":\"WebPage\",\"@id\":\"https:\/\/fashiongold.lt\/et\/papuosalas\/abielusormuste-eritellimus-marius-ja-simona-100-ct-hind-on-toodud-kahe-sormuse-eest\/\",\"url\":\"https:\/\/fashiongold.lt\/et\/papuosalas\/abielusormuste-eritellimus-marius-ja-simona-100-ct-hind-on-toodud-kahe-sormuse-eest\/\",\"name\":\"Laiad faktuuri ja teemantidega abielus\u00f5rmused | FashionGold\",\"isPartOf\":{\"@id\":\"https:\/\/fashiongold.lt\/et\/#website\"},\"primaryImageOfPage\":{\"@id\":\"https:\/\/fashiongold.lt\/et\/papuosalas\/abielusormuste-eritellimus-marius-ja-simona-100-ct-hind-on-toodud-kahe-sormuse-eest\/#primaryimage\"},\"image\":{\"@id\":\"https:\/\/fashiongold.lt\/et\/papuosalas\/abielusormuste-eritellimus-marius-ja-simona-100-ct-hind-on-toodud-kahe-sormuse-eest\/#primaryimage\"},\"thumbnailUrl\":\"https:\/\/fashiongold.lt\/wp-content\/uploads\/2025\/10\/2063-3d1-MARIAUS-IR-SIMONOS-VESTUVINIAI-ZIEDAI.jpg\",\"datePublished\":\"2025-10-09T19:12:17+00:00\",\"description\":\"Abielus\u00f5rmuste valmistamine kliendi kullast, kliendi disaini j\u00e4rgi. K\u00e4sit\u00f6\u00f6. K\u00f5rgeim kvaliteet. \u00dchekordne tasuta s\u00f5rmuse suuruse muutmise garantii.\",\"breadcrumb\":{\"@id\":\"https:\/\/fashiongold.lt\/et\/papuosalas\/abielusormuste-eritellimus-marius-ja-simona-100-ct-hind-on-toodud-kahe-sormuse-eest\/#breadcrumb\"},\"inLanguage\":\"et\",\"potentialAction\":[{\"@type\":\"ReadAction\",\"target\":[\"https:\/\/fashiongold.lt\/et\/papuosalas\/abielusormuste-eritellimus-marius-ja-simona-100-ct-hind-on-toodud-kahe-sormuse-eest\/\"]}]},{\"@type\":\"ImageObject\",\"inLanguage\":\"et\",\"@id\":\"https:\/\/fashiongold.lt\/et\/papuosalas\/abielusormuste-eritellimus-marius-ja-simona-100-ct-hind-on-toodud-kahe-sormuse-eest\/#primaryimage\",\"url\":\"https:\/\/fashiongold.lt\/wp-content\/uploads\/2025\/10\/2063-3d1-MARIAUS-IR-SIMONOS-VESTUVINIAI-ZIEDAI.jpg\",\"contentUrl\":\"https:\/\/fashiongold.lt\/wp-content\/uploads\/2025\/10\/2063-3d1-MARIAUS-IR-SIMONOS-VESTUVINIAI-ZIEDAI.jpg\",\"width\":2040,\"height\":2040},{\"@type\":\"BreadcrumbList\",\"@id\":\"https:\/\/fashiongold.lt\/et\/papuosalas\/abielusormuste-eritellimus-marius-ja-simona-100-ct-hind-on-toodud-kahe-sormuse-eest\/#breadcrumb\",\"itemListElement\":[{\"@type\":\"ListItem\",\"position\":1,\"name\":\"Home\",\"item\":\"https:\/\/fashiongold.lt\/et\/\"},{\"@type\":\"ListItem\",\"position\":2,\"name\":\"Teemantide pood Fashiongold.lt\",\"item\":\"https:\/\/fashiongold.lt\/shop-2\/\"},{\"@type\":\"ListItem\",\"position\":3,\"name\":\"ABIELUS\u00d5RMUSTE ERITELLIMUS \u2013 MARIUS JA SIMONA (1,00 ct) (HIND ON TOODUD KAHE S\u00d5RMUSE EEST)\"}]},{\"@type\":\"WebSite\",\"@id\":\"https:\/\/fashiongold.lt\/et\/#website\",\"url\":\"https:\/\/fashiongold.lt\/et\/\",\"name\":\"Fashion Gold\",\"description\":\"Juvelyrikos namai\",\"publisher\":{\"@id\":\"https:\/\/fashiongold.lt\/et\/#organization\"},\"potentialAction\":[{\"@type\":\"SearchAction\",\"target\":{\"@type\":\"EntryPoint\",\"urlTemplate\":\"https:\/\/fashiongold.lt\/et\/?s={search_term_string}\"},\"query-input\":{\"@type\":\"PropertyValueSpecification\",\"valueRequired\":true,\"valueName\":\"search_term_string\"}}],\"inLanguage\":\"et\"},{\"@type\":\"Organization\",\"@id\":\"https:\/\/fashiongold.lt\/et\/#organization\",\"name\":\"Topdiamonds Online\",\"url\":\"https:\/\/fashiongold.lt\/et\/\",\"logo\":{\"@type\":\"ImageObject\",\"inLanguage\":\"et\",\"@id\":\"https:\/\/fashiongold.lt\/et\/#\/schema\/logo\/image\/\",\"url\":\"https:\/\/fashiongold.lt\/wp-content\/uploads\/2025\/04\/cropped-fashion_gold_logotipas2-scaled-1.png\",\"contentUrl\":\"https:\/\/fashiongold.lt\/wp-content\/uploads\/2025\/04\/cropped-fashion_gold_logotipas2-scaled-1.png\",\"width\":2559,\"height\":421,\"caption\":\"Topdiamonds Online\"},\"image\":{\"@id\":\"https:\/\/fashiongold.lt\/et\/#\/schema\/logo\/image\/\"}}]}<\/script>\n<!-- \/ Yoast SEO plugin. -->","yoast_head_json":{"title":"Laiad faktuuri ja teemantidega abielus\u00f5rmused | FashionGold","description":"Abielus\u00f5rmuste valmistamine kliendi kullast, kliendi disaini j\u00e4rgi. K\u00e4sit\u00f6\u00f6. K\u00f5rgeim kvaliteet. \u00dchekordne tasuta s\u00f5rmuse suuruse muutmise garantii.","robots":{"index":"index","follow":"follow","max-snippet":"max-snippet:-1","max-image-preview":"max-image-preview:large","max-video-preview":"max-video-preview:-1"},"canonical":"https:\/\/fashiongold.lt\/et\/papuosalas\/abielusormuste-eritellimus-marius-ja-simona-100-ct-hind-on-toodud-kahe-sormuse-eest\/","og_locale":"et_EE","og_type":"article","og_title":"Laiad faktuuri ja teemantidega abielus\u00f5rmused | FashionGold","og_description":"Abielus\u00f5rmuste valmistamine kliendi kullast, kliendi disaini j\u00e4rgi. K\u00e4sit\u00f6\u00f6. K\u00f5rgeim kvaliteet. \u00dchekordne tasuta s\u00f5rmuse suuruse muutmise garantii.","og_url":"https:\/\/fashiongold.lt\/et\/papuosalas\/abielusormuste-eritellimus-marius-ja-simona-100-ct-hind-on-toodud-kahe-sormuse-eest\/","og_site_name":"FashionGold.lt","og_image":[{"width":2040,"height":2040,"url":"https:\/\/fashiongold.lt\/wp-content\/uploads\/2025\/10\/2063-3d1-MARIAUS-IR-SIMONOS-VESTUVINIAI-ZIEDAI.webp","type":"image\/jpeg"}],"twitter_card":"summary_large_image","schema":{"@context":"https:\/\/schema.org","@graph":[{"@type":"WebPage","@id":"https:\/\/fashiongold.lt\/et\/papuosalas\/abielusormuste-eritellimus-marius-ja-simona-100-ct-hind-on-toodud-kahe-sormuse-eest\/","url":"https:\/\/fashiongold.lt\/et\/papuosalas\/abielusormuste-eritellimus-marius-ja-simona-100-ct-hind-on-toodud-kahe-sormuse-eest\/","name":"Laiad faktuuri ja teemantidega abielus\u00f5rmused | FashionGold","isPartOf":{"@id":"https:\/\/fashiongold.lt\/et\/#website"},"primaryImageOfPage":{"@id":"https:\/\/fashiongold.lt\/et\/papuosalas\/abielusormuste-eritellimus-marius-ja-simona-100-ct-hind-on-toodud-kahe-sormuse-eest\/#primaryimage"},"image":{"@id":"https:\/\/fashiongold.lt\/et\/papuosalas\/abielusormuste-eritellimus-marius-ja-simona-100-ct-hind-on-toodud-kahe-sormuse-eest\/#primaryimage"},"thumbnailUrl":"https:\/\/fashiongold.lt\/wp-content\/uploads\/2025\/10\/2063-3d1-MARIAUS-IR-SIMONOS-VESTUVINIAI-ZIEDAI.jpg","datePublished":"2025-10-09T19:12:17+00:00","description":"Abielus\u00f5rmuste valmistamine kliendi kullast, kliendi disaini j\u00e4rgi. K\u00e4sit\u00f6\u00f6. K\u00f5rgeim kvaliteet. \u00dchekordne tasuta s\u00f5rmuse suuruse muutmise garantii.","breadcrumb":{"@id":"https:\/\/fashiongold.lt\/et\/papuosalas\/abielusormuste-eritellimus-marius-ja-simona-100-ct-hind-on-toodud-kahe-sormuse-eest\/#breadcrumb"},"inLanguage":"et","potentialAction":[{"@type":"ReadAction","target":["https:\/\/fashiongold.lt\/et\/papuosalas\/abielusormuste-eritellimus-marius-ja-simona-100-ct-hind-on-toodud-kahe-sormuse-eest\/"]}]},{"@type":"ImageObject","inLanguage":"et","@id":"https:\/\/fashiongold.lt\/et\/papuosalas\/abielusormuste-eritellimus-marius-ja-simona-100-ct-hind-on-toodud-kahe-sormuse-eest\/#primaryimage","url":"https:\/\/fashiongold.lt\/wp-content\/uploads\/2025\/10\/2063-3d1-MARIAUS-IR-SIMONOS-VESTUVINIAI-ZIEDAI.jpg","contentUrl":"https:\/\/fashiongold.lt\/wp-content\/uploads\/2025\/10\/2063-3d1-MARIAUS-IR-SIMONOS-VESTUVINIAI-ZIEDAI.jpg","width":2040,"height":2040},{"@type":"BreadcrumbList","@id":"https:\/\/fashiongold.lt\/et\/papuosalas\/abielusormuste-eritellimus-marius-ja-simona-100-ct-hind-on-toodud-kahe-sormuse-eest\/#breadcrumb","itemListElement":[{"@type":"ListItem","position":1,"name":"Home","item":"https:\/\/fashiongold.lt\/et\/"},{"@type":"ListItem","position":2,"name":"Teemantide pood Fashiongold.lt","item":"https:\/\/fashiongold.lt\/shop-2\/"},{"@type":"ListItem","position":3,"name":"ABIELUS\u00d5RMUSTE ERITELLIMUS \u2013 MARIUS JA SIMONA (1,00 ct) (HIND ON TOODUD KAHE S\u00d5RMUSE EEST)"}]},{"@type":"WebSite","@id":"https:\/\/fashiongold.lt\/et\/#website","url":"https:\/\/fashiongold.lt\/et\/","name":"Fashion Gold","description":"Juvelyrikos namai","publisher":{"@id":"https:\/\/fashiongold.lt\/et\/#organization"},"potentialAction":[{"@type":"SearchAction","target":{"@type":"EntryPoint","urlTemplate":"https:\/\/fashiongold.lt\/et\/?s={search_term_string}"},"query-input":{"@type":"PropertyValueSpecification","valueRequired":true,"valueName":"search_term_string"}}],"inLanguage":"et"},{"@type":"Organization","@id":"https:\/\/fashiongold.lt\/et\/#organization","name":"Topdiamonds Online","url":"https:\/\/fashiongold.lt\/et\/","logo":{"@type":"ImageObject","inLanguage":"et","@id":"https:\/\/fashiongold.lt\/et\/#\/schema\/logo\/image\/","url":"https:\/\/fashiongold.lt\/wp-content\/uploads\/2025\/04\/cropped-fashion_gold_logotipas2-scaled-1.png","contentUrl":"https:\/\/fashiongold.lt\/wp-content\/uploads\/2025\/04\/cropped-fashion_gold_logotipas2-scaled-1.png","width":2559,"height":421,"caption":"Topdiamonds Online"},"image":{"@id":"https:\/\/fashiongold.lt\/et\/#\/schema\/logo\/image\/"}}]}},"_links":{"self":[{"href":"https:\/\/fashiongold.lt\/et\/wp-json\/wp\/v2\/product\/287783","targetHints":{"allow":["GET"]}}],"collection":[{"href":"https:\/\/fashiongold.lt\/et\/wp-json\/wp\/v2\/product"}],"about":[{"href":"https:\/\/fashiongold.lt\/et\/wp-json\/wp\/v2\/types\/product"}],"version-history":[{"count":0,"href":"https:\/\/fashiongold.lt\/et\/wp-json\/wp\/v2\/product\/287783\/revisions"}],"wp:featuredmedia":[{"embeddable":true,"href":"https:\/\/fashiongold.lt\/et\/wp-json\/wp\/v2\/media\/59335"}],"wp:attachment":[{"href":"https:\/\/fashiongold.lt\/et\/wp-json\/wp\/v2\/media?parent=287783"}],"wp:term":[{"taxonomy":"product_brand","embeddable":true,"href":"https:\/\/fashiongold.lt\/et\/wp-json\/wp\/v2\/product_brand?post=287783"},{"taxonomy":"product_cat","embeddable":true,"href":"https:\/\/fashiongold.lt\/et\/wp-json\/wp\/v2\/product_cat?post=287783"},{"taxonomy":"product_tag","embeddable":true,"href":"https:\/\/fashiongold.lt\/et\/wp-json\/wp\/v2\/product_tag?post=287783"}],"curies":[{"name":"wp","href":"https:\/\/api.w.org\/{rel}","templated":true}]}}