{"id":287848,"date":"2025-10-09T19:11:27","date_gmt":"2025-10-09T19:11:27","guid":{"rendered":"https:\/\/fashiongold.lt\/papuosalas\/abielusormuste-eritellimus-mykolas-ja-rita-020-ct-hind-on-margitud-kahele-sormusele\/"},"modified":"2025-10-09T19:11:27","modified_gmt":"2025-10-09T19:11:27","slug":"abielusormuste-eritellimus-mykolas-ja-rita-020-ct-hind-on-margitud-kahele-sormusele","status":"publish","type":"product","link":"https:\/\/fashiongold.lt\/et\/papuosalas\/abielusormuste-eritellimus-mykolas-ja-rita-020-ct-hind-on-margitud-kahele-sormusele\/","title":{"rendered":"ABIELUS\u00d5RMUSTE ERITELLIMUS \u2013 MYKOLAS JA RITA (0,20 ct) (HIND ON M\u00c4RGITUD KAHELE S\u00d5RMUSELE)"},"content":{"rendered":"<p>Kuldsed abielus\u00f5rmused Temale ja Temale \u2013 sarnased ja samas kontrastsed. Meeste abielus\u00f5rmus on lai, kontrasti lisab keskel asuv kollasest kullast riba. Naiste abielus\u00f5rmus briljantidega \u2013 elegantne, stiilne ja luksuslik. Valmistamisaeg 14 t\u00f6\u00f6p\u00e4eva, saame valmistada kiirtellimusena 3 t\u00f6\u00f6p\u00e4evaga.\u00a0<\/p>\n","protected":false},"excerpt":{"rendered":"<p>Kuldsed abielus\u00f5rmused Temale ja Temale \u2013 sarnased ja samas kontrastsed. Meeste abielus\u00f5rmus on lai, kontrasti annab keskelt l\u00e4bi jooksev kollasest kullast riba. Naiste abielus\u00f5rmus briljantidega (0,20 ct) \u2013 elegantne, stiilne ja luksuslik.<\/p>\n","protected":false},"featured_media":59059,"template":"","meta":{"site-sidebar-layout":"","site-content-layout":"","ast-site-content-layout":"","site-content-style":"","site-sidebar-style":"","ast-global-header-display":"","ast-banner-title-visibility":"","ast-main-header-display":"","ast-hfb-above-header-display":"","ast-hfb-below-header-display":"","ast-hfb-mobile-header-display":"","site-post-title":"","ast-breadcrumbs-content":"","ast-featured-img":"","footer-sml-layout":"","ast-disable-related-posts":"","theme-transparent-header-meta":"","adv-header-id-meta":"","stick-header-meta":"","header-above-stick-meta":"","header-main-stick-meta":"","header-below-stick-meta":"","astra-migrate-meta-layouts":"default","ast-page-background-enabled":"default","ast-page-background-meta":{"desktop":{"background-color":"var(--ast-global-color-4)","background-image":"","background-repeat":"repeat","background-position":"center center","background-size":"auto","background-attachment":"scroll","background-type":"","background-media":"","overlay-type":"","overlay-color":"","overlay-opacity":"","overlay-gradient":""},"tablet":{"background-color":"","background-image":"","background-repeat":"repeat","background-position":"center center","background-size":"auto","background-attachment":"scroll","background-type":"","background-media":"","overlay-type":"","overlay-color":"","overlay-opacity":"","overlay-gradient":""},"mobile":{"background-color":"","background-image":"","background-repeat":"repeat","background-position":"center center","background-size":"auto","background-attachment":"scroll","background-type":"","background-media":"","overlay-type":"","overlay-color":"","overlay-opacity":"","overlay-gradient":""}},"ast-content-background-meta":{"desktop":{"background-color":"var(--ast-global-color-5)","background-image":"","background-repeat":"repeat","background-position":"center center","background-size":"auto","background-attachment":"scroll","background-type":"","background-media":"","overlay-type":"","overlay-color":"","overlay-opacity":"","overlay-gradient":""},"tablet":{"background-color":"var(--ast-global-color-5)","background-image":"","background-repeat":"repeat","background-position":"center center","background-size":"auto","background-attachment":"scroll","background-type":"","background-media":"","overlay-type":"","overlay-color":"","overlay-opacity":"","overlay-gradient":""},"mobile":{"background-color":"var(--ast-global-color-5)","background-image":"","background-repeat":"repeat","background-position":"center center","background-size":"auto","background-attachment":"scroll","background-type":"","background-media":"","overlay-type":"","overlay-color":"","overlay-opacity":"","overlay-gradient":""}}},"product_brand":[],"product_cat":[3594,3595,3596,3597,4057],"product_tag":[],"class_list":{"0":"post-287848","1":"product","2":"type-product","3":"status-publish","4":"has-post-thumbnail","6":"product_cat-abielusormused","7":"product_cat-abielusormused-paaridele","8":"product_cat-abielusormused-teemantidega","9":"product_cat-modernsed-pulmasormused","10":"product_cat-tehtud-tood-abielusormused","11":"desktop-align-center","12":"tablet-align-left","13":"mobile-align-left","14":"ast-product-gallery-layout-horizontal-slider","15":"ast-product-gallery-with-no-image","16":"ast-product-tabs-layout-accordion","17":"ast-qv-on-image","19":"first","20":"instock","21":"taxable","22":"shipping-taxable","23":"purchasable","24":"product-type-simple"},"yoast_head":"<!-- This site is optimized with the Yoast SEO plugin v26.6 - https:\/\/yoast.com\/wordpress\/plugins\/seo\/ -->\n<title>Eksklusiivsed k\u00f5rge kvaliteediga abielus\u00f5rmused | FashionGold<\/title>\n<meta name=\"description\" content=\"Kuldsed abielus\u00f5rmused FashionGold juveelimajas \u2013 siit leiate erakordselt laia valiku abielus\u00f5rmuseid. Parimad hinnad. Eritellimusel valmistamine.\" \/>\n<meta name=\"robots\" content=\"index, follow, max-snippet:-1, max-image-preview:large, max-video-preview:-1\" \/>\n<link rel=\"canonical\" href=\"https:\/\/fashiongold.lt\/et\/papuosalas\/abielusormuste-eritellimus-mykolas-ja-rita-020-ct-hind-on-margitud-kahele-sormusele\/\" \/>\n<meta property=\"og:locale\" content=\"et_EE\" \/>\n<meta property=\"og:type\" content=\"article\" \/>\n<meta property=\"og:title\" content=\"Eksklusiivsed k\u00f5rge kvaliteediga abielus\u00f5rmused | FashionGold\" \/>\n<meta property=\"og:description\" content=\"Kuldsed abielus\u00f5rmused FashionGold juveelimajas \u2013 siit leiate erakordselt laia valiku abielus\u00f5rmuseid. Parimad hinnad. Eritellimusel valmistamine.\" \/>\n<meta property=\"og:url\" content=\"https:\/\/fashiongold.lt\/et\/papuosalas\/abielusormuste-eritellimus-mykolas-ja-rita-020-ct-hind-on-margitud-kahele-sormusele\/\" \/>\n<meta property=\"og:site_name\" content=\"FashionGold.lt\" \/>\n<meta property=\"og:image\" content=\"https:\/\/fashiongold.lt\/wp-content\/uploads\/2025\/10\/2024-f57-MYKOLO-IR-RITOS-VESTUVINIAI-ZIEDAI.webp\" \/>\n\t<meta property=\"og:image:width\" content=\"1872\" \/>\n\t<meta property=\"og:image:height\" content=\"1872\" \/>\n\t<meta property=\"og:image:type\" content=\"image\/jpeg\" \/>\n<meta name=\"twitter:card\" content=\"summary_large_image\" \/>\n<script type=\"application\/ld+json\" class=\"yoast-schema-graph\">{\"@context\":\"https:\/\/schema.org\",\"@graph\":[{\"@type\":\"WebPage\",\"@id\":\"https:\/\/fashiongold.lt\/et\/papuosalas\/abielusormuste-eritellimus-mykolas-ja-rita-020-ct-hind-on-margitud-kahele-sormusele\/\",\"url\":\"https:\/\/fashiongold.lt\/et\/papuosalas\/abielusormuste-eritellimus-mykolas-ja-rita-020-ct-hind-on-margitud-kahele-sormusele\/\",\"name\":\"Eksklusiivsed k\u00f5rge kvaliteediga abielus\u00f5rmused | FashionGold\",\"isPartOf\":{\"@id\":\"https:\/\/fashiongold.lt\/et\/#website\"},\"primaryImageOfPage\":{\"@id\":\"https:\/\/fashiongold.lt\/et\/papuosalas\/abielusormuste-eritellimus-mykolas-ja-rita-020-ct-hind-on-margitud-kahele-sormusele\/#primaryimage\"},\"image\":{\"@id\":\"https:\/\/fashiongold.lt\/et\/papuosalas\/abielusormuste-eritellimus-mykolas-ja-rita-020-ct-hind-on-margitud-kahele-sormusele\/#primaryimage\"},\"thumbnailUrl\":\"https:\/\/fashiongold.lt\/wp-content\/uploads\/2025\/10\/2024-f57-MYKOLO-IR-RITOS-VESTUVINIAI-ZIEDAI.jpg\",\"datePublished\":\"2025-10-09T19:11:27+00:00\",\"description\":\"Kuldsed abielus\u00f5rmused FashionGold juveelimajas \u2013 siit leiate erakordselt laia valiku abielus\u00f5rmuseid. Parimad hinnad. Eritellimusel valmistamine.\",\"breadcrumb\":{\"@id\":\"https:\/\/fashiongold.lt\/et\/papuosalas\/abielusormuste-eritellimus-mykolas-ja-rita-020-ct-hind-on-margitud-kahele-sormusele\/#breadcrumb\"},\"inLanguage\":\"et\",\"potentialAction\":[{\"@type\":\"ReadAction\",\"target\":[\"https:\/\/fashiongold.lt\/et\/papuosalas\/abielusormuste-eritellimus-mykolas-ja-rita-020-ct-hind-on-margitud-kahele-sormusele\/\"]}]},{\"@type\":\"ImageObject\",\"inLanguage\":\"et\",\"@id\":\"https:\/\/fashiongold.lt\/et\/papuosalas\/abielusormuste-eritellimus-mykolas-ja-rita-020-ct-hind-on-margitud-kahele-sormusele\/#primaryimage\",\"url\":\"https:\/\/fashiongold.lt\/wp-content\/uploads\/2025\/10\/2024-f57-MYKOLO-IR-RITOS-VESTUVINIAI-ZIEDAI.jpg\",\"contentUrl\":\"https:\/\/fashiongold.lt\/wp-content\/uploads\/2025\/10\/2024-f57-MYKOLO-IR-RITOS-VESTUVINIAI-ZIEDAI.jpg\",\"width\":1872,\"height\":1872},{\"@type\":\"BreadcrumbList\",\"@id\":\"https:\/\/fashiongold.lt\/et\/papuosalas\/abielusormuste-eritellimus-mykolas-ja-rita-020-ct-hind-on-margitud-kahele-sormusele\/#breadcrumb\",\"itemListElement\":[{\"@type\":\"ListItem\",\"position\":1,\"name\":\"Home\",\"item\":\"https:\/\/fashiongold.lt\/et\/\"},{\"@type\":\"ListItem\",\"position\":2,\"name\":\"Teemantide pood Fashiongold.lt\",\"item\":\"https:\/\/fashiongold.lt\/shop-2\/\"},{\"@type\":\"ListItem\",\"position\":3,\"name\":\"ABIELUS\u00d5RMUSTE ERITELLIMUS \u2013 MYKOLAS JA RITA (0,20 ct) (HIND ON M\u00c4RGITUD KAHELE S\u00d5RMUSELE)\"}]},{\"@type\":\"WebSite\",\"@id\":\"https:\/\/fashiongold.lt\/et\/#website\",\"url\":\"https:\/\/fashiongold.lt\/et\/\",\"name\":\"Fashion Gold\",\"description\":\"Juvelyrikos namai\",\"publisher\":{\"@id\":\"https:\/\/fashiongold.lt\/et\/#organization\"},\"potentialAction\":[{\"@type\":\"SearchAction\",\"target\":{\"@type\":\"EntryPoint\",\"urlTemplate\":\"https:\/\/fashiongold.lt\/et\/?s={search_term_string}\"},\"query-input\":{\"@type\":\"PropertyValueSpecification\",\"valueRequired\":true,\"valueName\":\"search_term_string\"}}],\"inLanguage\":\"et\"},{\"@type\":\"Organization\",\"@id\":\"https:\/\/fashiongold.lt\/et\/#organization\",\"name\":\"Topdiamonds Online\",\"url\":\"https:\/\/fashiongold.lt\/et\/\",\"logo\":{\"@type\":\"ImageObject\",\"inLanguage\":\"et\",\"@id\":\"https:\/\/fashiongold.lt\/et\/#\/schema\/logo\/image\/\",\"url\":\"https:\/\/fashiongold.lt\/wp-content\/uploads\/2025\/04\/cropped-fashion_gold_logotipas2-scaled-1.png\",\"contentUrl\":\"https:\/\/fashiongold.lt\/wp-content\/uploads\/2025\/04\/cropped-fashion_gold_logotipas2-scaled-1.png\",\"width\":2559,\"height\":421,\"caption\":\"Topdiamonds Online\"},\"image\":{\"@id\":\"https:\/\/fashiongold.lt\/et\/#\/schema\/logo\/image\/\"}}]}<\/script>\n<!-- \/ Yoast SEO plugin. -->","yoast_head_json":{"title":"Eksklusiivsed k\u00f5rge kvaliteediga abielus\u00f5rmused | FashionGold","description":"Kuldsed abielus\u00f5rmused FashionGold juveelimajas \u2013 siit leiate erakordselt laia valiku abielus\u00f5rmuseid. Parimad hinnad. Eritellimusel valmistamine.","robots":{"index":"index","follow":"follow","max-snippet":"max-snippet:-1","max-image-preview":"max-image-preview:large","max-video-preview":"max-video-preview:-1"},"canonical":"https:\/\/fashiongold.lt\/et\/papuosalas\/abielusormuste-eritellimus-mykolas-ja-rita-020-ct-hind-on-margitud-kahele-sormusele\/","og_locale":"et_EE","og_type":"article","og_title":"Eksklusiivsed k\u00f5rge kvaliteediga abielus\u00f5rmused | FashionGold","og_description":"Kuldsed abielus\u00f5rmused FashionGold juveelimajas \u2013 siit leiate erakordselt laia valiku abielus\u00f5rmuseid. Parimad hinnad. Eritellimusel valmistamine.","og_url":"https:\/\/fashiongold.lt\/et\/papuosalas\/abielusormuste-eritellimus-mykolas-ja-rita-020-ct-hind-on-margitud-kahele-sormusele\/","og_site_name":"FashionGold.lt","og_image":[{"width":1872,"height":1872,"url":"https:\/\/fashiongold.lt\/wp-content\/uploads\/2025\/10\/2024-f57-MYKOLO-IR-RITOS-VESTUVINIAI-ZIEDAI.webp","type":"image\/jpeg"}],"twitter_card":"summary_large_image","schema":{"@context":"https:\/\/schema.org","@graph":[{"@type":"WebPage","@id":"https:\/\/fashiongold.lt\/et\/papuosalas\/abielusormuste-eritellimus-mykolas-ja-rita-020-ct-hind-on-margitud-kahele-sormusele\/","url":"https:\/\/fashiongold.lt\/et\/papuosalas\/abielusormuste-eritellimus-mykolas-ja-rita-020-ct-hind-on-margitud-kahele-sormusele\/","name":"Eksklusiivsed k\u00f5rge kvaliteediga abielus\u00f5rmused | FashionGold","isPartOf":{"@id":"https:\/\/fashiongold.lt\/et\/#website"},"primaryImageOfPage":{"@id":"https:\/\/fashiongold.lt\/et\/papuosalas\/abielusormuste-eritellimus-mykolas-ja-rita-020-ct-hind-on-margitud-kahele-sormusele\/#primaryimage"},"image":{"@id":"https:\/\/fashiongold.lt\/et\/papuosalas\/abielusormuste-eritellimus-mykolas-ja-rita-020-ct-hind-on-margitud-kahele-sormusele\/#primaryimage"},"thumbnailUrl":"https:\/\/fashiongold.lt\/wp-content\/uploads\/2025\/10\/2024-f57-MYKOLO-IR-RITOS-VESTUVINIAI-ZIEDAI.jpg","datePublished":"2025-10-09T19:11:27+00:00","description":"Kuldsed abielus\u00f5rmused FashionGold juveelimajas \u2013 siit leiate erakordselt laia valiku abielus\u00f5rmuseid. Parimad hinnad. Eritellimusel valmistamine.","breadcrumb":{"@id":"https:\/\/fashiongold.lt\/et\/papuosalas\/abielusormuste-eritellimus-mykolas-ja-rita-020-ct-hind-on-margitud-kahele-sormusele\/#breadcrumb"},"inLanguage":"et","potentialAction":[{"@type":"ReadAction","target":["https:\/\/fashiongold.lt\/et\/papuosalas\/abielusormuste-eritellimus-mykolas-ja-rita-020-ct-hind-on-margitud-kahele-sormusele\/"]}]},{"@type":"ImageObject","inLanguage":"et","@id":"https:\/\/fashiongold.lt\/et\/papuosalas\/abielusormuste-eritellimus-mykolas-ja-rita-020-ct-hind-on-margitud-kahele-sormusele\/#primaryimage","url":"https:\/\/fashiongold.lt\/wp-content\/uploads\/2025\/10\/2024-f57-MYKOLO-IR-RITOS-VESTUVINIAI-ZIEDAI.jpg","contentUrl":"https:\/\/fashiongold.lt\/wp-content\/uploads\/2025\/10\/2024-f57-MYKOLO-IR-RITOS-VESTUVINIAI-ZIEDAI.jpg","width":1872,"height":1872},{"@type":"BreadcrumbList","@id":"https:\/\/fashiongold.lt\/et\/papuosalas\/abielusormuste-eritellimus-mykolas-ja-rita-020-ct-hind-on-margitud-kahele-sormusele\/#breadcrumb","itemListElement":[{"@type":"ListItem","position":1,"name":"Home","item":"https:\/\/fashiongold.lt\/et\/"},{"@type":"ListItem","position":2,"name":"Teemantide pood Fashiongold.lt","item":"https:\/\/fashiongold.lt\/shop-2\/"},{"@type":"ListItem","position":3,"name":"ABIELUS\u00d5RMUSTE ERITELLIMUS \u2013 MYKOLAS JA RITA (0,20 ct) (HIND ON M\u00c4RGITUD KAHELE S\u00d5RMUSELE)"}]},{"@type":"WebSite","@id":"https:\/\/fashiongold.lt\/et\/#website","url":"https:\/\/fashiongold.lt\/et\/","name":"Fashion Gold","description":"Juvelyrikos namai","publisher":{"@id":"https:\/\/fashiongold.lt\/et\/#organization"},"potentialAction":[{"@type":"SearchAction","target":{"@type":"EntryPoint","urlTemplate":"https:\/\/fashiongold.lt\/et\/?s={search_term_string}"},"query-input":{"@type":"PropertyValueSpecification","valueRequired":true,"valueName":"search_term_string"}}],"inLanguage":"et"},{"@type":"Organization","@id":"https:\/\/fashiongold.lt\/et\/#organization","name":"Topdiamonds Online","url":"https:\/\/fashiongold.lt\/et\/","logo":{"@type":"ImageObject","inLanguage":"et","@id":"https:\/\/fashiongold.lt\/et\/#\/schema\/logo\/image\/","url":"https:\/\/fashiongold.lt\/wp-content\/uploads\/2025\/04\/cropped-fashion_gold_logotipas2-scaled-1.png","contentUrl":"https:\/\/fashiongold.lt\/wp-content\/uploads\/2025\/04\/cropped-fashion_gold_logotipas2-scaled-1.png","width":2559,"height":421,"caption":"Topdiamonds Online"},"image":{"@id":"https:\/\/fashiongold.lt\/et\/#\/schema\/logo\/image\/"}}]}},"_links":{"self":[{"href":"https:\/\/fashiongold.lt\/et\/wp-json\/wp\/v2\/product\/287848","targetHints":{"allow":["GET"]}}],"collection":[{"href":"https:\/\/fashiongold.lt\/et\/wp-json\/wp\/v2\/product"}],"about":[{"href":"https:\/\/fashiongold.lt\/et\/wp-json\/wp\/v2\/types\/product"}],"version-history":[{"count":0,"href":"https:\/\/fashiongold.lt\/et\/wp-json\/wp\/v2\/product\/287848\/revisions"}],"wp:featuredmedia":[{"embeddable":true,"href":"https:\/\/fashiongold.lt\/et\/wp-json\/wp\/v2\/media\/59059"}],"wp:attachment":[{"href":"https:\/\/fashiongold.lt\/et\/wp-json\/wp\/v2\/media?parent=287848"}],"wp:term":[{"taxonomy":"product_brand","embeddable":true,"href":"https:\/\/fashiongold.lt\/et\/wp-json\/wp\/v2\/product_brand?post=287848"},{"taxonomy":"product_cat","embeddable":true,"href":"https:\/\/fashiongold.lt\/et\/wp-json\/wp\/v2\/product_cat?post=287848"},{"taxonomy":"product_tag","embeddable":true,"href":"https:\/\/fashiongold.lt\/et\/wp-json\/wp\/v2\/product_tag?post=287848"}],"curies":[{"name":"wp","href":"https:\/\/api.w.org\/{rel}","templated":true}]}}