{"id":287903,"date":"2025-10-09T19:10:10","date_gmt":"2025-10-09T19:10:10","guid":{"rendered":"https:\/\/fashiongold.lt\/papuosalas\/abielusormus-klassika-35-mm-punasest-valgest-kollasest-kullast-valmistamine\/"},"modified":"2025-10-09T19:10:10","modified_gmt":"2025-10-09T19:10:10","slug":"abielusormus-klassika-35-mm-punasest-valgest-kollasest-kullast-valmistamine","status":"publish","type":"product","link":"https:\/\/fashiongold.lt\/et\/papuosalas\/abielusormus-klassika-35-mm-punasest-valgest-kollasest-kullast-valmistamine\/","title":{"rendered":"ABIELUS\u00d5RMUS \u201eKLASSIKA\u201c 3,5 mm punasest, valgest, kollasest kullast VALMISTAMINE"},"content":{"rendered":"<p>Valgest kullast sile klassikaline s\u00f5rmus kollektsioonist \u201eKlasika 2022\u201c. S\u00f5rmuse laius \u2013 3,5 mm, kaal s\u00f5ltub suurusest ja j\u00e4\u00e4b vahemikku 2,00 g kuni 3,00 g.<\/p>\n<p>Hind ei s\u00f5ltu kulla v\u00e4rvusest. Kulla proov \u2013 585.<\/p>\n<p>Lisatasu eest 20 eurot saame lisada s\u00e4tendava, ehtsa briljandi (0,015 ct, v\u00e4rv W (G-H), puhtus SI)<\/p>\n<p>S\u00d5RMUSE VALMISTAMISE HIND OMA KULLA TOOMISEL<\/p>\n<p>K\u00f5ik \u201eFashion Gold&#8221; poolt m\u00fc\u00fcdavad ehted omavad Leedu Proovikoja sertifikaate.<\/p>\n","protected":false},"excerpt":{"rendered":"<p>Valmistame selle abielus\u00f5rmuse teie kullast ja teile maksab vaid t\u00f6\u00f6! Kasutage vanemate v\u00f5i vanavanemate kulda, kullamurdu ja s\u00e4\u00e4stke!<\/p>\n","protected":false},"featured_media":58833,"template":"","meta":{"site-sidebar-layout":"","site-content-layout":"","ast-site-content-layout":"","site-content-style":"","site-sidebar-style":"","ast-global-header-display":"","ast-banner-title-visibility":"","ast-main-header-display":"","ast-hfb-above-header-display":"","ast-hfb-below-header-display":"","ast-hfb-mobile-header-display":"","site-post-title":"","ast-breadcrumbs-content":"","ast-featured-img":"","footer-sml-layout":"","ast-disable-related-posts":"","theme-transparent-header-meta":"","adv-header-id-meta":"","stick-header-meta":"","header-above-stick-meta":"","header-main-stick-meta":"","header-below-stick-meta":"","astra-migrate-meta-layouts":"default","ast-page-background-enabled":"default","ast-page-background-meta":{"desktop":{"background-color":"var(--ast-global-color-4)","background-image":"","background-repeat":"repeat","background-position":"center center","background-size":"auto","background-attachment":"scroll","background-type":"","background-media":"","overlay-type":"","overlay-color":"","overlay-opacity":"","overlay-gradient":""},"tablet":{"background-color":"","background-image":"","background-repeat":"repeat","background-position":"center center","background-size":"auto","background-attachment":"scroll","background-type":"","background-media":"","overlay-type":"","overlay-color":"","overlay-opacity":"","overlay-gradient":""},"mobile":{"background-color":"","background-image":"","background-repeat":"repeat","background-position":"center center","background-size":"auto","background-attachment":"scroll","background-type":"","background-media":"","overlay-type":"","overlay-color":"","overlay-opacity":"","overlay-gradient":""}},"ast-content-background-meta":{"desktop":{"background-color":"var(--ast-global-color-5)","background-image":"","background-repeat":"repeat","background-position":"center center","background-size":"auto","background-attachment":"scroll","background-type":"","background-media":"","overlay-type":"","overlay-color":"","overlay-opacity":"","overlay-gradient":""},"tablet":{"background-color":"var(--ast-global-color-5)","background-image":"","background-repeat":"repeat","background-position":"center center","background-size":"auto","background-attachment":"scroll","background-type":"","background-media":"","overlay-type":"","overlay-color":"","overlay-opacity":"","overlay-gradient":""},"mobile":{"background-color":"var(--ast-global-color-5)","background-image":"","background-repeat":"repeat","background-position":"center center","background-size":"auto","background-attachment":"scroll","background-type":"","background-media":"","overlay-type":"","overlay-color":"","overlay-opacity":"","overlay-gradient":""}}},"product_brand":[],"product_cat":[3594,3793],"product_tag":[],"class_list":{"0":"post-287903","1":"product","2":"type-product","3":"status-publish","4":"has-post-thumbnail","6":"product_cat-abielusormused","7":"product_cat-abielusormuste-valmistamine","8":"desktop-align-center","9":"tablet-align-left","10":"mobile-align-left","11":"ast-product-gallery-layout-horizontal-slider","12":"ast-product-gallery-with-no-image","13":"ast-product-single-variable","14":"ast-product-tabs-layout-accordion","15":"ast-qv-on-image","17":"first","18":"instock","19":"taxable","20":"shipping-taxable","21":"purchasable","22":"product-type-variable"},"yoast_head":"<!-- This site is optimized with the Yoast SEO plugin v26.6 - https:\/\/yoast.com\/wordpress\/plugins\/seo\/ -->\n<title>klassikalise abielus\u00f5rmuse valmistamine<\/title>\n<meta name=\"description\" content=\"Valmistame selle abielus\u00f5rmuse teie kullast ja teile maksab vaid t\u00f6\u00f6! Kasutage vanemate v\u00f5i vanavanemate kulda, kullamurdu ja s\u00e4\u00e4stke!\" \/>\n<meta name=\"robots\" content=\"index, follow, max-snippet:-1, max-image-preview:large, max-video-preview:-1\" \/>\n<link rel=\"canonical\" href=\"https:\/\/fashiongold.lt\/et\/papuosalas\/abielusormus-klassika-35-mm-punasest-valgest-kollasest-kullast-valmistamine\/\" \/>\n<meta property=\"og:locale\" content=\"et_EE\" \/>\n<meta property=\"og:type\" content=\"article\" \/>\n<meta property=\"og:title\" content=\"klassikalise abielus\u00f5rmuse valmistamine\" \/>\n<meta property=\"og:description\" content=\"Valmistame selle abielus\u00f5rmuse teie kullast ja teile maksab vaid t\u00f6\u00f6! Kasutage vanemate v\u00f5i vanavanemate kulda, kullamurdu ja s\u00e4\u00e4stke!\" \/>\n<meta property=\"og:url\" content=\"https:\/\/fashiongold.lt\/et\/papuosalas\/abielusormus-klassika-35-mm-punasest-valgest-kollasest-kullast-valmistamine\/\" \/>\n<meta property=\"og:site_name\" content=\"FashionGold.lt\" \/>\n<meta property=\"og:image\" content=\"https:\/\/fashiongold.lt\/wp-content\/uploads\/2025\/10\/1980-de3-GAMYBA-VESTUVINIS-ZIEDAS-KLASIKA-2020-balto-aukso.webp\" \/>\n\t<meta property=\"og:image:width\" content=\"687\" \/>\n\t<meta property=\"og:image:height\" content=\"519\" \/>\n\t<meta property=\"og:image:type\" content=\"image\/jpeg\" \/>\n<meta name=\"twitter:card\" content=\"summary_large_image\" \/>\n<script type=\"application\/ld+json\" class=\"yoast-schema-graph\">{\"@context\":\"https:\/\/schema.org\",\"@graph\":[{\"@type\":\"WebPage\",\"@id\":\"https:\/\/fashiongold.lt\/et\/papuosalas\/abielusormus-klassika-35-mm-punasest-valgest-kollasest-kullast-valmistamine\/\",\"url\":\"https:\/\/fashiongold.lt\/et\/papuosalas\/abielusormus-klassika-35-mm-punasest-valgest-kollasest-kullast-valmistamine\/\",\"name\":\"klassikalise abielus\u00f5rmuse valmistamine\",\"isPartOf\":{\"@id\":\"https:\/\/fashiongold.lt\/et\/#website\"},\"primaryImageOfPage\":{\"@id\":\"https:\/\/fashiongold.lt\/et\/papuosalas\/abielusormus-klassika-35-mm-punasest-valgest-kollasest-kullast-valmistamine\/#primaryimage\"},\"image\":{\"@id\":\"https:\/\/fashiongold.lt\/et\/papuosalas\/abielusormus-klassika-35-mm-punasest-valgest-kollasest-kullast-valmistamine\/#primaryimage\"},\"thumbnailUrl\":\"https:\/\/fashiongold.lt\/wp-content\/uploads\/2025\/10\/1980-de3-GAMYBA-VESTUVINIS-ZIEDAS-KLASIKA-2020-balto-aukso.jpg\",\"datePublished\":\"2025-10-09T19:10:10+00:00\",\"description\":\"Valmistame selle abielus\u00f5rmuse teie kullast ja teile maksab vaid t\u00f6\u00f6! Kasutage vanemate v\u00f5i vanavanemate kulda, kullamurdu ja s\u00e4\u00e4stke!\",\"breadcrumb\":{\"@id\":\"https:\/\/fashiongold.lt\/et\/papuosalas\/abielusormus-klassika-35-mm-punasest-valgest-kollasest-kullast-valmistamine\/#breadcrumb\"},\"inLanguage\":\"et\",\"potentialAction\":[{\"@type\":\"ReadAction\",\"target\":[\"https:\/\/fashiongold.lt\/et\/papuosalas\/abielusormus-klassika-35-mm-punasest-valgest-kollasest-kullast-valmistamine\/\"]}]},{\"@type\":\"ImageObject\",\"inLanguage\":\"et\",\"@id\":\"https:\/\/fashiongold.lt\/et\/papuosalas\/abielusormus-klassika-35-mm-punasest-valgest-kollasest-kullast-valmistamine\/#primaryimage\",\"url\":\"https:\/\/fashiongold.lt\/wp-content\/uploads\/2025\/10\/1980-de3-GAMYBA-VESTUVINIS-ZIEDAS-KLASIKA-2020-balto-aukso.jpg\",\"contentUrl\":\"https:\/\/fashiongold.lt\/wp-content\/uploads\/2025\/10\/1980-de3-GAMYBA-VESTUVINIS-ZIEDAS-KLASIKA-2020-balto-aukso.jpg\",\"width\":687,\"height\":519},{\"@type\":\"BreadcrumbList\",\"@id\":\"https:\/\/fashiongold.lt\/et\/papuosalas\/abielusormus-klassika-35-mm-punasest-valgest-kollasest-kullast-valmistamine\/#breadcrumb\",\"itemListElement\":[{\"@type\":\"ListItem\",\"position\":1,\"name\":\"Home\",\"item\":\"https:\/\/fashiongold.lt\/et\/\"},{\"@type\":\"ListItem\",\"position\":2,\"name\":\"Teemantide pood Fashiongold.lt\",\"item\":\"https:\/\/fashiongold.lt\/shop-2\/\"},{\"@type\":\"ListItem\",\"position\":3,\"name\":\"ABIELUS\u00d5RMUS \u201eKLASSIKA\u201c 3,5 mm punasest, valgest, kollasest kullast VALMISTAMINE\"}]},{\"@type\":\"WebSite\",\"@id\":\"https:\/\/fashiongold.lt\/et\/#website\",\"url\":\"https:\/\/fashiongold.lt\/et\/\",\"name\":\"Fashion Gold\",\"description\":\"Juvelyrikos namai\",\"publisher\":{\"@id\":\"https:\/\/fashiongold.lt\/et\/#organization\"},\"potentialAction\":[{\"@type\":\"SearchAction\",\"target\":{\"@type\":\"EntryPoint\",\"urlTemplate\":\"https:\/\/fashiongold.lt\/et\/?s={search_term_string}\"},\"query-input\":{\"@type\":\"PropertyValueSpecification\",\"valueRequired\":true,\"valueName\":\"search_term_string\"}}],\"inLanguage\":\"et\"},{\"@type\":\"Organization\",\"@id\":\"https:\/\/fashiongold.lt\/et\/#organization\",\"name\":\"Topdiamonds Online\",\"url\":\"https:\/\/fashiongold.lt\/et\/\",\"logo\":{\"@type\":\"ImageObject\",\"inLanguage\":\"et\",\"@id\":\"https:\/\/fashiongold.lt\/et\/#\/schema\/logo\/image\/\",\"url\":\"https:\/\/fashiongold.lt\/wp-content\/uploads\/2025\/04\/cropped-fashion_gold_logotipas2-scaled-1.png\",\"contentUrl\":\"https:\/\/fashiongold.lt\/wp-content\/uploads\/2025\/04\/cropped-fashion_gold_logotipas2-scaled-1.png\",\"width\":2559,\"height\":421,\"caption\":\"Topdiamonds Online\"},\"image\":{\"@id\":\"https:\/\/fashiongold.lt\/et\/#\/schema\/logo\/image\/\"}}]}<\/script>\n<!-- \/ Yoast SEO plugin. -->","yoast_head_json":{"title":"klassikalise abielus\u00f5rmuse valmistamine","description":"Valmistame selle abielus\u00f5rmuse teie kullast ja teile maksab vaid t\u00f6\u00f6! Kasutage vanemate v\u00f5i vanavanemate kulda, kullamurdu ja s\u00e4\u00e4stke!","robots":{"index":"index","follow":"follow","max-snippet":"max-snippet:-1","max-image-preview":"max-image-preview:large","max-video-preview":"max-video-preview:-1"},"canonical":"https:\/\/fashiongold.lt\/et\/papuosalas\/abielusormus-klassika-35-mm-punasest-valgest-kollasest-kullast-valmistamine\/","og_locale":"et_EE","og_type":"article","og_title":"klassikalise abielus\u00f5rmuse valmistamine","og_description":"Valmistame selle abielus\u00f5rmuse teie kullast ja teile maksab vaid t\u00f6\u00f6! Kasutage vanemate v\u00f5i vanavanemate kulda, kullamurdu ja s\u00e4\u00e4stke!","og_url":"https:\/\/fashiongold.lt\/et\/papuosalas\/abielusormus-klassika-35-mm-punasest-valgest-kollasest-kullast-valmistamine\/","og_site_name":"FashionGold.lt","og_image":[{"width":687,"height":519,"url":"https:\/\/fashiongold.lt\/wp-content\/uploads\/2025\/10\/1980-de3-GAMYBA-VESTUVINIS-ZIEDAS-KLASIKA-2020-balto-aukso.webp","type":"image\/jpeg"}],"twitter_card":"summary_large_image","schema":{"@context":"https:\/\/schema.org","@graph":[{"@type":"WebPage","@id":"https:\/\/fashiongold.lt\/et\/papuosalas\/abielusormus-klassika-35-mm-punasest-valgest-kollasest-kullast-valmistamine\/","url":"https:\/\/fashiongold.lt\/et\/papuosalas\/abielusormus-klassika-35-mm-punasest-valgest-kollasest-kullast-valmistamine\/","name":"klassikalise abielus\u00f5rmuse valmistamine","isPartOf":{"@id":"https:\/\/fashiongold.lt\/et\/#website"},"primaryImageOfPage":{"@id":"https:\/\/fashiongold.lt\/et\/papuosalas\/abielusormus-klassika-35-mm-punasest-valgest-kollasest-kullast-valmistamine\/#primaryimage"},"image":{"@id":"https:\/\/fashiongold.lt\/et\/papuosalas\/abielusormus-klassika-35-mm-punasest-valgest-kollasest-kullast-valmistamine\/#primaryimage"},"thumbnailUrl":"https:\/\/fashiongold.lt\/wp-content\/uploads\/2025\/10\/1980-de3-GAMYBA-VESTUVINIS-ZIEDAS-KLASIKA-2020-balto-aukso.jpg","datePublished":"2025-10-09T19:10:10+00:00","description":"Valmistame selle abielus\u00f5rmuse teie kullast ja teile maksab vaid t\u00f6\u00f6! Kasutage vanemate v\u00f5i vanavanemate kulda, kullamurdu ja s\u00e4\u00e4stke!","breadcrumb":{"@id":"https:\/\/fashiongold.lt\/et\/papuosalas\/abielusormus-klassika-35-mm-punasest-valgest-kollasest-kullast-valmistamine\/#breadcrumb"},"inLanguage":"et","potentialAction":[{"@type":"ReadAction","target":["https:\/\/fashiongold.lt\/et\/papuosalas\/abielusormus-klassika-35-mm-punasest-valgest-kollasest-kullast-valmistamine\/"]}]},{"@type":"ImageObject","inLanguage":"et","@id":"https:\/\/fashiongold.lt\/et\/papuosalas\/abielusormus-klassika-35-mm-punasest-valgest-kollasest-kullast-valmistamine\/#primaryimage","url":"https:\/\/fashiongold.lt\/wp-content\/uploads\/2025\/10\/1980-de3-GAMYBA-VESTUVINIS-ZIEDAS-KLASIKA-2020-balto-aukso.jpg","contentUrl":"https:\/\/fashiongold.lt\/wp-content\/uploads\/2025\/10\/1980-de3-GAMYBA-VESTUVINIS-ZIEDAS-KLASIKA-2020-balto-aukso.jpg","width":687,"height":519},{"@type":"BreadcrumbList","@id":"https:\/\/fashiongold.lt\/et\/papuosalas\/abielusormus-klassika-35-mm-punasest-valgest-kollasest-kullast-valmistamine\/#breadcrumb","itemListElement":[{"@type":"ListItem","position":1,"name":"Home","item":"https:\/\/fashiongold.lt\/et\/"},{"@type":"ListItem","position":2,"name":"Teemantide pood Fashiongold.lt","item":"https:\/\/fashiongold.lt\/shop-2\/"},{"@type":"ListItem","position":3,"name":"ABIELUS\u00d5RMUS \u201eKLASSIKA\u201c 3,5 mm punasest, valgest, kollasest kullast VALMISTAMINE"}]},{"@type":"WebSite","@id":"https:\/\/fashiongold.lt\/et\/#website","url":"https:\/\/fashiongold.lt\/et\/","name":"Fashion Gold","description":"Juvelyrikos namai","publisher":{"@id":"https:\/\/fashiongold.lt\/et\/#organization"},"potentialAction":[{"@type":"SearchAction","target":{"@type":"EntryPoint","urlTemplate":"https:\/\/fashiongold.lt\/et\/?s={search_term_string}"},"query-input":{"@type":"PropertyValueSpecification","valueRequired":true,"valueName":"search_term_string"}}],"inLanguage":"et"},{"@type":"Organization","@id":"https:\/\/fashiongold.lt\/et\/#organization","name":"Topdiamonds Online","url":"https:\/\/fashiongold.lt\/et\/","logo":{"@type":"ImageObject","inLanguage":"et","@id":"https:\/\/fashiongold.lt\/et\/#\/schema\/logo\/image\/","url":"https:\/\/fashiongold.lt\/wp-content\/uploads\/2025\/04\/cropped-fashion_gold_logotipas2-scaled-1.png","contentUrl":"https:\/\/fashiongold.lt\/wp-content\/uploads\/2025\/04\/cropped-fashion_gold_logotipas2-scaled-1.png","width":2559,"height":421,"caption":"Topdiamonds Online"},"image":{"@id":"https:\/\/fashiongold.lt\/et\/#\/schema\/logo\/image\/"}}]}},"_links":{"self":[{"href":"https:\/\/fashiongold.lt\/et\/wp-json\/wp\/v2\/product\/287903","targetHints":{"allow":["GET"]}}],"collection":[{"href":"https:\/\/fashiongold.lt\/et\/wp-json\/wp\/v2\/product"}],"about":[{"href":"https:\/\/fashiongold.lt\/et\/wp-json\/wp\/v2\/types\/product"}],"version-history":[{"count":0,"href":"https:\/\/fashiongold.lt\/et\/wp-json\/wp\/v2\/product\/287903\/revisions"}],"wp:featuredmedia":[{"embeddable":true,"href":"https:\/\/fashiongold.lt\/et\/wp-json\/wp\/v2\/media\/58833"}],"wp:attachment":[{"href":"https:\/\/fashiongold.lt\/et\/wp-json\/wp\/v2\/media?parent=287903"}],"wp:term":[{"taxonomy":"product_brand","embeddable":true,"href":"https:\/\/fashiongold.lt\/et\/wp-json\/wp\/v2\/product_brand?post=287903"},{"taxonomy":"product_cat","embeddable":true,"href":"https:\/\/fashiongold.lt\/et\/wp-json\/wp\/v2\/product_cat?post=287903"},{"taxonomy":"product_tag","embeddable":true,"href":"https:\/\/fashiongold.lt\/et\/wp-json\/wp\/v2\/product_tag?post=287903"}],"curies":[{"name":"wp","href":"https:\/\/api.w.org\/{rel}","templated":true}]}}