{"id":287983,"date":"2025-10-09T19:04:18","date_gmt":"2025-10-09T19:04:18","guid":{"rendered":"https:\/\/fashiongold.lt\/papuosalas\/rubiini-suudlus-sormus-rubiini-ja-teemantidega\/"},"modified":"2026-02-17T06:45:27","modified_gmt":"2026-02-17T06:45:27","slug":"rubiini-suudlus-sormus-rubiini-ja-teemantidega","status":"publish","type":"product","link":"https:\/\/fashiongold.lt\/et\/papuosalas\/rubiini-suudlus-sormus-rubiini-ja-teemantidega\/","title":{"rendered":"Rubiini suudlus \u2013 S\u00f5rmus rubiini ja teemantidega"},"content":{"rendered":"<p>Maagiline s\u00f5rmus rubiini ja teemantidega. Klassikalise disainiga, lillekujulise krooni sees on \u00fcmmargune rubiin, mida \u00fcmbritsevad v\u00e4ikesed teemandid. Sobib kihlumiseks ja erilisteks puhkudeks. T\u00e4itke hetked v\u00e4rvidega.<\/p>\n<p>\u201eFashion Gold\u201d juvelyrimeistrite loodud kihlas\u00f5rmus on eriti k\u00f5rge kvaliteediga, m\u00e4rgistatud Leedu Proovikoja sertifikaadiga ja eriti atraktiivse hinnaga. See on ehe, mida saab p\u00e4randada p\u00f5lvest p\u00f5lve kui perekonnareliikviat, sest ei kuld ega ehtsad v\u00e4\u00e4riskivid kaota kunagi oma v\u00e4\u00e4rtust. Seda kulds\u00f5rmust saab tellida nii salongist kui ka internetist.\u00a0<\/p>\n<p>Kihlas\u00f5rmuse kaal &#8211; 1,50-1,90 g<\/p>\n<p>Kulla v\u00e4rvus &#8211;\u00a0valge<\/p>\n<p><span>Briljandid &#8211; kaal 0,08 ct, v\u00e4rvus H, puhtus SI<\/span><\/p>\n<p><span>Safiiri\u00a0kaal &#8211; 0,15 ct<\/span><\/p>\n<p><span>Ehte tellimisel tarnime selle\u00a07-14 t\u00f6\u00f6p\u00e4eva jooksul.\u00a0<\/span><\/p>\n<p><span>V\u00f5imalik tasuta graveerimine. S\u00f5rmusel on Leedu Proovikoja sertifikaat.<\/span><\/p>\n<p><span>Kihlas\u00f5rmused on \u00fcks \u201eFashion Gold&#8221; tegevusvaldkondi. Salongist leiate ka abielus\u00f5rmuseid, ehteid naistele, meestele, lastele erinevateks puhkudeks, m\u00fcnte, kullakangeid.<\/span><\/p>\n<p><span>PAKUME KIHLAS\u00d5RMUSEID JA TEISI EHTEID ERITELLIMUSEL NING VASTAVALT TEIE INDIVIDUAALSETELE SOOVIDELE. V\u00d5TKE \u00dcHENDUST info@fashiongold.lt<\/span><\/p><\/p>\n","protected":false},"excerpt":{"rendered":"<p>Maagiline s\u00f5rmus rubiini ja teemantidega. Klassikalise disainiga, lillekujulises kroonis on \u00fcmmargune rubiin, mida \u00fcmbritsevad v\u00e4ikesed teemandid. Sobib kihlumiseks ja erilisteks puhkudeks.<\/p>\n","protected":false},"featured_media":58387,"template":"","meta":{"site-sidebar-layout":"","site-content-layout":"","ast-site-content-layout":"","site-content-style":"","site-sidebar-style":"","ast-global-header-display":"","ast-banner-title-visibility":"","ast-main-header-display":"","ast-hfb-above-header-display":"","ast-hfb-below-header-display":"","ast-hfb-mobile-header-display":"","site-post-title":"","ast-breadcrumbs-content":"","ast-featured-img":"","footer-sml-layout":"","ast-disable-related-posts":"","theme-transparent-header-meta":"","adv-header-id-meta":"","stick-header-meta":"","header-above-stick-meta":"","header-main-stick-meta":"","header-below-stick-meta":"","astra-migrate-meta-layouts":"default","ast-page-background-enabled":"default","ast-page-background-meta":{"desktop":{"background-color":"var(--ast-global-color-4)","background-image":"","background-repeat":"repeat","background-position":"center center","background-size":"auto","background-attachment":"scroll","background-type":"","background-media":"","overlay-type":"","overlay-color":"","overlay-opacity":"","overlay-gradient":""},"tablet":{"background-color":"","background-image":"","background-repeat":"repeat","background-position":"center center","background-size":"auto","background-attachment":"scroll","background-type":"","background-media":"","overlay-type":"","overlay-color":"","overlay-opacity":"","overlay-gradient":""},"mobile":{"background-color":"","background-image":"","background-repeat":"repeat","background-position":"center center","background-size":"auto","background-attachment":"scroll","background-type":"","background-media":"","overlay-type":"","overlay-color":"","overlay-opacity":"","overlay-gradient":""}},"ast-content-background-meta":{"desktop":{"background-color":"var(--ast-global-color-5)","background-image":"","background-repeat":"repeat","background-position":"center center","background-size":"auto","background-attachment":"scroll","background-type":"","background-media":"","overlay-type":"","overlay-color":"","overlay-opacity":"","overlay-gradient":""},"tablet":{"background-color":"var(--ast-global-color-5)","background-image":"","background-repeat":"repeat","background-position":"center center","background-size":"auto","background-attachment":"scroll","background-type":"","background-media":"","overlay-type":"","overlay-color":"","overlay-opacity":"","overlay-gradient":""},"mobile":{"background-color":"var(--ast-global-color-5)","background-image":"","background-repeat":"repeat","background-position":"center center","background-size":"auto","background-attachment":"scroll","background-type":"","background-media":"","overlay-type":"","overlay-color":"","overlay-opacity":"","overlay-gradient":""}}},"product_brand":[],"product_cat":[3452,3055,3450,3574],"product_tag":[],"class_list":{"0":"post-287983","1":"product","2":"type-product","3":"status-publish","4":"has-post-thumbnail","6":"product_cat-punane-vaariskivi","7":"product_cat-punaste-vaariskividega-ehted","8":"product_cat-rubiin-rubiinidega-ehted","9":"product_cat-soodusmuuk","10":"desktop-align-center","11":"tablet-align-left","12":"mobile-align-left","13":"ast-product-gallery-layout-horizontal-slider","14":"ast-product-gallery-with-no-image","15":"ast-product-single-variable","16":"ast-product-tabs-layout-accordion","17":"ast-qv-on-image","19":"first","20":"instock","21":"taxable","22":"shipping-taxable","23":"purchasable","24":"product-type-variable"},"yoast_head":"<!-- This site is optimized with the Yoast SEO plugin v26.6 - https:\/\/yoast.com\/wordpress\/plugins\/seo\/ -->\n<title>Rubiini ja teemantidega s\u00f5rmus - Rubiini suudlus<\/title>\n<meta name=\"description\" content=\"Klassikalise disainiga lillekujulises raamis on \u00fcmmargune rubiin, mida \u00fcmbritsevad v\u00e4ikesed teemandid. Sobib kihluseks ja erilisteks puhkudeks.\" \/>\n<meta name=\"robots\" content=\"index, follow, max-snippet:-1, max-image-preview:large, max-video-preview:-1\" \/>\n<link rel=\"canonical\" href=\"https:\/\/fashiongold.lt\/et\/papuosalas\/rubiini-suudlus-sormus-rubiini-ja-teemantidega\/\" \/>\n<meta property=\"og:locale\" content=\"et_EE\" \/>\n<meta property=\"og:type\" content=\"article\" \/>\n<meta property=\"og:title\" content=\"Rubiini ja teemantidega s\u00f5rmus - Rubiini suudlus\" \/>\n<meta property=\"og:description\" content=\"Klassikalise disainiga lillekujulises raamis on \u00fcmmargune rubiin, mida \u00fcmbritsevad v\u00e4ikesed teemandid. Sobib kihluseks ja erilisteks puhkudeks.\" \/>\n<meta property=\"og:url\" content=\"https:\/\/fashiongold.lt\/et\/papuosalas\/rubiini-suudlus-sormus-rubiini-ja-teemantidega\/\" \/>\n<meta property=\"og:site_name\" content=\"FashionGold.lt\" \/>\n<meta property=\"article:modified_time\" content=\"2026-02-17T06:45:27+00:00\" \/>\n<meta property=\"og:image\" content=\"https:\/\/fashiongold.lt\/wp-content\/uploads\/2025\/10\/1950-fc0-Suzadetuviu-ziedas-Bucinys-su-rubinu.webp\" \/>\n\t<meta property=\"og:image:width\" content=\"516\" \/>\n\t<meta property=\"og:image:height\" content=\"463\" \/>\n\t<meta property=\"og:image:type\" content=\"image\/jpeg\" \/>\n<meta name=\"twitter:card\" content=\"summary_large_image\" \/>\n<meta name=\"twitter:label1\" content=\"Est. reading time\" \/>\n\t<meta name=\"twitter:data1\" content=\"1 minut\" \/>\n<script type=\"application\/ld+json\" class=\"yoast-schema-graph\">{\"@context\":\"https:\/\/schema.org\",\"@graph\":[{\"@type\":\"WebPage\",\"@id\":\"https:\/\/fashiongold.lt\/et\/papuosalas\/rubiini-suudlus-sormus-rubiini-ja-teemantidega\/\",\"url\":\"https:\/\/fashiongold.lt\/et\/papuosalas\/rubiini-suudlus-sormus-rubiini-ja-teemantidega\/\",\"name\":\"Rubiini ja teemantidega s\u00f5rmus - Rubiini suudlus\",\"isPartOf\":{\"@id\":\"https:\/\/fashiongold.lt\/et\/#website\"},\"primaryImageOfPage\":{\"@id\":\"https:\/\/fashiongold.lt\/et\/papuosalas\/rubiini-suudlus-sormus-rubiini-ja-teemantidega\/#primaryimage\"},\"image\":{\"@id\":\"https:\/\/fashiongold.lt\/et\/papuosalas\/rubiini-suudlus-sormus-rubiini-ja-teemantidega\/#primaryimage\"},\"thumbnailUrl\":\"https:\/\/fashiongold.lt\/wp-content\/uploads\/2025\/10\/1950-fc0-Suzadetuviu-ziedas-Bucinys-su-rubinu.jpg\",\"datePublished\":\"2025-10-09T19:04:18+00:00\",\"dateModified\":\"2026-02-17T06:45:27+00:00\",\"description\":\"Klassikalise disainiga lillekujulises raamis on \u00fcmmargune rubiin, mida \u00fcmbritsevad v\u00e4ikesed teemandid. Sobib kihluseks ja erilisteks puhkudeks.\",\"breadcrumb\":{\"@id\":\"https:\/\/fashiongold.lt\/et\/papuosalas\/rubiini-suudlus-sormus-rubiini-ja-teemantidega\/#breadcrumb\"},\"inLanguage\":\"et\",\"potentialAction\":[{\"@type\":\"ReadAction\",\"target\":[\"https:\/\/fashiongold.lt\/et\/papuosalas\/rubiini-suudlus-sormus-rubiini-ja-teemantidega\/\"]}]},{\"@type\":\"ImageObject\",\"inLanguage\":\"et\",\"@id\":\"https:\/\/fashiongold.lt\/et\/papuosalas\/rubiini-suudlus-sormus-rubiini-ja-teemantidega\/#primaryimage\",\"url\":\"https:\/\/fashiongold.lt\/wp-content\/uploads\/2025\/10\/1950-fc0-Suzadetuviu-ziedas-Bucinys-su-rubinu.jpg\",\"contentUrl\":\"https:\/\/fashiongold.lt\/wp-content\/uploads\/2025\/10\/1950-fc0-Suzadetuviu-ziedas-Bucinys-su-rubinu.jpg\",\"width\":516,\"height\":463},{\"@type\":\"BreadcrumbList\",\"@id\":\"https:\/\/fashiongold.lt\/et\/papuosalas\/rubiini-suudlus-sormus-rubiini-ja-teemantidega\/#breadcrumb\",\"itemListElement\":[{\"@type\":\"ListItem\",\"position\":1,\"name\":\"Home\",\"item\":\"https:\/\/fashiongold.lt\/et\/\"},{\"@type\":\"ListItem\",\"position\":2,\"name\":\"Teemantide pood Fashiongold.lt\",\"item\":\"https:\/\/fashiongold.lt\/shop-2\/\"},{\"@type\":\"ListItem\",\"position\":3,\"name\":\"Rubiini suudlus \u2013 S\u00f5rmus rubiini ja teemantidega\"}]},{\"@type\":\"WebSite\",\"@id\":\"https:\/\/fashiongold.lt\/et\/#website\",\"url\":\"https:\/\/fashiongold.lt\/et\/\",\"name\":\"Fashion Gold\",\"description\":\"Juvelyrikos namai\",\"publisher\":{\"@id\":\"https:\/\/fashiongold.lt\/et\/#organization\"},\"potentialAction\":[{\"@type\":\"SearchAction\",\"target\":{\"@type\":\"EntryPoint\",\"urlTemplate\":\"https:\/\/fashiongold.lt\/et\/?s={search_term_string}\"},\"query-input\":{\"@type\":\"PropertyValueSpecification\",\"valueRequired\":true,\"valueName\":\"search_term_string\"}}],\"inLanguage\":\"et\"},{\"@type\":\"Organization\",\"@id\":\"https:\/\/fashiongold.lt\/et\/#organization\",\"name\":\"Topdiamonds Online\",\"url\":\"https:\/\/fashiongold.lt\/et\/\",\"logo\":{\"@type\":\"ImageObject\",\"inLanguage\":\"et\",\"@id\":\"https:\/\/fashiongold.lt\/et\/#\/schema\/logo\/image\/\",\"url\":\"https:\/\/fashiongold.lt\/wp-content\/uploads\/2025\/04\/cropped-fashion_gold_logotipas2-scaled-1.png\",\"contentUrl\":\"https:\/\/fashiongold.lt\/wp-content\/uploads\/2025\/04\/cropped-fashion_gold_logotipas2-scaled-1.png\",\"width\":2559,\"height\":421,\"caption\":\"Topdiamonds Online\"},\"image\":{\"@id\":\"https:\/\/fashiongold.lt\/et\/#\/schema\/logo\/image\/\"}}]}<\/script>\n<!-- \/ Yoast SEO plugin. -->","yoast_head_json":{"title":"Rubiini ja teemantidega s\u00f5rmus - Rubiini suudlus","description":"Klassikalise disainiga lillekujulises raamis on \u00fcmmargune rubiin, mida \u00fcmbritsevad v\u00e4ikesed teemandid. Sobib kihluseks ja erilisteks puhkudeks.","robots":{"index":"index","follow":"follow","max-snippet":"max-snippet:-1","max-image-preview":"max-image-preview:large","max-video-preview":"max-video-preview:-1"},"canonical":"https:\/\/fashiongold.lt\/et\/papuosalas\/rubiini-suudlus-sormus-rubiini-ja-teemantidega\/","og_locale":"et_EE","og_type":"article","og_title":"Rubiini ja teemantidega s\u00f5rmus - Rubiini suudlus","og_description":"Klassikalise disainiga lillekujulises raamis on \u00fcmmargune rubiin, mida \u00fcmbritsevad v\u00e4ikesed teemandid. Sobib kihluseks ja erilisteks puhkudeks.","og_url":"https:\/\/fashiongold.lt\/et\/papuosalas\/rubiini-suudlus-sormus-rubiini-ja-teemantidega\/","og_site_name":"FashionGold.lt","article_modified_time":"2026-02-17T06:45:27+00:00","og_image":[{"width":516,"height":463,"url":"https:\/\/fashiongold.lt\/wp-content\/uploads\/2025\/10\/1950-fc0-Suzadetuviu-ziedas-Bucinys-su-rubinu.webp","type":"image\/jpeg"}],"twitter_card":"summary_large_image","twitter_misc":{"Est. reading time":"1 minut"},"schema":{"@context":"https:\/\/schema.org","@graph":[{"@type":"WebPage","@id":"https:\/\/fashiongold.lt\/et\/papuosalas\/rubiini-suudlus-sormus-rubiini-ja-teemantidega\/","url":"https:\/\/fashiongold.lt\/et\/papuosalas\/rubiini-suudlus-sormus-rubiini-ja-teemantidega\/","name":"Rubiini ja teemantidega s\u00f5rmus - Rubiini suudlus","isPartOf":{"@id":"https:\/\/fashiongold.lt\/et\/#website"},"primaryImageOfPage":{"@id":"https:\/\/fashiongold.lt\/et\/papuosalas\/rubiini-suudlus-sormus-rubiini-ja-teemantidega\/#primaryimage"},"image":{"@id":"https:\/\/fashiongold.lt\/et\/papuosalas\/rubiini-suudlus-sormus-rubiini-ja-teemantidega\/#primaryimage"},"thumbnailUrl":"https:\/\/fashiongold.lt\/wp-content\/uploads\/2025\/10\/1950-fc0-Suzadetuviu-ziedas-Bucinys-su-rubinu.jpg","datePublished":"2025-10-09T19:04:18+00:00","dateModified":"2026-02-17T06:45:27+00:00","description":"Klassikalise disainiga lillekujulises raamis on \u00fcmmargune rubiin, mida \u00fcmbritsevad v\u00e4ikesed teemandid. Sobib kihluseks ja erilisteks puhkudeks.","breadcrumb":{"@id":"https:\/\/fashiongold.lt\/et\/papuosalas\/rubiini-suudlus-sormus-rubiini-ja-teemantidega\/#breadcrumb"},"inLanguage":"et","potentialAction":[{"@type":"ReadAction","target":["https:\/\/fashiongold.lt\/et\/papuosalas\/rubiini-suudlus-sormus-rubiini-ja-teemantidega\/"]}]},{"@type":"ImageObject","inLanguage":"et","@id":"https:\/\/fashiongold.lt\/et\/papuosalas\/rubiini-suudlus-sormus-rubiini-ja-teemantidega\/#primaryimage","url":"https:\/\/fashiongold.lt\/wp-content\/uploads\/2025\/10\/1950-fc0-Suzadetuviu-ziedas-Bucinys-su-rubinu.jpg","contentUrl":"https:\/\/fashiongold.lt\/wp-content\/uploads\/2025\/10\/1950-fc0-Suzadetuviu-ziedas-Bucinys-su-rubinu.jpg","width":516,"height":463},{"@type":"BreadcrumbList","@id":"https:\/\/fashiongold.lt\/et\/papuosalas\/rubiini-suudlus-sormus-rubiini-ja-teemantidega\/#breadcrumb","itemListElement":[{"@type":"ListItem","position":1,"name":"Home","item":"https:\/\/fashiongold.lt\/et\/"},{"@type":"ListItem","position":2,"name":"Teemantide pood Fashiongold.lt","item":"https:\/\/fashiongold.lt\/shop-2\/"},{"@type":"ListItem","position":3,"name":"Rubiini suudlus \u2013 S\u00f5rmus rubiini ja teemantidega"}]},{"@type":"WebSite","@id":"https:\/\/fashiongold.lt\/et\/#website","url":"https:\/\/fashiongold.lt\/et\/","name":"Fashion Gold","description":"Juvelyrikos namai","publisher":{"@id":"https:\/\/fashiongold.lt\/et\/#organization"},"potentialAction":[{"@type":"SearchAction","target":{"@type":"EntryPoint","urlTemplate":"https:\/\/fashiongold.lt\/et\/?s={search_term_string}"},"query-input":{"@type":"PropertyValueSpecification","valueRequired":true,"valueName":"search_term_string"}}],"inLanguage":"et"},{"@type":"Organization","@id":"https:\/\/fashiongold.lt\/et\/#organization","name":"Topdiamonds Online","url":"https:\/\/fashiongold.lt\/et\/","logo":{"@type":"ImageObject","inLanguage":"et","@id":"https:\/\/fashiongold.lt\/et\/#\/schema\/logo\/image\/","url":"https:\/\/fashiongold.lt\/wp-content\/uploads\/2025\/04\/cropped-fashion_gold_logotipas2-scaled-1.png","contentUrl":"https:\/\/fashiongold.lt\/wp-content\/uploads\/2025\/04\/cropped-fashion_gold_logotipas2-scaled-1.png","width":2559,"height":421,"caption":"Topdiamonds Online"},"image":{"@id":"https:\/\/fashiongold.lt\/et\/#\/schema\/logo\/image\/"}}]}},"_links":{"self":[{"href":"https:\/\/fashiongold.lt\/et\/wp-json\/wp\/v2\/product\/287983","targetHints":{"allow":["GET"]}}],"collection":[{"href":"https:\/\/fashiongold.lt\/et\/wp-json\/wp\/v2\/product"}],"about":[{"href":"https:\/\/fashiongold.lt\/et\/wp-json\/wp\/v2\/types\/product"}],"version-history":[{"count":0,"href":"https:\/\/fashiongold.lt\/et\/wp-json\/wp\/v2\/product\/287983\/revisions"}],"wp:featuredmedia":[{"embeddable":true,"href":"https:\/\/fashiongold.lt\/et\/wp-json\/wp\/v2\/media\/58387"}],"wp:attachment":[{"href":"https:\/\/fashiongold.lt\/et\/wp-json\/wp\/v2\/media?parent=287983"}],"wp:term":[{"taxonomy":"product_brand","embeddable":true,"href":"https:\/\/fashiongold.lt\/et\/wp-json\/wp\/v2\/product_brand?post=287983"},{"taxonomy":"product_cat","embeddable":true,"href":"https:\/\/fashiongold.lt\/et\/wp-json\/wp\/v2\/product_cat?post=287983"},{"taxonomy":"product_tag","embeddable":true,"href":"https:\/\/fashiongold.lt\/et\/wp-json\/wp\/v2\/product_tag?post=287983"}],"curies":[{"name":"wp","href":"https:\/\/api.w.org\/{rel}","templated":true}]}}