{"id":287998,"date":"2025-10-09T19:01:50","date_gmt":"2025-10-09T19:01:50","guid":{"rendered":"https:\/\/fashiongold.lt\/papuosalas\/topaasikuninganna-moodne-sormus-topaasi-ja-teemantidega\/"},"modified":"2026-02-17T06:45:40","modified_gmt":"2026-02-17T06:45:40","slug":"topaasikuninganna-moodne-sormus-topaasi-ja-teemantidega","status":"publish","type":"product","link":"https:\/\/fashiongold.lt\/et\/papuosalas\/topaasikuninganna-moodne-sormus-topaasi-ja-teemantidega\/","title":{"rendered":"Topaasikuninganna \u2013 Moodne s\u00f5rmus topaasi ja teemantidega"},"content":{"rendered":"<p>Kaasaegne s\u00f5rmus, mille keskel on ehtne helesinine topaas ja teemandid, mida \u00fcmbritseb m\u00f5lemalt poolt elegantne kuldjoon. Suurep\u00e4rane valik kihlumiseks ja erilisteks s\u00fcndmusteks.<\/p>\n<p>\u201eFashion Gold\u201d juvelyrimeistrite loodud kihlas\u00f5rmus on erakordselt k\u00f5rge kvaliteediga, varustatud Leedu Proovikoja sertifikaadiga ning saadaval v\u00e4ga atraktiivse hinnaga. See on ehe, mida saab p\u00e4randada p\u00f5lvest p\u00f5lve kui perekonnareliikviat, sest kuld ega ehtsad v\u00e4\u00e4riskivid ei kaota kunagi oma v\u00e4\u00e4rtust. Seda kulds\u00f5rmust saab tellida nii salongist kui ka internetist.\u00a0<\/p>\n<p>Kihlas\u00f5rmuse kaal &#8211; 1,90-2,30 g<\/p>\n<p>Kulla v\u00e4rvus &#8211;\u00a0valge<\/p>\n<p><span>Topaasi kaal &#8211; 0,50 ct<\/span><\/p>\n<p><span><span>Briljandid &#8211; kaal 0,05 ct, H\/SI<\/span><\/span><\/p>\n<p><span>P\u00e4rast ehte tellimist toimetame selle kohale 7-14 t\u00f6\u00f6p\u00e4eva jooksul.\u00a0<\/span><\/p>\n<p><span>V\u00f5imalik tasuta graveerimine. S\u00f5rmusega on kaasas Leedu Proovikoja sertifikaat.<\/span><\/p>\n<p><span>Kihlas\u00f5rmused on \u00fcks \u201eFashion Gold&#8221; tegevusvaldkondi. Salongist leiate ka abielus\u00f5rmuseid, ehteid naistele, meestele ja lastele erinevateks puhkudeks, m\u00fcnte ning kullakange.<\/span><\/p>\n<p><span>PAKUME KIHLAS\u00d5RMUSEID JA MUID EHTEID ERITELLIMUSEL NING VASTAVALT TEIE INDIVIDUAALSETELE SOOVIDELE. V\u00d5TKE \u00dcHENDUST info@fashiongold.lt<\/span><\/p><\/p>\n","protected":false},"excerpt":{"rendered":"<p>Elegantne s\u00f5rmus sinise topaasi ja teemantidega, mida \u00fcmbritseb kuldne joon. Suurep\u00e4rane valik kihlumiseks ja erilisteks puhkudeks.<\/p>\n","protected":false},"featured_media":58198,"template":"","meta":{"site-sidebar-layout":"","site-content-layout":"","ast-site-content-layout":"","site-content-style":"","site-sidebar-style":"","ast-global-header-display":"","ast-banner-title-visibility":"","ast-main-header-display":"","ast-hfb-above-header-display":"","ast-hfb-below-header-display":"","ast-hfb-mobile-header-display":"","site-post-title":"","ast-breadcrumbs-content":"","ast-featured-img":"","footer-sml-layout":"","ast-disable-related-posts":"","theme-transparent-header-meta":"","adv-header-id-meta":"","stick-header-meta":"","header-above-stick-meta":"","header-main-stick-meta":"","header-below-stick-meta":"","astra-migrate-meta-layouts":"default","ast-page-background-enabled":"default","ast-page-background-meta":{"desktop":{"background-color":"var(--ast-global-color-4)","background-image":"","background-repeat":"repeat","background-position":"center center","background-size":"auto","background-attachment":"scroll","background-type":"","background-media":"","overlay-type":"","overlay-color":"","overlay-opacity":"","overlay-gradient":""},"tablet":{"background-color":"","background-image":"","background-repeat":"repeat","background-position":"center center","background-size":"auto","background-attachment":"scroll","background-type":"","background-media":"","overlay-type":"","overlay-color":"","overlay-opacity":"","overlay-gradient":""},"mobile":{"background-color":"","background-image":"","background-repeat":"repeat","background-position":"center center","background-size":"auto","background-attachment":"scroll","background-type":"","background-media":"","overlay-type":"","overlay-color":"","overlay-opacity":"","overlay-gradient":""}},"ast-content-background-meta":{"desktop":{"background-color":"var(--ast-global-color-5)","background-image":"","background-repeat":"repeat","background-position":"center center","background-size":"auto","background-attachment":"scroll","background-type":"","background-media":"","overlay-type":"","overlay-color":"","overlay-opacity":"","overlay-gradient":""},"tablet":{"background-color":"var(--ast-global-color-5)","background-image":"","background-repeat":"repeat","background-position":"center center","background-size":"auto","background-attachment":"scroll","background-type":"","background-media":"","overlay-type":"","overlay-color":"","overlay-opacity":"","overlay-gradient":""},"mobile":{"background-color":"var(--ast-global-color-5)","background-image":"","background-repeat":"repeat","background-position":"center center","background-size":"auto","background-attachment":"scroll","background-type":"","background-media":"","overlay-type":"","overlay-color":"","overlay-opacity":"","overlay-gradient":""}}},"product_brand":[],"product_cat":[3448,2847,3574],"product_tag":[],"class_list":{"0":"post-287998","1":"product","2":"type-product","3":"status-publish","4":"has-post-thumbnail","6":"product_cat-sinine-vaariskivi","7":"product_cat-siniste-vaariskividega-ehted","8":"product_cat-soodusmuuk","9":"desktop-align-center","10":"tablet-align-left","11":"mobile-align-left","12":"ast-product-gallery-layout-horizontal-slider","13":"ast-product-gallery-with-no-image","14":"ast-product-single-variable","15":"ast-product-tabs-layout-accordion","16":"ast-qv-on-image","18":"first","19":"instock","20":"taxable","21":"shipping-taxable","22":"purchasable","23":"product-type-variable"},"yoast_head":"<!-- This site is optimized with the Yoast SEO plugin v26.6 - https:\/\/yoast.com\/wordpress\/plugins\/seo\/ -->\n<title>Moodne s\u00f5rmus topaasi ja teemantidega - Topaasikuninganna<\/title>\n<meta name=\"description\" content=\"Elegantne s\u00f5rmus helesinise topaasi ja teemantidega, mida \u00fcmbritseb kuldne joon. Suurep\u00e4rane valik kihluseks ja erilisteks puhkudeks.\" \/>\n<meta name=\"robots\" content=\"index, follow, max-snippet:-1, max-image-preview:large, max-video-preview:-1\" \/>\n<link rel=\"canonical\" href=\"https:\/\/fashiongold.lt\/et\/papuosalas\/topaasikuninganna-moodne-sormus-topaasi-ja-teemantidega\/\" \/>\n<meta property=\"og:locale\" content=\"et_EE\" \/>\n<meta property=\"og:type\" content=\"article\" \/>\n<meta property=\"og:title\" content=\"Moodne s\u00f5rmus topaasi ja teemantidega - Topaasikuninganna\" \/>\n<meta property=\"og:description\" content=\"Elegantne s\u00f5rmus helesinise topaasi ja teemantidega, mida \u00fcmbritseb kuldne joon. Suurep\u00e4rane valik kihluseks ja erilisteks puhkudeks.\" \/>\n<meta property=\"og:url\" content=\"https:\/\/fashiongold.lt\/et\/papuosalas\/topaasikuninganna-moodne-sormus-topaasi-ja-teemantidega\/\" \/>\n<meta property=\"og:site_name\" content=\"FashionGold.lt\" \/>\n<meta property=\"article:modified_time\" content=\"2026-02-17T06:45:40+00:00\" \/>\n<meta property=\"og:image\" content=\"https:\/\/fashiongold.lt\/wp-content\/uploads\/2025\/10\/1940-acf-Suzadetuviu-ziedas-Auksine-linija-su-safyru.webp\" \/>\n\t<meta property=\"og:image:width\" content=\"520\" \/>\n\t<meta property=\"og:image:height\" content=\"464\" \/>\n\t<meta property=\"og:image:type\" content=\"image\/jpeg\" \/>\n<meta name=\"twitter:card\" content=\"summary_large_image\" \/>\n<meta name=\"twitter:label1\" content=\"Est. reading time\" \/>\n\t<meta name=\"twitter:data1\" content=\"1 minut\" \/>\n<script type=\"application\/ld+json\" class=\"yoast-schema-graph\">{\"@context\":\"https:\/\/schema.org\",\"@graph\":[{\"@type\":\"WebPage\",\"@id\":\"https:\/\/fashiongold.lt\/et\/papuosalas\/topaasikuninganna-moodne-sormus-topaasi-ja-teemantidega\/\",\"url\":\"https:\/\/fashiongold.lt\/et\/papuosalas\/topaasikuninganna-moodne-sormus-topaasi-ja-teemantidega\/\",\"name\":\"Moodne s\u00f5rmus topaasi ja teemantidega - Topaasikuninganna\",\"isPartOf\":{\"@id\":\"https:\/\/fashiongold.lt\/et\/#website\"},\"primaryImageOfPage\":{\"@id\":\"https:\/\/fashiongold.lt\/et\/papuosalas\/topaasikuninganna-moodne-sormus-topaasi-ja-teemantidega\/#primaryimage\"},\"image\":{\"@id\":\"https:\/\/fashiongold.lt\/et\/papuosalas\/topaasikuninganna-moodne-sormus-topaasi-ja-teemantidega\/#primaryimage\"},\"thumbnailUrl\":\"https:\/\/fashiongold.lt\/wp-content\/uploads\/2025\/10\/1940-acf-Suzadetuviu-ziedas-Auksine-linija-su-safyru.jpg\",\"datePublished\":\"2025-10-09T19:01:50+00:00\",\"dateModified\":\"2026-02-17T06:45:40+00:00\",\"description\":\"Elegantne s\u00f5rmus helesinise topaasi ja teemantidega, mida \u00fcmbritseb kuldne joon. Suurep\u00e4rane valik kihluseks ja erilisteks puhkudeks.\",\"breadcrumb\":{\"@id\":\"https:\/\/fashiongold.lt\/et\/papuosalas\/topaasikuninganna-moodne-sormus-topaasi-ja-teemantidega\/#breadcrumb\"},\"inLanguage\":\"et\",\"potentialAction\":[{\"@type\":\"ReadAction\",\"target\":[\"https:\/\/fashiongold.lt\/et\/papuosalas\/topaasikuninganna-moodne-sormus-topaasi-ja-teemantidega\/\"]}]},{\"@type\":\"ImageObject\",\"inLanguage\":\"et\",\"@id\":\"https:\/\/fashiongold.lt\/et\/papuosalas\/topaasikuninganna-moodne-sormus-topaasi-ja-teemantidega\/#primaryimage\",\"url\":\"https:\/\/fashiongold.lt\/wp-content\/uploads\/2025\/10\/1940-acf-Suzadetuviu-ziedas-Auksine-linija-su-safyru.jpg\",\"contentUrl\":\"https:\/\/fashiongold.lt\/wp-content\/uploads\/2025\/10\/1940-acf-Suzadetuviu-ziedas-Auksine-linija-su-safyru.jpg\",\"width\":520,\"height\":464},{\"@type\":\"BreadcrumbList\",\"@id\":\"https:\/\/fashiongold.lt\/et\/papuosalas\/topaasikuninganna-moodne-sormus-topaasi-ja-teemantidega\/#breadcrumb\",\"itemListElement\":[{\"@type\":\"ListItem\",\"position\":1,\"name\":\"Home\",\"item\":\"https:\/\/fashiongold.lt\/et\/\"},{\"@type\":\"ListItem\",\"position\":2,\"name\":\"Teemantide pood Fashiongold.lt\",\"item\":\"https:\/\/fashiongold.lt\/shop-2\/\"},{\"@type\":\"ListItem\",\"position\":3,\"name\":\"Topaasikuninganna \u2013 Moodne s\u00f5rmus topaasi ja teemantidega\"}]},{\"@type\":\"WebSite\",\"@id\":\"https:\/\/fashiongold.lt\/et\/#website\",\"url\":\"https:\/\/fashiongold.lt\/et\/\",\"name\":\"Fashion Gold\",\"description\":\"Juvelyrikos namai\",\"publisher\":{\"@id\":\"https:\/\/fashiongold.lt\/et\/#organization\"},\"potentialAction\":[{\"@type\":\"SearchAction\",\"target\":{\"@type\":\"EntryPoint\",\"urlTemplate\":\"https:\/\/fashiongold.lt\/et\/?s={search_term_string}\"},\"query-input\":{\"@type\":\"PropertyValueSpecification\",\"valueRequired\":true,\"valueName\":\"search_term_string\"}}],\"inLanguage\":\"et\"},{\"@type\":\"Organization\",\"@id\":\"https:\/\/fashiongold.lt\/et\/#organization\",\"name\":\"Topdiamonds Online\",\"url\":\"https:\/\/fashiongold.lt\/et\/\",\"logo\":{\"@type\":\"ImageObject\",\"inLanguage\":\"et\",\"@id\":\"https:\/\/fashiongold.lt\/et\/#\/schema\/logo\/image\/\",\"url\":\"https:\/\/fashiongold.lt\/wp-content\/uploads\/2025\/04\/cropped-fashion_gold_logotipas2-scaled-1.png\",\"contentUrl\":\"https:\/\/fashiongold.lt\/wp-content\/uploads\/2025\/04\/cropped-fashion_gold_logotipas2-scaled-1.png\",\"width\":2559,\"height\":421,\"caption\":\"Topdiamonds Online\"},\"image\":{\"@id\":\"https:\/\/fashiongold.lt\/et\/#\/schema\/logo\/image\/\"}}]}<\/script>\n<!-- \/ Yoast SEO plugin. -->","yoast_head_json":{"title":"Moodne s\u00f5rmus topaasi ja teemantidega - Topaasikuninganna","description":"Elegantne s\u00f5rmus helesinise topaasi ja teemantidega, mida \u00fcmbritseb kuldne joon. Suurep\u00e4rane valik kihluseks ja erilisteks puhkudeks.","robots":{"index":"index","follow":"follow","max-snippet":"max-snippet:-1","max-image-preview":"max-image-preview:large","max-video-preview":"max-video-preview:-1"},"canonical":"https:\/\/fashiongold.lt\/et\/papuosalas\/topaasikuninganna-moodne-sormus-topaasi-ja-teemantidega\/","og_locale":"et_EE","og_type":"article","og_title":"Moodne s\u00f5rmus topaasi ja teemantidega - Topaasikuninganna","og_description":"Elegantne s\u00f5rmus helesinise topaasi ja teemantidega, mida \u00fcmbritseb kuldne joon. Suurep\u00e4rane valik kihluseks ja erilisteks puhkudeks.","og_url":"https:\/\/fashiongold.lt\/et\/papuosalas\/topaasikuninganna-moodne-sormus-topaasi-ja-teemantidega\/","og_site_name":"FashionGold.lt","article_modified_time":"2026-02-17T06:45:40+00:00","og_image":[{"width":520,"height":464,"url":"https:\/\/fashiongold.lt\/wp-content\/uploads\/2025\/10\/1940-acf-Suzadetuviu-ziedas-Auksine-linija-su-safyru.webp","type":"image\/jpeg"}],"twitter_card":"summary_large_image","twitter_misc":{"Est. reading time":"1 minut"},"schema":{"@context":"https:\/\/schema.org","@graph":[{"@type":"WebPage","@id":"https:\/\/fashiongold.lt\/et\/papuosalas\/topaasikuninganna-moodne-sormus-topaasi-ja-teemantidega\/","url":"https:\/\/fashiongold.lt\/et\/papuosalas\/topaasikuninganna-moodne-sormus-topaasi-ja-teemantidega\/","name":"Moodne s\u00f5rmus topaasi ja teemantidega - Topaasikuninganna","isPartOf":{"@id":"https:\/\/fashiongold.lt\/et\/#website"},"primaryImageOfPage":{"@id":"https:\/\/fashiongold.lt\/et\/papuosalas\/topaasikuninganna-moodne-sormus-topaasi-ja-teemantidega\/#primaryimage"},"image":{"@id":"https:\/\/fashiongold.lt\/et\/papuosalas\/topaasikuninganna-moodne-sormus-topaasi-ja-teemantidega\/#primaryimage"},"thumbnailUrl":"https:\/\/fashiongold.lt\/wp-content\/uploads\/2025\/10\/1940-acf-Suzadetuviu-ziedas-Auksine-linija-su-safyru.jpg","datePublished":"2025-10-09T19:01:50+00:00","dateModified":"2026-02-17T06:45:40+00:00","description":"Elegantne s\u00f5rmus helesinise topaasi ja teemantidega, mida \u00fcmbritseb kuldne joon. Suurep\u00e4rane valik kihluseks ja erilisteks puhkudeks.","breadcrumb":{"@id":"https:\/\/fashiongold.lt\/et\/papuosalas\/topaasikuninganna-moodne-sormus-topaasi-ja-teemantidega\/#breadcrumb"},"inLanguage":"et","potentialAction":[{"@type":"ReadAction","target":["https:\/\/fashiongold.lt\/et\/papuosalas\/topaasikuninganna-moodne-sormus-topaasi-ja-teemantidega\/"]}]},{"@type":"ImageObject","inLanguage":"et","@id":"https:\/\/fashiongold.lt\/et\/papuosalas\/topaasikuninganna-moodne-sormus-topaasi-ja-teemantidega\/#primaryimage","url":"https:\/\/fashiongold.lt\/wp-content\/uploads\/2025\/10\/1940-acf-Suzadetuviu-ziedas-Auksine-linija-su-safyru.jpg","contentUrl":"https:\/\/fashiongold.lt\/wp-content\/uploads\/2025\/10\/1940-acf-Suzadetuviu-ziedas-Auksine-linija-su-safyru.jpg","width":520,"height":464},{"@type":"BreadcrumbList","@id":"https:\/\/fashiongold.lt\/et\/papuosalas\/topaasikuninganna-moodne-sormus-topaasi-ja-teemantidega\/#breadcrumb","itemListElement":[{"@type":"ListItem","position":1,"name":"Home","item":"https:\/\/fashiongold.lt\/et\/"},{"@type":"ListItem","position":2,"name":"Teemantide pood Fashiongold.lt","item":"https:\/\/fashiongold.lt\/shop-2\/"},{"@type":"ListItem","position":3,"name":"Topaasikuninganna \u2013 Moodne s\u00f5rmus topaasi ja teemantidega"}]},{"@type":"WebSite","@id":"https:\/\/fashiongold.lt\/et\/#website","url":"https:\/\/fashiongold.lt\/et\/","name":"Fashion Gold","description":"Juvelyrikos namai","publisher":{"@id":"https:\/\/fashiongold.lt\/et\/#organization"},"potentialAction":[{"@type":"SearchAction","target":{"@type":"EntryPoint","urlTemplate":"https:\/\/fashiongold.lt\/et\/?s={search_term_string}"},"query-input":{"@type":"PropertyValueSpecification","valueRequired":true,"valueName":"search_term_string"}}],"inLanguage":"et"},{"@type":"Organization","@id":"https:\/\/fashiongold.lt\/et\/#organization","name":"Topdiamonds Online","url":"https:\/\/fashiongold.lt\/et\/","logo":{"@type":"ImageObject","inLanguage":"et","@id":"https:\/\/fashiongold.lt\/et\/#\/schema\/logo\/image\/","url":"https:\/\/fashiongold.lt\/wp-content\/uploads\/2025\/04\/cropped-fashion_gold_logotipas2-scaled-1.png","contentUrl":"https:\/\/fashiongold.lt\/wp-content\/uploads\/2025\/04\/cropped-fashion_gold_logotipas2-scaled-1.png","width":2559,"height":421,"caption":"Topdiamonds Online"},"image":{"@id":"https:\/\/fashiongold.lt\/et\/#\/schema\/logo\/image\/"}}]}},"_links":{"self":[{"href":"https:\/\/fashiongold.lt\/et\/wp-json\/wp\/v2\/product\/287998","targetHints":{"allow":["GET"]}}],"collection":[{"href":"https:\/\/fashiongold.lt\/et\/wp-json\/wp\/v2\/product"}],"about":[{"href":"https:\/\/fashiongold.lt\/et\/wp-json\/wp\/v2\/types\/product"}],"version-history":[{"count":0,"href":"https:\/\/fashiongold.lt\/et\/wp-json\/wp\/v2\/product\/287998\/revisions"}],"wp:featuredmedia":[{"embeddable":true,"href":"https:\/\/fashiongold.lt\/et\/wp-json\/wp\/v2\/media\/58198"}],"wp:attachment":[{"href":"https:\/\/fashiongold.lt\/et\/wp-json\/wp\/v2\/media?parent=287998"}],"wp:term":[{"taxonomy":"product_brand","embeddable":true,"href":"https:\/\/fashiongold.lt\/et\/wp-json\/wp\/v2\/product_brand?post=287998"},{"taxonomy":"product_cat","embeddable":true,"href":"https:\/\/fashiongold.lt\/et\/wp-json\/wp\/v2\/product_cat?post=287998"},{"taxonomy":"product_tag","embeddable":true,"href":"https:\/\/fashiongold.lt\/et\/wp-json\/wp\/v2\/product_tag?post=287998"}],"curies":[{"name":"wp","href":"https:\/\/api.w.org\/{rel}","templated":true}]}}