{"id":288138,"date":"2025-10-09T18:53:41","date_gmt":"2025-10-09T18:53:41","guid":{"rendered":"https:\/\/fashiongold.lt\/papuosalas\/kihlasormus-romantika-safiiriga\/"},"modified":"2025-10-09T18:53:41","modified_gmt":"2025-10-09T18:53:41","slug":"kihlasormus-romantika-safiiriga","status":"publish","type":"product","link":"https:\/\/fashiongold.lt\/et\/papuosalas\/kihlasormus-romantika-safiiriga\/","title":{"rendered":"Kihlas\u00f5rmus \u201eRomantika\u201c safiiriga"},"content":{"rendered":"<p><span>\u201eFashion Gold\u201d juveelimeistrite loodud kihlas\u00f5rmus on erakordselt k\u00f5rge kvaliteediga, m\u00e4rgistatud Leedu Proovikoja sertifikaadiga ning saadaval v\u00e4ga atraktiivse hinnaga. See on ehe, mida saab p\u00e4randada p\u00f5lvest p\u00f5lve kui perekonnareliikviat, sest ei kuld ega ehtsad v\u00e4\u00e4riskivid ei kaota kunagi oma v\u00e4\u00e4rtust. Seda kulds\u00f5rmust saab tellida nii salongist kui ka internetist. <\/span><\/p>\n<p>Kihlas\u00f5rmuse kaal &#8211; 1,60-2,00 g<\/p>\n<p>Kulla v\u00e4rvus &#8211;\u00a0kollane v\u00f5i valge<\/p>\n<p><span>Safiiri kaal &#8211; 0,60 ct<\/span><\/p>\n<p><span><span>Briljandid &#8211; kaal 0,03 ct, v\u00e4rvus H, puhtus SI<\/span><\/span><\/p>\n<p><span>P\u00e4rast ehte tellimist toimetame selle kohale 7-14 t\u00f6\u00f6p\u00e4eva jooksul. <\/span><\/p>\n","protected":false},"excerpt":{"rendered":"<p><span>Kollasest v\u00f5i valgest kullast (saame valmistada ka muud v\u00e4rvi kullast) kihlas\u00f5rmus ehtsa safiiriga &#8211; paluge oma armastatu k\u00e4tt ja see ehe j\u00e4\u00e4b kogu eluks meenutama seda erilist hetke.<\/span><\/p>\n","protected":false},"featured_media":57590,"template":"","meta":{"site-sidebar-layout":"","site-content-layout":"","ast-site-content-layout":"","site-content-style":"","site-sidebar-style":"","ast-global-header-display":"","ast-banner-title-visibility":"","ast-main-header-display":"","ast-hfb-above-header-display":"","ast-hfb-below-header-display":"","ast-hfb-mobile-header-display":"","site-post-title":"","ast-breadcrumbs-content":"","ast-featured-img":"","footer-sml-layout":"","ast-disable-related-posts":"","theme-transparent-header-meta":"","adv-header-id-meta":"","stick-header-meta":"","header-above-stick-meta":"","header-main-stick-meta":"","header-below-stick-meta":"","astra-migrate-meta-layouts":"default","ast-page-background-enabled":"default","ast-page-background-meta":{"desktop":{"background-color":"var(--ast-global-color-4)","background-image":"","background-repeat":"repeat","background-position":"center center","background-size":"auto","background-attachment":"scroll","background-type":"","background-media":"","overlay-type":"","overlay-color":"","overlay-opacity":"","overlay-gradient":""},"tablet":{"background-color":"","background-image":"","background-repeat":"repeat","background-position":"center center","background-size":"auto","background-attachment":"scroll","background-type":"","background-media":"","overlay-type":"","overlay-color":"","overlay-opacity":"","overlay-gradient":""},"mobile":{"background-color":"","background-image":"","background-repeat":"repeat","background-position":"center center","background-size":"auto","background-attachment":"scroll","background-type":"","background-media":"","overlay-type":"","overlay-color":"","overlay-opacity":"","overlay-gradient":""}},"ast-content-background-meta":{"desktop":{"background-color":"var(--ast-global-color-5)","background-image":"","background-repeat":"repeat","background-position":"center center","background-size":"auto","background-attachment":"scroll","background-type":"","background-media":"","overlay-type":"","overlay-color":"","overlay-opacity":"","overlay-gradient":""},"tablet":{"background-color":"var(--ast-global-color-5)","background-image":"","background-repeat":"repeat","background-position":"center center","background-size":"auto","background-attachment":"scroll","background-type":"","background-media":"","overlay-type":"","overlay-color":"","overlay-opacity":"","overlay-gradient":""},"mobile":{"background-color":"var(--ast-global-color-5)","background-image":"","background-repeat":"repeat","background-position":"center center","background-size":"auto","background-attachment":"scroll","background-type":"","background-media":"","overlay-type":"","overlay-color":"","overlay-opacity":"","overlay-gradient":""}}},"product_brand":[],"product_cat":[2843,3448,2847,3574],"product_tag":[],"class_list":{"0":"post-288138","1":"product","2":"type-product","3":"status-publish","4":"has-post-thumbnail","6":"product_cat-safiir-ehted-safiiridega","7":"product_cat-sinine-vaariskivi","8":"product_cat-siniste-vaariskividega-ehted","9":"product_cat-soodusmuuk","10":"desktop-align-center","11":"tablet-align-left","12":"mobile-align-left","13":"ast-product-gallery-layout-horizontal-slider","14":"ast-product-gallery-with-no-image","15":"ast-product-single-variable","16":"ast-product-tabs-layout-accordion","17":"ast-qv-on-image","19":"first","20":"instock","21":"taxable","22":"shipping-taxable","23":"purchasable","24":"product-type-variable"},"yoast_head":"<!-- This site is optimized with the Yoast SEO plugin v26.6 - https:\/\/yoast.com\/wordpress\/plugins\/seo\/ -->\n<title>Kihlas\u00f5rmus \u201eRomantika\u201c safiiriga I FashionGold<\/title>\n<meta name=\"description\" content=\"Kollasest v\u00f5i valgest kullast kihlas\u00f5rmus ehtsa safiiriga \u2013 paluge oma armastatu k\u00e4tt ja see ehe tuletab seda erilist hetke meelde terve elu.\" \/>\n<meta name=\"robots\" content=\"index, follow, max-snippet:-1, max-image-preview:large, max-video-preview:-1\" \/>\n<link rel=\"canonical\" href=\"https:\/\/fashiongold.lt\/et\/papuosalas\/kihlasormus-romantika-safiiriga\/\" \/>\n<meta property=\"og:locale\" content=\"et_EE\" \/>\n<meta property=\"og:type\" content=\"article\" \/>\n<meta property=\"og:title\" content=\"Kihlas\u00f5rmus \u201eRomantika\u201c safiiriga I FashionGold\" \/>\n<meta property=\"og:description\" content=\"Kollasest v\u00f5i valgest kullast kihlas\u00f5rmus ehtsa safiiriga \u2013 paluge oma armastatu k\u00e4tt ja see ehe tuletab seda erilist hetke meelde terve elu.\" \/>\n<meta property=\"og:url\" content=\"https:\/\/fashiongold.lt\/et\/papuosalas\/kihlasormus-romantika-safiiriga\/\" \/>\n<meta property=\"og:site_name\" content=\"FashionGold.lt\" \/>\n<meta property=\"og:image\" content=\"https:\/\/fashiongold.lt\/wp-content\/uploads\/2025\/10\/1909-c56-Suzadetuviu-ziedas-Romantika-su-safyru.webp\" \/>\n\t<meta property=\"og:image:width\" content=\"522\" \/>\n\t<meta property=\"og:image:height\" content=\"461\" \/>\n\t<meta property=\"og:image:type\" content=\"image\/jpeg\" \/>\n<meta name=\"twitter:card\" content=\"summary_large_image\" \/>\n<script type=\"application\/ld+json\" class=\"yoast-schema-graph\">{\"@context\":\"https:\/\/schema.org\",\"@graph\":[{\"@type\":\"WebPage\",\"@id\":\"https:\/\/fashiongold.lt\/et\/papuosalas\/kihlasormus-romantika-safiiriga\/\",\"url\":\"https:\/\/fashiongold.lt\/et\/papuosalas\/kihlasormus-romantika-safiiriga\/\",\"name\":\"Kihlas\u00f5rmus \u201eRomantika\u201c safiiriga I FashionGold\",\"isPartOf\":{\"@id\":\"https:\/\/fashiongold.lt\/et\/#website\"},\"primaryImageOfPage\":{\"@id\":\"https:\/\/fashiongold.lt\/et\/papuosalas\/kihlasormus-romantika-safiiriga\/#primaryimage\"},\"image\":{\"@id\":\"https:\/\/fashiongold.lt\/et\/papuosalas\/kihlasormus-romantika-safiiriga\/#primaryimage\"},\"thumbnailUrl\":\"https:\/\/fashiongold.lt\/wp-content\/uploads\/2025\/10\/1909-c56-Suzadetuviu-ziedas-Romantika-su-safyru.jpg\",\"datePublished\":\"2025-10-09T18:53:41+00:00\",\"description\":\"Kollasest v\u00f5i valgest kullast kihlas\u00f5rmus ehtsa safiiriga \u2013 paluge oma armastatu k\u00e4tt ja see ehe tuletab seda erilist hetke meelde terve elu.\",\"breadcrumb\":{\"@id\":\"https:\/\/fashiongold.lt\/et\/papuosalas\/kihlasormus-romantika-safiiriga\/#breadcrumb\"},\"inLanguage\":\"et\",\"potentialAction\":[{\"@type\":\"ReadAction\",\"target\":[\"https:\/\/fashiongold.lt\/et\/papuosalas\/kihlasormus-romantika-safiiriga\/\"]}]},{\"@type\":\"ImageObject\",\"inLanguage\":\"et\",\"@id\":\"https:\/\/fashiongold.lt\/et\/papuosalas\/kihlasormus-romantika-safiiriga\/#primaryimage\",\"url\":\"https:\/\/fashiongold.lt\/wp-content\/uploads\/2025\/10\/1909-c56-Suzadetuviu-ziedas-Romantika-su-safyru.jpg\",\"contentUrl\":\"https:\/\/fashiongold.lt\/wp-content\/uploads\/2025\/10\/1909-c56-Suzadetuviu-ziedas-Romantika-su-safyru.jpg\",\"width\":522,\"height\":461},{\"@type\":\"BreadcrumbList\",\"@id\":\"https:\/\/fashiongold.lt\/et\/papuosalas\/kihlasormus-romantika-safiiriga\/#breadcrumb\",\"itemListElement\":[{\"@type\":\"ListItem\",\"position\":1,\"name\":\"Home\",\"item\":\"https:\/\/fashiongold.lt\/et\/\"},{\"@type\":\"ListItem\",\"position\":2,\"name\":\"Teemantide pood Fashiongold.lt\",\"item\":\"https:\/\/fashiongold.lt\/shop-2\/\"},{\"@type\":\"ListItem\",\"position\":3,\"name\":\"Kihlas\u00f5rmus \u201eRomantika\u201c safiiriga\"}]},{\"@type\":\"WebSite\",\"@id\":\"https:\/\/fashiongold.lt\/et\/#website\",\"url\":\"https:\/\/fashiongold.lt\/et\/\",\"name\":\"Fashion Gold\",\"description\":\"Juvelyrikos namai\",\"publisher\":{\"@id\":\"https:\/\/fashiongold.lt\/et\/#organization\"},\"potentialAction\":[{\"@type\":\"SearchAction\",\"target\":{\"@type\":\"EntryPoint\",\"urlTemplate\":\"https:\/\/fashiongold.lt\/et\/?s={search_term_string}\"},\"query-input\":{\"@type\":\"PropertyValueSpecification\",\"valueRequired\":true,\"valueName\":\"search_term_string\"}}],\"inLanguage\":\"et\"},{\"@type\":\"Organization\",\"@id\":\"https:\/\/fashiongold.lt\/et\/#organization\",\"name\":\"Topdiamonds Online\",\"url\":\"https:\/\/fashiongold.lt\/et\/\",\"logo\":{\"@type\":\"ImageObject\",\"inLanguage\":\"et\",\"@id\":\"https:\/\/fashiongold.lt\/et\/#\/schema\/logo\/image\/\",\"url\":\"https:\/\/fashiongold.lt\/wp-content\/uploads\/2025\/04\/cropped-fashion_gold_logotipas2-scaled-1.png\",\"contentUrl\":\"https:\/\/fashiongold.lt\/wp-content\/uploads\/2025\/04\/cropped-fashion_gold_logotipas2-scaled-1.png\",\"width\":2559,\"height\":421,\"caption\":\"Topdiamonds Online\"},\"image\":{\"@id\":\"https:\/\/fashiongold.lt\/et\/#\/schema\/logo\/image\/\"}}]}<\/script>\n<!-- \/ Yoast SEO plugin. -->","yoast_head_json":{"title":"Kihlas\u00f5rmus \u201eRomantika\u201c safiiriga I FashionGold","description":"Kollasest v\u00f5i valgest kullast kihlas\u00f5rmus ehtsa safiiriga \u2013 paluge oma armastatu k\u00e4tt ja see ehe tuletab seda erilist hetke meelde terve elu.","robots":{"index":"index","follow":"follow","max-snippet":"max-snippet:-1","max-image-preview":"max-image-preview:large","max-video-preview":"max-video-preview:-1"},"canonical":"https:\/\/fashiongold.lt\/et\/papuosalas\/kihlasormus-romantika-safiiriga\/","og_locale":"et_EE","og_type":"article","og_title":"Kihlas\u00f5rmus \u201eRomantika\u201c safiiriga I FashionGold","og_description":"Kollasest v\u00f5i valgest kullast kihlas\u00f5rmus ehtsa safiiriga \u2013 paluge oma armastatu k\u00e4tt ja see ehe tuletab seda erilist hetke meelde terve elu.","og_url":"https:\/\/fashiongold.lt\/et\/papuosalas\/kihlasormus-romantika-safiiriga\/","og_site_name":"FashionGold.lt","og_image":[{"width":522,"height":461,"url":"https:\/\/fashiongold.lt\/wp-content\/uploads\/2025\/10\/1909-c56-Suzadetuviu-ziedas-Romantika-su-safyru.webp","type":"image\/jpeg"}],"twitter_card":"summary_large_image","schema":{"@context":"https:\/\/schema.org","@graph":[{"@type":"WebPage","@id":"https:\/\/fashiongold.lt\/et\/papuosalas\/kihlasormus-romantika-safiiriga\/","url":"https:\/\/fashiongold.lt\/et\/papuosalas\/kihlasormus-romantika-safiiriga\/","name":"Kihlas\u00f5rmus \u201eRomantika\u201c safiiriga I FashionGold","isPartOf":{"@id":"https:\/\/fashiongold.lt\/et\/#website"},"primaryImageOfPage":{"@id":"https:\/\/fashiongold.lt\/et\/papuosalas\/kihlasormus-romantika-safiiriga\/#primaryimage"},"image":{"@id":"https:\/\/fashiongold.lt\/et\/papuosalas\/kihlasormus-romantika-safiiriga\/#primaryimage"},"thumbnailUrl":"https:\/\/fashiongold.lt\/wp-content\/uploads\/2025\/10\/1909-c56-Suzadetuviu-ziedas-Romantika-su-safyru.jpg","datePublished":"2025-10-09T18:53:41+00:00","description":"Kollasest v\u00f5i valgest kullast kihlas\u00f5rmus ehtsa safiiriga \u2013 paluge oma armastatu k\u00e4tt ja see ehe tuletab seda erilist hetke meelde terve elu.","breadcrumb":{"@id":"https:\/\/fashiongold.lt\/et\/papuosalas\/kihlasormus-romantika-safiiriga\/#breadcrumb"},"inLanguage":"et","potentialAction":[{"@type":"ReadAction","target":["https:\/\/fashiongold.lt\/et\/papuosalas\/kihlasormus-romantika-safiiriga\/"]}]},{"@type":"ImageObject","inLanguage":"et","@id":"https:\/\/fashiongold.lt\/et\/papuosalas\/kihlasormus-romantika-safiiriga\/#primaryimage","url":"https:\/\/fashiongold.lt\/wp-content\/uploads\/2025\/10\/1909-c56-Suzadetuviu-ziedas-Romantika-su-safyru.jpg","contentUrl":"https:\/\/fashiongold.lt\/wp-content\/uploads\/2025\/10\/1909-c56-Suzadetuviu-ziedas-Romantika-su-safyru.jpg","width":522,"height":461},{"@type":"BreadcrumbList","@id":"https:\/\/fashiongold.lt\/et\/papuosalas\/kihlasormus-romantika-safiiriga\/#breadcrumb","itemListElement":[{"@type":"ListItem","position":1,"name":"Home","item":"https:\/\/fashiongold.lt\/et\/"},{"@type":"ListItem","position":2,"name":"Teemantide pood Fashiongold.lt","item":"https:\/\/fashiongold.lt\/shop-2\/"},{"@type":"ListItem","position":3,"name":"Kihlas\u00f5rmus \u201eRomantika\u201c safiiriga"}]},{"@type":"WebSite","@id":"https:\/\/fashiongold.lt\/et\/#website","url":"https:\/\/fashiongold.lt\/et\/","name":"Fashion Gold","description":"Juvelyrikos namai","publisher":{"@id":"https:\/\/fashiongold.lt\/et\/#organization"},"potentialAction":[{"@type":"SearchAction","target":{"@type":"EntryPoint","urlTemplate":"https:\/\/fashiongold.lt\/et\/?s={search_term_string}"},"query-input":{"@type":"PropertyValueSpecification","valueRequired":true,"valueName":"search_term_string"}}],"inLanguage":"et"},{"@type":"Organization","@id":"https:\/\/fashiongold.lt\/et\/#organization","name":"Topdiamonds Online","url":"https:\/\/fashiongold.lt\/et\/","logo":{"@type":"ImageObject","inLanguage":"et","@id":"https:\/\/fashiongold.lt\/et\/#\/schema\/logo\/image\/","url":"https:\/\/fashiongold.lt\/wp-content\/uploads\/2025\/04\/cropped-fashion_gold_logotipas2-scaled-1.png","contentUrl":"https:\/\/fashiongold.lt\/wp-content\/uploads\/2025\/04\/cropped-fashion_gold_logotipas2-scaled-1.png","width":2559,"height":421,"caption":"Topdiamonds Online"},"image":{"@id":"https:\/\/fashiongold.lt\/et\/#\/schema\/logo\/image\/"}}]}},"_links":{"self":[{"href":"https:\/\/fashiongold.lt\/et\/wp-json\/wp\/v2\/product\/288138","targetHints":{"allow":["GET"]}}],"collection":[{"href":"https:\/\/fashiongold.lt\/et\/wp-json\/wp\/v2\/product"}],"about":[{"href":"https:\/\/fashiongold.lt\/et\/wp-json\/wp\/v2\/types\/product"}],"version-history":[{"count":0,"href":"https:\/\/fashiongold.lt\/et\/wp-json\/wp\/v2\/product\/288138\/revisions"}],"wp:featuredmedia":[{"embeddable":true,"href":"https:\/\/fashiongold.lt\/et\/wp-json\/wp\/v2\/media\/57590"}],"wp:attachment":[{"href":"https:\/\/fashiongold.lt\/et\/wp-json\/wp\/v2\/media?parent=288138"}],"wp:term":[{"taxonomy":"product_brand","embeddable":true,"href":"https:\/\/fashiongold.lt\/et\/wp-json\/wp\/v2\/product_brand?post=288138"},{"taxonomy":"product_cat","embeddable":true,"href":"https:\/\/fashiongold.lt\/et\/wp-json\/wp\/v2\/product_cat?post=288138"},{"taxonomy":"product_tag","embeddable":true,"href":"https:\/\/fashiongold.lt\/et\/wp-json\/wp\/v2\/product_tag?post=288138"}],"curies":[{"name":"wp","href":"https:\/\/api.w.org\/{rel}","templated":true}]}}