{"id":288213,"date":"2025-10-09T18:35:46","date_gmt":"2025-10-09T18:35:46","guid":{"rendered":"https:\/\/fashiongold.lt\/papuosalas\/sormus-vaikeste-teemantidega-kolumbas-brilliance\/"},"modified":"2025-10-09T18:35:46","modified_gmt":"2025-10-09T18:35:46","slug":"sormus-vaikeste-teemantidega-kolumbas-brilliance","status":"publish","type":"product","link":"https:\/\/fashiongold.lt\/et\/papuosalas\/sormus-vaikeste-teemantidega-kolumbas-brilliance\/","title":{"rendered":"S\u00f5rmus v\u00e4ikeste teemantidega Kolumba\u2019s Brilliance"},"content":{"rendered":"<p>Eksklusiivne s\u00f5rmus Kolumba&#8217;s Brilliance! Kaasaegne disain, v\u00e4ikesed teemandid on asetatud s\u00f5rmuse k\u00fclgedele, Halo disain &#8211; keskset teemanti \u00fcmbritsev briljantide ring, peen minimalistlik disain s\u00e4delevate teemantide lummusega, mis varjab kuldset detaili. Elegantne ja silmapaistev s\u00f5rmus \u00fches! Avastage minimalistlik luksus!<\/p>\n<p>\u201eFashion Gold\u201d juveelimajade meistrite loodud kihlas\u00f5rmus on erakordselt k\u00f5rge kvaliteediga, t\u00e4histatud Leedu Proovikoja sertifikaadiga ning v\u00e4ga atraktiivse hinnaga. See on ehe, mida saab p\u00e4randada p\u00f5lvest p\u00f5lve kui perekonnareliikviat, sest ei kuld ega teemandid ei kaota kunagi oma v\u00e4\u00e4rtust. Seda kulds\u00f5rmust saab tellida nii salongist kui ka internetist.\u00a0<\/p>\n<p>Kulds\u00f5rmuse kaal &#8211; 1,30-1,70 g<\/p>\n<p>S\u00f5rmuse kulla v\u00e4rvus &#8211; valge<\/p>\n<p>Briljantide kaal &#8211; 0,09 ct, v\u00e4rvus H, puhtus SI<\/p>\n<p>V\u00f5imalik vaadata \u201eFashion Gold&#8221; juveelimajas Pam\u0117nkalnio tn 5, Vilniuses\u00a0<\/p>\n<p><span>P\u00e4rast ehte tellimist tarnime selle 7-14 t\u00f6\u00f6p\u00e4eva jooksul. V\u00f5imalik on tasuta graveerimine. S\u00f5rmus on varustatud Leedu Proovikoja sertifikaadiga.<\/span><\/p>\n<p><span>Kihlas\u00f5rmused on \u00fcks \u201eFashion Goldi&#8221; tegevusvaldkondadest. Salongist leiate ka abielus\u00f5rmuseid, ehteid naistele, meestele ja lastele erinevateks puhkudeks, m\u00fcnte ning kullakange.<\/span><\/p>\n<p><span>PAKUME KIHLAS\u00d5RMUSEID JA TEISI EHTEID TELLIMUSE PEALE NING VASTAVALT TEIE INDIVIDUAALSETELE SOOVIDELE. V\u00d5TKE \u00dcHENDUST info@fashiongold.lt<\/span><\/p><\/p>\n","protected":false},"excerpt":{"rendered":"<p>Kolumba&#8217;s Brilliance s\u00f5rmus n\u00e4eb oma minimalistliku, kuid s\u00e4rava disaini, teemantide s\u00e4ra ja erakordsusega t\u00f5esti eriline ning k\u00fctkestav v\u00e4lja. See on kindlasti eriline kingivalik!<\/p>\n","protected":false},"featured_media":56355,"template":"","meta":{"site-sidebar-layout":"","site-content-layout":"","ast-site-content-layout":"","site-content-style":"","site-sidebar-style":"","ast-global-header-display":"","ast-banner-title-visibility":"","ast-main-header-display":"","ast-hfb-above-header-display":"","ast-hfb-below-header-display":"","ast-hfb-mobile-header-display":"","site-post-title":"","ast-breadcrumbs-content":"","ast-featured-img":"","footer-sml-layout":"","ast-disable-related-posts":"","theme-transparent-header-meta":"","adv-header-id-meta":"","stick-header-meta":"","header-above-stick-meta":"","header-main-stick-meta":"","header-below-stick-meta":"","astra-migrate-meta-layouts":"default","ast-page-background-enabled":"default","ast-page-background-meta":{"desktop":{"background-color":"var(--ast-global-color-4)","background-image":"","background-repeat":"repeat","background-position":"center center","background-size":"auto","background-attachment":"scroll","background-type":"","background-media":"","overlay-type":"","overlay-color":"","overlay-opacity":"","overlay-gradient":""},"tablet":{"background-color":"","background-image":"","background-repeat":"repeat","background-position":"center center","background-size":"auto","background-attachment":"scroll","background-type":"","background-media":"","overlay-type":"","overlay-color":"","overlay-opacity":"","overlay-gradient":""},"mobile":{"background-color":"","background-image":"","background-repeat":"repeat","background-position":"center center","background-size":"auto","background-attachment":"scroll","background-type":"","background-media":"","overlay-type":"","overlay-color":"","overlay-opacity":"","overlay-gradient":""}},"ast-content-background-meta":{"desktop":{"background-color":"var(--ast-global-color-5)","background-image":"","background-repeat":"repeat","background-position":"center center","background-size":"auto","background-attachment":"scroll","background-type":"","background-media":"","overlay-type":"","overlay-color":"","overlay-opacity":"","overlay-gradient":""},"tablet":{"background-color":"var(--ast-global-color-5)","background-image":"","background-repeat":"repeat","background-position":"center center","background-size":"auto","background-attachment":"scroll","background-type":"","background-media":"","overlay-type":"","overlay-color":"","overlay-opacity":"","overlay-gradient":""},"mobile":{"background-color":"var(--ast-global-color-5)","background-image":"","background-repeat":"repeat","background-position":"center center","background-size":"auto","background-attachment":"scroll","background-type":"","background-media":"","overlay-type":"","overlay-color":"","overlay-opacity":"","overlay-gradient":""}}},"product_brand":[],"product_cat":[3574],"product_tag":[],"class_list":{"0":"post-288213","1":"product","2":"type-product","3":"status-publish","4":"has-post-thumbnail","6":"product_cat-soodusmuuk","7":"desktop-align-center","8":"tablet-align-left","9":"mobile-align-left","10":"ast-product-gallery-layout-horizontal-slider","11":"ast-product-gallery-with-no-image","12":"ast-product-single-variable","13":"ast-product-tabs-layout-accordion","14":"ast-qv-on-image","16":"first","17":"instock","18":"taxable","19":"shipping-taxable","20":"purchasable","21":"product-type-variable"},"yoast_head":"<!-- This site is optimized with the Yoast SEO plugin v26.6 - https:\/\/yoast.com\/wordpress\/plugins\/seo\/ -->\n<title>S\u00f5rmus pisikeste teemantidega<\/title>\n<meta name=\"description\" content=\"S\u00f5rmus on k\u00fctkestav oma minimalistliku, kuid s\u00e4rava disaini, teemantide s\u00e4ra ja ainulaadsusega. See on kindlasti eriline valik!\" \/>\n<meta name=\"robots\" content=\"index, follow, max-snippet:-1, max-image-preview:large, max-video-preview:-1\" \/>\n<link rel=\"canonical\" href=\"https:\/\/fashiongold.lt\/et\/papuosalas\/sormus-vaikeste-teemantidega-kolumbas-brilliance\/\" \/>\n<meta property=\"og:locale\" content=\"et_EE\" \/>\n<meta property=\"og:type\" content=\"article\" \/>\n<meta property=\"og:title\" content=\"S\u00f5rmus pisikeste teemantidega\" \/>\n<meta property=\"og:description\" content=\"S\u00f5rmus on k\u00fctkestav oma minimalistliku, kuid s\u00e4rava disaini, teemantide s\u00e4ra ja ainulaadsusega. See on kindlasti eriline valik!\" \/>\n<meta property=\"og:url\" content=\"https:\/\/fashiongold.lt\/et\/papuosalas\/sormus-vaikeste-teemantidega-kolumbas-brilliance\/\" \/>\n<meta property=\"og:site_name\" content=\"FashionGold.lt\" \/>\n<meta property=\"og:image\" content=\"https:\/\/fashiongold.lt\/wp-content\/uploads\/2025\/10\/1831-2cb-Suzadetuviu-ziedas-Kolumba.webp\" \/>\n\t<meta property=\"og:image:width\" content=\"520\" \/>\n\t<meta property=\"og:image:height\" content=\"472\" \/>\n\t<meta property=\"og:image:type\" content=\"image\/jpeg\" \/>\n<meta name=\"twitter:card\" content=\"summary_large_image\" \/>\n<meta name=\"twitter:label1\" content=\"Est. reading time\" \/>\n\t<meta name=\"twitter:data1\" content=\"1 minut\" \/>\n<script type=\"application\/ld+json\" class=\"yoast-schema-graph\">{\"@context\":\"https:\/\/schema.org\",\"@graph\":[{\"@type\":\"WebPage\",\"@id\":\"https:\/\/fashiongold.lt\/et\/papuosalas\/sormus-vaikeste-teemantidega-kolumbas-brilliance\/\",\"url\":\"https:\/\/fashiongold.lt\/et\/papuosalas\/sormus-vaikeste-teemantidega-kolumbas-brilliance\/\",\"name\":\"S\u00f5rmus pisikeste teemantidega\",\"isPartOf\":{\"@id\":\"https:\/\/fashiongold.lt\/et\/#website\"},\"primaryImageOfPage\":{\"@id\":\"https:\/\/fashiongold.lt\/et\/papuosalas\/sormus-vaikeste-teemantidega-kolumbas-brilliance\/#primaryimage\"},\"image\":{\"@id\":\"https:\/\/fashiongold.lt\/et\/papuosalas\/sormus-vaikeste-teemantidega-kolumbas-brilliance\/#primaryimage\"},\"thumbnailUrl\":\"https:\/\/fashiongold.lt\/wp-content\/uploads\/2025\/10\/1831-2cb-Suzadetuviu-ziedas-Kolumba.jpg\",\"datePublished\":\"2025-10-09T18:35:46+00:00\",\"description\":\"S\u00f5rmus on k\u00fctkestav oma minimalistliku, kuid s\u00e4rava disaini, teemantide s\u00e4ra ja ainulaadsusega. See on kindlasti eriline valik!\",\"breadcrumb\":{\"@id\":\"https:\/\/fashiongold.lt\/et\/papuosalas\/sormus-vaikeste-teemantidega-kolumbas-brilliance\/#breadcrumb\"},\"inLanguage\":\"et\",\"potentialAction\":[{\"@type\":\"ReadAction\",\"target\":[\"https:\/\/fashiongold.lt\/et\/papuosalas\/sormus-vaikeste-teemantidega-kolumbas-brilliance\/\"]}]},{\"@type\":\"ImageObject\",\"inLanguage\":\"et\",\"@id\":\"https:\/\/fashiongold.lt\/et\/papuosalas\/sormus-vaikeste-teemantidega-kolumbas-brilliance\/#primaryimage\",\"url\":\"https:\/\/fashiongold.lt\/wp-content\/uploads\/2025\/10\/1831-2cb-Suzadetuviu-ziedas-Kolumba.jpg\",\"contentUrl\":\"https:\/\/fashiongold.lt\/wp-content\/uploads\/2025\/10\/1831-2cb-Suzadetuviu-ziedas-Kolumba.jpg\",\"width\":520,\"height\":472},{\"@type\":\"BreadcrumbList\",\"@id\":\"https:\/\/fashiongold.lt\/et\/papuosalas\/sormus-vaikeste-teemantidega-kolumbas-brilliance\/#breadcrumb\",\"itemListElement\":[{\"@type\":\"ListItem\",\"position\":1,\"name\":\"Home\",\"item\":\"https:\/\/fashiongold.lt\/et\/\"},{\"@type\":\"ListItem\",\"position\":2,\"name\":\"Teemantide pood Fashiongold.lt\",\"item\":\"https:\/\/fashiongold.lt\/shop-2\/\"},{\"@type\":\"ListItem\",\"position\":3,\"name\":\"S\u00f5rmus v\u00e4ikeste teemantidega Kolumba\u2019s Brilliance\"}]},{\"@type\":\"WebSite\",\"@id\":\"https:\/\/fashiongold.lt\/et\/#website\",\"url\":\"https:\/\/fashiongold.lt\/et\/\",\"name\":\"Fashion Gold\",\"description\":\"Juvelyrikos namai\",\"publisher\":{\"@id\":\"https:\/\/fashiongold.lt\/et\/#organization\"},\"potentialAction\":[{\"@type\":\"SearchAction\",\"target\":{\"@type\":\"EntryPoint\",\"urlTemplate\":\"https:\/\/fashiongold.lt\/et\/?s={search_term_string}\"},\"query-input\":{\"@type\":\"PropertyValueSpecification\",\"valueRequired\":true,\"valueName\":\"search_term_string\"}}],\"inLanguage\":\"et\"},{\"@type\":\"Organization\",\"@id\":\"https:\/\/fashiongold.lt\/et\/#organization\",\"name\":\"Topdiamonds Online\",\"url\":\"https:\/\/fashiongold.lt\/et\/\",\"logo\":{\"@type\":\"ImageObject\",\"inLanguage\":\"et\",\"@id\":\"https:\/\/fashiongold.lt\/et\/#\/schema\/logo\/image\/\",\"url\":\"https:\/\/fashiongold.lt\/wp-content\/uploads\/2025\/04\/cropped-fashion_gold_logotipas2-scaled-1.png\",\"contentUrl\":\"https:\/\/fashiongold.lt\/wp-content\/uploads\/2025\/04\/cropped-fashion_gold_logotipas2-scaled-1.png\",\"width\":2559,\"height\":421,\"caption\":\"Topdiamonds Online\"},\"image\":{\"@id\":\"https:\/\/fashiongold.lt\/et\/#\/schema\/logo\/image\/\"}}]}<\/script>\n<!-- \/ Yoast SEO plugin. -->","yoast_head_json":{"title":"S\u00f5rmus pisikeste teemantidega","description":"S\u00f5rmus on k\u00fctkestav oma minimalistliku, kuid s\u00e4rava disaini, teemantide s\u00e4ra ja ainulaadsusega. See on kindlasti eriline valik!","robots":{"index":"index","follow":"follow","max-snippet":"max-snippet:-1","max-image-preview":"max-image-preview:large","max-video-preview":"max-video-preview:-1"},"canonical":"https:\/\/fashiongold.lt\/et\/papuosalas\/sormus-vaikeste-teemantidega-kolumbas-brilliance\/","og_locale":"et_EE","og_type":"article","og_title":"S\u00f5rmus pisikeste teemantidega","og_description":"S\u00f5rmus on k\u00fctkestav oma minimalistliku, kuid s\u00e4rava disaini, teemantide s\u00e4ra ja ainulaadsusega. See on kindlasti eriline valik!","og_url":"https:\/\/fashiongold.lt\/et\/papuosalas\/sormus-vaikeste-teemantidega-kolumbas-brilliance\/","og_site_name":"FashionGold.lt","og_image":[{"width":520,"height":472,"url":"https:\/\/fashiongold.lt\/wp-content\/uploads\/2025\/10\/1831-2cb-Suzadetuviu-ziedas-Kolumba.webp","type":"image\/jpeg"}],"twitter_card":"summary_large_image","twitter_misc":{"Est. reading time":"1 minut"},"schema":{"@context":"https:\/\/schema.org","@graph":[{"@type":"WebPage","@id":"https:\/\/fashiongold.lt\/et\/papuosalas\/sormus-vaikeste-teemantidega-kolumbas-brilliance\/","url":"https:\/\/fashiongold.lt\/et\/papuosalas\/sormus-vaikeste-teemantidega-kolumbas-brilliance\/","name":"S\u00f5rmus pisikeste teemantidega","isPartOf":{"@id":"https:\/\/fashiongold.lt\/et\/#website"},"primaryImageOfPage":{"@id":"https:\/\/fashiongold.lt\/et\/papuosalas\/sormus-vaikeste-teemantidega-kolumbas-brilliance\/#primaryimage"},"image":{"@id":"https:\/\/fashiongold.lt\/et\/papuosalas\/sormus-vaikeste-teemantidega-kolumbas-brilliance\/#primaryimage"},"thumbnailUrl":"https:\/\/fashiongold.lt\/wp-content\/uploads\/2025\/10\/1831-2cb-Suzadetuviu-ziedas-Kolumba.jpg","datePublished":"2025-10-09T18:35:46+00:00","description":"S\u00f5rmus on k\u00fctkestav oma minimalistliku, kuid s\u00e4rava disaini, teemantide s\u00e4ra ja ainulaadsusega. See on kindlasti eriline valik!","breadcrumb":{"@id":"https:\/\/fashiongold.lt\/et\/papuosalas\/sormus-vaikeste-teemantidega-kolumbas-brilliance\/#breadcrumb"},"inLanguage":"et","potentialAction":[{"@type":"ReadAction","target":["https:\/\/fashiongold.lt\/et\/papuosalas\/sormus-vaikeste-teemantidega-kolumbas-brilliance\/"]}]},{"@type":"ImageObject","inLanguage":"et","@id":"https:\/\/fashiongold.lt\/et\/papuosalas\/sormus-vaikeste-teemantidega-kolumbas-brilliance\/#primaryimage","url":"https:\/\/fashiongold.lt\/wp-content\/uploads\/2025\/10\/1831-2cb-Suzadetuviu-ziedas-Kolumba.jpg","contentUrl":"https:\/\/fashiongold.lt\/wp-content\/uploads\/2025\/10\/1831-2cb-Suzadetuviu-ziedas-Kolumba.jpg","width":520,"height":472},{"@type":"BreadcrumbList","@id":"https:\/\/fashiongold.lt\/et\/papuosalas\/sormus-vaikeste-teemantidega-kolumbas-brilliance\/#breadcrumb","itemListElement":[{"@type":"ListItem","position":1,"name":"Home","item":"https:\/\/fashiongold.lt\/et\/"},{"@type":"ListItem","position":2,"name":"Teemantide pood Fashiongold.lt","item":"https:\/\/fashiongold.lt\/shop-2\/"},{"@type":"ListItem","position":3,"name":"S\u00f5rmus v\u00e4ikeste teemantidega Kolumba\u2019s Brilliance"}]},{"@type":"WebSite","@id":"https:\/\/fashiongold.lt\/et\/#website","url":"https:\/\/fashiongold.lt\/et\/","name":"Fashion Gold","description":"Juvelyrikos namai","publisher":{"@id":"https:\/\/fashiongold.lt\/et\/#organization"},"potentialAction":[{"@type":"SearchAction","target":{"@type":"EntryPoint","urlTemplate":"https:\/\/fashiongold.lt\/et\/?s={search_term_string}"},"query-input":{"@type":"PropertyValueSpecification","valueRequired":true,"valueName":"search_term_string"}}],"inLanguage":"et"},{"@type":"Organization","@id":"https:\/\/fashiongold.lt\/et\/#organization","name":"Topdiamonds Online","url":"https:\/\/fashiongold.lt\/et\/","logo":{"@type":"ImageObject","inLanguage":"et","@id":"https:\/\/fashiongold.lt\/et\/#\/schema\/logo\/image\/","url":"https:\/\/fashiongold.lt\/wp-content\/uploads\/2025\/04\/cropped-fashion_gold_logotipas2-scaled-1.png","contentUrl":"https:\/\/fashiongold.lt\/wp-content\/uploads\/2025\/04\/cropped-fashion_gold_logotipas2-scaled-1.png","width":2559,"height":421,"caption":"Topdiamonds Online"},"image":{"@id":"https:\/\/fashiongold.lt\/et\/#\/schema\/logo\/image\/"}}]}},"_links":{"self":[{"href":"https:\/\/fashiongold.lt\/et\/wp-json\/wp\/v2\/product\/288213","targetHints":{"allow":["GET"]}}],"collection":[{"href":"https:\/\/fashiongold.lt\/et\/wp-json\/wp\/v2\/product"}],"about":[{"href":"https:\/\/fashiongold.lt\/et\/wp-json\/wp\/v2\/types\/product"}],"version-history":[{"count":0,"href":"https:\/\/fashiongold.lt\/et\/wp-json\/wp\/v2\/product\/288213\/revisions"}],"wp:featuredmedia":[{"embeddable":true,"href":"https:\/\/fashiongold.lt\/et\/wp-json\/wp\/v2\/media\/56355"}],"wp:attachment":[{"href":"https:\/\/fashiongold.lt\/et\/wp-json\/wp\/v2\/media?parent=288213"}],"wp:term":[{"taxonomy":"product_brand","embeddable":true,"href":"https:\/\/fashiongold.lt\/et\/wp-json\/wp\/v2\/product_brand?post=288213"},{"taxonomy":"product_cat","embeddable":true,"href":"https:\/\/fashiongold.lt\/et\/wp-json\/wp\/v2\/product_cat?post=288213"},{"taxonomy":"product_tag","embeddable":true,"href":"https:\/\/fashiongold.lt\/et\/wp-json\/wp\/v2\/product_tag?post=288213"}],"curies":[{"name":"wp","href":"https:\/\/api.w.org\/{rel}","templated":true}]}}