{"id":288253,"date":"2025-10-09T18:19:09","date_gmt":"2025-10-09T18:19:09","guid":{"rendered":"https:\/\/fashiongold.lt\/papuosalas\/moodne-valgest-kullast-kihlasormus-teemantidega-brilliantbetelgeize\/"},"modified":"2026-02-17T06:57:56","modified_gmt":"2026-02-17T06:57:56","slug":"moodne-valgest-kullast-kihlasormus-teemantidega-brilliantbetelgeize","status":"publish","type":"product","link":"https:\/\/fashiongold.lt\/et\/papuosalas\/moodne-valgest-kullast-kihlasormus-teemantidega-brilliantbetelgeize\/","title":{"rendered":"Moodne valgest kullast kihlas\u00f5rmus teemantidega BrilliantBetelgeize"},"content":{"rendered":"<p>Avastage kaasaegne elegants BrilliantBetelgeize&#8217;iga &#8211; valgest kullast kihlas\u00f5rmus teemantidega. Sirge v\u00f5ru, mille m\u00f5lemal k\u00fcljel on v\u00e4ikesed teemandid, ja madal praktiline kroon, kuhu on istutatud ehtne teemant. Lummab luksuse ja eksklusiivse disainiga, andes teile t\u00e4htede s\u00e4ra!<\/p>\n<p>\u201eFashion Gold\u201d juvelirimeistrite loodud kihlas\u00f5rmus on erakordselt k\u00f5rge kvaliteediga, varustatud Leedu Proovikoja sertifikaadiga ning seda v\u00e4ga atraktiivse hinnaga. See on ehe, mida saab p\u00e4randada p\u00f5lvest p\u00f5lve kui perekonnareliikviat, sest ei kuld ega ehtsad teemandid kaota kunagi oma v\u00e4\u00e4rtust. Seda kulds\u00f5rmust saab tellida nii salongist kui ka internetist.\u00a0<\/p>\n<p>Kihlas\u00f5rmuse kaal &#8211; 1,60-2,00 g,<\/p>\n<p>Kulla v\u00e4rvus &#8211; valge<\/p>\n<p>Briljantide kaal &#8211; 0,22 ct, v\u00e4rvus H, puhtus SI<\/p>\n<p>V\u00f5imalik n\u00e4ha \u201eFashion Gold&#8221; juveelimajas aadressil Pam\u0117nkalnio g. 5, Vilnius\u00a0<\/p>\n<p><span>P\u00e4rast tellimist toimetame ehte kohale 7-14 t\u00f6\u00f6p\u00e4eva jooksul. V\u00f5imalik on tasuta graveerimine. S\u00f5rmus saab Leedu Proovikoja sertifikaadi.<\/span><\/p>\n<p><span>Kihlas\u00f5rmused on \u00fcks \u201eFashion Gold&#8221; tegevusvaldkondi. Salongist leiate ka abielus\u00f5rmuseid, ehteid naistele, meestele, lastele erinevateks puhkudeks, m\u00fcnte ja kullakange.<\/span><\/p>\n<p><span>PAKUME KIHLAS\u00d5RMUSEID JA TEISI EHTEID TELLIMUST\u00d6\u00d6NA NING VASTAVALT TEIE INDIVIDUAALSETELE SOOVIDELE. V\u00d5TKE \u00dcHENDUST info@fashiongold.lt<\/span><\/p><\/p>\n","protected":false},"excerpt":{"rendered":"<p>BrilliantBetelgeize &#8211; Avastage moodne elegants! S\u00e4rav valgest kullast teemantidega kihluses\u00f5rmus lummab oma luksuse ja erilise disainiga. Sukelduge t\u00e4htede s\u00e4rasse selle erakordse s\u00f5rmusega!<\/p>\n","protected":false},"featured_media":55218,"template":"","meta":{"site-sidebar-layout":"","site-content-layout":"","ast-site-content-layout":"","site-content-style":"","site-sidebar-style":"","ast-global-header-display":"","ast-banner-title-visibility":"","ast-main-header-display":"","ast-hfb-above-header-display":"","ast-hfb-below-header-display":"","ast-hfb-mobile-header-display":"","site-post-title":"","ast-breadcrumbs-content":"","ast-featured-img":"","footer-sml-layout":"","ast-disable-related-posts":"","theme-transparent-header-meta":"","adv-header-id-meta":"","stick-header-meta":"","header-above-stick-meta":"","header-main-stick-meta":"","header-below-stick-meta":"","astra-migrate-meta-layouts":"default","ast-page-background-enabled":"default","ast-page-background-meta":{"desktop":{"background-color":"var(--ast-global-color-4)","background-image":"","background-repeat":"repeat","background-position":"center center","background-size":"auto","background-attachment":"scroll","background-type":"","background-media":"","overlay-type":"","overlay-color":"","overlay-opacity":"","overlay-gradient":""},"tablet":{"background-color":"","background-image":"","background-repeat":"repeat","background-position":"center center","background-size":"auto","background-attachment":"scroll","background-type":"","background-media":"","overlay-type":"","overlay-color":"","overlay-opacity":"","overlay-gradient":""},"mobile":{"background-color":"","background-image":"","background-repeat":"repeat","background-position":"center center","background-size":"auto","background-attachment":"scroll","background-type":"","background-media":"","overlay-type":"","overlay-color":"","overlay-opacity":"","overlay-gradient":""}},"ast-content-background-meta":{"desktop":{"background-color":"var(--ast-global-color-5)","background-image":"","background-repeat":"repeat","background-position":"center center","background-size":"auto","background-attachment":"scroll","background-type":"","background-media":"","overlay-type":"","overlay-color":"","overlay-opacity":"","overlay-gradient":""},"tablet":{"background-color":"var(--ast-global-color-5)","background-image":"","background-repeat":"repeat","background-position":"center center","background-size":"auto","background-attachment":"scroll","background-type":"","background-media":"","overlay-type":"","overlay-color":"","overlay-opacity":"","overlay-gradient":""},"mobile":{"background-color":"var(--ast-global-color-5)","background-image":"","background-repeat":"repeat","background-position":"center center","background-size":"auto","background-attachment":"scroll","background-type":"","background-media":"","overlay-type":"","overlay-color":"","overlay-opacity":"","overlay-gradient":""}}},"product_brand":[],"product_cat":[3574],"product_tag":[],"class_list":{"0":"post-288253","1":"product","2":"type-product","3":"status-publish","4":"has-post-thumbnail","6":"product_cat-soodusmuuk","7":"desktop-align-center","8":"tablet-align-left","9":"mobile-align-left","10":"ast-product-gallery-layout-horizontal-slider","11":"ast-product-gallery-with-no-image","12":"ast-product-single-variable","13":"ast-product-tabs-layout-accordion","14":"ast-qv-on-image","16":"first","17":"instock","18":"taxable","19":"shipping-taxable","20":"purchasable","21":"product-type-variable"},"yoast_head":"<!-- This site is optimized with the Yoast SEO plugin v26.6 - https:\/\/yoast.com\/wordpress\/plugins\/seo\/ -->\n<title>Moodne valgest kullast kihlas\u00f5rmus teemantidega<\/title>\n<meta name=\"description\" content=\"Avastage moodne elegants!S\u00e4rav teemantidega kihlas\u00f5rmus lummab oma erilise disainiga.Sukelduge t\u00e4htede s\u00e4rasse selle erakordse s\u00f5rmusega\" \/>\n<meta name=\"robots\" content=\"index, follow, max-snippet:-1, max-image-preview:large, max-video-preview:-1\" \/>\n<link rel=\"canonical\" href=\"https:\/\/fashiongold.lt\/et\/papuosalas\/moodne-valgest-kullast-kihlasormus-teemantidega-brilliantbetelgeize\/\" \/>\n<meta property=\"og:locale\" content=\"et_EE\" \/>\n<meta property=\"og:type\" content=\"article\" \/>\n<meta property=\"og:title\" content=\"Moodne valgest kullast kihlas\u00f5rmus teemantidega\" \/>\n<meta property=\"og:description\" content=\"Avastage moodne elegants!S\u00e4rav teemantidega kihlas\u00f5rmus lummab oma erilise disainiga.Sukelduge t\u00e4htede s\u00e4rasse selle erakordse s\u00f5rmusega\" \/>\n<meta property=\"og:url\" content=\"https:\/\/fashiongold.lt\/et\/papuosalas\/moodne-valgest-kullast-kihlasormus-teemantidega-brilliantbetelgeize\/\" \/>\n<meta property=\"og:site_name\" content=\"FashionGold.lt\" \/>\n<meta property=\"article:modified_time\" content=\"2026-02-17T06:57:56+00:00\" \/>\n<meta property=\"og:image\" content=\"https:\/\/fashiongold.lt\/wp-content\/uploads\/2025\/10\/1781-973-Suzadetuviu-ziedas-Betelgeize.webp\" \/>\n\t<meta property=\"og:image:width\" content=\"522\" \/>\n\t<meta property=\"og:image:height\" content=\"481\" \/>\n\t<meta property=\"og:image:type\" content=\"image\/jpeg\" \/>\n<meta name=\"twitter:card\" content=\"summary_large_image\" \/>\n<meta name=\"twitter:label1\" content=\"Est. reading time\" \/>\n\t<meta name=\"twitter:data1\" content=\"1 minut\" \/>\n<script type=\"application\/ld+json\" class=\"yoast-schema-graph\">{\"@context\":\"https:\/\/schema.org\",\"@graph\":[{\"@type\":\"WebPage\",\"@id\":\"https:\/\/fashiongold.lt\/et\/papuosalas\/moodne-valgest-kullast-kihlasormus-teemantidega-brilliantbetelgeize\/\",\"url\":\"https:\/\/fashiongold.lt\/et\/papuosalas\/moodne-valgest-kullast-kihlasormus-teemantidega-brilliantbetelgeize\/\",\"name\":\"Moodne valgest kullast kihlas\u00f5rmus teemantidega\",\"isPartOf\":{\"@id\":\"https:\/\/fashiongold.lt\/et\/#website\"},\"primaryImageOfPage\":{\"@id\":\"https:\/\/fashiongold.lt\/et\/papuosalas\/moodne-valgest-kullast-kihlasormus-teemantidega-brilliantbetelgeize\/#primaryimage\"},\"image\":{\"@id\":\"https:\/\/fashiongold.lt\/et\/papuosalas\/moodne-valgest-kullast-kihlasormus-teemantidega-brilliantbetelgeize\/#primaryimage\"},\"thumbnailUrl\":\"https:\/\/fashiongold.lt\/wp-content\/uploads\/2025\/10\/1781-973-Suzadetuviu-ziedas-Betelgeize.jpg\",\"datePublished\":\"2025-10-09T18:19:09+00:00\",\"dateModified\":\"2026-02-17T06:57:56+00:00\",\"description\":\"Avastage moodne elegants!S\u00e4rav teemantidega kihlas\u00f5rmus lummab oma erilise disainiga.Sukelduge t\u00e4htede s\u00e4rasse selle erakordse s\u00f5rmusega\",\"breadcrumb\":{\"@id\":\"https:\/\/fashiongold.lt\/et\/papuosalas\/moodne-valgest-kullast-kihlasormus-teemantidega-brilliantbetelgeize\/#breadcrumb\"},\"inLanguage\":\"et\",\"potentialAction\":[{\"@type\":\"ReadAction\",\"target\":[\"https:\/\/fashiongold.lt\/et\/papuosalas\/moodne-valgest-kullast-kihlasormus-teemantidega-brilliantbetelgeize\/\"]}]},{\"@type\":\"ImageObject\",\"inLanguage\":\"et\",\"@id\":\"https:\/\/fashiongold.lt\/et\/papuosalas\/moodne-valgest-kullast-kihlasormus-teemantidega-brilliantbetelgeize\/#primaryimage\",\"url\":\"https:\/\/fashiongold.lt\/wp-content\/uploads\/2025\/10\/1781-973-Suzadetuviu-ziedas-Betelgeize.jpg\",\"contentUrl\":\"https:\/\/fashiongold.lt\/wp-content\/uploads\/2025\/10\/1781-973-Suzadetuviu-ziedas-Betelgeize.jpg\",\"width\":522,\"height\":481},{\"@type\":\"BreadcrumbList\",\"@id\":\"https:\/\/fashiongold.lt\/et\/papuosalas\/moodne-valgest-kullast-kihlasormus-teemantidega-brilliantbetelgeize\/#breadcrumb\",\"itemListElement\":[{\"@type\":\"ListItem\",\"position\":1,\"name\":\"Home\",\"item\":\"https:\/\/fashiongold.lt\/et\/\"},{\"@type\":\"ListItem\",\"position\":2,\"name\":\"Teemantide pood Fashiongold.lt\",\"item\":\"https:\/\/fashiongold.lt\/shop-2\/\"},{\"@type\":\"ListItem\",\"position\":3,\"name\":\"Moodne valgest kullast kihlas\u00f5rmus teemantidega BrilliantBetelgeize\"}]},{\"@type\":\"WebSite\",\"@id\":\"https:\/\/fashiongold.lt\/et\/#website\",\"url\":\"https:\/\/fashiongold.lt\/et\/\",\"name\":\"Fashion Gold\",\"description\":\"Juvelyrikos namai\",\"publisher\":{\"@id\":\"https:\/\/fashiongold.lt\/et\/#organization\"},\"potentialAction\":[{\"@type\":\"SearchAction\",\"target\":{\"@type\":\"EntryPoint\",\"urlTemplate\":\"https:\/\/fashiongold.lt\/et\/?s={search_term_string}\"},\"query-input\":{\"@type\":\"PropertyValueSpecification\",\"valueRequired\":true,\"valueName\":\"search_term_string\"}}],\"inLanguage\":\"et\"},{\"@type\":\"Organization\",\"@id\":\"https:\/\/fashiongold.lt\/et\/#organization\",\"name\":\"Topdiamonds Online\",\"url\":\"https:\/\/fashiongold.lt\/et\/\",\"logo\":{\"@type\":\"ImageObject\",\"inLanguage\":\"et\",\"@id\":\"https:\/\/fashiongold.lt\/et\/#\/schema\/logo\/image\/\",\"url\":\"https:\/\/fashiongold.lt\/wp-content\/uploads\/2025\/04\/cropped-fashion_gold_logotipas2-scaled-1.png\",\"contentUrl\":\"https:\/\/fashiongold.lt\/wp-content\/uploads\/2025\/04\/cropped-fashion_gold_logotipas2-scaled-1.png\",\"width\":2559,\"height\":421,\"caption\":\"Topdiamonds Online\"},\"image\":{\"@id\":\"https:\/\/fashiongold.lt\/et\/#\/schema\/logo\/image\/\"}}]}<\/script>\n<!-- \/ Yoast SEO plugin. -->","yoast_head_json":{"title":"Moodne valgest kullast kihlas\u00f5rmus teemantidega","description":"Avastage moodne elegants!S\u00e4rav teemantidega kihlas\u00f5rmus lummab oma erilise disainiga.Sukelduge t\u00e4htede s\u00e4rasse selle erakordse s\u00f5rmusega","robots":{"index":"index","follow":"follow","max-snippet":"max-snippet:-1","max-image-preview":"max-image-preview:large","max-video-preview":"max-video-preview:-1"},"canonical":"https:\/\/fashiongold.lt\/et\/papuosalas\/moodne-valgest-kullast-kihlasormus-teemantidega-brilliantbetelgeize\/","og_locale":"et_EE","og_type":"article","og_title":"Moodne valgest kullast kihlas\u00f5rmus teemantidega","og_description":"Avastage moodne elegants!S\u00e4rav teemantidega kihlas\u00f5rmus lummab oma erilise disainiga.Sukelduge t\u00e4htede s\u00e4rasse selle erakordse s\u00f5rmusega","og_url":"https:\/\/fashiongold.lt\/et\/papuosalas\/moodne-valgest-kullast-kihlasormus-teemantidega-brilliantbetelgeize\/","og_site_name":"FashionGold.lt","article_modified_time":"2026-02-17T06:57:56+00:00","og_image":[{"width":522,"height":481,"url":"https:\/\/fashiongold.lt\/wp-content\/uploads\/2025\/10\/1781-973-Suzadetuviu-ziedas-Betelgeize.webp","type":"image\/jpeg"}],"twitter_card":"summary_large_image","twitter_misc":{"Est. reading time":"1 minut"},"schema":{"@context":"https:\/\/schema.org","@graph":[{"@type":"WebPage","@id":"https:\/\/fashiongold.lt\/et\/papuosalas\/moodne-valgest-kullast-kihlasormus-teemantidega-brilliantbetelgeize\/","url":"https:\/\/fashiongold.lt\/et\/papuosalas\/moodne-valgest-kullast-kihlasormus-teemantidega-brilliantbetelgeize\/","name":"Moodne valgest kullast kihlas\u00f5rmus teemantidega","isPartOf":{"@id":"https:\/\/fashiongold.lt\/et\/#website"},"primaryImageOfPage":{"@id":"https:\/\/fashiongold.lt\/et\/papuosalas\/moodne-valgest-kullast-kihlasormus-teemantidega-brilliantbetelgeize\/#primaryimage"},"image":{"@id":"https:\/\/fashiongold.lt\/et\/papuosalas\/moodne-valgest-kullast-kihlasormus-teemantidega-brilliantbetelgeize\/#primaryimage"},"thumbnailUrl":"https:\/\/fashiongold.lt\/wp-content\/uploads\/2025\/10\/1781-973-Suzadetuviu-ziedas-Betelgeize.jpg","datePublished":"2025-10-09T18:19:09+00:00","dateModified":"2026-02-17T06:57:56+00:00","description":"Avastage moodne elegants!S\u00e4rav teemantidega kihlas\u00f5rmus lummab oma erilise disainiga.Sukelduge t\u00e4htede s\u00e4rasse selle erakordse s\u00f5rmusega","breadcrumb":{"@id":"https:\/\/fashiongold.lt\/et\/papuosalas\/moodne-valgest-kullast-kihlasormus-teemantidega-brilliantbetelgeize\/#breadcrumb"},"inLanguage":"et","potentialAction":[{"@type":"ReadAction","target":["https:\/\/fashiongold.lt\/et\/papuosalas\/moodne-valgest-kullast-kihlasormus-teemantidega-brilliantbetelgeize\/"]}]},{"@type":"ImageObject","inLanguage":"et","@id":"https:\/\/fashiongold.lt\/et\/papuosalas\/moodne-valgest-kullast-kihlasormus-teemantidega-brilliantbetelgeize\/#primaryimage","url":"https:\/\/fashiongold.lt\/wp-content\/uploads\/2025\/10\/1781-973-Suzadetuviu-ziedas-Betelgeize.jpg","contentUrl":"https:\/\/fashiongold.lt\/wp-content\/uploads\/2025\/10\/1781-973-Suzadetuviu-ziedas-Betelgeize.jpg","width":522,"height":481},{"@type":"BreadcrumbList","@id":"https:\/\/fashiongold.lt\/et\/papuosalas\/moodne-valgest-kullast-kihlasormus-teemantidega-brilliantbetelgeize\/#breadcrumb","itemListElement":[{"@type":"ListItem","position":1,"name":"Home","item":"https:\/\/fashiongold.lt\/et\/"},{"@type":"ListItem","position":2,"name":"Teemantide pood Fashiongold.lt","item":"https:\/\/fashiongold.lt\/shop-2\/"},{"@type":"ListItem","position":3,"name":"Moodne valgest kullast kihlas\u00f5rmus teemantidega BrilliantBetelgeize"}]},{"@type":"WebSite","@id":"https:\/\/fashiongold.lt\/et\/#website","url":"https:\/\/fashiongold.lt\/et\/","name":"Fashion Gold","description":"Juvelyrikos namai","publisher":{"@id":"https:\/\/fashiongold.lt\/et\/#organization"},"potentialAction":[{"@type":"SearchAction","target":{"@type":"EntryPoint","urlTemplate":"https:\/\/fashiongold.lt\/et\/?s={search_term_string}"},"query-input":{"@type":"PropertyValueSpecification","valueRequired":true,"valueName":"search_term_string"}}],"inLanguage":"et"},{"@type":"Organization","@id":"https:\/\/fashiongold.lt\/et\/#organization","name":"Topdiamonds Online","url":"https:\/\/fashiongold.lt\/et\/","logo":{"@type":"ImageObject","inLanguage":"et","@id":"https:\/\/fashiongold.lt\/et\/#\/schema\/logo\/image\/","url":"https:\/\/fashiongold.lt\/wp-content\/uploads\/2025\/04\/cropped-fashion_gold_logotipas2-scaled-1.png","contentUrl":"https:\/\/fashiongold.lt\/wp-content\/uploads\/2025\/04\/cropped-fashion_gold_logotipas2-scaled-1.png","width":2559,"height":421,"caption":"Topdiamonds Online"},"image":{"@id":"https:\/\/fashiongold.lt\/et\/#\/schema\/logo\/image\/"}}]}},"_links":{"self":[{"href":"https:\/\/fashiongold.lt\/et\/wp-json\/wp\/v2\/product\/288253","targetHints":{"allow":["GET"]}}],"collection":[{"href":"https:\/\/fashiongold.lt\/et\/wp-json\/wp\/v2\/product"}],"about":[{"href":"https:\/\/fashiongold.lt\/et\/wp-json\/wp\/v2\/types\/product"}],"version-history":[{"count":0,"href":"https:\/\/fashiongold.lt\/et\/wp-json\/wp\/v2\/product\/288253\/revisions"}],"wp:featuredmedia":[{"embeddable":true,"href":"https:\/\/fashiongold.lt\/et\/wp-json\/wp\/v2\/media\/55218"}],"wp:attachment":[{"href":"https:\/\/fashiongold.lt\/et\/wp-json\/wp\/v2\/media?parent=288253"}],"wp:term":[{"taxonomy":"product_brand","embeddable":true,"href":"https:\/\/fashiongold.lt\/et\/wp-json\/wp\/v2\/product_brand?post=288253"},{"taxonomy":"product_cat","embeddable":true,"href":"https:\/\/fashiongold.lt\/et\/wp-json\/wp\/v2\/product_cat?post=288253"},{"taxonomy":"product_tag","embeddable":true,"href":"https:\/\/fashiongold.lt\/et\/wp-json\/wp\/v2\/product_tag?post=288253"}],"curies":[{"name":"wp","href":"https:\/\/api.w.org\/{rel}","templated":true}]}}