{"id":288263,"date":"2025-10-09T18:17:32","date_gmt":"2025-10-09T18:17:32","guid":{"rendered":"https:\/\/fashiongold.lt\/papuosalas\/kapela-diamante-moodsa-disainiga-kollasest-kullast-teemantidega-sormus-062ct\/"},"modified":"2026-02-17T06:58:05","modified_gmt":"2026-02-17T06:58:05","slug":"kapela-diamante-moodsa-disainiga-kollasest-kullast-teemantidega-sormus-062ct","status":"publish","type":"product","link":"https:\/\/fashiongold.lt\/et\/papuosalas\/kapela-diamante-moodsa-disainiga-kollasest-kullast-teemantidega-sormus-062ct\/","title":{"rendered":"Kapela Diamante \u2013 Moodsa disainiga kollasest kullast teemantidega s\u00f5rmus (0,62ct)"},"content":{"rendered":"<p>Kaasaegne kollasest kullast teemants\u00f5rmus \u2013 keskel asuv 0,50 ct teemant on kinnitatud valgest kullast neljaharulisse krooni. Teemandi \u00fcmber on kollasest kullast r\u00f5ngasse paigutatud v\u00e4ikesed teemandid, luues vapustava ja \u00fchtlase teemants\u00e4ra. Suurep\u00e4rane valik kihlumiseks ja muudeks erilisteks s\u00fcndmusteks.<\/p>\n<p>\u201eFashion Gold\u201c juveelimeistrite loodud kihlas\u00f5rmus on erakordselt k\u00f5rge kvaliteediga, varustatud Leedu Proovikoja sertifikaadiga ja saadaval v\u00e4ga atraktiivse hinnaga. See on ehe, mida saab p\u00e4randada p\u00f5lvest p\u00f5lve kui perekonnareliikviat, sest ei kuld ega teemandid kaota kunagi oma v\u00e4\u00e4rtust. Seda kulds\u00f5rmust saab tellida nii salongist kui ka internetist.\u00a0<\/p>\n<p>Kihlas\u00f5rmuse kaal &#8211; 2,60-3,30 g,<\/p>\n<p>Kulla v\u00e4rvus &#8211;\u00a0kollane<\/p>\n<p>Briljantide kaal &#8211; 0,62 ct, v\u00e4rvus H, puhtus SI<\/p>\n<p>V\u00f5imalik n\u00e4ha \u201eFashion Gold&#8221; juveelimajas aadressil Pam\u0117nkalnio g. 5, Vilnius\u00a0<\/p>\n<p><span>Tellimuse esitamisel valmistame ehte 14 t\u00f6\u00f6p\u00e4eva jooksul. V\u00f5imalik tasuta graveerimine. S\u00f5rmus saab Leedu Proovikoja sertifikaadi.<\/span><\/p>\n<p><span>Kihlas\u00f5rmused on \u00fcks \u201eFashion Gold\u201c tegevusvaldkondadest. Salongist leiate ka abielus\u00f5rmuseid, ehteid naistele, meestele ja lastele erinevateks s\u00fcndmusteks, m\u00fcnte ja kullakange.<\/span><\/p>\n<p><span>PAKUME KIHLAS\u00d5RMUSEID JA TEISI EHTEID ERITELLIMUSEL JA VASTAVALT TEIE INDIVIDUAALSETELE SOOVIDELE. V\u00d5TKE \u00dcHENDUST info@fashiongold.lt<\/span><\/p><\/p>\n","protected":false},"excerpt":{"rendered":"<p>Kollasest kullast moodsa disainiga kihlas\u00f5rmus 0,50 ct tsentraalse teemandiga. S\u00f5rmust kaunistavad 0,50 ct tsentraalne teemant ja kuus teemanti kummalgi k\u00fcljel, mille kogukaal on 0,12 ct. S\u00f5rmuse kroon on madal, pakkudes teile maksimaalset mugavust ja k\u00e4ep\u00e4rasust.<\/p>\n","protected":false},"featured_media":55108,"template":"","meta":{"site-sidebar-layout":"","site-content-layout":"","ast-site-content-layout":"","site-content-style":"","site-sidebar-style":"","ast-global-header-display":"","ast-banner-title-visibility":"","ast-main-header-display":"","ast-hfb-above-header-display":"","ast-hfb-below-header-display":"","ast-hfb-mobile-header-display":"","site-post-title":"","ast-breadcrumbs-content":"","ast-featured-img":"","footer-sml-layout":"","ast-disable-related-posts":"","theme-transparent-header-meta":"","adv-header-id-meta":"","stick-header-meta":"","header-above-stick-meta":"","header-main-stick-meta":"","header-below-stick-meta":"","astra-migrate-meta-layouts":"default","ast-page-background-enabled":"default","ast-page-background-meta":{"desktop":{"background-color":"var(--ast-global-color-4)","background-image":"","background-repeat":"repeat","background-position":"center center","background-size":"auto","background-attachment":"scroll","background-type":"","background-media":"","overlay-type":"","overlay-color":"","overlay-opacity":"","overlay-gradient":""},"tablet":{"background-color":"","background-image":"","background-repeat":"repeat","background-position":"center center","background-size":"auto","background-attachment":"scroll","background-type":"","background-media":"","overlay-type":"","overlay-color":"","overlay-opacity":"","overlay-gradient":""},"mobile":{"background-color":"","background-image":"","background-repeat":"repeat","background-position":"center center","background-size":"auto","background-attachment":"scroll","background-type":"","background-media":"","overlay-type":"","overlay-color":"","overlay-opacity":"","overlay-gradient":""}},"ast-content-background-meta":{"desktop":{"background-color":"var(--ast-global-color-5)","background-image":"","background-repeat":"repeat","background-position":"center center","background-size":"auto","background-attachment":"scroll","background-type":"","background-media":"","overlay-type":"","overlay-color":"","overlay-opacity":"","overlay-gradient":""},"tablet":{"background-color":"var(--ast-global-color-5)","background-image":"","background-repeat":"repeat","background-position":"center center","background-size":"auto","background-attachment":"scroll","background-type":"","background-media":"","overlay-type":"","overlay-color":"","overlay-opacity":"","overlay-gradient":""},"mobile":{"background-color":"var(--ast-global-color-5)","background-image":"","background-repeat":"repeat","background-position":"center center","background-size":"auto","background-attachment":"scroll","background-type":"","background-media":"","overlay-type":"","overlay-color":"","overlay-opacity":"","overlay-gradient":""}}},"product_brand":[],"product_cat":[2830,2826,3422,2829,2823,2828,2822,2824,2821,3425,3449,2845,3466,3445,2827],"product_tag":[],"class_list":{"0":"post-288263","1":"product","2":"type-product","3":"status-publish","4":"has-post-thumbnail","6":"product_cat-emadepaeva-kingitused","7":"product_cat-joulukingid","8":"product_cat-kihlasormused","9":"product_cat-kingitused-erilisteks-puhkudeks","10":"product_cat-kingitused-lapse-sunni-puhul","11":"product_cat-kingitused-lopetamise-puhul","12":"product_cat-kingitused-naistele","13":"product_cat-kingitused-pulma-aastapaeva-puhul","14":"product_cat-kingitused-sunnipaevaks","15":"product_cat-kollasest-kullast-kihlasormused","16":"product_cat-modernsed-kihlasormused","17":"product_cat-sobrapaeva-kingitused","18":"product_cat-teemantsormused","19":"product_cat-top-kihlasormused","20":"product_cat-valgest-kullast-ehted","21":"desktop-align-center","22":"tablet-align-left","23":"mobile-align-left","24":"ast-product-gallery-layout-horizontal-slider","25":"ast-product-gallery-with-no-image","26":"ast-product-single-variable","27":"ast-product-tabs-layout-accordion","28":"ast-qv-on-image","30":"first","31":"instock","32":"taxable","33":"shipping-taxable","34":"purchasable","35":"product-type-variable"},"yoast_head":"<!-- This site is optimized with the Yoast SEO plugin v26.6 - https:\/\/yoast.com\/wordpress\/plugins\/seo\/ -->\n<title>Moodsa disainiga kollasest kullast teemantidega s\u00f5rmus (0,62ct)<\/title>\n<meta name=\"description\" content=\"Kaasaegse disainiga teemandiga kihlas\u00f5rmus. S\u00f5rmust kaunistab 0,50 ct tsentraalne teemant ja kuus teemanti kummalgi k\u00fcljel, mille kogukaal on 0,12 ct.\" \/>\n<meta name=\"robots\" content=\"index, follow, max-snippet:-1, max-image-preview:large, max-video-preview:-1\" \/>\n<link rel=\"canonical\" href=\"https:\/\/fashiongold.lt\/et\/papuosalas\/kapela-diamante-moodsa-disainiga-kollasest-kullast-teemantidega-sormus-062ct\/\" \/>\n<meta property=\"og:locale\" content=\"et_EE\" \/>\n<meta property=\"og:type\" content=\"article\" \/>\n<meta property=\"og:title\" content=\"Moodsa disainiga kollasest kullast teemantidega s\u00f5rmus (0,62ct)\" \/>\n<meta property=\"og:description\" content=\"Kaasaegse disainiga teemandiga kihlas\u00f5rmus. S\u00f5rmust kaunistab 0,50 ct tsentraalne teemant ja kuus teemanti kummalgi k\u00fcljel, mille kogukaal on 0,12 ct.\" \/>\n<meta property=\"og:url\" content=\"https:\/\/fashiongold.lt\/et\/papuosalas\/kapela-diamante-moodsa-disainiga-kollasest-kullast-teemantidega-sormus-062ct\/\" \/>\n<meta property=\"og:site_name\" content=\"FashionGold.lt\" \/>\n<meta property=\"article:modified_time\" content=\"2026-02-17T06:58:05+00:00\" \/>\n<meta property=\"og:image\" content=\"https:\/\/fashiongold.lt\/wp-content\/uploads\/2025\/10\/1777-96a-Suzadetuviu-ziedas-Kapela-A-geltono-aukso.webp\" \/>\n\t<meta property=\"og:image:width\" content=\"800\" \/>\n\t<meta property=\"og:image:height\" content=\"800\" \/>\n\t<meta property=\"og:image:type\" content=\"image\/jpeg\" \/>\n<meta name=\"twitter:card\" content=\"summary_large_image\" \/>\n<meta name=\"twitter:label1\" content=\"Est. reading time\" \/>\n\t<meta name=\"twitter:data1\" content=\"1 minut\" \/>\n<script type=\"application\/ld+json\" class=\"yoast-schema-graph\">{\"@context\":\"https:\/\/schema.org\",\"@graph\":[{\"@type\":\"WebPage\",\"@id\":\"https:\/\/fashiongold.lt\/et\/papuosalas\/kapela-diamante-moodsa-disainiga-kollasest-kullast-teemantidega-sormus-062ct\/\",\"url\":\"https:\/\/fashiongold.lt\/et\/papuosalas\/kapela-diamante-moodsa-disainiga-kollasest-kullast-teemantidega-sormus-062ct\/\",\"name\":\"Moodsa disainiga kollasest kullast teemantidega s\u00f5rmus (0,62ct)\",\"isPartOf\":{\"@id\":\"https:\/\/fashiongold.lt\/et\/#website\"},\"primaryImageOfPage\":{\"@id\":\"https:\/\/fashiongold.lt\/et\/papuosalas\/kapela-diamante-moodsa-disainiga-kollasest-kullast-teemantidega-sormus-062ct\/#primaryimage\"},\"image\":{\"@id\":\"https:\/\/fashiongold.lt\/et\/papuosalas\/kapela-diamante-moodsa-disainiga-kollasest-kullast-teemantidega-sormus-062ct\/#primaryimage\"},\"thumbnailUrl\":\"https:\/\/fashiongold.lt\/wp-content\/uploads\/2025\/10\/1777-96a-Suzadetuviu-ziedas-Kapela-A-geltono-aukso.jpg\",\"datePublished\":\"2025-10-09T18:17:32+00:00\",\"dateModified\":\"2026-02-17T06:58:05+00:00\",\"description\":\"Kaasaegse disainiga teemandiga kihlas\u00f5rmus. S\u00f5rmust kaunistab 0,50 ct tsentraalne teemant ja kuus teemanti kummalgi k\u00fcljel, mille kogukaal on 0,12 ct.\",\"breadcrumb\":{\"@id\":\"https:\/\/fashiongold.lt\/et\/papuosalas\/kapela-diamante-moodsa-disainiga-kollasest-kullast-teemantidega-sormus-062ct\/#breadcrumb\"},\"inLanguage\":\"et\",\"potentialAction\":[{\"@type\":\"ReadAction\",\"target\":[\"https:\/\/fashiongold.lt\/et\/papuosalas\/kapela-diamante-moodsa-disainiga-kollasest-kullast-teemantidega-sormus-062ct\/\"]}]},{\"@type\":\"ImageObject\",\"inLanguage\":\"et\",\"@id\":\"https:\/\/fashiongold.lt\/et\/papuosalas\/kapela-diamante-moodsa-disainiga-kollasest-kullast-teemantidega-sormus-062ct\/#primaryimage\",\"url\":\"https:\/\/fashiongold.lt\/wp-content\/uploads\/2025\/10\/1777-96a-Suzadetuviu-ziedas-Kapela-A-geltono-aukso.jpg\",\"contentUrl\":\"https:\/\/fashiongold.lt\/wp-content\/uploads\/2025\/10\/1777-96a-Suzadetuviu-ziedas-Kapela-A-geltono-aukso.jpg\",\"width\":800,\"height\":800},{\"@type\":\"BreadcrumbList\",\"@id\":\"https:\/\/fashiongold.lt\/et\/papuosalas\/kapela-diamante-moodsa-disainiga-kollasest-kullast-teemantidega-sormus-062ct\/#breadcrumb\",\"itemListElement\":[{\"@type\":\"ListItem\",\"position\":1,\"name\":\"Home\",\"item\":\"https:\/\/fashiongold.lt\/et\/\"},{\"@type\":\"ListItem\",\"position\":2,\"name\":\"Teemantide pood Fashiongold.lt\",\"item\":\"https:\/\/fashiongold.lt\/shop-2\/\"},{\"@type\":\"ListItem\",\"position\":3,\"name\":\"Kapela Diamante \u2013 Moodsa disainiga kollasest kullast teemantidega s\u00f5rmus (0,62ct)\"}]},{\"@type\":\"WebSite\",\"@id\":\"https:\/\/fashiongold.lt\/et\/#website\",\"url\":\"https:\/\/fashiongold.lt\/et\/\",\"name\":\"Fashion Gold\",\"description\":\"Juvelyrikos namai\",\"publisher\":{\"@id\":\"https:\/\/fashiongold.lt\/et\/#organization\"},\"potentialAction\":[{\"@type\":\"SearchAction\",\"target\":{\"@type\":\"EntryPoint\",\"urlTemplate\":\"https:\/\/fashiongold.lt\/et\/?s={search_term_string}\"},\"query-input\":{\"@type\":\"PropertyValueSpecification\",\"valueRequired\":true,\"valueName\":\"search_term_string\"}}],\"inLanguage\":\"et\"},{\"@type\":\"Organization\",\"@id\":\"https:\/\/fashiongold.lt\/et\/#organization\",\"name\":\"Topdiamonds Online\",\"url\":\"https:\/\/fashiongold.lt\/et\/\",\"logo\":{\"@type\":\"ImageObject\",\"inLanguage\":\"et\",\"@id\":\"https:\/\/fashiongold.lt\/et\/#\/schema\/logo\/image\/\",\"url\":\"https:\/\/fashiongold.lt\/wp-content\/uploads\/2025\/04\/cropped-fashion_gold_logotipas2-scaled-1.png\",\"contentUrl\":\"https:\/\/fashiongold.lt\/wp-content\/uploads\/2025\/04\/cropped-fashion_gold_logotipas2-scaled-1.png\",\"width\":2559,\"height\":421,\"caption\":\"Topdiamonds Online\"},\"image\":{\"@id\":\"https:\/\/fashiongold.lt\/et\/#\/schema\/logo\/image\/\"}}]}<\/script>\n<!-- \/ Yoast SEO plugin. -->","yoast_head_json":{"title":"Moodsa disainiga kollasest kullast teemantidega s\u00f5rmus (0,62ct)","description":"Kaasaegse disainiga teemandiga kihlas\u00f5rmus. S\u00f5rmust kaunistab 0,50 ct tsentraalne teemant ja kuus teemanti kummalgi k\u00fcljel, mille kogukaal on 0,12 ct.","robots":{"index":"index","follow":"follow","max-snippet":"max-snippet:-1","max-image-preview":"max-image-preview:large","max-video-preview":"max-video-preview:-1"},"canonical":"https:\/\/fashiongold.lt\/et\/papuosalas\/kapela-diamante-moodsa-disainiga-kollasest-kullast-teemantidega-sormus-062ct\/","og_locale":"et_EE","og_type":"article","og_title":"Moodsa disainiga kollasest kullast teemantidega s\u00f5rmus (0,62ct)","og_description":"Kaasaegse disainiga teemandiga kihlas\u00f5rmus. S\u00f5rmust kaunistab 0,50 ct tsentraalne teemant ja kuus teemanti kummalgi k\u00fcljel, mille kogukaal on 0,12 ct.","og_url":"https:\/\/fashiongold.lt\/et\/papuosalas\/kapela-diamante-moodsa-disainiga-kollasest-kullast-teemantidega-sormus-062ct\/","og_site_name":"FashionGold.lt","article_modified_time":"2026-02-17T06:58:05+00:00","og_image":[{"width":800,"height":800,"url":"https:\/\/fashiongold.lt\/wp-content\/uploads\/2025\/10\/1777-96a-Suzadetuviu-ziedas-Kapela-A-geltono-aukso.webp","type":"image\/jpeg"}],"twitter_card":"summary_large_image","twitter_misc":{"Est. reading time":"1 minut"},"schema":{"@context":"https:\/\/schema.org","@graph":[{"@type":"WebPage","@id":"https:\/\/fashiongold.lt\/et\/papuosalas\/kapela-diamante-moodsa-disainiga-kollasest-kullast-teemantidega-sormus-062ct\/","url":"https:\/\/fashiongold.lt\/et\/papuosalas\/kapela-diamante-moodsa-disainiga-kollasest-kullast-teemantidega-sormus-062ct\/","name":"Moodsa disainiga kollasest kullast teemantidega s\u00f5rmus (0,62ct)","isPartOf":{"@id":"https:\/\/fashiongold.lt\/et\/#website"},"primaryImageOfPage":{"@id":"https:\/\/fashiongold.lt\/et\/papuosalas\/kapela-diamante-moodsa-disainiga-kollasest-kullast-teemantidega-sormus-062ct\/#primaryimage"},"image":{"@id":"https:\/\/fashiongold.lt\/et\/papuosalas\/kapela-diamante-moodsa-disainiga-kollasest-kullast-teemantidega-sormus-062ct\/#primaryimage"},"thumbnailUrl":"https:\/\/fashiongold.lt\/wp-content\/uploads\/2025\/10\/1777-96a-Suzadetuviu-ziedas-Kapela-A-geltono-aukso.jpg","datePublished":"2025-10-09T18:17:32+00:00","dateModified":"2026-02-17T06:58:05+00:00","description":"Kaasaegse disainiga teemandiga kihlas\u00f5rmus. S\u00f5rmust kaunistab 0,50 ct tsentraalne teemant ja kuus teemanti kummalgi k\u00fcljel, mille kogukaal on 0,12 ct.","breadcrumb":{"@id":"https:\/\/fashiongold.lt\/et\/papuosalas\/kapela-diamante-moodsa-disainiga-kollasest-kullast-teemantidega-sormus-062ct\/#breadcrumb"},"inLanguage":"et","potentialAction":[{"@type":"ReadAction","target":["https:\/\/fashiongold.lt\/et\/papuosalas\/kapela-diamante-moodsa-disainiga-kollasest-kullast-teemantidega-sormus-062ct\/"]}]},{"@type":"ImageObject","inLanguage":"et","@id":"https:\/\/fashiongold.lt\/et\/papuosalas\/kapela-diamante-moodsa-disainiga-kollasest-kullast-teemantidega-sormus-062ct\/#primaryimage","url":"https:\/\/fashiongold.lt\/wp-content\/uploads\/2025\/10\/1777-96a-Suzadetuviu-ziedas-Kapela-A-geltono-aukso.jpg","contentUrl":"https:\/\/fashiongold.lt\/wp-content\/uploads\/2025\/10\/1777-96a-Suzadetuviu-ziedas-Kapela-A-geltono-aukso.jpg","width":800,"height":800},{"@type":"BreadcrumbList","@id":"https:\/\/fashiongold.lt\/et\/papuosalas\/kapela-diamante-moodsa-disainiga-kollasest-kullast-teemantidega-sormus-062ct\/#breadcrumb","itemListElement":[{"@type":"ListItem","position":1,"name":"Home","item":"https:\/\/fashiongold.lt\/et\/"},{"@type":"ListItem","position":2,"name":"Teemantide pood Fashiongold.lt","item":"https:\/\/fashiongold.lt\/shop-2\/"},{"@type":"ListItem","position":3,"name":"Kapela Diamante \u2013 Moodsa disainiga kollasest kullast teemantidega s\u00f5rmus (0,62ct)"}]},{"@type":"WebSite","@id":"https:\/\/fashiongold.lt\/et\/#website","url":"https:\/\/fashiongold.lt\/et\/","name":"Fashion Gold","description":"Juvelyrikos namai","publisher":{"@id":"https:\/\/fashiongold.lt\/et\/#organization"},"potentialAction":[{"@type":"SearchAction","target":{"@type":"EntryPoint","urlTemplate":"https:\/\/fashiongold.lt\/et\/?s={search_term_string}"},"query-input":{"@type":"PropertyValueSpecification","valueRequired":true,"valueName":"search_term_string"}}],"inLanguage":"et"},{"@type":"Organization","@id":"https:\/\/fashiongold.lt\/et\/#organization","name":"Topdiamonds Online","url":"https:\/\/fashiongold.lt\/et\/","logo":{"@type":"ImageObject","inLanguage":"et","@id":"https:\/\/fashiongold.lt\/et\/#\/schema\/logo\/image\/","url":"https:\/\/fashiongold.lt\/wp-content\/uploads\/2025\/04\/cropped-fashion_gold_logotipas2-scaled-1.png","contentUrl":"https:\/\/fashiongold.lt\/wp-content\/uploads\/2025\/04\/cropped-fashion_gold_logotipas2-scaled-1.png","width":2559,"height":421,"caption":"Topdiamonds Online"},"image":{"@id":"https:\/\/fashiongold.lt\/et\/#\/schema\/logo\/image\/"}}]}},"_links":{"self":[{"href":"https:\/\/fashiongold.lt\/et\/wp-json\/wp\/v2\/product\/288263","targetHints":{"allow":["GET"]}}],"collection":[{"href":"https:\/\/fashiongold.lt\/et\/wp-json\/wp\/v2\/product"}],"about":[{"href":"https:\/\/fashiongold.lt\/et\/wp-json\/wp\/v2\/types\/product"}],"version-history":[{"count":0,"href":"https:\/\/fashiongold.lt\/et\/wp-json\/wp\/v2\/product\/288263\/revisions"}],"wp:featuredmedia":[{"embeddable":true,"href":"https:\/\/fashiongold.lt\/et\/wp-json\/wp\/v2\/media\/55108"}],"wp:attachment":[{"href":"https:\/\/fashiongold.lt\/et\/wp-json\/wp\/v2\/media?parent=288263"}],"wp:term":[{"taxonomy":"product_brand","embeddable":true,"href":"https:\/\/fashiongold.lt\/et\/wp-json\/wp\/v2\/product_brand?post=288263"},{"taxonomy":"product_cat","embeddable":true,"href":"https:\/\/fashiongold.lt\/et\/wp-json\/wp\/v2\/product_cat?post=288263"},{"taxonomy":"product_tag","embeddable":true,"href":"https:\/\/fashiongold.lt\/et\/wp-json\/wp\/v2\/product_tag?post=288263"}],"curies":[{"name":"wp","href":"https:\/\/api.w.org\/{rel}","templated":true}]}}