{"id":288268,"date":"2025-10-09T18:16:44","date_gmt":"2025-10-09T18:16:44","guid":{"rendered":"https:\/\/fashiongold.lt\/papuosalas\/kihlasormus-kapela-a-valgest-kullast\/"},"modified":"2026-02-17T06:58:10","modified_gmt":"2026-02-17T06:58:10","slug":"kihlasormus-kapela-a-valgest-kullast","status":"publish","type":"product","link":"https:\/\/fashiongold.lt\/et\/papuosalas\/kihlasormus-kapela-a-valgest-kullast\/","title":{"rendered":"Kihlas\u00f5rmus \u201eKapela A\u201c (valgest kullast)"},"content":{"rendered":"<p><span style=\"font-family: 'Times New Roman', serif; font-size: 12pt; background: #f7f7f8;\">Moodne <\/span><span lang=\"EN-US\" style=\"font-family: 'Times New Roman', serif; font-size: 12pt; background: #f7f7f8;\">v<\/span><span style=\"font-family: 'Times New Roman', serif; font-size: 12pt; background: #f7f7f8;\">algest <\/span><span lang=\"EN-US\" style=\"font-family: 'Times New Roman', serif; font-size: 12pt; background: #f7f7f8;\">k<\/span><span style=\"font-family: 'Times New Roman', serif; font-size: 12pt; background: #f7f7f8;\">ulla<\/span><span lang=\"EN-US\" style=\"font-family: 'Times New Roman', serif; font-size: 12pt; background: #f7f7f8;\">st<\/span><span lang=\"EN-US\" style=\"font-family: 'Times New Roman', serif; font-size: 12pt; background: #f7f7f8;\"> <\/span><span lang=\"EN-US\" style=\"font-family: 'Times New Roman', serif; font-size: 12pt; background: #f7f7f8;\">k<\/span><span style=\"font-family: 'Times New Roman', serif; font-size: 12pt; background: #f7f7f8;\">ihlas\u00f5rmus <\/span><span lang=\"LT\" style=\"font-family: 'Times New Roman', serif; font-size: 12pt; background: #f7f7f8;\">\u2013<\/span><span style=\"font-family: 'Times New Roman', serif; font-size: 12pt; background: #f7f7f8;\"> armastuse ja elegantsi kombinatsioon. See ainulaadne <\/span><span lang=\"LT\" style=\"font-family: 'Times New Roman', serif; font-size: 12pt; background: #f7f7f8;\">k<\/span><span style=\"font-family: 'Times New Roman', serif; font-size: 12pt; background: #f7f7f8;\">ihlas\u00f5rmus kanda nime &#8216;Kapela A&#8217; ning seda iseloomustavad moodne disain ja elegantsed detailid. Valgest kullast s\u00f5rmust kaunistab 0,50 ct tsentraalne teemant ja kuus teemanti kummalgi k\u00fcljel, mille <\/span><span lang=\"LT\" style=\"font-family: 'Times New Roman', serif; font-size: 12pt; background: #f7f7f8;\">k<\/span><span style=\"font-family: 'Times New Roman', serif; font-size: 12pt; background: #f7f7f8;\">ogu<\/span><span lang=\"LT\" style=\"font-family: 'Times New Roman', serif; font-size: 12pt; background: #f7f7f8;\">k<\/span><span style=\"font-family: 'Times New Roman', serif; font-size: 12pt; background: #f7f7f8;\">aa<\/span><span lang=\"LT\" style=\"font-family: 'Times New Roman', serif; font-size: 12pt; background: #f7f7f8;\">l<\/span><span style=\"font-family: 'Times New Roman', serif; font-size: 12pt; background: #f7f7f8;\"> on<\/span><span lang=\"LT\" style=\"font-family: 'Times New Roman', serif; font-size: 12pt; background: #f7f7f8;\"> <\/span><span style=\"font-family: 'Times New Roman', serif; font-size: 12pt; background: #f7f7f8;\">0,12 ct. <\/span><span lang=\"LT\" style=\"font-family: 'Times New Roman', serif; font-size: 12pt; background: #f7f7f8;\">S\u00f5rmuse k<\/span><span style=\"font-family: 'Times New Roman', serif; font-size: 12pt; background: #f7f7f8;\">ro<\/span><span lang=\"LT\" style=\"font-family: 'Times New Roman', serif; font-size: 12pt; background: #f7f7f8;\">o<\/span><span style=\"font-family: 'Times New Roman', serif; font-size: 12pt; background: #f7f7f8;\">n<\/span><span lang=\"LT\" style=\"font-family: 'Times New Roman', serif; font-size: 12pt; background: #f7f7f8;\"> <\/span><span style=\"font-family: 'Times New Roman', serif; font-size: 12pt; background: #f7f7f8;\">on<\/span><span lang=\"LT\" style=\"font-family: 'Times New Roman', serif; font-size: 12pt; background: #f7f7f8;\"> <\/span><span style=\"font-family: 'Times New Roman', serif; font-size: 12pt; background: #f7f7f8;\">kergelt t\u00f5stetud, tagades mugavuse ja ligit\u00f5mbava v\u00e4limuse. &#8216;Kapela A&#8217; s\u00f5rmus v\u00f5lub oma stiilsuse ja eksklusiivse disainiga. See s\u00f5rmus pole mitte ainult teie kihluse s\u00fcmbol, vaid ka stiilne<\/span><span style=\"font-family: 'Times New Roman', serif; font-size: 12pt; background: #f7f7f8;\"> <\/span><span style=\"font-family: 'Times New Roman', serif; font-size: 12pt; background: #f7f7f8;\">detail. Lisage oma suhtele modernsust ja elegantsi &#8216;Kapela A&#8217; s\u00f5rmusega. See on imeline tunnistus teie armastusloost.<\/span><\/p>\n<p>\u201eFashion Gold\u201d ehtemeistrite loodud kihlas\u00f5rmus on erakordselt k\u00f5rge kvaliteediga ja kannab Leedu Proovikoja sertifikaati, olles saadaval v\u00e4ga atraktiivse hinnaga. See on ehe, mida saab p\u00e4randada p\u00f5lvest p\u00f5lve kui perekonnareliikviat, sest kuld ega t\u00f5elised teemandid ei kaota kunagi oma v\u00e4\u00e4rtust. Seda kulds\u00f5rmust saab tellida nii salongist kui ka internetist.\u00a0<\/p>\n<p>Kihlas\u00f5rmuse kaal &#8211; 2,60-3,30 g,<\/p>\n<p>Kulla v\u00e4rvus &#8211; valge<\/p>\n<p>Briljantide kaal &#8211; 0,62 ct, v\u00e4rv H, puhtus SI<\/p>\n<p>Saab vaadata \u201eFashion Gold&#8221; ehtemajas aadressil Pam\u0117nkalnio g. 5, Vilnius\u00a0<\/p>\n<p><span>P\u00e4rast tellimist valmistame ehte 14 t\u00f6\u00f6p\u00e4eva jooksul. V\u00f5imalik tasuta graveerimine. S\u00f5rmus saab Leedu Proovikoja sertifikaadi.<\/span><\/p>\n<p><span>Kihlas\u00f5rmused on \u00fcks \u201eFashion Gold&#8221; tegevusvaldkondi. Salongist leiate ka abielus\u00f5rmuseid, ehteid naistele, meestele ja lastele erinevateks puhkudeks, m\u00fcnte ja kullakange.<\/span><\/p>\n<p><span>PAKUME KIHLAS\u00d5RMUSEID JA MUUD JUVEELITOOTEID ERITELLIMUSEL VASTAVALT TEIE SOOVIDELE. V\u00d5TKE \u00dcHENDUST info@fashiongold.lt<\/span><\/p><\/p>\n","protected":false},"excerpt":{"rendered":"<p>Moodne valgest kullast kihlas\u00f5rmus \u2013 armastuse ja elegantsi kombinatsioon. Valgest kullast s\u00f5rmust kaunistavad 0,50 ct tsentraalne teemant ja kuus teemanti kummalgi k\u00fcljel, mille kogukaal on 0,12 ct.\u00a0<\/p>\n","protected":false},"featured_media":55054,"template":"","meta":{"site-sidebar-layout":"","site-content-layout":"","ast-site-content-layout":"","site-content-style":"","site-sidebar-style":"","ast-global-header-display":"","ast-banner-title-visibility":"","ast-main-header-display":"","ast-hfb-above-header-display":"","ast-hfb-below-header-display":"","ast-hfb-mobile-header-display":"","site-post-title":"","ast-breadcrumbs-content":"","ast-featured-img":"","footer-sml-layout":"","ast-disable-related-posts":"","theme-transparent-header-meta":"","adv-header-id-meta":"","stick-header-meta":"","header-above-stick-meta":"","header-main-stick-meta":"","header-below-stick-meta":"","astra-migrate-meta-layouts":"default","ast-page-background-enabled":"default","ast-page-background-meta":{"desktop":{"background-color":"var(--ast-global-color-4)","background-image":"","background-repeat":"repeat","background-position":"center center","background-size":"auto","background-attachment":"scroll","background-type":"","background-media":"","overlay-type":"","overlay-color":"","overlay-opacity":"","overlay-gradient":""},"tablet":{"background-color":"","background-image":"","background-repeat":"repeat","background-position":"center center","background-size":"auto","background-attachment":"scroll","background-type":"","background-media":"","overlay-type":"","overlay-color":"","overlay-opacity":"","overlay-gradient":""},"mobile":{"background-color":"","background-image":"","background-repeat":"repeat","background-position":"center center","background-size":"auto","background-attachment":"scroll","background-type":"","background-media":"","overlay-type":"","overlay-color":"","overlay-opacity":"","overlay-gradient":""}},"ast-content-background-meta":{"desktop":{"background-color":"var(--ast-global-color-5)","background-image":"","background-repeat":"repeat","background-position":"center center","background-size":"auto","background-attachment":"scroll","background-type":"","background-media":"","overlay-type":"","overlay-color":"","overlay-opacity":"","overlay-gradient":""},"tablet":{"background-color":"var(--ast-global-color-5)","background-image":"","background-repeat":"repeat","background-position":"center center","background-size":"auto","background-attachment":"scroll","background-type":"","background-media":"","overlay-type":"","overlay-color":"","overlay-opacity":"","overlay-gradient":""},"mobile":{"background-color":"var(--ast-global-color-5)","background-image":"","background-repeat":"repeat","background-position":"center center","background-size":"auto","background-attachment":"scroll","background-type":"","background-media":"","overlay-type":"","overlay-color":"","overlay-opacity":"","overlay-gradient":""}}},"product_brand":[],"product_cat":[2826,3422,2823,2822,2821,3449,2845,3466,3445,2827,3424],"product_tag":[],"class_list":{"0":"post-288268","1":"product","2":"type-product","3":"status-publish","4":"has-post-thumbnail","6":"product_cat-joulukingid","7":"product_cat-kihlasormused","8":"product_cat-kingitused-lapse-sunni-puhul","9":"product_cat-kingitused-naistele","10":"product_cat-kingitused-sunnipaevaks","11":"product_cat-modernsed-kihlasormused","12":"product_cat-sobrapaeva-kingitused","13":"product_cat-teemantsormused","14":"product_cat-top-kihlasormused","15":"product_cat-valgest-kullast-ehted","16":"product_cat-valgest-kullast-kihlasormused","17":"desktop-align-center","18":"tablet-align-left","19":"mobile-align-left","20":"ast-product-gallery-layout-horizontal-slider","21":"ast-product-gallery-with-no-image","22":"ast-product-single-variable","23":"ast-product-tabs-layout-accordion","24":"ast-qv-on-image","26":"first","27":"instock","28":"taxable","29":"shipping-taxable","30":"purchasable","31":"product-type-variable"},"yoast_head":"<!-- This site is optimized with the Yoast SEO plugin v26.6 - https:\/\/yoast.com\/wordpress\/plugins\/seo\/ -->\n<title>Moodne valgest kullast kihlas\u00f5rmus \u2013 armastuse ja elegantsi kombinatsioon<\/title>\n<meta name=\"description\" content=\"Valgest kullast s\u00f5rmus on kaunistatud 0,50 ct tsentraalse teemandiga ja kuue teemandiga kummalgi k\u00fcljel, mille kogukaal on 0,12 ct.\" \/>\n<meta name=\"robots\" content=\"index, follow, max-snippet:-1, max-image-preview:large, max-video-preview:-1\" \/>\n<link rel=\"canonical\" href=\"https:\/\/fashiongold.lt\/et\/papuosalas\/kihlasormus-kapela-a-valgest-kullast\/\" \/>\n<meta property=\"og:locale\" content=\"et_EE\" \/>\n<meta property=\"og:type\" content=\"article\" \/>\n<meta property=\"og:title\" content=\"Moodne valgest kullast kihlas\u00f5rmus \u2013 armastuse ja elegantsi kombinatsioon\" \/>\n<meta property=\"og:description\" content=\"Valgest kullast s\u00f5rmus on kaunistatud 0,50 ct tsentraalse teemandiga ja kuue teemandiga kummalgi k\u00fcljel, mille kogukaal on 0,12 ct.\" \/>\n<meta property=\"og:url\" content=\"https:\/\/fashiongold.lt\/et\/papuosalas\/kihlasormus-kapela-a-valgest-kullast\/\" \/>\n<meta property=\"og:site_name\" content=\"FashionGold.lt\" \/>\n<meta property=\"article:modified_time\" content=\"2026-02-17T06:58:10+00:00\" \/>\n<meta property=\"og:image\" content=\"https:\/\/fashiongold.lt\/wp-content\/uploads\/2025\/10\/1775-e89-Suzadetuviu-ziedas-Kapela-A-balto-aukso.webp\" \/>\n\t<meta property=\"og:image:width\" content=\"800\" \/>\n\t<meta property=\"og:image:height\" content=\"800\" \/>\n\t<meta property=\"og:image:type\" content=\"image\/jpeg\" \/>\n<meta name=\"twitter:card\" content=\"summary_large_image\" \/>\n<meta name=\"twitter:label1\" content=\"Est. reading time\" \/>\n\t<meta name=\"twitter:data1\" content=\"1 minut\" \/>\n<script type=\"application\/ld+json\" class=\"yoast-schema-graph\">{\"@context\":\"https:\/\/schema.org\",\"@graph\":[{\"@type\":\"WebPage\",\"@id\":\"https:\/\/fashiongold.lt\/et\/papuosalas\/kihlasormus-kapela-a-valgest-kullast\/\",\"url\":\"https:\/\/fashiongold.lt\/et\/papuosalas\/kihlasormus-kapela-a-valgest-kullast\/\",\"name\":\"Moodne valgest kullast kihlas\u00f5rmus \u2013 armastuse ja elegantsi kombinatsioon\",\"isPartOf\":{\"@id\":\"https:\/\/fashiongold.lt\/et\/#website\"},\"primaryImageOfPage\":{\"@id\":\"https:\/\/fashiongold.lt\/et\/papuosalas\/kihlasormus-kapela-a-valgest-kullast\/#primaryimage\"},\"image\":{\"@id\":\"https:\/\/fashiongold.lt\/et\/papuosalas\/kihlasormus-kapela-a-valgest-kullast\/#primaryimage\"},\"thumbnailUrl\":\"https:\/\/fashiongold.lt\/wp-content\/uploads\/2025\/10\/1775-e89-Suzadetuviu-ziedas-Kapela-A-balto-aukso.jpg\",\"datePublished\":\"2025-10-09T18:16:44+00:00\",\"dateModified\":\"2026-02-17T06:58:10+00:00\",\"description\":\"Valgest kullast s\u00f5rmus on kaunistatud 0,50 ct tsentraalse teemandiga ja kuue teemandiga kummalgi k\u00fcljel, mille kogukaal on 0,12 ct.\",\"breadcrumb\":{\"@id\":\"https:\/\/fashiongold.lt\/et\/papuosalas\/kihlasormus-kapela-a-valgest-kullast\/#breadcrumb\"},\"inLanguage\":\"et\",\"potentialAction\":[{\"@type\":\"ReadAction\",\"target\":[\"https:\/\/fashiongold.lt\/et\/papuosalas\/kihlasormus-kapela-a-valgest-kullast\/\"]}]},{\"@type\":\"ImageObject\",\"inLanguage\":\"et\",\"@id\":\"https:\/\/fashiongold.lt\/et\/papuosalas\/kihlasormus-kapela-a-valgest-kullast\/#primaryimage\",\"url\":\"https:\/\/fashiongold.lt\/wp-content\/uploads\/2025\/10\/1775-e89-Suzadetuviu-ziedas-Kapela-A-balto-aukso.jpg\",\"contentUrl\":\"https:\/\/fashiongold.lt\/wp-content\/uploads\/2025\/10\/1775-e89-Suzadetuviu-ziedas-Kapela-A-balto-aukso.jpg\",\"width\":800,\"height\":800},{\"@type\":\"BreadcrumbList\",\"@id\":\"https:\/\/fashiongold.lt\/et\/papuosalas\/kihlasormus-kapela-a-valgest-kullast\/#breadcrumb\",\"itemListElement\":[{\"@type\":\"ListItem\",\"position\":1,\"name\":\"Home\",\"item\":\"https:\/\/fashiongold.lt\/et\/\"},{\"@type\":\"ListItem\",\"position\":2,\"name\":\"Teemantide pood Fashiongold.lt\",\"item\":\"https:\/\/fashiongold.lt\/shop-2\/\"},{\"@type\":\"ListItem\",\"position\":3,\"name\":\"Kihlas\u00f5rmus \u201eKapela A\u201c (valgest kullast)\"}]},{\"@type\":\"WebSite\",\"@id\":\"https:\/\/fashiongold.lt\/et\/#website\",\"url\":\"https:\/\/fashiongold.lt\/et\/\",\"name\":\"Fashion Gold\",\"description\":\"Juvelyrikos namai\",\"publisher\":{\"@id\":\"https:\/\/fashiongold.lt\/et\/#organization\"},\"potentialAction\":[{\"@type\":\"SearchAction\",\"target\":{\"@type\":\"EntryPoint\",\"urlTemplate\":\"https:\/\/fashiongold.lt\/et\/?s={search_term_string}\"},\"query-input\":{\"@type\":\"PropertyValueSpecification\",\"valueRequired\":true,\"valueName\":\"search_term_string\"}}],\"inLanguage\":\"et\"},{\"@type\":\"Organization\",\"@id\":\"https:\/\/fashiongold.lt\/et\/#organization\",\"name\":\"Topdiamonds Online\",\"url\":\"https:\/\/fashiongold.lt\/et\/\",\"logo\":{\"@type\":\"ImageObject\",\"inLanguage\":\"et\",\"@id\":\"https:\/\/fashiongold.lt\/et\/#\/schema\/logo\/image\/\",\"url\":\"https:\/\/fashiongold.lt\/wp-content\/uploads\/2025\/04\/cropped-fashion_gold_logotipas2-scaled-1.png\",\"contentUrl\":\"https:\/\/fashiongold.lt\/wp-content\/uploads\/2025\/04\/cropped-fashion_gold_logotipas2-scaled-1.png\",\"width\":2559,\"height\":421,\"caption\":\"Topdiamonds Online\"},\"image\":{\"@id\":\"https:\/\/fashiongold.lt\/et\/#\/schema\/logo\/image\/\"}}]}<\/script>\n<!-- \/ Yoast SEO plugin. -->","yoast_head_json":{"title":"Moodne valgest kullast kihlas\u00f5rmus \u2013 armastuse ja elegantsi kombinatsioon","description":"Valgest kullast s\u00f5rmus on kaunistatud 0,50 ct tsentraalse teemandiga ja kuue teemandiga kummalgi k\u00fcljel, mille kogukaal on 0,12 ct.","robots":{"index":"index","follow":"follow","max-snippet":"max-snippet:-1","max-image-preview":"max-image-preview:large","max-video-preview":"max-video-preview:-1"},"canonical":"https:\/\/fashiongold.lt\/et\/papuosalas\/kihlasormus-kapela-a-valgest-kullast\/","og_locale":"et_EE","og_type":"article","og_title":"Moodne valgest kullast kihlas\u00f5rmus \u2013 armastuse ja elegantsi kombinatsioon","og_description":"Valgest kullast s\u00f5rmus on kaunistatud 0,50 ct tsentraalse teemandiga ja kuue teemandiga kummalgi k\u00fcljel, mille kogukaal on 0,12 ct.","og_url":"https:\/\/fashiongold.lt\/et\/papuosalas\/kihlasormus-kapela-a-valgest-kullast\/","og_site_name":"FashionGold.lt","article_modified_time":"2026-02-17T06:58:10+00:00","og_image":[{"width":800,"height":800,"url":"https:\/\/fashiongold.lt\/wp-content\/uploads\/2025\/10\/1775-e89-Suzadetuviu-ziedas-Kapela-A-balto-aukso.webp","type":"image\/jpeg"}],"twitter_card":"summary_large_image","twitter_misc":{"Est. reading time":"1 minut"},"schema":{"@context":"https:\/\/schema.org","@graph":[{"@type":"WebPage","@id":"https:\/\/fashiongold.lt\/et\/papuosalas\/kihlasormus-kapela-a-valgest-kullast\/","url":"https:\/\/fashiongold.lt\/et\/papuosalas\/kihlasormus-kapela-a-valgest-kullast\/","name":"Moodne valgest kullast kihlas\u00f5rmus \u2013 armastuse ja elegantsi kombinatsioon","isPartOf":{"@id":"https:\/\/fashiongold.lt\/et\/#website"},"primaryImageOfPage":{"@id":"https:\/\/fashiongold.lt\/et\/papuosalas\/kihlasormus-kapela-a-valgest-kullast\/#primaryimage"},"image":{"@id":"https:\/\/fashiongold.lt\/et\/papuosalas\/kihlasormus-kapela-a-valgest-kullast\/#primaryimage"},"thumbnailUrl":"https:\/\/fashiongold.lt\/wp-content\/uploads\/2025\/10\/1775-e89-Suzadetuviu-ziedas-Kapela-A-balto-aukso.jpg","datePublished":"2025-10-09T18:16:44+00:00","dateModified":"2026-02-17T06:58:10+00:00","description":"Valgest kullast s\u00f5rmus on kaunistatud 0,50 ct tsentraalse teemandiga ja kuue teemandiga kummalgi k\u00fcljel, mille kogukaal on 0,12 ct.","breadcrumb":{"@id":"https:\/\/fashiongold.lt\/et\/papuosalas\/kihlasormus-kapela-a-valgest-kullast\/#breadcrumb"},"inLanguage":"et","potentialAction":[{"@type":"ReadAction","target":["https:\/\/fashiongold.lt\/et\/papuosalas\/kihlasormus-kapela-a-valgest-kullast\/"]}]},{"@type":"ImageObject","inLanguage":"et","@id":"https:\/\/fashiongold.lt\/et\/papuosalas\/kihlasormus-kapela-a-valgest-kullast\/#primaryimage","url":"https:\/\/fashiongold.lt\/wp-content\/uploads\/2025\/10\/1775-e89-Suzadetuviu-ziedas-Kapela-A-balto-aukso.jpg","contentUrl":"https:\/\/fashiongold.lt\/wp-content\/uploads\/2025\/10\/1775-e89-Suzadetuviu-ziedas-Kapela-A-balto-aukso.jpg","width":800,"height":800},{"@type":"BreadcrumbList","@id":"https:\/\/fashiongold.lt\/et\/papuosalas\/kihlasormus-kapela-a-valgest-kullast\/#breadcrumb","itemListElement":[{"@type":"ListItem","position":1,"name":"Home","item":"https:\/\/fashiongold.lt\/et\/"},{"@type":"ListItem","position":2,"name":"Teemantide pood Fashiongold.lt","item":"https:\/\/fashiongold.lt\/shop-2\/"},{"@type":"ListItem","position":3,"name":"Kihlas\u00f5rmus \u201eKapela A\u201c (valgest kullast)"}]},{"@type":"WebSite","@id":"https:\/\/fashiongold.lt\/et\/#website","url":"https:\/\/fashiongold.lt\/et\/","name":"Fashion Gold","description":"Juvelyrikos namai","publisher":{"@id":"https:\/\/fashiongold.lt\/et\/#organization"},"potentialAction":[{"@type":"SearchAction","target":{"@type":"EntryPoint","urlTemplate":"https:\/\/fashiongold.lt\/et\/?s={search_term_string}"},"query-input":{"@type":"PropertyValueSpecification","valueRequired":true,"valueName":"search_term_string"}}],"inLanguage":"et"},{"@type":"Organization","@id":"https:\/\/fashiongold.lt\/et\/#organization","name":"Topdiamonds Online","url":"https:\/\/fashiongold.lt\/et\/","logo":{"@type":"ImageObject","inLanguage":"et","@id":"https:\/\/fashiongold.lt\/et\/#\/schema\/logo\/image\/","url":"https:\/\/fashiongold.lt\/wp-content\/uploads\/2025\/04\/cropped-fashion_gold_logotipas2-scaled-1.png","contentUrl":"https:\/\/fashiongold.lt\/wp-content\/uploads\/2025\/04\/cropped-fashion_gold_logotipas2-scaled-1.png","width":2559,"height":421,"caption":"Topdiamonds Online"},"image":{"@id":"https:\/\/fashiongold.lt\/et\/#\/schema\/logo\/image\/"}}]}},"_links":{"self":[{"href":"https:\/\/fashiongold.lt\/et\/wp-json\/wp\/v2\/product\/288268","targetHints":{"allow":["GET"]}}],"collection":[{"href":"https:\/\/fashiongold.lt\/et\/wp-json\/wp\/v2\/product"}],"about":[{"href":"https:\/\/fashiongold.lt\/et\/wp-json\/wp\/v2\/types\/product"}],"version-history":[{"count":0,"href":"https:\/\/fashiongold.lt\/et\/wp-json\/wp\/v2\/product\/288268\/revisions"}],"wp:featuredmedia":[{"embeddable":true,"href":"https:\/\/fashiongold.lt\/et\/wp-json\/wp\/v2\/media\/55054"}],"wp:attachment":[{"href":"https:\/\/fashiongold.lt\/et\/wp-json\/wp\/v2\/media?parent=288268"}],"wp:term":[{"taxonomy":"product_brand","embeddable":true,"href":"https:\/\/fashiongold.lt\/et\/wp-json\/wp\/v2\/product_brand?post=288268"},{"taxonomy":"product_cat","embeddable":true,"href":"https:\/\/fashiongold.lt\/et\/wp-json\/wp\/v2\/product_cat?post=288268"},{"taxonomy":"product_tag","embeddable":true,"href":"https:\/\/fashiongold.lt\/et\/wp-json\/wp\/v2\/product_tag?post=288268"}],"curies":[{"name":"wp","href":"https:\/\/api.w.org\/{rel}","templated":true}]}}