{"id":288273,"date":"2025-10-09T18:16:17","date_gmt":"2025-10-09T18:16:17","guid":{"rendered":"https:\/\/fashiongold.lt\/papuosalas\/vega-brilliance-modernne-kollasest-kullast-teemantidega-sormus-036-ct\/"},"modified":"2026-02-17T06:58:15","modified_gmt":"2026-02-17T06:58:15","slug":"vega-brilliance-modernne-kollasest-kullast-teemantidega-sormus-036-ct","status":"publish","type":"product","link":"https:\/\/fashiongold.lt\/et\/papuosalas\/vega-brilliance-modernne-kollasest-kullast-teemantidega-sormus-036-ct\/","title":{"rendered":"Vega Brilliance \u2013 Modernne kollasest kullast teemantidega s\u00f5rmus (0,36 ct)"},"content":{"rendered":"<p>Kaasaegse disainiga kollasest kullast teemants\u00f5rmus &#8211; keskel asuv ehtne teemant on asetatud valgest kullast neljaosolisse krooni, mida \u00fcmbritseb teemantidega kaunistatud kollasest kullast v\u00f5ru, luues \u00fchtse teemants\u00e4ra. Ideaalne kihlusteks ja muudeks erilisteks s\u00fcndmusteks.<\/p>\n<p>\u201eFashion Gold\u201c juvelyrimeistrite loodud kihlas\u00f5rmus on erakordselt k\u00f5rge kvaliteediga, varustatud Leedu Proovikoja sertifikaadiga ning saadaval v\u00e4ga atraktiivse hinnaga. See on ehe, mida saab p\u00e4randada p\u00f5lvest p\u00f5lve kui perekonnareliikviat, sest ei kuld ega ehtsad teemandid kaota kunagi oma v\u00e4\u00e4rtust. Seda kulds\u00f5rmust saab tellida nii salongist kui ka veebist.\u00a0<\/p>\n<p>Kihlas\u00f5rmuse kaal &#8211; 2,00-2,40 g,<\/p>\n<p>Kulla v\u00e4rvus &#8211;\u00a0kollane<\/p>\n<p>Briljantide kaal &#8211; 0,36 ct, v\u00e4rvus H, puhtus SI<\/p>\n<p>V\u00f5imalik vaadata \u201eFashion Gold\u201c juveelimajas aadressil Pam\u0117nkalnio g. 5, Vilnius\u00a0<\/p>\n<p><span>P\u00e4rast ehte tellimist valmistame selle 14 t\u00f6\u00f6p\u00e4eva jooksul. V\u00f5imalik on tasuta graveerimine. S\u00f5rmusel on Leedu Proovikoja sertifikaat.<\/span><\/p>\n<p><span>Kihlas\u00f5rmused on \u00fcks \u201eFashion Gold\u201c tegevusvaldkondi. Salongist leiate ka abielus\u00f5rmuseid, ehteid naistele, meestele ja lastele erinevateks puhkudeks, m\u00fcnte ning kullakange.<\/span><\/p>\n<p><span>PAKUME KIHLAS\u00d5RMUSEID JA MUID EHTEID ERITELLIMUSEL NING VASTAVALT TEIE INDIVIDUAALSETELE SOOVIDELE. V\u00d5TKE \u00dcHENDUST info@fashiongold.lt<\/span><\/p><\/p>\n","protected":false},"excerpt":{"rendered":"<p>Kaasaegne kollasest kullast teemants\u00f5rmus \u2013 t\u00f5eline teemant keskel on asetatud valgest kullast nelja haruga krooni, mida \u00fcmbritseb kollasest kullast teemantidega kaunistatud v\u00f5ru. Suurep\u00e4rane valik kihluseks ja erilisteks s\u00fcndmusteks.<\/p>\n","protected":false},"featured_media":54999,"template":"","meta":{"site-sidebar-layout":"","site-content-layout":"","ast-site-content-layout":"","site-content-style":"","site-sidebar-style":"","ast-global-header-display":"","ast-banner-title-visibility":"","ast-main-header-display":"","ast-hfb-above-header-display":"","ast-hfb-below-header-display":"","ast-hfb-mobile-header-display":"","site-post-title":"","ast-breadcrumbs-content":"","ast-featured-img":"","footer-sml-layout":"","ast-disable-related-posts":"","theme-transparent-header-meta":"","adv-header-id-meta":"","stick-header-meta":"","header-above-stick-meta":"","header-main-stick-meta":"","header-below-stick-meta":"","astra-migrate-meta-layouts":"default","ast-page-background-enabled":"default","ast-page-background-meta":{"desktop":{"background-color":"var(--ast-global-color-4)","background-image":"","background-repeat":"repeat","background-position":"center center","background-size":"auto","background-attachment":"scroll","background-type":"","background-media":"","overlay-type":"","overlay-color":"","overlay-opacity":"","overlay-gradient":""},"tablet":{"background-color":"","background-image":"","background-repeat":"repeat","background-position":"center center","background-size":"auto","background-attachment":"scroll","background-type":"","background-media":"","overlay-type":"","overlay-color":"","overlay-opacity":"","overlay-gradient":""},"mobile":{"background-color":"","background-image":"","background-repeat":"repeat","background-position":"center center","background-size":"auto","background-attachment":"scroll","background-type":"","background-media":"","overlay-type":"","overlay-color":"","overlay-opacity":"","overlay-gradient":""}},"ast-content-background-meta":{"desktop":{"background-color":"var(--ast-global-color-5)","background-image":"","background-repeat":"repeat","background-position":"center center","background-size":"auto","background-attachment":"scroll","background-type":"","background-media":"","overlay-type":"","overlay-color":"","overlay-opacity":"","overlay-gradient":""},"tablet":{"background-color":"var(--ast-global-color-5)","background-image":"","background-repeat":"repeat","background-position":"center center","background-size":"auto","background-attachment":"scroll","background-type":"","background-media":"","overlay-type":"","overlay-color":"","overlay-opacity":"","overlay-gradient":""},"mobile":{"background-color":"var(--ast-global-color-5)","background-image":"","background-repeat":"repeat","background-position":"center center","background-size":"auto","background-attachment":"scroll","background-type":"","background-media":"","overlay-type":"","overlay-color":"","overlay-opacity":"","overlay-gradient":""}}},"product_brand":[],"product_cat":[3058,2830,2826,3422,2829,2823,2828,2822,2821,2831,3425,3449,2845,3466,3445],"product_tag":[],"class_list":{"0":"post-288273","1":"product","2":"type-product","3":"status-publish","4":"has-post-thumbnail","6":"product_cat-ehted","7":"product_cat-emadepaeva-kingitused","8":"product_cat-joulukingid","9":"product_cat-kihlasormused","10":"product_cat-kingitused-erilisteks-puhkudeks","11":"product_cat-kingitused-lapse-sunni-puhul","12":"product_cat-kingitused-lopetamise-puhul","13":"product_cat-kingitused-naistele","14":"product_cat-kingitused-sunnipaevaks","15":"product_cat-kollasest-kullast-ehted","16":"product_cat-kollasest-kullast-kihlasormused","17":"product_cat-modernsed-kihlasormused","18":"product_cat-sobrapaeva-kingitused","19":"product_cat-teemantsormused","20":"product_cat-top-kihlasormused","21":"desktop-align-center","22":"tablet-align-left","23":"mobile-align-left","24":"ast-product-gallery-layout-horizontal-slider","25":"ast-product-gallery-with-no-image","26":"ast-product-single-variable","27":"ast-product-tabs-layout-accordion","28":"ast-qv-on-image","30":"first","31":"instock","32":"taxable","33":"shipping-taxable","34":"purchasable","35":"product-type-variable"},"yoast_head":"<!-- This site is optimized with the Yoast SEO plugin v26.6 - https:\/\/yoast.com\/wordpress\/plugins\/seo\/ -->\n<title>Modernne kollasest kullast teemantidega s\u00f5rmus (0,36 ct)<\/title>\n<meta name=\"description\" content=\"Keskel asuv t\u00f5eline teemant on asetatud nelja haruga krooni, mida \u00fcmbritseb teemantidega kaunistatud v\u00f5ru. Suurep\u00e4rane valik kihluseks ja erilisteks puhkudeks.\" \/>\n<meta name=\"robots\" content=\"index, follow, max-snippet:-1, max-image-preview:large, max-video-preview:-1\" \/>\n<link rel=\"canonical\" href=\"https:\/\/fashiongold.lt\/et\/papuosalas\/vega-brilliance-modernne-kollasest-kullast-teemantidega-sormus-036-ct\/\" \/>\n<meta property=\"og:locale\" content=\"et_EE\" \/>\n<meta property=\"og:type\" content=\"article\" \/>\n<meta property=\"og:title\" content=\"Modernne kollasest kullast teemantidega s\u00f5rmus (0,36 ct)\" \/>\n<meta property=\"og:description\" content=\"Keskel asuv t\u00f5eline teemant on asetatud nelja haruga krooni, mida \u00fcmbritseb teemantidega kaunistatud v\u00f5ru. Suurep\u00e4rane valik kihluseks ja erilisteks puhkudeks.\" \/>\n<meta property=\"og:url\" content=\"https:\/\/fashiongold.lt\/et\/papuosalas\/vega-brilliance-modernne-kollasest-kullast-teemantidega-sormus-036-ct\/\" \/>\n<meta property=\"og:site_name\" content=\"FashionGold.lt\" \/>\n<meta property=\"article:modified_time\" content=\"2026-02-17T06:58:15+00:00\" \/>\n<meta property=\"og:image\" content=\"https:\/\/fashiongold.lt\/wp-content\/uploads\/2025\/10\/1774-3a3-Suzadetuviu-ziedas-Vega-geltono-aukso.webp\" \/>\n\t<meta property=\"og:image:width\" content=\"800\" \/>\n\t<meta property=\"og:image:height\" content=\"800\" \/>\n\t<meta property=\"og:image:type\" content=\"image\/jpeg\" \/>\n<meta name=\"twitter:card\" content=\"summary_large_image\" \/>\n<meta name=\"twitter:label1\" content=\"Est. reading time\" \/>\n\t<meta name=\"twitter:data1\" content=\"1 minut\" \/>\n<script type=\"application\/ld+json\" class=\"yoast-schema-graph\">{\"@context\":\"https:\/\/schema.org\",\"@graph\":[{\"@type\":\"WebPage\",\"@id\":\"https:\/\/fashiongold.lt\/et\/papuosalas\/vega-brilliance-modernne-kollasest-kullast-teemantidega-sormus-036-ct\/\",\"url\":\"https:\/\/fashiongold.lt\/et\/papuosalas\/vega-brilliance-modernne-kollasest-kullast-teemantidega-sormus-036-ct\/\",\"name\":\"Modernne kollasest kullast teemantidega s\u00f5rmus (0,36 ct)\",\"isPartOf\":{\"@id\":\"https:\/\/fashiongold.lt\/et\/#website\"},\"primaryImageOfPage\":{\"@id\":\"https:\/\/fashiongold.lt\/et\/papuosalas\/vega-brilliance-modernne-kollasest-kullast-teemantidega-sormus-036-ct\/#primaryimage\"},\"image\":{\"@id\":\"https:\/\/fashiongold.lt\/et\/papuosalas\/vega-brilliance-modernne-kollasest-kullast-teemantidega-sormus-036-ct\/#primaryimage\"},\"thumbnailUrl\":\"https:\/\/fashiongold.lt\/wp-content\/uploads\/2025\/10\/1774-3a3-Suzadetuviu-ziedas-Vega-geltono-aukso.jpg\",\"datePublished\":\"2025-10-09T18:16:17+00:00\",\"dateModified\":\"2026-02-17T06:58:15+00:00\",\"description\":\"Keskel asuv t\u00f5eline teemant on asetatud nelja haruga krooni, mida \u00fcmbritseb teemantidega kaunistatud v\u00f5ru. Suurep\u00e4rane valik kihluseks ja erilisteks puhkudeks.\",\"breadcrumb\":{\"@id\":\"https:\/\/fashiongold.lt\/et\/papuosalas\/vega-brilliance-modernne-kollasest-kullast-teemantidega-sormus-036-ct\/#breadcrumb\"},\"inLanguage\":\"et\",\"potentialAction\":[{\"@type\":\"ReadAction\",\"target\":[\"https:\/\/fashiongold.lt\/et\/papuosalas\/vega-brilliance-modernne-kollasest-kullast-teemantidega-sormus-036-ct\/\"]}]},{\"@type\":\"ImageObject\",\"inLanguage\":\"et\",\"@id\":\"https:\/\/fashiongold.lt\/et\/papuosalas\/vega-brilliance-modernne-kollasest-kullast-teemantidega-sormus-036-ct\/#primaryimage\",\"url\":\"https:\/\/fashiongold.lt\/wp-content\/uploads\/2025\/10\/1774-3a3-Suzadetuviu-ziedas-Vega-geltono-aukso.jpg\",\"contentUrl\":\"https:\/\/fashiongold.lt\/wp-content\/uploads\/2025\/10\/1774-3a3-Suzadetuviu-ziedas-Vega-geltono-aukso.jpg\",\"width\":800,\"height\":800},{\"@type\":\"BreadcrumbList\",\"@id\":\"https:\/\/fashiongold.lt\/et\/papuosalas\/vega-brilliance-modernne-kollasest-kullast-teemantidega-sormus-036-ct\/#breadcrumb\",\"itemListElement\":[{\"@type\":\"ListItem\",\"position\":1,\"name\":\"Home\",\"item\":\"https:\/\/fashiongold.lt\/et\/\"},{\"@type\":\"ListItem\",\"position\":2,\"name\":\"Teemantide pood Fashiongold.lt\",\"item\":\"https:\/\/fashiongold.lt\/shop-2\/\"},{\"@type\":\"ListItem\",\"position\":3,\"name\":\"Vega Brilliance \u2013 Modernne kollasest kullast teemantidega s\u00f5rmus (0,36 ct)\"}]},{\"@type\":\"WebSite\",\"@id\":\"https:\/\/fashiongold.lt\/et\/#website\",\"url\":\"https:\/\/fashiongold.lt\/et\/\",\"name\":\"Fashion Gold\",\"description\":\"Juvelyrikos namai\",\"publisher\":{\"@id\":\"https:\/\/fashiongold.lt\/et\/#organization\"},\"potentialAction\":[{\"@type\":\"SearchAction\",\"target\":{\"@type\":\"EntryPoint\",\"urlTemplate\":\"https:\/\/fashiongold.lt\/et\/?s={search_term_string}\"},\"query-input\":{\"@type\":\"PropertyValueSpecification\",\"valueRequired\":true,\"valueName\":\"search_term_string\"}}],\"inLanguage\":\"et\"},{\"@type\":\"Organization\",\"@id\":\"https:\/\/fashiongold.lt\/et\/#organization\",\"name\":\"Topdiamonds Online\",\"url\":\"https:\/\/fashiongold.lt\/et\/\",\"logo\":{\"@type\":\"ImageObject\",\"inLanguage\":\"et\",\"@id\":\"https:\/\/fashiongold.lt\/et\/#\/schema\/logo\/image\/\",\"url\":\"https:\/\/fashiongold.lt\/wp-content\/uploads\/2025\/04\/cropped-fashion_gold_logotipas2-scaled-1.png\",\"contentUrl\":\"https:\/\/fashiongold.lt\/wp-content\/uploads\/2025\/04\/cropped-fashion_gold_logotipas2-scaled-1.png\",\"width\":2559,\"height\":421,\"caption\":\"Topdiamonds Online\"},\"image\":{\"@id\":\"https:\/\/fashiongold.lt\/et\/#\/schema\/logo\/image\/\"}}]}<\/script>\n<!-- \/ Yoast SEO plugin. -->","yoast_head_json":{"title":"Modernne kollasest kullast teemantidega s\u00f5rmus (0,36 ct)","description":"Keskel asuv t\u00f5eline teemant on asetatud nelja haruga krooni, mida \u00fcmbritseb teemantidega kaunistatud v\u00f5ru. Suurep\u00e4rane valik kihluseks ja erilisteks puhkudeks.","robots":{"index":"index","follow":"follow","max-snippet":"max-snippet:-1","max-image-preview":"max-image-preview:large","max-video-preview":"max-video-preview:-1"},"canonical":"https:\/\/fashiongold.lt\/et\/papuosalas\/vega-brilliance-modernne-kollasest-kullast-teemantidega-sormus-036-ct\/","og_locale":"et_EE","og_type":"article","og_title":"Modernne kollasest kullast teemantidega s\u00f5rmus (0,36 ct)","og_description":"Keskel asuv t\u00f5eline teemant on asetatud nelja haruga krooni, mida \u00fcmbritseb teemantidega kaunistatud v\u00f5ru. Suurep\u00e4rane valik kihluseks ja erilisteks puhkudeks.","og_url":"https:\/\/fashiongold.lt\/et\/papuosalas\/vega-brilliance-modernne-kollasest-kullast-teemantidega-sormus-036-ct\/","og_site_name":"FashionGold.lt","article_modified_time":"2026-02-17T06:58:15+00:00","og_image":[{"width":800,"height":800,"url":"https:\/\/fashiongold.lt\/wp-content\/uploads\/2025\/10\/1774-3a3-Suzadetuviu-ziedas-Vega-geltono-aukso.webp","type":"image\/jpeg"}],"twitter_card":"summary_large_image","twitter_misc":{"Est. reading time":"1 minut"},"schema":{"@context":"https:\/\/schema.org","@graph":[{"@type":"WebPage","@id":"https:\/\/fashiongold.lt\/et\/papuosalas\/vega-brilliance-modernne-kollasest-kullast-teemantidega-sormus-036-ct\/","url":"https:\/\/fashiongold.lt\/et\/papuosalas\/vega-brilliance-modernne-kollasest-kullast-teemantidega-sormus-036-ct\/","name":"Modernne kollasest kullast teemantidega s\u00f5rmus (0,36 ct)","isPartOf":{"@id":"https:\/\/fashiongold.lt\/et\/#website"},"primaryImageOfPage":{"@id":"https:\/\/fashiongold.lt\/et\/papuosalas\/vega-brilliance-modernne-kollasest-kullast-teemantidega-sormus-036-ct\/#primaryimage"},"image":{"@id":"https:\/\/fashiongold.lt\/et\/papuosalas\/vega-brilliance-modernne-kollasest-kullast-teemantidega-sormus-036-ct\/#primaryimage"},"thumbnailUrl":"https:\/\/fashiongold.lt\/wp-content\/uploads\/2025\/10\/1774-3a3-Suzadetuviu-ziedas-Vega-geltono-aukso.jpg","datePublished":"2025-10-09T18:16:17+00:00","dateModified":"2026-02-17T06:58:15+00:00","description":"Keskel asuv t\u00f5eline teemant on asetatud nelja haruga krooni, mida \u00fcmbritseb teemantidega kaunistatud v\u00f5ru. Suurep\u00e4rane valik kihluseks ja erilisteks puhkudeks.","breadcrumb":{"@id":"https:\/\/fashiongold.lt\/et\/papuosalas\/vega-brilliance-modernne-kollasest-kullast-teemantidega-sormus-036-ct\/#breadcrumb"},"inLanguage":"et","potentialAction":[{"@type":"ReadAction","target":["https:\/\/fashiongold.lt\/et\/papuosalas\/vega-brilliance-modernne-kollasest-kullast-teemantidega-sormus-036-ct\/"]}]},{"@type":"ImageObject","inLanguage":"et","@id":"https:\/\/fashiongold.lt\/et\/papuosalas\/vega-brilliance-modernne-kollasest-kullast-teemantidega-sormus-036-ct\/#primaryimage","url":"https:\/\/fashiongold.lt\/wp-content\/uploads\/2025\/10\/1774-3a3-Suzadetuviu-ziedas-Vega-geltono-aukso.jpg","contentUrl":"https:\/\/fashiongold.lt\/wp-content\/uploads\/2025\/10\/1774-3a3-Suzadetuviu-ziedas-Vega-geltono-aukso.jpg","width":800,"height":800},{"@type":"BreadcrumbList","@id":"https:\/\/fashiongold.lt\/et\/papuosalas\/vega-brilliance-modernne-kollasest-kullast-teemantidega-sormus-036-ct\/#breadcrumb","itemListElement":[{"@type":"ListItem","position":1,"name":"Home","item":"https:\/\/fashiongold.lt\/et\/"},{"@type":"ListItem","position":2,"name":"Teemantide pood Fashiongold.lt","item":"https:\/\/fashiongold.lt\/shop-2\/"},{"@type":"ListItem","position":3,"name":"Vega Brilliance \u2013 Modernne kollasest kullast teemantidega s\u00f5rmus (0,36 ct)"}]},{"@type":"WebSite","@id":"https:\/\/fashiongold.lt\/et\/#website","url":"https:\/\/fashiongold.lt\/et\/","name":"Fashion Gold","description":"Juvelyrikos namai","publisher":{"@id":"https:\/\/fashiongold.lt\/et\/#organization"},"potentialAction":[{"@type":"SearchAction","target":{"@type":"EntryPoint","urlTemplate":"https:\/\/fashiongold.lt\/et\/?s={search_term_string}"},"query-input":{"@type":"PropertyValueSpecification","valueRequired":true,"valueName":"search_term_string"}}],"inLanguage":"et"},{"@type":"Organization","@id":"https:\/\/fashiongold.lt\/et\/#organization","name":"Topdiamonds Online","url":"https:\/\/fashiongold.lt\/et\/","logo":{"@type":"ImageObject","inLanguage":"et","@id":"https:\/\/fashiongold.lt\/et\/#\/schema\/logo\/image\/","url":"https:\/\/fashiongold.lt\/wp-content\/uploads\/2025\/04\/cropped-fashion_gold_logotipas2-scaled-1.png","contentUrl":"https:\/\/fashiongold.lt\/wp-content\/uploads\/2025\/04\/cropped-fashion_gold_logotipas2-scaled-1.png","width":2559,"height":421,"caption":"Topdiamonds Online"},"image":{"@id":"https:\/\/fashiongold.lt\/et\/#\/schema\/logo\/image\/"}}]}},"_links":{"self":[{"href":"https:\/\/fashiongold.lt\/et\/wp-json\/wp\/v2\/product\/288273","targetHints":{"allow":["GET"]}}],"collection":[{"href":"https:\/\/fashiongold.lt\/et\/wp-json\/wp\/v2\/product"}],"about":[{"href":"https:\/\/fashiongold.lt\/et\/wp-json\/wp\/v2\/types\/product"}],"version-history":[{"count":0,"href":"https:\/\/fashiongold.lt\/et\/wp-json\/wp\/v2\/product\/288273\/revisions"}],"wp:featuredmedia":[{"embeddable":true,"href":"https:\/\/fashiongold.lt\/et\/wp-json\/wp\/v2\/media\/54999"}],"wp:attachment":[{"href":"https:\/\/fashiongold.lt\/et\/wp-json\/wp\/v2\/media?parent=288273"}],"wp:term":[{"taxonomy":"product_brand","embeddable":true,"href":"https:\/\/fashiongold.lt\/et\/wp-json\/wp\/v2\/product_brand?post=288273"},{"taxonomy":"product_cat","embeddable":true,"href":"https:\/\/fashiongold.lt\/et\/wp-json\/wp\/v2\/product_cat?post=288273"},{"taxonomy":"product_tag","embeddable":true,"href":"https:\/\/fashiongold.lt\/et\/wp-json\/wp\/v2\/product_tag?post=288273"}],"curies":[{"name":"wp","href":"https:\/\/api.w.org\/{rel}","templated":true}]}}