{"id":288452,"date":"2025-10-09T18:14:35","date_gmt":"2025-10-09T18:14:35","guid":{"rendered":"https:\/\/fashiongold.lt\/papuosalas\/moodsa-elegantsi-mark-parlikee-9-105-mm-itaalia-disainiga-valgest-kullast-kinnisega\/"},"modified":"2025-10-09T18:14:35","modified_gmt":"2025-10-09T18:14:35","slug":"moodsa-elegantsi-mark-parlikee-9-105-mm-itaalia-disainiga-valgest-kullast-kinnisega","status":"publish","type":"product","link":"https:\/\/fashiongold.lt\/et\/papuosalas\/moodsa-elegantsi-mark-parlikee-9-105-mm-itaalia-disainiga-valgest-kullast-kinnisega\/","title":{"rendered":"Moodsa elegantsi m\u00e4rk \u2013 p\u00e4rlikee (9 -10,5 mm) Itaalia disainiga valgest kullast kinnisega"},"content":{"rendered":"<p>Moodne 9\u201310,5 mm mageveep\u00e4rlitest kee, 42 tk, eksklusiivse Itaalia disainiga valgest kullast lukuga. Lukk on Itaalia ettev\u00f5tte looming \u2013 vastupidav ja ainulaadne. Juveelimaja \u201eFashion Gold\u201c meistrite loodud p\u00e4rlikee \u2013 moodsa elegantsi m\u00e4rk.<\/p>\n<p>Juveelimaja \u201eFashion Gold\u201c meistrite loodud p\u00e4rlikee valgest kullast lukuga. Imponeeriv ehe, suurep\u00e4rane kingitus pulmadeks, pulma-aastap\u00e4evaks, s\u00fcnnip\u00e4evaks, valentinip\u00e4evaks v\u00f5i muudeks s\u00fcndmusteks.<\/p>\n<p><span>Lukk: valge kuld, proov 585<\/span><\/p>\n<p>Looduslikud mageveep\u00e4rlid<span>\u00a0\u2013 9\u201310,5 mm, 42 tk.<\/span><\/p>\n<p><span>Pikkus \u2013 45 cm<\/span><\/p>\n<p>Kogukaal \u2013 58,8 g<\/p>\n","protected":false},"excerpt":{"rendered":"<p>Moodne 9\u201310,5 mm mageveep\u00e4rlitest kee, 42 tk, Itaalia disainiga valgest kullast lukuga. Ainulaadne ja vastupidav lukk. &#8220;Fashion Gold&#8221; juveelimaja meistrite looming \u2013 moodsa elegantsi s\u00fcmbol.<\/p>\n","protected":false},"featured_media":54655,"template":"","meta":{"site-sidebar-layout":"","site-content-layout":"","ast-site-content-layout":"","site-content-style":"","site-sidebar-style":"","ast-global-header-display":"","ast-banner-title-visibility":"","ast-main-header-display":"","ast-hfb-above-header-display":"","ast-hfb-below-header-display":"","ast-hfb-mobile-header-display":"","site-post-title":"","ast-breadcrumbs-content":"","ast-featured-img":"","footer-sml-layout":"","ast-disable-related-posts":"","theme-transparent-header-meta":"","adv-header-id-meta":"","stick-header-meta":"","header-above-stick-meta":"","header-main-stick-meta":"","header-below-stick-meta":"","astra-migrate-meta-layouts":"default","ast-page-background-enabled":"default","ast-page-background-meta":{"desktop":{"background-color":"var(--ast-global-color-4)","background-image":"","background-repeat":"repeat","background-position":"center center","background-size":"auto","background-attachment":"scroll","background-type":"","background-media":"","overlay-type":"","overlay-color":"","overlay-opacity":"","overlay-gradient":""},"tablet":{"background-color":"","background-image":"","background-repeat":"repeat","background-position":"center center","background-size":"auto","background-attachment":"scroll","background-type":"","background-media":"","overlay-type":"","overlay-color":"","overlay-opacity":"","overlay-gradient":""},"mobile":{"background-color":"","background-image":"","background-repeat":"repeat","background-position":"center center","background-size":"auto","background-attachment":"scroll","background-type":"","background-media":"","overlay-type":"","overlay-color":"","overlay-opacity":"","overlay-gradient":""}},"ast-content-background-meta":{"desktop":{"background-color":"var(--ast-global-color-5)","background-image":"","background-repeat":"repeat","background-position":"center center","background-size":"auto","background-attachment":"scroll","background-type":"","background-media":"","overlay-type":"","overlay-color":"","overlay-opacity":"","overlay-gradient":""},"tablet":{"background-color":"var(--ast-global-color-5)","background-image":"","background-repeat":"repeat","background-position":"center center","background-size":"auto","background-attachment":"scroll","background-type":"","background-media":"","overlay-type":"","overlay-color":"","overlay-opacity":"","overlay-gradient":""},"mobile":{"background-color":"var(--ast-global-color-5)","background-image":"","background-repeat":"repeat","background-position":"center center","background-size":"auto","background-attachment":"scroll","background-type":"","background-media":"","overlay-type":"","overlay-color":"","overlay-opacity":"","overlay-gradient":""}}},"product_brand":[],"product_cat":[3058,2830,2826,2829,2823,2828,2822,2824,3392,2821,2970,3391,2845,2827],"product_tag":[],"class_list":{"0":"post-288452","1":"product","2":"type-product","3":"status-publish","4":"has-post-thumbnail","6":"product_cat-ehted","7":"product_cat-emadepaeva-kingitused","8":"product_cat-joulukingid","9":"product_cat-kingitused-erilisteks-puhkudeks","10":"product_cat-kingitused-lapse-sunni-puhul","11":"product_cat-kingitused-lopetamise-puhul","12":"product_cat-kingitused-naistele","13":"product_cat-kingitused-pulma-aastapaeva-puhul","14":"product_cat-kingitused-pulmade-puhul","15":"product_cat-kingitused-sunnipaevaks","16":"product_cat-parlid-parlitega-ehted","17":"product_cat-ristimiskingitused","18":"product_cat-sobrapaeva-kingitused","19":"product_cat-valgest-kullast-ehted","20":"desktop-align-center","21":"tablet-align-left","22":"mobile-align-left","23":"ast-product-gallery-layout-horizontal-slider","24":"ast-product-gallery-with-no-image","25":"ast-product-tabs-layout-accordion","26":"ast-qv-on-image","28":"first","29":"instock","30":"taxable","31":"shipping-taxable","32":"purchasable","33":"product-type-simple"},"yoast_head":"<!-- This site is optimized with the Yoast SEO plugin v26.6 - https:\/\/yoast.com\/wordpress\/plugins\/seo\/ -->\n<title>Moodsa elegantsi m\u00e4rk \u2013 p\u00e4rlikee (9 -10,5 mm) Itaalia disainiga valgest kullast kinnisega - FashionGold.lt<\/title>\n<meta name=\"robots\" content=\"index, follow, max-snippet:-1, max-image-preview:large, max-video-preview:-1\" \/>\n<link rel=\"canonical\" href=\"https:\/\/fashiongold.lt\/et\/papuosalas\/moodsa-elegantsi-mark-parlikee-9-105-mm-itaalia-disainiga-valgest-kullast-kinnisega\/\" \/>\n<meta property=\"og:locale\" content=\"et_EE\" \/>\n<meta property=\"og:type\" content=\"article\" \/>\n<meta property=\"og:title\" content=\"Moodsa elegantsi m\u00e4rk \u2013 p\u00e4rlikee (9 -10,5 mm) Itaalia disainiga valgest kullast kinnisega - FashionGold.lt\" \/>\n<meta property=\"og:description\" content=\"Moodne 9\u201310,5 mm mageveep\u00e4rlitest kee, 42 tk, Itaalia disainiga valgest kullast lukuga. Ainulaadne ja vastupidav lukk. &quot;Fashion Gold&quot; juveelimaja meistrite looming \u2013 moodsa elegantsi s\u00fcmbol.\" \/>\n<meta property=\"og:url\" content=\"https:\/\/fashiongold.lt\/et\/papuosalas\/moodsa-elegantsi-mark-parlikee-9-105-mm-itaalia-disainiga-valgest-kullast-kinnisega\/\" \/>\n<meta property=\"og:site_name\" content=\"FashionGold.lt\" \/>\n<meta property=\"og:image\" content=\"https:\/\/fashiongold.lt\/wp-content\/uploads\/2025\/10\/6422-cab-Modernios-elegancijos-zenklas-perlu-verinys.webp\" \/>\n\t<meta property=\"og:image:width\" content=\"1000\" \/>\n\t<meta property=\"og:image:height\" content=\"1000\" \/>\n\t<meta property=\"og:image:type\" content=\"image\/png\" \/>\n<meta name=\"twitter:card\" content=\"summary_large_image\" \/>\n<script type=\"application\/ld+json\" class=\"yoast-schema-graph\">{\"@context\":\"https:\/\/schema.org\",\"@graph\":[{\"@type\":\"WebPage\",\"@id\":\"https:\/\/fashiongold.lt\/et\/papuosalas\/moodsa-elegantsi-mark-parlikee-9-105-mm-itaalia-disainiga-valgest-kullast-kinnisega\/\",\"url\":\"https:\/\/fashiongold.lt\/et\/papuosalas\/moodsa-elegantsi-mark-parlikee-9-105-mm-itaalia-disainiga-valgest-kullast-kinnisega\/\",\"name\":\"Moodsa elegantsi m\u00e4rk \u2013 p\u00e4rlikee (9 -10,5 mm) Itaalia disainiga valgest kullast kinnisega - FashionGold.lt\",\"isPartOf\":{\"@id\":\"https:\/\/fashiongold.lt\/et\/#website\"},\"primaryImageOfPage\":{\"@id\":\"https:\/\/fashiongold.lt\/et\/papuosalas\/moodsa-elegantsi-mark-parlikee-9-105-mm-itaalia-disainiga-valgest-kullast-kinnisega\/#primaryimage\"},\"image\":{\"@id\":\"https:\/\/fashiongold.lt\/et\/papuosalas\/moodsa-elegantsi-mark-parlikee-9-105-mm-itaalia-disainiga-valgest-kullast-kinnisega\/#primaryimage\"},\"thumbnailUrl\":\"https:\/\/fashiongold.lt\/wp-content\/uploads\/2025\/10\/6422-cab-Modernios-elegancijos-zenklas-perlu-verinys.png\",\"datePublished\":\"2025-10-09T18:14:35+00:00\",\"breadcrumb\":{\"@id\":\"https:\/\/fashiongold.lt\/et\/papuosalas\/moodsa-elegantsi-mark-parlikee-9-105-mm-itaalia-disainiga-valgest-kullast-kinnisega\/#breadcrumb\"},\"inLanguage\":\"et\",\"potentialAction\":[{\"@type\":\"ReadAction\",\"target\":[\"https:\/\/fashiongold.lt\/et\/papuosalas\/moodsa-elegantsi-mark-parlikee-9-105-mm-itaalia-disainiga-valgest-kullast-kinnisega\/\"]}]},{\"@type\":\"ImageObject\",\"inLanguage\":\"et\",\"@id\":\"https:\/\/fashiongold.lt\/et\/papuosalas\/moodsa-elegantsi-mark-parlikee-9-105-mm-itaalia-disainiga-valgest-kullast-kinnisega\/#primaryimage\",\"url\":\"https:\/\/fashiongold.lt\/wp-content\/uploads\/2025\/10\/6422-cab-Modernios-elegancijos-zenklas-perlu-verinys.png\",\"contentUrl\":\"https:\/\/fashiongold.lt\/wp-content\/uploads\/2025\/10\/6422-cab-Modernios-elegancijos-zenklas-perlu-verinys.png\",\"width\":1000,\"height\":1000},{\"@type\":\"BreadcrumbList\",\"@id\":\"https:\/\/fashiongold.lt\/et\/papuosalas\/moodsa-elegantsi-mark-parlikee-9-105-mm-itaalia-disainiga-valgest-kullast-kinnisega\/#breadcrumb\",\"itemListElement\":[{\"@type\":\"ListItem\",\"position\":1,\"name\":\"Home\",\"item\":\"https:\/\/fashiongold.lt\/et\/\"},{\"@type\":\"ListItem\",\"position\":2,\"name\":\"Teemantide pood Fashiongold.lt\",\"item\":\"https:\/\/fashiongold.lt\/shop-2\/\"},{\"@type\":\"ListItem\",\"position\":3,\"name\":\"Moodsa elegantsi m\u00e4rk \u2013 p\u00e4rlikee (9 -10,5 mm) Itaalia disainiga valgest kullast kinnisega\"}]},{\"@type\":\"WebSite\",\"@id\":\"https:\/\/fashiongold.lt\/et\/#website\",\"url\":\"https:\/\/fashiongold.lt\/et\/\",\"name\":\"Fashion Gold\",\"description\":\"Juvelyrikos namai\",\"publisher\":{\"@id\":\"https:\/\/fashiongold.lt\/et\/#organization\"},\"potentialAction\":[{\"@type\":\"SearchAction\",\"target\":{\"@type\":\"EntryPoint\",\"urlTemplate\":\"https:\/\/fashiongold.lt\/et\/?s={search_term_string}\"},\"query-input\":{\"@type\":\"PropertyValueSpecification\",\"valueRequired\":true,\"valueName\":\"search_term_string\"}}],\"inLanguage\":\"et\"},{\"@type\":\"Organization\",\"@id\":\"https:\/\/fashiongold.lt\/et\/#organization\",\"name\":\"Topdiamonds Online\",\"url\":\"https:\/\/fashiongold.lt\/et\/\",\"logo\":{\"@type\":\"ImageObject\",\"inLanguage\":\"et\",\"@id\":\"https:\/\/fashiongold.lt\/et\/#\/schema\/logo\/image\/\",\"url\":\"https:\/\/fashiongold.lt\/wp-content\/uploads\/2025\/04\/cropped-fashion_gold_logotipas2-scaled-1.png\",\"contentUrl\":\"https:\/\/fashiongold.lt\/wp-content\/uploads\/2025\/04\/cropped-fashion_gold_logotipas2-scaled-1.png\",\"width\":2559,\"height\":421,\"caption\":\"Topdiamonds Online\"},\"image\":{\"@id\":\"https:\/\/fashiongold.lt\/et\/#\/schema\/logo\/image\/\"}}]}<\/script>\n<!-- \/ Yoast SEO plugin. -->","yoast_head_json":{"title":"Moodsa elegantsi m\u00e4rk \u2013 p\u00e4rlikee (9 -10,5 mm) Itaalia disainiga valgest kullast kinnisega - FashionGold.lt","robots":{"index":"index","follow":"follow","max-snippet":"max-snippet:-1","max-image-preview":"max-image-preview:large","max-video-preview":"max-video-preview:-1"},"canonical":"https:\/\/fashiongold.lt\/et\/papuosalas\/moodsa-elegantsi-mark-parlikee-9-105-mm-itaalia-disainiga-valgest-kullast-kinnisega\/","og_locale":"et_EE","og_type":"article","og_title":"Moodsa elegantsi m\u00e4rk \u2013 p\u00e4rlikee (9 -10,5 mm) Itaalia disainiga valgest kullast kinnisega - FashionGold.lt","og_description":"Moodne 9\u201310,5 mm mageveep\u00e4rlitest kee, 42 tk, Itaalia disainiga valgest kullast lukuga. Ainulaadne ja vastupidav lukk. \"Fashion Gold\" juveelimaja meistrite looming \u2013 moodsa elegantsi s\u00fcmbol.","og_url":"https:\/\/fashiongold.lt\/et\/papuosalas\/moodsa-elegantsi-mark-parlikee-9-105-mm-itaalia-disainiga-valgest-kullast-kinnisega\/","og_site_name":"FashionGold.lt","og_image":[{"width":1000,"height":1000,"url":"https:\/\/fashiongold.lt\/wp-content\/uploads\/2025\/10\/6422-cab-Modernios-elegancijos-zenklas-perlu-verinys.webp","type":"image\/png"}],"twitter_card":"summary_large_image","schema":{"@context":"https:\/\/schema.org","@graph":[{"@type":"WebPage","@id":"https:\/\/fashiongold.lt\/et\/papuosalas\/moodsa-elegantsi-mark-parlikee-9-105-mm-itaalia-disainiga-valgest-kullast-kinnisega\/","url":"https:\/\/fashiongold.lt\/et\/papuosalas\/moodsa-elegantsi-mark-parlikee-9-105-mm-itaalia-disainiga-valgest-kullast-kinnisega\/","name":"Moodsa elegantsi m\u00e4rk \u2013 p\u00e4rlikee (9 -10,5 mm) Itaalia disainiga valgest kullast kinnisega - FashionGold.lt","isPartOf":{"@id":"https:\/\/fashiongold.lt\/et\/#website"},"primaryImageOfPage":{"@id":"https:\/\/fashiongold.lt\/et\/papuosalas\/moodsa-elegantsi-mark-parlikee-9-105-mm-itaalia-disainiga-valgest-kullast-kinnisega\/#primaryimage"},"image":{"@id":"https:\/\/fashiongold.lt\/et\/papuosalas\/moodsa-elegantsi-mark-parlikee-9-105-mm-itaalia-disainiga-valgest-kullast-kinnisega\/#primaryimage"},"thumbnailUrl":"https:\/\/fashiongold.lt\/wp-content\/uploads\/2025\/10\/6422-cab-Modernios-elegancijos-zenklas-perlu-verinys.png","datePublished":"2025-10-09T18:14:35+00:00","breadcrumb":{"@id":"https:\/\/fashiongold.lt\/et\/papuosalas\/moodsa-elegantsi-mark-parlikee-9-105-mm-itaalia-disainiga-valgest-kullast-kinnisega\/#breadcrumb"},"inLanguage":"et","potentialAction":[{"@type":"ReadAction","target":["https:\/\/fashiongold.lt\/et\/papuosalas\/moodsa-elegantsi-mark-parlikee-9-105-mm-itaalia-disainiga-valgest-kullast-kinnisega\/"]}]},{"@type":"ImageObject","inLanguage":"et","@id":"https:\/\/fashiongold.lt\/et\/papuosalas\/moodsa-elegantsi-mark-parlikee-9-105-mm-itaalia-disainiga-valgest-kullast-kinnisega\/#primaryimage","url":"https:\/\/fashiongold.lt\/wp-content\/uploads\/2025\/10\/6422-cab-Modernios-elegancijos-zenklas-perlu-verinys.png","contentUrl":"https:\/\/fashiongold.lt\/wp-content\/uploads\/2025\/10\/6422-cab-Modernios-elegancijos-zenklas-perlu-verinys.png","width":1000,"height":1000},{"@type":"BreadcrumbList","@id":"https:\/\/fashiongold.lt\/et\/papuosalas\/moodsa-elegantsi-mark-parlikee-9-105-mm-itaalia-disainiga-valgest-kullast-kinnisega\/#breadcrumb","itemListElement":[{"@type":"ListItem","position":1,"name":"Home","item":"https:\/\/fashiongold.lt\/et\/"},{"@type":"ListItem","position":2,"name":"Teemantide pood Fashiongold.lt","item":"https:\/\/fashiongold.lt\/shop-2\/"},{"@type":"ListItem","position":3,"name":"Moodsa elegantsi m\u00e4rk \u2013 p\u00e4rlikee (9 -10,5 mm) Itaalia disainiga valgest kullast kinnisega"}]},{"@type":"WebSite","@id":"https:\/\/fashiongold.lt\/et\/#website","url":"https:\/\/fashiongold.lt\/et\/","name":"Fashion Gold","description":"Juvelyrikos namai","publisher":{"@id":"https:\/\/fashiongold.lt\/et\/#organization"},"potentialAction":[{"@type":"SearchAction","target":{"@type":"EntryPoint","urlTemplate":"https:\/\/fashiongold.lt\/et\/?s={search_term_string}"},"query-input":{"@type":"PropertyValueSpecification","valueRequired":true,"valueName":"search_term_string"}}],"inLanguage":"et"},{"@type":"Organization","@id":"https:\/\/fashiongold.lt\/et\/#organization","name":"Topdiamonds Online","url":"https:\/\/fashiongold.lt\/et\/","logo":{"@type":"ImageObject","inLanguage":"et","@id":"https:\/\/fashiongold.lt\/et\/#\/schema\/logo\/image\/","url":"https:\/\/fashiongold.lt\/wp-content\/uploads\/2025\/04\/cropped-fashion_gold_logotipas2-scaled-1.png","contentUrl":"https:\/\/fashiongold.lt\/wp-content\/uploads\/2025\/04\/cropped-fashion_gold_logotipas2-scaled-1.png","width":2559,"height":421,"caption":"Topdiamonds Online"},"image":{"@id":"https:\/\/fashiongold.lt\/et\/#\/schema\/logo\/image\/"}}]}},"_links":{"self":[{"href":"https:\/\/fashiongold.lt\/et\/wp-json\/wp\/v2\/product\/288452","targetHints":{"allow":["GET"]}}],"collection":[{"href":"https:\/\/fashiongold.lt\/et\/wp-json\/wp\/v2\/product"}],"about":[{"href":"https:\/\/fashiongold.lt\/et\/wp-json\/wp\/v2\/types\/product"}],"version-history":[{"count":0,"href":"https:\/\/fashiongold.lt\/et\/wp-json\/wp\/v2\/product\/288452\/revisions"}],"wp:featuredmedia":[{"embeddable":true,"href":"https:\/\/fashiongold.lt\/et\/wp-json\/wp\/v2\/media\/54655"}],"wp:attachment":[{"href":"https:\/\/fashiongold.lt\/et\/wp-json\/wp\/v2\/media?parent=288452"}],"wp:term":[{"taxonomy":"product_brand","embeddable":true,"href":"https:\/\/fashiongold.lt\/et\/wp-json\/wp\/v2\/product_brand?post=288452"},{"taxonomy":"product_cat","embeddable":true,"href":"https:\/\/fashiongold.lt\/et\/wp-json\/wp\/v2\/product_cat?post=288452"},{"taxonomy":"product_tag","embeddable":true,"href":"https:\/\/fashiongold.lt\/et\/wp-json\/wp\/v2\/product_tag?post=288452"}],"curies":[{"name":"wp","href":"https:\/\/api.w.org\/{rel}","templated":true}]}}