{"id":288477,"date":"2025-10-09T18:14:10","date_gmt":"2025-10-09T18:14:10","guid":{"rendered":"https:\/\/fashiongold.lt\/papuosalas\/valgest-kullast-korvarongad-mereparlite-ja-teemantidega-akoya-10-mm\/"},"modified":"2025-10-09T18:14:10","modified_gmt":"2025-10-09T18:14:10","slug":"valgest-kullast-korvarongad-mereparlite-ja-teemantidega-akoya-10-mm","status":"publish","type":"product","link":"https:\/\/fashiongold.lt\/et\/papuosalas\/valgest-kullast-korvarongad-mereparlite-ja-teemantidega-akoya-10-mm\/","title":{"rendered":"Valgest kullast k\u00f5rvar\u00f5ngad merep\u00e4rlite ja teemantidega (Akoya, 10 mm)"},"content":{"rendered":"<p>Eksklusiivsed valge kulla k\u00f5rvar\u00f5ngad ehtsate teemantide ja mere Akoya p\u00e4rlitega. Akoya p\u00e4rlid paistavad silma oma v\u00e4rvi ja s\u00e4ra poolest, olles \u00fcmbritsetud teemantidega nagu lehtedega, luues unikaalse disaini. Looge nende luksusest ja elegantsist lummavate k\u00f5rvar\u00f5ngastega eriline hetk!<\/p>\n<p>Ainulaadsed valge kulla k\u00f5rvar\u00f5ngad ehtsate teemantide ja looduslike Akoya p\u00e4rlitega. Eksklusiivne kingitus, mis lummab luksuse ja elegantsiga. Looge nende k\u00f5rvar\u00f5ngastega eriline hetk!<\/p>\n<p>Juveelimaja \u201eFashion Gold\u201c meistrite loodud eksklusiivsed kullast k\u00f5rvar\u00f5ngad briljantide ja p\u00e4rlitega. Muljetavaldav ehe, mis on suurep\u00e4rane kingitus pulmadeks, pulma-aastap\u00e4evaks, s\u00fcnnip\u00e4evaks, valentinip\u00e4evaks v\u00f5i muudeks s\u00fcndmusteks. \u00a0<\/p>\n<p>\u2022 Teemandi t\u00fc\u00fcp: Looduslik \u00fcmar teemant, \u00a0<\/p>\n<p>\u2022 Teemandi omadused: 39 tk &#8211; 0,015 ct, v\u00e4rv &#8211; STW, puhtus &#8211; VS-P1<\/p>\n<p>\u2022 P\u00e4rli t\u00fc\u00fcp: Akoya merep\u00e4rlid \u00a0 \u00a0<\/p>\n<p>\u2022 P\u00e4rli kuju: \u00dcmar kuju (Round cut) \u00a0 \u00a0 \u00a0<\/p>\n<p>\u2022 P\u00e4rli omadused: 10 mm, AA+ (v\u00e4ga k\u00f5rge kvaliteet) <\/p>\n<p>\u2022 Sertifikaat: Leedu Proovikoda (LPR) \u00a0 \u00a0 \u00a0 \u00a0<\/p>\n<p>\u2022 Toote kuld: 14K (proov 585) \u00a0 \u00a0 \u00a0 \u00a0<\/p>\n<p>\u2022 Toote v\u00e4rv: valge kuld \u00a0 \u00a0 \u00a0 \u00a0<\/p>\n<p>\u2022 Toote kaal: 3,51 g \u00a0 \u00a0 \u00a0<\/p>\n<p>\u2022 Toote m\u00f5\u00f5tmed: 11 mm<\/p>\n","protected":false},"excerpt":{"rendered":"<p>Eksklusiivsed valgest kullast k\u00f5rvar\u00f5ngad ehtsate teemantide ja Akoya merep\u00e4rlitega. Akoya p\u00e4rlid paistavad silma oma v\u00e4rvuse ja s\u00e4ra poolest, olles \u00fcmbritsetud teemantidega nagu lehekestega, luues ainulaadse disaini. Looge nende k\u00f5rvar\u00f5ngastega eriline hetk, mis lummab luksuse ja elegantsiga!<\/p>\n","protected":false},"featured_media":54546,"template":"","meta":{"site-sidebar-layout":"","site-content-layout":"","ast-site-content-layout":"","site-content-style":"","site-sidebar-style":"","ast-global-header-display":"","ast-banner-title-visibility":"","ast-main-header-display":"","ast-hfb-above-header-display":"","ast-hfb-below-header-display":"","ast-hfb-mobile-header-display":"","site-post-title":"","ast-breadcrumbs-content":"","ast-featured-img":"","footer-sml-layout":"","ast-disable-related-posts":"","theme-transparent-header-meta":"","adv-header-id-meta":"","stick-header-meta":"","header-above-stick-meta":"","header-main-stick-meta":"","header-below-stick-meta":"","astra-migrate-meta-layouts":"default","ast-page-background-enabled":"default","ast-page-background-meta":{"desktop":{"background-color":"var(--ast-global-color-4)","background-image":"","background-repeat":"repeat","background-position":"center center","background-size":"auto","background-attachment":"scroll","background-type":"","background-media":"","overlay-type":"","overlay-color":"","overlay-opacity":"","overlay-gradient":""},"tablet":{"background-color":"","background-image":"","background-repeat":"repeat","background-position":"center center","background-size":"auto","background-attachment":"scroll","background-type":"","background-media":"","overlay-type":"","overlay-color":"","overlay-opacity":"","overlay-gradient":""},"mobile":{"background-color":"","background-image":"","background-repeat":"repeat","background-position":"center center","background-size":"auto","background-attachment":"scroll","background-type":"","background-media":"","overlay-type":"","overlay-color":"","overlay-opacity":"","overlay-gradient":""}},"ast-content-background-meta":{"desktop":{"background-color":"var(--ast-global-color-5)","background-image":"","background-repeat":"repeat","background-position":"center center","background-size":"auto","background-attachment":"scroll","background-type":"","background-media":"","overlay-type":"","overlay-color":"","overlay-opacity":"","overlay-gradient":""},"tablet":{"background-color":"var(--ast-global-color-5)","background-image":"","background-repeat":"repeat","background-position":"center center","background-size":"auto","background-attachment":"scroll","background-type":"","background-media":"","overlay-type":"","overlay-color":"","overlay-opacity":"","overlay-gradient":""},"mobile":{"background-color":"var(--ast-global-color-5)","background-image":"","background-repeat":"repeat","background-position":"center center","background-size":"auto","background-attachment":"scroll","background-type":"","background-media":"","overlay-type":"","overlay-color":"","overlay-opacity":"","overlay-gradient":""}}},"product_brand":[],"product_cat":[3058,2830,2826,2829,2823,2828,2822,2824,3392,2821,2969,2970,2971,3391,2845,2966],"product_tag":[],"class_list":{"0":"post-288477","1":"product","2":"type-product","3":"status-publish","4":"has-post-thumbnail","6":"product_cat-ehted","7":"product_cat-emadepaeva-kingitused","8":"product_cat-joulukingid","9":"product_cat-kingitused-erilisteks-puhkudeks","10":"product_cat-kingitused-lapse-sunni-puhul","11":"product_cat-kingitused-lopetamise-puhul","12":"product_cat-kingitused-naistele","13":"product_cat-kingitused-pulma-aastapaeva-puhul","14":"product_cat-kingitused-pulmade-puhul","15":"product_cat-kingitused-sunnipaevaks","16":"product_cat-naelkorvarongad","17":"product_cat-parlid-parlitega-ehted","18":"product_cat-parlitega-korvarongad","19":"product_cat-ristimiskingitused","20":"product_cat-sobrapaeva-kingitused","21":"product_cat-teemantidega-korvarongad","22":"desktop-align-center","23":"tablet-align-left","24":"mobile-align-left","25":"ast-product-gallery-layout-horizontal-slider","26":"ast-product-gallery-with-no-image","27":"ast-product-tabs-layout-accordion","28":"ast-qv-on-image","30":"first","31":"instock","32":"taxable","33":"shipping-taxable","34":"purchasable","35":"product-type-simple"},"yoast_head":"<!-- This site is optimized with the Yoast SEO plugin v26.6 - https:\/\/yoast.com\/wordpress\/plugins\/seo\/ -->\n<title>Valgest kullast k\u00f5rvar\u00f5ngad merep\u00e4rlite ja teemantidega<\/title>\n<meta name=\"description\" content=\"Eksklusiivsed k\u00f5rvar\u00f5ngad teemantide ja Akoya merep\u00e4rlitega, mis on \u00fcmbritsetud teemantidega nagu lehekestega, luues ainulaadse disaini.\" \/>\n<meta name=\"robots\" content=\"index, follow, max-snippet:-1, max-image-preview:large, max-video-preview:-1\" \/>\n<link rel=\"canonical\" href=\"https:\/\/fashiongold.lt\/et\/papuosalas\/valgest-kullast-korvarongad-mereparlite-ja-teemantidega-akoya-10-mm\/\" \/>\n<meta property=\"og:locale\" content=\"et_EE\" \/>\n<meta property=\"og:type\" content=\"article\" \/>\n<meta property=\"og:title\" content=\"Valgest kullast k\u00f5rvar\u00f5ngad merep\u00e4rlite ja teemantidega\" \/>\n<meta property=\"og:description\" content=\"Eksklusiivsed k\u00f5rvar\u00f5ngad teemantide ja Akoya merep\u00e4rlitega, mis on \u00fcmbritsetud teemantidega nagu lehekestega, luues ainulaadse disaini.\" \/>\n<meta property=\"og:url\" content=\"https:\/\/fashiongold.lt\/et\/papuosalas\/valgest-kullast-korvarongad-mereparlite-ja-teemantidega-akoya-10-mm\/\" \/>\n<meta property=\"og:site_name\" content=\"FashionGold.lt\" \/>\n<meta property=\"og:image\" content=\"https:\/\/fashiongold.lt\/wp-content\/uploads\/2025\/10\/6389-ae4-Balto-aukso-auskarai-su-juriniais-perlais-ir-deimantais.webp\" \/>\n\t<meta property=\"og:image:width\" content=\"1000\" \/>\n\t<meta property=\"og:image:height\" content=\"1000\" \/>\n\t<meta property=\"og:image:type\" content=\"image\/jpeg\" \/>\n<meta name=\"twitter:card\" content=\"summary_large_image\" \/>\n<meta name=\"twitter:label1\" content=\"Est. reading time\" \/>\n\t<meta name=\"twitter:data1\" content=\"1 minut\" \/>\n<script type=\"application\/ld+json\" class=\"yoast-schema-graph\">{\"@context\":\"https:\/\/schema.org\",\"@graph\":[{\"@type\":\"WebPage\",\"@id\":\"https:\/\/fashiongold.lt\/et\/papuosalas\/valgest-kullast-korvarongad-mereparlite-ja-teemantidega-akoya-10-mm\/\",\"url\":\"https:\/\/fashiongold.lt\/et\/papuosalas\/valgest-kullast-korvarongad-mereparlite-ja-teemantidega-akoya-10-mm\/\",\"name\":\"Valgest kullast k\u00f5rvar\u00f5ngad merep\u00e4rlite ja teemantidega\",\"isPartOf\":{\"@id\":\"https:\/\/fashiongold.lt\/et\/#website\"},\"primaryImageOfPage\":{\"@id\":\"https:\/\/fashiongold.lt\/et\/papuosalas\/valgest-kullast-korvarongad-mereparlite-ja-teemantidega-akoya-10-mm\/#primaryimage\"},\"image\":{\"@id\":\"https:\/\/fashiongold.lt\/et\/papuosalas\/valgest-kullast-korvarongad-mereparlite-ja-teemantidega-akoya-10-mm\/#primaryimage\"},\"thumbnailUrl\":\"https:\/\/fashiongold.lt\/wp-content\/uploads\/2025\/10\/6389-ae4-Balto-aukso-auskarai-su-juriniais-perlais-ir-deimantais.jpg\",\"datePublished\":\"2025-10-09T18:14:10+00:00\",\"description\":\"Eksklusiivsed k\u00f5rvar\u00f5ngad teemantide ja Akoya merep\u00e4rlitega, mis on \u00fcmbritsetud teemantidega nagu lehekestega, luues ainulaadse disaini.\",\"breadcrumb\":{\"@id\":\"https:\/\/fashiongold.lt\/et\/papuosalas\/valgest-kullast-korvarongad-mereparlite-ja-teemantidega-akoya-10-mm\/#breadcrumb\"},\"inLanguage\":\"et\",\"potentialAction\":[{\"@type\":\"ReadAction\",\"target\":[\"https:\/\/fashiongold.lt\/et\/papuosalas\/valgest-kullast-korvarongad-mereparlite-ja-teemantidega-akoya-10-mm\/\"]}]},{\"@type\":\"ImageObject\",\"inLanguage\":\"et\",\"@id\":\"https:\/\/fashiongold.lt\/et\/papuosalas\/valgest-kullast-korvarongad-mereparlite-ja-teemantidega-akoya-10-mm\/#primaryimage\",\"url\":\"https:\/\/fashiongold.lt\/wp-content\/uploads\/2025\/10\/6389-ae4-Balto-aukso-auskarai-su-juriniais-perlais-ir-deimantais.jpg\",\"contentUrl\":\"https:\/\/fashiongold.lt\/wp-content\/uploads\/2025\/10\/6389-ae4-Balto-aukso-auskarai-su-juriniais-perlais-ir-deimantais.jpg\",\"width\":1000,\"height\":1000},{\"@type\":\"BreadcrumbList\",\"@id\":\"https:\/\/fashiongold.lt\/et\/papuosalas\/valgest-kullast-korvarongad-mereparlite-ja-teemantidega-akoya-10-mm\/#breadcrumb\",\"itemListElement\":[{\"@type\":\"ListItem\",\"position\":1,\"name\":\"Home\",\"item\":\"https:\/\/fashiongold.lt\/et\/\"},{\"@type\":\"ListItem\",\"position\":2,\"name\":\"Teemantide pood Fashiongold.lt\",\"item\":\"https:\/\/fashiongold.lt\/shop-2\/\"},{\"@type\":\"ListItem\",\"position\":3,\"name\":\"Valgest kullast k\u00f5rvar\u00f5ngad merep\u00e4rlite ja teemantidega (Akoya, 10 mm)\"}]},{\"@type\":\"WebSite\",\"@id\":\"https:\/\/fashiongold.lt\/et\/#website\",\"url\":\"https:\/\/fashiongold.lt\/et\/\",\"name\":\"Fashion Gold\",\"description\":\"Juvelyrikos namai\",\"publisher\":{\"@id\":\"https:\/\/fashiongold.lt\/et\/#organization\"},\"potentialAction\":[{\"@type\":\"SearchAction\",\"target\":{\"@type\":\"EntryPoint\",\"urlTemplate\":\"https:\/\/fashiongold.lt\/et\/?s={search_term_string}\"},\"query-input\":{\"@type\":\"PropertyValueSpecification\",\"valueRequired\":true,\"valueName\":\"search_term_string\"}}],\"inLanguage\":\"et\"},{\"@type\":\"Organization\",\"@id\":\"https:\/\/fashiongold.lt\/et\/#organization\",\"name\":\"Topdiamonds Online\",\"url\":\"https:\/\/fashiongold.lt\/et\/\",\"logo\":{\"@type\":\"ImageObject\",\"inLanguage\":\"et\",\"@id\":\"https:\/\/fashiongold.lt\/et\/#\/schema\/logo\/image\/\",\"url\":\"https:\/\/fashiongold.lt\/wp-content\/uploads\/2025\/04\/cropped-fashion_gold_logotipas2-scaled-1.png\",\"contentUrl\":\"https:\/\/fashiongold.lt\/wp-content\/uploads\/2025\/04\/cropped-fashion_gold_logotipas2-scaled-1.png\",\"width\":2559,\"height\":421,\"caption\":\"Topdiamonds Online\"},\"image\":{\"@id\":\"https:\/\/fashiongold.lt\/et\/#\/schema\/logo\/image\/\"}}]}<\/script>\n<!-- \/ Yoast SEO plugin. -->","yoast_head_json":{"title":"Valgest kullast k\u00f5rvar\u00f5ngad merep\u00e4rlite ja teemantidega","description":"Eksklusiivsed k\u00f5rvar\u00f5ngad teemantide ja Akoya merep\u00e4rlitega, mis on \u00fcmbritsetud teemantidega nagu lehekestega, luues ainulaadse disaini.","robots":{"index":"index","follow":"follow","max-snippet":"max-snippet:-1","max-image-preview":"max-image-preview:large","max-video-preview":"max-video-preview:-1"},"canonical":"https:\/\/fashiongold.lt\/et\/papuosalas\/valgest-kullast-korvarongad-mereparlite-ja-teemantidega-akoya-10-mm\/","og_locale":"et_EE","og_type":"article","og_title":"Valgest kullast k\u00f5rvar\u00f5ngad merep\u00e4rlite ja teemantidega","og_description":"Eksklusiivsed k\u00f5rvar\u00f5ngad teemantide ja Akoya merep\u00e4rlitega, mis on \u00fcmbritsetud teemantidega nagu lehekestega, luues ainulaadse disaini.","og_url":"https:\/\/fashiongold.lt\/et\/papuosalas\/valgest-kullast-korvarongad-mereparlite-ja-teemantidega-akoya-10-mm\/","og_site_name":"FashionGold.lt","og_image":[{"width":1000,"height":1000,"url":"https:\/\/fashiongold.lt\/wp-content\/uploads\/2025\/10\/6389-ae4-Balto-aukso-auskarai-su-juriniais-perlais-ir-deimantais.webp","type":"image\/jpeg"}],"twitter_card":"summary_large_image","twitter_misc":{"Est. reading time":"1 minut"},"schema":{"@context":"https:\/\/schema.org","@graph":[{"@type":"WebPage","@id":"https:\/\/fashiongold.lt\/et\/papuosalas\/valgest-kullast-korvarongad-mereparlite-ja-teemantidega-akoya-10-mm\/","url":"https:\/\/fashiongold.lt\/et\/papuosalas\/valgest-kullast-korvarongad-mereparlite-ja-teemantidega-akoya-10-mm\/","name":"Valgest kullast k\u00f5rvar\u00f5ngad merep\u00e4rlite ja teemantidega","isPartOf":{"@id":"https:\/\/fashiongold.lt\/et\/#website"},"primaryImageOfPage":{"@id":"https:\/\/fashiongold.lt\/et\/papuosalas\/valgest-kullast-korvarongad-mereparlite-ja-teemantidega-akoya-10-mm\/#primaryimage"},"image":{"@id":"https:\/\/fashiongold.lt\/et\/papuosalas\/valgest-kullast-korvarongad-mereparlite-ja-teemantidega-akoya-10-mm\/#primaryimage"},"thumbnailUrl":"https:\/\/fashiongold.lt\/wp-content\/uploads\/2025\/10\/6389-ae4-Balto-aukso-auskarai-su-juriniais-perlais-ir-deimantais.jpg","datePublished":"2025-10-09T18:14:10+00:00","description":"Eksklusiivsed k\u00f5rvar\u00f5ngad teemantide ja Akoya merep\u00e4rlitega, mis on \u00fcmbritsetud teemantidega nagu lehekestega, luues ainulaadse disaini.","breadcrumb":{"@id":"https:\/\/fashiongold.lt\/et\/papuosalas\/valgest-kullast-korvarongad-mereparlite-ja-teemantidega-akoya-10-mm\/#breadcrumb"},"inLanguage":"et","potentialAction":[{"@type":"ReadAction","target":["https:\/\/fashiongold.lt\/et\/papuosalas\/valgest-kullast-korvarongad-mereparlite-ja-teemantidega-akoya-10-mm\/"]}]},{"@type":"ImageObject","inLanguage":"et","@id":"https:\/\/fashiongold.lt\/et\/papuosalas\/valgest-kullast-korvarongad-mereparlite-ja-teemantidega-akoya-10-mm\/#primaryimage","url":"https:\/\/fashiongold.lt\/wp-content\/uploads\/2025\/10\/6389-ae4-Balto-aukso-auskarai-su-juriniais-perlais-ir-deimantais.jpg","contentUrl":"https:\/\/fashiongold.lt\/wp-content\/uploads\/2025\/10\/6389-ae4-Balto-aukso-auskarai-su-juriniais-perlais-ir-deimantais.jpg","width":1000,"height":1000},{"@type":"BreadcrumbList","@id":"https:\/\/fashiongold.lt\/et\/papuosalas\/valgest-kullast-korvarongad-mereparlite-ja-teemantidega-akoya-10-mm\/#breadcrumb","itemListElement":[{"@type":"ListItem","position":1,"name":"Home","item":"https:\/\/fashiongold.lt\/et\/"},{"@type":"ListItem","position":2,"name":"Teemantide pood Fashiongold.lt","item":"https:\/\/fashiongold.lt\/shop-2\/"},{"@type":"ListItem","position":3,"name":"Valgest kullast k\u00f5rvar\u00f5ngad merep\u00e4rlite ja teemantidega (Akoya, 10 mm)"}]},{"@type":"WebSite","@id":"https:\/\/fashiongold.lt\/et\/#website","url":"https:\/\/fashiongold.lt\/et\/","name":"Fashion Gold","description":"Juvelyrikos namai","publisher":{"@id":"https:\/\/fashiongold.lt\/et\/#organization"},"potentialAction":[{"@type":"SearchAction","target":{"@type":"EntryPoint","urlTemplate":"https:\/\/fashiongold.lt\/et\/?s={search_term_string}"},"query-input":{"@type":"PropertyValueSpecification","valueRequired":true,"valueName":"search_term_string"}}],"inLanguage":"et"},{"@type":"Organization","@id":"https:\/\/fashiongold.lt\/et\/#organization","name":"Topdiamonds Online","url":"https:\/\/fashiongold.lt\/et\/","logo":{"@type":"ImageObject","inLanguage":"et","@id":"https:\/\/fashiongold.lt\/et\/#\/schema\/logo\/image\/","url":"https:\/\/fashiongold.lt\/wp-content\/uploads\/2025\/04\/cropped-fashion_gold_logotipas2-scaled-1.png","contentUrl":"https:\/\/fashiongold.lt\/wp-content\/uploads\/2025\/04\/cropped-fashion_gold_logotipas2-scaled-1.png","width":2559,"height":421,"caption":"Topdiamonds Online"},"image":{"@id":"https:\/\/fashiongold.lt\/et\/#\/schema\/logo\/image\/"}}]}},"_links":{"self":[{"href":"https:\/\/fashiongold.lt\/et\/wp-json\/wp\/v2\/product\/288477","targetHints":{"allow":["GET"]}}],"collection":[{"href":"https:\/\/fashiongold.lt\/et\/wp-json\/wp\/v2\/product"}],"about":[{"href":"https:\/\/fashiongold.lt\/et\/wp-json\/wp\/v2\/types\/product"}],"version-history":[{"count":0,"href":"https:\/\/fashiongold.lt\/et\/wp-json\/wp\/v2\/product\/288477\/revisions"}],"wp:featuredmedia":[{"embeddable":true,"href":"https:\/\/fashiongold.lt\/et\/wp-json\/wp\/v2\/media\/54546"}],"wp:attachment":[{"href":"https:\/\/fashiongold.lt\/et\/wp-json\/wp\/v2\/media?parent=288477"}],"wp:term":[{"taxonomy":"product_brand","embeddable":true,"href":"https:\/\/fashiongold.lt\/et\/wp-json\/wp\/v2\/product_brand?post=288477"},{"taxonomy":"product_cat","embeddable":true,"href":"https:\/\/fashiongold.lt\/et\/wp-json\/wp\/v2\/product_cat?post=288477"},{"taxonomy":"product_tag","embeddable":true,"href":"https:\/\/fashiongold.lt\/et\/wp-json\/wp\/v2\/product_tag?post=288477"}],"curies":[{"name":"wp","href":"https:\/\/api.w.org\/{rel}","templated":true}]}}