{"id":288522,"date":"2025-10-09T17:56:09","date_gmt":"2025-10-09T17:56:09","guid":{"rendered":"https:\/\/fashiongold.lt\/papuosalas\/kihlasormus-paevalill\/"},"modified":"2025-10-09T17:56:09","modified_gmt":"2025-10-09T17:56:09","slug":"kihlasormus-paevalill","status":"publish","type":"product","link":"https:\/\/fashiongold.lt\/et\/papuosalas\/kihlasormus-paevalill\/","title":{"rendered":"Kihlas\u00f5rmus \u201eP\u00e4evalill\u201d"},"content":{"rendered":"<p class=\"MsoNormal\" style=\"margin: 0cm; font-size: 12pt; font-family: 'Times New Roman', serif;\"><o:p><\/o:p><\/p>\n<p><span style=\"font-family: 'Times New Roman', serif; font-size: 12pt; background: #f7f7f8;\">Valgest <\/span><span lang=\"LT\" style=\"font-family: 'Times New Roman', serif; font-size: 12pt; background: #f7f7f8;\">k<\/span><span style=\"font-family: 'Times New Roman', serif; font-size: 12pt; background: #f7f7f8;\">ulla<\/span><span lang=\"LT\" style=\"font-family: 'Times New Roman', serif; font-size: 12pt; background: #f7f7f8;\">st<\/span><span lang=\"LT\" style=\"font-family: 'Times New Roman', serif; font-size: 12pt; background: #f7f7f8;\"> <\/span><span lang=\"LT\" style=\"font-family: 'Times New Roman', serif; font-size: 12pt; background: #f7f7f8;\">k<\/span><span style=\"font-family: 'Times New Roman', serif; font-size: 12pt; background: #f7f7f8;\">ihlas\u00f5rmus <\/span><span lang=\"LT\" style=\"font-family: 'Times New Roman', serif; font-size: 12pt; background: #f7f7f8;\">&#8211;<\/span><span style=\"font-family: 'Times New Roman', serif; font-size: 12pt; background: #f7f7f8;\"> s\u00e4rage armastuse valguses. See eriline <\/span><span lang=\"LT\" style=\"font-family: 'Times New Roman', serif; font-size: 12pt; background: #f7f7f8;\">k<\/span><span style=\"font-family: 'Times New Roman', serif; font-size: 12pt; background: #f7f7f8;\">ihlas\u00f5rmus nimega &#8220;Saul\u0117gr\u0105\u017ea&#8221; (P\u00e4evalill), peegeldab p\u00e4ikese soojust ja energiat. Valgest kullast s\u00f5rmus 0,30 ct teemandiga on kaunistatud madala krooniga, mille <\/span><span lang=\"LT\" style=\"font-family: 'Times New Roman', serif; font-size: 12pt; background: #f7f7f8;\">k<\/span><span style=\"font-family: 'Times New Roman', serif; font-size: 12pt; background: #f7f7f8;\">u<\/span><span lang=\"LT\" style=\"font-family: 'Times New Roman', serif; font-size: 12pt; background: #f7f7f8;\">u<\/span><span style=\"font-family: 'Times New Roman', serif; font-size: 12pt; background: #f7f7f8;\">s haru s\u00fcmboliseerivad tugevust ja harmooniat. &#8220;Saul\u0117gr\u0105\u017ea&#8221; on eluj\u00f5u ja armastuse kasvu m\u00e4rk. See on s\u00f5rmus, mis t\u00f5mbab pilke ja v\u00e4ljendab teie armastuse hoidmist. Kihlas\u00f5rmus &#8220;Saul\u0117gr\u0105\u017ea&#8221; annab teie k\u00e4ele v\u00f5lu ja erilise t\u00e4henduse. Laske &#8220;Saul\u0117gr\u0105\u017eai&#8221; peegeld<\/span><span lang=\"LT\" style=\"font-family: 'Times New Roman', serif; font-size: 12pt; background: #f7f7f8;\">ada<\/span><span style=\"font-family: 'Times New Roman', serif; font-size: 12pt; background: #f7f7f8;\"> teie armastuse valgust erilisel viisil.<\/span><\/p>\n<p>\u201eFashion Gold\u201d juveelimeistrite loodud kihlas\u00f5rmus on erakordselt k\u00f5rge kvaliteediga, t\u00e4histatud Leedu proovikoja sertifikaadiga ning saadaval v\u00e4ga atraktiivse hinnaga. See on ehe, mida saab p\u00e4randada p\u00f5lvest p\u00f5lve kui perekonnareliikviat, sest ei kuld ega ehtsad teemandid kaota kunagi oma v\u00e4\u00e4rtust. Seda kulds\u00f5rmust saab tellida nii salongist kui ka internetist.\u00a0<\/p>\n<p>Kihlas\u00f5rmuse kaal &#8211; 2,20-2,60 g<\/p>\n<p>Kulla v\u00e4rvus &#8211; valge<\/p>\n<p><span>Briljandi suurus &#8211; 0,30 ct, v\u00e4rvus H, puhtus SI<\/span><\/p>\n<p><span>Ehte valmistame 14 t\u00f6\u00f6p\u00e4eva jooksul.<\/span><\/p>\n<p><span><span>Kihlas\u00f5rmused on \u00fcks \u201eFashion Gold&#8221; tegevusvaldkondi. Salongist leiate ka abielus\u00f5rmuseid, ehteid naistele, meestele ja lastele erinevateks puhkudeks, m\u00fcnte ja kullakange.<\/span><\/span><\/p>\n<p><span><span>PAKUME KIHLAS\u00d5RMUSEID JA MUID EHTEID TELLIMUSE PEALE VASTAVALT TEIE INDIVIDUAALSETELE SOOVIDELE. V\u00d5TKE \u00dcHENDUST info@fashiongold.lt<\/span><\/span><\/p>\n","protected":false},"excerpt":{"rendered":"<p><span style=\"font-family: 'Times New Roman', serif; font-size: 12pt; background: #f7f7f8;\">Valgest kullast s\u00f5rmus 0,30 ct teemandiga on kaunistatud madalalt asetseva krooniga, mille <\/span><span lang=\"LT\" style=\"font-family: 'Times New Roman', serif; font-size: 12pt; background: #f7f7f8;\">k<\/span><span style=\"font-family: 'Times New Roman', serif; font-size: 12pt; background: #f7f7f8;\">u<\/span><span lang=\"LT\" style=\"font-family: 'Times New Roman', serif; font-size: 12pt; background: #f7f7f8;\">u<\/span><span style=\"font-family: 'Times New Roman', serif; font-size: 12pt; background: #f7f7f8;\">s haru s\u00fcmboliseerivad tugevust ja harmooniat. &#8216;P\u00e4evalill&#8217; on eluj\u00f5u ja armastuse kasvu m\u00e4rk.<\/span><\/p>\n","protected":false},"featured_media":53232,"template":"","meta":{"site-sidebar-layout":"","site-content-layout":"","ast-site-content-layout":"","site-content-style":"","site-sidebar-style":"","ast-global-header-display":"","ast-banner-title-visibility":"","ast-main-header-display":"","ast-hfb-above-header-display":"","ast-hfb-below-header-display":"","ast-hfb-mobile-header-display":"","site-post-title":"","ast-breadcrumbs-content":"","ast-featured-img":"","footer-sml-layout":"","ast-disable-related-posts":"","theme-transparent-header-meta":"","adv-header-id-meta":"","stick-header-meta":"","header-above-stick-meta":"","header-main-stick-meta":"","header-below-stick-meta":"","astra-migrate-meta-layouts":"default","ast-page-background-enabled":"default","ast-page-background-meta":{"desktop":{"background-color":"var(--ast-global-color-4)","background-image":"","background-repeat":"repeat","background-position":"center center","background-size":"auto","background-attachment":"scroll","background-type":"","background-media":"","overlay-type":"","overlay-color":"","overlay-opacity":"","overlay-gradient":""},"tablet":{"background-color":"","background-image":"","background-repeat":"repeat","background-position":"center center","background-size":"auto","background-attachment":"scroll","background-type":"","background-media":"","overlay-type":"","overlay-color":"","overlay-opacity":"","overlay-gradient":""},"mobile":{"background-color":"","background-image":"","background-repeat":"repeat","background-position":"center center","background-size":"auto","background-attachment":"scroll","background-type":"","background-media":"","overlay-type":"","overlay-color":"","overlay-opacity":"","overlay-gradient":""}},"ast-content-background-meta":{"desktop":{"background-color":"var(--ast-global-color-5)","background-image":"","background-repeat":"repeat","background-position":"center center","background-size":"auto","background-attachment":"scroll","background-type":"","background-media":"","overlay-type":"","overlay-color":"","overlay-opacity":"","overlay-gradient":""},"tablet":{"background-color":"var(--ast-global-color-5)","background-image":"","background-repeat":"repeat","background-position":"center center","background-size":"auto","background-attachment":"scroll","background-type":"","background-media":"","overlay-type":"","overlay-color":"","overlay-opacity":"","overlay-gradient":""},"mobile":{"background-color":"var(--ast-global-color-5)","background-image":"","background-repeat":"repeat","background-position":"center center","background-size":"auto","background-attachment":"scroll","background-type":"","background-media":"","overlay-type":"","overlay-color":"","overlay-opacity":"","overlay-gradient":""}}},"product_brand":[],"product_cat":[3574],"product_tag":[],"class_list":{"0":"post-288522","1":"product","2":"type-product","3":"status-publish","4":"has-post-thumbnail","6":"product_cat-soodusmuuk","7":"desktop-align-center","8":"tablet-align-left","9":"mobile-align-left","10":"ast-product-gallery-layout-horizontal-slider","11":"ast-product-gallery-with-no-image","12":"ast-product-single-variable","13":"ast-product-tabs-layout-accordion","14":"ast-qv-on-image","16":"first","17":"instock","18":"taxable","19":"shipping-taxable","20":"purchasable","21":"product-type-variable"},"yoast_head":"<!-- This site is optimized with the Yoast SEO plugin v26.6 - https:\/\/yoast.com\/wordpress\/plugins\/seo\/ -->\n<title>Kihlas\u00f5rmus \u201eP\u00e4evalill\u201d - FashionGold.lt<\/title>\n<meta name=\"robots\" content=\"index, follow, max-snippet:-1, max-image-preview:large, max-video-preview:-1\" \/>\n<link rel=\"canonical\" href=\"https:\/\/fashiongold.lt\/et\/papuosalas\/kihlasormus-paevalill\/\" \/>\n<meta property=\"og:locale\" content=\"et_EE\" \/>\n<meta property=\"og:type\" content=\"article\" \/>\n<meta property=\"og:title\" content=\"Kihlas\u00f5rmus \u201eP\u00e4evalill\u201d - FashionGold.lt\" \/>\n<meta property=\"og:description\" content=\"Valgest kullast s\u00f5rmus 0,30 ct teemandiga on kaunistatud madalalt asetseva krooniga, mille kuus haru s\u00fcmboliseerivad tugevust ja harmooniat. &#039;P\u00e4evalill&#039; on eluj\u00f5u ja armastuse kasvu m\u00e4rk.\" \/>\n<meta property=\"og:url\" content=\"https:\/\/fashiongold.lt\/et\/papuosalas\/kihlasormus-paevalill\/\" \/>\n<meta property=\"og:site_name\" content=\"FashionGold.lt\" \/>\n<meta property=\"og:image\" content=\"https:\/\/fashiongold.lt\/wp-content\/uploads\/2025\/10\/1655-721-Suzadetuviu-ziedas-Saulegraza.webp\" \/>\n\t<meta property=\"og:image:width\" content=\"531\" \/>\n\t<meta property=\"og:image:height\" content=\"480\" \/>\n\t<meta property=\"og:image:type\" content=\"image\/jpeg\" \/>\n<meta name=\"twitter:card\" content=\"summary_large_image\" \/>\n<meta name=\"twitter:label1\" content=\"Est. reading time\" \/>\n\t<meta name=\"twitter:data1\" content=\"1 minut\" \/>\n<script type=\"application\/ld+json\" class=\"yoast-schema-graph\">{\"@context\":\"https:\/\/schema.org\",\"@graph\":[{\"@type\":\"WebPage\",\"@id\":\"https:\/\/fashiongold.lt\/et\/papuosalas\/kihlasormus-paevalill\/\",\"url\":\"https:\/\/fashiongold.lt\/et\/papuosalas\/kihlasormus-paevalill\/\",\"name\":\"Kihlas\u00f5rmus \u201eP\u00e4evalill\u201d - FashionGold.lt\",\"isPartOf\":{\"@id\":\"https:\/\/fashiongold.lt\/et\/#website\"},\"primaryImageOfPage\":{\"@id\":\"https:\/\/fashiongold.lt\/et\/papuosalas\/kihlasormus-paevalill\/#primaryimage\"},\"image\":{\"@id\":\"https:\/\/fashiongold.lt\/et\/papuosalas\/kihlasormus-paevalill\/#primaryimage\"},\"thumbnailUrl\":\"https:\/\/fashiongold.lt\/wp-content\/uploads\/2025\/10\/1655-721-Suzadetuviu-ziedas-Saulegraza.jpg\",\"datePublished\":\"2025-10-09T17:56:09+00:00\",\"breadcrumb\":{\"@id\":\"https:\/\/fashiongold.lt\/et\/papuosalas\/kihlasormus-paevalill\/#breadcrumb\"},\"inLanguage\":\"et\",\"potentialAction\":[{\"@type\":\"ReadAction\",\"target\":[\"https:\/\/fashiongold.lt\/et\/papuosalas\/kihlasormus-paevalill\/\"]}]},{\"@type\":\"ImageObject\",\"inLanguage\":\"et\",\"@id\":\"https:\/\/fashiongold.lt\/et\/papuosalas\/kihlasormus-paevalill\/#primaryimage\",\"url\":\"https:\/\/fashiongold.lt\/wp-content\/uploads\/2025\/10\/1655-721-Suzadetuviu-ziedas-Saulegraza.jpg\",\"contentUrl\":\"https:\/\/fashiongold.lt\/wp-content\/uploads\/2025\/10\/1655-721-Suzadetuviu-ziedas-Saulegraza.jpg\",\"width\":531,\"height\":480},{\"@type\":\"BreadcrumbList\",\"@id\":\"https:\/\/fashiongold.lt\/et\/papuosalas\/kihlasormus-paevalill\/#breadcrumb\",\"itemListElement\":[{\"@type\":\"ListItem\",\"position\":1,\"name\":\"Home\",\"item\":\"https:\/\/fashiongold.lt\/et\/\"},{\"@type\":\"ListItem\",\"position\":2,\"name\":\"Teemantide pood Fashiongold.lt\",\"item\":\"https:\/\/fashiongold.lt\/shop-2\/\"},{\"@type\":\"ListItem\",\"position\":3,\"name\":\"Kihlas\u00f5rmus \u201eP\u00e4evalill\u201d\"}]},{\"@type\":\"WebSite\",\"@id\":\"https:\/\/fashiongold.lt\/et\/#website\",\"url\":\"https:\/\/fashiongold.lt\/et\/\",\"name\":\"Fashion Gold\",\"description\":\"Juvelyrikos namai\",\"publisher\":{\"@id\":\"https:\/\/fashiongold.lt\/et\/#organization\"},\"potentialAction\":[{\"@type\":\"SearchAction\",\"target\":{\"@type\":\"EntryPoint\",\"urlTemplate\":\"https:\/\/fashiongold.lt\/et\/?s={search_term_string}\"},\"query-input\":{\"@type\":\"PropertyValueSpecification\",\"valueRequired\":true,\"valueName\":\"search_term_string\"}}],\"inLanguage\":\"et\"},{\"@type\":\"Organization\",\"@id\":\"https:\/\/fashiongold.lt\/et\/#organization\",\"name\":\"Topdiamonds Online\",\"url\":\"https:\/\/fashiongold.lt\/et\/\",\"logo\":{\"@type\":\"ImageObject\",\"inLanguage\":\"et\",\"@id\":\"https:\/\/fashiongold.lt\/et\/#\/schema\/logo\/image\/\",\"url\":\"https:\/\/fashiongold.lt\/wp-content\/uploads\/2025\/04\/cropped-fashion_gold_logotipas2-scaled-1.png\",\"contentUrl\":\"https:\/\/fashiongold.lt\/wp-content\/uploads\/2025\/04\/cropped-fashion_gold_logotipas2-scaled-1.png\",\"width\":2559,\"height\":421,\"caption\":\"Topdiamonds Online\"},\"image\":{\"@id\":\"https:\/\/fashiongold.lt\/et\/#\/schema\/logo\/image\/\"}}]}<\/script>\n<!-- \/ Yoast SEO plugin. -->","yoast_head_json":{"title":"Kihlas\u00f5rmus \u201eP\u00e4evalill\u201d - FashionGold.lt","robots":{"index":"index","follow":"follow","max-snippet":"max-snippet:-1","max-image-preview":"max-image-preview:large","max-video-preview":"max-video-preview:-1"},"canonical":"https:\/\/fashiongold.lt\/et\/papuosalas\/kihlasormus-paevalill\/","og_locale":"et_EE","og_type":"article","og_title":"Kihlas\u00f5rmus \u201eP\u00e4evalill\u201d - FashionGold.lt","og_description":"Valgest kullast s\u00f5rmus 0,30 ct teemandiga on kaunistatud madalalt asetseva krooniga, mille kuus haru s\u00fcmboliseerivad tugevust ja harmooniat. 'P\u00e4evalill' on eluj\u00f5u ja armastuse kasvu m\u00e4rk.","og_url":"https:\/\/fashiongold.lt\/et\/papuosalas\/kihlasormus-paevalill\/","og_site_name":"FashionGold.lt","og_image":[{"width":531,"height":480,"url":"https:\/\/fashiongold.lt\/wp-content\/uploads\/2025\/10\/1655-721-Suzadetuviu-ziedas-Saulegraza.webp","type":"image\/jpeg"}],"twitter_card":"summary_large_image","twitter_misc":{"Est. reading time":"1 minut"},"schema":{"@context":"https:\/\/schema.org","@graph":[{"@type":"WebPage","@id":"https:\/\/fashiongold.lt\/et\/papuosalas\/kihlasormus-paevalill\/","url":"https:\/\/fashiongold.lt\/et\/papuosalas\/kihlasormus-paevalill\/","name":"Kihlas\u00f5rmus \u201eP\u00e4evalill\u201d - FashionGold.lt","isPartOf":{"@id":"https:\/\/fashiongold.lt\/et\/#website"},"primaryImageOfPage":{"@id":"https:\/\/fashiongold.lt\/et\/papuosalas\/kihlasormus-paevalill\/#primaryimage"},"image":{"@id":"https:\/\/fashiongold.lt\/et\/papuosalas\/kihlasormus-paevalill\/#primaryimage"},"thumbnailUrl":"https:\/\/fashiongold.lt\/wp-content\/uploads\/2025\/10\/1655-721-Suzadetuviu-ziedas-Saulegraza.jpg","datePublished":"2025-10-09T17:56:09+00:00","breadcrumb":{"@id":"https:\/\/fashiongold.lt\/et\/papuosalas\/kihlasormus-paevalill\/#breadcrumb"},"inLanguage":"et","potentialAction":[{"@type":"ReadAction","target":["https:\/\/fashiongold.lt\/et\/papuosalas\/kihlasormus-paevalill\/"]}]},{"@type":"ImageObject","inLanguage":"et","@id":"https:\/\/fashiongold.lt\/et\/papuosalas\/kihlasormus-paevalill\/#primaryimage","url":"https:\/\/fashiongold.lt\/wp-content\/uploads\/2025\/10\/1655-721-Suzadetuviu-ziedas-Saulegraza.jpg","contentUrl":"https:\/\/fashiongold.lt\/wp-content\/uploads\/2025\/10\/1655-721-Suzadetuviu-ziedas-Saulegraza.jpg","width":531,"height":480},{"@type":"BreadcrumbList","@id":"https:\/\/fashiongold.lt\/et\/papuosalas\/kihlasormus-paevalill\/#breadcrumb","itemListElement":[{"@type":"ListItem","position":1,"name":"Home","item":"https:\/\/fashiongold.lt\/et\/"},{"@type":"ListItem","position":2,"name":"Teemantide pood Fashiongold.lt","item":"https:\/\/fashiongold.lt\/shop-2\/"},{"@type":"ListItem","position":3,"name":"Kihlas\u00f5rmus \u201eP\u00e4evalill\u201d"}]},{"@type":"WebSite","@id":"https:\/\/fashiongold.lt\/et\/#website","url":"https:\/\/fashiongold.lt\/et\/","name":"Fashion Gold","description":"Juvelyrikos namai","publisher":{"@id":"https:\/\/fashiongold.lt\/et\/#organization"},"potentialAction":[{"@type":"SearchAction","target":{"@type":"EntryPoint","urlTemplate":"https:\/\/fashiongold.lt\/et\/?s={search_term_string}"},"query-input":{"@type":"PropertyValueSpecification","valueRequired":true,"valueName":"search_term_string"}}],"inLanguage":"et"},{"@type":"Organization","@id":"https:\/\/fashiongold.lt\/et\/#organization","name":"Topdiamonds Online","url":"https:\/\/fashiongold.lt\/et\/","logo":{"@type":"ImageObject","inLanguage":"et","@id":"https:\/\/fashiongold.lt\/et\/#\/schema\/logo\/image\/","url":"https:\/\/fashiongold.lt\/wp-content\/uploads\/2025\/04\/cropped-fashion_gold_logotipas2-scaled-1.png","contentUrl":"https:\/\/fashiongold.lt\/wp-content\/uploads\/2025\/04\/cropped-fashion_gold_logotipas2-scaled-1.png","width":2559,"height":421,"caption":"Topdiamonds Online"},"image":{"@id":"https:\/\/fashiongold.lt\/et\/#\/schema\/logo\/image\/"}}]}},"_links":{"self":[{"href":"https:\/\/fashiongold.lt\/et\/wp-json\/wp\/v2\/product\/288522","targetHints":{"allow":["GET"]}}],"collection":[{"href":"https:\/\/fashiongold.lt\/et\/wp-json\/wp\/v2\/product"}],"about":[{"href":"https:\/\/fashiongold.lt\/et\/wp-json\/wp\/v2\/types\/product"}],"version-history":[{"count":0,"href":"https:\/\/fashiongold.lt\/et\/wp-json\/wp\/v2\/product\/288522\/revisions"}],"wp:featuredmedia":[{"embeddable":true,"href":"https:\/\/fashiongold.lt\/et\/wp-json\/wp\/v2\/media\/53232"}],"wp:attachment":[{"href":"https:\/\/fashiongold.lt\/et\/wp-json\/wp\/v2\/media?parent=288522"}],"wp:term":[{"taxonomy":"product_brand","embeddable":true,"href":"https:\/\/fashiongold.lt\/et\/wp-json\/wp\/v2\/product_brand?post=288522"},{"taxonomy":"product_cat","embeddable":true,"href":"https:\/\/fashiongold.lt\/et\/wp-json\/wp\/v2\/product_cat?post=288522"},{"taxonomy":"product_tag","embeddable":true,"href":"https:\/\/fashiongold.lt\/et\/wp-json\/wp\/v2\/product_tag?post=288522"}],"curies":[{"name":"wp","href":"https:\/\/api.w.org\/{rel}","templated":true}]}}