{"id":288562,"date":"2025-10-09T17:44:30","date_gmt":"2025-10-09T17:44:30","guid":{"rendered":"https:\/\/fashiongold.lt\/papuosalas\/valgest-kullast-teemantsormus-room\/"},"modified":"2025-10-09T17:44:30","modified_gmt":"2025-10-09T17:44:30","slug":"valgest-kullast-teemantsormus-room","status":"publish","type":"product","link":"https:\/\/fashiongold.lt\/et\/papuosalas\/valgest-kullast-teemantsormus-room\/","title":{"rendered":"Valgest kullast teemants\u00f5rmus \u201eR\u00f5\u00f5m\u201c"},"content":{"rendered":"<p>\u201eFashion Gold&#8221; juvelyrimeistrite loodud teemantriba on valgest kullast s\u00f5rmus, kuhu on istutatud teemandid. See s\u00f5rmus on suurep\u00e4rane kingitus pulmadeks, pulma-aastap\u00e4evadeks, p\u00fchadeks, s\u00fcnnip\u00e4evadeks ja muudeks s\u00fcndmusteks, kuna see sobib suurep\u00e4raselt kokku teiste s\u00f5rmustega, andes neile t\u00e4iendavat s\u00e4ra. <\/p>\n<p>S\u00f5rmuse proov<span> 585 (14 ct) <\/span><\/p>\n<p><span>V\u00e4rvus \u2013 valge kuld<\/span><\/p>\n<p><span>Kaal umbes 1,80\u20132 g, <\/span><\/p>\n<p><span>Briljantide kogukaal 0,09 ct (v\u00e4rvus H, puhtus SI). S\u00f5rmuse laius 1,5 mm <\/span><\/p>\n<p><span>S\u00f5rmusel on Leedu proovikoja sertifikaat, mis tagab kvaliteedi.<\/span><\/p>\n<p><span>HIND EI S\u00d5LTU SUURUSEST, M\u00c4RKIGE SOOVITUD SUURUS KOMMENTAARIDESSE<\/span><\/p>\n<p><span>Valmistamisaeg \u2013 14 t\u00f6\u00f6p\u00e4eva.<\/span><\/p>\n","protected":false},"excerpt":{"rendered":"<p>Klassikaline valgest kullast s\u00f5rmus ringikujuliselt asetatud teemantidega. Sobib ideaalselt kokku teiste s\u00f5rmustega.<\/p>\n","protected":false},"featured_media":52326,"template":"","meta":{"site-sidebar-layout":"","site-content-layout":"","ast-site-content-layout":"","site-content-style":"","site-sidebar-style":"","ast-global-header-display":"","ast-banner-title-visibility":"","ast-main-header-display":"","ast-hfb-above-header-display":"","ast-hfb-below-header-display":"","ast-hfb-mobile-header-display":"","site-post-title":"","ast-breadcrumbs-content":"","ast-featured-img":"","footer-sml-layout":"","ast-disable-related-posts":"","theme-transparent-header-meta":"","adv-header-id-meta":"","stick-header-meta":"","header-above-stick-meta":"","header-main-stick-meta":"","header-below-stick-meta":"","astra-migrate-meta-layouts":"default","ast-page-background-enabled":"default","ast-page-background-meta":{"desktop":{"background-color":"var(--ast-global-color-4)","background-image":"","background-repeat":"repeat","background-position":"center center","background-size":"auto","background-attachment":"scroll","background-type":"","background-media":"","overlay-type":"","overlay-color":"","overlay-opacity":"","overlay-gradient":""},"tablet":{"background-color":"","background-image":"","background-repeat":"repeat","background-position":"center center","background-size":"auto","background-attachment":"scroll","background-type":"","background-media":"","overlay-type":"","overlay-color":"","overlay-opacity":"","overlay-gradient":""},"mobile":{"background-color":"","background-image":"","background-repeat":"repeat","background-position":"center center","background-size":"auto","background-attachment":"scroll","background-type":"","background-media":"","overlay-type":"","overlay-color":"","overlay-opacity":"","overlay-gradient":""}},"ast-content-background-meta":{"desktop":{"background-color":"var(--ast-global-color-5)","background-image":"","background-repeat":"repeat","background-position":"center center","background-size":"auto","background-attachment":"scroll","background-type":"","background-media":"","overlay-type":"","overlay-color":"","overlay-opacity":"","overlay-gradient":""},"tablet":{"background-color":"var(--ast-global-color-5)","background-image":"","background-repeat":"repeat","background-position":"center center","background-size":"auto","background-attachment":"scroll","background-type":"","background-media":"","overlay-type":"","overlay-color":"","overlay-opacity":"","overlay-gradient":""},"mobile":{"background-color":"var(--ast-global-color-5)","background-image":"","background-repeat":"repeat","background-position":"center center","background-size":"auto","background-attachment":"scroll","background-type":"","background-media":"","overlay-type":"","overlay-color":"","overlay-opacity":"","overlay-gradient":""}}},"product_brand":[],"product_cat":[3574],"product_tag":[],"class_list":{"0":"post-288562","1":"product","2":"type-product","3":"status-publish","4":"has-post-thumbnail","6":"product_cat-soodusmuuk","7":"desktop-align-center","8":"tablet-align-left","9":"mobile-align-left","10":"ast-product-gallery-layout-horizontal-slider","11":"ast-product-gallery-with-no-image","12":"ast-product-single-variable","13":"ast-product-tabs-layout-accordion","14":"ast-qv-on-image","16":"first","17":"instock","18":"taxable","19":"shipping-taxable","20":"purchasable","21":"product-type-variable"},"yoast_head":"<!-- This site is optimized with the Yoast SEO plugin v26.6 - https:\/\/yoast.com\/wordpress\/plugins\/seo\/ -->\n<title>Valgest kullast teemants\u00f5rmus \u201eR\u00f5\u00f5m\u201c<\/title>\n<meta name=\"robots\" content=\"index, follow, max-snippet:-1, max-image-preview:large, max-video-preview:-1\" \/>\n<link rel=\"canonical\" href=\"https:\/\/fashiongold.lt\/et\/papuosalas\/valgest-kullast-teemantsormus-room\/\" \/>\n<meta property=\"og:locale\" content=\"et_EE\" \/>\n<meta property=\"og:type\" content=\"article\" \/>\n<meta property=\"og:title\" content=\"Valgest kullast teemants\u00f5rmus \u201eR\u00f5\u00f5m\u201c\" \/>\n<meta property=\"og:description\" content=\"Klassikaline valgest kullast s\u00f5rmus ringikujuliselt asetatud teemantidega. Sobib ideaalselt kokku teiste s\u00f5rmustega.\" \/>\n<meta property=\"og:url\" content=\"https:\/\/fashiongold.lt\/et\/papuosalas\/valgest-kullast-teemantsormus-room\/\" \/>\n<meta property=\"og:site_name\" content=\"FashionGold.lt\" \/>\n<meta property=\"og:image\" content=\"https:\/\/fashiongold.lt\/wp-content\/uploads\/2025\/10\/1621-e7e-Balto-aukso-deimantine-juostele-Dziaugsmas.webp\" \/>\n\t<meta property=\"og:image:width\" content=\"1125\" \/>\n\t<meta property=\"og:image:height\" content=\"1343\" \/>\n\t<meta property=\"og:image:type\" content=\"image\/jpeg\" \/>\n<meta name=\"twitter:card\" content=\"summary_large_image\" \/>\n<script type=\"application\/ld+json\" class=\"yoast-schema-graph\">{\"@context\":\"https:\/\/schema.org\",\"@graph\":[{\"@type\":\"WebPage\",\"@id\":\"https:\/\/fashiongold.lt\/et\/papuosalas\/valgest-kullast-teemantsormus-room\/\",\"url\":\"https:\/\/fashiongold.lt\/et\/papuosalas\/valgest-kullast-teemantsormus-room\/\",\"name\":\"Valgest kullast teemants\u00f5rmus \u201eR\u00f5\u00f5m\u201c\",\"isPartOf\":{\"@id\":\"https:\/\/fashiongold.lt\/et\/#website\"},\"primaryImageOfPage\":{\"@id\":\"https:\/\/fashiongold.lt\/et\/papuosalas\/valgest-kullast-teemantsormus-room\/#primaryimage\"},\"image\":{\"@id\":\"https:\/\/fashiongold.lt\/et\/papuosalas\/valgest-kullast-teemantsormus-room\/#primaryimage\"},\"thumbnailUrl\":\"https:\/\/fashiongold.lt\/wp-content\/uploads\/2025\/10\/1621-e7e-Balto-aukso-deimantine-juostele-Dziaugsmas.jpg\",\"datePublished\":\"2025-10-09T17:44:30+00:00\",\"breadcrumb\":{\"@id\":\"https:\/\/fashiongold.lt\/et\/papuosalas\/valgest-kullast-teemantsormus-room\/#breadcrumb\"},\"inLanguage\":\"et\",\"potentialAction\":[{\"@type\":\"ReadAction\",\"target\":[\"https:\/\/fashiongold.lt\/et\/papuosalas\/valgest-kullast-teemantsormus-room\/\"]}]},{\"@type\":\"ImageObject\",\"inLanguage\":\"et\",\"@id\":\"https:\/\/fashiongold.lt\/et\/papuosalas\/valgest-kullast-teemantsormus-room\/#primaryimage\",\"url\":\"https:\/\/fashiongold.lt\/wp-content\/uploads\/2025\/10\/1621-e7e-Balto-aukso-deimantine-juostele-Dziaugsmas.jpg\",\"contentUrl\":\"https:\/\/fashiongold.lt\/wp-content\/uploads\/2025\/10\/1621-e7e-Balto-aukso-deimantine-juostele-Dziaugsmas.jpg\",\"width\":1125,\"height\":1343},{\"@type\":\"BreadcrumbList\",\"@id\":\"https:\/\/fashiongold.lt\/et\/papuosalas\/valgest-kullast-teemantsormus-room\/#breadcrumb\",\"itemListElement\":[{\"@type\":\"ListItem\",\"position\":1,\"name\":\"Home\",\"item\":\"https:\/\/fashiongold.lt\/et\/\"},{\"@type\":\"ListItem\",\"position\":2,\"name\":\"Teemantide pood Fashiongold.lt\",\"item\":\"https:\/\/fashiongold.lt\/shop-2\/\"},{\"@type\":\"ListItem\",\"position\":3,\"name\":\"Valgest kullast teemants\u00f5rmus \u201eR\u00f5\u00f5m\u201c\"}]},{\"@type\":\"WebSite\",\"@id\":\"https:\/\/fashiongold.lt\/et\/#website\",\"url\":\"https:\/\/fashiongold.lt\/et\/\",\"name\":\"Fashion Gold\",\"description\":\"Juvelyrikos namai\",\"publisher\":{\"@id\":\"https:\/\/fashiongold.lt\/et\/#organization\"},\"potentialAction\":[{\"@type\":\"SearchAction\",\"target\":{\"@type\":\"EntryPoint\",\"urlTemplate\":\"https:\/\/fashiongold.lt\/et\/?s={search_term_string}\"},\"query-input\":{\"@type\":\"PropertyValueSpecification\",\"valueRequired\":true,\"valueName\":\"search_term_string\"}}],\"inLanguage\":\"et\"},{\"@type\":\"Organization\",\"@id\":\"https:\/\/fashiongold.lt\/et\/#organization\",\"name\":\"Topdiamonds Online\",\"url\":\"https:\/\/fashiongold.lt\/et\/\",\"logo\":{\"@type\":\"ImageObject\",\"inLanguage\":\"et\",\"@id\":\"https:\/\/fashiongold.lt\/et\/#\/schema\/logo\/image\/\",\"url\":\"https:\/\/fashiongold.lt\/wp-content\/uploads\/2025\/04\/cropped-fashion_gold_logotipas2-scaled-1.png\",\"contentUrl\":\"https:\/\/fashiongold.lt\/wp-content\/uploads\/2025\/04\/cropped-fashion_gold_logotipas2-scaled-1.png\",\"width\":2559,\"height\":421,\"caption\":\"Topdiamonds Online\"},\"image\":{\"@id\":\"https:\/\/fashiongold.lt\/et\/#\/schema\/logo\/image\/\"}}]}<\/script>\n<!-- \/ Yoast SEO plugin. -->","yoast_head_json":{"title":"Valgest kullast teemants\u00f5rmus \u201eR\u00f5\u00f5m\u201c","robots":{"index":"index","follow":"follow","max-snippet":"max-snippet:-1","max-image-preview":"max-image-preview:large","max-video-preview":"max-video-preview:-1"},"canonical":"https:\/\/fashiongold.lt\/et\/papuosalas\/valgest-kullast-teemantsormus-room\/","og_locale":"et_EE","og_type":"article","og_title":"Valgest kullast teemants\u00f5rmus \u201eR\u00f5\u00f5m\u201c","og_description":"Klassikaline valgest kullast s\u00f5rmus ringikujuliselt asetatud teemantidega. Sobib ideaalselt kokku teiste s\u00f5rmustega.","og_url":"https:\/\/fashiongold.lt\/et\/papuosalas\/valgest-kullast-teemantsormus-room\/","og_site_name":"FashionGold.lt","og_image":[{"width":1125,"height":1343,"url":"https:\/\/fashiongold.lt\/wp-content\/uploads\/2025\/10\/1621-e7e-Balto-aukso-deimantine-juostele-Dziaugsmas.webp","type":"image\/jpeg"}],"twitter_card":"summary_large_image","schema":{"@context":"https:\/\/schema.org","@graph":[{"@type":"WebPage","@id":"https:\/\/fashiongold.lt\/et\/papuosalas\/valgest-kullast-teemantsormus-room\/","url":"https:\/\/fashiongold.lt\/et\/papuosalas\/valgest-kullast-teemantsormus-room\/","name":"Valgest kullast teemants\u00f5rmus \u201eR\u00f5\u00f5m\u201c","isPartOf":{"@id":"https:\/\/fashiongold.lt\/et\/#website"},"primaryImageOfPage":{"@id":"https:\/\/fashiongold.lt\/et\/papuosalas\/valgest-kullast-teemantsormus-room\/#primaryimage"},"image":{"@id":"https:\/\/fashiongold.lt\/et\/papuosalas\/valgest-kullast-teemantsormus-room\/#primaryimage"},"thumbnailUrl":"https:\/\/fashiongold.lt\/wp-content\/uploads\/2025\/10\/1621-e7e-Balto-aukso-deimantine-juostele-Dziaugsmas.jpg","datePublished":"2025-10-09T17:44:30+00:00","breadcrumb":{"@id":"https:\/\/fashiongold.lt\/et\/papuosalas\/valgest-kullast-teemantsormus-room\/#breadcrumb"},"inLanguage":"et","potentialAction":[{"@type":"ReadAction","target":["https:\/\/fashiongold.lt\/et\/papuosalas\/valgest-kullast-teemantsormus-room\/"]}]},{"@type":"ImageObject","inLanguage":"et","@id":"https:\/\/fashiongold.lt\/et\/papuosalas\/valgest-kullast-teemantsormus-room\/#primaryimage","url":"https:\/\/fashiongold.lt\/wp-content\/uploads\/2025\/10\/1621-e7e-Balto-aukso-deimantine-juostele-Dziaugsmas.jpg","contentUrl":"https:\/\/fashiongold.lt\/wp-content\/uploads\/2025\/10\/1621-e7e-Balto-aukso-deimantine-juostele-Dziaugsmas.jpg","width":1125,"height":1343},{"@type":"BreadcrumbList","@id":"https:\/\/fashiongold.lt\/et\/papuosalas\/valgest-kullast-teemantsormus-room\/#breadcrumb","itemListElement":[{"@type":"ListItem","position":1,"name":"Home","item":"https:\/\/fashiongold.lt\/et\/"},{"@type":"ListItem","position":2,"name":"Teemantide pood Fashiongold.lt","item":"https:\/\/fashiongold.lt\/shop-2\/"},{"@type":"ListItem","position":3,"name":"Valgest kullast teemants\u00f5rmus \u201eR\u00f5\u00f5m\u201c"}]},{"@type":"WebSite","@id":"https:\/\/fashiongold.lt\/et\/#website","url":"https:\/\/fashiongold.lt\/et\/","name":"Fashion Gold","description":"Juvelyrikos namai","publisher":{"@id":"https:\/\/fashiongold.lt\/et\/#organization"},"potentialAction":[{"@type":"SearchAction","target":{"@type":"EntryPoint","urlTemplate":"https:\/\/fashiongold.lt\/et\/?s={search_term_string}"},"query-input":{"@type":"PropertyValueSpecification","valueRequired":true,"valueName":"search_term_string"}}],"inLanguage":"et"},{"@type":"Organization","@id":"https:\/\/fashiongold.lt\/et\/#organization","name":"Topdiamonds Online","url":"https:\/\/fashiongold.lt\/et\/","logo":{"@type":"ImageObject","inLanguage":"et","@id":"https:\/\/fashiongold.lt\/et\/#\/schema\/logo\/image\/","url":"https:\/\/fashiongold.lt\/wp-content\/uploads\/2025\/04\/cropped-fashion_gold_logotipas2-scaled-1.png","contentUrl":"https:\/\/fashiongold.lt\/wp-content\/uploads\/2025\/04\/cropped-fashion_gold_logotipas2-scaled-1.png","width":2559,"height":421,"caption":"Topdiamonds Online"},"image":{"@id":"https:\/\/fashiongold.lt\/et\/#\/schema\/logo\/image\/"}}]}},"_links":{"self":[{"href":"https:\/\/fashiongold.lt\/et\/wp-json\/wp\/v2\/product\/288562","targetHints":{"allow":["GET"]}}],"collection":[{"href":"https:\/\/fashiongold.lt\/et\/wp-json\/wp\/v2\/product"}],"about":[{"href":"https:\/\/fashiongold.lt\/et\/wp-json\/wp\/v2\/types\/product"}],"version-history":[{"count":0,"href":"https:\/\/fashiongold.lt\/et\/wp-json\/wp\/v2\/product\/288562\/revisions"}],"wp:featuredmedia":[{"embeddable":true,"href":"https:\/\/fashiongold.lt\/et\/wp-json\/wp\/v2\/media\/52326"}],"wp:attachment":[{"href":"https:\/\/fashiongold.lt\/et\/wp-json\/wp\/v2\/media?parent=288562"}],"wp:term":[{"taxonomy":"product_brand","embeddable":true,"href":"https:\/\/fashiongold.lt\/et\/wp-json\/wp\/v2\/product_brand?post=288562"},{"taxonomy":"product_cat","embeddable":true,"href":"https:\/\/fashiongold.lt\/et\/wp-json\/wp\/v2\/product_cat?post=288562"},{"taxonomy":"product_tag","embeddable":true,"href":"https:\/\/fashiongold.lt\/et\/wp-json\/wp\/v2\/product_tag?post=288562"}],"curies":[{"name":"wp","href":"https:\/\/api.w.org\/{rel}","templated":true}]}}