{"id":288592,"date":"2025-10-09T17:42:57","date_gmt":"2025-10-09T17:42:57","guid":{"rendered":"https:\/\/fashiongold.lt\/papuosalas\/kullatud-ripats-jalajaljed-kollektsioonist-baby-fashion-gold\/"},"modified":"2025-10-09T17:42:57","modified_gmt":"2025-10-09T17:42:57","slug":"kullatud-ripats-jalajaljed-kollektsioonist-baby-fashion-gold","status":"publish","type":"product","link":"https:\/\/fashiongold.lt\/et\/papuosalas\/kullatud-ripats-jalajaljed-kollektsioonist-baby-fashion-gold\/","title":{"rendered":"Kullatud ripats \u201eJalaj\u00e4ljed\u201c kollektsioonist \u201eBaby Fashion Gold\u201c"},"content":{"rendered":"<p>Kollektsiooni h\u00fc\u00fcdlause on \u201eS\u00fcmbolid igaks puhuks\u201c, mist\u00f5ttu ei ole vaja pikalt m\u00f5elda, vaid lihtsalt valida ehe ja sobiv kaart, kuhu saate kirjutada oma soovi.\u00a0<\/p>\n<p>H\u00f5beehete kollektsioon paistab silma oma k\u00f5rge kvaliteedi, kerguse ja elegantsi poolest. See v\u00f5ib olla meeldej\u00e4\u00e4v kingitus igaks puhuks, sest ehetel on erineva pikkusega ketid ning v\u00e4ikesed ripatsid sobivad suurep\u00e4raselt lastele ja n\u00e4evad v\u00e4ga efektsed v\u00e4lja. See on eriti kaunis ja armas ehe.<\/p>\n<p>Ehe on kontrollitud ja m\u00e4rgistatud Leedu proovikojas.<\/p>\n<p>Kullatud ripats \u201eJ\u00e4ljed\u201c ja kett on valmistatud 925 prooviga h\u00f5bedast. Keti pikkus on reguleeritav vahemikus 43 kuni 47 cm. Kaal &#8211; 2,44 g.<\/p><\/p>\n","protected":false},"excerpt":{"rendered":"<p>\u201eBaby Fashion Gold&#8221; kollektsioon \u2013 ehted erilisteks puhkudeks: esimeseks armulauaks, ristimiseks, s\u00fcnnip\u00e4evaks, \u201ebaby shower&#8221; peoks v\u00f5i lihtsalt armastusavalduseks. Hinnad alates 23 Eur.<\/p>\n","protected":false},"featured_media":51761,"template":"","meta":{"site-sidebar-layout":"","site-content-layout":"","ast-site-content-layout":"","site-content-style":"","site-sidebar-style":"","ast-global-header-display":"","ast-banner-title-visibility":"","ast-main-header-display":"","ast-hfb-above-header-display":"","ast-hfb-below-header-display":"","ast-hfb-mobile-header-display":"","site-post-title":"","ast-breadcrumbs-content":"","ast-featured-img":"","footer-sml-layout":"","ast-disable-related-posts":"","theme-transparent-header-meta":"","adv-header-id-meta":"","stick-header-meta":"","header-above-stick-meta":"","header-main-stick-meta":"","header-below-stick-meta":"","astra-migrate-meta-layouts":"default","ast-page-background-enabled":"default","ast-page-background-meta":{"desktop":{"background-color":"var(--ast-global-color-4)","background-image":"","background-repeat":"repeat","background-position":"center center","background-size":"auto","background-attachment":"scroll","background-type":"","background-media":"","overlay-type":"","overlay-color":"","overlay-opacity":"","overlay-gradient":""},"tablet":{"background-color":"","background-image":"","background-repeat":"repeat","background-position":"center center","background-size":"auto","background-attachment":"scroll","background-type":"","background-media":"","overlay-type":"","overlay-color":"","overlay-opacity":"","overlay-gradient":""},"mobile":{"background-color":"","background-image":"","background-repeat":"repeat","background-position":"center center","background-size":"auto","background-attachment":"scroll","background-type":"","background-media":"","overlay-type":"","overlay-color":"","overlay-opacity":"","overlay-gradient":""}},"ast-content-background-meta":{"desktop":{"background-color":"var(--ast-global-color-5)","background-image":"","background-repeat":"repeat","background-position":"center center","background-size":"auto","background-attachment":"scroll","background-type":"","background-media":"","overlay-type":"","overlay-color":"","overlay-opacity":"","overlay-gradient":""},"tablet":{"background-color":"var(--ast-global-color-5)","background-image":"","background-repeat":"repeat","background-position":"center center","background-size":"auto","background-attachment":"scroll","background-type":"","background-media":"","overlay-type":"","overlay-color":"","overlay-opacity":"","overlay-gradient":""},"mobile":{"background-color":"var(--ast-global-color-5)","background-image":"","background-repeat":"repeat","background-position":"center center","background-size":"auto","background-attachment":"scroll","background-type":"","background-media":"","overlay-type":"","overlay-color":"","overlay-opacity":"","overlay-gradient":""}}},"product_brand":[],"product_cat":[3058,2829,2823,3391],"product_tag":[],"class_list":{"0":"post-288592","1":"product","2":"type-product","3":"status-publish","4":"has-post-thumbnail","6":"product_cat-ehted","7":"product_cat-kingitused-erilisteks-puhkudeks","8":"product_cat-kingitused-lapse-sunni-puhul","9":"product_cat-ristimiskingitused","10":"desktop-align-center","11":"tablet-align-left","12":"mobile-align-left","13":"ast-product-gallery-layout-horizontal-slider","14":"ast-product-gallery-with-no-image","15":"ast-product-tabs-layout-accordion","16":"ast-qv-on-image","18":"first","19":"instock","20":"taxable","21":"shipping-taxable","22":"purchasable","23":"product-type-simple"},"yoast_head":"<!-- This site is optimized with the Yoast SEO plugin v26.6 - https:\/\/yoast.com\/wordpress\/plugins\/seo\/ -->\n<title>Kullatud ripats \u201eJalaj\u00e4ljed\u201c kollektsioonist \u201eBaby Fashion Gold\u201c<\/title>\n<meta name=\"robots\" content=\"index, follow, max-snippet:-1, max-image-preview:large, max-video-preview:-1\" \/>\n<link rel=\"canonical\" href=\"https:\/\/fashiongold.lt\/et\/papuosalas\/kullatud-ripats-jalajaljed-kollektsioonist-baby-fashion-gold\/\" \/>\n<meta property=\"og:locale\" content=\"et_EE\" \/>\n<meta property=\"og:type\" content=\"article\" \/>\n<meta property=\"og:title\" content=\"Kullatud ripats \u201eJalaj\u00e4ljed\u201c kollektsioonist \u201eBaby Fashion Gold\u201c\" \/>\n<meta property=\"og:description\" content=\"\u201eBaby Fashion Gold&quot; kollektsioon \u2013 ehted erilisteks puhkudeks: esimeseks armulauaks, ristimiseks, s\u00fcnnip\u00e4evaks, \u201ebaby shower&quot; peoks v\u00f5i lihtsalt armastusavalduseks. Hinnad alates 23 Eur.\" \/>\n<meta property=\"og:url\" content=\"https:\/\/fashiongold.lt\/et\/papuosalas\/kullatud-ripats-jalajaljed-kollektsioonist-baby-fashion-gold\/\" \/>\n<meta property=\"og:site_name\" content=\"FashionGold.lt\" \/>\n<meta property=\"og:image\" content=\"https:\/\/fashiongold.lt\/wp-content\/uploads\/2025\/10\/1541-930-Paauksuotas-pakabukas-Pedutes-is-kolekcijos-Baby-Fashion-Gold.webp\" \/>\n\t<meta property=\"og:image:width\" content=\"2283\" \/>\n\t<meta property=\"og:image:height\" content=\"2113\" \/>\n\t<meta property=\"og:image:type\" content=\"image\/jpeg\" \/>\n<meta name=\"twitter:card\" content=\"summary_large_image\" \/>\n<meta name=\"twitter:label1\" content=\"Est. reading time\" \/>\n\t<meta name=\"twitter:data1\" content=\"1 minut\" \/>\n<script type=\"application\/ld+json\" class=\"yoast-schema-graph\">{\"@context\":\"https:\/\/schema.org\",\"@graph\":[{\"@type\":\"WebPage\",\"@id\":\"https:\/\/fashiongold.lt\/et\/papuosalas\/kullatud-ripats-jalajaljed-kollektsioonist-baby-fashion-gold\/\",\"url\":\"https:\/\/fashiongold.lt\/et\/papuosalas\/kullatud-ripats-jalajaljed-kollektsioonist-baby-fashion-gold\/\",\"name\":\"Kullatud ripats \u201eJalaj\u00e4ljed\u201c kollektsioonist \u201eBaby Fashion Gold\u201c\",\"isPartOf\":{\"@id\":\"https:\/\/fashiongold.lt\/et\/#website\"},\"primaryImageOfPage\":{\"@id\":\"https:\/\/fashiongold.lt\/et\/papuosalas\/kullatud-ripats-jalajaljed-kollektsioonist-baby-fashion-gold\/#primaryimage\"},\"image\":{\"@id\":\"https:\/\/fashiongold.lt\/et\/papuosalas\/kullatud-ripats-jalajaljed-kollektsioonist-baby-fashion-gold\/#primaryimage\"},\"thumbnailUrl\":\"https:\/\/fashiongold.lt\/wp-content\/uploads\/2025\/10\/1541-930-Paauksuotas-pakabukas-Pedutes-is-kolekcijos-Baby-Fashion-Gold.jpg\",\"datePublished\":\"2025-10-09T17:42:57+00:00\",\"breadcrumb\":{\"@id\":\"https:\/\/fashiongold.lt\/et\/papuosalas\/kullatud-ripats-jalajaljed-kollektsioonist-baby-fashion-gold\/#breadcrumb\"},\"inLanguage\":\"et\",\"potentialAction\":[{\"@type\":\"ReadAction\",\"target\":[\"https:\/\/fashiongold.lt\/et\/papuosalas\/kullatud-ripats-jalajaljed-kollektsioonist-baby-fashion-gold\/\"]}]},{\"@type\":\"ImageObject\",\"inLanguage\":\"et\",\"@id\":\"https:\/\/fashiongold.lt\/et\/papuosalas\/kullatud-ripats-jalajaljed-kollektsioonist-baby-fashion-gold\/#primaryimage\",\"url\":\"https:\/\/fashiongold.lt\/wp-content\/uploads\/2025\/10\/1541-930-Paauksuotas-pakabukas-Pedutes-is-kolekcijos-Baby-Fashion-Gold.jpg\",\"contentUrl\":\"https:\/\/fashiongold.lt\/wp-content\/uploads\/2025\/10\/1541-930-Paauksuotas-pakabukas-Pedutes-is-kolekcijos-Baby-Fashion-Gold.jpg\",\"width\":2283,\"height\":2113},{\"@type\":\"BreadcrumbList\",\"@id\":\"https:\/\/fashiongold.lt\/et\/papuosalas\/kullatud-ripats-jalajaljed-kollektsioonist-baby-fashion-gold\/#breadcrumb\",\"itemListElement\":[{\"@type\":\"ListItem\",\"position\":1,\"name\":\"Home\",\"item\":\"https:\/\/fashiongold.lt\/et\/\"},{\"@type\":\"ListItem\",\"position\":2,\"name\":\"Teemantide pood Fashiongold.lt\",\"item\":\"https:\/\/fashiongold.lt\/shop-2\/\"},{\"@type\":\"ListItem\",\"position\":3,\"name\":\"Kullatud ripats \u201eJalaj\u00e4ljed\u201c kollektsioonist \u201eBaby Fashion Gold\u201c\"}]},{\"@type\":\"WebSite\",\"@id\":\"https:\/\/fashiongold.lt\/et\/#website\",\"url\":\"https:\/\/fashiongold.lt\/et\/\",\"name\":\"Fashion Gold\",\"description\":\"Juvelyrikos namai\",\"publisher\":{\"@id\":\"https:\/\/fashiongold.lt\/et\/#organization\"},\"potentialAction\":[{\"@type\":\"SearchAction\",\"target\":{\"@type\":\"EntryPoint\",\"urlTemplate\":\"https:\/\/fashiongold.lt\/et\/?s={search_term_string}\"},\"query-input\":{\"@type\":\"PropertyValueSpecification\",\"valueRequired\":true,\"valueName\":\"search_term_string\"}}],\"inLanguage\":\"et\"},{\"@type\":\"Organization\",\"@id\":\"https:\/\/fashiongold.lt\/et\/#organization\",\"name\":\"Topdiamonds Online\",\"url\":\"https:\/\/fashiongold.lt\/et\/\",\"logo\":{\"@type\":\"ImageObject\",\"inLanguage\":\"et\",\"@id\":\"https:\/\/fashiongold.lt\/et\/#\/schema\/logo\/image\/\",\"url\":\"https:\/\/fashiongold.lt\/wp-content\/uploads\/2025\/04\/cropped-fashion_gold_logotipas2-scaled-1.png\",\"contentUrl\":\"https:\/\/fashiongold.lt\/wp-content\/uploads\/2025\/04\/cropped-fashion_gold_logotipas2-scaled-1.png\",\"width\":2559,\"height\":421,\"caption\":\"Topdiamonds Online\"},\"image\":{\"@id\":\"https:\/\/fashiongold.lt\/et\/#\/schema\/logo\/image\/\"}}]}<\/script>\n<!-- \/ Yoast SEO plugin. -->","yoast_head_json":{"title":"Kullatud ripats \u201eJalaj\u00e4ljed\u201c kollektsioonist \u201eBaby Fashion Gold\u201c","robots":{"index":"index","follow":"follow","max-snippet":"max-snippet:-1","max-image-preview":"max-image-preview:large","max-video-preview":"max-video-preview:-1"},"canonical":"https:\/\/fashiongold.lt\/et\/papuosalas\/kullatud-ripats-jalajaljed-kollektsioonist-baby-fashion-gold\/","og_locale":"et_EE","og_type":"article","og_title":"Kullatud ripats \u201eJalaj\u00e4ljed\u201c kollektsioonist \u201eBaby Fashion Gold\u201c","og_description":"\u201eBaby Fashion Gold\" kollektsioon \u2013 ehted erilisteks puhkudeks: esimeseks armulauaks, ristimiseks, s\u00fcnnip\u00e4evaks, \u201ebaby shower\" peoks v\u00f5i lihtsalt armastusavalduseks. Hinnad alates 23 Eur.","og_url":"https:\/\/fashiongold.lt\/et\/papuosalas\/kullatud-ripats-jalajaljed-kollektsioonist-baby-fashion-gold\/","og_site_name":"FashionGold.lt","og_image":[{"width":2283,"height":2113,"url":"https:\/\/fashiongold.lt\/wp-content\/uploads\/2025\/10\/1541-930-Paauksuotas-pakabukas-Pedutes-is-kolekcijos-Baby-Fashion-Gold.webp","type":"image\/jpeg"}],"twitter_card":"summary_large_image","twitter_misc":{"Est. reading time":"1 minut"},"schema":{"@context":"https:\/\/schema.org","@graph":[{"@type":"WebPage","@id":"https:\/\/fashiongold.lt\/et\/papuosalas\/kullatud-ripats-jalajaljed-kollektsioonist-baby-fashion-gold\/","url":"https:\/\/fashiongold.lt\/et\/papuosalas\/kullatud-ripats-jalajaljed-kollektsioonist-baby-fashion-gold\/","name":"Kullatud ripats \u201eJalaj\u00e4ljed\u201c kollektsioonist \u201eBaby Fashion Gold\u201c","isPartOf":{"@id":"https:\/\/fashiongold.lt\/et\/#website"},"primaryImageOfPage":{"@id":"https:\/\/fashiongold.lt\/et\/papuosalas\/kullatud-ripats-jalajaljed-kollektsioonist-baby-fashion-gold\/#primaryimage"},"image":{"@id":"https:\/\/fashiongold.lt\/et\/papuosalas\/kullatud-ripats-jalajaljed-kollektsioonist-baby-fashion-gold\/#primaryimage"},"thumbnailUrl":"https:\/\/fashiongold.lt\/wp-content\/uploads\/2025\/10\/1541-930-Paauksuotas-pakabukas-Pedutes-is-kolekcijos-Baby-Fashion-Gold.jpg","datePublished":"2025-10-09T17:42:57+00:00","breadcrumb":{"@id":"https:\/\/fashiongold.lt\/et\/papuosalas\/kullatud-ripats-jalajaljed-kollektsioonist-baby-fashion-gold\/#breadcrumb"},"inLanguage":"et","potentialAction":[{"@type":"ReadAction","target":["https:\/\/fashiongold.lt\/et\/papuosalas\/kullatud-ripats-jalajaljed-kollektsioonist-baby-fashion-gold\/"]}]},{"@type":"ImageObject","inLanguage":"et","@id":"https:\/\/fashiongold.lt\/et\/papuosalas\/kullatud-ripats-jalajaljed-kollektsioonist-baby-fashion-gold\/#primaryimage","url":"https:\/\/fashiongold.lt\/wp-content\/uploads\/2025\/10\/1541-930-Paauksuotas-pakabukas-Pedutes-is-kolekcijos-Baby-Fashion-Gold.jpg","contentUrl":"https:\/\/fashiongold.lt\/wp-content\/uploads\/2025\/10\/1541-930-Paauksuotas-pakabukas-Pedutes-is-kolekcijos-Baby-Fashion-Gold.jpg","width":2283,"height":2113},{"@type":"BreadcrumbList","@id":"https:\/\/fashiongold.lt\/et\/papuosalas\/kullatud-ripats-jalajaljed-kollektsioonist-baby-fashion-gold\/#breadcrumb","itemListElement":[{"@type":"ListItem","position":1,"name":"Home","item":"https:\/\/fashiongold.lt\/et\/"},{"@type":"ListItem","position":2,"name":"Teemantide pood Fashiongold.lt","item":"https:\/\/fashiongold.lt\/shop-2\/"},{"@type":"ListItem","position":3,"name":"Kullatud ripats \u201eJalaj\u00e4ljed\u201c kollektsioonist \u201eBaby Fashion Gold\u201c"}]},{"@type":"WebSite","@id":"https:\/\/fashiongold.lt\/et\/#website","url":"https:\/\/fashiongold.lt\/et\/","name":"Fashion Gold","description":"Juvelyrikos namai","publisher":{"@id":"https:\/\/fashiongold.lt\/et\/#organization"},"potentialAction":[{"@type":"SearchAction","target":{"@type":"EntryPoint","urlTemplate":"https:\/\/fashiongold.lt\/et\/?s={search_term_string}"},"query-input":{"@type":"PropertyValueSpecification","valueRequired":true,"valueName":"search_term_string"}}],"inLanguage":"et"},{"@type":"Organization","@id":"https:\/\/fashiongold.lt\/et\/#organization","name":"Topdiamonds Online","url":"https:\/\/fashiongold.lt\/et\/","logo":{"@type":"ImageObject","inLanguage":"et","@id":"https:\/\/fashiongold.lt\/et\/#\/schema\/logo\/image\/","url":"https:\/\/fashiongold.lt\/wp-content\/uploads\/2025\/04\/cropped-fashion_gold_logotipas2-scaled-1.png","contentUrl":"https:\/\/fashiongold.lt\/wp-content\/uploads\/2025\/04\/cropped-fashion_gold_logotipas2-scaled-1.png","width":2559,"height":421,"caption":"Topdiamonds Online"},"image":{"@id":"https:\/\/fashiongold.lt\/et\/#\/schema\/logo\/image\/"}}]}},"_links":{"self":[{"href":"https:\/\/fashiongold.lt\/et\/wp-json\/wp\/v2\/product\/288592","targetHints":{"allow":["GET"]}}],"collection":[{"href":"https:\/\/fashiongold.lt\/et\/wp-json\/wp\/v2\/product"}],"about":[{"href":"https:\/\/fashiongold.lt\/et\/wp-json\/wp\/v2\/types\/product"}],"version-history":[{"count":0,"href":"https:\/\/fashiongold.lt\/et\/wp-json\/wp\/v2\/product\/288592\/revisions"}],"wp:featuredmedia":[{"embeddable":true,"href":"https:\/\/fashiongold.lt\/et\/wp-json\/wp\/v2\/media\/51761"}],"wp:attachment":[{"href":"https:\/\/fashiongold.lt\/et\/wp-json\/wp\/v2\/media?parent=288592"}],"wp:term":[{"taxonomy":"product_brand","embeddable":true,"href":"https:\/\/fashiongold.lt\/et\/wp-json\/wp\/v2\/product_brand?post=288592"},{"taxonomy":"product_cat","embeddable":true,"href":"https:\/\/fashiongold.lt\/et\/wp-json\/wp\/v2\/product_cat?post=288592"},{"taxonomy":"product_tag","embeddable":true,"href":"https:\/\/fashiongold.lt\/et\/wp-json\/wp\/v2\/product_tag?post=288592"}],"curies":[{"name":"wp","href":"https:\/\/api.w.org\/{rel}","templated":true}]}}