{"id":288612,"date":"2025-10-09T17:39:28","date_gmt":"2025-10-09T17:39:28","guid":{"rendered":"https:\/\/fashiongold.lt\/papuosalas\/kuldne-sormus-safiiriga-piisake\/"},"modified":"2025-10-09T17:39:28","modified_gmt":"2025-10-09T17:39:28","slug":"kuldne-sormus-safiiriga-piisake","status":"publish","type":"product","link":"https:\/\/fashiongold.lt\/et\/papuosalas\/kuldne-sormus-safiiriga-piisake\/","title":{"rendered":"Kuldne s\u00f5rmus safiiriga \u201ePiisake\u201d"},"content":{"rendered":"<p><span>Kaal umbes 2,30 g, <\/span><\/p>\n<p><span>Safiir \u201ePrincess Cut\u201c (ruudukujuline) 1 tk \u2013 0,20 ct<\/span><\/p>\n<p>Meil on salongis kaks n\u00e4idiss\u00f5rmust, saame suurust muuta, tulge vaatama Pam\u0117nkalnio tn 5, Vilnius.<\/p>\n<p>Sobiva suuruse korral on tarneaeg 3 t\u00f6\u00f6p\u00e4eva, lisainfo\u00a0info@fasiongold.lt<\/p>\n","protected":false},"excerpt":{"rendered":"<p>Klassikalise disainiga kuldne s\u00f5rmus ehtsa safiiriga.<\/p>\n","protected":false},"featured_media":51198,"template":"","meta":{"site-sidebar-layout":"","site-content-layout":"","ast-site-content-layout":"","site-content-style":"","site-sidebar-style":"","ast-global-header-display":"","ast-banner-title-visibility":"","ast-main-header-display":"","ast-hfb-above-header-display":"","ast-hfb-below-header-display":"","ast-hfb-mobile-header-display":"","site-post-title":"","ast-breadcrumbs-content":"","ast-featured-img":"","footer-sml-layout":"","ast-disable-related-posts":"","theme-transparent-header-meta":"","adv-header-id-meta":"","stick-header-meta":"","header-above-stick-meta":"","header-main-stick-meta":"","header-below-stick-meta":"","astra-migrate-meta-layouts":"default","ast-page-background-enabled":"default","ast-page-background-meta":{"desktop":{"background-color":"var(--ast-global-color-4)","background-image":"","background-repeat":"repeat","background-position":"center center","background-size":"auto","background-attachment":"scroll","background-type":"","background-media":"","overlay-type":"","overlay-color":"","overlay-opacity":"","overlay-gradient":""},"tablet":{"background-color":"","background-image":"","background-repeat":"repeat","background-position":"center center","background-size":"auto","background-attachment":"scroll","background-type":"","background-media":"","overlay-type":"","overlay-color":"","overlay-opacity":"","overlay-gradient":""},"mobile":{"background-color":"","background-image":"","background-repeat":"repeat","background-position":"center center","background-size":"auto","background-attachment":"scroll","background-type":"","background-media":"","overlay-type":"","overlay-color":"","overlay-opacity":"","overlay-gradient":""}},"ast-content-background-meta":{"desktop":{"background-color":"var(--ast-global-color-5)","background-image":"","background-repeat":"repeat","background-position":"center center","background-size":"auto","background-attachment":"scroll","background-type":"","background-media":"","overlay-type":"","overlay-color":"","overlay-opacity":"","overlay-gradient":""},"tablet":{"background-color":"var(--ast-global-color-5)","background-image":"","background-repeat":"repeat","background-position":"center center","background-size":"auto","background-attachment":"scroll","background-type":"","background-media":"","overlay-type":"","overlay-color":"","overlay-opacity":"","overlay-gradient":""},"mobile":{"background-color":"var(--ast-global-color-5)","background-image":"","background-repeat":"repeat","background-position":"center center","background-size":"auto","background-attachment":"scroll","background-type":"","background-media":"","overlay-type":"","overlay-color":"","overlay-opacity":"","overlay-gradient":""}}},"product_brand":[],"product_cat":[3058,2830,2826,3422,3423,2829,2823,2828,2822,2824,3392,2821,2843,2849,2844,3448,2847,2845,2848,2827],"product_tag":[],"class_list":{"0":"post-288612","1":"product","2":"type-product","3":"status-publish","4":"has-post-thumbnail","6":"product_cat-ehted","7":"product_cat-emadepaeva-kingitused","8":"product_cat-joulukingid","9":"product_cat-kihlasormused","10":"product_cat-kihlasormused-vaariskividega","11":"product_cat-kingitused-erilisteks-puhkudeks","12":"product_cat-kingitused-lapse-sunni-puhul","13":"product_cat-kingitused-lopetamise-puhul","14":"product_cat-kingitused-naistele","15":"product_cat-kingitused-pulma-aastapaeva-puhul","16":"product_cat-kingitused-pulmade-puhul","17":"product_cat-kingitused-sunnipaevaks","18":"product_cat-safiir-ehted-safiiridega","19":"product_cat-safiiridega-sormused","20":"product_cat-safiiriga-kihlasormus","21":"product_cat-sinine-vaariskivi","22":"product_cat-siniste-vaariskividega-ehted","23":"product_cat-sobrapaeva-kingitused","24":"product_cat-vaariskividega-sormused","25":"product_cat-valgest-kullast-ehted","26":"desktop-align-center","27":"tablet-align-left","28":"mobile-align-left","29":"ast-product-gallery-layout-horizontal-slider","30":"ast-product-gallery-with-no-image","31":"ast-product-single-variable","32":"ast-product-tabs-layout-accordion","33":"ast-qv-on-image","35":"first","36":"instock","37":"taxable","38":"shipping-taxable","39":"purchasable","40":"product-type-variable"},"yoast_head":"<!-- This site is optimized with the Yoast SEO plugin v26.6 - https:\/\/yoast.com\/wordpress\/plugins\/seo\/ -->\n<title>Kuldne safiiriga s\u00f5rmus \u201ePiisake&quot;<\/title>\n<meta name=\"description\" content=\"Kuldne safiiriga s\u00f5rmus \u201eLa\u0161elis\u201c on suurep\u00e4rane kingitus naisele kihluse, s\u00fcnnip\u00e4eva, j\u00f5ulude v\u00f5i valentinip\u00e4eva puhul. Kuninglik safiir s\u00e4rab erilise sinise v\u00e4rvusega.\" \/>\n<meta name=\"robots\" content=\"index, follow, max-snippet:-1, max-image-preview:large, max-video-preview:-1\" \/>\n<link rel=\"canonical\" href=\"https:\/\/fashiongold.lt\/et\/papuosalas\/kuldne-sormus-safiiriga-piisake\/\" \/>\n<meta property=\"og:locale\" content=\"et_EE\" \/>\n<meta property=\"og:type\" content=\"article\" \/>\n<meta property=\"og:title\" content=\"Kuldne safiiriga s\u00f5rmus \u201ePiisake&quot;\" \/>\n<meta property=\"og:description\" content=\"Kuldne safiiriga s\u00f5rmus \u201eLa\u0161elis\u201c on suurep\u00e4rane kingitus naisele kihluse, s\u00fcnnip\u00e4eva, j\u00f5ulude v\u00f5i valentinip\u00e4eva puhul. Kuninglik safiir s\u00e4rab erilise sinise v\u00e4rvusega.\" \/>\n<meta property=\"og:url\" content=\"https:\/\/fashiongold.lt\/et\/papuosalas\/kuldne-sormus-safiiriga-piisake\/\" \/>\n<meta property=\"og:site_name\" content=\"FashionGold.lt\" \/>\n<meta property=\"og:image\" content=\"https:\/\/fashiongold.lt\/wp-content\/uploads\/2025\/10\/1438-30e-Auksinis-ziedas-su-safyru-Laselis.webp\" \/>\n\t<meta property=\"og:image:width\" content=\"2015\" \/>\n\t<meta property=\"og:image:height\" content=\"2015\" \/>\n\t<meta property=\"og:image:type\" content=\"image\/jpeg\" \/>\n<meta name=\"twitter:card\" content=\"summary_large_image\" \/>\n<script type=\"application\/ld+json\" class=\"yoast-schema-graph\">{\"@context\":\"https:\/\/schema.org\",\"@graph\":[{\"@type\":\"WebPage\",\"@id\":\"https:\/\/fashiongold.lt\/et\/papuosalas\/kuldne-sormus-safiiriga-piisake\/\",\"url\":\"https:\/\/fashiongold.lt\/et\/papuosalas\/kuldne-sormus-safiiriga-piisake\/\",\"name\":\"Kuldne safiiriga s\u00f5rmus \u201ePiisake\\\"\",\"isPartOf\":{\"@id\":\"https:\/\/fashiongold.lt\/et\/#website\"},\"primaryImageOfPage\":{\"@id\":\"https:\/\/fashiongold.lt\/et\/papuosalas\/kuldne-sormus-safiiriga-piisake\/#primaryimage\"},\"image\":{\"@id\":\"https:\/\/fashiongold.lt\/et\/papuosalas\/kuldne-sormus-safiiriga-piisake\/#primaryimage\"},\"thumbnailUrl\":\"https:\/\/fashiongold.lt\/wp-content\/uploads\/2025\/10\/1438-30e-Auksinis-ziedas-su-safyru-Laselis.jpg\",\"datePublished\":\"2025-10-09T17:39:28+00:00\",\"description\":\"Kuldne safiiriga s\u00f5rmus \u201eLa\u0161elis\u201c on suurep\u00e4rane kingitus naisele kihluse, s\u00fcnnip\u00e4eva, j\u00f5ulude v\u00f5i valentinip\u00e4eva puhul. Kuninglik safiir s\u00e4rab erilise sinise v\u00e4rvusega.\",\"breadcrumb\":{\"@id\":\"https:\/\/fashiongold.lt\/et\/papuosalas\/kuldne-sormus-safiiriga-piisake\/#breadcrumb\"},\"inLanguage\":\"et\",\"potentialAction\":[{\"@type\":\"ReadAction\",\"target\":[\"https:\/\/fashiongold.lt\/et\/papuosalas\/kuldne-sormus-safiiriga-piisake\/\"]}]},{\"@type\":\"ImageObject\",\"inLanguage\":\"et\",\"@id\":\"https:\/\/fashiongold.lt\/et\/papuosalas\/kuldne-sormus-safiiriga-piisake\/#primaryimage\",\"url\":\"https:\/\/fashiongold.lt\/wp-content\/uploads\/2025\/10\/1438-30e-Auksinis-ziedas-su-safyru-Laselis.jpg\",\"contentUrl\":\"https:\/\/fashiongold.lt\/wp-content\/uploads\/2025\/10\/1438-30e-Auksinis-ziedas-su-safyru-Laselis.jpg\",\"width\":2015,\"height\":2015},{\"@type\":\"BreadcrumbList\",\"@id\":\"https:\/\/fashiongold.lt\/et\/papuosalas\/kuldne-sormus-safiiriga-piisake\/#breadcrumb\",\"itemListElement\":[{\"@type\":\"ListItem\",\"position\":1,\"name\":\"Home\",\"item\":\"https:\/\/fashiongold.lt\/et\/\"},{\"@type\":\"ListItem\",\"position\":2,\"name\":\"Teemantide pood Fashiongold.lt\",\"item\":\"https:\/\/fashiongold.lt\/shop-2\/\"},{\"@type\":\"ListItem\",\"position\":3,\"name\":\"Kuldne s\u00f5rmus safiiriga \u201ePiisake\u201d\"}]},{\"@type\":\"WebSite\",\"@id\":\"https:\/\/fashiongold.lt\/et\/#website\",\"url\":\"https:\/\/fashiongold.lt\/et\/\",\"name\":\"Fashion Gold\",\"description\":\"Juvelyrikos namai\",\"publisher\":{\"@id\":\"https:\/\/fashiongold.lt\/et\/#organization\"},\"potentialAction\":[{\"@type\":\"SearchAction\",\"target\":{\"@type\":\"EntryPoint\",\"urlTemplate\":\"https:\/\/fashiongold.lt\/et\/?s={search_term_string}\"},\"query-input\":{\"@type\":\"PropertyValueSpecification\",\"valueRequired\":true,\"valueName\":\"search_term_string\"}}],\"inLanguage\":\"et\"},{\"@type\":\"Organization\",\"@id\":\"https:\/\/fashiongold.lt\/et\/#organization\",\"name\":\"Topdiamonds Online\",\"url\":\"https:\/\/fashiongold.lt\/et\/\",\"logo\":{\"@type\":\"ImageObject\",\"inLanguage\":\"et\",\"@id\":\"https:\/\/fashiongold.lt\/et\/#\/schema\/logo\/image\/\",\"url\":\"https:\/\/fashiongold.lt\/wp-content\/uploads\/2025\/04\/cropped-fashion_gold_logotipas2-scaled-1.png\",\"contentUrl\":\"https:\/\/fashiongold.lt\/wp-content\/uploads\/2025\/04\/cropped-fashion_gold_logotipas2-scaled-1.png\",\"width\":2559,\"height\":421,\"caption\":\"Topdiamonds Online\"},\"image\":{\"@id\":\"https:\/\/fashiongold.lt\/et\/#\/schema\/logo\/image\/\"}}]}<\/script>\n<!-- \/ Yoast SEO plugin. -->","yoast_head_json":{"title":"Kuldne safiiriga s\u00f5rmus \u201ePiisake\"","description":"Kuldne safiiriga s\u00f5rmus \u201eLa\u0161elis\u201c on suurep\u00e4rane kingitus naisele kihluse, s\u00fcnnip\u00e4eva, j\u00f5ulude v\u00f5i valentinip\u00e4eva puhul. Kuninglik safiir s\u00e4rab erilise sinise v\u00e4rvusega.","robots":{"index":"index","follow":"follow","max-snippet":"max-snippet:-1","max-image-preview":"max-image-preview:large","max-video-preview":"max-video-preview:-1"},"canonical":"https:\/\/fashiongold.lt\/et\/papuosalas\/kuldne-sormus-safiiriga-piisake\/","og_locale":"et_EE","og_type":"article","og_title":"Kuldne safiiriga s\u00f5rmus \u201ePiisake\"","og_description":"Kuldne safiiriga s\u00f5rmus \u201eLa\u0161elis\u201c on suurep\u00e4rane kingitus naisele kihluse, s\u00fcnnip\u00e4eva, j\u00f5ulude v\u00f5i valentinip\u00e4eva puhul. Kuninglik safiir s\u00e4rab erilise sinise v\u00e4rvusega.","og_url":"https:\/\/fashiongold.lt\/et\/papuosalas\/kuldne-sormus-safiiriga-piisake\/","og_site_name":"FashionGold.lt","og_image":[{"width":2015,"height":2015,"url":"https:\/\/fashiongold.lt\/wp-content\/uploads\/2025\/10\/1438-30e-Auksinis-ziedas-su-safyru-Laselis.webp","type":"image\/jpeg"}],"twitter_card":"summary_large_image","schema":{"@context":"https:\/\/schema.org","@graph":[{"@type":"WebPage","@id":"https:\/\/fashiongold.lt\/et\/papuosalas\/kuldne-sormus-safiiriga-piisake\/","url":"https:\/\/fashiongold.lt\/et\/papuosalas\/kuldne-sormus-safiiriga-piisake\/","name":"Kuldne safiiriga s\u00f5rmus \u201ePiisake\"","isPartOf":{"@id":"https:\/\/fashiongold.lt\/et\/#website"},"primaryImageOfPage":{"@id":"https:\/\/fashiongold.lt\/et\/papuosalas\/kuldne-sormus-safiiriga-piisake\/#primaryimage"},"image":{"@id":"https:\/\/fashiongold.lt\/et\/papuosalas\/kuldne-sormus-safiiriga-piisake\/#primaryimage"},"thumbnailUrl":"https:\/\/fashiongold.lt\/wp-content\/uploads\/2025\/10\/1438-30e-Auksinis-ziedas-su-safyru-Laselis.jpg","datePublished":"2025-10-09T17:39:28+00:00","description":"Kuldne safiiriga s\u00f5rmus \u201eLa\u0161elis\u201c on suurep\u00e4rane kingitus naisele kihluse, s\u00fcnnip\u00e4eva, j\u00f5ulude v\u00f5i valentinip\u00e4eva puhul. Kuninglik safiir s\u00e4rab erilise sinise v\u00e4rvusega.","breadcrumb":{"@id":"https:\/\/fashiongold.lt\/et\/papuosalas\/kuldne-sormus-safiiriga-piisake\/#breadcrumb"},"inLanguage":"et","potentialAction":[{"@type":"ReadAction","target":["https:\/\/fashiongold.lt\/et\/papuosalas\/kuldne-sormus-safiiriga-piisake\/"]}]},{"@type":"ImageObject","inLanguage":"et","@id":"https:\/\/fashiongold.lt\/et\/papuosalas\/kuldne-sormus-safiiriga-piisake\/#primaryimage","url":"https:\/\/fashiongold.lt\/wp-content\/uploads\/2025\/10\/1438-30e-Auksinis-ziedas-su-safyru-Laselis.jpg","contentUrl":"https:\/\/fashiongold.lt\/wp-content\/uploads\/2025\/10\/1438-30e-Auksinis-ziedas-su-safyru-Laselis.jpg","width":2015,"height":2015},{"@type":"BreadcrumbList","@id":"https:\/\/fashiongold.lt\/et\/papuosalas\/kuldne-sormus-safiiriga-piisake\/#breadcrumb","itemListElement":[{"@type":"ListItem","position":1,"name":"Home","item":"https:\/\/fashiongold.lt\/et\/"},{"@type":"ListItem","position":2,"name":"Teemantide pood Fashiongold.lt","item":"https:\/\/fashiongold.lt\/shop-2\/"},{"@type":"ListItem","position":3,"name":"Kuldne s\u00f5rmus safiiriga \u201ePiisake\u201d"}]},{"@type":"WebSite","@id":"https:\/\/fashiongold.lt\/et\/#website","url":"https:\/\/fashiongold.lt\/et\/","name":"Fashion Gold","description":"Juvelyrikos namai","publisher":{"@id":"https:\/\/fashiongold.lt\/et\/#organization"},"potentialAction":[{"@type":"SearchAction","target":{"@type":"EntryPoint","urlTemplate":"https:\/\/fashiongold.lt\/et\/?s={search_term_string}"},"query-input":{"@type":"PropertyValueSpecification","valueRequired":true,"valueName":"search_term_string"}}],"inLanguage":"et"},{"@type":"Organization","@id":"https:\/\/fashiongold.lt\/et\/#organization","name":"Topdiamonds Online","url":"https:\/\/fashiongold.lt\/et\/","logo":{"@type":"ImageObject","inLanguage":"et","@id":"https:\/\/fashiongold.lt\/et\/#\/schema\/logo\/image\/","url":"https:\/\/fashiongold.lt\/wp-content\/uploads\/2025\/04\/cropped-fashion_gold_logotipas2-scaled-1.png","contentUrl":"https:\/\/fashiongold.lt\/wp-content\/uploads\/2025\/04\/cropped-fashion_gold_logotipas2-scaled-1.png","width":2559,"height":421,"caption":"Topdiamonds Online"},"image":{"@id":"https:\/\/fashiongold.lt\/et\/#\/schema\/logo\/image\/"}}]}},"_links":{"self":[{"href":"https:\/\/fashiongold.lt\/et\/wp-json\/wp\/v2\/product\/288612","targetHints":{"allow":["GET"]}}],"collection":[{"href":"https:\/\/fashiongold.lt\/et\/wp-json\/wp\/v2\/product"}],"about":[{"href":"https:\/\/fashiongold.lt\/et\/wp-json\/wp\/v2\/types\/product"}],"version-history":[{"count":0,"href":"https:\/\/fashiongold.lt\/et\/wp-json\/wp\/v2\/product\/288612\/revisions"}],"wp:featuredmedia":[{"embeddable":true,"href":"https:\/\/fashiongold.lt\/et\/wp-json\/wp\/v2\/media\/51198"}],"wp:attachment":[{"href":"https:\/\/fashiongold.lt\/et\/wp-json\/wp\/v2\/media?parent=288612"}],"wp:term":[{"taxonomy":"product_brand","embeddable":true,"href":"https:\/\/fashiongold.lt\/et\/wp-json\/wp\/v2\/product_brand?post=288612"},{"taxonomy":"product_cat","embeddable":true,"href":"https:\/\/fashiongold.lt\/et\/wp-json\/wp\/v2\/product_cat?post=288612"},{"taxonomy":"product_tag","embeddable":true,"href":"https:\/\/fashiongold.lt\/et\/wp-json\/wp\/v2\/product_tag?post=288612"}],"curies":[{"name":"wp","href":"https:\/\/api.w.org\/{rel}","templated":true}]}}