{"id":288637,"date":"2025-10-09T17:38:13","date_gmt":"2025-10-09T17:38:13","guid":{"rendered":"https:\/\/fashiongold.lt\/papuosalas\/kullast-korvarongad-briljantidega-teemantsilmad\/"},"modified":"2025-10-09T17:38:13","modified_gmt":"2025-10-09T17:38:13","slug":"kullast-korvarongad-briljantidega-teemantsilmad","status":"publish","type":"product","link":"https:\/\/fashiongold.lt\/et\/papuosalas\/kullast-korvarongad-briljantidega-teemantsilmad\/","title":{"rendered":"Kullast k\u00f5rvar\u00f5ngad briljantidega \u201eTeemantsilmad\u201c"},"content":{"rendered":"<p>Kulla proov &#8211; 585<\/p>\n<p><span>Kaal umbes 1,80 g <\/span><\/p>\n<p><span>Briljandid 2 tk &#8211; kogukaal 0,50 ct v\u00e4rv RW+ (F), puhtus VS<\/span><\/p>\n<p><span>Kauba tarnime 14 t\u00f6\u00f6p\u00e4eva jooksul. Rohkem infot info@fashiongold.lt<\/span><\/p>\n","protected":false},"excerpt":{"rendered":"<p>Valgest kullast k\u00f5rvar\u00f5ngad ehtsate teemantidega<\/p>\n","protected":false},"featured_media":51028,"template":"","meta":{"site-sidebar-layout":"","site-content-layout":"","ast-site-content-layout":"","site-content-style":"","site-sidebar-style":"","ast-global-header-display":"","ast-banner-title-visibility":"","ast-main-header-display":"","ast-hfb-above-header-display":"","ast-hfb-below-header-display":"","ast-hfb-mobile-header-display":"","site-post-title":"","ast-breadcrumbs-content":"","ast-featured-img":"","footer-sml-layout":"","ast-disable-related-posts":"","theme-transparent-header-meta":"","adv-header-id-meta":"","stick-header-meta":"","header-above-stick-meta":"","header-main-stick-meta":"","header-below-stick-meta":"","astra-migrate-meta-layouts":"default","ast-page-background-enabled":"default","ast-page-background-meta":{"desktop":{"background-color":"var(--ast-global-color-4)","background-image":"","background-repeat":"repeat","background-position":"center center","background-size":"auto","background-attachment":"scroll","background-type":"","background-media":"","overlay-type":"","overlay-color":"","overlay-opacity":"","overlay-gradient":""},"tablet":{"background-color":"","background-image":"","background-repeat":"repeat","background-position":"center center","background-size":"auto","background-attachment":"scroll","background-type":"","background-media":"","overlay-type":"","overlay-color":"","overlay-opacity":"","overlay-gradient":""},"mobile":{"background-color":"","background-image":"","background-repeat":"repeat","background-position":"center center","background-size":"auto","background-attachment":"scroll","background-type":"","background-media":"","overlay-type":"","overlay-color":"","overlay-opacity":"","overlay-gradient":""}},"ast-content-background-meta":{"desktop":{"background-color":"var(--ast-global-color-5)","background-image":"","background-repeat":"repeat","background-position":"center center","background-size":"auto","background-attachment":"scroll","background-type":"","background-media":"","overlay-type":"","overlay-color":"","overlay-opacity":"","overlay-gradient":""},"tablet":{"background-color":"var(--ast-global-color-5)","background-image":"","background-repeat":"repeat","background-position":"center center","background-size":"auto","background-attachment":"scroll","background-type":"","background-media":"","overlay-type":"","overlay-color":"","overlay-opacity":"","overlay-gradient":""},"mobile":{"background-color":"var(--ast-global-color-5)","background-image":"","background-repeat":"repeat","background-position":"center center","background-size":"auto","background-attachment":"scroll","background-type":"","background-media":"","overlay-type":"","overlay-color":"","overlay-opacity":"","overlay-gradient":""}}},"product_brand":[],"product_cat":[3058,2830,2826,2829,2823,2828,2822,2824,3392,2821,2969,3391,2845,2966,2827],"product_tag":[],"class_list":{"0":"post-288637","1":"product","2":"type-product","3":"status-publish","4":"has-post-thumbnail","6":"product_cat-ehted","7":"product_cat-emadepaeva-kingitused","8":"product_cat-joulukingid","9":"product_cat-kingitused-erilisteks-puhkudeks","10":"product_cat-kingitused-lapse-sunni-puhul","11":"product_cat-kingitused-lopetamise-puhul","12":"product_cat-kingitused-naistele","13":"product_cat-kingitused-pulma-aastapaeva-puhul","14":"product_cat-kingitused-pulmade-puhul","15":"product_cat-kingitused-sunnipaevaks","16":"product_cat-naelkorvarongad","17":"product_cat-ristimiskingitused","18":"product_cat-sobrapaeva-kingitused","19":"product_cat-teemantidega-korvarongad","20":"product_cat-valgest-kullast-ehted","21":"desktop-align-center","22":"tablet-align-left","23":"mobile-align-left","24":"ast-product-gallery-layout-horizontal-slider","25":"ast-product-gallery-with-no-image","26":"ast-product-tabs-layout-accordion","27":"ast-qv-on-image","29":"first","30":"instock","31":"taxable","32":"shipping-taxable","33":"purchasable","34":"product-type-simple"},"yoast_head":"<!-- This site is optimized with the Yoast SEO plugin v26.6 - https:\/\/yoast.com\/wordpress\/plugins\/seo\/ -->\n<title>Kullast briljantidega k\u00f5rvar\u00f5ngad \u201eTeemantsilmad\u201c<\/title>\n<meta name=\"description\" content=\"Kuldk\u00f5rvar\u00f5ngad briljantidega \u201eTeemantsilmad\u201c, teemandid, kuld, k\u00f5rvar\u00f5ngad, kingitus naisele, kuldehted, kuld, briljandid, juveelitooted\" \/>\n<meta name=\"robots\" content=\"index, follow, max-snippet:-1, max-image-preview:large, max-video-preview:-1\" \/>\n<link rel=\"canonical\" href=\"https:\/\/fashiongold.lt\/et\/papuosalas\/kullast-korvarongad-briljantidega-teemantsilmad\/\" \/>\n<meta property=\"og:locale\" content=\"et_EE\" \/>\n<meta property=\"og:type\" content=\"article\" \/>\n<meta property=\"og:title\" content=\"Kullast briljantidega k\u00f5rvar\u00f5ngad \u201eTeemantsilmad\u201c\" \/>\n<meta property=\"og:description\" content=\"Kuldk\u00f5rvar\u00f5ngad briljantidega \u201eTeemantsilmad\u201c, teemandid, kuld, k\u00f5rvar\u00f5ngad, kingitus naisele, kuldehted, kuld, briljandid, juveelitooted\" \/>\n<meta property=\"og:url\" content=\"https:\/\/fashiongold.lt\/et\/papuosalas\/kullast-korvarongad-briljantidega-teemantsilmad\/\" \/>\n<meta property=\"og:site_name\" content=\"FashionGold.lt\" \/>\n<meta property=\"og:image\" content=\"https:\/\/fashiongold.lt\/wp-content\/uploads\/2025\/10\/1415-9c7-Auksiniai-auskarai-su-briliantais-Deimantines-akutes-scaled-1.webp\" \/>\n\t<meta property=\"og:image:width\" content=\"2560\" \/>\n\t<meta property=\"og:image:height\" content=\"2560\" \/>\n\t<meta property=\"og:image:type\" content=\"image\/jpeg\" \/>\n<meta name=\"twitter:card\" content=\"summary_large_image\" \/>\n<script type=\"application\/ld+json\" class=\"yoast-schema-graph\">{\"@context\":\"https:\/\/schema.org\",\"@graph\":[{\"@type\":\"WebPage\",\"@id\":\"https:\/\/fashiongold.lt\/et\/papuosalas\/kullast-korvarongad-briljantidega-teemantsilmad\/\",\"url\":\"https:\/\/fashiongold.lt\/et\/papuosalas\/kullast-korvarongad-briljantidega-teemantsilmad\/\",\"name\":\"Kullast briljantidega k\u00f5rvar\u00f5ngad \u201eTeemantsilmad\u201c\",\"isPartOf\":{\"@id\":\"https:\/\/fashiongold.lt\/et\/#website\"},\"primaryImageOfPage\":{\"@id\":\"https:\/\/fashiongold.lt\/et\/papuosalas\/kullast-korvarongad-briljantidega-teemantsilmad\/#primaryimage\"},\"image\":{\"@id\":\"https:\/\/fashiongold.lt\/et\/papuosalas\/kullast-korvarongad-briljantidega-teemantsilmad\/#primaryimage\"},\"thumbnailUrl\":\"https:\/\/fashiongold.lt\/wp-content\/uploads\/2025\/10\/1415-9c7-Auksiniai-auskarai-su-briliantais-Deimantines-akutes-scaled-1.jpg\",\"datePublished\":\"2025-10-09T17:38:13+00:00\",\"description\":\"Kuldk\u00f5rvar\u00f5ngad briljantidega \u201eTeemantsilmad\u201c, teemandid, kuld, k\u00f5rvar\u00f5ngad, kingitus naisele, kuldehted, kuld, briljandid, juveelitooted\",\"breadcrumb\":{\"@id\":\"https:\/\/fashiongold.lt\/et\/papuosalas\/kullast-korvarongad-briljantidega-teemantsilmad\/#breadcrumb\"},\"inLanguage\":\"et\",\"potentialAction\":[{\"@type\":\"ReadAction\",\"target\":[\"https:\/\/fashiongold.lt\/et\/papuosalas\/kullast-korvarongad-briljantidega-teemantsilmad\/\"]}]},{\"@type\":\"ImageObject\",\"inLanguage\":\"et\",\"@id\":\"https:\/\/fashiongold.lt\/et\/papuosalas\/kullast-korvarongad-briljantidega-teemantsilmad\/#primaryimage\",\"url\":\"https:\/\/fashiongold.lt\/wp-content\/uploads\/2025\/10\/1415-9c7-Auksiniai-auskarai-su-briliantais-Deimantines-akutes-scaled-1.jpg\",\"contentUrl\":\"https:\/\/fashiongold.lt\/wp-content\/uploads\/2025\/10\/1415-9c7-Auksiniai-auskarai-su-briliantais-Deimantines-akutes-scaled-1.jpg\",\"width\":2560,\"height\":2560},{\"@type\":\"BreadcrumbList\",\"@id\":\"https:\/\/fashiongold.lt\/et\/papuosalas\/kullast-korvarongad-briljantidega-teemantsilmad\/#breadcrumb\",\"itemListElement\":[{\"@type\":\"ListItem\",\"position\":1,\"name\":\"Home\",\"item\":\"https:\/\/fashiongold.lt\/et\/\"},{\"@type\":\"ListItem\",\"position\":2,\"name\":\"Teemantide pood Fashiongold.lt\",\"item\":\"https:\/\/fashiongold.lt\/shop-2\/\"},{\"@type\":\"ListItem\",\"position\":3,\"name\":\"Kullast k\u00f5rvar\u00f5ngad briljantidega \u201eTeemantsilmad\u201c\"}]},{\"@type\":\"WebSite\",\"@id\":\"https:\/\/fashiongold.lt\/et\/#website\",\"url\":\"https:\/\/fashiongold.lt\/et\/\",\"name\":\"Fashion Gold\",\"description\":\"Juvelyrikos namai\",\"publisher\":{\"@id\":\"https:\/\/fashiongold.lt\/et\/#organization\"},\"potentialAction\":[{\"@type\":\"SearchAction\",\"target\":{\"@type\":\"EntryPoint\",\"urlTemplate\":\"https:\/\/fashiongold.lt\/et\/?s={search_term_string}\"},\"query-input\":{\"@type\":\"PropertyValueSpecification\",\"valueRequired\":true,\"valueName\":\"search_term_string\"}}],\"inLanguage\":\"et\"},{\"@type\":\"Organization\",\"@id\":\"https:\/\/fashiongold.lt\/et\/#organization\",\"name\":\"Topdiamonds Online\",\"url\":\"https:\/\/fashiongold.lt\/et\/\",\"logo\":{\"@type\":\"ImageObject\",\"inLanguage\":\"et\",\"@id\":\"https:\/\/fashiongold.lt\/et\/#\/schema\/logo\/image\/\",\"url\":\"https:\/\/fashiongold.lt\/wp-content\/uploads\/2025\/04\/cropped-fashion_gold_logotipas2-scaled-1.png\",\"contentUrl\":\"https:\/\/fashiongold.lt\/wp-content\/uploads\/2025\/04\/cropped-fashion_gold_logotipas2-scaled-1.png\",\"width\":2559,\"height\":421,\"caption\":\"Topdiamonds Online\"},\"image\":{\"@id\":\"https:\/\/fashiongold.lt\/et\/#\/schema\/logo\/image\/\"}}]}<\/script>\n<!-- \/ Yoast SEO plugin. -->","yoast_head_json":{"title":"Kullast briljantidega k\u00f5rvar\u00f5ngad \u201eTeemantsilmad\u201c","description":"Kuldk\u00f5rvar\u00f5ngad briljantidega \u201eTeemantsilmad\u201c, teemandid, kuld, k\u00f5rvar\u00f5ngad, kingitus naisele, kuldehted, kuld, briljandid, juveelitooted","robots":{"index":"index","follow":"follow","max-snippet":"max-snippet:-1","max-image-preview":"max-image-preview:large","max-video-preview":"max-video-preview:-1"},"canonical":"https:\/\/fashiongold.lt\/et\/papuosalas\/kullast-korvarongad-briljantidega-teemantsilmad\/","og_locale":"et_EE","og_type":"article","og_title":"Kullast briljantidega k\u00f5rvar\u00f5ngad \u201eTeemantsilmad\u201c","og_description":"Kuldk\u00f5rvar\u00f5ngad briljantidega \u201eTeemantsilmad\u201c, teemandid, kuld, k\u00f5rvar\u00f5ngad, kingitus naisele, kuldehted, kuld, briljandid, juveelitooted","og_url":"https:\/\/fashiongold.lt\/et\/papuosalas\/kullast-korvarongad-briljantidega-teemantsilmad\/","og_site_name":"FashionGold.lt","og_image":[{"width":2560,"height":2560,"url":"https:\/\/fashiongold.lt\/wp-content\/uploads\/2025\/10\/1415-9c7-Auksiniai-auskarai-su-briliantais-Deimantines-akutes-scaled-1.webp","type":"image\/jpeg"}],"twitter_card":"summary_large_image","schema":{"@context":"https:\/\/schema.org","@graph":[{"@type":"WebPage","@id":"https:\/\/fashiongold.lt\/et\/papuosalas\/kullast-korvarongad-briljantidega-teemantsilmad\/","url":"https:\/\/fashiongold.lt\/et\/papuosalas\/kullast-korvarongad-briljantidega-teemantsilmad\/","name":"Kullast briljantidega k\u00f5rvar\u00f5ngad \u201eTeemantsilmad\u201c","isPartOf":{"@id":"https:\/\/fashiongold.lt\/et\/#website"},"primaryImageOfPage":{"@id":"https:\/\/fashiongold.lt\/et\/papuosalas\/kullast-korvarongad-briljantidega-teemantsilmad\/#primaryimage"},"image":{"@id":"https:\/\/fashiongold.lt\/et\/papuosalas\/kullast-korvarongad-briljantidega-teemantsilmad\/#primaryimage"},"thumbnailUrl":"https:\/\/fashiongold.lt\/wp-content\/uploads\/2025\/10\/1415-9c7-Auksiniai-auskarai-su-briliantais-Deimantines-akutes-scaled-1.jpg","datePublished":"2025-10-09T17:38:13+00:00","description":"Kuldk\u00f5rvar\u00f5ngad briljantidega \u201eTeemantsilmad\u201c, teemandid, kuld, k\u00f5rvar\u00f5ngad, kingitus naisele, kuldehted, kuld, briljandid, juveelitooted","breadcrumb":{"@id":"https:\/\/fashiongold.lt\/et\/papuosalas\/kullast-korvarongad-briljantidega-teemantsilmad\/#breadcrumb"},"inLanguage":"et","potentialAction":[{"@type":"ReadAction","target":["https:\/\/fashiongold.lt\/et\/papuosalas\/kullast-korvarongad-briljantidega-teemantsilmad\/"]}]},{"@type":"ImageObject","inLanguage":"et","@id":"https:\/\/fashiongold.lt\/et\/papuosalas\/kullast-korvarongad-briljantidega-teemantsilmad\/#primaryimage","url":"https:\/\/fashiongold.lt\/wp-content\/uploads\/2025\/10\/1415-9c7-Auksiniai-auskarai-su-briliantais-Deimantines-akutes-scaled-1.jpg","contentUrl":"https:\/\/fashiongold.lt\/wp-content\/uploads\/2025\/10\/1415-9c7-Auksiniai-auskarai-su-briliantais-Deimantines-akutes-scaled-1.jpg","width":2560,"height":2560},{"@type":"BreadcrumbList","@id":"https:\/\/fashiongold.lt\/et\/papuosalas\/kullast-korvarongad-briljantidega-teemantsilmad\/#breadcrumb","itemListElement":[{"@type":"ListItem","position":1,"name":"Home","item":"https:\/\/fashiongold.lt\/et\/"},{"@type":"ListItem","position":2,"name":"Teemantide pood Fashiongold.lt","item":"https:\/\/fashiongold.lt\/shop-2\/"},{"@type":"ListItem","position":3,"name":"Kullast k\u00f5rvar\u00f5ngad briljantidega \u201eTeemantsilmad\u201c"}]},{"@type":"WebSite","@id":"https:\/\/fashiongold.lt\/et\/#website","url":"https:\/\/fashiongold.lt\/et\/","name":"Fashion Gold","description":"Juvelyrikos namai","publisher":{"@id":"https:\/\/fashiongold.lt\/et\/#organization"},"potentialAction":[{"@type":"SearchAction","target":{"@type":"EntryPoint","urlTemplate":"https:\/\/fashiongold.lt\/et\/?s={search_term_string}"},"query-input":{"@type":"PropertyValueSpecification","valueRequired":true,"valueName":"search_term_string"}}],"inLanguage":"et"},{"@type":"Organization","@id":"https:\/\/fashiongold.lt\/et\/#organization","name":"Topdiamonds Online","url":"https:\/\/fashiongold.lt\/et\/","logo":{"@type":"ImageObject","inLanguage":"et","@id":"https:\/\/fashiongold.lt\/et\/#\/schema\/logo\/image\/","url":"https:\/\/fashiongold.lt\/wp-content\/uploads\/2025\/04\/cropped-fashion_gold_logotipas2-scaled-1.png","contentUrl":"https:\/\/fashiongold.lt\/wp-content\/uploads\/2025\/04\/cropped-fashion_gold_logotipas2-scaled-1.png","width":2559,"height":421,"caption":"Topdiamonds Online"},"image":{"@id":"https:\/\/fashiongold.lt\/et\/#\/schema\/logo\/image\/"}}]}},"_links":{"self":[{"href":"https:\/\/fashiongold.lt\/et\/wp-json\/wp\/v2\/product\/288637","targetHints":{"allow":["GET"]}}],"collection":[{"href":"https:\/\/fashiongold.lt\/et\/wp-json\/wp\/v2\/product"}],"about":[{"href":"https:\/\/fashiongold.lt\/et\/wp-json\/wp\/v2\/types\/product"}],"version-history":[{"count":0,"href":"https:\/\/fashiongold.lt\/et\/wp-json\/wp\/v2\/product\/288637\/revisions"}],"wp:featuredmedia":[{"embeddable":true,"href":"https:\/\/fashiongold.lt\/et\/wp-json\/wp\/v2\/media\/51028"}],"wp:attachment":[{"href":"https:\/\/fashiongold.lt\/et\/wp-json\/wp\/v2\/media?parent=288637"}],"wp:term":[{"taxonomy":"product_brand","embeddable":true,"href":"https:\/\/fashiongold.lt\/et\/wp-json\/wp\/v2\/product_brand?post=288637"},{"taxonomy":"product_cat","embeddable":true,"href":"https:\/\/fashiongold.lt\/et\/wp-json\/wp\/v2\/product_cat?post=288637"},{"taxonomy":"product_tag","embeddable":true,"href":"https:\/\/fashiongold.lt\/et\/wp-json\/wp\/v2\/product_tag?post=288637"}],"curies":[{"name":"wp","href":"https:\/\/api.w.org\/{rel}","templated":true}]}}