{"id":288667,"date":"2025-10-09T17:36:48","date_gmt":"2025-10-09T17:36:48","guid":{"rendered":"https:\/\/fashiongold.lt\/papuosalas\/kihlasormus-miluna-safiiridega\/"},"modified":"2025-10-09T17:36:48","modified_gmt":"2025-10-09T17:36:48","slug":"kihlasormus-miluna-safiiridega","status":"publish","type":"product","link":"https:\/\/fashiongold.lt\/et\/papuosalas\/kihlasormus-miluna-safiiridega\/","title":{"rendered":"Kihlas\u00f5rmus Miluna safiiridega"},"content":{"rendered":"<p><span>Fashion Goldi juveelimaja loodud kihlas\u00f5rmus v\u00f5i pidulik s\u00f5rmus Miluna. <\/span><\/p>\n<p><span>Valge kuld prooviga 750. <\/span><\/p>\n<p><span>Kaal umbes 2,30 g. <\/span><\/p>\n<p><span>Briljandid: 16 tk, kogukaal 0,16 ct. V\u00e4rvus RW-W, puhtus VS-SI. <\/span><\/p>\n<p><span>V\u00e4ga k\u00f5rge kvaliteediga, erksa s\u00fcgavsinise v\u00e4rvusega ovaalne safiir, 1 tk, kogukaal 0,90 ct. <\/span><\/p>\n<p><span>S\u00f5rmuse suurus 17,3. Muudame suurust \u00fche numbri v\u00f5rra tasuta 10 t\u00f6\u00f6p\u00e4eva jooksul.<\/span><\/p>\n<p><span>S\u00f5rmus on m\u00e4rgistatud Leedu proovikojas, briljandil on sertifikaat.<\/span><\/p>\n<p>Tellimust\u00f6\u00f6na saame valmistada suurema v\u00f5i teist v\u00e4rvi teemandiga. Kirjutage info@fashiongold.lt<\/p><\/p>\n","protected":false},"excerpt":{"rendered":"<p>Valgest kullast kihlasormus safiiride ja teemantidega<\/p>\n","protected":false},"featured_media":50817,"template":"","meta":{"site-sidebar-layout":"","site-content-layout":"","ast-site-content-layout":"","site-content-style":"","site-sidebar-style":"","ast-global-header-display":"","ast-banner-title-visibility":"","ast-main-header-display":"","ast-hfb-above-header-display":"","ast-hfb-below-header-display":"","ast-hfb-mobile-header-display":"","site-post-title":"","ast-breadcrumbs-content":"","ast-featured-img":"","footer-sml-layout":"","ast-disable-related-posts":"","theme-transparent-header-meta":"","adv-header-id-meta":"","stick-header-meta":"","header-above-stick-meta":"","header-main-stick-meta":"","header-below-stick-meta":"","astra-migrate-meta-layouts":"default","ast-page-background-enabled":"default","ast-page-background-meta":{"desktop":{"background-color":"var(--ast-global-color-4)","background-image":"","background-repeat":"repeat","background-position":"center center","background-size":"auto","background-attachment":"scroll","background-type":"","background-media":"","overlay-type":"","overlay-color":"","overlay-opacity":"","overlay-gradient":""},"tablet":{"background-color":"","background-image":"","background-repeat":"repeat","background-position":"center center","background-size":"auto","background-attachment":"scroll","background-type":"","background-media":"","overlay-type":"","overlay-color":"","overlay-opacity":"","overlay-gradient":""},"mobile":{"background-color":"","background-image":"","background-repeat":"repeat","background-position":"center center","background-size":"auto","background-attachment":"scroll","background-type":"","background-media":"","overlay-type":"","overlay-color":"","overlay-opacity":"","overlay-gradient":""}},"ast-content-background-meta":{"desktop":{"background-color":"var(--ast-global-color-5)","background-image":"","background-repeat":"repeat","background-position":"center center","background-size":"auto","background-attachment":"scroll","background-type":"","background-media":"","overlay-type":"","overlay-color":"","overlay-opacity":"","overlay-gradient":""},"tablet":{"background-color":"var(--ast-global-color-5)","background-image":"","background-repeat":"repeat","background-position":"center center","background-size":"auto","background-attachment":"scroll","background-type":"","background-media":"","overlay-type":"","overlay-color":"","overlay-opacity":"","overlay-gradient":""},"mobile":{"background-color":"var(--ast-global-color-5)","background-image":"","background-repeat":"repeat","background-position":"center center","background-size":"auto","background-attachment":"scroll","background-type":"","background-media":"","overlay-type":"","overlay-color":"","overlay-opacity":"","overlay-gradient":""}}},"product_brand":[],"product_cat":[3058,2830,2826,3422,3423,2823,2828,2822,2824,3392,2821,2843,2849,2844,3448,2847,2845,2848],"product_tag":[],"class_list":{"0":"post-288667","1":"product","2":"type-product","3":"status-publish","4":"has-post-thumbnail","6":"product_cat-ehted","7":"product_cat-emadepaeva-kingitused","8":"product_cat-joulukingid","9":"product_cat-kihlasormused","10":"product_cat-kihlasormused-vaariskividega","11":"product_cat-kingitused-lapse-sunni-puhul","12":"product_cat-kingitused-lopetamise-puhul","13":"product_cat-kingitused-naistele","14":"product_cat-kingitused-pulma-aastapaeva-puhul","15":"product_cat-kingitused-pulmade-puhul","16":"product_cat-kingitused-sunnipaevaks","17":"product_cat-safiir-ehted-safiiridega","18":"product_cat-safiiridega-sormused","19":"product_cat-safiiriga-kihlasormus","20":"product_cat-sinine-vaariskivi","21":"product_cat-siniste-vaariskividega-ehted","22":"product_cat-sobrapaeva-kingitused","23":"product_cat-vaariskividega-sormused","24":"desktop-align-center","25":"tablet-align-left","26":"mobile-align-left","27":"ast-product-gallery-layout-horizontal-slider","28":"ast-product-gallery-with-no-image","29":"ast-product-single-variable","30":"ast-product-tabs-layout-accordion","31":"ast-qv-on-image","33":"first","34":"instock","35":"taxable","36":"shipping-taxable","37":"purchasable","38":"product-type-variable"},"yoast_head":"<!-- This site is optimized with the Yoast SEO plugin v26.6 - https:\/\/yoast.com\/wordpress\/plugins\/seo\/ -->\n<title>Kihlas\u00f5rmus safiiridega MILUNA<\/title>\n<meta name=\"description\" content=\"Kihlas\u00f5rmused teemandi ja safiiriga. S\u00f5rmus on kaunistatud ehtsate safiiride ja teemantidega. Kihlas\u00f5rmused Vilniuses. Briljandiga s\u00f5rmus. Kihlas\u00f5rmused. teemants\u00f5rmused.\" \/>\n<meta name=\"robots\" content=\"index, follow, max-snippet:-1, max-image-preview:large, max-video-preview:-1\" \/>\n<link rel=\"canonical\" href=\"https:\/\/fashiongold.lt\/et\/papuosalas\/kihlasormus-miluna-safiiridega\/\" \/>\n<meta property=\"og:locale\" content=\"et_EE\" \/>\n<meta property=\"og:type\" content=\"article\" \/>\n<meta property=\"og:title\" content=\"Kihlas\u00f5rmus safiiridega MILUNA\" \/>\n<meta property=\"og:description\" content=\"Kihlas\u00f5rmused teemandi ja safiiriga. S\u00f5rmus on kaunistatud ehtsate safiiride ja teemantidega. Kihlas\u00f5rmused Vilniuses. Briljandiga s\u00f5rmus. Kihlas\u00f5rmused. teemants\u00f5rmused.\" \/>\n<meta property=\"og:url\" content=\"https:\/\/fashiongold.lt\/et\/papuosalas\/kihlasormus-miluna-safiiridega\/\" \/>\n<meta property=\"og:site_name\" content=\"FashionGold.lt\" \/>\n<meta property=\"og:image\" content=\"https:\/\/fashiongold.lt\/wp-content\/uploads\/2025\/10\/1394-04e-Suzadetuviu-ziedas-su-safyrais-Laseliai.webp\" \/>\n\t<meta property=\"og:image:width\" content=\"1621\" \/>\n\t<meta property=\"og:image:height\" content=\"1632\" \/>\n\t<meta property=\"og:image:type\" content=\"image\/jpeg\" \/>\n<meta name=\"twitter:card\" content=\"summary_large_image\" \/>\n<script type=\"application\/ld+json\" class=\"yoast-schema-graph\">{\"@context\":\"https:\/\/schema.org\",\"@graph\":[{\"@type\":\"WebPage\",\"@id\":\"https:\/\/fashiongold.lt\/et\/papuosalas\/kihlasormus-miluna-safiiridega\/\",\"url\":\"https:\/\/fashiongold.lt\/et\/papuosalas\/kihlasormus-miluna-safiiridega\/\",\"name\":\"Kihlas\u00f5rmus safiiridega MILUNA\",\"isPartOf\":{\"@id\":\"https:\/\/fashiongold.lt\/et\/#website\"},\"primaryImageOfPage\":{\"@id\":\"https:\/\/fashiongold.lt\/et\/papuosalas\/kihlasormus-miluna-safiiridega\/#primaryimage\"},\"image\":{\"@id\":\"https:\/\/fashiongold.lt\/et\/papuosalas\/kihlasormus-miluna-safiiridega\/#primaryimage\"},\"thumbnailUrl\":\"https:\/\/fashiongold.lt\/wp-content\/uploads\/2025\/10\/1394-04e-Suzadetuviu-ziedas-su-safyrais-Laseliai.jpg\",\"datePublished\":\"2025-10-09T17:36:48+00:00\",\"description\":\"Kihlas\u00f5rmused teemandi ja safiiriga. S\u00f5rmus on kaunistatud ehtsate safiiride ja teemantidega. Kihlas\u00f5rmused Vilniuses. Briljandiga s\u00f5rmus. Kihlas\u00f5rmused. teemants\u00f5rmused.\",\"breadcrumb\":{\"@id\":\"https:\/\/fashiongold.lt\/et\/papuosalas\/kihlasormus-miluna-safiiridega\/#breadcrumb\"},\"inLanguage\":\"et\",\"potentialAction\":[{\"@type\":\"ReadAction\",\"target\":[\"https:\/\/fashiongold.lt\/et\/papuosalas\/kihlasormus-miluna-safiiridega\/\"]}]},{\"@type\":\"ImageObject\",\"inLanguage\":\"et\",\"@id\":\"https:\/\/fashiongold.lt\/et\/papuosalas\/kihlasormus-miluna-safiiridega\/#primaryimage\",\"url\":\"https:\/\/fashiongold.lt\/wp-content\/uploads\/2025\/10\/1394-04e-Suzadetuviu-ziedas-su-safyrais-Laseliai.jpg\",\"contentUrl\":\"https:\/\/fashiongold.lt\/wp-content\/uploads\/2025\/10\/1394-04e-Suzadetuviu-ziedas-su-safyrais-Laseliai.jpg\",\"width\":1621,\"height\":1632},{\"@type\":\"BreadcrumbList\",\"@id\":\"https:\/\/fashiongold.lt\/et\/papuosalas\/kihlasormus-miluna-safiiridega\/#breadcrumb\",\"itemListElement\":[{\"@type\":\"ListItem\",\"position\":1,\"name\":\"Home\",\"item\":\"https:\/\/fashiongold.lt\/et\/\"},{\"@type\":\"ListItem\",\"position\":2,\"name\":\"Teemantide pood Fashiongold.lt\",\"item\":\"https:\/\/fashiongold.lt\/shop-2\/\"},{\"@type\":\"ListItem\",\"position\":3,\"name\":\"Kihlas\u00f5rmus Miluna safiiridega\"}]},{\"@type\":\"WebSite\",\"@id\":\"https:\/\/fashiongold.lt\/et\/#website\",\"url\":\"https:\/\/fashiongold.lt\/et\/\",\"name\":\"Fashion Gold\",\"description\":\"Juvelyrikos namai\",\"publisher\":{\"@id\":\"https:\/\/fashiongold.lt\/et\/#organization\"},\"potentialAction\":[{\"@type\":\"SearchAction\",\"target\":{\"@type\":\"EntryPoint\",\"urlTemplate\":\"https:\/\/fashiongold.lt\/et\/?s={search_term_string}\"},\"query-input\":{\"@type\":\"PropertyValueSpecification\",\"valueRequired\":true,\"valueName\":\"search_term_string\"}}],\"inLanguage\":\"et\"},{\"@type\":\"Organization\",\"@id\":\"https:\/\/fashiongold.lt\/et\/#organization\",\"name\":\"Topdiamonds Online\",\"url\":\"https:\/\/fashiongold.lt\/et\/\",\"logo\":{\"@type\":\"ImageObject\",\"inLanguage\":\"et\",\"@id\":\"https:\/\/fashiongold.lt\/et\/#\/schema\/logo\/image\/\",\"url\":\"https:\/\/fashiongold.lt\/wp-content\/uploads\/2025\/04\/cropped-fashion_gold_logotipas2-scaled-1.png\",\"contentUrl\":\"https:\/\/fashiongold.lt\/wp-content\/uploads\/2025\/04\/cropped-fashion_gold_logotipas2-scaled-1.png\",\"width\":2559,\"height\":421,\"caption\":\"Topdiamonds Online\"},\"image\":{\"@id\":\"https:\/\/fashiongold.lt\/et\/#\/schema\/logo\/image\/\"}}]}<\/script>\n<!-- \/ Yoast SEO plugin. -->","yoast_head_json":{"title":"Kihlas\u00f5rmus safiiridega MILUNA","description":"Kihlas\u00f5rmused teemandi ja safiiriga. S\u00f5rmus on kaunistatud ehtsate safiiride ja teemantidega. Kihlas\u00f5rmused Vilniuses. Briljandiga s\u00f5rmus. Kihlas\u00f5rmused. teemants\u00f5rmused.","robots":{"index":"index","follow":"follow","max-snippet":"max-snippet:-1","max-image-preview":"max-image-preview:large","max-video-preview":"max-video-preview:-1"},"canonical":"https:\/\/fashiongold.lt\/et\/papuosalas\/kihlasormus-miluna-safiiridega\/","og_locale":"et_EE","og_type":"article","og_title":"Kihlas\u00f5rmus safiiridega MILUNA","og_description":"Kihlas\u00f5rmused teemandi ja safiiriga. S\u00f5rmus on kaunistatud ehtsate safiiride ja teemantidega. Kihlas\u00f5rmused Vilniuses. Briljandiga s\u00f5rmus. Kihlas\u00f5rmused. teemants\u00f5rmused.","og_url":"https:\/\/fashiongold.lt\/et\/papuosalas\/kihlasormus-miluna-safiiridega\/","og_site_name":"FashionGold.lt","og_image":[{"width":1621,"height":1632,"url":"https:\/\/fashiongold.lt\/wp-content\/uploads\/2025\/10\/1394-04e-Suzadetuviu-ziedas-su-safyrais-Laseliai.webp","type":"image\/jpeg"}],"twitter_card":"summary_large_image","schema":{"@context":"https:\/\/schema.org","@graph":[{"@type":"WebPage","@id":"https:\/\/fashiongold.lt\/et\/papuosalas\/kihlasormus-miluna-safiiridega\/","url":"https:\/\/fashiongold.lt\/et\/papuosalas\/kihlasormus-miluna-safiiridega\/","name":"Kihlas\u00f5rmus safiiridega MILUNA","isPartOf":{"@id":"https:\/\/fashiongold.lt\/et\/#website"},"primaryImageOfPage":{"@id":"https:\/\/fashiongold.lt\/et\/papuosalas\/kihlasormus-miluna-safiiridega\/#primaryimage"},"image":{"@id":"https:\/\/fashiongold.lt\/et\/papuosalas\/kihlasormus-miluna-safiiridega\/#primaryimage"},"thumbnailUrl":"https:\/\/fashiongold.lt\/wp-content\/uploads\/2025\/10\/1394-04e-Suzadetuviu-ziedas-su-safyrais-Laseliai.jpg","datePublished":"2025-10-09T17:36:48+00:00","description":"Kihlas\u00f5rmused teemandi ja safiiriga. S\u00f5rmus on kaunistatud ehtsate safiiride ja teemantidega. Kihlas\u00f5rmused Vilniuses. Briljandiga s\u00f5rmus. Kihlas\u00f5rmused. teemants\u00f5rmused.","breadcrumb":{"@id":"https:\/\/fashiongold.lt\/et\/papuosalas\/kihlasormus-miluna-safiiridega\/#breadcrumb"},"inLanguage":"et","potentialAction":[{"@type":"ReadAction","target":["https:\/\/fashiongold.lt\/et\/papuosalas\/kihlasormus-miluna-safiiridega\/"]}]},{"@type":"ImageObject","inLanguage":"et","@id":"https:\/\/fashiongold.lt\/et\/papuosalas\/kihlasormus-miluna-safiiridega\/#primaryimage","url":"https:\/\/fashiongold.lt\/wp-content\/uploads\/2025\/10\/1394-04e-Suzadetuviu-ziedas-su-safyrais-Laseliai.jpg","contentUrl":"https:\/\/fashiongold.lt\/wp-content\/uploads\/2025\/10\/1394-04e-Suzadetuviu-ziedas-su-safyrais-Laseliai.jpg","width":1621,"height":1632},{"@type":"BreadcrumbList","@id":"https:\/\/fashiongold.lt\/et\/papuosalas\/kihlasormus-miluna-safiiridega\/#breadcrumb","itemListElement":[{"@type":"ListItem","position":1,"name":"Home","item":"https:\/\/fashiongold.lt\/et\/"},{"@type":"ListItem","position":2,"name":"Teemantide pood Fashiongold.lt","item":"https:\/\/fashiongold.lt\/shop-2\/"},{"@type":"ListItem","position":3,"name":"Kihlas\u00f5rmus Miluna safiiridega"}]},{"@type":"WebSite","@id":"https:\/\/fashiongold.lt\/et\/#website","url":"https:\/\/fashiongold.lt\/et\/","name":"Fashion Gold","description":"Juvelyrikos namai","publisher":{"@id":"https:\/\/fashiongold.lt\/et\/#organization"},"potentialAction":[{"@type":"SearchAction","target":{"@type":"EntryPoint","urlTemplate":"https:\/\/fashiongold.lt\/et\/?s={search_term_string}"},"query-input":{"@type":"PropertyValueSpecification","valueRequired":true,"valueName":"search_term_string"}}],"inLanguage":"et"},{"@type":"Organization","@id":"https:\/\/fashiongold.lt\/et\/#organization","name":"Topdiamonds Online","url":"https:\/\/fashiongold.lt\/et\/","logo":{"@type":"ImageObject","inLanguage":"et","@id":"https:\/\/fashiongold.lt\/et\/#\/schema\/logo\/image\/","url":"https:\/\/fashiongold.lt\/wp-content\/uploads\/2025\/04\/cropped-fashion_gold_logotipas2-scaled-1.png","contentUrl":"https:\/\/fashiongold.lt\/wp-content\/uploads\/2025\/04\/cropped-fashion_gold_logotipas2-scaled-1.png","width":2559,"height":421,"caption":"Topdiamonds Online"},"image":{"@id":"https:\/\/fashiongold.lt\/et\/#\/schema\/logo\/image\/"}}]}},"_links":{"self":[{"href":"https:\/\/fashiongold.lt\/et\/wp-json\/wp\/v2\/product\/288667","targetHints":{"allow":["GET"]}}],"collection":[{"href":"https:\/\/fashiongold.lt\/et\/wp-json\/wp\/v2\/product"}],"about":[{"href":"https:\/\/fashiongold.lt\/et\/wp-json\/wp\/v2\/types\/product"}],"version-history":[{"count":0,"href":"https:\/\/fashiongold.lt\/et\/wp-json\/wp\/v2\/product\/288667\/revisions"}],"wp:featuredmedia":[{"embeddable":true,"href":"https:\/\/fashiongold.lt\/et\/wp-json\/wp\/v2\/media\/50817"}],"wp:attachment":[{"href":"https:\/\/fashiongold.lt\/et\/wp-json\/wp\/v2\/media?parent=288667"}],"wp:term":[{"taxonomy":"product_brand","embeddable":true,"href":"https:\/\/fashiongold.lt\/et\/wp-json\/wp\/v2\/product_brand?post=288667"},{"taxonomy":"product_cat","embeddable":true,"href":"https:\/\/fashiongold.lt\/et\/wp-json\/wp\/v2\/product_cat?post=288667"},{"taxonomy":"product_tag","embeddable":true,"href":"https:\/\/fashiongold.lt\/et\/wp-json\/wp\/v2\/product_tag?post=288667"}],"curies":[{"name":"wp","href":"https:\/\/api.w.org\/{rel}","templated":true}]}}