{"id":288908,"date":"2025-10-09T17:25:35","date_gmt":"2025-10-09T17:25:35","guid":{"rendered":"https:\/\/fashiongold.lt\/papuosalas\/abielusormus-kontrastid-valmistamine\/"},"modified":"2025-10-09T17:25:35","modified_gmt":"2025-10-09T17:25:35","slug":"abielusormus-kontrastid-valmistamine","status":"publish","type":"product","link":"https:\/\/fashiongold.lt\/et\/papuosalas\/abielusormus-kontrastid-valmistamine\/","title":{"rendered":"ABIELUS\u00d5RMUS \u201cKONTRASTID\u201d \u2013 VALMISTAMINE"},"content":{"rendered":"<p>Originaalse disainiga k\u00e4sit\u00f6\u00f6na valminud abielus\u00f5rmus, kus kontrasteeruvad valge ja kollane kuld. Abielus\u00f5rmused on loonud \u201cFashion Gold\u201d ettev\u00f5tte juveliirid. Seda abielus\u00f5rmust saab valmistada j\u00e4rgmistest metallidest ja proovidest: kuld 585, 750.<\/p>\n<p>S\u00f5rmuse metalli v\u00e4rvus: vastavalt soovile.<\/p>\n<p>S\u00f5rmuse laius: 5 mm (v\u00f5imalik muuta). Hind on m\u00e4rgitud valmistamisel Teie olemasolevast kullast.<\/p>\n<p>Hind on m\u00e4rgitud ilma proovitaatluseta.<\/p>\n<p>Vajaliku kulla ligikaudne kaal vastavalt s\u00f5rmuse laiusele (s\u00f5ltub suurusest):<\/p>\n<p>Laius kuni 4 mm &#8211; vaja 4 kuni 6 g kulda<\/p>\n<p>Laius 5-6 mm &#8211; vaja 5 kuni 7 g kulda<\/p>\n<p>Laius 6-8 mm &#8211; vaja 9 kuni 11 g kulda<\/p>\n<p>T\u00c4PSEMAT INFOT SAATE KIRJUTADES INFO@FASHIONGOLD.LT V\u00d5I K\u00dcLASTADES SALONGI, PAM\u0116NKALNIO TN 5 VILNIUSES<\/p>\n","protected":false},"excerpt":{"rendered":"<p>Originaalse disainiga k\u00e4sit\u00f6\u00f6na valminud abielus\u00f5rmus<\/p>\n","protected":false},"featured_media":47966,"template":"","meta":{"site-sidebar-layout":"","site-content-layout":"","ast-site-content-layout":"","site-content-style":"","site-sidebar-style":"","ast-global-header-display":"","ast-banner-title-visibility":"","ast-main-header-display":"","ast-hfb-above-header-display":"","ast-hfb-below-header-display":"","ast-hfb-mobile-header-display":"","site-post-title":"","ast-breadcrumbs-content":"","ast-featured-img":"","footer-sml-layout":"","ast-disable-related-posts":"","theme-transparent-header-meta":"","adv-header-id-meta":"","stick-header-meta":"","header-above-stick-meta":"","header-main-stick-meta":"","header-below-stick-meta":"","astra-migrate-meta-layouts":"default","ast-page-background-enabled":"default","ast-page-background-meta":{"desktop":{"background-color":"var(--ast-global-color-4)","background-image":"","background-repeat":"repeat","background-position":"center center","background-size":"auto","background-attachment":"scroll","background-type":"","background-media":"","overlay-type":"","overlay-color":"","overlay-opacity":"","overlay-gradient":""},"tablet":{"background-color":"","background-image":"","background-repeat":"repeat","background-position":"center center","background-size":"auto","background-attachment":"scroll","background-type":"","background-media":"","overlay-type":"","overlay-color":"","overlay-opacity":"","overlay-gradient":""},"mobile":{"background-color":"","background-image":"","background-repeat":"repeat","background-position":"center center","background-size":"auto","background-attachment":"scroll","background-type":"","background-media":"","overlay-type":"","overlay-color":"","overlay-opacity":"","overlay-gradient":""}},"ast-content-background-meta":{"desktop":{"background-color":"var(--ast-global-color-5)","background-image":"","background-repeat":"repeat","background-position":"center center","background-size":"auto","background-attachment":"scroll","background-type":"","background-media":"","overlay-type":"","overlay-color":"","overlay-opacity":"","overlay-gradient":""},"tablet":{"background-color":"var(--ast-global-color-5)","background-image":"","background-repeat":"repeat","background-position":"center center","background-size":"auto","background-attachment":"scroll","background-type":"","background-media":"","overlay-type":"","overlay-color":"","overlay-opacity":"","overlay-gradient":""},"mobile":{"background-color":"var(--ast-global-color-5)","background-image":"","background-repeat":"repeat","background-position":"center center","background-size":"auto","background-attachment":"scroll","background-type":"","background-media":"","overlay-type":"","overlay-color":"","overlay-opacity":"","overlay-gradient":""}}},"product_brand":[],"product_cat":[3594,3793],"product_tag":[],"class_list":{"0":"post-288908","1":"product","2":"type-product","3":"status-publish","4":"has-post-thumbnail","6":"product_cat-abielusormused","7":"product_cat-abielusormuste-valmistamine","8":"desktop-align-center","9":"tablet-align-left","10":"mobile-align-left","11":"ast-product-gallery-layout-horizontal-slider","12":"ast-product-gallery-with-no-image","13":"ast-product-tabs-layout-accordion","14":"ast-qv-on-image","16":"first","17":"instock","18":"taxable","19":"shipping-taxable","20":"purchasable","21":"product-type-simple"},"yoast_head":"<!-- This site is optimized with the Yoast SEO plugin v26.6 - https:\/\/yoast.com\/wordpress\/plugins\/seo\/ -->\n<title>ABIELUS\u00d5RMUS \u201cKONTRASTID\u201d \u2013 VALMISTAMINE - FashionGold.lt<\/title>\n<meta name=\"robots\" content=\"index, follow, max-snippet:-1, max-image-preview:large, max-video-preview:-1\" \/>\n<link rel=\"canonical\" href=\"https:\/\/fashiongold.lt\/et\/papuosalas\/abielusormus-kontrastid-valmistamine\/\" \/>\n<meta property=\"og:locale\" content=\"et_EE\" \/>\n<meta property=\"og:type\" content=\"article\" \/>\n<meta property=\"og:title\" content=\"ABIELUS\u00d5RMUS \u201cKONTRASTID\u201d \u2013 VALMISTAMINE - FashionGold.lt\" \/>\n<meta property=\"og:description\" content=\"Originaalse disainiga k\u00e4sit\u00f6\u00f6na valminud abielus\u00f5rmus\" \/>\n<meta property=\"og:url\" content=\"https:\/\/fashiongold.lt\/et\/papuosalas\/abielusormus-kontrastid-valmistamine\/\" \/>\n<meta property=\"og:site_name\" content=\"FashionGold.lt\" \/>\n<meta property=\"og:image\" content=\"https:\/\/fashiongold.lt\/wp-content\/uploads\/2025\/10\/770-769-VESTUVINIS-ZIEDAS-KONTRASTAI-GAMYBA.webp\" \/>\n\t<meta property=\"og:image:width\" content=\"547\" \/>\n\t<meta property=\"og:image:height\" content=\"478\" \/>\n\t<meta property=\"og:image:type\" content=\"image\/jpeg\" \/>\n<meta name=\"twitter:card\" content=\"summary_large_image\" \/>\n<meta name=\"twitter:label1\" content=\"Est. reading time\" \/>\n\t<meta name=\"twitter:data1\" content=\"1 minut\" \/>\n<script type=\"application\/ld+json\" class=\"yoast-schema-graph\">{\"@context\":\"https:\/\/schema.org\",\"@graph\":[{\"@type\":\"WebPage\",\"@id\":\"https:\/\/fashiongold.lt\/et\/papuosalas\/abielusormus-kontrastid-valmistamine\/\",\"url\":\"https:\/\/fashiongold.lt\/et\/papuosalas\/abielusormus-kontrastid-valmistamine\/\",\"name\":\"ABIELUS\u00d5RMUS \u201cKONTRASTID\u201d \u2013 VALMISTAMINE - FashionGold.lt\",\"isPartOf\":{\"@id\":\"https:\/\/fashiongold.lt\/et\/#website\"},\"primaryImageOfPage\":{\"@id\":\"https:\/\/fashiongold.lt\/et\/papuosalas\/abielusormus-kontrastid-valmistamine\/#primaryimage\"},\"image\":{\"@id\":\"https:\/\/fashiongold.lt\/et\/papuosalas\/abielusormus-kontrastid-valmistamine\/#primaryimage\"},\"thumbnailUrl\":\"https:\/\/fashiongold.lt\/wp-content\/uploads\/2025\/10\/770-769-VESTUVINIS-ZIEDAS-KONTRASTAI-GAMYBA.jpg\",\"datePublished\":\"2025-10-09T17:25:35+00:00\",\"breadcrumb\":{\"@id\":\"https:\/\/fashiongold.lt\/et\/papuosalas\/abielusormus-kontrastid-valmistamine\/#breadcrumb\"},\"inLanguage\":\"et\",\"potentialAction\":[{\"@type\":\"ReadAction\",\"target\":[\"https:\/\/fashiongold.lt\/et\/papuosalas\/abielusormus-kontrastid-valmistamine\/\"]}]},{\"@type\":\"ImageObject\",\"inLanguage\":\"et\",\"@id\":\"https:\/\/fashiongold.lt\/et\/papuosalas\/abielusormus-kontrastid-valmistamine\/#primaryimage\",\"url\":\"https:\/\/fashiongold.lt\/wp-content\/uploads\/2025\/10\/770-769-VESTUVINIS-ZIEDAS-KONTRASTAI-GAMYBA.jpg\",\"contentUrl\":\"https:\/\/fashiongold.lt\/wp-content\/uploads\/2025\/10\/770-769-VESTUVINIS-ZIEDAS-KONTRASTAI-GAMYBA.jpg\",\"width\":547,\"height\":478},{\"@type\":\"BreadcrumbList\",\"@id\":\"https:\/\/fashiongold.lt\/et\/papuosalas\/abielusormus-kontrastid-valmistamine\/#breadcrumb\",\"itemListElement\":[{\"@type\":\"ListItem\",\"position\":1,\"name\":\"Home\",\"item\":\"https:\/\/fashiongold.lt\/et\/\"},{\"@type\":\"ListItem\",\"position\":2,\"name\":\"Teemantide pood Fashiongold.lt\",\"item\":\"https:\/\/fashiongold.lt\/shop-2\/\"},{\"@type\":\"ListItem\",\"position\":3,\"name\":\"ABIELUS\u00d5RMUS \u201cKONTRASTID\u201d \u2013 VALMISTAMINE\"}]},{\"@type\":\"WebSite\",\"@id\":\"https:\/\/fashiongold.lt\/et\/#website\",\"url\":\"https:\/\/fashiongold.lt\/et\/\",\"name\":\"Fashion Gold\",\"description\":\"Juvelyrikos namai\",\"publisher\":{\"@id\":\"https:\/\/fashiongold.lt\/et\/#organization\"},\"potentialAction\":[{\"@type\":\"SearchAction\",\"target\":{\"@type\":\"EntryPoint\",\"urlTemplate\":\"https:\/\/fashiongold.lt\/et\/?s={search_term_string}\"},\"query-input\":{\"@type\":\"PropertyValueSpecification\",\"valueRequired\":true,\"valueName\":\"search_term_string\"}}],\"inLanguage\":\"et\"},{\"@type\":\"Organization\",\"@id\":\"https:\/\/fashiongold.lt\/et\/#organization\",\"name\":\"Topdiamonds Online\",\"url\":\"https:\/\/fashiongold.lt\/et\/\",\"logo\":{\"@type\":\"ImageObject\",\"inLanguage\":\"et\",\"@id\":\"https:\/\/fashiongold.lt\/et\/#\/schema\/logo\/image\/\",\"url\":\"https:\/\/fashiongold.lt\/wp-content\/uploads\/2025\/04\/cropped-fashion_gold_logotipas2-scaled-1.png\",\"contentUrl\":\"https:\/\/fashiongold.lt\/wp-content\/uploads\/2025\/04\/cropped-fashion_gold_logotipas2-scaled-1.png\",\"width\":2559,\"height\":421,\"caption\":\"Topdiamonds Online\"},\"image\":{\"@id\":\"https:\/\/fashiongold.lt\/et\/#\/schema\/logo\/image\/\"}}]}<\/script>\n<!-- \/ Yoast SEO plugin. -->","yoast_head_json":{"title":"ABIELUS\u00d5RMUS \u201cKONTRASTID\u201d \u2013 VALMISTAMINE - FashionGold.lt","robots":{"index":"index","follow":"follow","max-snippet":"max-snippet:-1","max-image-preview":"max-image-preview:large","max-video-preview":"max-video-preview:-1"},"canonical":"https:\/\/fashiongold.lt\/et\/papuosalas\/abielusormus-kontrastid-valmistamine\/","og_locale":"et_EE","og_type":"article","og_title":"ABIELUS\u00d5RMUS \u201cKONTRASTID\u201d \u2013 VALMISTAMINE - FashionGold.lt","og_description":"Originaalse disainiga k\u00e4sit\u00f6\u00f6na valminud abielus\u00f5rmus","og_url":"https:\/\/fashiongold.lt\/et\/papuosalas\/abielusormus-kontrastid-valmistamine\/","og_site_name":"FashionGold.lt","og_image":[{"width":547,"height":478,"url":"https:\/\/fashiongold.lt\/wp-content\/uploads\/2025\/10\/770-769-VESTUVINIS-ZIEDAS-KONTRASTAI-GAMYBA.webp","type":"image\/jpeg"}],"twitter_card":"summary_large_image","twitter_misc":{"Est. reading time":"1 minut"},"schema":{"@context":"https:\/\/schema.org","@graph":[{"@type":"WebPage","@id":"https:\/\/fashiongold.lt\/et\/papuosalas\/abielusormus-kontrastid-valmistamine\/","url":"https:\/\/fashiongold.lt\/et\/papuosalas\/abielusormus-kontrastid-valmistamine\/","name":"ABIELUS\u00d5RMUS \u201cKONTRASTID\u201d \u2013 VALMISTAMINE - FashionGold.lt","isPartOf":{"@id":"https:\/\/fashiongold.lt\/et\/#website"},"primaryImageOfPage":{"@id":"https:\/\/fashiongold.lt\/et\/papuosalas\/abielusormus-kontrastid-valmistamine\/#primaryimage"},"image":{"@id":"https:\/\/fashiongold.lt\/et\/papuosalas\/abielusormus-kontrastid-valmistamine\/#primaryimage"},"thumbnailUrl":"https:\/\/fashiongold.lt\/wp-content\/uploads\/2025\/10\/770-769-VESTUVINIS-ZIEDAS-KONTRASTAI-GAMYBA.jpg","datePublished":"2025-10-09T17:25:35+00:00","breadcrumb":{"@id":"https:\/\/fashiongold.lt\/et\/papuosalas\/abielusormus-kontrastid-valmistamine\/#breadcrumb"},"inLanguage":"et","potentialAction":[{"@type":"ReadAction","target":["https:\/\/fashiongold.lt\/et\/papuosalas\/abielusormus-kontrastid-valmistamine\/"]}]},{"@type":"ImageObject","inLanguage":"et","@id":"https:\/\/fashiongold.lt\/et\/papuosalas\/abielusormus-kontrastid-valmistamine\/#primaryimage","url":"https:\/\/fashiongold.lt\/wp-content\/uploads\/2025\/10\/770-769-VESTUVINIS-ZIEDAS-KONTRASTAI-GAMYBA.jpg","contentUrl":"https:\/\/fashiongold.lt\/wp-content\/uploads\/2025\/10\/770-769-VESTUVINIS-ZIEDAS-KONTRASTAI-GAMYBA.jpg","width":547,"height":478},{"@type":"BreadcrumbList","@id":"https:\/\/fashiongold.lt\/et\/papuosalas\/abielusormus-kontrastid-valmistamine\/#breadcrumb","itemListElement":[{"@type":"ListItem","position":1,"name":"Home","item":"https:\/\/fashiongold.lt\/et\/"},{"@type":"ListItem","position":2,"name":"Teemantide pood Fashiongold.lt","item":"https:\/\/fashiongold.lt\/shop-2\/"},{"@type":"ListItem","position":3,"name":"ABIELUS\u00d5RMUS \u201cKONTRASTID\u201d \u2013 VALMISTAMINE"}]},{"@type":"WebSite","@id":"https:\/\/fashiongold.lt\/et\/#website","url":"https:\/\/fashiongold.lt\/et\/","name":"Fashion Gold","description":"Juvelyrikos namai","publisher":{"@id":"https:\/\/fashiongold.lt\/et\/#organization"},"potentialAction":[{"@type":"SearchAction","target":{"@type":"EntryPoint","urlTemplate":"https:\/\/fashiongold.lt\/et\/?s={search_term_string}"},"query-input":{"@type":"PropertyValueSpecification","valueRequired":true,"valueName":"search_term_string"}}],"inLanguage":"et"},{"@type":"Organization","@id":"https:\/\/fashiongold.lt\/et\/#organization","name":"Topdiamonds Online","url":"https:\/\/fashiongold.lt\/et\/","logo":{"@type":"ImageObject","inLanguage":"et","@id":"https:\/\/fashiongold.lt\/et\/#\/schema\/logo\/image\/","url":"https:\/\/fashiongold.lt\/wp-content\/uploads\/2025\/04\/cropped-fashion_gold_logotipas2-scaled-1.png","contentUrl":"https:\/\/fashiongold.lt\/wp-content\/uploads\/2025\/04\/cropped-fashion_gold_logotipas2-scaled-1.png","width":2559,"height":421,"caption":"Topdiamonds Online"},"image":{"@id":"https:\/\/fashiongold.lt\/et\/#\/schema\/logo\/image\/"}}]}},"_links":{"self":[{"href":"https:\/\/fashiongold.lt\/et\/wp-json\/wp\/v2\/product\/288908","targetHints":{"allow":["GET"]}}],"collection":[{"href":"https:\/\/fashiongold.lt\/et\/wp-json\/wp\/v2\/product"}],"about":[{"href":"https:\/\/fashiongold.lt\/et\/wp-json\/wp\/v2\/types\/product"}],"version-history":[{"count":0,"href":"https:\/\/fashiongold.lt\/et\/wp-json\/wp\/v2\/product\/288908\/revisions"}],"wp:featuredmedia":[{"embeddable":true,"href":"https:\/\/fashiongold.lt\/et\/wp-json\/wp\/v2\/media\/47966"}],"wp:attachment":[{"href":"https:\/\/fashiongold.lt\/et\/wp-json\/wp\/v2\/media?parent=288908"}],"wp:term":[{"taxonomy":"product_brand","embeddable":true,"href":"https:\/\/fashiongold.lt\/et\/wp-json\/wp\/v2\/product_brand?post=288908"},{"taxonomy":"product_cat","embeddable":true,"href":"https:\/\/fashiongold.lt\/et\/wp-json\/wp\/v2\/product_cat?post=288908"},{"taxonomy":"product_tag","embeddable":true,"href":"https:\/\/fashiongold.lt\/et\/wp-json\/wp\/v2\/product_tag?post=288908"}],"curies":[{"name":"wp","href":"https:\/\/api.w.org\/{rel}","templated":true}]}}