{"id":288994,"date":"2025-10-09T21:25:57","date_gmt":"2025-10-09T21:25:57","guid":{"rendered":"https:\/\/fashiongold.lt\/papuosalas\/sudame-lumm-kollasest-kullast-kett-ja-sudamekujuline-ripats-teemantidega\/"},"modified":"2026-02-17T12:18:10","modified_gmt":"2026-02-17T12:18:10","slug":"sudame-lumm-kollasest-kullast-kett-ja-sudamekujuline-ripats-teemantidega","status":"publish","type":"product","link":"https:\/\/fashiongold.lt\/et\/papuosalas\/sudame-lumm-kollasest-kullast-kett-ja-sudamekujuline-ripats-teemantidega\/","title":{"rendered":"S\u00fcdame Lumm \u2013 kollasest kullast kett ja s\u00fcdamekujuline ripats teemantidega"},"content":{"rendered":"<p>Valmistatud Leedus. Ripatsit saab valmistada tellimust\u00f6\u00f6na: punasest, kollasest ja valgest kullast.<\/p>\n<p>\u2022 Teemandi t\u00fc\u00fcp: Looduslik teemant<\/p>\n<p>\u2022 Teemandi kuju: \u00dcmar lihv (Round cut)<\/p>\n<p>\u2022 Teemandi omadused: 0,06 ct \u00dcmar kuju, v\u00e4rvus H-I(W-STW); puhtus SI-P1<\/p>\n<p>\u2022 Sertifikaat: Leedu Proovikoda (LPR)<\/p>\n<p>\u2022 Ripatsi kuld: 14K (proov 585)<\/p>\n<p>\u2022 Ripatsi v\u00e4rvus: kollane kuld<\/p>\n<p>\u2022 Ripatsi kaal: umbes 1,10-1,30 g<\/p>\n<p>\u2022 Keti pikkus: reguleeritav 42-45 cm<\/p>\n<p>\u2022 Ripatsi suurus: pikkus 7 mm, laius 12 mm.<\/p>\n","protected":false},"excerpt":{"rendered":"<p>\u00d5rn kollasest kullast kett koos efektse teemantidega s\u00fcdameripatsiga loob eksklusiivse kombinatsiooni. Eriline disain \u2013 \u00fcks suurem s\u00fcda on kaunistatud teemantidega, teine on elegantne kollasest kullast s\u00fcda selle sees. Suurep\u00e4rane kingitus erilisteks puhkudeks, mis sobib emadele ja lastele, kahele armunud s\u00fcdamele.<\/p>\n","protected":false},"featured_media":72403,"template":"","meta":{"site-sidebar-layout":"","site-content-layout":"","ast-site-content-layout":"","site-content-style":"","site-sidebar-style":"","ast-global-header-display":"","ast-banner-title-visibility":"","ast-main-header-display":"","ast-hfb-above-header-display":"","ast-hfb-below-header-display":"","ast-hfb-mobile-header-display":"","site-post-title":"","ast-breadcrumbs-content":"","ast-featured-img":"","footer-sml-layout":"","ast-disable-related-posts":"","theme-transparent-header-meta":"","adv-header-id-meta":"","stick-header-meta":"","header-above-stick-meta":"","header-main-stick-meta":"","header-below-stick-meta":"","astra-migrate-meta-layouts":"default","ast-page-background-enabled":"default","ast-page-background-meta":{"desktop":{"background-color":"var(--ast-global-color-4)","background-image":"","background-repeat":"repeat","background-position":"center center","background-size":"auto","background-attachment":"scroll","background-type":"","background-media":"","overlay-type":"","overlay-color":"","overlay-opacity":"","overlay-gradient":""},"tablet":{"background-color":"","background-image":"","background-repeat":"repeat","background-position":"center center","background-size":"auto","background-attachment":"scroll","background-type":"","background-media":"","overlay-type":"","overlay-color":"","overlay-opacity":"","overlay-gradient":""},"mobile":{"background-color":"","background-image":"","background-repeat":"repeat","background-position":"center center","background-size":"auto","background-attachment":"scroll","background-type":"","background-media":"","overlay-type":"","overlay-color":"","overlay-opacity":"","overlay-gradient":""}},"ast-content-background-meta":{"desktop":{"background-color":"var(--ast-global-color-5)","background-image":"","background-repeat":"repeat","background-position":"center center","background-size":"auto","background-attachment":"scroll","background-type":"","background-media":"","overlay-type":"","overlay-color":"","overlay-opacity":"","overlay-gradient":""},"tablet":{"background-color":"var(--ast-global-color-5)","background-image":"","background-repeat":"repeat","background-position":"center center","background-size":"auto","background-attachment":"scroll","background-type":"","background-media":"","overlay-type":"","overlay-color":"","overlay-opacity":"","overlay-gradient":""},"mobile":{"background-color":"var(--ast-global-color-5)","background-image":"","background-repeat":"repeat","background-position":"center center","background-size":"auto","background-attachment":"scroll","background-type":"","background-media":"","overlay-type":"","overlay-color":"","overlay-opacity":"","overlay-gradient":""}}},"product_brand":[],"product_cat":[3058,2830,2826,3482,2829,2823,2828,2822,2824,3392,2821,2831,2985,3394,2984,3393,3391,2845,3395,3396],"product_tag":[],"class_list":{"0":"post-288994","1":"product","2":"type-product","3":"status-publish","4":"has-post-thumbnail","6":"product_cat-ehted","7":"product_cat-emadepaeva-kingitused","8":"product_cat-joulukingid","9":"product_cat-kingitus-esimese-armulaua-puhul","10":"product_cat-kingitused-erilisteks-puhkudeks","11":"product_cat-kingitused-lapse-sunni-puhul","12":"product_cat-kingitused-lopetamise-puhul","13":"product_cat-kingitused-naistele","14":"product_cat-kingitused-pulma-aastapaeva-puhul","15":"product_cat-kingitused-pulmade-puhul","16":"product_cat-kingitused-sunnipaevaks","17":"product_cat-kollasest-kullast-ehted","18":"product_cat-kuldne-kett-ripatsiga-vastavalt-horoskoobile","19":"product_cat-kuldne-kett-tudrukutele","20":"product_cat-ripatsid-teemantidega","21":"product_cat-ristimiskett","22":"product_cat-ristimiskingitused","23":"product_cat-sobrapaeva-kingitused","24":"product_cat-teemandiga-kaelakee","25":"product_cat-teemantitega-ketid","26":"desktop-align-center","27":"tablet-align-left","28":"mobile-align-left","29":"ast-product-gallery-layout-horizontal-slider","30":"ast-product-gallery-with-no-image","31":"ast-product-tabs-layout-accordion","32":"ast-qv-on-image","34":"first","35":"instock","36":"taxable","37":"shipping-taxable","38":"purchasable","39":"product-type-simple"},"yoast_head":"<!-- This site is optimized with the Yoast SEO plugin v26.6 - https:\/\/yoast.com\/wordpress\/plugins\/seo\/ -->\n<title>Kuldne kett ja s\u00fcdamekujuline teemantidega ripats<\/title>\n<meta name=\"description\" content=\"Kuldkett ja teemantidega ripats: \u00fcks s\u00fcda on kaunistatud teemantidega, teine seesmine on kollasest kullast. Suurep\u00e4rane kingitus erilisteks puhkudeks.\" \/>\n<meta name=\"robots\" content=\"index, follow, max-snippet:-1, max-image-preview:large, max-video-preview:-1\" \/>\n<link rel=\"canonical\" href=\"https:\/\/fashiongold.lt\/et\/papuosalas\/sudame-lumm-kollasest-kullast-kett-ja-sudamekujuline-ripats-teemantidega\/\" \/>\n<meta property=\"og:locale\" content=\"et_EE\" \/>\n<meta property=\"og:type\" content=\"article\" \/>\n<meta property=\"og:title\" content=\"Kuldne kett ja s\u00fcdamekujuline teemantidega ripats\" \/>\n<meta property=\"og:description\" content=\"Kuldkett ja teemantidega ripats: \u00fcks s\u00fcda on kaunistatud teemantidega, teine seesmine on kollasest kullast. Suurep\u00e4rane kingitus erilisteks puhkudeks.\" \/>\n<meta property=\"og:url\" content=\"https:\/\/fashiongold.lt\/et\/papuosalas\/sudame-lumm-kollasest-kullast-kett-ja-sudamekujuline-ripats-teemantidega\/\" \/>\n<meta property=\"og:site_name\" content=\"FashionGold.lt\" \/>\n<meta property=\"article:modified_time\" content=\"2026-02-17T12:18:10+00:00\" \/>\n<meta property=\"og:image\" content=\"https:\/\/fashiongold.lt\/wp-content\/uploads\/2025\/10\/4448-6bc-geltono-aukso-grandinele-ir-sirdutes-formos-pakabukas-su-deimantais.webp\" \/>\n\t<meta property=\"og:image:width\" content=\"1000\" \/>\n\t<meta property=\"og:image:height\" content=\"1000\" \/>\n\t<meta property=\"og:image:type\" content=\"image\/jpeg\" \/>\n<meta name=\"twitter:card\" content=\"summary_large_image\" \/>\n<script type=\"application\/ld+json\" class=\"yoast-schema-graph\">{\"@context\":\"https:\/\/schema.org\",\"@graph\":[{\"@type\":\"WebPage\",\"@id\":\"https:\/\/fashiongold.lt\/et\/papuosalas\/sudame-lumm-kollasest-kullast-kett-ja-sudamekujuline-ripats-teemantidega\/\",\"url\":\"https:\/\/fashiongold.lt\/et\/papuosalas\/sudame-lumm-kollasest-kullast-kett-ja-sudamekujuline-ripats-teemantidega\/\",\"name\":\"Kuldne kett ja s\u00fcdamekujuline teemantidega ripats\",\"isPartOf\":{\"@id\":\"https:\/\/fashiongold.lt\/et\/#website\"},\"primaryImageOfPage\":{\"@id\":\"https:\/\/fashiongold.lt\/et\/papuosalas\/sudame-lumm-kollasest-kullast-kett-ja-sudamekujuline-ripats-teemantidega\/#primaryimage\"},\"image\":{\"@id\":\"https:\/\/fashiongold.lt\/et\/papuosalas\/sudame-lumm-kollasest-kullast-kett-ja-sudamekujuline-ripats-teemantidega\/#primaryimage\"},\"thumbnailUrl\":\"https:\/\/fashiongold.lt\/wp-content\/uploads\/2025\/10\/4448-6bc-geltono-aukso-grandinele-ir-sirdutes-formos-pakabukas-su-deimantais.jpg\",\"datePublished\":\"2025-10-09T21:25:57+00:00\",\"dateModified\":\"2026-02-17T12:18:10+00:00\",\"description\":\"Kuldkett ja teemantidega ripats: \u00fcks s\u00fcda on kaunistatud teemantidega, teine seesmine on kollasest kullast. Suurep\u00e4rane kingitus erilisteks puhkudeks.\",\"breadcrumb\":{\"@id\":\"https:\/\/fashiongold.lt\/et\/papuosalas\/sudame-lumm-kollasest-kullast-kett-ja-sudamekujuline-ripats-teemantidega\/#breadcrumb\"},\"inLanguage\":\"et\",\"potentialAction\":[{\"@type\":\"ReadAction\",\"target\":[\"https:\/\/fashiongold.lt\/et\/papuosalas\/sudame-lumm-kollasest-kullast-kett-ja-sudamekujuline-ripats-teemantidega\/\"]}]},{\"@type\":\"ImageObject\",\"inLanguage\":\"et\",\"@id\":\"https:\/\/fashiongold.lt\/et\/papuosalas\/sudame-lumm-kollasest-kullast-kett-ja-sudamekujuline-ripats-teemantidega\/#primaryimage\",\"url\":\"https:\/\/fashiongold.lt\/wp-content\/uploads\/2025\/10\/4448-6bc-geltono-aukso-grandinele-ir-sirdutes-formos-pakabukas-su-deimantais.jpg\",\"contentUrl\":\"https:\/\/fashiongold.lt\/wp-content\/uploads\/2025\/10\/4448-6bc-geltono-aukso-grandinele-ir-sirdutes-formos-pakabukas-su-deimantais.jpg\",\"width\":1000,\"height\":1000},{\"@type\":\"BreadcrumbList\",\"@id\":\"https:\/\/fashiongold.lt\/et\/papuosalas\/sudame-lumm-kollasest-kullast-kett-ja-sudamekujuline-ripats-teemantidega\/#breadcrumb\",\"itemListElement\":[{\"@type\":\"ListItem\",\"position\":1,\"name\":\"Home\",\"item\":\"https:\/\/fashiongold.lt\/et\/\"},{\"@type\":\"ListItem\",\"position\":2,\"name\":\"Teemantide pood Fashiongold.lt\",\"item\":\"https:\/\/fashiongold.lt\/shop-2\/\"},{\"@type\":\"ListItem\",\"position\":3,\"name\":\"S\u00fcdame Lumm \u2013 kollasest kullast kett ja s\u00fcdamekujuline ripats teemantidega\"}]},{\"@type\":\"WebSite\",\"@id\":\"https:\/\/fashiongold.lt\/et\/#website\",\"url\":\"https:\/\/fashiongold.lt\/et\/\",\"name\":\"Fashion Gold\",\"description\":\"Juvelyrikos namai\",\"publisher\":{\"@id\":\"https:\/\/fashiongold.lt\/et\/#organization\"},\"potentialAction\":[{\"@type\":\"SearchAction\",\"target\":{\"@type\":\"EntryPoint\",\"urlTemplate\":\"https:\/\/fashiongold.lt\/et\/?s={search_term_string}\"},\"query-input\":{\"@type\":\"PropertyValueSpecification\",\"valueRequired\":true,\"valueName\":\"search_term_string\"}}],\"inLanguage\":\"et\"},{\"@type\":\"Organization\",\"@id\":\"https:\/\/fashiongold.lt\/et\/#organization\",\"name\":\"Topdiamonds Online\",\"url\":\"https:\/\/fashiongold.lt\/et\/\",\"logo\":{\"@type\":\"ImageObject\",\"inLanguage\":\"et\",\"@id\":\"https:\/\/fashiongold.lt\/et\/#\/schema\/logo\/image\/\",\"url\":\"https:\/\/fashiongold.lt\/wp-content\/uploads\/2025\/04\/cropped-fashion_gold_logotipas2-scaled-1.png\",\"contentUrl\":\"https:\/\/fashiongold.lt\/wp-content\/uploads\/2025\/04\/cropped-fashion_gold_logotipas2-scaled-1.png\",\"width\":2559,\"height\":421,\"caption\":\"Topdiamonds Online\"},\"image\":{\"@id\":\"https:\/\/fashiongold.lt\/et\/#\/schema\/logo\/image\/\"}}]}<\/script>\n<!-- \/ Yoast SEO plugin. -->","yoast_head_json":{"title":"Kuldne kett ja s\u00fcdamekujuline teemantidega ripats","description":"Kuldkett ja teemantidega ripats: \u00fcks s\u00fcda on kaunistatud teemantidega, teine seesmine on kollasest kullast. Suurep\u00e4rane kingitus erilisteks puhkudeks.","robots":{"index":"index","follow":"follow","max-snippet":"max-snippet:-1","max-image-preview":"max-image-preview:large","max-video-preview":"max-video-preview:-1"},"canonical":"https:\/\/fashiongold.lt\/et\/papuosalas\/sudame-lumm-kollasest-kullast-kett-ja-sudamekujuline-ripats-teemantidega\/","og_locale":"et_EE","og_type":"article","og_title":"Kuldne kett ja s\u00fcdamekujuline teemantidega ripats","og_description":"Kuldkett ja teemantidega ripats: \u00fcks s\u00fcda on kaunistatud teemantidega, teine seesmine on kollasest kullast. Suurep\u00e4rane kingitus erilisteks puhkudeks.","og_url":"https:\/\/fashiongold.lt\/et\/papuosalas\/sudame-lumm-kollasest-kullast-kett-ja-sudamekujuline-ripats-teemantidega\/","og_site_name":"FashionGold.lt","article_modified_time":"2026-02-17T12:18:10+00:00","og_image":[{"width":1000,"height":1000,"url":"https:\/\/fashiongold.lt\/wp-content\/uploads\/2025\/10\/4448-6bc-geltono-aukso-grandinele-ir-sirdutes-formos-pakabukas-su-deimantais.webp","type":"image\/jpeg"}],"twitter_card":"summary_large_image","schema":{"@context":"https:\/\/schema.org","@graph":[{"@type":"WebPage","@id":"https:\/\/fashiongold.lt\/et\/papuosalas\/sudame-lumm-kollasest-kullast-kett-ja-sudamekujuline-ripats-teemantidega\/","url":"https:\/\/fashiongold.lt\/et\/papuosalas\/sudame-lumm-kollasest-kullast-kett-ja-sudamekujuline-ripats-teemantidega\/","name":"Kuldne kett ja s\u00fcdamekujuline teemantidega ripats","isPartOf":{"@id":"https:\/\/fashiongold.lt\/et\/#website"},"primaryImageOfPage":{"@id":"https:\/\/fashiongold.lt\/et\/papuosalas\/sudame-lumm-kollasest-kullast-kett-ja-sudamekujuline-ripats-teemantidega\/#primaryimage"},"image":{"@id":"https:\/\/fashiongold.lt\/et\/papuosalas\/sudame-lumm-kollasest-kullast-kett-ja-sudamekujuline-ripats-teemantidega\/#primaryimage"},"thumbnailUrl":"https:\/\/fashiongold.lt\/wp-content\/uploads\/2025\/10\/4448-6bc-geltono-aukso-grandinele-ir-sirdutes-formos-pakabukas-su-deimantais.jpg","datePublished":"2025-10-09T21:25:57+00:00","dateModified":"2026-02-17T12:18:10+00:00","description":"Kuldkett ja teemantidega ripats: \u00fcks s\u00fcda on kaunistatud teemantidega, teine seesmine on kollasest kullast. Suurep\u00e4rane kingitus erilisteks puhkudeks.","breadcrumb":{"@id":"https:\/\/fashiongold.lt\/et\/papuosalas\/sudame-lumm-kollasest-kullast-kett-ja-sudamekujuline-ripats-teemantidega\/#breadcrumb"},"inLanguage":"et","potentialAction":[{"@type":"ReadAction","target":["https:\/\/fashiongold.lt\/et\/papuosalas\/sudame-lumm-kollasest-kullast-kett-ja-sudamekujuline-ripats-teemantidega\/"]}]},{"@type":"ImageObject","inLanguage":"et","@id":"https:\/\/fashiongold.lt\/et\/papuosalas\/sudame-lumm-kollasest-kullast-kett-ja-sudamekujuline-ripats-teemantidega\/#primaryimage","url":"https:\/\/fashiongold.lt\/wp-content\/uploads\/2025\/10\/4448-6bc-geltono-aukso-grandinele-ir-sirdutes-formos-pakabukas-su-deimantais.jpg","contentUrl":"https:\/\/fashiongold.lt\/wp-content\/uploads\/2025\/10\/4448-6bc-geltono-aukso-grandinele-ir-sirdutes-formos-pakabukas-su-deimantais.jpg","width":1000,"height":1000},{"@type":"BreadcrumbList","@id":"https:\/\/fashiongold.lt\/et\/papuosalas\/sudame-lumm-kollasest-kullast-kett-ja-sudamekujuline-ripats-teemantidega\/#breadcrumb","itemListElement":[{"@type":"ListItem","position":1,"name":"Home","item":"https:\/\/fashiongold.lt\/et\/"},{"@type":"ListItem","position":2,"name":"Teemantide pood Fashiongold.lt","item":"https:\/\/fashiongold.lt\/shop-2\/"},{"@type":"ListItem","position":3,"name":"S\u00fcdame Lumm \u2013 kollasest kullast kett ja s\u00fcdamekujuline ripats teemantidega"}]},{"@type":"WebSite","@id":"https:\/\/fashiongold.lt\/et\/#website","url":"https:\/\/fashiongold.lt\/et\/","name":"Fashion Gold","description":"Juvelyrikos namai","publisher":{"@id":"https:\/\/fashiongold.lt\/et\/#organization"},"potentialAction":[{"@type":"SearchAction","target":{"@type":"EntryPoint","urlTemplate":"https:\/\/fashiongold.lt\/et\/?s={search_term_string}"},"query-input":{"@type":"PropertyValueSpecification","valueRequired":true,"valueName":"search_term_string"}}],"inLanguage":"et"},{"@type":"Organization","@id":"https:\/\/fashiongold.lt\/et\/#organization","name":"Topdiamonds Online","url":"https:\/\/fashiongold.lt\/et\/","logo":{"@type":"ImageObject","inLanguage":"et","@id":"https:\/\/fashiongold.lt\/et\/#\/schema\/logo\/image\/","url":"https:\/\/fashiongold.lt\/wp-content\/uploads\/2025\/04\/cropped-fashion_gold_logotipas2-scaled-1.png","contentUrl":"https:\/\/fashiongold.lt\/wp-content\/uploads\/2025\/04\/cropped-fashion_gold_logotipas2-scaled-1.png","width":2559,"height":421,"caption":"Topdiamonds Online"},"image":{"@id":"https:\/\/fashiongold.lt\/et\/#\/schema\/logo\/image\/"}}]}},"_links":{"self":[{"href":"https:\/\/fashiongold.lt\/et\/wp-json\/wp\/v2\/product\/288994","targetHints":{"allow":["GET"]}}],"collection":[{"href":"https:\/\/fashiongold.lt\/et\/wp-json\/wp\/v2\/product"}],"about":[{"href":"https:\/\/fashiongold.lt\/et\/wp-json\/wp\/v2\/types\/product"}],"version-history":[{"count":0,"href":"https:\/\/fashiongold.lt\/et\/wp-json\/wp\/v2\/product\/288994\/revisions"}],"wp:featuredmedia":[{"embeddable":true,"href":"https:\/\/fashiongold.lt\/et\/wp-json\/wp\/v2\/media\/72403"}],"wp:attachment":[{"href":"https:\/\/fashiongold.lt\/et\/wp-json\/wp\/v2\/media?parent=288994"}],"wp:term":[{"taxonomy":"product_brand","embeddable":true,"href":"https:\/\/fashiongold.lt\/et\/wp-json\/wp\/v2\/product_brand?post=288994"},{"taxonomy":"product_cat","embeddable":true,"href":"https:\/\/fashiongold.lt\/et\/wp-json\/wp\/v2\/product_cat?post=288994"},{"taxonomy":"product_tag","embeddable":true,"href":"https:\/\/fashiongold.lt\/et\/wp-json\/wp\/v2\/product_tag?post=288994"}],"curies":[{"name":"wp","href":"https:\/\/api.w.org\/{rel}","templated":true}]}}