{"id":289009,"date":"2025-10-09T21:24:36","date_gmt":"2025-10-09T21:24:36","guid":{"rendered":"https:\/\/fashiongold.lt\/papuosalas\/modernne-oval-trio-ainulaadne-kollasest-kullast-sormus-teemantidega-ovaalne-150-ct\/"},"modified":"2026-02-17T12:18:21","modified_gmt":"2026-02-17T12:18:21","slug":"modernne-oval-trio-ainulaadne-kollasest-kullast-sormus-teemantidega-ovaalne-150-ct","status":"publish","type":"product","link":"https:\/\/fashiongold.lt\/et\/papuosalas\/modernne-oval-trio-ainulaadne-kollasest-kullast-sormus-teemantidega-ovaalne-150-ct\/","title":{"rendered":"Modernne Oval Trio \u2013 ainulaadne kollasest kullast s\u00f5rmus teemantidega, ovaalne (1,50 ct)"},"content":{"rendered":"<p>Valmistatud Leedus. S\u00f5rmust saab tellida punasest, kollasest ja valgest kullast.<\/p>\n<p>\u2022 Teemandi t\u00fc\u00fcp: Looduslik teemant<\/p>\n<p>\u2022 Teemandi kuju: Ovaalne lihv (Oval cut)<\/p>\n<p>\u2022 Teemandi omadused: 1,50 ct (1&#215;1,00 ct ovaalne ja 2&#215;0,25=0,50 ct ovaalsed teemandid), v\u00e4rvus H(W); puhtus SI<\/p>\n<p>\u2022 Sertifikaat: Leedu Proovikoda (LPR) ja lisaks GIA<\/p>\n<p>\u2022 S\u00f5rmuse kuld: 14K (proov 585)\u00a0<\/p>\n<p>\u2022 S\u00f5rmuse v\u00e4rvus: kollane kuld\u00a0 \u00a0<\/p>\n<p>\u2022 S\u00f5rmuse kaal: u 2,50 g\u00a0<\/p>\n","protected":false},"excerpt":{"rendered":"<p>Kollasest kullast s\u00f5rmus 1,00 ct \u00fcmara kujuga teemandiga keskel, mida r\u00f5hutavad kaks m\u00f5lemale poole asetatud ovaalse kujuga teemanti (0,50 ct) \u2013 see on meie ainulaadse moodsa disaini meistriteos. Sobib suurep\u00e4raselt kihluseks ja erilisteks puhkudeks, tuues esile teie erakordse maitse. Avastage luksus ja elegants \u00fches s\u00f5rmuses.<\/p>\n","protected":false},"featured_media":72285,"template":"","meta":{"site-sidebar-layout":"","site-content-layout":"","ast-site-content-layout":"","site-content-style":"","site-sidebar-style":"","ast-global-header-display":"","ast-banner-title-visibility":"","ast-main-header-display":"","ast-hfb-above-header-display":"","ast-hfb-below-header-display":"","ast-hfb-mobile-header-display":"","site-post-title":"","ast-breadcrumbs-content":"","ast-featured-img":"","footer-sml-layout":"","ast-disable-related-posts":"","theme-transparent-header-meta":"","adv-header-id-meta":"","stick-header-meta":"","header-above-stick-meta":"","header-main-stick-meta":"","header-below-stick-meta":"","astra-migrate-meta-layouts":"default","ast-page-background-enabled":"default","ast-page-background-meta":{"desktop":{"background-color":"var(--ast-global-color-4)","background-image":"","background-repeat":"repeat","background-position":"center center","background-size":"auto","background-attachment":"scroll","background-type":"","background-media":"","overlay-type":"","overlay-color":"","overlay-opacity":"","overlay-gradient":""},"tablet":{"background-color":"","background-image":"","background-repeat":"repeat","background-position":"center center","background-size":"auto","background-attachment":"scroll","background-type":"","background-media":"","overlay-type":"","overlay-color":"","overlay-opacity":"","overlay-gradient":""},"mobile":{"background-color":"","background-image":"","background-repeat":"repeat","background-position":"center center","background-size":"auto","background-attachment":"scroll","background-type":"","background-media":"","overlay-type":"","overlay-color":"","overlay-opacity":"","overlay-gradient":""}},"ast-content-background-meta":{"desktop":{"background-color":"var(--ast-global-color-5)","background-image":"","background-repeat":"repeat","background-position":"center center","background-size":"auto","background-attachment":"scroll","background-type":"","background-media":"","overlay-type":"","overlay-color":"","overlay-opacity":"","overlay-gradient":""},"tablet":{"background-color":"var(--ast-global-color-5)","background-image":"","background-repeat":"repeat","background-position":"center center","background-size":"auto","background-attachment":"scroll","background-type":"","background-media":"","overlay-type":"","overlay-color":"","overlay-opacity":"","overlay-gradient":""},"mobile":{"background-color":"var(--ast-global-color-5)","background-image":"","background-repeat":"repeat","background-position":"center center","background-size":"auto","background-attachment":"scroll","background-type":"","background-media":"","overlay-type":"","overlay-color":"","overlay-opacity":"","overlay-gradient":""}}},"product_brand":[],"product_cat":[3758,3058,2830,3959,2826,3422,3960,2829,2823,2828,2822,2824,3392,2821,2831,3425,3449,2845,3466,3445],"product_tag":[],"class_list":{"0":"post-289009","1":"product","2":"type-product","3":"status-publish","4":"has-post-thumbnail","6":"product_cat-1-karaadise-teemandiga-kihlasormused","7":"product_cat-ehted","8":"product_cat-emadepaeva-kingitused","9":"product_cat-erilised-kihlasormused","10":"product_cat-joulukingid","11":"product_cat-kihlasormused","12":"product_cat-kihlasormused-teemandiga","13":"product_cat-kingitused-erilisteks-puhkudeks","14":"product_cat-kingitused-lapse-sunni-puhul","15":"product_cat-kingitused-lopetamise-puhul","16":"product_cat-kingitused-naistele","17":"product_cat-kingitused-pulma-aastapaeva-puhul","18":"product_cat-kingitused-pulmade-puhul","19":"product_cat-kingitused-sunnipaevaks","20":"product_cat-kollasest-kullast-ehted","21":"product_cat-kollasest-kullast-kihlasormused","22":"product_cat-modernsed-kihlasormused","23":"product_cat-sobrapaeva-kingitused","24":"product_cat-teemantsormused","25":"product_cat-top-kihlasormused","26":"desktop-align-center","27":"tablet-align-left","28":"mobile-align-left","29":"ast-product-gallery-layout-horizontal-slider","30":"ast-product-gallery-with-no-image","31":"ast-product-single-variable","32":"ast-product-tabs-layout-accordion","33":"ast-qv-on-image","35":"first","36":"instock","37":"taxable","38":"shipping-taxable","39":"purchasable","40":"product-type-variable"},"yoast_head":"<!-- This site is optimized with the Yoast SEO plugin v26.6 - https:\/\/yoast.com\/wordpress\/plugins\/seo\/ -->\n<title>Ainulaadne kollasest kullast s\u00f5rmus 1,50 ct ovaalse lihviga teemantidega<\/title>\n<meta name=\"description\" content=\"Leedus valmistatud ainulaadne kollasest kullast s\u00f5rmus 1,50 ct ovaalse lihviga teemantidega. \u00dcllatage ainulaadse kingitusega. Tasuta tarne \u00fcle kogu Leedu.\" \/>\n<meta name=\"robots\" content=\"index, follow, max-snippet:-1, max-image-preview:large, max-video-preview:-1\" \/>\n<link rel=\"canonical\" href=\"https:\/\/fashiongold.lt\/et\/papuosalas\/modernne-oval-trio-ainulaadne-kollasest-kullast-sormus-teemantidega-ovaalne-150-ct\/\" \/>\n<meta property=\"og:locale\" content=\"et_EE\" \/>\n<meta property=\"og:type\" content=\"article\" \/>\n<meta property=\"og:title\" content=\"Ainulaadne kollasest kullast s\u00f5rmus 1,50 ct ovaalse lihviga teemantidega\" \/>\n<meta property=\"og:description\" content=\"Leedus valmistatud ainulaadne kollasest kullast s\u00f5rmus 1,50 ct ovaalse lihviga teemantidega. \u00dcllatage ainulaadse kingitusega. Tasuta tarne \u00fcle kogu Leedu.\" \/>\n<meta property=\"og:url\" content=\"https:\/\/fashiongold.lt\/et\/papuosalas\/modernne-oval-trio-ainulaadne-kollasest-kullast-sormus-teemantidega-ovaalne-150-ct\/\" \/>\n<meta property=\"og:site_name\" content=\"FashionGold.lt\" \/>\n<meta property=\"article:modified_time\" content=\"2026-02-17T12:18:21+00:00\" \/>\n<meta property=\"og:image\" content=\"https:\/\/fashiongold.lt\/wp-content\/uploads\/2025\/10\/4416-025-geltono-aukso-ziedas-su-deimantais-Ovalo-formos.webp\" \/>\n\t<meta property=\"og:image:width\" content=\"1000\" \/>\n\t<meta property=\"og:image:height\" content=\"1000\" \/>\n\t<meta property=\"og:image:type\" content=\"image\/jpeg\" \/>\n<meta name=\"twitter:card\" content=\"summary_large_image\" \/>\n<script type=\"application\/ld+json\" class=\"yoast-schema-graph\">{\"@context\":\"https:\/\/schema.org\",\"@graph\":[{\"@type\":\"WebPage\",\"@id\":\"https:\/\/fashiongold.lt\/et\/papuosalas\/modernne-oval-trio-ainulaadne-kollasest-kullast-sormus-teemantidega-ovaalne-150-ct\/\",\"url\":\"https:\/\/fashiongold.lt\/et\/papuosalas\/modernne-oval-trio-ainulaadne-kollasest-kullast-sormus-teemantidega-ovaalne-150-ct\/\",\"name\":\"Ainulaadne kollasest kullast s\u00f5rmus 1,50 ct ovaalse lihviga teemantidega\",\"isPartOf\":{\"@id\":\"https:\/\/fashiongold.lt\/et\/#website\"},\"primaryImageOfPage\":{\"@id\":\"https:\/\/fashiongold.lt\/et\/papuosalas\/modernne-oval-trio-ainulaadne-kollasest-kullast-sormus-teemantidega-ovaalne-150-ct\/#primaryimage\"},\"image\":{\"@id\":\"https:\/\/fashiongold.lt\/et\/papuosalas\/modernne-oval-trio-ainulaadne-kollasest-kullast-sormus-teemantidega-ovaalne-150-ct\/#primaryimage\"},\"thumbnailUrl\":\"https:\/\/fashiongold.lt\/wp-content\/uploads\/2025\/10\/4416-025-geltono-aukso-ziedas-su-deimantais-Ovalo-formos.jpg\",\"datePublished\":\"2025-10-09T21:24:36+00:00\",\"dateModified\":\"2026-02-17T12:18:21+00:00\",\"description\":\"Leedus valmistatud ainulaadne kollasest kullast s\u00f5rmus 1,50 ct ovaalse lihviga teemantidega. \u00dcllatage ainulaadse kingitusega. Tasuta tarne \u00fcle kogu Leedu.\",\"breadcrumb\":{\"@id\":\"https:\/\/fashiongold.lt\/et\/papuosalas\/modernne-oval-trio-ainulaadne-kollasest-kullast-sormus-teemantidega-ovaalne-150-ct\/#breadcrumb\"},\"inLanguage\":\"et\",\"potentialAction\":[{\"@type\":\"ReadAction\",\"target\":[\"https:\/\/fashiongold.lt\/et\/papuosalas\/modernne-oval-trio-ainulaadne-kollasest-kullast-sormus-teemantidega-ovaalne-150-ct\/\"]}]},{\"@type\":\"ImageObject\",\"inLanguage\":\"et\",\"@id\":\"https:\/\/fashiongold.lt\/et\/papuosalas\/modernne-oval-trio-ainulaadne-kollasest-kullast-sormus-teemantidega-ovaalne-150-ct\/#primaryimage\",\"url\":\"https:\/\/fashiongold.lt\/wp-content\/uploads\/2025\/10\/4416-025-geltono-aukso-ziedas-su-deimantais-Ovalo-formos.jpg\",\"contentUrl\":\"https:\/\/fashiongold.lt\/wp-content\/uploads\/2025\/10\/4416-025-geltono-aukso-ziedas-su-deimantais-Ovalo-formos.jpg\",\"width\":1000,\"height\":1000},{\"@type\":\"BreadcrumbList\",\"@id\":\"https:\/\/fashiongold.lt\/et\/papuosalas\/modernne-oval-trio-ainulaadne-kollasest-kullast-sormus-teemantidega-ovaalne-150-ct\/#breadcrumb\",\"itemListElement\":[{\"@type\":\"ListItem\",\"position\":1,\"name\":\"Home\",\"item\":\"https:\/\/fashiongold.lt\/et\/\"},{\"@type\":\"ListItem\",\"position\":2,\"name\":\"Teemantide pood Fashiongold.lt\",\"item\":\"https:\/\/fashiongold.lt\/shop-2\/\"},{\"@type\":\"ListItem\",\"position\":3,\"name\":\"Modernne Oval Trio \u2013 ainulaadne kollasest kullast s\u00f5rmus teemantidega, ovaalne (1,50 ct)\"}]},{\"@type\":\"WebSite\",\"@id\":\"https:\/\/fashiongold.lt\/et\/#website\",\"url\":\"https:\/\/fashiongold.lt\/et\/\",\"name\":\"Fashion Gold\",\"description\":\"Juvelyrikos namai\",\"publisher\":{\"@id\":\"https:\/\/fashiongold.lt\/et\/#organization\"},\"potentialAction\":[{\"@type\":\"SearchAction\",\"target\":{\"@type\":\"EntryPoint\",\"urlTemplate\":\"https:\/\/fashiongold.lt\/et\/?s={search_term_string}\"},\"query-input\":{\"@type\":\"PropertyValueSpecification\",\"valueRequired\":true,\"valueName\":\"search_term_string\"}}],\"inLanguage\":\"et\"},{\"@type\":\"Organization\",\"@id\":\"https:\/\/fashiongold.lt\/et\/#organization\",\"name\":\"Topdiamonds Online\",\"url\":\"https:\/\/fashiongold.lt\/et\/\",\"logo\":{\"@type\":\"ImageObject\",\"inLanguage\":\"et\",\"@id\":\"https:\/\/fashiongold.lt\/et\/#\/schema\/logo\/image\/\",\"url\":\"https:\/\/fashiongold.lt\/wp-content\/uploads\/2025\/04\/cropped-fashion_gold_logotipas2-scaled-1.png\",\"contentUrl\":\"https:\/\/fashiongold.lt\/wp-content\/uploads\/2025\/04\/cropped-fashion_gold_logotipas2-scaled-1.png\",\"width\":2559,\"height\":421,\"caption\":\"Topdiamonds Online\"},\"image\":{\"@id\":\"https:\/\/fashiongold.lt\/et\/#\/schema\/logo\/image\/\"}}]}<\/script>\n<!-- \/ Yoast SEO plugin. -->","yoast_head_json":{"title":"Ainulaadne kollasest kullast s\u00f5rmus 1,50 ct ovaalse lihviga teemantidega","description":"Leedus valmistatud ainulaadne kollasest kullast s\u00f5rmus 1,50 ct ovaalse lihviga teemantidega. \u00dcllatage ainulaadse kingitusega. Tasuta tarne \u00fcle kogu Leedu.","robots":{"index":"index","follow":"follow","max-snippet":"max-snippet:-1","max-image-preview":"max-image-preview:large","max-video-preview":"max-video-preview:-1"},"canonical":"https:\/\/fashiongold.lt\/et\/papuosalas\/modernne-oval-trio-ainulaadne-kollasest-kullast-sormus-teemantidega-ovaalne-150-ct\/","og_locale":"et_EE","og_type":"article","og_title":"Ainulaadne kollasest kullast s\u00f5rmus 1,50 ct ovaalse lihviga teemantidega","og_description":"Leedus valmistatud ainulaadne kollasest kullast s\u00f5rmus 1,50 ct ovaalse lihviga teemantidega. \u00dcllatage ainulaadse kingitusega. Tasuta tarne \u00fcle kogu Leedu.","og_url":"https:\/\/fashiongold.lt\/et\/papuosalas\/modernne-oval-trio-ainulaadne-kollasest-kullast-sormus-teemantidega-ovaalne-150-ct\/","og_site_name":"FashionGold.lt","article_modified_time":"2026-02-17T12:18:21+00:00","og_image":[{"width":1000,"height":1000,"url":"https:\/\/fashiongold.lt\/wp-content\/uploads\/2025\/10\/4416-025-geltono-aukso-ziedas-su-deimantais-Ovalo-formos.webp","type":"image\/jpeg"}],"twitter_card":"summary_large_image","schema":{"@context":"https:\/\/schema.org","@graph":[{"@type":"WebPage","@id":"https:\/\/fashiongold.lt\/et\/papuosalas\/modernne-oval-trio-ainulaadne-kollasest-kullast-sormus-teemantidega-ovaalne-150-ct\/","url":"https:\/\/fashiongold.lt\/et\/papuosalas\/modernne-oval-trio-ainulaadne-kollasest-kullast-sormus-teemantidega-ovaalne-150-ct\/","name":"Ainulaadne kollasest kullast s\u00f5rmus 1,50 ct ovaalse lihviga teemantidega","isPartOf":{"@id":"https:\/\/fashiongold.lt\/et\/#website"},"primaryImageOfPage":{"@id":"https:\/\/fashiongold.lt\/et\/papuosalas\/modernne-oval-trio-ainulaadne-kollasest-kullast-sormus-teemantidega-ovaalne-150-ct\/#primaryimage"},"image":{"@id":"https:\/\/fashiongold.lt\/et\/papuosalas\/modernne-oval-trio-ainulaadne-kollasest-kullast-sormus-teemantidega-ovaalne-150-ct\/#primaryimage"},"thumbnailUrl":"https:\/\/fashiongold.lt\/wp-content\/uploads\/2025\/10\/4416-025-geltono-aukso-ziedas-su-deimantais-Ovalo-formos.jpg","datePublished":"2025-10-09T21:24:36+00:00","dateModified":"2026-02-17T12:18:21+00:00","description":"Leedus valmistatud ainulaadne kollasest kullast s\u00f5rmus 1,50 ct ovaalse lihviga teemantidega. \u00dcllatage ainulaadse kingitusega. Tasuta tarne \u00fcle kogu Leedu.","breadcrumb":{"@id":"https:\/\/fashiongold.lt\/et\/papuosalas\/modernne-oval-trio-ainulaadne-kollasest-kullast-sormus-teemantidega-ovaalne-150-ct\/#breadcrumb"},"inLanguage":"et","potentialAction":[{"@type":"ReadAction","target":["https:\/\/fashiongold.lt\/et\/papuosalas\/modernne-oval-trio-ainulaadne-kollasest-kullast-sormus-teemantidega-ovaalne-150-ct\/"]}]},{"@type":"ImageObject","inLanguage":"et","@id":"https:\/\/fashiongold.lt\/et\/papuosalas\/modernne-oval-trio-ainulaadne-kollasest-kullast-sormus-teemantidega-ovaalne-150-ct\/#primaryimage","url":"https:\/\/fashiongold.lt\/wp-content\/uploads\/2025\/10\/4416-025-geltono-aukso-ziedas-su-deimantais-Ovalo-formos.jpg","contentUrl":"https:\/\/fashiongold.lt\/wp-content\/uploads\/2025\/10\/4416-025-geltono-aukso-ziedas-su-deimantais-Ovalo-formos.jpg","width":1000,"height":1000},{"@type":"BreadcrumbList","@id":"https:\/\/fashiongold.lt\/et\/papuosalas\/modernne-oval-trio-ainulaadne-kollasest-kullast-sormus-teemantidega-ovaalne-150-ct\/#breadcrumb","itemListElement":[{"@type":"ListItem","position":1,"name":"Home","item":"https:\/\/fashiongold.lt\/et\/"},{"@type":"ListItem","position":2,"name":"Teemantide pood Fashiongold.lt","item":"https:\/\/fashiongold.lt\/shop-2\/"},{"@type":"ListItem","position":3,"name":"Modernne Oval Trio \u2013 ainulaadne kollasest kullast s\u00f5rmus teemantidega, ovaalne (1,50 ct)"}]},{"@type":"WebSite","@id":"https:\/\/fashiongold.lt\/et\/#website","url":"https:\/\/fashiongold.lt\/et\/","name":"Fashion Gold","description":"Juvelyrikos namai","publisher":{"@id":"https:\/\/fashiongold.lt\/et\/#organization"},"potentialAction":[{"@type":"SearchAction","target":{"@type":"EntryPoint","urlTemplate":"https:\/\/fashiongold.lt\/et\/?s={search_term_string}"},"query-input":{"@type":"PropertyValueSpecification","valueRequired":true,"valueName":"search_term_string"}}],"inLanguage":"et"},{"@type":"Organization","@id":"https:\/\/fashiongold.lt\/et\/#organization","name":"Topdiamonds Online","url":"https:\/\/fashiongold.lt\/et\/","logo":{"@type":"ImageObject","inLanguage":"et","@id":"https:\/\/fashiongold.lt\/et\/#\/schema\/logo\/image\/","url":"https:\/\/fashiongold.lt\/wp-content\/uploads\/2025\/04\/cropped-fashion_gold_logotipas2-scaled-1.png","contentUrl":"https:\/\/fashiongold.lt\/wp-content\/uploads\/2025\/04\/cropped-fashion_gold_logotipas2-scaled-1.png","width":2559,"height":421,"caption":"Topdiamonds Online"},"image":{"@id":"https:\/\/fashiongold.lt\/et\/#\/schema\/logo\/image\/"}}]}},"_links":{"self":[{"href":"https:\/\/fashiongold.lt\/et\/wp-json\/wp\/v2\/product\/289009","targetHints":{"allow":["GET"]}}],"collection":[{"href":"https:\/\/fashiongold.lt\/et\/wp-json\/wp\/v2\/product"}],"about":[{"href":"https:\/\/fashiongold.lt\/et\/wp-json\/wp\/v2\/types\/product"}],"version-history":[{"count":0,"href":"https:\/\/fashiongold.lt\/et\/wp-json\/wp\/v2\/product\/289009\/revisions"}],"wp:featuredmedia":[{"embeddable":true,"href":"https:\/\/fashiongold.lt\/et\/wp-json\/wp\/v2\/media\/72285"}],"wp:attachment":[{"href":"https:\/\/fashiongold.lt\/et\/wp-json\/wp\/v2\/media?parent=289009"}],"wp:term":[{"taxonomy":"product_brand","embeddable":true,"href":"https:\/\/fashiongold.lt\/et\/wp-json\/wp\/v2\/product_brand?post=289009"},{"taxonomy":"product_cat","embeddable":true,"href":"https:\/\/fashiongold.lt\/et\/wp-json\/wp\/v2\/product_cat?post=289009"},{"taxonomy":"product_tag","embeddable":true,"href":"https:\/\/fashiongold.lt\/et\/wp-json\/wp\/v2\/product_tag?post=289009"}],"curies":[{"name":"wp","href":"https:\/\/api.w.org\/{rel}","templated":true}]}}