{"id":289059,"date":"2025-10-09T21:16:43","date_gmt":"2025-10-09T21:16:43","guid":{"rendered":"https:\/\/fashiongold.lt\/papuosalas\/harmoonia-briljant-valgest-kullast-kaelakett-briljandiga-030-ct\/"},"modified":"2026-02-17T12:19:10","modified_gmt":"2026-02-17T12:19:10","slug":"harmoonia-briljant-valgest-kullast-kaelakett-briljandiga-030-ct","status":"publish","type":"product","link":"https:\/\/fashiongold.lt\/et\/papuosalas\/harmoonia-briljant-valgest-kullast-kaelakett-briljandiga-030-ct\/","title":{"rendered":"Harmoonia Briljant \u2013 valgest kullast kaelakett briljandiga 0,30 ct"},"content":{"rendered":"<p>&#8220;Fashion Gold&#8221; ehtemeistrite loodud valgest kullast kett, mida kaunistab teemandiga ripats. Ripats ei ole eemaldatav ja on kaunistatud ehtsa briljandiga. Selline ehe on suurep\u00e4rane kingitus erinevateks puhkudeks: ristimisteks, s\u00fcnnip\u00e4evadeks, juubeliteks, j\u00f5uludeks v\u00f5i valentinip\u00e4evaks.\u00a0<\/p>\n<p>Valmistatud Leedus. Ketti ja teemandiga ripatsit on v\u00f5imalik tellida punasest, kollasest v\u00f5i valgest kullast.<\/p>\n<p>\u2022 Teemandi t\u00fc\u00fcp: Looduslik teemant<\/p>\n<p>\u2022 Teemandi kuju: \u00dcmar kuju (Round cut)<\/p>\n<p>\u2022 Teemandi omadused: 0,30 ct \u00dcmar kuju, v\u00e4rvus H(W); puhtus SI<\/p>\n<p>\u2022 Sertifikaat: Leedu Proovikoda (LPR) ja lisaks GIA<\/p>\n<p>\u2022 Ripatsi kuld: 14K (proov 585)\u00a0<\/p>\n<p>\u2022 Ripatsi v\u00e4rvus: kollane kuld\u00a0<\/p>\n<p>\u2022 Ripatsi kaal: umbes 1,70 g\u00a0<\/p>\n<p>\u2022 Keti pikkus: 42 cm<\/p>\n","protected":false},"excerpt":{"rendered":"<p>Valgest kullast kett ehtsa \u00fcmmarguse kujuga teemantripatsiga 0,30 ct. Ripats ei ole eemaldatav. Eksklusiivne kingitus erilisteks puhkudeks.\u00a0<\/p>\n","protected":false},"featured_media":71908,"template":"","meta":{"site-sidebar-layout":"","site-content-layout":"","ast-site-content-layout":"","site-content-style":"","site-sidebar-style":"","ast-global-header-display":"","ast-banner-title-visibility":"","ast-main-header-display":"","ast-hfb-above-header-display":"","ast-hfb-below-header-display":"","ast-hfb-mobile-header-display":"","site-post-title":"","ast-breadcrumbs-content":"","ast-featured-img":"","footer-sml-layout":"","ast-disable-related-posts":"","theme-transparent-header-meta":"","adv-header-id-meta":"","stick-header-meta":"","header-above-stick-meta":"","header-main-stick-meta":"","header-below-stick-meta":"","astra-migrate-meta-layouts":"default","ast-page-background-enabled":"default","ast-page-background-meta":{"desktop":{"background-color":"var(--ast-global-color-4)","background-image":"","background-repeat":"repeat","background-position":"center center","background-size":"auto","background-attachment":"scroll","background-type":"","background-media":"","overlay-type":"","overlay-color":"","overlay-opacity":"","overlay-gradient":""},"tablet":{"background-color":"","background-image":"","background-repeat":"repeat","background-position":"center center","background-size":"auto","background-attachment":"scroll","background-type":"","background-media":"","overlay-type":"","overlay-color":"","overlay-opacity":"","overlay-gradient":""},"mobile":{"background-color":"","background-image":"","background-repeat":"repeat","background-position":"center center","background-size":"auto","background-attachment":"scroll","background-type":"","background-media":"","overlay-type":"","overlay-color":"","overlay-opacity":"","overlay-gradient":""}},"ast-content-background-meta":{"desktop":{"background-color":"var(--ast-global-color-5)","background-image":"","background-repeat":"repeat","background-position":"center center","background-size":"auto","background-attachment":"scroll","background-type":"","background-media":"","overlay-type":"","overlay-color":"","overlay-opacity":"","overlay-gradient":""},"tablet":{"background-color":"var(--ast-global-color-5)","background-image":"","background-repeat":"repeat","background-position":"center center","background-size":"auto","background-attachment":"scroll","background-type":"","background-media":"","overlay-type":"","overlay-color":"","overlay-opacity":"","overlay-gradient":""},"mobile":{"background-color":"var(--ast-global-color-5)","background-image":"","background-repeat":"repeat","background-position":"center center","background-size":"auto","background-attachment":"scroll","background-type":"","background-media":"","overlay-type":"","overlay-color":"","overlay-opacity":"","overlay-gradient":""}}},"product_brand":[],"product_cat":[3058,2830,2826,2829,2823,2828,2825,2822,2824,3392,2821,2984,3391,2845,3396,2827],"product_tag":[],"class_list":{"0":"post-289059","1":"product","2":"type-product","3":"status-publish","4":"has-post-thumbnail","6":"product_cat-ehted","7":"product_cat-emadepaeva-kingitused","8":"product_cat-joulukingid","9":"product_cat-kingitused-erilisteks-puhkudeks","10":"product_cat-kingitused-lapse-sunni-puhul","11":"product_cat-kingitused-lopetamise-puhul","12":"product_cat-kingitused-meestele","13":"product_cat-kingitused-naistele","14":"product_cat-kingitused-pulma-aastapaeva-puhul","15":"product_cat-kingitused-pulmade-puhul","16":"product_cat-kingitused-sunnipaevaks","17":"product_cat-ripatsid-teemantidega","18":"product_cat-ristimiskingitused","19":"product_cat-sobrapaeva-kingitused","20":"product_cat-teemantitega-ketid","21":"product_cat-valgest-kullast-ehted","22":"desktop-align-center","23":"tablet-align-left","24":"mobile-align-left","25":"ast-product-gallery-layout-horizontal-slider","26":"ast-product-gallery-with-no-image","27":"ast-product-single-variable","28":"ast-product-tabs-layout-accordion","29":"ast-qv-on-image","31":"first","32":"instock","33":"taxable","34":"shipping-taxable","35":"purchasable","36":"product-type-variable"},"yoast_head":"<!-- This site is optimized with the Yoast SEO plugin v26.6 - https:\/\/yoast.com\/wordpress\/plugins\/seo\/ -->\n<title>Harmoonia Briljant - valgest kullast kett briljandiga 0,30 ct<\/title>\n<meta name=\"description\" content=\"Leedus valmistatud valgest kullast kett ehtsa \u00fcmmarguse 0,30 ct teemantripatsiga. Ripats ei ole eemaldatav. Eriline kingitus erilisteks puhkudeks.\" \/>\n<meta name=\"robots\" content=\"index, follow, max-snippet:-1, max-image-preview:large, max-video-preview:-1\" \/>\n<link rel=\"canonical\" href=\"https:\/\/fashiongold.lt\/et\/papuosalas\/harmoonia-briljant-valgest-kullast-kaelakett-briljandiga-030-ct\/\" \/>\n<meta property=\"og:locale\" content=\"et_EE\" \/>\n<meta property=\"og:type\" content=\"article\" \/>\n<meta property=\"og:title\" content=\"Harmoonia Briljant - valgest kullast kett briljandiga 0,30 ct\" \/>\n<meta property=\"og:description\" content=\"Leedus valmistatud valgest kullast kett ehtsa \u00fcmmarguse 0,30 ct teemantripatsiga. Ripats ei ole eemaldatav. Eriline kingitus erilisteks puhkudeks.\" \/>\n<meta property=\"og:url\" content=\"https:\/\/fashiongold.lt\/et\/papuosalas\/harmoonia-briljant-valgest-kullast-kaelakett-briljandiga-030-ct\/\" \/>\n<meta property=\"og:site_name\" content=\"FashionGold.lt\" \/>\n<meta property=\"article:modified_time\" content=\"2026-02-17T12:19:10+00:00\" \/>\n<meta property=\"og:image\" content=\"https:\/\/fashiongold.lt\/wp-content\/uploads\/2025\/10\/4370-190-Balto-aukso-grandinele-su-deimantiniu-pakabuku.webp\" \/>\n\t<meta property=\"og:image:width\" content=\"2000\" \/>\n\t<meta property=\"og:image:height\" content=\"2000\" \/>\n\t<meta property=\"og:image:type\" content=\"image\/jpeg\" \/>\n<meta name=\"twitter:card\" content=\"summary_large_image\" \/>\n<meta name=\"twitter:label1\" content=\"Est. reading time\" \/>\n\t<meta name=\"twitter:data1\" content=\"1 minut\" \/>\n<script type=\"application\/ld+json\" class=\"yoast-schema-graph\">{\"@context\":\"https:\/\/schema.org\",\"@graph\":[{\"@type\":\"WebPage\",\"@id\":\"https:\/\/fashiongold.lt\/et\/papuosalas\/harmoonia-briljant-valgest-kullast-kaelakett-briljandiga-030-ct\/\",\"url\":\"https:\/\/fashiongold.lt\/et\/papuosalas\/harmoonia-briljant-valgest-kullast-kaelakett-briljandiga-030-ct\/\",\"name\":\"Harmoonia Briljant - valgest kullast kett briljandiga 0,30 ct\",\"isPartOf\":{\"@id\":\"https:\/\/fashiongold.lt\/et\/#website\"},\"primaryImageOfPage\":{\"@id\":\"https:\/\/fashiongold.lt\/et\/papuosalas\/harmoonia-briljant-valgest-kullast-kaelakett-briljandiga-030-ct\/#primaryimage\"},\"image\":{\"@id\":\"https:\/\/fashiongold.lt\/et\/papuosalas\/harmoonia-briljant-valgest-kullast-kaelakett-briljandiga-030-ct\/#primaryimage\"},\"thumbnailUrl\":\"https:\/\/fashiongold.lt\/wp-content\/uploads\/2025\/10\/4370-190-Balto-aukso-grandinele-su-deimantiniu-pakabuku.jpg\",\"datePublished\":\"2025-10-09T21:16:43+00:00\",\"dateModified\":\"2026-02-17T12:19:10+00:00\",\"description\":\"Leedus valmistatud valgest kullast kett ehtsa \u00fcmmarguse 0,30 ct teemantripatsiga. Ripats ei ole eemaldatav. Eriline kingitus erilisteks puhkudeks.\",\"breadcrumb\":{\"@id\":\"https:\/\/fashiongold.lt\/et\/papuosalas\/harmoonia-briljant-valgest-kullast-kaelakett-briljandiga-030-ct\/#breadcrumb\"},\"inLanguage\":\"et\",\"potentialAction\":[{\"@type\":\"ReadAction\",\"target\":[\"https:\/\/fashiongold.lt\/et\/papuosalas\/harmoonia-briljant-valgest-kullast-kaelakett-briljandiga-030-ct\/\"]}]},{\"@type\":\"ImageObject\",\"inLanguage\":\"et\",\"@id\":\"https:\/\/fashiongold.lt\/et\/papuosalas\/harmoonia-briljant-valgest-kullast-kaelakett-briljandiga-030-ct\/#primaryimage\",\"url\":\"https:\/\/fashiongold.lt\/wp-content\/uploads\/2025\/10\/4370-190-Balto-aukso-grandinele-su-deimantiniu-pakabuku.jpg\",\"contentUrl\":\"https:\/\/fashiongold.lt\/wp-content\/uploads\/2025\/10\/4370-190-Balto-aukso-grandinele-su-deimantiniu-pakabuku.jpg\",\"width\":2000,\"height\":2000},{\"@type\":\"BreadcrumbList\",\"@id\":\"https:\/\/fashiongold.lt\/et\/papuosalas\/harmoonia-briljant-valgest-kullast-kaelakett-briljandiga-030-ct\/#breadcrumb\",\"itemListElement\":[{\"@type\":\"ListItem\",\"position\":1,\"name\":\"Home\",\"item\":\"https:\/\/fashiongold.lt\/et\/\"},{\"@type\":\"ListItem\",\"position\":2,\"name\":\"Teemantide pood Fashiongold.lt\",\"item\":\"https:\/\/fashiongold.lt\/shop-2\/\"},{\"@type\":\"ListItem\",\"position\":3,\"name\":\"Harmoonia Briljant \u2013 valgest kullast kaelakett briljandiga 0,30 ct\"}]},{\"@type\":\"WebSite\",\"@id\":\"https:\/\/fashiongold.lt\/et\/#website\",\"url\":\"https:\/\/fashiongold.lt\/et\/\",\"name\":\"Fashion Gold\",\"description\":\"Juvelyrikos namai\",\"publisher\":{\"@id\":\"https:\/\/fashiongold.lt\/et\/#organization\"},\"potentialAction\":[{\"@type\":\"SearchAction\",\"target\":{\"@type\":\"EntryPoint\",\"urlTemplate\":\"https:\/\/fashiongold.lt\/et\/?s={search_term_string}\"},\"query-input\":{\"@type\":\"PropertyValueSpecification\",\"valueRequired\":true,\"valueName\":\"search_term_string\"}}],\"inLanguage\":\"et\"},{\"@type\":\"Organization\",\"@id\":\"https:\/\/fashiongold.lt\/et\/#organization\",\"name\":\"Topdiamonds Online\",\"url\":\"https:\/\/fashiongold.lt\/et\/\",\"logo\":{\"@type\":\"ImageObject\",\"inLanguage\":\"et\",\"@id\":\"https:\/\/fashiongold.lt\/et\/#\/schema\/logo\/image\/\",\"url\":\"https:\/\/fashiongold.lt\/wp-content\/uploads\/2025\/04\/cropped-fashion_gold_logotipas2-scaled-1.png\",\"contentUrl\":\"https:\/\/fashiongold.lt\/wp-content\/uploads\/2025\/04\/cropped-fashion_gold_logotipas2-scaled-1.png\",\"width\":2559,\"height\":421,\"caption\":\"Topdiamonds Online\"},\"image\":{\"@id\":\"https:\/\/fashiongold.lt\/et\/#\/schema\/logo\/image\/\"}}]}<\/script>\n<!-- \/ Yoast SEO plugin. -->","yoast_head_json":{"title":"Harmoonia Briljant - valgest kullast kett briljandiga 0,30 ct","description":"Leedus valmistatud valgest kullast kett ehtsa \u00fcmmarguse 0,30 ct teemantripatsiga. Ripats ei ole eemaldatav. Eriline kingitus erilisteks puhkudeks.","robots":{"index":"index","follow":"follow","max-snippet":"max-snippet:-1","max-image-preview":"max-image-preview:large","max-video-preview":"max-video-preview:-1"},"canonical":"https:\/\/fashiongold.lt\/et\/papuosalas\/harmoonia-briljant-valgest-kullast-kaelakett-briljandiga-030-ct\/","og_locale":"et_EE","og_type":"article","og_title":"Harmoonia Briljant - valgest kullast kett briljandiga 0,30 ct","og_description":"Leedus valmistatud valgest kullast kett ehtsa \u00fcmmarguse 0,30 ct teemantripatsiga. Ripats ei ole eemaldatav. Eriline kingitus erilisteks puhkudeks.","og_url":"https:\/\/fashiongold.lt\/et\/papuosalas\/harmoonia-briljant-valgest-kullast-kaelakett-briljandiga-030-ct\/","og_site_name":"FashionGold.lt","article_modified_time":"2026-02-17T12:19:10+00:00","og_image":[{"width":2000,"height":2000,"url":"https:\/\/fashiongold.lt\/wp-content\/uploads\/2025\/10\/4370-190-Balto-aukso-grandinele-su-deimantiniu-pakabuku.webp","type":"image\/jpeg"}],"twitter_card":"summary_large_image","twitter_misc":{"Est. reading time":"1 minut"},"schema":{"@context":"https:\/\/schema.org","@graph":[{"@type":"WebPage","@id":"https:\/\/fashiongold.lt\/et\/papuosalas\/harmoonia-briljant-valgest-kullast-kaelakett-briljandiga-030-ct\/","url":"https:\/\/fashiongold.lt\/et\/papuosalas\/harmoonia-briljant-valgest-kullast-kaelakett-briljandiga-030-ct\/","name":"Harmoonia Briljant - valgest kullast kett briljandiga 0,30 ct","isPartOf":{"@id":"https:\/\/fashiongold.lt\/et\/#website"},"primaryImageOfPage":{"@id":"https:\/\/fashiongold.lt\/et\/papuosalas\/harmoonia-briljant-valgest-kullast-kaelakett-briljandiga-030-ct\/#primaryimage"},"image":{"@id":"https:\/\/fashiongold.lt\/et\/papuosalas\/harmoonia-briljant-valgest-kullast-kaelakett-briljandiga-030-ct\/#primaryimage"},"thumbnailUrl":"https:\/\/fashiongold.lt\/wp-content\/uploads\/2025\/10\/4370-190-Balto-aukso-grandinele-su-deimantiniu-pakabuku.jpg","datePublished":"2025-10-09T21:16:43+00:00","dateModified":"2026-02-17T12:19:10+00:00","description":"Leedus valmistatud valgest kullast kett ehtsa \u00fcmmarguse 0,30 ct teemantripatsiga. Ripats ei ole eemaldatav. Eriline kingitus erilisteks puhkudeks.","breadcrumb":{"@id":"https:\/\/fashiongold.lt\/et\/papuosalas\/harmoonia-briljant-valgest-kullast-kaelakett-briljandiga-030-ct\/#breadcrumb"},"inLanguage":"et","potentialAction":[{"@type":"ReadAction","target":["https:\/\/fashiongold.lt\/et\/papuosalas\/harmoonia-briljant-valgest-kullast-kaelakett-briljandiga-030-ct\/"]}]},{"@type":"ImageObject","inLanguage":"et","@id":"https:\/\/fashiongold.lt\/et\/papuosalas\/harmoonia-briljant-valgest-kullast-kaelakett-briljandiga-030-ct\/#primaryimage","url":"https:\/\/fashiongold.lt\/wp-content\/uploads\/2025\/10\/4370-190-Balto-aukso-grandinele-su-deimantiniu-pakabuku.jpg","contentUrl":"https:\/\/fashiongold.lt\/wp-content\/uploads\/2025\/10\/4370-190-Balto-aukso-grandinele-su-deimantiniu-pakabuku.jpg","width":2000,"height":2000},{"@type":"BreadcrumbList","@id":"https:\/\/fashiongold.lt\/et\/papuosalas\/harmoonia-briljant-valgest-kullast-kaelakett-briljandiga-030-ct\/#breadcrumb","itemListElement":[{"@type":"ListItem","position":1,"name":"Home","item":"https:\/\/fashiongold.lt\/et\/"},{"@type":"ListItem","position":2,"name":"Teemantide pood Fashiongold.lt","item":"https:\/\/fashiongold.lt\/shop-2\/"},{"@type":"ListItem","position":3,"name":"Harmoonia Briljant \u2013 valgest kullast kaelakett briljandiga 0,30 ct"}]},{"@type":"WebSite","@id":"https:\/\/fashiongold.lt\/et\/#website","url":"https:\/\/fashiongold.lt\/et\/","name":"Fashion Gold","description":"Juvelyrikos namai","publisher":{"@id":"https:\/\/fashiongold.lt\/et\/#organization"},"potentialAction":[{"@type":"SearchAction","target":{"@type":"EntryPoint","urlTemplate":"https:\/\/fashiongold.lt\/et\/?s={search_term_string}"},"query-input":{"@type":"PropertyValueSpecification","valueRequired":true,"valueName":"search_term_string"}}],"inLanguage":"et"},{"@type":"Organization","@id":"https:\/\/fashiongold.lt\/et\/#organization","name":"Topdiamonds Online","url":"https:\/\/fashiongold.lt\/et\/","logo":{"@type":"ImageObject","inLanguage":"et","@id":"https:\/\/fashiongold.lt\/et\/#\/schema\/logo\/image\/","url":"https:\/\/fashiongold.lt\/wp-content\/uploads\/2025\/04\/cropped-fashion_gold_logotipas2-scaled-1.png","contentUrl":"https:\/\/fashiongold.lt\/wp-content\/uploads\/2025\/04\/cropped-fashion_gold_logotipas2-scaled-1.png","width":2559,"height":421,"caption":"Topdiamonds Online"},"image":{"@id":"https:\/\/fashiongold.lt\/et\/#\/schema\/logo\/image\/"}}]}},"_links":{"self":[{"href":"https:\/\/fashiongold.lt\/et\/wp-json\/wp\/v2\/product\/289059","targetHints":{"allow":["GET"]}}],"collection":[{"href":"https:\/\/fashiongold.lt\/et\/wp-json\/wp\/v2\/product"}],"about":[{"href":"https:\/\/fashiongold.lt\/et\/wp-json\/wp\/v2\/types\/product"}],"version-history":[{"count":0,"href":"https:\/\/fashiongold.lt\/et\/wp-json\/wp\/v2\/product\/289059\/revisions"}],"wp:featuredmedia":[{"embeddable":true,"href":"https:\/\/fashiongold.lt\/et\/wp-json\/wp\/v2\/media\/71908"}],"wp:attachment":[{"href":"https:\/\/fashiongold.lt\/et\/wp-json\/wp\/v2\/media?parent=289059"}],"wp:term":[{"taxonomy":"product_brand","embeddable":true,"href":"https:\/\/fashiongold.lt\/et\/wp-json\/wp\/v2\/product_brand?post=289059"},{"taxonomy":"product_cat","embeddable":true,"href":"https:\/\/fashiongold.lt\/et\/wp-json\/wp\/v2\/product_cat?post=289059"},{"taxonomy":"product_tag","embeddable":true,"href":"https:\/\/fashiongold.lt\/et\/wp-json\/wp\/v2\/product_tag?post=289059"}],"curies":[{"name":"wp","href":"https:\/\/api.w.org\/{rel}","templated":true}]}}