{"id":289064,"date":"2025-10-09T21:15:46","date_gmt":"2025-10-09T21:15:46","guid":{"rendered":"https:\/\/fashiongold.lt\/papuosalas\/harmoonia-briljant-valgest-kullast-kett-briljandiga-020-ct\/"},"modified":"2026-02-17T12:19:14","modified_gmt":"2026-02-17T12:19:14","slug":"harmoonia-briljant-valgest-kullast-kett-briljandiga-020-ct","status":"publish","type":"product","link":"https:\/\/fashiongold.lt\/et\/papuosalas\/harmoonia-briljant-valgest-kullast-kett-briljandiga-020-ct\/","title":{"rendered":"Harmoonia Briljant \u2013 valgest kullast kett briljandiga 0,20 ct"},"content":{"rendered":"<p>&#8220;Fashion Gold&#8221; juvelyrikos meistr\u0173 sukurta grandin\u0117l\u0117 i\u0161 baltojo aukso ir papuo\u0161ta pakabuku su deimantu. Pakabukas nenusiveria ir yra papuo\u0161tas tikru briliantu. Toks papuo\u0161alas puiki dovana \u012fvairiomis progomis: krik\u0161tynoms, gimtadieniams, jubiliejams, Kal\u0117doms ar Valendino dienai.\u00a0<\/p>\n<p>Pagaminta Lietuvoje. Grandin\u0117l\u0117 ir pakabukas su deimantu gali b\u016bti pagamintas pagal u\u017esakym\u0105: raudono, geltono bei balto aukso.<\/p>\n<p>\u2022 Deimanto tipas: Nat\u016bralus deimantas<\/p>\n<p>\u2022 Deimanto forma: Apvalus forma\u00a0 (Round cut)<\/p>\n<p>\u2022 Deimanto charakteristika: 0,20 ct Apvalios formos, spalva H(W); \u0161varumas SI<\/p>\n<p>\u2022 Sertifikatas: Lietuvos Prabavimo R\u016bmai (LPR) ir papildomai GIA<\/p>\n<p>\u2022 Pakabuko auksas: 14K (585 prabos)\u00a0<\/p>\n<p>\u2022 Pakabuko spalva: geltono auksas\u00a0<\/p>\n<p>\u2022 Pakabukp svoris: apie 1,70 g\u00a0<\/p>\n<p>\u2022 Grandin\u0117l\u0117s ilgis: 42 cm<\/p>\n","protected":false},"excerpt":{"rendered":"<p>Valgest kullast kett ehtsa \u00fcmmarguse deimantripatsiga 0,20 ct. Ripats ei ole eemaldatav. Eksklusiivne kingitus erilisteks puhkudeks.\u00a0<\/p>\n","protected":false},"featured_media":71897,"template":"","meta":{"site-sidebar-layout":"","site-content-layout":"","ast-site-content-layout":"","site-content-style":"","site-sidebar-style":"","ast-global-header-display":"","ast-banner-title-visibility":"","ast-main-header-display":"","ast-hfb-above-header-display":"","ast-hfb-below-header-display":"","ast-hfb-mobile-header-display":"","site-post-title":"","ast-breadcrumbs-content":"","ast-featured-img":"","footer-sml-layout":"","ast-disable-related-posts":"","theme-transparent-header-meta":"","adv-header-id-meta":"","stick-header-meta":"","header-above-stick-meta":"","header-main-stick-meta":"","header-below-stick-meta":"","astra-migrate-meta-layouts":"default","ast-page-background-enabled":"default","ast-page-background-meta":{"desktop":{"background-color":"var(--ast-global-color-4)","background-image":"","background-repeat":"repeat","background-position":"center center","background-size":"auto","background-attachment":"scroll","background-type":"","background-media":"","overlay-type":"","overlay-color":"","overlay-opacity":"","overlay-gradient":""},"tablet":{"background-color":"","background-image":"","background-repeat":"repeat","background-position":"center center","background-size":"auto","background-attachment":"scroll","background-type":"","background-media":"","overlay-type":"","overlay-color":"","overlay-opacity":"","overlay-gradient":""},"mobile":{"background-color":"","background-image":"","background-repeat":"repeat","background-position":"center center","background-size":"auto","background-attachment":"scroll","background-type":"","background-media":"","overlay-type":"","overlay-color":"","overlay-opacity":"","overlay-gradient":""}},"ast-content-background-meta":{"desktop":{"background-color":"var(--ast-global-color-5)","background-image":"","background-repeat":"repeat","background-position":"center center","background-size":"auto","background-attachment":"scroll","background-type":"","background-media":"","overlay-type":"","overlay-color":"","overlay-opacity":"","overlay-gradient":""},"tablet":{"background-color":"var(--ast-global-color-5)","background-image":"","background-repeat":"repeat","background-position":"center center","background-size":"auto","background-attachment":"scroll","background-type":"","background-media":"","overlay-type":"","overlay-color":"","overlay-opacity":"","overlay-gradient":""},"mobile":{"background-color":"var(--ast-global-color-5)","background-image":"","background-repeat":"repeat","background-position":"center center","background-size":"auto","background-attachment":"scroll","background-type":"","background-media":"","overlay-type":"","overlay-color":"","overlay-opacity":"","overlay-gradient":""}}},"product_brand":[],"product_cat":[3058,2830,2826,3485,3482,2829,2823,2828,2825,2822,2824,3392,2821,2985,3394,2984,3393,3391,2845,3395,3396,2827],"product_tag":[],"class_list":{"0":"post-289064","1":"product","2":"type-product","3":"status-publish","4":"has-post-thumbnail","6":"product_cat-ehted","7":"product_cat-emadepaeva-kingitused","8":"product_cat-joulukingid","9":"product_cat-kaelakett-meestele","10":"product_cat-kingitus-esimese-armulaua-puhul","11":"product_cat-kingitused-erilisteks-puhkudeks","12":"product_cat-kingitused-lapse-sunni-puhul","13":"product_cat-kingitused-lopetamise-puhul","14":"product_cat-kingitused-meestele","15":"product_cat-kingitused-naistele","16":"product_cat-kingitused-pulma-aastapaeva-puhul","17":"product_cat-kingitused-pulmade-puhul","18":"product_cat-kingitused-sunnipaevaks","19":"product_cat-kuldne-kett-ripatsiga-vastavalt-horoskoobile","20":"product_cat-kuldne-kett-tudrukutele","21":"product_cat-ripatsid-teemantidega","22":"product_cat-ristimiskett","23":"product_cat-ristimiskingitused","24":"product_cat-sobrapaeva-kingitused","25":"product_cat-teemandiga-kaelakee","26":"product_cat-teemantitega-ketid","27":"product_cat-valgest-kullast-ehted","28":"desktop-align-center","29":"tablet-align-left","30":"mobile-align-left","31":"ast-product-gallery-layout-horizontal-slider","32":"ast-product-gallery-with-no-image","33":"ast-product-single-variable","34":"ast-product-tabs-layout-accordion","35":"ast-qv-on-image","37":"first","38":"instock","39":"taxable","40":"shipping-taxable","41":"purchasable","42":"product-type-variable"},"yoast_head":"<!-- This site is optimized with the Yoast SEO plugin v26.6 - https:\/\/yoast.com\/wordpress\/plugins\/seo\/ -->\n<title>Harmoonia Briljant - valgest kullast kett briljandiga 0,20 ct<\/title>\n<meta name=\"description\" content=\"Leedus valmistatud valgest kullast kett ehtsa \u00fcmmarguse 0,20 ct teemantripatsiga. Ripats ei ole eemaldatav. Eksklusiivne kingitus erilisteks puhkudeks.\" \/>\n<meta name=\"robots\" content=\"index, follow, max-snippet:-1, max-image-preview:large, max-video-preview:-1\" \/>\n<link rel=\"canonical\" href=\"https:\/\/fashiongold.lt\/et\/papuosalas\/harmoonia-briljant-valgest-kullast-kett-briljandiga-020-ct\/\" \/>\n<meta property=\"og:locale\" content=\"et_EE\" \/>\n<meta property=\"og:type\" content=\"article\" \/>\n<meta property=\"og:title\" content=\"Harmoonia Briljant - valgest kullast kett briljandiga 0,20 ct\" \/>\n<meta property=\"og:description\" content=\"Leedus valmistatud valgest kullast kett ehtsa \u00fcmmarguse 0,20 ct teemantripatsiga. Ripats ei ole eemaldatav. Eksklusiivne kingitus erilisteks puhkudeks.\" \/>\n<meta property=\"og:url\" content=\"https:\/\/fashiongold.lt\/et\/papuosalas\/harmoonia-briljant-valgest-kullast-kett-briljandiga-020-ct\/\" \/>\n<meta property=\"og:site_name\" content=\"FashionGold.lt\" \/>\n<meta property=\"article:modified_time\" content=\"2026-02-17T12:19:14+00:00\" \/>\n<meta property=\"og:image\" content=\"https:\/\/fashiongold.lt\/wp-content\/uploads\/2025\/10\/4369-b8f-Balto-aukso-grandinele-su-deimantiniu-pakabuku.webp\" \/>\n\t<meta property=\"og:image:width\" content=\"2000\" \/>\n\t<meta property=\"og:image:height\" content=\"2000\" \/>\n\t<meta property=\"og:image:type\" content=\"image\/jpeg\" \/>\n<meta name=\"twitter:card\" content=\"summary_large_image\" \/>\n<meta name=\"twitter:label1\" content=\"Est. reading time\" \/>\n\t<meta name=\"twitter:data1\" content=\"1 minut\" \/>\n<script type=\"application\/ld+json\" class=\"yoast-schema-graph\">{\"@context\":\"https:\/\/schema.org\",\"@graph\":[{\"@type\":\"WebPage\",\"@id\":\"https:\/\/fashiongold.lt\/et\/papuosalas\/harmoonia-briljant-valgest-kullast-kett-briljandiga-020-ct\/\",\"url\":\"https:\/\/fashiongold.lt\/et\/papuosalas\/harmoonia-briljant-valgest-kullast-kett-briljandiga-020-ct\/\",\"name\":\"Harmoonia Briljant - valgest kullast kett briljandiga 0,20 ct\",\"isPartOf\":{\"@id\":\"https:\/\/fashiongold.lt\/et\/#website\"},\"primaryImageOfPage\":{\"@id\":\"https:\/\/fashiongold.lt\/et\/papuosalas\/harmoonia-briljant-valgest-kullast-kett-briljandiga-020-ct\/#primaryimage\"},\"image\":{\"@id\":\"https:\/\/fashiongold.lt\/et\/papuosalas\/harmoonia-briljant-valgest-kullast-kett-briljandiga-020-ct\/#primaryimage\"},\"thumbnailUrl\":\"https:\/\/fashiongold.lt\/wp-content\/uploads\/2025\/10\/4369-b8f-Balto-aukso-grandinele-su-deimantiniu-pakabuku.jpg\",\"datePublished\":\"2025-10-09T21:15:46+00:00\",\"dateModified\":\"2026-02-17T12:19:14+00:00\",\"description\":\"Leedus valmistatud valgest kullast kett ehtsa \u00fcmmarguse 0,20 ct teemantripatsiga. Ripats ei ole eemaldatav. Eksklusiivne kingitus erilisteks puhkudeks.\",\"breadcrumb\":{\"@id\":\"https:\/\/fashiongold.lt\/et\/papuosalas\/harmoonia-briljant-valgest-kullast-kett-briljandiga-020-ct\/#breadcrumb\"},\"inLanguage\":\"et\",\"potentialAction\":[{\"@type\":\"ReadAction\",\"target\":[\"https:\/\/fashiongold.lt\/et\/papuosalas\/harmoonia-briljant-valgest-kullast-kett-briljandiga-020-ct\/\"]}]},{\"@type\":\"ImageObject\",\"inLanguage\":\"et\",\"@id\":\"https:\/\/fashiongold.lt\/et\/papuosalas\/harmoonia-briljant-valgest-kullast-kett-briljandiga-020-ct\/#primaryimage\",\"url\":\"https:\/\/fashiongold.lt\/wp-content\/uploads\/2025\/10\/4369-b8f-Balto-aukso-grandinele-su-deimantiniu-pakabuku.jpg\",\"contentUrl\":\"https:\/\/fashiongold.lt\/wp-content\/uploads\/2025\/10\/4369-b8f-Balto-aukso-grandinele-su-deimantiniu-pakabuku.jpg\",\"width\":2000,\"height\":2000},{\"@type\":\"BreadcrumbList\",\"@id\":\"https:\/\/fashiongold.lt\/et\/papuosalas\/harmoonia-briljant-valgest-kullast-kett-briljandiga-020-ct\/#breadcrumb\",\"itemListElement\":[{\"@type\":\"ListItem\",\"position\":1,\"name\":\"Home\",\"item\":\"https:\/\/fashiongold.lt\/et\/\"},{\"@type\":\"ListItem\",\"position\":2,\"name\":\"Teemantide pood Fashiongold.lt\",\"item\":\"https:\/\/fashiongold.lt\/shop-2\/\"},{\"@type\":\"ListItem\",\"position\":3,\"name\":\"Harmoonia Briljant \u2013 valgest kullast kett briljandiga 0,20 ct\"}]},{\"@type\":\"WebSite\",\"@id\":\"https:\/\/fashiongold.lt\/et\/#website\",\"url\":\"https:\/\/fashiongold.lt\/et\/\",\"name\":\"Fashion Gold\",\"description\":\"Juvelyrikos namai\",\"publisher\":{\"@id\":\"https:\/\/fashiongold.lt\/et\/#organization\"},\"potentialAction\":[{\"@type\":\"SearchAction\",\"target\":{\"@type\":\"EntryPoint\",\"urlTemplate\":\"https:\/\/fashiongold.lt\/et\/?s={search_term_string}\"},\"query-input\":{\"@type\":\"PropertyValueSpecification\",\"valueRequired\":true,\"valueName\":\"search_term_string\"}}],\"inLanguage\":\"et\"},{\"@type\":\"Organization\",\"@id\":\"https:\/\/fashiongold.lt\/et\/#organization\",\"name\":\"Topdiamonds Online\",\"url\":\"https:\/\/fashiongold.lt\/et\/\",\"logo\":{\"@type\":\"ImageObject\",\"inLanguage\":\"et\",\"@id\":\"https:\/\/fashiongold.lt\/et\/#\/schema\/logo\/image\/\",\"url\":\"https:\/\/fashiongold.lt\/wp-content\/uploads\/2025\/04\/cropped-fashion_gold_logotipas2-scaled-1.png\",\"contentUrl\":\"https:\/\/fashiongold.lt\/wp-content\/uploads\/2025\/04\/cropped-fashion_gold_logotipas2-scaled-1.png\",\"width\":2559,\"height\":421,\"caption\":\"Topdiamonds Online\"},\"image\":{\"@id\":\"https:\/\/fashiongold.lt\/et\/#\/schema\/logo\/image\/\"}}]}<\/script>\n<!-- \/ Yoast SEO plugin. -->","yoast_head_json":{"title":"Harmoonia Briljant - valgest kullast kett briljandiga 0,20 ct","description":"Leedus valmistatud valgest kullast kett ehtsa \u00fcmmarguse 0,20 ct teemantripatsiga. Ripats ei ole eemaldatav. Eksklusiivne kingitus erilisteks puhkudeks.","robots":{"index":"index","follow":"follow","max-snippet":"max-snippet:-1","max-image-preview":"max-image-preview:large","max-video-preview":"max-video-preview:-1"},"canonical":"https:\/\/fashiongold.lt\/et\/papuosalas\/harmoonia-briljant-valgest-kullast-kett-briljandiga-020-ct\/","og_locale":"et_EE","og_type":"article","og_title":"Harmoonia Briljant - valgest kullast kett briljandiga 0,20 ct","og_description":"Leedus valmistatud valgest kullast kett ehtsa \u00fcmmarguse 0,20 ct teemantripatsiga. Ripats ei ole eemaldatav. Eksklusiivne kingitus erilisteks puhkudeks.","og_url":"https:\/\/fashiongold.lt\/et\/papuosalas\/harmoonia-briljant-valgest-kullast-kett-briljandiga-020-ct\/","og_site_name":"FashionGold.lt","article_modified_time":"2026-02-17T12:19:14+00:00","og_image":[{"width":2000,"height":2000,"url":"https:\/\/fashiongold.lt\/wp-content\/uploads\/2025\/10\/4369-b8f-Balto-aukso-grandinele-su-deimantiniu-pakabuku.webp","type":"image\/jpeg"}],"twitter_card":"summary_large_image","twitter_misc":{"Est. reading time":"1 minut"},"schema":{"@context":"https:\/\/schema.org","@graph":[{"@type":"WebPage","@id":"https:\/\/fashiongold.lt\/et\/papuosalas\/harmoonia-briljant-valgest-kullast-kett-briljandiga-020-ct\/","url":"https:\/\/fashiongold.lt\/et\/papuosalas\/harmoonia-briljant-valgest-kullast-kett-briljandiga-020-ct\/","name":"Harmoonia Briljant - valgest kullast kett briljandiga 0,20 ct","isPartOf":{"@id":"https:\/\/fashiongold.lt\/et\/#website"},"primaryImageOfPage":{"@id":"https:\/\/fashiongold.lt\/et\/papuosalas\/harmoonia-briljant-valgest-kullast-kett-briljandiga-020-ct\/#primaryimage"},"image":{"@id":"https:\/\/fashiongold.lt\/et\/papuosalas\/harmoonia-briljant-valgest-kullast-kett-briljandiga-020-ct\/#primaryimage"},"thumbnailUrl":"https:\/\/fashiongold.lt\/wp-content\/uploads\/2025\/10\/4369-b8f-Balto-aukso-grandinele-su-deimantiniu-pakabuku.jpg","datePublished":"2025-10-09T21:15:46+00:00","dateModified":"2026-02-17T12:19:14+00:00","description":"Leedus valmistatud valgest kullast kett ehtsa \u00fcmmarguse 0,20 ct teemantripatsiga. Ripats ei ole eemaldatav. Eksklusiivne kingitus erilisteks puhkudeks.","breadcrumb":{"@id":"https:\/\/fashiongold.lt\/et\/papuosalas\/harmoonia-briljant-valgest-kullast-kett-briljandiga-020-ct\/#breadcrumb"},"inLanguage":"et","potentialAction":[{"@type":"ReadAction","target":["https:\/\/fashiongold.lt\/et\/papuosalas\/harmoonia-briljant-valgest-kullast-kett-briljandiga-020-ct\/"]}]},{"@type":"ImageObject","inLanguage":"et","@id":"https:\/\/fashiongold.lt\/et\/papuosalas\/harmoonia-briljant-valgest-kullast-kett-briljandiga-020-ct\/#primaryimage","url":"https:\/\/fashiongold.lt\/wp-content\/uploads\/2025\/10\/4369-b8f-Balto-aukso-grandinele-su-deimantiniu-pakabuku.jpg","contentUrl":"https:\/\/fashiongold.lt\/wp-content\/uploads\/2025\/10\/4369-b8f-Balto-aukso-grandinele-su-deimantiniu-pakabuku.jpg","width":2000,"height":2000},{"@type":"BreadcrumbList","@id":"https:\/\/fashiongold.lt\/et\/papuosalas\/harmoonia-briljant-valgest-kullast-kett-briljandiga-020-ct\/#breadcrumb","itemListElement":[{"@type":"ListItem","position":1,"name":"Home","item":"https:\/\/fashiongold.lt\/et\/"},{"@type":"ListItem","position":2,"name":"Teemantide pood Fashiongold.lt","item":"https:\/\/fashiongold.lt\/shop-2\/"},{"@type":"ListItem","position":3,"name":"Harmoonia Briljant \u2013 valgest kullast kett briljandiga 0,20 ct"}]},{"@type":"WebSite","@id":"https:\/\/fashiongold.lt\/et\/#website","url":"https:\/\/fashiongold.lt\/et\/","name":"Fashion Gold","description":"Juvelyrikos namai","publisher":{"@id":"https:\/\/fashiongold.lt\/et\/#organization"},"potentialAction":[{"@type":"SearchAction","target":{"@type":"EntryPoint","urlTemplate":"https:\/\/fashiongold.lt\/et\/?s={search_term_string}"},"query-input":{"@type":"PropertyValueSpecification","valueRequired":true,"valueName":"search_term_string"}}],"inLanguage":"et"},{"@type":"Organization","@id":"https:\/\/fashiongold.lt\/et\/#organization","name":"Topdiamonds Online","url":"https:\/\/fashiongold.lt\/et\/","logo":{"@type":"ImageObject","inLanguage":"et","@id":"https:\/\/fashiongold.lt\/et\/#\/schema\/logo\/image\/","url":"https:\/\/fashiongold.lt\/wp-content\/uploads\/2025\/04\/cropped-fashion_gold_logotipas2-scaled-1.png","contentUrl":"https:\/\/fashiongold.lt\/wp-content\/uploads\/2025\/04\/cropped-fashion_gold_logotipas2-scaled-1.png","width":2559,"height":421,"caption":"Topdiamonds Online"},"image":{"@id":"https:\/\/fashiongold.lt\/et\/#\/schema\/logo\/image\/"}}]}},"_links":{"self":[{"href":"https:\/\/fashiongold.lt\/et\/wp-json\/wp\/v2\/product\/289064","targetHints":{"allow":["GET"]}}],"collection":[{"href":"https:\/\/fashiongold.lt\/et\/wp-json\/wp\/v2\/product"}],"about":[{"href":"https:\/\/fashiongold.lt\/et\/wp-json\/wp\/v2\/types\/product"}],"version-history":[{"count":0,"href":"https:\/\/fashiongold.lt\/et\/wp-json\/wp\/v2\/product\/289064\/revisions"}],"wp:featuredmedia":[{"embeddable":true,"href":"https:\/\/fashiongold.lt\/et\/wp-json\/wp\/v2\/media\/71897"}],"wp:attachment":[{"href":"https:\/\/fashiongold.lt\/et\/wp-json\/wp\/v2\/media?parent=289064"}],"wp:term":[{"taxonomy":"product_brand","embeddable":true,"href":"https:\/\/fashiongold.lt\/et\/wp-json\/wp\/v2\/product_brand?post=289064"},{"taxonomy":"product_cat","embeddable":true,"href":"https:\/\/fashiongold.lt\/et\/wp-json\/wp\/v2\/product_cat?post=289064"},{"taxonomy":"product_tag","embeddable":true,"href":"https:\/\/fashiongold.lt\/et\/wp-json\/wp\/v2\/product_tag?post=289064"}],"curies":[{"name":"wp","href":"https:\/\/api.w.org\/{rel}","templated":true}]}}