{"id":289668,"date":"2025-10-09T20:40:13","date_gmt":"2025-10-09T20:40:13","guid":{"rendered":"https:\/\/fashiongold.lt\/papuosalas\/aukso-vizija-punasest-kullast-sormus-smaragdiloikelise-teemandi-ja-vaikeste-teemantidega-058-ct\/"},"modified":"2025-10-09T20:40:13","modified_gmt":"2025-10-09T20:40:13","slug":"aukso-vizija-punasest-kullast-sormus-smaragdiloikelise-teemandi-ja-vaikeste-teemantidega-058-ct","status":"publish","type":"product","link":"https:\/\/fashiongold.lt\/et\/papuosalas\/aukso-vizija-punasest-kullast-sormus-smaragdiloikelise-teemandi-ja-vaikeste-teemantidega-058-ct\/","title":{"rendered":"Aukso Vizija \u2013 punasest kullast s\u00f5rmus smaragdil\u00f5ikelise teemandi ja v\u00e4ikeste teemantidega (0,58 ct)"},"content":{"rendered":"<p>Toodetud Leedus. S\u00f5rmust saab tellida punasest, kollasest ja valgest kullast.<\/p>\n<p>\u2022 Teemandi t\u00fc\u00fcp: Looduslik teemant<\/p>\n<p>\u2022 Teemandi kuju: Smaragdlihv (Emerald cut)<\/p>\n<p>\u2022 Teemandi omadused: 0,58 ct (1&#215;0,30 ct smaragdlihviga ja \u00fcmmargused teemandid 0,28 ct), v\u00e4rvus H(W); puhtus SI<\/p>\n<p>\u2022 Sertifikaat: Leedu Proovikoda (LPR) ja lisaks IGI <\/p>\n<p>\u2022 S\u00f5rmuse kuld: 14K (proov 585) <\/p>\n<p>\u2022 S\u00f5rmuse v\u00e4rvus: punane kuld   <\/p>\n<p>\u2022 S\u00f5rmuse kaal: umbes 3,00 g <\/p>\n","protected":false},"excerpt":{"rendered":"<p>Punast kullast s\u00f5rmus 0,30 ct smaragdil\u00f5ikega teemandiga, mida \u00fcmbritsevad s\u00e4ravad teemandid, ning rafineeritud teemantidega kaunistatud s\u00f5rmuseosaga. Suurep\u00e4rane Halo-disain, mis paneb teie k\u00e4e \u00f5itsva kaunidusega s\u00e4rama!<\/p>\n","protected":false},"featured_media":69403,"template":"","meta":{"site-sidebar-layout":"","site-content-layout":"","ast-site-content-layout":"","site-content-style":"","site-sidebar-style":"","ast-global-header-display":"","ast-banner-title-visibility":"","ast-main-header-display":"","ast-hfb-above-header-display":"","ast-hfb-below-header-display":"","ast-hfb-mobile-header-display":"","site-post-title":"","ast-breadcrumbs-content":"","ast-featured-img":"","footer-sml-layout":"","ast-disable-related-posts":"","theme-transparent-header-meta":"","adv-header-id-meta":"","stick-header-meta":"","header-above-stick-meta":"","header-main-stick-meta":"","header-below-stick-meta":"","astra-migrate-meta-layouts":"default","ast-page-background-enabled":"default","ast-page-background-meta":{"desktop":{"background-color":"var(--ast-global-color-4)","background-image":"","background-repeat":"repeat","background-position":"center center","background-size":"auto","background-attachment":"scroll","background-type":"","background-media":"","overlay-type":"","overlay-color":"","overlay-opacity":"","overlay-gradient":""},"tablet":{"background-color":"","background-image":"","background-repeat":"repeat","background-position":"center center","background-size":"auto","background-attachment":"scroll","background-type":"","background-media":"","overlay-type":"","overlay-color":"","overlay-opacity":"","overlay-gradient":""},"mobile":{"background-color":"","background-image":"","background-repeat":"repeat","background-position":"center center","background-size":"auto","background-attachment":"scroll","background-type":"","background-media":"","overlay-type":"","overlay-color":"","overlay-opacity":"","overlay-gradient":""}},"ast-content-background-meta":{"desktop":{"background-color":"var(--ast-global-color-5)","background-image":"","background-repeat":"repeat","background-position":"center center","background-size":"auto","background-attachment":"scroll","background-type":"","background-media":"","overlay-type":"","overlay-color":"","overlay-opacity":"","overlay-gradient":""},"tablet":{"background-color":"var(--ast-global-color-5)","background-image":"","background-repeat":"repeat","background-position":"center center","background-size":"auto","background-attachment":"scroll","background-type":"","background-media":"","overlay-type":"","overlay-color":"","overlay-opacity":"","overlay-gradient":""},"mobile":{"background-color":"var(--ast-global-color-5)","background-image":"","background-repeat":"repeat","background-position":"center center","background-size":"auto","background-attachment":"scroll","background-type":"","background-media":"","overlay-type":"","overlay-color":"","overlay-opacity":"","overlay-gradient":""}}},"product_brand":[],"product_cat":[3058,2830,3959,2991,2826,3422,3960,2829,2823,2828,2822,2824,3392,2821,2967,2845,3466,3445],"product_tag":[],"class_list":{"0":"post-289668","1":"product","2":"type-product","3":"status-publish","4":"has-post-thumbnail","6":"product_cat-ehted","7":"product_cat-emadepaeva-kingitused","8":"product_cat-erilised-kihlasormused","9":"product_cat-halo-kujuga-kihlasormused","10":"product_cat-joulukingid","11":"product_cat-kihlasormused","12":"product_cat-kihlasormused-teemandiga","13":"product_cat-kingitused-erilisteks-puhkudeks","14":"product_cat-kingitused-lapse-sunni-puhul","15":"product_cat-kingitused-lopetamise-puhul","16":"product_cat-kingitused-naistele","17":"product_cat-kingitused-pulma-aastapaeva-puhul","18":"product_cat-kingitused-pulmade-puhul","19":"product_cat-kingitused-sunnipaevaks","20":"product_cat-punasest-kullast-ehted","21":"product_cat-sobrapaeva-kingitused","22":"product_cat-teemantsormused","23":"product_cat-top-kihlasormused","24":"desktop-align-center","25":"tablet-align-left","26":"mobile-align-left","27":"ast-product-gallery-layout-horizontal-slider","28":"ast-product-gallery-with-no-image","29":"ast-product-single-variable","30":"ast-product-tabs-layout-accordion","31":"ast-qv-on-image","33":"first","34":"instock","35":"taxable","36":"shipping-taxable","37":"purchasable","38":"product-type-variable"},"yoast_head":"<!-- This site is optimized with the Yoast SEO plugin v26.6 - https:\/\/yoast.com\/wordpress\/plugins\/seo\/ -->\n<title>Kulds\u00f5rmus 0,58 ct smaragdlihviga teemandi ja v\u00e4ikeste teemantidega<\/title>\n<meta name=\"description\" content=\"Leedus valmistatud kvaliteetne s\u00f5rmus 0,58 ct Emerald-lihviga teemandi ja seda \u00fcmbritsevate v\u00e4ikeste teemantidega. \u00dcllatage ainulaadse kingitusega. Tasuta tarne.\" \/>\n<meta name=\"robots\" content=\"index, follow, max-snippet:-1, max-image-preview:large, max-video-preview:-1\" \/>\n<link rel=\"canonical\" href=\"https:\/\/fashiongold.lt\/et\/papuosalas\/aukso-vizija-punasest-kullast-sormus-smaragdiloikelise-teemandi-ja-vaikeste-teemantidega-058-ct\/\" \/>\n<meta property=\"og:locale\" content=\"et_EE\" \/>\n<meta property=\"og:type\" content=\"article\" \/>\n<meta property=\"og:title\" content=\"Kulds\u00f5rmus 0,58 ct smaragdlihviga teemandi ja v\u00e4ikeste teemantidega\" \/>\n<meta property=\"og:description\" content=\"Leedus valmistatud kvaliteetne s\u00f5rmus 0,58 ct Emerald-lihviga teemandi ja seda \u00fcmbritsevate v\u00e4ikeste teemantidega. \u00dcllatage ainulaadse kingitusega. Tasuta tarne.\" \/>\n<meta property=\"og:url\" content=\"https:\/\/fashiongold.lt\/et\/papuosalas\/aukso-vizija-punasest-kullast-sormus-smaragdiloikelise-teemandi-ja-vaikeste-teemantidega-058-ct\/\" \/>\n<meta property=\"og:site_name\" content=\"FashionGold.lt\" \/>\n<meta property=\"og:image\" content=\"https:\/\/fashiongold.lt\/wp-content\/uploads\/2025\/10\/3956-bbd-Aukso-ziedas-su-058-ct-Emerald-deimantu-ir-smulkiais-deimantais.webp\" \/>\n\t<meta property=\"og:image:width\" content=\"1000\" \/>\n\t<meta property=\"og:image:height\" content=\"1000\" \/>\n\t<meta property=\"og:image:type\" content=\"image\/png\" \/>\n<meta name=\"twitter:card\" content=\"summary_large_image\" \/>\n<script type=\"application\/ld+json\" class=\"yoast-schema-graph\">{\"@context\":\"https:\/\/schema.org\",\"@graph\":[{\"@type\":\"WebPage\",\"@id\":\"https:\/\/fashiongold.lt\/et\/papuosalas\/aukso-vizija-punasest-kullast-sormus-smaragdiloikelise-teemandi-ja-vaikeste-teemantidega-058-ct\/\",\"url\":\"https:\/\/fashiongold.lt\/et\/papuosalas\/aukso-vizija-punasest-kullast-sormus-smaragdiloikelise-teemandi-ja-vaikeste-teemantidega-058-ct\/\",\"name\":\"Kulds\u00f5rmus 0,58 ct smaragdlihviga teemandi ja v\u00e4ikeste teemantidega\",\"isPartOf\":{\"@id\":\"https:\/\/fashiongold.lt\/et\/#website\"},\"primaryImageOfPage\":{\"@id\":\"https:\/\/fashiongold.lt\/et\/papuosalas\/aukso-vizija-punasest-kullast-sormus-smaragdiloikelise-teemandi-ja-vaikeste-teemantidega-058-ct\/#primaryimage\"},\"image\":{\"@id\":\"https:\/\/fashiongold.lt\/et\/papuosalas\/aukso-vizija-punasest-kullast-sormus-smaragdiloikelise-teemandi-ja-vaikeste-teemantidega-058-ct\/#primaryimage\"},\"thumbnailUrl\":\"https:\/\/fashiongold.lt\/wp-content\/uploads\/2025\/10\/3956-bbd-Aukso-ziedas-su-058-ct-Emerald-deimantu-ir-smulkiais-deimantais.png\",\"datePublished\":\"2025-10-09T20:40:13+00:00\",\"description\":\"Leedus valmistatud kvaliteetne s\u00f5rmus 0,58 ct Emerald-lihviga teemandi ja seda \u00fcmbritsevate v\u00e4ikeste teemantidega. \u00dcllatage ainulaadse kingitusega. Tasuta tarne.\",\"breadcrumb\":{\"@id\":\"https:\/\/fashiongold.lt\/et\/papuosalas\/aukso-vizija-punasest-kullast-sormus-smaragdiloikelise-teemandi-ja-vaikeste-teemantidega-058-ct\/#breadcrumb\"},\"inLanguage\":\"et\",\"potentialAction\":[{\"@type\":\"ReadAction\",\"target\":[\"https:\/\/fashiongold.lt\/et\/papuosalas\/aukso-vizija-punasest-kullast-sormus-smaragdiloikelise-teemandi-ja-vaikeste-teemantidega-058-ct\/\"]}]},{\"@type\":\"ImageObject\",\"inLanguage\":\"et\",\"@id\":\"https:\/\/fashiongold.lt\/et\/papuosalas\/aukso-vizija-punasest-kullast-sormus-smaragdiloikelise-teemandi-ja-vaikeste-teemantidega-058-ct\/#primaryimage\",\"url\":\"https:\/\/fashiongold.lt\/wp-content\/uploads\/2025\/10\/3956-bbd-Aukso-ziedas-su-058-ct-Emerald-deimantu-ir-smulkiais-deimantais.png\",\"contentUrl\":\"https:\/\/fashiongold.lt\/wp-content\/uploads\/2025\/10\/3956-bbd-Aukso-ziedas-su-058-ct-Emerald-deimantu-ir-smulkiais-deimantais.png\",\"width\":1000,\"height\":1000},{\"@type\":\"BreadcrumbList\",\"@id\":\"https:\/\/fashiongold.lt\/et\/papuosalas\/aukso-vizija-punasest-kullast-sormus-smaragdiloikelise-teemandi-ja-vaikeste-teemantidega-058-ct\/#breadcrumb\",\"itemListElement\":[{\"@type\":\"ListItem\",\"position\":1,\"name\":\"Home\",\"item\":\"https:\/\/fashiongold.lt\/et\/\"},{\"@type\":\"ListItem\",\"position\":2,\"name\":\"Teemantide pood Fashiongold.lt\",\"item\":\"https:\/\/fashiongold.lt\/shop-2\/\"},{\"@type\":\"ListItem\",\"position\":3,\"name\":\"Aukso Vizija \u2013 punasest kullast s\u00f5rmus smaragdil\u00f5ikelise teemandi ja v\u00e4ikeste teemantidega (0,58 ct)\"}]},{\"@type\":\"WebSite\",\"@id\":\"https:\/\/fashiongold.lt\/et\/#website\",\"url\":\"https:\/\/fashiongold.lt\/et\/\",\"name\":\"Fashion Gold\",\"description\":\"Juvelyrikos namai\",\"publisher\":{\"@id\":\"https:\/\/fashiongold.lt\/et\/#organization\"},\"potentialAction\":[{\"@type\":\"SearchAction\",\"target\":{\"@type\":\"EntryPoint\",\"urlTemplate\":\"https:\/\/fashiongold.lt\/et\/?s={search_term_string}\"},\"query-input\":{\"@type\":\"PropertyValueSpecification\",\"valueRequired\":true,\"valueName\":\"search_term_string\"}}],\"inLanguage\":\"et\"},{\"@type\":\"Organization\",\"@id\":\"https:\/\/fashiongold.lt\/et\/#organization\",\"name\":\"Topdiamonds Online\",\"url\":\"https:\/\/fashiongold.lt\/et\/\",\"logo\":{\"@type\":\"ImageObject\",\"inLanguage\":\"et\",\"@id\":\"https:\/\/fashiongold.lt\/et\/#\/schema\/logo\/image\/\",\"url\":\"https:\/\/fashiongold.lt\/wp-content\/uploads\/2025\/04\/cropped-fashion_gold_logotipas2-scaled-1.png\",\"contentUrl\":\"https:\/\/fashiongold.lt\/wp-content\/uploads\/2025\/04\/cropped-fashion_gold_logotipas2-scaled-1.png\",\"width\":2559,\"height\":421,\"caption\":\"Topdiamonds Online\"},\"image\":{\"@id\":\"https:\/\/fashiongold.lt\/et\/#\/schema\/logo\/image\/\"}}]}<\/script>\n<!-- \/ Yoast SEO plugin. -->","yoast_head_json":{"title":"Kulds\u00f5rmus 0,58 ct smaragdlihviga teemandi ja v\u00e4ikeste teemantidega","description":"Leedus valmistatud kvaliteetne s\u00f5rmus 0,58 ct Emerald-lihviga teemandi ja seda \u00fcmbritsevate v\u00e4ikeste teemantidega. \u00dcllatage ainulaadse kingitusega. Tasuta tarne.","robots":{"index":"index","follow":"follow","max-snippet":"max-snippet:-1","max-image-preview":"max-image-preview:large","max-video-preview":"max-video-preview:-1"},"canonical":"https:\/\/fashiongold.lt\/et\/papuosalas\/aukso-vizija-punasest-kullast-sormus-smaragdiloikelise-teemandi-ja-vaikeste-teemantidega-058-ct\/","og_locale":"et_EE","og_type":"article","og_title":"Kulds\u00f5rmus 0,58 ct smaragdlihviga teemandi ja v\u00e4ikeste teemantidega","og_description":"Leedus valmistatud kvaliteetne s\u00f5rmus 0,58 ct Emerald-lihviga teemandi ja seda \u00fcmbritsevate v\u00e4ikeste teemantidega. \u00dcllatage ainulaadse kingitusega. Tasuta tarne.","og_url":"https:\/\/fashiongold.lt\/et\/papuosalas\/aukso-vizija-punasest-kullast-sormus-smaragdiloikelise-teemandi-ja-vaikeste-teemantidega-058-ct\/","og_site_name":"FashionGold.lt","og_image":[{"width":1000,"height":1000,"url":"https:\/\/fashiongold.lt\/wp-content\/uploads\/2025\/10\/3956-bbd-Aukso-ziedas-su-058-ct-Emerald-deimantu-ir-smulkiais-deimantais.webp","type":"image\/png"}],"twitter_card":"summary_large_image","schema":{"@context":"https:\/\/schema.org","@graph":[{"@type":"WebPage","@id":"https:\/\/fashiongold.lt\/et\/papuosalas\/aukso-vizija-punasest-kullast-sormus-smaragdiloikelise-teemandi-ja-vaikeste-teemantidega-058-ct\/","url":"https:\/\/fashiongold.lt\/et\/papuosalas\/aukso-vizija-punasest-kullast-sormus-smaragdiloikelise-teemandi-ja-vaikeste-teemantidega-058-ct\/","name":"Kulds\u00f5rmus 0,58 ct smaragdlihviga teemandi ja v\u00e4ikeste teemantidega","isPartOf":{"@id":"https:\/\/fashiongold.lt\/et\/#website"},"primaryImageOfPage":{"@id":"https:\/\/fashiongold.lt\/et\/papuosalas\/aukso-vizija-punasest-kullast-sormus-smaragdiloikelise-teemandi-ja-vaikeste-teemantidega-058-ct\/#primaryimage"},"image":{"@id":"https:\/\/fashiongold.lt\/et\/papuosalas\/aukso-vizija-punasest-kullast-sormus-smaragdiloikelise-teemandi-ja-vaikeste-teemantidega-058-ct\/#primaryimage"},"thumbnailUrl":"https:\/\/fashiongold.lt\/wp-content\/uploads\/2025\/10\/3956-bbd-Aukso-ziedas-su-058-ct-Emerald-deimantu-ir-smulkiais-deimantais.png","datePublished":"2025-10-09T20:40:13+00:00","description":"Leedus valmistatud kvaliteetne s\u00f5rmus 0,58 ct Emerald-lihviga teemandi ja seda \u00fcmbritsevate v\u00e4ikeste teemantidega. \u00dcllatage ainulaadse kingitusega. Tasuta tarne.","breadcrumb":{"@id":"https:\/\/fashiongold.lt\/et\/papuosalas\/aukso-vizija-punasest-kullast-sormus-smaragdiloikelise-teemandi-ja-vaikeste-teemantidega-058-ct\/#breadcrumb"},"inLanguage":"et","potentialAction":[{"@type":"ReadAction","target":["https:\/\/fashiongold.lt\/et\/papuosalas\/aukso-vizija-punasest-kullast-sormus-smaragdiloikelise-teemandi-ja-vaikeste-teemantidega-058-ct\/"]}]},{"@type":"ImageObject","inLanguage":"et","@id":"https:\/\/fashiongold.lt\/et\/papuosalas\/aukso-vizija-punasest-kullast-sormus-smaragdiloikelise-teemandi-ja-vaikeste-teemantidega-058-ct\/#primaryimage","url":"https:\/\/fashiongold.lt\/wp-content\/uploads\/2025\/10\/3956-bbd-Aukso-ziedas-su-058-ct-Emerald-deimantu-ir-smulkiais-deimantais.png","contentUrl":"https:\/\/fashiongold.lt\/wp-content\/uploads\/2025\/10\/3956-bbd-Aukso-ziedas-su-058-ct-Emerald-deimantu-ir-smulkiais-deimantais.png","width":1000,"height":1000},{"@type":"BreadcrumbList","@id":"https:\/\/fashiongold.lt\/et\/papuosalas\/aukso-vizija-punasest-kullast-sormus-smaragdiloikelise-teemandi-ja-vaikeste-teemantidega-058-ct\/#breadcrumb","itemListElement":[{"@type":"ListItem","position":1,"name":"Home","item":"https:\/\/fashiongold.lt\/et\/"},{"@type":"ListItem","position":2,"name":"Teemantide pood Fashiongold.lt","item":"https:\/\/fashiongold.lt\/shop-2\/"},{"@type":"ListItem","position":3,"name":"Aukso Vizija \u2013 punasest kullast s\u00f5rmus smaragdil\u00f5ikelise teemandi ja v\u00e4ikeste teemantidega (0,58 ct)"}]},{"@type":"WebSite","@id":"https:\/\/fashiongold.lt\/et\/#website","url":"https:\/\/fashiongold.lt\/et\/","name":"Fashion Gold","description":"Juvelyrikos namai","publisher":{"@id":"https:\/\/fashiongold.lt\/et\/#organization"},"potentialAction":[{"@type":"SearchAction","target":{"@type":"EntryPoint","urlTemplate":"https:\/\/fashiongold.lt\/et\/?s={search_term_string}"},"query-input":{"@type":"PropertyValueSpecification","valueRequired":true,"valueName":"search_term_string"}}],"inLanguage":"et"},{"@type":"Organization","@id":"https:\/\/fashiongold.lt\/et\/#organization","name":"Topdiamonds Online","url":"https:\/\/fashiongold.lt\/et\/","logo":{"@type":"ImageObject","inLanguage":"et","@id":"https:\/\/fashiongold.lt\/et\/#\/schema\/logo\/image\/","url":"https:\/\/fashiongold.lt\/wp-content\/uploads\/2025\/04\/cropped-fashion_gold_logotipas2-scaled-1.png","contentUrl":"https:\/\/fashiongold.lt\/wp-content\/uploads\/2025\/04\/cropped-fashion_gold_logotipas2-scaled-1.png","width":2559,"height":421,"caption":"Topdiamonds Online"},"image":{"@id":"https:\/\/fashiongold.lt\/et\/#\/schema\/logo\/image\/"}}]}},"_links":{"self":[{"href":"https:\/\/fashiongold.lt\/et\/wp-json\/wp\/v2\/product\/289668","targetHints":{"allow":["GET"]}}],"collection":[{"href":"https:\/\/fashiongold.lt\/et\/wp-json\/wp\/v2\/product"}],"about":[{"href":"https:\/\/fashiongold.lt\/et\/wp-json\/wp\/v2\/types\/product"}],"version-history":[{"count":0,"href":"https:\/\/fashiongold.lt\/et\/wp-json\/wp\/v2\/product\/289668\/revisions"}],"wp:featuredmedia":[{"embeddable":true,"href":"https:\/\/fashiongold.lt\/et\/wp-json\/wp\/v2\/media\/69403"}],"wp:attachment":[{"href":"https:\/\/fashiongold.lt\/et\/wp-json\/wp\/v2\/media?parent=289668"}],"wp:term":[{"taxonomy":"product_brand","embeddable":true,"href":"https:\/\/fashiongold.lt\/et\/wp-json\/wp\/v2\/product_brand?post=289668"},{"taxonomy":"product_cat","embeddable":true,"href":"https:\/\/fashiongold.lt\/et\/wp-json\/wp\/v2\/product_cat?post=289668"},{"taxonomy":"product_tag","embeddable":true,"href":"https:\/\/fashiongold.lt\/et\/wp-json\/wp\/v2\/product_tag?post=289668"}],"curies":[{"name":"wp","href":"https:\/\/api.w.org\/{rel}","templated":true}]}}