{"id":289838,"date":"2025-10-09T20:31:21","date_gmt":"2025-10-09T20:31:21","guid":{"rendered":"https:\/\/fashiongold.lt\/papuosalas\/kuldne-elegants-kollasest-kullast-korvarongad-teemantidega-020-ct\/"},"modified":"2025-10-09T20:31:21","modified_gmt":"2025-10-09T20:31:21","slug":"kuldne-elegants-kollasest-kullast-korvarongad-teemantidega-020-ct","status":"publish","type":"product","link":"https:\/\/fashiongold.lt\/et\/papuosalas\/kuldne-elegants-kollasest-kullast-korvarongad-teemantidega-020-ct\/","title":{"rendered":"Kuldne elegants \u2013 kollasest kullast k\u00f5rvar\u00f5ngad teemantidega (0,20 ct)"},"content":{"rendered":"<p>Kollasest kullast naelk\u00f5rvar\u00f5ngad teemantidega. Peenelt kuueharulises kroonis asetsevad seitse teemanti loovad visiooni \u00fchest suurest s\u00e4ravast teemandist. Suurep\u00e4rane valik erinevateks erilisteks puhkudeks. Proovige neid k\u00f5rvar\u00f5ngaid, et muuta see eriline hetk enda omaks!<\/p>\n<p>K\u00f5rvar\u00f5nga teemandi t\u00fc\u00fcp: Looduslik briljant (teemant)<\/p>\n<p>K\u00f5rvar\u00f5nga teemandi kuju: \u00dcmar<\/p>\n<p>Teemantide kogukaal: 0,20 ct (14 tk x 0,014 ct)<\/p>\n<p>Teemandi v\u00e4rvus: H-I<\/p>\n<p>Teemandi puhtus: SI1-SI2<\/p>\n<p>Sertifikaat: Leedu Proovikoda (LPR)<\/p>\n<p>Kulla proov: 14K (proov 585) <\/p>\n<p>Kulla v\u00e4rvus (valige): kollane kuld <\/p>\n<p>Kulla kaal: umbes 1,15 &#8211; 1,35 g<\/p>\n<p>K\u00f5rvar\u00f5ngaste suurus: 5mm x 5mm<\/p>\n","protected":false},"excerpt":{"rendered":"<p>Kollasest kullast teemantidega nurgk\u00f5rvar\u00f5ngad. Kuueharulises kroonis peenelt paigutatud seitse teemanti loovad mulje \u00fchest suurest s\u00e4ravast teemandist. Suurep\u00e4rane valik erinevateks erilisteks s\u00fcndmusteks. <\/p>\n","protected":false},"featured_media":68382,"template":"","meta":{"site-sidebar-layout":"","site-content-layout":"","ast-site-content-layout":"","site-content-style":"","site-sidebar-style":"","ast-global-header-display":"","ast-banner-title-visibility":"","ast-main-header-display":"","ast-hfb-above-header-display":"","ast-hfb-below-header-display":"","ast-hfb-mobile-header-display":"","site-post-title":"","ast-breadcrumbs-content":"","ast-featured-img":"","footer-sml-layout":"","ast-disable-related-posts":"","theme-transparent-header-meta":"","adv-header-id-meta":"","stick-header-meta":"","header-above-stick-meta":"","header-main-stick-meta":"","header-below-stick-meta":"","astra-migrate-meta-layouts":"default","ast-page-background-enabled":"default","ast-page-background-meta":{"desktop":{"background-color":"var(--ast-global-color-4)","background-image":"","background-repeat":"repeat","background-position":"center center","background-size":"auto","background-attachment":"scroll","background-type":"","background-media":"","overlay-type":"","overlay-color":"","overlay-opacity":"","overlay-gradient":""},"tablet":{"background-color":"","background-image":"","background-repeat":"repeat","background-position":"center center","background-size":"auto","background-attachment":"scroll","background-type":"","background-media":"","overlay-type":"","overlay-color":"","overlay-opacity":"","overlay-gradient":""},"mobile":{"background-color":"","background-image":"","background-repeat":"repeat","background-position":"center center","background-size":"auto","background-attachment":"scroll","background-type":"","background-media":"","overlay-type":"","overlay-color":"","overlay-opacity":"","overlay-gradient":""}},"ast-content-background-meta":{"desktop":{"background-color":"var(--ast-global-color-5)","background-image":"","background-repeat":"repeat","background-position":"center center","background-size":"auto","background-attachment":"scroll","background-type":"","background-media":"","overlay-type":"","overlay-color":"","overlay-opacity":"","overlay-gradient":""},"tablet":{"background-color":"var(--ast-global-color-5)","background-image":"","background-repeat":"repeat","background-position":"center center","background-size":"auto","background-attachment":"scroll","background-type":"","background-media":"","overlay-type":"","overlay-color":"","overlay-opacity":"","overlay-gradient":""},"mobile":{"background-color":"var(--ast-global-color-5)","background-image":"","background-repeat":"repeat","background-position":"center center","background-size":"auto","background-attachment":"scroll","background-type":"","background-media":"","overlay-type":"","overlay-color":"","overlay-opacity":"","overlay-gradient":""}}},"product_brand":[],"product_cat":[3058,2830,2826,2829,2823,2828,2822,2824,3392,2821,2831,3539,2969,3391,2845,2966],"product_tag":[],"class_list":{"0":"post-289838","1":"product","2":"type-product","3":"status-publish","4":"has-post-thumbnail","6":"product_cat-ehted","7":"product_cat-emadepaeva-kingitused","8":"product_cat-joulukingid","9":"product_cat-kingitused-erilisteks-puhkudeks","10":"product_cat-kingitused-lapse-sunni-puhul","11":"product_cat-kingitused-lopetamise-puhul","12":"product_cat-kingitused-naistele","13":"product_cat-kingitused-pulma-aastapaeva-puhul","14":"product_cat-kingitused-pulmade-puhul","15":"product_cat-kingitused-sunnipaevaks","16":"product_cat-kollasest-kullast-ehted","17":"product_cat-korvarongad-tudrukutele-laste-korvarongad","18":"product_cat-naelkorvarongad","19":"product_cat-ristimiskingitused","20":"product_cat-sobrapaeva-kingitused","21":"product_cat-teemantidega-korvarongad","22":"desktop-align-center","23":"tablet-align-left","24":"mobile-align-left","25":"ast-product-gallery-layout-horizontal-slider","26":"ast-product-gallery-with-no-image","27":"ast-product-tabs-layout-accordion","28":"ast-qv-on-image","30":"first","31":"instock","32":"taxable","33":"shipping-taxable","34":"purchasable","35":"product-type-simple"},"yoast_head":"<!-- This site is optimized with the Yoast SEO plugin v26.6 - https:\/\/yoast.com\/wordpress\/plugins\/seo\/ -->\n<title>Kuldne elegants \u2013 kollasest kullast k\u00f5rvar\u00f5ngad teemantidega (0,20 ct) - FashionGold.lt<\/title>\n<meta name=\"robots\" content=\"index, follow, max-snippet:-1, max-image-preview:large, max-video-preview:-1\" \/>\n<link rel=\"canonical\" href=\"https:\/\/fashiongold.lt\/et\/papuosalas\/kuldne-elegants-kollasest-kullast-korvarongad-teemantidega-020-ct\/\" \/>\n<meta property=\"og:locale\" content=\"et_EE\" \/>\n<meta property=\"og:type\" content=\"article\" \/>\n<meta property=\"og:title\" content=\"Kuldne elegants \u2013 kollasest kullast k\u00f5rvar\u00f5ngad teemantidega (0,20 ct) - FashionGold.lt\" \/>\n<meta property=\"og:description\" content=\"Kollasest kullast teemantidega nurgk\u00f5rvar\u00f5ngad. Kuueharulises kroonis peenelt paigutatud seitse teemanti loovad mulje \u00fchest suurest s\u00e4ravast teemandist. Suurep\u00e4rane valik erinevateks erilisteks s\u00fcndmusteks.\" \/>\n<meta property=\"og:url\" content=\"https:\/\/fashiongold.lt\/et\/papuosalas\/kuldne-elegants-kollasest-kullast-korvarongad-teemantidega-020-ct\/\" \/>\n<meta property=\"og:site_name\" content=\"FashionGold.lt\" \/>\n<meta property=\"og:image\" content=\"https:\/\/fashiongold.lt\/wp-content\/uploads\/2025\/10\/3697-bb6-Auksine-Elegancija-geltono-aukso-auskarai-su-deimantais.webp\" \/>\n\t<meta property=\"og:image:width\" content=\"1000\" \/>\n\t<meta property=\"og:image:height\" content=\"1000\" \/>\n\t<meta property=\"og:image:type\" content=\"image\/jpeg\" \/>\n<meta name=\"twitter:card\" content=\"summary_large_image\" \/>\n<script type=\"application\/ld+json\" class=\"yoast-schema-graph\">{\"@context\":\"https:\/\/schema.org\",\"@graph\":[{\"@type\":\"WebPage\",\"@id\":\"https:\/\/fashiongold.lt\/et\/papuosalas\/kuldne-elegants-kollasest-kullast-korvarongad-teemantidega-020-ct\/\",\"url\":\"https:\/\/fashiongold.lt\/et\/papuosalas\/kuldne-elegants-kollasest-kullast-korvarongad-teemantidega-020-ct\/\",\"name\":\"Kuldne elegants \u2013 kollasest kullast k\u00f5rvar\u00f5ngad teemantidega (0,20 ct) - FashionGold.lt\",\"isPartOf\":{\"@id\":\"https:\/\/fashiongold.lt\/et\/#website\"},\"primaryImageOfPage\":{\"@id\":\"https:\/\/fashiongold.lt\/et\/papuosalas\/kuldne-elegants-kollasest-kullast-korvarongad-teemantidega-020-ct\/#primaryimage\"},\"image\":{\"@id\":\"https:\/\/fashiongold.lt\/et\/papuosalas\/kuldne-elegants-kollasest-kullast-korvarongad-teemantidega-020-ct\/#primaryimage\"},\"thumbnailUrl\":\"https:\/\/fashiongold.lt\/wp-content\/uploads\/2025\/10\/3697-bb6-Auksine-Elegancija-geltono-aukso-auskarai-su-deimantais.jpg\",\"datePublished\":\"2025-10-09T20:31:21+00:00\",\"breadcrumb\":{\"@id\":\"https:\/\/fashiongold.lt\/et\/papuosalas\/kuldne-elegants-kollasest-kullast-korvarongad-teemantidega-020-ct\/#breadcrumb\"},\"inLanguage\":\"et\",\"potentialAction\":[{\"@type\":\"ReadAction\",\"target\":[\"https:\/\/fashiongold.lt\/et\/papuosalas\/kuldne-elegants-kollasest-kullast-korvarongad-teemantidega-020-ct\/\"]}]},{\"@type\":\"ImageObject\",\"inLanguage\":\"et\",\"@id\":\"https:\/\/fashiongold.lt\/et\/papuosalas\/kuldne-elegants-kollasest-kullast-korvarongad-teemantidega-020-ct\/#primaryimage\",\"url\":\"https:\/\/fashiongold.lt\/wp-content\/uploads\/2025\/10\/3697-bb6-Auksine-Elegancija-geltono-aukso-auskarai-su-deimantais.jpg\",\"contentUrl\":\"https:\/\/fashiongold.lt\/wp-content\/uploads\/2025\/10\/3697-bb6-Auksine-Elegancija-geltono-aukso-auskarai-su-deimantais.jpg\",\"width\":1000,\"height\":1000},{\"@type\":\"BreadcrumbList\",\"@id\":\"https:\/\/fashiongold.lt\/et\/papuosalas\/kuldne-elegants-kollasest-kullast-korvarongad-teemantidega-020-ct\/#breadcrumb\",\"itemListElement\":[{\"@type\":\"ListItem\",\"position\":1,\"name\":\"Home\",\"item\":\"https:\/\/fashiongold.lt\/et\/\"},{\"@type\":\"ListItem\",\"position\":2,\"name\":\"Teemantide pood Fashiongold.lt\",\"item\":\"https:\/\/fashiongold.lt\/shop-2\/\"},{\"@type\":\"ListItem\",\"position\":3,\"name\":\"Kuldne elegants \u2013 kollasest kullast k\u00f5rvar\u00f5ngad teemantidega (0,20 ct)\"}]},{\"@type\":\"WebSite\",\"@id\":\"https:\/\/fashiongold.lt\/et\/#website\",\"url\":\"https:\/\/fashiongold.lt\/et\/\",\"name\":\"Fashion Gold\",\"description\":\"Juvelyrikos namai\",\"publisher\":{\"@id\":\"https:\/\/fashiongold.lt\/et\/#organization\"},\"potentialAction\":[{\"@type\":\"SearchAction\",\"target\":{\"@type\":\"EntryPoint\",\"urlTemplate\":\"https:\/\/fashiongold.lt\/et\/?s={search_term_string}\"},\"query-input\":{\"@type\":\"PropertyValueSpecification\",\"valueRequired\":true,\"valueName\":\"search_term_string\"}}],\"inLanguage\":\"et\"},{\"@type\":\"Organization\",\"@id\":\"https:\/\/fashiongold.lt\/et\/#organization\",\"name\":\"Topdiamonds Online\",\"url\":\"https:\/\/fashiongold.lt\/et\/\",\"logo\":{\"@type\":\"ImageObject\",\"inLanguage\":\"et\",\"@id\":\"https:\/\/fashiongold.lt\/et\/#\/schema\/logo\/image\/\",\"url\":\"https:\/\/fashiongold.lt\/wp-content\/uploads\/2025\/04\/cropped-fashion_gold_logotipas2-scaled-1.png\",\"contentUrl\":\"https:\/\/fashiongold.lt\/wp-content\/uploads\/2025\/04\/cropped-fashion_gold_logotipas2-scaled-1.png\",\"width\":2559,\"height\":421,\"caption\":\"Topdiamonds Online\"},\"image\":{\"@id\":\"https:\/\/fashiongold.lt\/et\/#\/schema\/logo\/image\/\"}}]}<\/script>\n<!-- \/ Yoast SEO plugin. -->","yoast_head_json":{"title":"Kuldne elegants \u2013 kollasest kullast k\u00f5rvar\u00f5ngad teemantidega (0,20 ct) - FashionGold.lt","robots":{"index":"index","follow":"follow","max-snippet":"max-snippet:-1","max-image-preview":"max-image-preview:large","max-video-preview":"max-video-preview:-1"},"canonical":"https:\/\/fashiongold.lt\/et\/papuosalas\/kuldne-elegants-kollasest-kullast-korvarongad-teemantidega-020-ct\/","og_locale":"et_EE","og_type":"article","og_title":"Kuldne elegants \u2013 kollasest kullast k\u00f5rvar\u00f5ngad teemantidega (0,20 ct) - FashionGold.lt","og_description":"Kollasest kullast teemantidega nurgk\u00f5rvar\u00f5ngad. Kuueharulises kroonis peenelt paigutatud seitse teemanti loovad mulje \u00fchest suurest s\u00e4ravast teemandist. Suurep\u00e4rane valik erinevateks erilisteks s\u00fcndmusteks.","og_url":"https:\/\/fashiongold.lt\/et\/papuosalas\/kuldne-elegants-kollasest-kullast-korvarongad-teemantidega-020-ct\/","og_site_name":"FashionGold.lt","og_image":[{"width":1000,"height":1000,"url":"https:\/\/fashiongold.lt\/wp-content\/uploads\/2025\/10\/3697-bb6-Auksine-Elegancija-geltono-aukso-auskarai-su-deimantais.webp","type":"image\/jpeg"}],"twitter_card":"summary_large_image","schema":{"@context":"https:\/\/schema.org","@graph":[{"@type":"WebPage","@id":"https:\/\/fashiongold.lt\/et\/papuosalas\/kuldne-elegants-kollasest-kullast-korvarongad-teemantidega-020-ct\/","url":"https:\/\/fashiongold.lt\/et\/papuosalas\/kuldne-elegants-kollasest-kullast-korvarongad-teemantidega-020-ct\/","name":"Kuldne elegants \u2013 kollasest kullast k\u00f5rvar\u00f5ngad teemantidega (0,20 ct) - FashionGold.lt","isPartOf":{"@id":"https:\/\/fashiongold.lt\/et\/#website"},"primaryImageOfPage":{"@id":"https:\/\/fashiongold.lt\/et\/papuosalas\/kuldne-elegants-kollasest-kullast-korvarongad-teemantidega-020-ct\/#primaryimage"},"image":{"@id":"https:\/\/fashiongold.lt\/et\/papuosalas\/kuldne-elegants-kollasest-kullast-korvarongad-teemantidega-020-ct\/#primaryimage"},"thumbnailUrl":"https:\/\/fashiongold.lt\/wp-content\/uploads\/2025\/10\/3697-bb6-Auksine-Elegancija-geltono-aukso-auskarai-su-deimantais.jpg","datePublished":"2025-10-09T20:31:21+00:00","breadcrumb":{"@id":"https:\/\/fashiongold.lt\/et\/papuosalas\/kuldne-elegants-kollasest-kullast-korvarongad-teemantidega-020-ct\/#breadcrumb"},"inLanguage":"et","potentialAction":[{"@type":"ReadAction","target":["https:\/\/fashiongold.lt\/et\/papuosalas\/kuldne-elegants-kollasest-kullast-korvarongad-teemantidega-020-ct\/"]}]},{"@type":"ImageObject","inLanguage":"et","@id":"https:\/\/fashiongold.lt\/et\/papuosalas\/kuldne-elegants-kollasest-kullast-korvarongad-teemantidega-020-ct\/#primaryimage","url":"https:\/\/fashiongold.lt\/wp-content\/uploads\/2025\/10\/3697-bb6-Auksine-Elegancija-geltono-aukso-auskarai-su-deimantais.jpg","contentUrl":"https:\/\/fashiongold.lt\/wp-content\/uploads\/2025\/10\/3697-bb6-Auksine-Elegancija-geltono-aukso-auskarai-su-deimantais.jpg","width":1000,"height":1000},{"@type":"BreadcrumbList","@id":"https:\/\/fashiongold.lt\/et\/papuosalas\/kuldne-elegants-kollasest-kullast-korvarongad-teemantidega-020-ct\/#breadcrumb","itemListElement":[{"@type":"ListItem","position":1,"name":"Home","item":"https:\/\/fashiongold.lt\/et\/"},{"@type":"ListItem","position":2,"name":"Teemantide pood Fashiongold.lt","item":"https:\/\/fashiongold.lt\/shop-2\/"},{"@type":"ListItem","position":3,"name":"Kuldne elegants \u2013 kollasest kullast k\u00f5rvar\u00f5ngad teemantidega (0,20 ct)"}]},{"@type":"WebSite","@id":"https:\/\/fashiongold.lt\/et\/#website","url":"https:\/\/fashiongold.lt\/et\/","name":"Fashion Gold","description":"Juvelyrikos namai","publisher":{"@id":"https:\/\/fashiongold.lt\/et\/#organization"},"potentialAction":[{"@type":"SearchAction","target":{"@type":"EntryPoint","urlTemplate":"https:\/\/fashiongold.lt\/et\/?s={search_term_string}"},"query-input":{"@type":"PropertyValueSpecification","valueRequired":true,"valueName":"search_term_string"}}],"inLanguage":"et"},{"@type":"Organization","@id":"https:\/\/fashiongold.lt\/et\/#organization","name":"Topdiamonds Online","url":"https:\/\/fashiongold.lt\/et\/","logo":{"@type":"ImageObject","inLanguage":"et","@id":"https:\/\/fashiongold.lt\/et\/#\/schema\/logo\/image\/","url":"https:\/\/fashiongold.lt\/wp-content\/uploads\/2025\/04\/cropped-fashion_gold_logotipas2-scaled-1.png","contentUrl":"https:\/\/fashiongold.lt\/wp-content\/uploads\/2025\/04\/cropped-fashion_gold_logotipas2-scaled-1.png","width":2559,"height":421,"caption":"Topdiamonds Online"},"image":{"@id":"https:\/\/fashiongold.lt\/et\/#\/schema\/logo\/image\/"}}]}},"_links":{"self":[{"href":"https:\/\/fashiongold.lt\/et\/wp-json\/wp\/v2\/product\/289838","targetHints":{"allow":["GET"]}}],"collection":[{"href":"https:\/\/fashiongold.lt\/et\/wp-json\/wp\/v2\/product"}],"about":[{"href":"https:\/\/fashiongold.lt\/et\/wp-json\/wp\/v2\/types\/product"}],"version-history":[{"count":0,"href":"https:\/\/fashiongold.lt\/et\/wp-json\/wp\/v2\/product\/289838\/revisions"}],"wp:featuredmedia":[{"embeddable":true,"href":"https:\/\/fashiongold.lt\/et\/wp-json\/wp\/v2\/media\/68382"}],"wp:attachment":[{"href":"https:\/\/fashiongold.lt\/et\/wp-json\/wp\/v2\/media?parent=289838"}],"wp:term":[{"taxonomy":"product_brand","embeddable":true,"href":"https:\/\/fashiongold.lt\/et\/wp-json\/wp\/v2\/product_brand?post=289838"},{"taxonomy":"product_cat","embeddable":true,"href":"https:\/\/fashiongold.lt\/et\/wp-json\/wp\/v2\/product_cat?post=289838"},{"taxonomy":"product_tag","embeddable":true,"href":"https:\/\/fashiongold.lt\/et\/wp-json\/wp\/v2\/product_tag?post=289838"}],"curies":[{"name":"wp","href":"https:\/\/api.w.org\/{rel}","templated":true}]}}