{"id":289948,"date":"2025-10-09T20:29:57","date_gmt":"2025-10-09T20:29:57","guid":{"rendered":"https:\/\/fashiongold.lt\/papuosalas\/050-ct-teemant-varvus-f-puhtus-si1-vapustav-valge-lummusega-teemant\/"},"modified":"2025-10-09T20:29:57","modified_gmt":"2025-10-09T20:29:57","slug":"050-ct-teemant-varvus-f-puhtus-si1-vapustav-valge-lummusega-teemant","status":"publish","type":"product","link":"https:\/\/fashiongold.lt\/et\/papuosalas\/050-ct-teemant-varvus-f-puhtus-si1-vapustav-valge-lummusega-teemant\/","title":{"rendered":"0,50 ct teemant, v\u00e4rvus F, puhtus SI1, vapustav valge lummusega teemant"},"content":{"rendered":"<p class=\"MsoNormal\" style=\"margin: 0cm; font-size: 12pt; font-family: 'Times New Roman', serif;\"><o:p><\/o:p><\/p>\n<p class=\"MsoNormal\" style=\"margin: 0cm; font-size: 12pt; font-family: 'Times New Roman', serif;\"><span style=\"font-size: 12pt; background: #f7f7f8;\">See rabav valge sarmiga teemant peegeldab elegantsi ja eksklusiivsust, mis k\u00f6idab teie t\u00e4helepanu. Selle luksuslik s\u00e4ra ja veatu <\/span><span lang=\"ET\" style=\"font-size: 12pt; background: #f7f7f8;\">v\u00e4rv<\/span><span style=\"font-size: 12pt; background: #f7f7f8;\"> lummavad silmi ja j\u00e4tavad v\u00f5rratu mulje. 0,50 ct teemant v\u00e4rvusega F ja puhtusega SI1 on nagu salap\u00e4rane luksuse j\u00f5ud, mis paljastab teie erakordsuse. Selle rabava valge sarmiga teemandiga saate <\/span><span lang=\"ET\" style=\"font-size: 12pt; background: #f7f7f8;\">nautida <\/span><span style=\"font-size: 12pt; background: #f7f7f8;\">salap\u00e4rast kullamaailma, mis v\u00f5imaldab teil rahvahulgas silma paista. Laske sellel teemandil jutustada oma ainulaadne lugu ja lisada teie ellu luksust.<\/span><\/p>\n<p class=\"MsoNormal\" style=\"margin: 0cm; font-size: 12pt; font-family: 'Times New Roman', serif;\"><span style=\"background-color: #fbfbfb; color: #333333; font-family: Nunito; font-size: 18px; text-transform: uppercase;\"><\/span><\/p>\n<p class=\"MsoNormal\" style=\"margin: 0cm; font-size: 12pt; font-family: 'Times New Roman', serif;\"><span style=\"background-color: #fbfbfb; color: #333333; font-family: Nunito; font-size: 18px; text-transform: uppercase;\">TEEMANDI INFO:<\/span><\/p>\n<ul style=\"box-sizing: border-box; margin: 0px 0px 10px; list-style-position: inside; list-style-image: initial; padding: 0px; color: #333333; font-size: 15px;\">\n<li style=\"font-family: Nunito; background-color: #fbfbfb; box-sizing: border-box;\">Kivi: Looduslik teemant (briljant)<\/li>\n<li style=\"font-family: Nunito; background-color: #fbfbfb; box-sizing: border-box;\">Teemandi kuju: \u00dcmar (57 tahku)<\/li>\n<li style=\"font-family: Nunito; background-color: #fbfbfb; box-sizing: border-box;\">Teemandi kaal: 0,50 ct\u00a0<\/li>\n<li style=\"font-family: Nunito; background-color: #fbfbfb; box-sizing: border-box;\">Teemandi m\u00f5\u00f5dud: 4.91-4.99&#215;3.17<\/li>\n<li style=\"font-family: Nunito; background-color: #fbfbfb; box-sizing: border-box;\"><span style=\"font-family: Nunito;\"><span style=\"background-color: #fbfbfb;\">Teemandi v\u00e4rvus: F ( RW+ Rare white)<\/span><\/span><span style=\"font-family: Arial, Helvetica, Comic Sans MS, Trebuchet MS, Georgia, FreeSans, sans-serif;\"><span style=\"background-color: #ffffff;\"> (<\/span><\/span>erakordselt valge)<\/li>\n<li style=\"font-family: Nunito; background-color: #fbfbfb; box-sizing: border-box;\">Teemandi puhtus: SI1 (Sulitised on selgelt n\u00e4htavad 10-kordse suurendusega luubiga. Palja silmaga on sulitisi v\u00e4ga raske m\u00e4rgata)<\/li>\n<li style=\"font-family: Nunito; background-color: #fbfbfb; box-sizing: border-box;\">Sertifikaat (laboratoorium): GIA<\/li>\n<li style=\"font-family: Nunito; background-color: #fbfbfb; box-sizing: border-box;\">Teemandi t\u00f6\u00f6tlus Lihv\/S\u00fcmmeetria\/Poleerimine: VG-G-VG<\/li>\n<li style=\"font-family: Nunito; background-color: #fbfbfb; box-sizing: border-box;\">Teemandi fluorestsents: FNT<\/li>\n<li style=\"font-family: Nunito; background-color: #fbfbfb; box-sizing: border-box;\">Tasuta pakendamine.<\/li>\n<\/ul>\n","protected":false},"excerpt":{"rendered":"<p class=\"MsoNormal\" style=\"margin: 0cm; font-size: 12pt; font-family: 'Times New Roman', serif;\"><span style=\"background: #f7f7f8;\">Erakordne <\/span><span lang=\"LT\" style=\"background: #f7f7f8;\">v<\/span><span style=\"background: #f7f7f8;\">alge <\/span><span lang=\"LT\" style=\"background: #f7f7f8;\">l<\/span><span style=\"background: #f7f7f8;\">umm: 0,50 ct F <\/span><span lang=\"LT\" style=\"background: #f7f7f8;\">v<\/span><span style=\"background: #f7f7f8;\">\u00e4rvi <\/span><span lang=\"LT\" style=\"background: #f7f7f8;\">t<\/span><span style=\"background: #f7f7f8;\">eemant <\/span><span lang=\"LT\" style=\"background: #f7f7f8;\">p<\/span><span style=\"background: #f7f7f8;\">uhtusega SI1 \u2013 <\/span><span lang=\"LT\" style=\"background: #f7f7f8;\">l<\/span><span style=\"background: #f7f7f8;\">iituge <\/span><span lang=\"LT\" style=\"background: #f7f7f8;\">v<\/span><span style=\"background: #f7f7f8;\">apustava <\/span><span lang=\"LT\" style=\"background: #f7f7f8;\">l<\/span><span style=\"background: #f7f7f8;\">uksuse ja <\/span><span lang=\"LT\" style=\"background: #f7f7f8;\">e<\/span><span style=\"background: #f7f7f8;\">legantsiga<\/span><o:p><\/o:p><\/p>\n","protected":false},"featured_media":67826,"template":"","meta":{"site-sidebar-layout":"","site-content-layout":"","ast-site-content-layout":"","site-content-style":"","site-sidebar-style":"","ast-global-header-display":"","ast-banner-title-visibility":"","ast-main-header-display":"","ast-hfb-above-header-display":"","ast-hfb-below-header-display":"","ast-hfb-mobile-header-display":"","site-post-title":"","ast-breadcrumbs-content":"","ast-featured-img":"","footer-sml-layout":"","ast-disable-related-posts":"","theme-transparent-header-meta":"","adv-header-id-meta":"","stick-header-meta":"","header-above-stick-meta":"","header-main-stick-meta":"","header-below-stick-meta":"","astra-migrate-meta-layouts":"default","ast-page-background-enabled":"default","ast-page-background-meta":{"desktop":{"background-color":"var(--ast-global-color-4)","background-image":"","background-repeat":"repeat","background-position":"center center","background-size":"auto","background-attachment":"scroll","background-type":"","background-media":"","overlay-type":"","overlay-color":"","overlay-opacity":"","overlay-gradient":""},"tablet":{"background-color":"","background-image":"","background-repeat":"repeat","background-position":"center center","background-size":"auto","background-attachment":"scroll","background-type":"","background-media":"","overlay-type":"","overlay-color":"","overlay-opacity":"","overlay-gradient":""},"mobile":{"background-color":"","background-image":"","background-repeat":"repeat","background-position":"center center","background-size":"auto","background-attachment":"scroll","background-type":"","background-media":"","overlay-type":"","overlay-color":"","overlay-opacity":"","overlay-gradient":""}},"ast-content-background-meta":{"desktop":{"background-color":"var(--ast-global-color-5)","background-image":"","background-repeat":"repeat","background-position":"center center","background-size":"auto","background-attachment":"scroll","background-type":"","background-media":"","overlay-type":"","overlay-color":"","overlay-opacity":"","overlay-gradient":""},"tablet":{"background-color":"var(--ast-global-color-5)","background-image":"","background-repeat":"repeat","background-position":"center center","background-size":"auto","background-attachment":"scroll","background-type":"","background-media":"","overlay-type":"","overlay-color":"","overlay-opacity":"","overlay-gradient":""},"mobile":{"background-color":"var(--ast-global-color-5)","background-image":"","background-repeat":"repeat","background-position":"center center","background-size":"auto","background-attachment":"scroll","background-type":"","background-media":"","overlay-type":"","overlay-color":"","overlay-opacity":"","overlay-gradient":""}}},"product_brand":[],"product_cat":[2830,2826,2829,2823,2828,2825,2822,2824,3392,2821,3391,2845],"product_tag":[],"class_list":{"0":"post-289948","1":"product","2":"type-product","3":"status-publish","4":"has-post-thumbnail","6":"product_cat-emadepaeva-kingitused","7":"product_cat-joulukingid","8":"product_cat-kingitused-erilisteks-puhkudeks","9":"product_cat-kingitused-lapse-sunni-puhul","10":"product_cat-kingitused-lopetamise-puhul","11":"product_cat-kingitused-meestele","12":"product_cat-kingitused-naistele","13":"product_cat-kingitused-pulma-aastapaeva-puhul","14":"product_cat-kingitused-pulmade-puhul","15":"product_cat-kingitused-sunnipaevaks","16":"product_cat-ristimiskingitused","17":"product_cat-sobrapaeva-kingitused","18":"desktop-align-center","19":"tablet-align-left","20":"mobile-align-left","21":"ast-product-gallery-layout-horizontal-slider","22":"ast-product-gallery-with-no-image","23":"ast-product-tabs-layout-accordion","24":"ast-qv-on-image","26":"first","27":"instock","28":"taxable","29":"shipping-taxable","30":"purchasable","31":"product-type-simple"},"yoast_head":"<!-- This site is optimized with the Yoast SEO plugin v26.6 - https:\/\/yoast.com\/wordpress\/plugins\/seo\/ -->\n<title>0,50 ct teemant, v\u00e4rvus F, puhtus SI1, vapustav valge lummusega teemant - FashionGold.lt<\/title>\n<meta name=\"robots\" content=\"index, follow, max-snippet:-1, max-image-preview:large, max-video-preview:-1\" \/>\n<link rel=\"canonical\" href=\"https:\/\/fashiongold.lt\/et\/papuosalas\/050-ct-teemant-varvus-f-puhtus-si1-vapustav-valge-lummusega-teemant\/\" \/>\n<meta property=\"og:locale\" content=\"et_EE\" \/>\n<meta property=\"og:type\" content=\"article\" \/>\n<meta property=\"og:title\" content=\"0,50 ct teemant, v\u00e4rvus F, puhtus SI1, vapustav valge lummusega teemant - FashionGold.lt\" \/>\n<meta property=\"og:description\" content=\"Erakordne valge lumm: 0,50 ct F v\u00e4rvi teemant puhtusega SI1 \u2013 liituge vapustava luksuse ja elegantsiga\" \/>\n<meta property=\"og:url\" content=\"https:\/\/fashiongold.lt\/et\/papuosalas\/050-ct-teemant-varvus-f-puhtus-si1-vapustav-valge-lummusega-teemant\/\" \/>\n<meta property=\"og:site_name\" content=\"FashionGold.lt\" \/>\n<meta property=\"og:image\" content=\"https:\/\/fashiongold.lt\/wp-content\/uploads\/2025\/10\/3490-9d6-050-ct-deimantas-Spalvos-F-Svarumu-SI1.webp\" \/>\n\t<meta property=\"og:image:width\" content=\"513\" \/>\n\t<meta property=\"og:image:height\" content=\"461\" \/>\n\t<meta property=\"og:image:type\" content=\"image\/png\" \/>\n<meta name=\"twitter:card\" content=\"summary_large_image\" \/>\n<meta name=\"twitter:label1\" content=\"Est. reading time\" \/>\n\t<meta name=\"twitter:data1\" content=\"1 minut\" \/>\n<script type=\"application\/ld+json\" class=\"yoast-schema-graph\">{\"@context\":\"https:\/\/schema.org\",\"@graph\":[{\"@type\":\"WebPage\",\"@id\":\"https:\/\/fashiongold.lt\/et\/papuosalas\/050-ct-teemant-varvus-f-puhtus-si1-vapustav-valge-lummusega-teemant\/\",\"url\":\"https:\/\/fashiongold.lt\/et\/papuosalas\/050-ct-teemant-varvus-f-puhtus-si1-vapustav-valge-lummusega-teemant\/\",\"name\":\"0,50 ct teemant, v\u00e4rvus F, puhtus SI1, vapustav valge lummusega teemant - FashionGold.lt\",\"isPartOf\":{\"@id\":\"https:\/\/fashiongold.lt\/et\/#website\"},\"primaryImageOfPage\":{\"@id\":\"https:\/\/fashiongold.lt\/et\/papuosalas\/050-ct-teemant-varvus-f-puhtus-si1-vapustav-valge-lummusega-teemant\/#primaryimage\"},\"image\":{\"@id\":\"https:\/\/fashiongold.lt\/et\/papuosalas\/050-ct-teemant-varvus-f-puhtus-si1-vapustav-valge-lummusega-teemant\/#primaryimage\"},\"thumbnailUrl\":\"https:\/\/fashiongold.lt\/wp-content\/uploads\/2025\/10\/3490-9d6-050-ct-deimantas-Spalvos-F-Svarumu-SI1.png\",\"datePublished\":\"2025-10-09T20:29:57+00:00\",\"breadcrumb\":{\"@id\":\"https:\/\/fashiongold.lt\/et\/papuosalas\/050-ct-teemant-varvus-f-puhtus-si1-vapustav-valge-lummusega-teemant\/#breadcrumb\"},\"inLanguage\":\"et\",\"potentialAction\":[{\"@type\":\"ReadAction\",\"target\":[\"https:\/\/fashiongold.lt\/et\/papuosalas\/050-ct-teemant-varvus-f-puhtus-si1-vapustav-valge-lummusega-teemant\/\"]}]},{\"@type\":\"ImageObject\",\"inLanguage\":\"et\",\"@id\":\"https:\/\/fashiongold.lt\/et\/papuosalas\/050-ct-teemant-varvus-f-puhtus-si1-vapustav-valge-lummusega-teemant\/#primaryimage\",\"url\":\"https:\/\/fashiongold.lt\/wp-content\/uploads\/2025\/10\/3490-9d6-050-ct-deimantas-Spalvos-F-Svarumu-SI1.png\",\"contentUrl\":\"https:\/\/fashiongold.lt\/wp-content\/uploads\/2025\/10\/3490-9d6-050-ct-deimantas-Spalvos-F-Svarumu-SI1.png\",\"width\":513,\"height\":461},{\"@type\":\"BreadcrumbList\",\"@id\":\"https:\/\/fashiongold.lt\/et\/papuosalas\/050-ct-teemant-varvus-f-puhtus-si1-vapustav-valge-lummusega-teemant\/#breadcrumb\",\"itemListElement\":[{\"@type\":\"ListItem\",\"position\":1,\"name\":\"Home\",\"item\":\"https:\/\/fashiongold.lt\/et\/\"},{\"@type\":\"ListItem\",\"position\":2,\"name\":\"Teemantide pood Fashiongold.lt\",\"item\":\"https:\/\/fashiongold.lt\/shop-2\/\"},{\"@type\":\"ListItem\",\"position\":3,\"name\":\"0,50 ct teemant, v\u00e4rvus F, puhtus SI1, vapustav valge lummusega teemant\"}]},{\"@type\":\"WebSite\",\"@id\":\"https:\/\/fashiongold.lt\/et\/#website\",\"url\":\"https:\/\/fashiongold.lt\/et\/\",\"name\":\"Fashion Gold\",\"description\":\"Juvelyrikos namai\",\"publisher\":{\"@id\":\"https:\/\/fashiongold.lt\/et\/#organization\"},\"potentialAction\":[{\"@type\":\"SearchAction\",\"target\":{\"@type\":\"EntryPoint\",\"urlTemplate\":\"https:\/\/fashiongold.lt\/et\/?s={search_term_string}\"},\"query-input\":{\"@type\":\"PropertyValueSpecification\",\"valueRequired\":true,\"valueName\":\"search_term_string\"}}],\"inLanguage\":\"et\"},{\"@type\":\"Organization\",\"@id\":\"https:\/\/fashiongold.lt\/et\/#organization\",\"name\":\"Topdiamonds Online\",\"url\":\"https:\/\/fashiongold.lt\/et\/\",\"logo\":{\"@type\":\"ImageObject\",\"inLanguage\":\"et\",\"@id\":\"https:\/\/fashiongold.lt\/et\/#\/schema\/logo\/image\/\",\"url\":\"https:\/\/fashiongold.lt\/wp-content\/uploads\/2025\/04\/cropped-fashion_gold_logotipas2-scaled-1.png\",\"contentUrl\":\"https:\/\/fashiongold.lt\/wp-content\/uploads\/2025\/04\/cropped-fashion_gold_logotipas2-scaled-1.png\",\"width\":2559,\"height\":421,\"caption\":\"Topdiamonds Online\"},\"image\":{\"@id\":\"https:\/\/fashiongold.lt\/et\/#\/schema\/logo\/image\/\"}}]}<\/script>\n<!-- \/ Yoast SEO plugin. -->","yoast_head_json":{"title":"0,50 ct teemant, v\u00e4rvus F, puhtus SI1, vapustav valge lummusega teemant - FashionGold.lt","robots":{"index":"index","follow":"follow","max-snippet":"max-snippet:-1","max-image-preview":"max-image-preview:large","max-video-preview":"max-video-preview:-1"},"canonical":"https:\/\/fashiongold.lt\/et\/papuosalas\/050-ct-teemant-varvus-f-puhtus-si1-vapustav-valge-lummusega-teemant\/","og_locale":"et_EE","og_type":"article","og_title":"0,50 ct teemant, v\u00e4rvus F, puhtus SI1, vapustav valge lummusega teemant - FashionGold.lt","og_description":"Erakordne valge lumm: 0,50 ct F v\u00e4rvi teemant puhtusega SI1 \u2013 liituge vapustava luksuse ja elegantsiga","og_url":"https:\/\/fashiongold.lt\/et\/papuosalas\/050-ct-teemant-varvus-f-puhtus-si1-vapustav-valge-lummusega-teemant\/","og_site_name":"FashionGold.lt","og_image":[{"width":513,"height":461,"url":"https:\/\/fashiongold.lt\/wp-content\/uploads\/2025\/10\/3490-9d6-050-ct-deimantas-Spalvos-F-Svarumu-SI1.webp","type":"image\/png"}],"twitter_card":"summary_large_image","twitter_misc":{"Est. reading time":"1 minut"},"schema":{"@context":"https:\/\/schema.org","@graph":[{"@type":"WebPage","@id":"https:\/\/fashiongold.lt\/et\/papuosalas\/050-ct-teemant-varvus-f-puhtus-si1-vapustav-valge-lummusega-teemant\/","url":"https:\/\/fashiongold.lt\/et\/papuosalas\/050-ct-teemant-varvus-f-puhtus-si1-vapustav-valge-lummusega-teemant\/","name":"0,50 ct teemant, v\u00e4rvus F, puhtus SI1, vapustav valge lummusega teemant - FashionGold.lt","isPartOf":{"@id":"https:\/\/fashiongold.lt\/et\/#website"},"primaryImageOfPage":{"@id":"https:\/\/fashiongold.lt\/et\/papuosalas\/050-ct-teemant-varvus-f-puhtus-si1-vapustav-valge-lummusega-teemant\/#primaryimage"},"image":{"@id":"https:\/\/fashiongold.lt\/et\/papuosalas\/050-ct-teemant-varvus-f-puhtus-si1-vapustav-valge-lummusega-teemant\/#primaryimage"},"thumbnailUrl":"https:\/\/fashiongold.lt\/wp-content\/uploads\/2025\/10\/3490-9d6-050-ct-deimantas-Spalvos-F-Svarumu-SI1.png","datePublished":"2025-10-09T20:29:57+00:00","breadcrumb":{"@id":"https:\/\/fashiongold.lt\/et\/papuosalas\/050-ct-teemant-varvus-f-puhtus-si1-vapustav-valge-lummusega-teemant\/#breadcrumb"},"inLanguage":"et","potentialAction":[{"@type":"ReadAction","target":["https:\/\/fashiongold.lt\/et\/papuosalas\/050-ct-teemant-varvus-f-puhtus-si1-vapustav-valge-lummusega-teemant\/"]}]},{"@type":"ImageObject","inLanguage":"et","@id":"https:\/\/fashiongold.lt\/et\/papuosalas\/050-ct-teemant-varvus-f-puhtus-si1-vapustav-valge-lummusega-teemant\/#primaryimage","url":"https:\/\/fashiongold.lt\/wp-content\/uploads\/2025\/10\/3490-9d6-050-ct-deimantas-Spalvos-F-Svarumu-SI1.png","contentUrl":"https:\/\/fashiongold.lt\/wp-content\/uploads\/2025\/10\/3490-9d6-050-ct-deimantas-Spalvos-F-Svarumu-SI1.png","width":513,"height":461},{"@type":"BreadcrumbList","@id":"https:\/\/fashiongold.lt\/et\/papuosalas\/050-ct-teemant-varvus-f-puhtus-si1-vapustav-valge-lummusega-teemant\/#breadcrumb","itemListElement":[{"@type":"ListItem","position":1,"name":"Home","item":"https:\/\/fashiongold.lt\/et\/"},{"@type":"ListItem","position":2,"name":"Teemantide pood Fashiongold.lt","item":"https:\/\/fashiongold.lt\/shop-2\/"},{"@type":"ListItem","position":3,"name":"0,50 ct teemant, v\u00e4rvus F, puhtus SI1, vapustav valge lummusega teemant"}]},{"@type":"WebSite","@id":"https:\/\/fashiongold.lt\/et\/#website","url":"https:\/\/fashiongold.lt\/et\/","name":"Fashion Gold","description":"Juvelyrikos namai","publisher":{"@id":"https:\/\/fashiongold.lt\/et\/#organization"},"potentialAction":[{"@type":"SearchAction","target":{"@type":"EntryPoint","urlTemplate":"https:\/\/fashiongold.lt\/et\/?s={search_term_string}"},"query-input":{"@type":"PropertyValueSpecification","valueRequired":true,"valueName":"search_term_string"}}],"inLanguage":"et"},{"@type":"Organization","@id":"https:\/\/fashiongold.lt\/et\/#organization","name":"Topdiamonds Online","url":"https:\/\/fashiongold.lt\/et\/","logo":{"@type":"ImageObject","inLanguage":"et","@id":"https:\/\/fashiongold.lt\/et\/#\/schema\/logo\/image\/","url":"https:\/\/fashiongold.lt\/wp-content\/uploads\/2025\/04\/cropped-fashion_gold_logotipas2-scaled-1.png","contentUrl":"https:\/\/fashiongold.lt\/wp-content\/uploads\/2025\/04\/cropped-fashion_gold_logotipas2-scaled-1.png","width":2559,"height":421,"caption":"Topdiamonds Online"},"image":{"@id":"https:\/\/fashiongold.lt\/et\/#\/schema\/logo\/image\/"}}]}},"_links":{"self":[{"href":"https:\/\/fashiongold.lt\/et\/wp-json\/wp\/v2\/product\/289948","targetHints":{"allow":["GET"]}}],"collection":[{"href":"https:\/\/fashiongold.lt\/et\/wp-json\/wp\/v2\/product"}],"about":[{"href":"https:\/\/fashiongold.lt\/et\/wp-json\/wp\/v2\/types\/product"}],"version-history":[{"count":0,"href":"https:\/\/fashiongold.lt\/et\/wp-json\/wp\/v2\/product\/289948\/revisions"}],"wp:featuredmedia":[{"embeddable":true,"href":"https:\/\/fashiongold.lt\/et\/wp-json\/wp\/v2\/media\/67826"}],"wp:attachment":[{"href":"https:\/\/fashiongold.lt\/et\/wp-json\/wp\/v2\/media?parent=289948"}],"wp:term":[{"taxonomy":"product_brand","embeddable":true,"href":"https:\/\/fashiongold.lt\/et\/wp-json\/wp\/v2\/product_brand?post=289948"},{"taxonomy":"product_cat","embeddable":true,"href":"https:\/\/fashiongold.lt\/et\/wp-json\/wp\/v2\/product_cat?post=289948"},{"taxonomy":"product_tag","embeddable":true,"href":"https:\/\/fashiongold.lt\/et\/wp-json\/wp\/v2\/product_tag?post=289948"}],"curies":[{"name":"wp","href":"https:\/\/api.w.org\/{rel}","templated":true}]}}