{"id":289953,"date":"2025-10-09T20:29:57","date_gmt":"2025-10-09T20:29:57","guid":{"rendered":"https:\/\/fashiongold.lt\/papuosalas\/050-ct-teemant-varvusega-f-puhtusega-si2-valge-saladus\/"},"modified":"2025-10-09T20:29:57","modified_gmt":"2025-10-09T20:29:57","slug":"050-ct-teemant-varvusega-f-puhtusega-si2-valge-saladus","status":"publish","type":"product","link":"https:\/\/fashiongold.lt\/et\/papuosalas\/050-ct-teemant-varvusega-f-puhtusega-si2-valge-saladus\/","title":{"rendered":"0,50 ct teemant v\u00e4rvusega F puhtusega SI2 Valge saladus"},"content":{"rendered":"<p class=\"MsoNormal\" style=\"margin: 0cm; font-size: 12pt; font-family: 'Times New Roman', serif;\"><span style=\"background: #f7f7f8;\">Lubage <\/span><span lang=\"LT\" style=\"background: #f7f7f8;\">\u201e<\/span><span style=\"background: #f7f7f8;\">Valge Saladuse<\/span><span lang=\"LT\" style=\"background: #f7f7f8;\">\u201c<\/span><span style=\"background: #f7f7f8;\"> 0,50 ct erakordselt valge F-v\u00e4rvi ja SI2-puhtusega teemandil r\u00e4\u00e4kida ja paljastada oma v\u00f5lu. See kivi ei lummata mitte ainult oma erakordse valge iluga, vaid \u00e4ratab huvi ka oma SI2-puhtusega. Eksklusiivsus ja h\u00e4mmastav elegants on m\u00e4rgatavad isegi palja silmaga. <\/span><span lang=\"LT\" style=\"background: #f7f7f8;\">\u201e<\/span><span style=\"background: #f7f7f8;\">Valge Saladus<\/span><span lang=\"LT\" style=\"background: #f7f7f8;\">\u201c<\/span><span style=\"background: #f7f7f8;\"> kutsub teid avastama oma elus erilist valget v\u00f5lu, mis t\u00f5mbab t\u00e4helepanu ja loob kordumatuid hetki. Selle 0,50 ct erakordselt valge F-v\u00e4rvi ja SI2-puhtusega teemandiga koete te ebatavalist luksust ja salap\u00e4rasust, mis r\u00f5hutab teie unikaalsust. Lubage &#8220;Valgel Saladusel&#8221; jutustada teile lugu erilisusest ja ilust, milles peitub maagia.<\/span><o:p><\/o:p><\/p>\n<p><span style=\"background-color: #fbfbfb; color: #333333; font-family: Nunito; font-size: 18px; text-transform: uppercase;\">INFO TEEMANDI KOHTA:<\/span><\/p>\n<ul style=\"box-sizing: border-box; margin: 0px 0px 10px; list-style-position: inside; list-style-image: initial; padding: 0px; color: #333333; font-size: 15px;\">\n<li style=\"font-family: Nunito; background-color: #fbfbfb; box-sizing: border-box;\">Kivi: Looduslik teemant (Briljant)<\/li>\n<li style=\"font-family: Nunito; background-color: #fbfbfb; box-sizing: border-box;\">Teemandi kuju: \u00dcmar (57 tahku)<\/li>\n<li style=\"font-family: Nunito; background-color: #fbfbfb; box-sizing: border-box;\">Teemandi kaal: 0,50 ct<\/li>\n<li style=\"font-family: Nunito; background-color: #fbfbfb; box-sizing: border-box;\">Teemandi m\u00f5\u00f5dud: 5.08-5.15&#215;2.96<\/li>\n<li style=\"font-family: Nunito; background-color: #fbfbfb; box-sizing: border-box;\"><span style=\"font-family: Nunito;\"><span style=\"background-color: #fbfbfb;\">Teemandi v\u00e4rvus: F ( RW+ Rare white)<\/span><\/span><span style=\"font-family: Arial, Helvetica, Comic Sans MS, Trebuchet MS, Georgia, FreeSans, sans-serif;\"><span style=\"background-color: #ffffff;\"> (<\/span><\/span>erakordselt valge)<\/li>\n<li style=\"font-family: Nunito; background-color: #fbfbfb; box-sizing: border-box;\">Teemandi puhtus: SI2 (Sulgatised on 10-kordse suurendusega luubiga selgesti n\u00e4htavad. Palja silmaga on sulgatisi raske m\u00e4rgata)<\/li>\n<li style=\"font-family: Nunito; background-color: #fbfbfb; box-sizing: border-box;\">Sertifikaat (labor): GIA<\/li>\n<li style=\"font-family: Nunito; background-color: #fbfbfb; box-sizing: border-box;\">Teemandi lihv Lihv\/S\u00fcmmeetria\/Poleerimine: VG-G-EX<\/li>\n<li style=\"font-family: Nunito; background-color: #fbfbfb; box-sizing: border-box;\">Teemandi fluorestsents: NON<\/li>\n<li style=\"font-family: Nunito; background-color: #fbfbfb; box-sizing: border-box;\">Tasuta pakend.<\/li>\n<\/ul>\n","protected":false},"excerpt":{"rendered":"<p class=\"MsoNormal\" style=\"margin: 0cm; font-size: 12pt; font-family: 'Times New Roman', serif;\"><span style=\"background: #f7f7f8;\">Vaadake seda erakord<\/span><span lang=\"LT\" style=\"background: #f7f7f8;\">set <\/span><span style=\"background: #f7f7f8;\">0,50 ct teemant<\/span><span lang=\"LT\" style=\"background: #f7f7f8;\">i<\/span><span style=\"background: #f7f7f8;\">, mis lummab oma erakordse valge v\u00e4rvitooniga F ja puhtusega SI2. See kivi paljastab kordumatu luksuse, mis on n\u00e4htav isegi palja silmaga. <\/span><span lang=\"LT\" style=\"background: #f7f7f8;\">\u201e<\/span><span style=\"background: #f7f7f8;\">Valge Saladus<\/span><span lang=\"LT\" style=\"background: #f7f7f8;\">\u201c<\/span><span style=\"background: #f7f7f8;\"> lubab lummavat valgusm\u00e4ngu ja erakordset elegantsi, mis p\u00fc\u00fcab pilke ja inspireerib imelisi hetki. See 0,50 ct teemant oma erakordselt valge v\u00e4rvusega F ja puhtusega SI2 on luksuse s\u00fcmbol, mis paljastab valge ilu salap\u00e4rase v\u00f5lu. Laske \u201eValgel Saladusel\u201c jutustada oma lugu ja lisada teie elule erilisust.<\/span><o:p><\/o:p><\/p>\n","protected":false},"featured_media":67801,"template":"","meta":{"site-sidebar-layout":"","site-content-layout":"","ast-site-content-layout":"","site-content-style":"","site-sidebar-style":"","ast-global-header-display":"","ast-banner-title-visibility":"","ast-main-header-display":"","ast-hfb-above-header-display":"","ast-hfb-below-header-display":"","ast-hfb-mobile-header-display":"","site-post-title":"","ast-breadcrumbs-content":"","ast-featured-img":"","footer-sml-layout":"","ast-disable-related-posts":"","theme-transparent-header-meta":"","adv-header-id-meta":"","stick-header-meta":"","header-above-stick-meta":"","header-main-stick-meta":"","header-below-stick-meta":"","astra-migrate-meta-layouts":"default","ast-page-background-enabled":"default","ast-page-background-meta":{"desktop":{"background-color":"var(--ast-global-color-4)","background-image":"","background-repeat":"repeat","background-position":"center center","background-size":"auto","background-attachment":"scroll","background-type":"","background-media":"","overlay-type":"","overlay-color":"","overlay-opacity":"","overlay-gradient":""},"tablet":{"background-color":"","background-image":"","background-repeat":"repeat","background-position":"center center","background-size":"auto","background-attachment":"scroll","background-type":"","background-media":"","overlay-type":"","overlay-color":"","overlay-opacity":"","overlay-gradient":""},"mobile":{"background-color":"","background-image":"","background-repeat":"repeat","background-position":"center center","background-size":"auto","background-attachment":"scroll","background-type":"","background-media":"","overlay-type":"","overlay-color":"","overlay-opacity":"","overlay-gradient":""}},"ast-content-background-meta":{"desktop":{"background-color":"var(--ast-global-color-5)","background-image":"","background-repeat":"repeat","background-position":"center center","background-size":"auto","background-attachment":"scroll","background-type":"","background-media":"","overlay-type":"","overlay-color":"","overlay-opacity":"","overlay-gradient":""},"tablet":{"background-color":"var(--ast-global-color-5)","background-image":"","background-repeat":"repeat","background-position":"center center","background-size":"auto","background-attachment":"scroll","background-type":"","background-media":"","overlay-type":"","overlay-color":"","overlay-opacity":"","overlay-gradient":""},"mobile":{"background-color":"var(--ast-global-color-5)","background-image":"","background-repeat":"repeat","background-position":"center center","background-size":"auto","background-attachment":"scroll","background-type":"","background-media":"","overlay-type":"","overlay-color":"","overlay-opacity":"","overlay-gradient":""}}},"product_brand":[],"product_cat":[2830,2826,2829,2823,2828,2825,2822,2824,3392,2821,3391,2845],"product_tag":[],"class_list":{"0":"post-289953","1":"product","2":"type-product","3":"status-publish","4":"has-post-thumbnail","6":"product_cat-emadepaeva-kingitused","7":"product_cat-joulukingid","8":"product_cat-kingitused-erilisteks-puhkudeks","9":"product_cat-kingitused-lapse-sunni-puhul","10":"product_cat-kingitused-lopetamise-puhul","11":"product_cat-kingitused-meestele","12":"product_cat-kingitused-naistele","13":"product_cat-kingitused-pulma-aastapaeva-puhul","14":"product_cat-kingitused-pulmade-puhul","15":"product_cat-kingitused-sunnipaevaks","16":"product_cat-ristimiskingitused","17":"product_cat-sobrapaeva-kingitused","18":"desktop-align-center","19":"tablet-align-left","20":"mobile-align-left","21":"ast-product-gallery-layout-horizontal-slider","22":"ast-product-gallery-with-no-image","23":"ast-product-tabs-layout-accordion","24":"ast-qv-on-image","26":"first","27":"instock","28":"taxable","29":"shipping-taxable","30":"purchasable","31":"product-type-simple"},"yoast_head":"<!-- This site is optimized with the Yoast SEO plugin v26.6 - https:\/\/yoast.com\/wordpress\/plugins\/seo\/ -->\n<title>0,50 ct teemant v\u00e4rvusega F puhtusega SI2 Valge saladus - FashionGold.lt<\/title>\n<meta name=\"robots\" content=\"index, follow, max-snippet:-1, max-image-preview:large, max-video-preview:-1\" \/>\n<link rel=\"canonical\" href=\"https:\/\/fashiongold.lt\/et\/papuosalas\/050-ct-teemant-varvusega-f-puhtusega-si2-valge-saladus\/\" \/>\n<meta property=\"og:locale\" content=\"et_EE\" \/>\n<meta property=\"og:type\" content=\"article\" \/>\n<meta property=\"og:title\" content=\"0,50 ct teemant v\u00e4rvusega F puhtusega SI2 Valge saladus - FashionGold.lt\" \/>\n<meta property=\"og:description\" content=\"Vaadake seda erakordset 0,50 ct teemanti, mis lummab oma erakordse valge v\u00e4rvitooniga F ja puhtusega SI2. See kivi paljastab kordumatu luksuse, mis on n\u00e4htav isegi palja silmaga. \u201eValge Saladus\u201c lubab lummavat valgusm\u00e4ngu ja erakordset elegantsi, mis p\u00fc\u00fcab pilke ja inspireerib imelisi hetki. See 0,50 ct teemant oma erakordselt valge v\u00e4rvusega F ja puhtusega SI2 on luksuse s\u00fcmbol, mis paljastab valge ilu salap\u00e4rase v\u00f5lu. Laske \u201eValgel Saladusel\u201c jutustada oma lugu ja lisada teie elule erilisust.\" \/>\n<meta property=\"og:url\" content=\"https:\/\/fashiongold.lt\/et\/papuosalas\/050-ct-teemant-varvusega-f-puhtusega-si2-valge-saladus\/\" \/>\n<meta property=\"og:site_name\" content=\"FashionGold.lt\" \/>\n<meta property=\"og:image\" content=\"https:\/\/fashiongold.lt\/wp-content\/uploads\/2025\/10\/3481-1f3-053-ct-deimantas-Spalvos-K-Svarumu-VVS2-Grozis-kuri-verta-istyrineti.webp\" \/>\n\t<meta property=\"og:image:width\" content=\"466\" \/>\n\t<meta property=\"og:image:height\" content=\"429\" \/>\n\t<meta property=\"og:image:type\" content=\"image\/png\" \/>\n<meta name=\"twitter:card\" content=\"summary_large_image\" \/>\n<meta name=\"twitter:label1\" content=\"Est. reading time\" \/>\n\t<meta name=\"twitter:data1\" content=\"1 minut\" \/>\n<script type=\"application\/ld+json\" class=\"yoast-schema-graph\">{\"@context\":\"https:\/\/schema.org\",\"@graph\":[{\"@type\":\"WebPage\",\"@id\":\"https:\/\/fashiongold.lt\/et\/papuosalas\/050-ct-teemant-varvusega-f-puhtusega-si2-valge-saladus\/\",\"url\":\"https:\/\/fashiongold.lt\/et\/papuosalas\/050-ct-teemant-varvusega-f-puhtusega-si2-valge-saladus\/\",\"name\":\"0,50 ct teemant v\u00e4rvusega F puhtusega SI2 Valge saladus - FashionGold.lt\",\"isPartOf\":{\"@id\":\"https:\/\/fashiongold.lt\/et\/#website\"},\"primaryImageOfPage\":{\"@id\":\"https:\/\/fashiongold.lt\/et\/papuosalas\/050-ct-teemant-varvusega-f-puhtusega-si2-valge-saladus\/#primaryimage\"},\"image\":{\"@id\":\"https:\/\/fashiongold.lt\/et\/papuosalas\/050-ct-teemant-varvusega-f-puhtusega-si2-valge-saladus\/#primaryimage\"},\"thumbnailUrl\":\"https:\/\/fashiongold.lt\/wp-content\/uploads\/2025\/10\/3481-1f3-053-ct-deimantas-Spalvos-K-Svarumu-VVS2-Grozis-kuri-verta-istyrineti.png\",\"datePublished\":\"2025-10-09T20:29:57+00:00\",\"breadcrumb\":{\"@id\":\"https:\/\/fashiongold.lt\/et\/papuosalas\/050-ct-teemant-varvusega-f-puhtusega-si2-valge-saladus\/#breadcrumb\"},\"inLanguage\":\"et\",\"potentialAction\":[{\"@type\":\"ReadAction\",\"target\":[\"https:\/\/fashiongold.lt\/et\/papuosalas\/050-ct-teemant-varvusega-f-puhtusega-si2-valge-saladus\/\"]}]},{\"@type\":\"ImageObject\",\"inLanguage\":\"et\",\"@id\":\"https:\/\/fashiongold.lt\/et\/papuosalas\/050-ct-teemant-varvusega-f-puhtusega-si2-valge-saladus\/#primaryimage\",\"url\":\"https:\/\/fashiongold.lt\/wp-content\/uploads\/2025\/10\/3481-1f3-053-ct-deimantas-Spalvos-K-Svarumu-VVS2-Grozis-kuri-verta-istyrineti.png\",\"contentUrl\":\"https:\/\/fashiongold.lt\/wp-content\/uploads\/2025\/10\/3481-1f3-053-ct-deimantas-Spalvos-K-Svarumu-VVS2-Grozis-kuri-verta-istyrineti.png\",\"width\":466,\"height\":429},{\"@type\":\"BreadcrumbList\",\"@id\":\"https:\/\/fashiongold.lt\/et\/papuosalas\/050-ct-teemant-varvusega-f-puhtusega-si2-valge-saladus\/#breadcrumb\",\"itemListElement\":[{\"@type\":\"ListItem\",\"position\":1,\"name\":\"Home\",\"item\":\"https:\/\/fashiongold.lt\/et\/\"},{\"@type\":\"ListItem\",\"position\":2,\"name\":\"Teemantide pood Fashiongold.lt\",\"item\":\"https:\/\/fashiongold.lt\/shop-2\/\"},{\"@type\":\"ListItem\",\"position\":3,\"name\":\"0,50 ct teemant v\u00e4rvusega F puhtusega SI2 Valge saladus\"}]},{\"@type\":\"WebSite\",\"@id\":\"https:\/\/fashiongold.lt\/et\/#website\",\"url\":\"https:\/\/fashiongold.lt\/et\/\",\"name\":\"Fashion Gold\",\"description\":\"Juvelyrikos namai\",\"publisher\":{\"@id\":\"https:\/\/fashiongold.lt\/et\/#organization\"},\"potentialAction\":[{\"@type\":\"SearchAction\",\"target\":{\"@type\":\"EntryPoint\",\"urlTemplate\":\"https:\/\/fashiongold.lt\/et\/?s={search_term_string}\"},\"query-input\":{\"@type\":\"PropertyValueSpecification\",\"valueRequired\":true,\"valueName\":\"search_term_string\"}}],\"inLanguage\":\"et\"},{\"@type\":\"Organization\",\"@id\":\"https:\/\/fashiongold.lt\/et\/#organization\",\"name\":\"Topdiamonds Online\",\"url\":\"https:\/\/fashiongold.lt\/et\/\",\"logo\":{\"@type\":\"ImageObject\",\"inLanguage\":\"et\",\"@id\":\"https:\/\/fashiongold.lt\/et\/#\/schema\/logo\/image\/\",\"url\":\"https:\/\/fashiongold.lt\/wp-content\/uploads\/2025\/04\/cropped-fashion_gold_logotipas2-scaled-1.png\",\"contentUrl\":\"https:\/\/fashiongold.lt\/wp-content\/uploads\/2025\/04\/cropped-fashion_gold_logotipas2-scaled-1.png\",\"width\":2559,\"height\":421,\"caption\":\"Topdiamonds Online\"},\"image\":{\"@id\":\"https:\/\/fashiongold.lt\/et\/#\/schema\/logo\/image\/\"}}]}<\/script>\n<!-- \/ Yoast SEO plugin. -->","yoast_head_json":{"title":"0,50 ct teemant v\u00e4rvusega F puhtusega SI2 Valge saladus - FashionGold.lt","robots":{"index":"index","follow":"follow","max-snippet":"max-snippet:-1","max-image-preview":"max-image-preview:large","max-video-preview":"max-video-preview:-1"},"canonical":"https:\/\/fashiongold.lt\/et\/papuosalas\/050-ct-teemant-varvusega-f-puhtusega-si2-valge-saladus\/","og_locale":"et_EE","og_type":"article","og_title":"0,50 ct teemant v\u00e4rvusega F puhtusega SI2 Valge saladus - FashionGold.lt","og_description":"Vaadake seda erakordset 0,50 ct teemanti, mis lummab oma erakordse valge v\u00e4rvitooniga F ja puhtusega SI2. See kivi paljastab kordumatu luksuse, mis on n\u00e4htav isegi palja silmaga. \u201eValge Saladus\u201c lubab lummavat valgusm\u00e4ngu ja erakordset elegantsi, mis p\u00fc\u00fcab pilke ja inspireerib imelisi hetki. See 0,50 ct teemant oma erakordselt valge v\u00e4rvusega F ja puhtusega SI2 on luksuse s\u00fcmbol, mis paljastab valge ilu salap\u00e4rase v\u00f5lu. Laske \u201eValgel Saladusel\u201c jutustada oma lugu ja lisada teie elule erilisust.","og_url":"https:\/\/fashiongold.lt\/et\/papuosalas\/050-ct-teemant-varvusega-f-puhtusega-si2-valge-saladus\/","og_site_name":"FashionGold.lt","og_image":[{"width":466,"height":429,"url":"https:\/\/fashiongold.lt\/wp-content\/uploads\/2025\/10\/3481-1f3-053-ct-deimantas-Spalvos-K-Svarumu-VVS2-Grozis-kuri-verta-istyrineti.webp","type":"image\/png"}],"twitter_card":"summary_large_image","twitter_misc":{"Est. reading time":"1 minut"},"schema":{"@context":"https:\/\/schema.org","@graph":[{"@type":"WebPage","@id":"https:\/\/fashiongold.lt\/et\/papuosalas\/050-ct-teemant-varvusega-f-puhtusega-si2-valge-saladus\/","url":"https:\/\/fashiongold.lt\/et\/papuosalas\/050-ct-teemant-varvusega-f-puhtusega-si2-valge-saladus\/","name":"0,50 ct teemant v\u00e4rvusega F puhtusega SI2 Valge saladus - FashionGold.lt","isPartOf":{"@id":"https:\/\/fashiongold.lt\/et\/#website"},"primaryImageOfPage":{"@id":"https:\/\/fashiongold.lt\/et\/papuosalas\/050-ct-teemant-varvusega-f-puhtusega-si2-valge-saladus\/#primaryimage"},"image":{"@id":"https:\/\/fashiongold.lt\/et\/papuosalas\/050-ct-teemant-varvusega-f-puhtusega-si2-valge-saladus\/#primaryimage"},"thumbnailUrl":"https:\/\/fashiongold.lt\/wp-content\/uploads\/2025\/10\/3481-1f3-053-ct-deimantas-Spalvos-K-Svarumu-VVS2-Grozis-kuri-verta-istyrineti.png","datePublished":"2025-10-09T20:29:57+00:00","breadcrumb":{"@id":"https:\/\/fashiongold.lt\/et\/papuosalas\/050-ct-teemant-varvusega-f-puhtusega-si2-valge-saladus\/#breadcrumb"},"inLanguage":"et","potentialAction":[{"@type":"ReadAction","target":["https:\/\/fashiongold.lt\/et\/papuosalas\/050-ct-teemant-varvusega-f-puhtusega-si2-valge-saladus\/"]}]},{"@type":"ImageObject","inLanguage":"et","@id":"https:\/\/fashiongold.lt\/et\/papuosalas\/050-ct-teemant-varvusega-f-puhtusega-si2-valge-saladus\/#primaryimage","url":"https:\/\/fashiongold.lt\/wp-content\/uploads\/2025\/10\/3481-1f3-053-ct-deimantas-Spalvos-K-Svarumu-VVS2-Grozis-kuri-verta-istyrineti.png","contentUrl":"https:\/\/fashiongold.lt\/wp-content\/uploads\/2025\/10\/3481-1f3-053-ct-deimantas-Spalvos-K-Svarumu-VVS2-Grozis-kuri-verta-istyrineti.png","width":466,"height":429},{"@type":"BreadcrumbList","@id":"https:\/\/fashiongold.lt\/et\/papuosalas\/050-ct-teemant-varvusega-f-puhtusega-si2-valge-saladus\/#breadcrumb","itemListElement":[{"@type":"ListItem","position":1,"name":"Home","item":"https:\/\/fashiongold.lt\/et\/"},{"@type":"ListItem","position":2,"name":"Teemantide pood Fashiongold.lt","item":"https:\/\/fashiongold.lt\/shop-2\/"},{"@type":"ListItem","position":3,"name":"0,50 ct teemant v\u00e4rvusega F puhtusega SI2 Valge saladus"}]},{"@type":"WebSite","@id":"https:\/\/fashiongold.lt\/et\/#website","url":"https:\/\/fashiongold.lt\/et\/","name":"Fashion Gold","description":"Juvelyrikos namai","publisher":{"@id":"https:\/\/fashiongold.lt\/et\/#organization"},"potentialAction":[{"@type":"SearchAction","target":{"@type":"EntryPoint","urlTemplate":"https:\/\/fashiongold.lt\/et\/?s={search_term_string}"},"query-input":{"@type":"PropertyValueSpecification","valueRequired":true,"valueName":"search_term_string"}}],"inLanguage":"et"},{"@type":"Organization","@id":"https:\/\/fashiongold.lt\/et\/#organization","name":"Topdiamonds Online","url":"https:\/\/fashiongold.lt\/et\/","logo":{"@type":"ImageObject","inLanguage":"et","@id":"https:\/\/fashiongold.lt\/et\/#\/schema\/logo\/image\/","url":"https:\/\/fashiongold.lt\/wp-content\/uploads\/2025\/04\/cropped-fashion_gold_logotipas2-scaled-1.png","contentUrl":"https:\/\/fashiongold.lt\/wp-content\/uploads\/2025\/04\/cropped-fashion_gold_logotipas2-scaled-1.png","width":2559,"height":421,"caption":"Topdiamonds Online"},"image":{"@id":"https:\/\/fashiongold.lt\/et\/#\/schema\/logo\/image\/"}}]}},"_links":{"self":[{"href":"https:\/\/fashiongold.lt\/et\/wp-json\/wp\/v2\/product\/289953","targetHints":{"allow":["GET"]}}],"collection":[{"href":"https:\/\/fashiongold.lt\/et\/wp-json\/wp\/v2\/product"}],"about":[{"href":"https:\/\/fashiongold.lt\/et\/wp-json\/wp\/v2\/types\/product"}],"version-history":[{"count":0,"href":"https:\/\/fashiongold.lt\/et\/wp-json\/wp\/v2\/product\/289953\/revisions"}],"wp:featuredmedia":[{"embeddable":true,"href":"https:\/\/fashiongold.lt\/et\/wp-json\/wp\/v2\/media\/67801"}],"wp:attachment":[{"href":"https:\/\/fashiongold.lt\/et\/wp-json\/wp\/v2\/media?parent=289953"}],"wp:term":[{"taxonomy":"product_brand","embeddable":true,"href":"https:\/\/fashiongold.lt\/et\/wp-json\/wp\/v2\/product_brand?post=289953"},{"taxonomy":"product_cat","embeddable":true,"href":"https:\/\/fashiongold.lt\/et\/wp-json\/wp\/v2\/product_cat?post=289953"},{"taxonomy":"product_tag","embeddable":true,"href":"https:\/\/fashiongold.lt\/et\/wp-json\/wp\/v2\/product_tag?post=289953"}],"curies":[{"name":"wp","href":"https:\/\/api.w.org\/{rel}","templated":true}]}}