{"id":289983,"date":"2025-10-09T20:29:55","date_gmt":"2025-10-09T20:29:55","guid":{"rendered":"https:\/\/fashiongold.lt\/papuosalas\/laboris-kasvatatud-teemant-150-ct-korge-kvaliteediga-e-varv-vs1-puhtus\/"},"modified":"2025-10-09T20:29:55","modified_gmt":"2025-10-09T20:29:55","slug":"laboris-kasvatatud-teemant-150-ct-korge-kvaliteediga-e-varv-vs1-puhtus","status":"publish","type":"product","link":"https:\/\/fashiongold.lt\/et\/toode\/laboris-kasvatatud-teemant-150-ct-korge-kvaliteediga-e-varv-vs1-puhtus\/","title":{"rendered":"Laboris kasvatatud teemant 1,50 ct K\u00f5rge kvaliteediga E-v\u00e4rv VS1 puhtus"},"content":{"rendered":"<div dir=\"auto\" style=\"color: #222222; font-family: Arial, Helvetica, sans-serif; font-size: small; background-color: #ffffff;\">Esitleme kvaliteetset 1,50 ct laboris kasvatatud teemanti, millel on erakordne valge v\u00e4rv E ja VS1 puhtusaste. Meie looduss\u00f5bralik teemant garanteerib muljetavaldava s\u00e4ra ja elegantsi. Selle teemandiga saate v\u00e4ljendada oma unikaalsust ja stiili. See kvaliteetne 1,50 ct laboris kasvatatud teemant on suurep\u00e4rane valik nautimaks pikaajalist ilu. Avastage t\u00e4iuslik harmoonia meie laboris kasvatatud teemandiga.\u00a0<\/div>\n<div dir=\"auto\" style=\"color: #222222; font-family: Arial, Helvetica, sans-serif; font-size: small; background-color: #ffffff;\"><span style=\"color: #333333; font-family: Nunito; font-size: 18px; text-transform: uppercase;\"><\/span><\/div>\n<div dir=\"auto\" style=\"color: #222222; font-family: Arial, Helvetica, sans-serif; font-size: small; background-color: #ffffff;\"><span style=\"color: #333333; font-family: Nunito; font-size: 18px; text-transform: uppercase;\">INFO TEEMANDI KOHTA:<\/span><\/div>\n<ul style=\"box-sizing: border-box; margin-top: 0px; margin-bottom: 10px; color: #333333; font-family: Nunito; font-size: 15px;\">\n<li style=\"box-sizing: border-box;\">Kivi: Laboris kasvatatud teemant<\/li>\n<li style=\"box-sizing: border-box;\">Kivi kuju: \u00dcmar (57 tahku)<\/li>\n<li style=\"box-sizing: border-box;\">Kivi kaal: 1,50 ct\u00a0<\/li>\n<li style=\"box-sizing: border-box;\">M\u00f5\u00f5dud: 7.42\u00d77.37\u00d74.47<\/li>\n<li style=\"box-sizing: border-box;\">Kivi v\u00e4rvus: E<\/li>\n<li style=\"box-sizing: border-box;\">Kivi puhtus: VS1<\/li>\n<li style=\"box-sizing: border-box;\">Sertifikaat (laboratoorium): HRD<\/li>\n<li style=\"box-sizing: border-box;\">Lihv \/ S\u00fcmmeetria \/ Poleerimine: EX-EX-EX<\/li>\n<li style=\"box-sizing: border-box;\">Fluorestsents: PUUDUB<\/li>\n<li style=\"box-sizing: border-box;\">Tasuta pakend.<\/li>\n<\/ul>\n","protected":false},"excerpt":{"rendered":"<p><span style=\"color: #222222; font-family: Arial, Helvetica, sans-serif; font-size: small; background-color: #ffffff;\">Avastage suurep\u00e4rase kvaliteediga Lab Grown (laboris kasvatatud) 1,50 ct teemant, millel on erakordne valge v\u00e4rvus E ja k\u00f5rge puhtusaste VS1. Usaldage meie tippkvaliteediga teemanti ja r\u00f5hutage oma stiili selle imelise aksessuaariga.\u00a0<\/span><\/p>\n","protected":false},"featured_media":67609,"template":"","meta":{"site-sidebar-layout":"","site-content-layout":"","ast-site-content-layout":"","site-content-style":"","site-sidebar-style":"","ast-global-header-display":"","ast-banner-title-visibility":"","ast-main-header-display":"","ast-hfb-above-header-display":"","ast-hfb-below-header-display":"","ast-hfb-mobile-header-display":"","site-post-title":"","ast-breadcrumbs-content":"","ast-featured-img":"","footer-sml-layout":"","ast-disable-related-posts":"","theme-transparent-header-meta":"","adv-header-id-meta":"","stick-header-meta":"","header-above-stick-meta":"","header-main-stick-meta":"","header-below-stick-meta":"","astra-migrate-meta-layouts":"default","ast-page-background-enabled":"default","ast-page-background-meta":{"desktop":{"background-color":"var(--ast-global-color-4)","background-image":"","background-repeat":"repeat","background-position":"center center","background-size":"auto","background-attachment":"scroll","background-type":"","background-media":"","overlay-type":"","overlay-color":"","overlay-opacity":"","overlay-gradient":""},"tablet":{"background-color":"","background-image":"","background-repeat":"repeat","background-position":"center center","background-size":"auto","background-attachment":"scroll","background-type":"","background-media":"","overlay-type":"","overlay-color":"","overlay-opacity":"","overlay-gradient":""},"mobile":{"background-color":"","background-image":"","background-repeat":"repeat","background-position":"center center","background-size":"auto","background-attachment":"scroll","background-type":"","background-media":"","overlay-type":"","overlay-color":"","overlay-opacity":"","overlay-gradient":""}},"ast-content-background-meta":{"desktop":{"background-color":"var(--ast-global-color-5)","background-image":"","background-repeat":"repeat","background-position":"center center","background-size":"auto","background-attachment":"scroll","background-type":"","background-media":"","overlay-type":"","overlay-color":"","overlay-opacity":"","overlay-gradient":""},"tablet":{"background-color":"var(--ast-global-color-5)","background-image":"","background-repeat":"repeat","background-position":"center center","background-size":"auto","background-attachment":"scroll","background-type":"","background-media":"","overlay-type":"","overlay-color":"","overlay-opacity":"","overlay-gradient":""},"mobile":{"background-color":"var(--ast-global-color-5)","background-image":"","background-repeat":"repeat","background-position":"center center","background-size":"auto","background-attachment":"scroll","background-type":"","background-media":"","overlay-type":"","overlay-color":"","overlay-opacity":"","overlay-gradient":""}}},"product_brand":[],"product_cat":[2830,2826,2829,2823,2828,2825,2822,2824,3392,2821,4078,3391,2845,3637],"product_tag":[],"class_list":{"0":"post-289983","1":"product","2":"type-product","3":"status-publish","4":"has-post-thumbnail","6":"product_cat-emadepaeva-kingitused","7":"product_cat-joulukingid","8":"product_cat-kingitused-erilisteks-puhkudeks","9":"product_cat-kingitused-lapse-sunni-puhul","10":"product_cat-kingitused-lopetamise-puhul","11":"product_cat-kingitused-meestele","12":"product_cat-kingitused-naistele","13":"product_cat-kingitused-pulma-aastapaeva-puhul","14":"product_cat-kingitused-pulmade-puhul","15":"product_cat-kingitused-sunnipaevaks","16":"product_cat-laboris-kasvatatud-teemandid-briljandid","17":"product_cat-ristimiskingitused","18":"product_cat-sobrapaeva-kingitused","19":"product_cat-teemandid-ja-briljandid","20":"desktop-align-center","21":"tablet-align-left","22":"mobile-align-left","23":"ast-product-gallery-layout-horizontal-slider","24":"ast-product-gallery-with-no-image","25":"ast-product-tabs-layout-accordion","26":"ast-qv-on-image","28":"first","29":"instock","30":"taxable","31":"shipping-taxable","32":"purchasable","33":"product-type-simple"},"yoast_head":"<!-- This site is optimized with the Yoast SEO plugin v26.6 - https:\/\/yoast.com\/wordpress\/plugins\/seo\/ -->\n<title>Laboris kasvatatud teemant 1,50 ct K\u00f5rge kvaliteediga E-v\u00e4rv VS1 puhtus - FashionGold.lt<\/title>\n<meta name=\"robots\" content=\"index, follow, max-snippet:-1, max-image-preview:large, max-video-preview:-1\" \/>\n<link rel=\"canonical\" href=\"https:\/\/fashiongold.lt\/et\/toode\/laboris-kasvatatud-teemant-150-ct-korge-kvaliteediga-e-varv-vs1-puhtus\/\" \/>\n<meta property=\"og:locale\" content=\"et_EE\" \/>\n<meta property=\"og:type\" content=\"article\" \/>\n<meta property=\"og:title\" content=\"Laboris kasvatatud teemant 1,50 ct K\u00f5rge kvaliteediga E-v\u00e4rv VS1 puhtus - FashionGold.lt\" \/>\n<meta property=\"og:description\" content=\"Avastage suurep\u00e4rase kvaliteediga Lab Grown (laboris kasvatatud) 1,50 ct teemant, millel on erakordne valge v\u00e4rvus E ja k\u00f5rge puhtusaste VS1. Usaldage meie tippkvaliteediga teemanti ja r\u00f5hutage oma stiili selle imelise aksessuaariga.\u00a0\" \/>\n<meta property=\"og:url\" content=\"https:\/\/fashiongold.lt\/et\/toode\/laboris-kasvatatud-teemant-150-ct-korge-kvaliteediga-e-varv-vs1-puhtus\/\" \/>\n<meta property=\"og:site_name\" content=\"FashionGold.lt\" \/>\n<meta property=\"og:image\" content=\"https:\/\/fashiongold.lt\/wp-content\/uploads\/2025\/10\/3411-a59-Lab-Grown-Deimantas-150-ct-Aukstos-kokybes-E-Spalva-VS1-Svarumas.webp\" \/>\n\t<meta property=\"og:image:width\" content=\"529\" \/>\n\t<meta property=\"og:image:height\" content=\"451\" \/>\n\t<meta property=\"og:image:type\" content=\"image\/png\" \/>\n<meta name=\"twitter:card\" content=\"summary_large_image\" \/>\n<script type=\"application\/ld+json\" class=\"yoast-schema-graph\">{\"@context\":\"https:\/\/schema.org\",\"@graph\":[{\"@type\":\"WebPage\",\"@id\":\"https:\/\/fashiongold.lt\/et\/toode\/laboris-kasvatatud-teemant-150-ct-korge-kvaliteediga-e-varv-vs1-puhtus\/\",\"url\":\"https:\/\/fashiongold.lt\/et\/toode\/laboris-kasvatatud-teemant-150-ct-korge-kvaliteediga-e-varv-vs1-puhtus\/\",\"name\":\"Laboris kasvatatud teemant 1,50 ct K\u00f5rge kvaliteediga E-v\u00e4rv VS1 puhtus - FashionGold.lt\",\"isPartOf\":{\"@id\":\"https:\/\/fashiongold.lt\/et\/#website\"},\"primaryImageOfPage\":{\"@id\":\"https:\/\/fashiongold.lt\/et\/toode\/laboris-kasvatatud-teemant-150-ct-korge-kvaliteediga-e-varv-vs1-puhtus\/#primaryimage\"},\"image\":{\"@id\":\"https:\/\/fashiongold.lt\/et\/toode\/laboris-kasvatatud-teemant-150-ct-korge-kvaliteediga-e-varv-vs1-puhtus\/#primaryimage\"},\"thumbnailUrl\":\"https:\/\/fashiongold.lt\/wp-content\/uploads\/2025\/10\/3411-a59-Lab-Grown-Deimantas-150-ct-Aukstos-kokybes-E-Spalva-VS1-Svarumas.png\",\"datePublished\":\"2025-10-09T20:29:55+00:00\",\"breadcrumb\":{\"@id\":\"https:\/\/fashiongold.lt\/et\/toode\/laboris-kasvatatud-teemant-150-ct-korge-kvaliteediga-e-varv-vs1-puhtus\/#breadcrumb\"},\"inLanguage\":\"et\",\"potentialAction\":[{\"@type\":\"ReadAction\",\"target\":[\"https:\/\/fashiongold.lt\/et\/toode\/laboris-kasvatatud-teemant-150-ct-korge-kvaliteediga-e-varv-vs1-puhtus\/\"]}]},{\"@type\":\"ImageObject\",\"inLanguage\":\"et\",\"@id\":\"https:\/\/fashiongold.lt\/et\/toode\/laboris-kasvatatud-teemant-150-ct-korge-kvaliteediga-e-varv-vs1-puhtus\/#primaryimage\",\"url\":\"https:\/\/fashiongold.lt\/wp-content\/uploads\/2025\/10\/3411-a59-Lab-Grown-Deimantas-150-ct-Aukstos-kokybes-E-Spalva-VS1-Svarumas.png\",\"contentUrl\":\"https:\/\/fashiongold.lt\/wp-content\/uploads\/2025\/10\/3411-a59-Lab-Grown-Deimantas-150-ct-Aukstos-kokybes-E-Spalva-VS1-Svarumas.png\",\"width\":529,\"height\":451},{\"@type\":\"BreadcrumbList\",\"@id\":\"https:\/\/fashiongold.lt\/et\/toode\/laboris-kasvatatud-teemant-150-ct-korge-kvaliteediga-e-varv-vs1-puhtus\/#breadcrumb\",\"itemListElement\":[{\"@type\":\"ListItem\",\"position\":1,\"name\":\"Home\",\"item\":\"https:\/\/fashiongold.lt\/et\/\"},{\"@type\":\"ListItem\",\"position\":2,\"name\":\"Teemantide pood Fashiongold.lt\",\"item\":\"https:\/\/fashiongold.lt\/shop-2\/\"},{\"@type\":\"ListItem\",\"position\":3,\"name\":\"Laboris kasvatatud teemant 1,50 ct K\u00f5rge kvaliteediga E-v\u00e4rv VS1 puhtus\"}]},{\"@type\":\"WebSite\",\"@id\":\"https:\/\/fashiongold.lt\/et\/#website\",\"url\":\"https:\/\/fashiongold.lt\/et\/\",\"name\":\"Fashion Gold\",\"description\":\"Ehtemaja\",\"publisher\":{\"@id\":\"https:\/\/fashiongold.lt\/et\/#organization\"},\"potentialAction\":[{\"@type\":\"SearchAction\",\"target\":{\"@type\":\"EntryPoint\",\"urlTemplate\":\"https:\/\/fashiongold.lt\/et\/?s={search_term_string}\"},\"query-input\":{\"@type\":\"PropertyValueSpecification\",\"valueRequired\":true,\"valueName\":\"search_term_string\"}}],\"inLanguage\":\"et\"},{\"@type\":\"Organization\",\"@id\":\"https:\/\/fashiongold.lt\/et\/#organization\",\"name\":\"Topdiamonds Online\",\"url\":\"https:\/\/fashiongold.lt\/et\/\",\"logo\":{\"@type\":\"ImageObject\",\"inLanguage\":\"et\",\"@id\":\"https:\/\/fashiongold.lt\/et\/#\/schema\/logo\/image\/\",\"url\":\"https:\/\/fashiongold.lt\/wp-content\/uploads\/2025\/04\/cropped-fashion_gold_logotipas2-scaled-1.png\",\"contentUrl\":\"https:\/\/fashiongold.lt\/wp-content\/uploads\/2025\/04\/cropped-fashion_gold_logotipas2-scaled-1.png\",\"width\":2559,\"height\":421,\"caption\":\"Topdiamonds Online\"},\"image\":{\"@id\":\"https:\/\/fashiongold.lt\/et\/#\/schema\/logo\/image\/\"}}]}<\/script>\n<!-- \/ Yoast SEO plugin. -->","yoast_head_json":{"title":"Laboris kasvatatud teemant 1,50 ct K\u00f5rge kvaliteediga E-v\u00e4rv VS1 puhtus - FashionGold.lt","robots":{"index":"index","follow":"follow","max-snippet":"max-snippet:-1","max-image-preview":"max-image-preview:large","max-video-preview":"max-video-preview:-1"},"canonical":"https:\/\/fashiongold.lt\/et\/toode\/laboris-kasvatatud-teemant-150-ct-korge-kvaliteediga-e-varv-vs1-puhtus\/","og_locale":"et_EE","og_type":"article","og_title":"Laboris kasvatatud teemant 1,50 ct K\u00f5rge kvaliteediga E-v\u00e4rv VS1 puhtus - FashionGold.lt","og_description":"Avastage suurep\u00e4rase kvaliteediga Lab Grown (laboris kasvatatud) 1,50 ct teemant, millel on erakordne valge v\u00e4rvus E ja k\u00f5rge puhtusaste VS1. Usaldage meie tippkvaliteediga teemanti ja r\u00f5hutage oma stiili selle imelise aksessuaariga.\u00a0","og_url":"https:\/\/fashiongold.lt\/et\/toode\/laboris-kasvatatud-teemant-150-ct-korge-kvaliteediga-e-varv-vs1-puhtus\/","og_site_name":"FashionGold.lt","og_image":[{"width":529,"height":451,"url":"https:\/\/fashiongold.lt\/wp-content\/uploads\/2025\/10\/3411-a59-Lab-Grown-Deimantas-150-ct-Aukstos-kokybes-E-Spalva-VS1-Svarumas.webp","type":"image\/png"}],"twitter_card":"summary_large_image","schema":{"@context":"https:\/\/schema.org","@graph":[{"@type":"WebPage","@id":"https:\/\/fashiongold.lt\/et\/toode\/laboris-kasvatatud-teemant-150-ct-korge-kvaliteediga-e-varv-vs1-puhtus\/","url":"https:\/\/fashiongold.lt\/et\/toode\/laboris-kasvatatud-teemant-150-ct-korge-kvaliteediga-e-varv-vs1-puhtus\/","name":"Laboris kasvatatud teemant 1,50 ct K\u00f5rge kvaliteediga E-v\u00e4rv VS1 puhtus - FashionGold.lt","isPartOf":{"@id":"https:\/\/fashiongold.lt\/et\/#website"},"primaryImageOfPage":{"@id":"https:\/\/fashiongold.lt\/et\/toode\/laboris-kasvatatud-teemant-150-ct-korge-kvaliteediga-e-varv-vs1-puhtus\/#primaryimage"},"image":{"@id":"https:\/\/fashiongold.lt\/et\/toode\/laboris-kasvatatud-teemant-150-ct-korge-kvaliteediga-e-varv-vs1-puhtus\/#primaryimage"},"thumbnailUrl":"https:\/\/fashiongold.lt\/wp-content\/uploads\/2025\/10\/3411-a59-Lab-Grown-Deimantas-150-ct-Aukstos-kokybes-E-Spalva-VS1-Svarumas.png","datePublished":"2025-10-09T20:29:55+00:00","breadcrumb":{"@id":"https:\/\/fashiongold.lt\/et\/toode\/laboris-kasvatatud-teemant-150-ct-korge-kvaliteediga-e-varv-vs1-puhtus\/#breadcrumb"},"inLanguage":"et","potentialAction":[{"@type":"ReadAction","target":["https:\/\/fashiongold.lt\/et\/toode\/laboris-kasvatatud-teemant-150-ct-korge-kvaliteediga-e-varv-vs1-puhtus\/"]}]},{"@type":"ImageObject","inLanguage":"et","@id":"https:\/\/fashiongold.lt\/et\/toode\/laboris-kasvatatud-teemant-150-ct-korge-kvaliteediga-e-varv-vs1-puhtus\/#primaryimage","url":"https:\/\/fashiongold.lt\/wp-content\/uploads\/2025\/10\/3411-a59-Lab-Grown-Deimantas-150-ct-Aukstos-kokybes-E-Spalva-VS1-Svarumas.png","contentUrl":"https:\/\/fashiongold.lt\/wp-content\/uploads\/2025\/10\/3411-a59-Lab-Grown-Deimantas-150-ct-Aukstos-kokybes-E-Spalva-VS1-Svarumas.png","width":529,"height":451},{"@type":"BreadcrumbList","@id":"https:\/\/fashiongold.lt\/et\/toode\/laboris-kasvatatud-teemant-150-ct-korge-kvaliteediga-e-varv-vs1-puhtus\/#breadcrumb","itemListElement":[{"@type":"ListItem","position":1,"name":"Home","item":"https:\/\/fashiongold.lt\/et\/"},{"@type":"ListItem","position":2,"name":"Teemantide pood Fashiongold.lt","item":"https:\/\/fashiongold.lt\/shop-2\/"},{"@type":"ListItem","position":3,"name":"Laboris kasvatatud teemant 1,50 ct K\u00f5rge kvaliteediga E-v\u00e4rv VS1 puhtus"}]},{"@type":"WebSite","@id":"https:\/\/fashiongold.lt\/et\/#website","url":"https:\/\/fashiongold.lt\/et\/","name":"Fashion Gold","description":"Ehtemaja","publisher":{"@id":"https:\/\/fashiongold.lt\/et\/#organization"},"potentialAction":[{"@type":"SearchAction","target":{"@type":"EntryPoint","urlTemplate":"https:\/\/fashiongold.lt\/et\/?s={search_term_string}"},"query-input":{"@type":"PropertyValueSpecification","valueRequired":true,"valueName":"search_term_string"}}],"inLanguage":"et"},{"@type":"Organization","@id":"https:\/\/fashiongold.lt\/et\/#organization","name":"Topdiamonds Online","url":"https:\/\/fashiongold.lt\/et\/","logo":{"@type":"ImageObject","inLanguage":"et","@id":"https:\/\/fashiongold.lt\/et\/#\/schema\/logo\/image\/","url":"https:\/\/fashiongold.lt\/wp-content\/uploads\/2025\/04\/cropped-fashion_gold_logotipas2-scaled-1.png","contentUrl":"https:\/\/fashiongold.lt\/wp-content\/uploads\/2025\/04\/cropped-fashion_gold_logotipas2-scaled-1.png","width":2559,"height":421,"caption":"Topdiamonds Online"},"image":{"@id":"https:\/\/fashiongold.lt\/et\/#\/schema\/logo\/image\/"}}]}},"_links":{"self":[{"href":"https:\/\/fashiongold.lt\/et\/wp-json\/wp\/v2\/product\/289983","targetHints":{"allow":["GET"]}}],"collection":[{"href":"https:\/\/fashiongold.lt\/et\/wp-json\/wp\/v2\/product"}],"about":[{"href":"https:\/\/fashiongold.lt\/et\/wp-json\/wp\/v2\/types\/product"}],"version-history":[{"count":0,"href":"https:\/\/fashiongold.lt\/et\/wp-json\/wp\/v2\/product\/289983\/revisions"}],"wp:featuredmedia":[{"embeddable":true,"href":"https:\/\/fashiongold.lt\/et\/wp-json\/wp\/v2\/media\/67609"}],"wp:attachment":[{"href":"https:\/\/fashiongold.lt\/et\/wp-json\/wp\/v2\/media?parent=289983"}],"wp:term":[{"taxonomy":"product_brand","embeddable":true,"href":"https:\/\/fashiongold.lt\/et\/wp-json\/wp\/v2\/product_brand?post=289983"},{"taxonomy":"product_cat","embeddable":true,"href":"https:\/\/fashiongold.lt\/et\/wp-json\/wp\/v2\/product_cat?post=289983"},{"taxonomy":"product_tag","embeddable":true,"href":"https:\/\/fashiongold.lt\/et\/wp-json\/wp\/v2\/product_tag?post=289983"}],"curies":[{"name":"wp","href":"https:\/\/api.w.org\/{rel}","templated":true}]}}