{"id":290028,"date":"2025-10-09T20:29:28","date_gmt":"2025-10-09T20:29:28","guid":{"rendered":"https:\/\/fashiongold.lt\/papuosalas\/008-ct-sinine-ummargune-teemant-sinine-taht\/"},"modified":"2025-10-09T20:29:28","modified_gmt":"2025-10-09T20:29:28","slug":"008-ct-sinine-ummargune-teemant-sinine-taht","status":"publish","type":"product","link":"https:\/\/fashiongold.lt\/et\/papuosalas\/008-ct-sinine-ummargune-teemant-sinine-taht\/","title":{"rendered":"0,08 ct sinine \u00fcmmargune teemant Sinine T\u00e4ht"},"content":{"rendered":"<h4 style=\"box-sizing: border-box; font-family: Nunito; line-height: 1.1; color: #333333; margin: 0px 0px 15px; font-size: 18px; text-transform: uppercase;\"><span style=\"box-sizing: border-box;\">TEAVE TEEMANDI KOHTA:<\/span><\/h4>\n<ul style=\"box-sizing: border-box; margin-top: 0px; margin-bottom: 10px; color: #333333; font-family: Nunito; font-size: 15px;\">\n<li style=\"box-sizing: border-box;\">Kivi: Looduslik teemant (briljant)<\/li>\n<li style=\"box-sizing: border-box;\">Kivi kuju: \u00dcmar (57 tahku)<\/li>\n<li style=\"box-sizing: border-box;\">Kivi kaal: 0,08 ct (2,8 mm)<\/li>\n<li style=\"box-sizing: border-box;\">Kivi v\u00e4rvus: rohekassinine (ingl Deep &#8220;ocean&#8221;)<\/li>\n<li style=\"box-sizing: border-box;\">Kivi puhtus: &#8211;<\/li>\n<li style=\"box-sizing: border-box;\">Sertifikaat (labor): Leedu Proovikoda (LPR), mis tagab teemandi kvaliteedi<\/li>\n<li style=\"box-sizing: border-box;\">Tasuta pakend<\/li>\n<\/ul>\n","protected":false},"excerpt":{"rendered":"<p>Sukelduge sinise taeva lummusesse koos \u201eSinise t\u00e4hega\u201c \u2013 rabava \u00fcmmarguse 0,08 ct sinise teemandiga. See kivi ei lummata mitte ainult oma kirka sinise varjundiga, vaid t\u00f5mbab t\u00e4helepanu ka oma maagilise iluj\u00f5uga. \u201eSinine t\u00e4ht\u201c on t\u00f5eline t\u00e4ht, mis s\u00e4rab sinises taevas ja kannab endas peidetud v\u00f5lu. Oma \u00fcmara kujuga lisab see peenust ja elegantsi. See 0,08 ct sinine teemant ei ole \u00fcksnes ehe, vaid ka teie erilisuse ja stiili s\u00fcmbol. Laske sellel teemandil lisada oma ellu lummust, salap\u00e4rasust ja elegantsi.<\/p>\n","protected":false},"featured_media":67523,"template":"","meta":{"site-sidebar-layout":"","site-content-layout":"","ast-site-content-layout":"","site-content-style":"","site-sidebar-style":"","ast-global-header-display":"","ast-banner-title-visibility":"","ast-main-header-display":"","ast-hfb-above-header-display":"","ast-hfb-below-header-display":"","ast-hfb-mobile-header-display":"","site-post-title":"","ast-breadcrumbs-content":"","ast-featured-img":"","footer-sml-layout":"","ast-disable-related-posts":"","theme-transparent-header-meta":"","adv-header-id-meta":"","stick-header-meta":"","header-above-stick-meta":"","header-main-stick-meta":"","header-below-stick-meta":"","astra-migrate-meta-layouts":"default","ast-page-background-enabled":"default","ast-page-background-meta":{"desktop":{"background-color":"var(--ast-global-color-4)","background-image":"","background-repeat":"repeat","background-position":"center center","background-size":"auto","background-attachment":"scroll","background-type":"","background-media":"","overlay-type":"","overlay-color":"","overlay-opacity":"","overlay-gradient":""},"tablet":{"background-color":"","background-image":"","background-repeat":"repeat","background-position":"center center","background-size":"auto","background-attachment":"scroll","background-type":"","background-media":"","overlay-type":"","overlay-color":"","overlay-opacity":"","overlay-gradient":""},"mobile":{"background-color":"","background-image":"","background-repeat":"repeat","background-position":"center center","background-size":"auto","background-attachment":"scroll","background-type":"","background-media":"","overlay-type":"","overlay-color":"","overlay-opacity":"","overlay-gradient":""}},"ast-content-background-meta":{"desktop":{"background-color":"var(--ast-global-color-5)","background-image":"","background-repeat":"repeat","background-position":"center center","background-size":"auto","background-attachment":"scroll","background-type":"","background-media":"","overlay-type":"","overlay-color":"","overlay-opacity":"","overlay-gradient":""},"tablet":{"background-color":"var(--ast-global-color-5)","background-image":"","background-repeat":"repeat","background-position":"center center","background-size":"auto","background-attachment":"scroll","background-type":"","background-media":"","overlay-type":"","overlay-color":"","overlay-opacity":"","overlay-gradient":""},"mobile":{"background-color":"var(--ast-global-color-5)","background-image":"","background-repeat":"repeat","background-position":"center center","background-size":"auto","background-attachment":"scroll","background-type":"","background-media":"","overlay-type":"","overlay-color":"","overlay-opacity":"","overlay-gradient":""}}},"product_brand":[],"product_cat":[2826,2829,2823,2828,2825,2822,2824,3392,2821,4085,2840,3391,2845,3637,4084],"product_tag":[],"class_list":{"0":"post-290028","1":"product","2":"type-product","3":"status-publish","4":"has-post-thumbnail","6":"product_cat-joulukingid","7":"product_cat-kingitused-erilisteks-puhkudeks","8":"product_cat-kingitused-lapse-sunni-puhul","9":"product_cat-kingitused-lopetamise-puhul","10":"product_cat-kingitused-meestele","11":"product_cat-kingitused-naistele","12":"product_cat-kingitused-pulma-aastapaeva-puhul","13":"product_cat-kingitused-pulmade-puhul","14":"product_cat-kingitused-sunnipaevaks","15":"product_cat-looduslikud-teemandid-briljandid-kuni-030-karaati","16":"product_cat-meeste-ehted","17":"product_cat-ristimiskingitused","18":"product_cat-sobrapaeva-kingitused","19":"product_cat-teemandid-ja-briljandid","20":"product_cat-varvilised-teemandid-briljandid","21":"desktop-align-center","22":"tablet-align-left","23":"mobile-align-left","24":"ast-product-gallery-layout-horizontal-slider","25":"ast-product-gallery-with-no-image","26":"ast-product-tabs-layout-accordion","27":"ast-qv-on-image","29":"first","30":"instock","31":"taxable","32":"shipping-taxable","33":"purchasable","34":"product-type-simple"},"yoast_head":"<!-- This site is optimized with the Yoast SEO plugin v26.6 - https:\/\/yoast.com\/wordpress\/plugins\/seo\/ -->\n<title>0,08 ct sinine \u00fcmmargune teemant Sinine T\u00e4ht - FashionGold.lt<\/title>\n<meta name=\"robots\" content=\"index, follow, max-snippet:-1, max-image-preview:large, max-video-preview:-1\" \/>\n<link rel=\"canonical\" href=\"https:\/\/fashiongold.lt\/et\/papuosalas\/008-ct-sinine-ummargune-teemant-sinine-taht\/\" \/>\n<meta property=\"og:locale\" content=\"et_EE\" \/>\n<meta property=\"og:type\" content=\"article\" \/>\n<meta property=\"og:title\" content=\"0,08 ct sinine \u00fcmmargune teemant Sinine T\u00e4ht - FashionGold.lt\" \/>\n<meta property=\"og:description\" content=\"Sukelduge sinise taeva lummusesse koos \u201eSinise t\u00e4hega\u201c \u2013 rabava \u00fcmmarguse 0,08 ct sinise teemandiga. See kivi ei lummata mitte ainult oma kirka sinise varjundiga, vaid t\u00f5mbab t\u00e4helepanu ka oma maagilise iluj\u00f5uga. \u201eSinine t\u00e4ht\u201c on t\u00f5eline t\u00e4ht, mis s\u00e4rab sinises taevas ja kannab endas peidetud v\u00f5lu. Oma \u00fcmara kujuga lisab see peenust ja elegantsi. See 0,08 ct sinine teemant ei ole \u00fcksnes ehe, vaid ka teie erilisuse ja stiili s\u00fcmbol. Laske sellel teemandil lisada oma ellu lummust, salap\u00e4rasust ja elegantsi.\" \/>\n<meta property=\"og:url\" content=\"https:\/\/fashiongold.lt\/et\/papuosalas\/008-ct-sinine-ummargune-teemant-sinine-taht\/\" \/>\n<meta property=\"og:site_name\" content=\"FashionGold.lt\" \/>\n<meta property=\"og:image\" content=\"https:\/\/fashiongold.lt\/wp-content\/uploads\/2025\/10\/3395-13c-008-ct-melynos-spalvos-apvalios-formos-deimantas.webp\" \/>\n\t<meta property=\"og:image:width\" content=\"472\" \/>\n\t<meta property=\"og:image:height\" content=\"474\" \/>\n\t<meta property=\"og:image:type\" content=\"image\/png\" \/>\n<meta name=\"twitter:card\" content=\"summary_large_image\" \/>\n<script type=\"application\/ld+json\" class=\"yoast-schema-graph\">{\"@context\":\"https:\/\/schema.org\",\"@graph\":[{\"@type\":\"WebPage\",\"@id\":\"https:\/\/fashiongold.lt\/et\/papuosalas\/008-ct-sinine-ummargune-teemant-sinine-taht\/\",\"url\":\"https:\/\/fashiongold.lt\/et\/papuosalas\/008-ct-sinine-ummargune-teemant-sinine-taht\/\",\"name\":\"0,08 ct sinine \u00fcmmargune teemant Sinine T\u00e4ht - FashionGold.lt\",\"isPartOf\":{\"@id\":\"https:\/\/fashiongold.lt\/et\/#website\"},\"primaryImageOfPage\":{\"@id\":\"https:\/\/fashiongold.lt\/et\/papuosalas\/008-ct-sinine-ummargune-teemant-sinine-taht\/#primaryimage\"},\"image\":{\"@id\":\"https:\/\/fashiongold.lt\/et\/papuosalas\/008-ct-sinine-ummargune-teemant-sinine-taht\/#primaryimage\"},\"thumbnailUrl\":\"https:\/\/fashiongold.lt\/wp-content\/uploads\/2025\/10\/3395-13c-008-ct-melynos-spalvos-apvalios-formos-deimantas.png\",\"datePublished\":\"2025-10-09T20:29:28+00:00\",\"breadcrumb\":{\"@id\":\"https:\/\/fashiongold.lt\/et\/papuosalas\/008-ct-sinine-ummargune-teemant-sinine-taht\/#breadcrumb\"},\"inLanguage\":\"et\",\"potentialAction\":[{\"@type\":\"ReadAction\",\"target\":[\"https:\/\/fashiongold.lt\/et\/papuosalas\/008-ct-sinine-ummargune-teemant-sinine-taht\/\"]}]},{\"@type\":\"ImageObject\",\"inLanguage\":\"et\",\"@id\":\"https:\/\/fashiongold.lt\/et\/papuosalas\/008-ct-sinine-ummargune-teemant-sinine-taht\/#primaryimage\",\"url\":\"https:\/\/fashiongold.lt\/wp-content\/uploads\/2025\/10\/3395-13c-008-ct-melynos-spalvos-apvalios-formos-deimantas.png\",\"contentUrl\":\"https:\/\/fashiongold.lt\/wp-content\/uploads\/2025\/10\/3395-13c-008-ct-melynos-spalvos-apvalios-formos-deimantas.png\",\"width\":472,\"height\":474},{\"@type\":\"BreadcrumbList\",\"@id\":\"https:\/\/fashiongold.lt\/et\/papuosalas\/008-ct-sinine-ummargune-teemant-sinine-taht\/#breadcrumb\",\"itemListElement\":[{\"@type\":\"ListItem\",\"position\":1,\"name\":\"Home\",\"item\":\"https:\/\/fashiongold.lt\/et\/\"},{\"@type\":\"ListItem\",\"position\":2,\"name\":\"Teemantide pood Fashiongold.lt\",\"item\":\"https:\/\/fashiongold.lt\/shop-2\/\"},{\"@type\":\"ListItem\",\"position\":3,\"name\":\"0,08 ct sinine \u00fcmmargune teemant Sinine T\u00e4ht\"}]},{\"@type\":\"WebSite\",\"@id\":\"https:\/\/fashiongold.lt\/et\/#website\",\"url\":\"https:\/\/fashiongold.lt\/et\/\",\"name\":\"Fashion Gold\",\"description\":\"Juvelyrikos namai\",\"publisher\":{\"@id\":\"https:\/\/fashiongold.lt\/et\/#organization\"},\"potentialAction\":[{\"@type\":\"SearchAction\",\"target\":{\"@type\":\"EntryPoint\",\"urlTemplate\":\"https:\/\/fashiongold.lt\/et\/?s={search_term_string}\"},\"query-input\":{\"@type\":\"PropertyValueSpecification\",\"valueRequired\":true,\"valueName\":\"search_term_string\"}}],\"inLanguage\":\"et\"},{\"@type\":\"Organization\",\"@id\":\"https:\/\/fashiongold.lt\/et\/#organization\",\"name\":\"Topdiamonds Online\",\"url\":\"https:\/\/fashiongold.lt\/et\/\",\"logo\":{\"@type\":\"ImageObject\",\"inLanguage\":\"et\",\"@id\":\"https:\/\/fashiongold.lt\/et\/#\/schema\/logo\/image\/\",\"url\":\"https:\/\/fashiongold.lt\/wp-content\/uploads\/2025\/04\/cropped-fashion_gold_logotipas2-scaled-1.png\",\"contentUrl\":\"https:\/\/fashiongold.lt\/wp-content\/uploads\/2025\/04\/cropped-fashion_gold_logotipas2-scaled-1.png\",\"width\":2559,\"height\":421,\"caption\":\"Topdiamonds Online\"},\"image\":{\"@id\":\"https:\/\/fashiongold.lt\/et\/#\/schema\/logo\/image\/\"}}]}<\/script>\n<!-- \/ Yoast SEO plugin. -->","yoast_head_json":{"title":"0,08 ct sinine \u00fcmmargune teemant Sinine T\u00e4ht - FashionGold.lt","robots":{"index":"index","follow":"follow","max-snippet":"max-snippet:-1","max-image-preview":"max-image-preview:large","max-video-preview":"max-video-preview:-1"},"canonical":"https:\/\/fashiongold.lt\/et\/papuosalas\/008-ct-sinine-ummargune-teemant-sinine-taht\/","og_locale":"et_EE","og_type":"article","og_title":"0,08 ct sinine \u00fcmmargune teemant Sinine T\u00e4ht - FashionGold.lt","og_description":"Sukelduge sinise taeva lummusesse koos \u201eSinise t\u00e4hega\u201c \u2013 rabava \u00fcmmarguse 0,08 ct sinise teemandiga. See kivi ei lummata mitte ainult oma kirka sinise varjundiga, vaid t\u00f5mbab t\u00e4helepanu ka oma maagilise iluj\u00f5uga. \u201eSinine t\u00e4ht\u201c on t\u00f5eline t\u00e4ht, mis s\u00e4rab sinises taevas ja kannab endas peidetud v\u00f5lu. Oma \u00fcmara kujuga lisab see peenust ja elegantsi. See 0,08 ct sinine teemant ei ole \u00fcksnes ehe, vaid ka teie erilisuse ja stiili s\u00fcmbol. Laske sellel teemandil lisada oma ellu lummust, salap\u00e4rasust ja elegantsi.","og_url":"https:\/\/fashiongold.lt\/et\/papuosalas\/008-ct-sinine-ummargune-teemant-sinine-taht\/","og_site_name":"FashionGold.lt","og_image":[{"width":472,"height":474,"url":"https:\/\/fashiongold.lt\/wp-content\/uploads\/2025\/10\/3395-13c-008-ct-melynos-spalvos-apvalios-formos-deimantas.webp","type":"image\/png"}],"twitter_card":"summary_large_image","schema":{"@context":"https:\/\/schema.org","@graph":[{"@type":"WebPage","@id":"https:\/\/fashiongold.lt\/et\/papuosalas\/008-ct-sinine-ummargune-teemant-sinine-taht\/","url":"https:\/\/fashiongold.lt\/et\/papuosalas\/008-ct-sinine-ummargune-teemant-sinine-taht\/","name":"0,08 ct sinine \u00fcmmargune teemant Sinine T\u00e4ht - FashionGold.lt","isPartOf":{"@id":"https:\/\/fashiongold.lt\/et\/#website"},"primaryImageOfPage":{"@id":"https:\/\/fashiongold.lt\/et\/papuosalas\/008-ct-sinine-ummargune-teemant-sinine-taht\/#primaryimage"},"image":{"@id":"https:\/\/fashiongold.lt\/et\/papuosalas\/008-ct-sinine-ummargune-teemant-sinine-taht\/#primaryimage"},"thumbnailUrl":"https:\/\/fashiongold.lt\/wp-content\/uploads\/2025\/10\/3395-13c-008-ct-melynos-spalvos-apvalios-formos-deimantas.png","datePublished":"2025-10-09T20:29:28+00:00","breadcrumb":{"@id":"https:\/\/fashiongold.lt\/et\/papuosalas\/008-ct-sinine-ummargune-teemant-sinine-taht\/#breadcrumb"},"inLanguage":"et","potentialAction":[{"@type":"ReadAction","target":["https:\/\/fashiongold.lt\/et\/papuosalas\/008-ct-sinine-ummargune-teemant-sinine-taht\/"]}]},{"@type":"ImageObject","inLanguage":"et","@id":"https:\/\/fashiongold.lt\/et\/papuosalas\/008-ct-sinine-ummargune-teemant-sinine-taht\/#primaryimage","url":"https:\/\/fashiongold.lt\/wp-content\/uploads\/2025\/10\/3395-13c-008-ct-melynos-spalvos-apvalios-formos-deimantas.png","contentUrl":"https:\/\/fashiongold.lt\/wp-content\/uploads\/2025\/10\/3395-13c-008-ct-melynos-spalvos-apvalios-formos-deimantas.png","width":472,"height":474},{"@type":"BreadcrumbList","@id":"https:\/\/fashiongold.lt\/et\/papuosalas\/008-ct-sinine-ummargune-teemant-sinine-taht\/#breadcrumb","itemListElement":[{"@type":"ListItem","position":1,"name":"Home","item":"https:\/\/fashiongold.lt\/et\/"},{"@type":"ListItem","position":2,"name":"Teemantide pood Fashiongold.lt","item":"https:\/\/fashiongold.lt\/shop-2\/"},{"@type":"ListItem","position":3,"name":"0,08 ct sinine \u00fcmmargune teemant Sinine T\u00e4ht"}]},{"@type":"WebSite","@id":"https:\/\/fashiongold.lt\/et\/#website","url":"https:\/\/fashiongold.lt\/et\/","name":"Fashion Gold","description":"Juvelyrikos namai","publisher":{"@id":"https:\/\/fashiongold.lt\/et\/#organization"},"potentialAction":[{"@type":"SearchAction","target":{"@type":"EntryPoint","urlTemplate":"https:\/\/fashiongold.lt\/et\/?s={search_term_string}"},"query-input":{"@type":"PropertyValueSpecification","valueRequired":true,"valueName":"search_term_string"}}],"inLanguage":"et"},{"@type":"Organization","@id":"https:\/\/fashiongold.lt\/et\/#organization","name":"Topdiamonds Online","url":"https:\/\/fashiongold.lt\/et\/","logo":{"@type":"ImageObject","inLanguage":"et","@id":"https:\/\/fashiongold.lt\/et\/#\/schema\/logo\/image\/","url":"https:\/\/fashiongold.lt\/wp-content\/uploads\/2025\/04\/cropped-fashion_gold_logotipas2-scaled-1.png","contentUrl":"https:\/\/fashiongold.lt\/wp-content\/uploads\/2025\/04\/cropped-fashion_gold_logotipas2-scaled-1.png","width":2559,"height":421,"caption":"Topdiamonds Online"},"image":{"@id":"https:\/\/fashiongold.lt\/et\/#\/schema\/logo\/image\/"}}]}},"_links":{"self":[{"href":"https:\/\/fashiongold.lt\/et\/wp-json\/wp\/v2\/product\/290028","targetHints":{"allow":["GET"]}}],"collection":[{"href":"https:\/\/fashiongold.lt\/et\/wp-json\/wp\/v2\/product"}],"about":[{"href":"https:\/\/fashiongold.lt\/et\/wp-json\/wp\/v2\/types\/product"}],"version-history":[{"count":0,"href":"https:\/\/fashiongold.lt\/et\/wp-json\/wp\/v2\/product\/290028\/revisions"}],"wp:featuredmedia":[{"embeddable":true,"href":"https:\/\/fashiongold.lt\/et\/wp-json\/wp\/v2\/media\/67523"}],"wp:attachment":[{"href":"https:\/\/fashiongold.lt\/et\/wp-json\/wp\/v2\/media?parent=290028"}],"wp:term":[{"taxonomy":"product_brand","embeddable":true,"href":"https:\/\/fashiongold.lt\/et\/wp-json\/wp\/v2\/product_brand?post=290028"},{"taxonomy":"product_cat","embeddable":true,"href":"https:\/\/fashiongold.lt\/et\/wp-json\/wp\/v2\/product_cat?post=290028"},{"taxonomy":"product_tag","embeddable":true,"href":"https:\/\/fashiongold.lt\/et\/wp-json\/wp\/v2\/product_tag?post=290028"}],"curies":[{"name":"wp","href":"https:\/\/api.w.org\/{rel}","templated":true}]}}