{"id":290068,"date":"2025-10-09T20:29:02","date_gmt":"2025-10-09T20:29:02","guid":{"rendered":"https:\/\/fashiongold.lt\/papuosalas\/intensiivne-varjund-070-ct-erikollane-cushion-lihviga-teemant\/"},"modified":"2025-10-09T20:29:02","modified_gmt":"2025-10-09T20:29:02","slug":"intensiivne-varjund-070-ct-erikollane-cushion-lihviga-teemant","status":"publish","type":"product","link":"https:\/\/fashiongold.lt\/et\/papuosalas\/intensiivne-varjund-070-ct-erikollane-cushion-lihviga-teemant\/","title":{"rendered":"Intensiivne varjund: 0,70 ct erikollane Cushion-lihviga teemant"},"content":{"rendered":"<p>Rikastage oma elu ereda s\u00e4raga &#8220;terava varjundiga&#8221; \u2013 vapustava erikollase 0,70-karaatise Cushion-lihviga teemandiga. See kivi ei lummuta mitte ainult oma intensiivse, heleda ja energiast pakatava kollase tooniga, vaid t\u00f5mbab t\u00e4helepanu ka oma erakordse ilu j\u00f5uga. Selle Cushion-kuju annab sellele elegantsi ja vapustava v\u00e4limuse. &#8220;Terav varjund&#8221; on t\u00f5eline v\u00f5luallikas, mis inspireerib oma ainulaadsuse ja julgusega. See pole mitte ainult v\u00e4ljendusrikas ja vapustav aksessuaar, vaid s\u00fcmboliseerib ka teie v\u00f5imet v\u00e4rvida maailma. See erikollane Cushion-lihviga teemant on suurep\u00e4rane valik neile, kes soovivad silma paista, v\u00e4ljendada oma isikup\u00e4ra ja t\u00f5mmata t\u00e4helepanu. &#8220;Terava varjundiga&#8221; ei kaunista te end mitte ainult elegantselt, vaid toote oma ellu ka imelisi ja v\u00e4rvikirevaid hetki. Ostke see vapustav erikollane Cushion-lihviga teemant ja laske sellel saada oma stiili ja erakordsuse s\u00fcmboliks.<\/p>\n<p><span style=\"color: #333333; font-family: Nunito; font-size: 18px; text-transform: uppercase;\"><\/span><\/p>\n<p><span style=\"color: #333333; font-family: Nunito; font-size: 18px; text-transform: uppercase;\">TEEMANDI INFO:<\/span><\/p>\n<ul style=\"box-sizing: border-box; margin-top: 0px; margin-bottom: 10px; color: #333333; font-family: Nunito; font-size: 15px;\">\n<li style=\"box-sizing: border-box;\">Kivi: Looduslik teemant<\/li>\n<li style=\"box-sizing: border-box;\">Kivi kuju:\u00a0 <span style=\"color: #1f1f1f; font-family: 'Google Sans', Roboto, sans-serif; font-size: 12px; white-space-collapse: preserve; background-color: #ffffff;\">\u00fcmardatud ruudu kujuline teemant<\/span> (ingl k Cushion)<\/li>\n<li style=\"box-sizing: border-box;\">Kivi kaal: 0,70 ct<\/li>\n<li style=\"box-sizing: border-box;\">M\u00f5\u00f5dud: 5.07 x 4.55 x 3.19<\/li>\n<li style=\"box-sizing: border-box;\">Kivi v\u00e4rvus: erikollane (ingl k Fancy yellow)<\/li>\n<li style=\"box-sizing: border-box;\">Kivi puhtus: VVS1<\/li>\n<li style=\"box-sizing: border-box;\">Sertifikaat (laboratoorium): GIA<\/li>\n<li style=\"box-sizing: border-box;\">Fluorestsents: NON<\/li>\n<li style=\"box-sizing: border-box;\">Tasuta pakend.<\/li>\n<\/ul>\n","protected":false},"excerpt":{"rendered":"<p>See 0,70 ct eriti kollast v\u00e4rvi Cushion-lihviga teemant lummab oma intensiivse, s\u00e4rava ja energiast pakatava kollase v\u00e4rvusega, mis elavdab teie iga hetke.\u00a0<\/p>\n","protected":false},"featured_media":67455,"template":"","meta":{"site-sidebar-layout":"","site-content-layout":"","ast-site-content-layout":"","site-content-style":"","site-sidebar-style":"","ast-global-header-display":"","ast-banner-title-visibility":"","ast-main-header-display":"","ast-hfb-above-header-display":"","ast-hfb-below-header-display":"","ast-hfb-mobile-header-display":"","site-post-title":"","ast-breadcrumbs-content":"","ast-featured-img":"","footer-sml-layout":"","ast-disable-related-posts":"","theme-transparent-header-meta":"","adv-header-id-meta":"","stick-header-meta":"","header-above-stick-meta":"","header-main-stick-meta":"","header-below-stick-meta":"","astra-migrate-meta-layouts":"default","ast-page-background-enabled":"default","ast-page-background-meta":{"desktop":{"background-color":"var(--ast-global-color-4)","background-image":"","background-repeat":"repeat","background-position":"center center","background-size":"auto","background-attachment":"scroll","background-type":"","background-media":"","overlay-type":"","overlay-color":"","overlay-opacity":"","overlay-gradient":""},"tablet":{"background-color":"","background-image":"","background-repeat":"repeat","background-position":"center center","background-size":"auto","background-attachment":"scroll","background-type":"","background-media":"","overlay-type":"","overlay-color":"","overlay-opacity":"","overlay-gradient":""},"mobile":{"background-color":"","background-image":"","background-repeat":"repeat","background-position":"center center","background-size":"auto","background-attachment":"scroll","background-type":"","background-media":"","overlay-type":"","overlay-color":"","overlay-opacity":"","overlay-gradient":""}},"ast-content-background-meta":{"desktop":{"background-color":"var(--ast-global-color-5)","background-image":"","background-repeat":"repeat","background-position":"center center","background-size":"auto","background-attachment":"scroll","background-type":"","background-media":"","overlay-type":"","overlay-color":"","overlay-opacity":"","overlay-gradient":""},"tablet":{"background-color":"var(--ast-global-color-5)","background-image":"","background-repeat":"repeat","background-position":"center center","background-size":"auto","background-attachment":"scroll","background-type":"","background-media":"","overlay-type":"","overlay-color":"","overlay-opacity":"","overlay-gradient":""},"mobile":{"background-color":"var(--ast-global-color-5)","background-image":"","background-repeat":"repeat","background-position":"center center","background-size":"auto","background-attachment":"scroll","background-type":"","background-media":"","overlay-type":"","overlay-color":"","overlay-opacity":"","overlay-gradient":""}}},"product_brand":[],"product_cat":[2830,2826,2829,2823,2828,2825,2822,2824,3392,2821,3391,2845,3637,4084],"product_tag":[],"class_list":{"0":"post-290068","1":"product","2":"type-product","3":"status-publish","4":"has-post-thumbnail","6":"product_cat-emadepaeva-kingitused","7":"product_cat-joulukingid","8":"product_cat-kingitused-erilisteks-puhkudeks","9":"product_cat-kingitused-lapse-sunni-puhul","10":"product_cat-kingitused-lopetamise-puhul","11":"product_cat-kingitused-meestele","12":"product_cat-kingitused-naistele","13":"product_cat-kingitused-pulma-aastapaeva-puhul","14":"product_cat-kingitused-pulmade-puhul","15":"product_cat-kingitused-sunnipaevaks","16":"product_cat-ristimiskingitused","17":"product_cat-sobrapaeva-kingitused","18":"product_cat-teemandid-ja-briljandid","19":"product_cat-varvilised-teemandid-briljandid","20":"desktop-align-center","21":"tablet-align-left","22":"mobile-align-left","23":"ast-product-gallery-layout-horizontal-slider","24":"ast-product-gallery-with-no-image","25":"ast-product-tabs-layout-accordion","26":"ast-qv-on-image","28":"first","29":"instock","30":"taxable","31":"shipping-taxable","32":"purchasable","33":"product-type-simple"},"yoast_head":"<!-- This site is optimized with the Yoast SEO plugin v26.6 - https:\/\/yoast.com\/wordpress\/plugins\/seo\/ -->\n<title>Intensiivne varjund: 0,70 ct erikollane Cushion-lihviga teemant - FashionGold.lt<\/title>\n<meta name=\"robots\" content=\"index, follow, max-snippet:-1, max-image-preview:large, max-video-preview:-1\" \/>\n<link rel=\"canonical\" href=\"https:\/\/fashiongold.lt\/et\/papuosalas\/intensiivne-varjund-070-ct-erikollane-cushion-lihviga-teemant\/\" \/>\n<meta property=\"og:locale\" content=\"et_EE\" \/>\n<meta property=\"og:type\" content=\"article\" \/>\n<meta property=\"og:title\" content=\"Intensiivne varjund: 0,70 ct erikollane Cushion-lihviga teemant - FashionGold.lt\" \/>\n<meta property=\"og:description\" content=\"See 0,70 ct eriti kollast v\u00e4rvi Cushion-lihviga teemant lummab oma intensiivse, s\u00e4rava ja energiast pakatava kollase v\u00e4rvusega, mis elavdab teie iga hetke.\u00a0\" \/>\n<meta property=\"og:url\" content=\"https:\/\/fashiongold.lt\/et\/papuosalas\/intensiivne-varjund-070-ct-erikollane-cushion-lihviga-teemant\/\" \/>\n<meta property=\"og:site_name\" content=\"FashionGold.lt\" \/>\n<meta property=\"og:image\" content=\"https:\/\/fashiongold.lt\/wp-content\/uploads\/2025\/10\/3373-42a-070-ct-ypatingai-geltonos-spalvos-Cushion-formos-deimantas.webp\" \/>\n\t<meta property=\"og:image:width\" content=\"210\" \/>\n\t<meta property=\"og:image:height\" content=\"205\" \/>\n\t<meta property=\"og:image:type\" content=\"image\/png\" \/>\n<meta name=\"twitter:card\" content=\"summary_large_image\" \/>\n<meta name=\"twitter:label1\" content=\"Est. reading time\" \/>\n\t<meta name=\"twitter:data1\" content=\"1 minut\" \/>\n<script type=\"application\/ld+json\" class=\"yoast-schema-graph\">{\"@context\":\"https:\/\/schema.org\",\"@graph\":[{\"@type\":\"WebPage\",\"@id\":\"https:\/\/fashiongold.lt\/et\/papuosalas\/intensiivne-varjund-070-ct-erikollane-cushion-lihviga-teemant\/\",\"url\":\"https:\/\/fashiongold.lt\/et\/papuosalas\/intensiivne-varjund-070-ct-erikollane-cushion-lihviga-teemant\/\",\"name\":\"Intensiivne varjund: 0,70 ct erikollane Cushion-lihviga teemant - FashionGold.lt\",\"isPartOf\":{\"@id\":\"https:\/\/fashiongold.lt\/et\/#website\"},\"primaryImageOfPage\":{\"@id\":\"https:\/\/fashiongold.lt\/et\/papuosalas\/intensiivne-varjund-070-ct-erikollane-cushion-lihviga-teemant\/#primaryimage\"},\"image\":{\"@id\":\"https:\/\/fashiongold.lt\/et\/papuosalas\/intensiivne-varjund-070-ct-erikollane-cushion-lihviga-teemant\/#primaryimage\"},\"thumbnailUrl\":\"https:\/\/fashiongold.lt\/wp-content\/uploads\/2025\/10\/3373-42a-070-ct-ypatingai-geltonos-spalvos-Cushion-formos-deimantas.png\",\"datePublished\":\"2025-10-09T20:29:02+00:00\",\"breadcrumb\":{\"@id\":\"https:\/\/fashiongold.lt\/et\/papuosalas\/intensiivne-varjund-070-ct-erikollane-cushion-lihviga-teemant\/#breadcrumb\"},\"inLanguage\":\"et\",\"potentialAction\":[{\"@type\":\"ReadAction\",\"target\":[\"https:\/\/fashiongold.lt\/et\/papuosalas\/intensiivne-varjund-070-ct-erikollane-cushion-lihviga-teemant\/\"]}]},{\"@type\":\"ImageObject\",\"inLanguage\":\"et\",\"@id\":\"https:\/\/fashiongold.lt\/et\/papuosalas\/intensiivne-varjund-070-ct-erikollane-cushion-lihviga-teemant\/#primaryimage\",\"url\":\"https:\/\/fashiongold.lt\/wp-content\/uploads\/2025\/10\/3373-42a-070-ct-ypatingai-geltonos-spalvos-Cushion-formos-deimantas.png\",\"contentUrl\":\"https:\/\/fashiongold.lt\/wp-content\/uploads\/2025\/10\/3373-42a-070-ct-ypatingai-geltonos-spalvos-Cushion-formos-deimantas.png\",\"width\":210,\"height\":205},{\"@type\":\"BreadcrumbList\",\"@id\":\"https:\/\/fashiongold.lt\/et\/papuosalas\/intensiivne-varjund-070-ct-erikollane-cushion-lihviga-teemant\/#breadcrumb\",\"itemListElement\":[{\"@type\":\"ListItem\",\"position\":1,\"name\":\"Home\",\"item\":\"https:\/\/fashiongold.lt\/et\/\"},{\"@type\":\"ListItem\",\"position\":2,\"name\":\"Teemantide pood Fashiongold.lt\",\"item\":\"https:\/\/fashiongold.lt\/shop-2\/\"},{\"@type\":\"ListItem\",\"position\":3,\"name\":\"Intensiivne varjund: 0,70 ct erikollane Cushion-lihviga teemant\"}]},{\"@type\":\"WebSite\",\"@id\":\"https:\/\/fashiongold.lt\/et\/#website\",\"url\":\"https:\/\/fashiongold.lt\/et\/\",\"name\":\"Fashion Gold\",\"description\":\"Juvelyrikos namai\",\"publisher\":{\"@id\":\"https:\/\/fashiongold.lt\/et\/#organization\"},\"potentialAction\":[{\"@type\":\"SearchAction\",\"target\":{\"@type\":\"EntryPoint\",\"urlTemplate\":\"https:\/\/fashiongold.lt\/et\/?s={search_term_string}\"},\"query-input\":{\"@type\":\"PropertyValueSpecification\",\"valueRequired\":true,\"valueName\":\"search_term_string\"}}],\"inLanguage\":\"et\"},{\"@type\":\"Organization\",\"@id\":\"https:\/\/fashiongold.lt\/et\/#organization\",\"name\":\"Topdiamonds Online\",\"url\":\"https:\/\/fashiongold.lt\/et\/\",\"logo\":{\"@type\":\"ImageObject\",\"inLanguage\":\"et\",\"@id\":\"https:\/\/fashiongold.lt\/et\/#\/schema\/logo\/image\/\",\"url\":\"https:\/\/fashiongold.lt\/wp-content\/uploads\/2025\/04\/cropped-fashion_gold_logotipas2-scaled-1.png\",\"contentUrl\":\"https:\/\/fashiongold.lt\/wp-content\/uploads\/2025\/04\/cropped-fashion_gold_logotipas2-scaled-1.png\",\"width\":2559,\"height\":421,\"caption\":\"Topdiamonds Online\"},\"image\":{\"@id\":\"https:\/\/fashiongold.lt\/et\/#\/schema\/logo\/image\/\"}}]}<\/script>\n<!-- \/ Yoast SEO plugin. -->","yoast_head_json":{"title":"Intensiivne varjund: 0,70 ct erikollane Cushion-lihviga teemant - FashionGold.lt","robots":{"index":"index","follow":"follow","max-snippet":"max-snippet:-1","max-image-preview":"max-image-preview:large","max-video-preview":"max-video-preview:-1"},"canonical":"https:\/\/fashiongold.lt\/et\/papuosalas\/intensiivne-varjund-070-ct-erikollane-cushion-lihviga-teemant\/","og_locale":"et_EE","og_type":"article","og_title":"Intensiivne varjund: 0,70 ct erikollane Cushion-lihviga teemant - FashionGold.lt","og_description":"See 0,70 ct eriti kollast v\u00e4rvi Cushion-lihviga teemant lummab oma intensiivse, s\u00e4rava ja energiast pakatava kollase v\u00e4rvusega, mis elavdab teie iga hetke.\u00a0","og_url":"https:\/\/fashiongold.lt\/et\/papuosalas\/intensiivne-varjund-070-ct-erikollane-cushion-lihviga-teemant\/","og_site_name":"FashionGold.lt","og_image":[{"width":210,"height":205,"url":"https:\/\/fashiongold.lt\/wp-content\/uploads\/2025\/10\/3373-42a-070-ct-ypatingai-geltonos-spalvos-Cushion-formos-deimantas.webp","type":"image\/png"}],"twitter_card":"summary_large_image","twitter_misc":{"Est. reading time":"1 minut"},"schema":{"@context":"https:\/\/schema.org","@graph":[{"@type":"WebPage","@id":"https:\/\/fashiongold.lt\/et\/papuosalas\/intensiivne-varjund-070-ct-erikollane-cushion-lihviga-teemant\/","url":"https:\/\/fashiongold.lt\/et\/papuosalas\/intensiivne-varjund-070-ct-erikollane-cushion-lihviga-teemant\/","name":"Intensiivne varjund: 0,70 ct erikollane Cushion-lihviga teemant - FashionGold.lt","isPartOf":{"@id":"https:\/\/fashiongold.lt\/et\/#website"},"primaryImageOfPage":{"@id":"https:\/\/fashiongold.lt\/et\/papuosalas\/intensiivne-varjund-070-ct-erikollane-cushion-lihviga-teemant\/#primaryimage"},"image":{"@id":"https:\/\/fashiongold.lt\/et\/papuosalas\/intensiivne-varjund-070-ct-erikollane-cushion-lihviga-teemant\/#primaryimage"},"thumbnailUrl":"https:\/\/fashiongold.lt\/wp-content\/uploads\/2025\/10\/3373-42a-070-ct-ypatingai-geltonos-spalvos-Cushion-formos-deimantas.png","datePublished":"2025-10-09T20:29:02+00:00","breadcrumb":{"@id":"https:\/\/fashiongold.lt\/et\/papuosalas\/intensiivne-varjund-070-ct-erikollane-cushion-lihviga-teemant\/#breadcrumb"},"inLanguage":"et","potentialAction":[{"@type":"ReadAction","target":["https:\/\/fashiongold.lt\/et\/papuosalas\/intensiivne-varjund-070-ct-erikollane-cushion-lihviga-teemant\/"]}]},{"@type":"ImageObject","inLanguage":"et","@id":"https:\/\/fashiongold.lt\/et\/papuosalas\/intensiivne-varjund-070-ct-erikollane-cushion-lihviga-teemant\/#primaryimage","url":"https:\/\/fashiongold.lt\/wp-content\/uploads\/2025\/10\/3373-42a-070-ct-ypatingai-geltonos-spalvos-Cushion-formos-deimantas.png","contentUrl":"https:\/\/fashiongold.lt\/wp-content\/uploads\/2025\/10\/3373-42a-070-ct-ypatingai-geltonos-spalvos-Cushion-formos-deimantas.png","width":210,"height":205},{"@type":"BreadcrumbList","@id":"https:\/\/fashiongold.lt\/et\/papuosalas\/intensiivne-varjund-070-ct-erikollane-cushion-lihviga-teemant\/#breadcrumb","itemListElement":[{"@type":"ListItem","position":1,"name":"Home","item":"https:\/\/fashiongold.lt\/et\/"},{"@type":"ListItem","position":2,"name":"Teemantide pood Fashiongold.lt","item":"https:\/\/fashiongold.lt\/shop-2\/"},{"@type":"ListItem","position":3,"name":"Intensiivne varjund: 0,70 ct erikollane Cushion-lihviga teemant"}]},{"@type":"WebSite","@id":"https:\/\/fashiongold.lt\/et\/#website","url":"https:\/\/fashiongold.lt\/et\/","name":"Fashion Gold","description":"Juvelyrikos namai","publisher":{"@id":"https:\/\/fashiongold.lt\/et\/#organization"},"potentialAction":[{"@type":"SearchAction","target":{"@type":"EntryPoint","urlTemplate":"https:\/\/fashiongold.lt\/et\/?s={search_term_string}"},"query-input":{"@type":"PropertyValueSpecification","valueRequired":true,"valueName":"search_term_string"}}],"inLanguage":"et"},{"@type":"Organization","@id":"https:\/\/fashiongold.lt\/et\/#organization","name":"Topdiamonds Online","url":"https:\/\/fashiongold.lt\/et\/","logo":{"@type":"ImageObject","inLanguage":"et","@id":"https:\/\/fashiongold.lt\/et\/#\/schema\/logo\/image\/","url":"https:\/\/fashiongold.lt\/wp-content\/uploads\/2025\/04\/cropped-fashion_gold_logotipas2-scaled-1.png","contentUrl":"https:\/\/fashiongold.lt\/wp-content\/uploads\/2025\/04\/cropped-fashion_gold_logotipas2-scaled-1.png","width":2559,"height":421,"caption":"Topdiamonds Online"},"image":{"@id":"https:\/\/fashiongold.lt\/et\/#\/schema\/logo\/image\/"}}]}},"_links":{"self":[{"href":"https:\/\/fashiongold.lt\/et\/wp-json\/wp\/v2\/product\/290068","targetHints":{"allow":["GET"]}}],"collection":[{"href":"https:\/\/fashiongold.lt\/et\/wp-json\/wp\/v2\/product"}],"about":[{"href":"https:\/\/fashiongold.lt\/et\/wp-json\/wp\/v2\/types\/product"}],"version-history":[{"count":0,"href":"https:\/\/fashiongold.lt\/et\/wp-json\/wp\/v2\/product\/290068\/revisions"}],"wp:featuredmedia":[{"embeddable":true,"href":"https:\/\/fashiongold.lt\/et\/wp-json\/wp\/v2\/media\/67455"}],"wp:attachment":[{"href":"https:\/\/fashiongold.lt\/et\/wp-json\/wp\/v2\/media?parent=290068"}],"wp:term":[{"taxonomy":"product_brand","embeddable":true,"href":"https:\/\/fashiongold.lt\/et\/wp-json\/wp\/v2\/product_brand?post=290068"},{"taxonomy":"product_cat","embeddable":true,"href":"https:\/\/fashiongold.lt\/et\/wp-json\/wp\/v2\/product_cat?post=290068"},{"taxonomy":"product_tag","embeddable":true,"href":"https:\/\/fashiongold.lt\/et\/wp-json\/wp\/v2\/product_tag?post=290068"}],"curies":[{"name":"wp","href":"https:\/\/api.w.org\/{rel}","templated":true}]}}